{"id":34408,"date":"2021-02-05T22:41:41","date_gmt":"2021-02-06T17:52:33","guid":{"rendered":"https:\/\/damme.lv\/product\/12mm-saules-naturals-akmens-no-visam-bedam\/"},"modified":"2021-02-06T19:52:36","modified_gmt":"2021-02-06T17:52:36","slug":"12mm-saules-naturals-akmens-no-visam-bedam","status":"publish","type":"product","link":"https:\/\/cosmetic.lv\/lv\/product\/12mm-saules-naturals-akmens-no-visam-bedam\/","title":{"rendered":"12mm Saules  natur\u0101ls akmens &#8211; no vis\u0101m b\u0113d\u0101m"},"content":{"rendered":"<p>Saulesakmens (heliol\u012bts) \u2013 aizsarg\u0101jo\u0161s akmens. Pamodina kosmisko apzi\u0146u un pal\u012bdz gaismas \u0137erme\u0146a att\u012bst\u012bbai. Novietots pie baltas sveces, saulesakmens izplata aizsarg\u0101jo\u0161as ener\u0123ijas pa visu m\u0101ju. Saulesakmens dod papildus ener\u0123iju, kad esat slims, vai stres\u0101, palielina seksu\u0101lo ener\u0123iju un pa\u0161dziedin\u0101\u0161an\u0101s sp\u0113ku, veicina harmoniju starp org\u0101nu funkcij\u0101m, stimul\u0113 person\u012bgo sp\u0113ku un pievilc\u012bbu. Saulesakmens pal\u012bdz pastiprin\u0101t ener\u0123ijas pl\u016bsmu saules pinuma un sakr\u0101laj\u0101 \u010dakr\u0101. Palielina dz\u012bves sp\u0113ku (vitalit\u0101ti), klied\u0113 depresiju un uztraukumu, atbr\u012bvo pr\u0101tu no negat\u012bv\u0101m dom\u0101m. Pal\u012bdz sadarboties pr\u0101tam un emocij\u0101m. Negat\u012bv\u0101s ener\u0123ijas p\u0101rv\u0113r\u0161 pozit\u012bvaj\u0101s.<\/p>\n<p>Mazina stresu un bailes, pal\u012bdz pie s\u0101po\u0161a kakla un saspringta v\u0113dera. Atvieglo s\u0101pes un reimatismu.<\/p>\n<p>Saulesakmens sp\u0113cin\u0101s J\u016bsu p\u0101rliec\u012bbu saviem sp\u0113kiem. Sunstone ir vad\u012b\u0161anas (vad\u012bbas) akmens. Izklied\u0113 bailes un stresu, palielina vitalit\u0101ti, veicina patst\u0101v\u012bgumu un ori\u0123inalit\u0101ti. Tas pal\u012bdz saskat\u012bt skaidr\u0101k, kad j\u0101pie\u0146em l\u0113mumi un att\u012bsta sp\u0113ju r\u012bkoties saska\u0146\u0101 ar augst\u0101ko gribu un b\u016bt p\u0101rliecin\u0101tam par l\u0113mumu, kas ietekm\u0113 citus pozit\u012bvaj\u0101 noz\u012bm\u0113. Sunstone stiprina t\u0101 \u012bpa\u0161nieka pa\u0161discipl\u012bnu, pazem\u012bbu un tiek\u0161anos uz lab\u0101ku darbu rezult\u0101tu.<\/p>\n<p>Saulesakmens ir sp\u0113c\u012bgs jebk\u0101da veida bai\u013cu, stresa, fobiju klied\u0113t\u0101js. Tas ir l\u012bderu akmens \u2013 n\u0113s\u0101t\u0101jam rada v\u0113lmi\/pal\u012bdz b\u016bt vad\u012bb\u0101. Pievelk veiksmi un naudu, sarg\u0101 no negat\u012bv\u0101m ener\u0123ij\u0101m. Dod sp\u0113ku un ener\u0123iju. Saulesakmens pal\u012bdz saglab\u0101t vesel\u012bbu un seksualit\u0101ti.<\/p>\n<p>Saulesakmens pieder pie pla\u0161as miner\u0101lu grupas, ko sauc par lauk\u0161patu. Tam ir sare\u017e\u0123\u012bta \u0137\u012bmiska uzb\u016bve, jo tas ir n\u0101trija kalcija alum\u012bnija silik\u0101ts. mineralogi \u0161o akmeni paz\u012bst ar\u012b k\u0101 oligoklazu. Divi oligoklaza veidi ir saulesakmens un m\u0113nesakmens, un tiem abiem piem\u012bt gaismu atstarojo\u0161a \u012bpa\u0161\u012bba. Saules akmen\u012b to rada hemat\u012bta (dzelzs oks\u012bda) da\u013ci\u0146as, kas miner\u0101lam pie\u0161\u0137ir zeltaini oran\u017eu mirdzumu. Pal\u012bdz klied\u0113t depresiju un uztraukumu, atbr\u012bvo pr\u0101tu no negat\u012bv\u0101m dom\u0101m un dod vietu pozit\u012bvu l\u0113mumu pie\u0146em\u0161anai. Rada pla\u0161uma izj\u016btu. L\u012bdzsvaro oran\u017eo krusta kaula \u010dakru un dzelteno saules pinuma \u010dakru, pal\u012bdz sadarboties pr\u0101tam un emocij\u0101m. Atvieglo s\u0101pes un reimatismu<\/p>\n","protected":false},"excerpt":{"rendered":"<p>Saulesakmens (heliol\u012bts) \u2013 aizsarg\u0101jo\u0161s akmens. Pamodina kosmisko apzi\u0146u un pal\u012bdz gaismas \u0137erme\u0146a att\u012bst\u012bbai. Novietots pie baltas sveces, saulesakmens izplata aizsarg\u0101jo\u0161as<\/p>\n","protected":false},"featured_media":14263,"template":"","meta":[],"product_brand":[],"product_cat":[2293,2294],"product_tag":[],"class_list":{"0":"post-34408","1":"product","2":"type-product","3":"status-publish","4":"has-post-thumbnail","6":"product_cat-dabiskie-akmeni-rokasspradzess-auskari-gredzeni-lv","7":"product_cat-rokasspradzes-lv-lv-2","9":"first","10":"instock","11":"sale","12":"taxable","13":"shipping-taxable","14":"purchasable","15":"product-type-simple"},"yoast_head":"<!-- This site is optimized with the Yoast SEO Premium plugin v27.0 (Yoast SEO v27.0) - https:\/\/yoast.com\/product\/yoast-seo-premium-wordpress\/ -->\n<title>12mm Saules natur\u0101ls akmens - no vis\u0101m b\u0113d\u0101m - cosmetic.lv<\/title>\n<meta name=\"robots\" content=\"index, follow, max-snippet:-1, max-image-preview:large, max-video-preview:-1\" \/>\n<link rel=\"canonical\" href=\"https:\/\/cosmetic.lv\/lv\/product\/12mm-saules-naturals-akmens-no-visam-bedam\/\" \/>\n<meta property=\"og:locale\" content=\"lv_LV\" \/>\n<meta property=\"og:type\" content=\"article\" \/>\n<meta property=\"og:title\" content=\"12mm Saules natur\u0101ls akmens - no vis\u0101m b\u0113d\u0101m\" \/>\n<meta property=\"og:description\" content=\"Saulesakmens (heliol\u012bts) \u2013 aizsarg\u0101jo\u0161s akmens. Pamodina kosmisko apzi\u0146u un pal\u012bdz gaismas \u0137erme\u0146a att\u012bst\u012bbai. Novietots pie baltas sveces, saulesakmens izplata aizsarg\u0101jo\u0161as\" \/>\n<meta property=\"og:url\" content=\"https:\/\/cosmetic.lv\/lv\/product\/12mm-saules-naturals-akmens-no-visam-bedam\/\" \/>\n<meta property=\"og:site_name\" content=\"cosmetic.lv\" \/>\n<meta property=\"article:publisher\" content=\"https:\/\/www.facebook.com\/cosmetic.lv\/\" \/>\n<meta property=\"article:modified_time\" content=\"2021-02-06T17:52:36+00:00\" \/>\n<meta property=\"og:image\" content=\"https:\/\/cosmetic.lv\/wp-content\/uploads\/2021\/02\/sunstonedw-3.jpg\" \/>\n\t<meta property=\"og:image:width\" content=\"800\" \/>\n\t<meta property=\"og:image:height\" content=\"800\" \/>\n\t<meta property=\"og:image:type\" content=\"image\/jpeg\" \/>\n<meta name=\"twitter:card\" content=\"summary_large_image\" \/>\n<script type=\"application\/ld+json\" class=\"yoast-schema-graph\">{\"@context\":\"https:\/\/schema.org\",\"@graph\":[{\"@type\":\"WebPage\",\"@id\":\"https:\/\/cosmetic.lv\/lv\/product\/12mm-saules-naturals-akmens-no-visam-bedam\/\",\"url\":\"https:\/\/cosmetic.lv\/lv\/product\/12mm-saules-naturals-akmens-no-visam-bedam\/\",\"name\":\"12mm Saules natur\u0101ls akmens - no vis\u0101m b\u0113d\u0101m - cosmetic.lv\",\"isPartOf\":{\"@id\":\"https:\/\/cosmetic.lv\/lv\/#website\"},\"primaryImageOfPage\":{\"@id\":\"https:\/\/cosmetic.lv\/lv\/product\/12mm-saules-naturals-akmens-no-visam-bedam\/#primaryimage\"},\"image\":{\"@id\":\"https:\/\/cosmetic.lv\/lv\/product\/12mm-saules-naturals-akmens-no-visam-bedam\/#primaryimage\"},\"thumbnailUrl\":\"https:\/\/cosmetic.lv\/wp-content\/uploads\/2021\/02\/sunstonedw-3.jpg\",\"datePublished\":\"2021-02-06T17:52:33+00:00\",\"dateModified\":\"2021-02-06T17:52:36+00:00\",\"breadcrumb\":{\"@id\":\"https:\/\/cosmetic.lv\/lv\/product\/12mm-saules-naturals-akmens-no-visam-bedam\/#breadcrumb\"},\"inLanguage\":\"lv-LV\",\"potentialAction\":[{\"@type\":\"ReadAction\",\"target\":[\"https:\/\/cosmetic.lv\/lv\/product\/12mm-saules-naturals-akmens-no-visam-bedam\/\"]}]},{\"@type\":\"ImageObject\",\"inLanguage\":\"lv-LV\",\"@id\":\"https:\/\/cosmetic.lv\/lv\/product\/12mm-saules-naturals-akmens-no-visam-bedam\/#primaryimage\",\"url\":\"https:\/\/cosmetic.lv\/wp-content\/uploads\/2021\/02\/sunstonedw-3.jpg\",\"contentUrl\":\"https:\/\/cosmetic.lv\/wp-content\/uploads\/2021\/02\/sunstonedw-3.jpg\",\"width\":800,\"height\":800,\"caption\":\"sunstonedw.jpg\"},{\"@type\":\"BreadcrumbList\",\"@id\":\"https:\/\/cosmetic.lv\/lv\/product\/12mm-saules-naturals-akmens-no-visam-bedam\/#breadcrumb\",\"itemListElement\":[{\"@type\":\"ListItem\",\"position\":1,\"name\":\"Home\",\"item\":\"https:\/\/cosmetic.lv\/lv\/\"},{\"@type\":\"ListItem\",\"position\":2,\"name\":\"Veikals\",\"item\":\"https:\/\/cosmetic.lv\/lv\/veiklas\/\"},{\"@type\":\"ListItem\",\"position\":3,\"name\":\"12mm Saules natur\u0101ls akmens &#8211; no vis\u0101m b\u0113d\u0101m\"}]},{\"@type\":\"WebSite\",\"@id\":\"https:\/\/cosmetic.lv\/lv\/#website\",\"url\":\"https:\/\/cosmetic.lv\/lv\/\",\"name\":\"cosmetic.lv\",\"description\":\"Profesion\u0101la kosm\u0113tika - Maria Galland, Keune, Arkadija, GMT, Guam, Magiray\",\"publisher\":{\"@id\":\"https:\/\/cosmetic.lv\/lv\/#organization\"},\"potentialAction\":[{\"@type\":\"SearchAction\",\"target\":{\"@type\":\"EntryPoint\",\"urlTemplate\":\"https:\/\/cosmetic.lv\/lv\/?s={search_term_string}\"},\"query-input\":{\"@type\":\"PropertyValueSpecification\",\"valueRequired\":true,\"valueName\":\"search_term_string\"}}],\"inLanguage\":\"lv-LV\"},{\"@type\":\"Organization\",\"@id\":\"https:\/\/cosmetic.lv\/lv\/#organization\",\"name\":\"COSMETIC.LV\",\"url\":\"https:\/\/cosmetic.lv\/lv\/\",\"logo\":{\"@type\":\"ImageObject\",\"inLanguage\":\"lv-LV\",\"@id\":\"https:\/\/cosmetic.lv\/lv\/#\/schema\/logo\/image\/\",\"url\":\"https:\/\/cosmetic.lv\/wp-content\/uploads\/2021\/02\/cosmetic.lv_logo.jpg\",\"contentUrl\":\"https:\/\/cosmetic.lv\/wp-content\/uploads\/2021\/02\/cosmetic.lv_logo.jpg\",\"width\":596,\"height\":196,\"caption\":\"COSMETIC.LV\"},\"image\":{\"@id\":\"https:\/\/cosmetic.lv\/lv\/#\/schema\/logo\/image\/\"},\"sameAs\":[\"https:\/\/www.facebook.com\/cosmetic.lv\/\"]}]}<\/script>\n<meta property=\"product:price:amount\" content=\"16.50\" \/>\n<meta property=\"product:price:currency\" content=\"EUR\" \/>\n<meta property=\"og:availability\" content=\"instock\" \/>\n<meta property=\"product:availability\" content=\"instock\" \/>\n<meta property=\"product:retailer_item_id\" content=\"sunston\" \/>\n<meta property=\"product:condition\" content=\"new\" \/>\n<!-- \/ Yoast SEO Premium plugin. -->","yoast_head_json":{"title":"12mm Saules natur\u0101ls akmens - no vis\u0101m b\u0113d\u0101m - cosmetic.lv","robots":{"index":"index","follow":"follow","max-snippet":"max-snippet:-1","max-image-preview":"max-image-preview:large","max-video-preview":"max-video-preview:-1"},"canonical":"https:\/\/cosmetic.lv\/lv\/product\/12mm-saules-naturals-akmens-no-visam-bedam\/","og_locale":"lv_LV","og_type":"article","og_title":"12mm Saules natur\u0101ls akmens - no vis\u0101m b\u0113d\u0101m","og_description":"Saulesakmens (heliol\u012bts) \u2013 aizsarg\u0101jo\u0161s akmens. Pamodina kosmisko apzi\u0146u un pal\u012bdz gaismas \u0137erme\u0146a att\u012bst\u012bbai. Novietots pie baltas sveces, saulesakmens izplata aizsarg\u0101jo\u0161as","og_url":"https:\/\/cosmetic.lv\/lv\/product\/12mm-saules-naturals-akmens-no-visam-bedam\/","og_site_name":"cosmetic.lv","article_publisher":"https:\/\/www.facebook.com\/cosmetic.lv\/","article_modified_time":"2021-02-06T17:52:36+00:00","og_image":[{"width":800,"height":800,"url":"https:\/\/cosmetic.lv\/wp-content\/uploads\/2021\/02\/sunstonedw-3.jpg","type":"image\/jpeg"}],"twitter_card":"summary_large_image","schema":{"@context":"https:\/\/schema.org","@graph":[{"@type":"WebPage","@id":"https:\/\/cosmetic.lv\/lv\/product\/12mm-saules-naturals-akmens-no-visam-bedam\/","url":"https:\/\/cosmetic.lv\/lv\/product\/12mm-saules-naturals-akmens-no-visam-bedam\/","name":"12mm Saules natur\u0101ls akmens - no vis\u0101m b\u0113d\u0101m - cosmetic.lv","isPartOf":{"@id":"https:\/\/cosmetic.lv\/lv\/#website"},"primaryImageOfPage":{"@id":"https:\/\/cosmetic.lv\/lv\/product\/12mm-saules-naturals-akmens-no-visam-bedam\/#primaryimage"},"image":{"@id":"https:\/\/cosmetic.lv\/lv\/product\/12mm-saules-naturals-akmens-no-visam-bedam\/#primaryimage"},"thumbnailUrl":"https:\/\/cosmetic.lv\/wp-content\/uploads\/2021\/02\/sunstonedw-3.jpg","datePublished":"2021-02-06T17:52:33+00:00","dateModified":"2021-02-06T17:52:36+00:00","breadcrumb":{"@id":"https:\/\/cosmetic.lv\/lv\/product\/12mm-saules-naturals-akmens-no-visam-bedam\/#breadcrumb"},"inLanguage":"lv-LV","potentialAction":[{"@type":"ReadAction","target":["https:\/\/cosmetic.lv\/lv\/product\/12mm-saules-naturals-akmens-no-visam-bedam\/"]}]},{"@type":"ImageObject","inLanguage":"lv-LV","@id":"https:\/\/cosmetic.lv\/lv\/product\/12mm-saules-naturals-akmens-no-visam-bedam\/#primaryimage","url":"https:\/\/cosmetic.lv\/wp-content\/uploads\/2021\/02\/sunstonedw-3.jpg","contentUrl":"https:\/\/cosmetic.lv\/wp-content\/uploads\/2021\/02\/sunstonedw-3.jpg","width":800,"height":800,"caption":"sunstonedw.jpg"},{"@type":"BreadcrumbList","@id":"https:\/\/cosmetic.lv\/lv\/product\/12mm-saules-naturals-akmens-no-visam-bedam\/#breadcrumb","itemListElement":[{"@type":"ListItem","position":1,"name":"Home","item":"https:\/\/cosmetic.lv\/lv\/"},{"@type":"ListItem","position":2,"name":"Veikals","item":"https:\/\/cosmetic.lv\/lv\/veiklas\/"},{"@type":"ListItem","position":3,"name":"12mm Saules natur\u0101ls akmens &#8211; no vis\u0101m b\u0113d\u0101m"}]},{"@type":"WebSite","@id":"https:\/\/cosmetic.lv\/lv\/#website","url":"https:\/\/cosmetic.lv\/lv\/","name":"cosmetic.lv","description":"Profesion\u0101la kosm\u0113tika - Maria Galland, Keune, Arkadija, GMT, Guam, Magiray","publisher":{"@id":"https:\/\/cosmetic.lv\/lv\/#organization"},"potentialAction":[{"@type":"SearchAction","target":{"@type":"EntryPoint","urlTemplate":"https:\/\/cosmetic.lv\/lv\/?s={search_term_string}"},"query-input":{"@type":"PropertyValueSpecification","valueRequired":true,"valueName":"search_term_string"}}],"inLanguage":"lv-LV"},{"@type":"Organization","@id":"https:\/\/cosmetic.lv\/lv\/#organization","name":"COSMETIC.LV","url":"https:\/\/cosmetic.lv\/lv\/","logo":{"@type":"ImageObject","inLanguage":"lv-LV","@id":"https:\/\/cosmetic.lv\/lv\/#\/schema\/logo\/image\/","url":"https:\/\/cosmetic.lv\/wp-content\/uploads\/2021\/02\/cosmetic.lv_logo.jpg","contentUrl":"https:\/\/cosmetic.lv\/wp-content\/uploads\/2021\/02\/cosmetic.lv_logo.jpg","width":596,"height":196,"caption":"COSMETIC.LV"},"image":{"@id":"https:\/\/cosmetic.lv\/lv\/#\/schema\/logo\/image\/"},"sameAs":["https:\/\/www.facebook.com\/cosmetic.lv\/"]}]},"product_price_amount":"16.50","product_price_currency":"EUR","og_availability":"instock","product_availability":"instock","product_retailer_item_id":"sunston","product_condition":"new"},"_links":{"self":[{"href":"https:\/\/cosmetic.lv\/lv\/wp-json\/wp\/v2\/product\/34408","targetHints":{"allow":["GET"]}}],"collection":[{"href":"https:\/\/cosmetic.lv\/lv\/wp-json\/wp\/v2\/product"}],"about":[{"href":"https:\/\/cosmetic.lv\/lv\/wp-json\/wp\/v2\/types\/product"}],"wp:featuredmedia":[{"embeddable":true,"href":"https:\/\/cosmetic.lv\/lv\/wp-json\/wp\/v2\/media\/14263"}],"wp:attachment":[{"href":"https:\/\/cosmetic.lv\/lv\/wp-json\/wp\/v2\/media?parent=34408"}],"wp:term":[{"taxonomy":"product_brand","embeddable":true,"href":"https:\/\/cosmetic.lv\/lv\/wp-json\/wp\/v2\/product_brand?post=34408"},{"taxonomy":"product_cat","embeddable":true,"href":"https:\/\/cosmetic.lv\/lv\/wp-json\/wp\/v2\/product_cat?post=34408"},{"taxonomy":"product_tag","embeddable":true,"href":"https:\/\/cosmetic.lv\/lv\/wp-json\/wp\/v2\/product_tag?post=34408"}],"curies":[{"name":"wp","href":"https:\/\/api.w.org\/{rel}","templated":true}]}}