{"id":34415,"date":"2021-02-05T22:41:41","date_gmt":"2021-02-06T17:52:40","guid":{"rendered":"https:\/\/damme.lv\/product\/12mm-amazonits-naturals-akmens-rokaspadze-milestibas-gimenes-akmens\/"},"modified":"2021-02-06T19:52:41","modified_gmt":"2021-02-06T17:52:41","slug":"12mm-amazonits-naturals-akmens-rokaspadze-milestibas-gimenes-akmens","status":"publish","type":"product","link":"https:\/\/cosmetic.lv\/lv\/product\/12mm-amazonits-naturals-akmens-rokaspadze-milestibas-gimenes-akmens\/","title":{"rendered":"12mm Amazon\u012bts natur\u0101ls akmens rokasp\u0101dze &#8211; m\u012blest\u012bbas, \u0123imenes akmens"},"content":{"rendered":"<p>Amazon\u012bts \u2013 iedvesmo paties\u012bbu, uztic\u012bbu, godu, gai\u0161redz\u012bbu, skaidr\u012bbu. Balans\u0113 v\u012bri\u0161\u0137\u0101s un sievi\u0161\u0137\u0101s ener\u0123ijas. M\u012bkstina emocion\u0101l\u0101s traumas, uztraukumu, bailes, trauksmes saj\u016btu. Uzlabo garast\u0101vokli. No\u0146em negat\u012bvo ener\u0123iju (tai skait\u0101 elektromagn\u0113tisko) un blok\u0101des nervu sist\u0113m\u0101. Palielina gai\u0161redz\u012bbas un telep\u0101tijas sp\u0113jas. Pal\u012bdz atrast sp\u0113ku, kad visas rezerves jau izsmeltas.<\/p>\n<p>Nomierina nervu sist\u0113mu, mazina sp\u0113ku izs\u012bkumu. No\u0146em musku\u013cu spazmas, galvas s\u0101pes, trauksmes saj\u016btas (pal\u012bdz ve\u0123etat\u012bv\u0101s distonijas gad\u012bjum\u0101), pal\u012bdz pret artr\u012btu, osteoporozi un kalcija defic\u012btu. Stiprina v\u012brie\u0161u potenci, sirdi, uzlabo \u0101das st\u0101vokli. Dzied\u0113 s\u0101po\u0161u kaklu un klepu. Pal\u012bdz dziedin\u0101t aknu funkciju trauc\u0113jumus.<\/p>\n<p>Lai uzlabotu savas runas un komunik\u0101cijas prasmes, amazon\u012btu var kombin\u0113t ar t\u012b\u0123eraci, hrizokolu, tirk\u012bzu, akvamar\u012bnu, zilo me\u017e\u0123\u012b\u0146u ah\u0101tu. Lai lab\u0101k saprastu paties\u012bbas \u012bsto j\u0113gu, iesaka kombin\u0113t ar moldav\u012btu un fenac\u012btu. Var kombin\u0113t ar\u012b ar sodal\u012btu, balto top\u0101zu, lazur\u012btu vai saulesakmeni. <\/p>\n<p>Amazon\u012bts &#8211; stabiliz\u0113 un l\u012bdzsvaro ener\u0123iju, pal\u012bdz atrast sp\u0113kus, kad visas rezerves jau izsmeltas. Uzlabot \u0101das st\u0101vokli un \u0101rst\u0113 nervu sist\u0113mu. Pal\u012bdz stiprin\u0101t attiec\u012bbas \u0123imen\u0113. Daudz\u0101m taut\u0101m amazon\u012bts ir vesel\u012bbas, sp\u0113ka un dro\u0161sird\u012bbas akmens. Tas vairo akmens n\u0113s\u0101t\u0101jiem laipn\u012bbu un praktiskumu. \u012apa\u0161i piem\u0113rots v\u012brie\u0161iem un m\u0101ksliniekiem.<\/p>\n<p>Vair\u0101k\u0101s taut\u0101s amazon\u012bts tiek uzskat\u012bts par vesel\u012bbas \u0137\u012blu, tas atjauno dz\u012bv\u012bbas sp\u0113ku, dod dro\u0161\u012bbu, saglab\u0101 uztic\u012bbu. Ir uzskats, ka \u0161is akmens atgrie\u017e jaun\u012bbu veciem cilv\u0113kiem, uzlabo ce\u013cu, zobu, matu st\u0101vokli. Vi\u0146\u0161 aizsarg\u0101 no saules d\u016briena un no galvas s\u0101p\u0113m. Mongo\u013ci l\u012bdz m\u016bsdien\u0101m izmanto amazon\u012btu \u0123imenes stiprin\u0101\u0161anai un stipru draudz\u012bgu sakaru veido\u0161anai.<\/p>\n<p>Amazon\u012btu liek zem alt\u0101ra sevi\u0161\u0137u \u012bpa\u0161umu sa\u0146em\u0161anai. K\u0101 talismans Amazon\u012bts ide\u0101li der m\u0101jsaimniec\u0113m. Tas ne tikai stiprina \u0123imenes saites, bet pal\u012bdz sievietei m\u0101jsaimniec\u012bbas liet\u0101s.<\/p>\n<p>Izv\u0113las k\u0101 amuletu. Nostiprina \u0123imeni, pal\u012bdz jaunlaul\u0101tiem izveidot stipras attiec\u012bbas \u0123imen\u0113. Akmens sp\u0113j atgriezt jaun\u012bbu, uzlabot \u0101das st\u0101vokli un \u0101rst\u0113 nervu sist\u0113mu. Amazon\u012bts pal\u012bdz atrast sp\u0113kus tad, kad visas rezerves jau izsmeltas. Daudz\u0101m taut\u0101m amazon\u012bts ir vesel\u012bbas, sp\u0113ka un dro\u0161sird\u012bbas akmens. Visvair\u0101k piem\u0113rots Dv\u012b\u0146iem, Svariem un \u016adensv\u012bram.<\/p>\n<p>M\u0101j\u0101s ienes prieku, vairo drosmi, nodro\u0161ina labu garast\u0101vokli, garant\u0113 uztic\u012bbu, pal\u012bdz atbr\u012bvoties no trauksmes un nedro\u0161\u012bbas, piesaista materi\u0101lo labkl\u0101j\u012bbu, stiprina harmoniju \u0123imenes attiec\u012bb\u0101s, pagarina \u012bpa\u0161nieka jaun\u012bbu.Simboliz\u0113 taisn\u012bgumu, sapr\u0101tu, dro\u0161sird\u012bbu, labsird\u012bgumu, nodomu c\u0113lumu. Simboliz\u0113 skaistumu un neatkar\u012bbu, drosmi. Pasarg\u0101 no saules d\u016briena, nomierina nervu sist\u0113mu, no\u0146em satraukumu, normaliz\u0113 sirds un asinsvadu darb\u012bbu, nov\u0113r\u0161 aritmiju, normaliz\u0113 asinsspiedienu, no\u0146em galvass\u0101pes, iedvesmo b\u016bt atbild\u012bgam par savu dz\u012bvi, sniedz mieru un harmoniju, uzlabo garast\u0101vokli. Stiprina sirds muskuli. \u0100rst\u0113 nervu slim\u012bbas, kas saist\u012btas ar p\u0101rslodzi, stimul\u0113 optimismu, no\u0146em trauksmes saj\u016btu un nedro\u0161\u012bbu, uzlabo dzirdi, labi lietot kop\u0101 ar nefr\u012btu. Izklied\u0113 negat\u012bvo ener\u0123iju. Padara sievietes sievi\u0161\u0137\u012bg\u0101kas. Pal\u012bdz saskarsm\u0113 ar m\u012b\u013coto cilv\u0113ku. Veicina atkl\u0101t\u012bbu, uztic\u012bbu un god\u012bgumu. Pal\u012bdz stiprin\u0101t \u0123imenes saites un labkl\u0101j\u012bbu. Var valk\u0101t past\u0101v\u012bgi.<\/p>\n","protected":false},"excerpt":{"rendered":"<p>Amazon\u012bts \u2013 iedvesmo paties\u012bbu, uztic\u012bbu, godu, gai\u0161redz\u012bbu, skaidr\u012bbu. Balans\u0113 v\u012bri\u0161\u0137\u0101s un sievi\u0161\u0137\u0101s ener\u0123ijas. M\u012bkstina emocion\u0101l\u0101s traumas, uztraukumu, bailes, trauksmes saj\u016btu.<\/p>\n","protected":false},"featured_media":36339,"template":"","meta":[],"product_brand":[],"product_cat":[2293,2294],"product_tag":[],"class_list":{"0":"post-34415","1":"product","2":"type-product","3":"status-publish","4":"has-post-thumbnail","6":"product_cat-dabiskie-akmeni-rokasspradzess-auskari-gredzeni-lv","7":"product_cat-rokasspradzes-lv-lv-2","9":"first","10":"instock","11":"taxable","12":"shipping-taxable","13":"purchasable","14":"product-type-simple"},"yoast_head":"<!-- This site is optimized with the Yoast SEO Premium plugin v27.0 (Yoast SEO v27.0) - https:\/\/yoast.com\/product\/yoast-seo-premium-wordpress\/ -->\n<title>12mm Amazon\u012bts natur\u0101ls akmens rokasp\u0101dze - m\u012blest\u012bbas, \u0123imenes akmens - cosmetic.lv<\/title>\n<meta name=\"robots\" content=\"index, follow, max-snippet:-1, max-image-preview:large, max-video-preview:-1\" \/>\n<link rel=\"canonical\" href=\"https:\/\/cosmetic.lv\/lv\/product\/12mm-amazonits-naturals-akmens-rokaspadze-milestibas-gimenes-akmens\/\" \/>\n<meta property=\"og:locale\" content=\"lv_LV\" \/>\n<meta property=\"og:type\" content=\"article\" \/>\n<meta property=\"og:title\" content=\"12mm Amazon\u012bts natur\u0101ls akmens rokasp\u0101dze - m\u012blest\u012bbas, \u0123imenes akmens\" \/>\n<meta property=\"og:description\" content=\"Amazon\u012bts \u2013 iedvesmo paties\u012bbu, uztic\u012bbu, godu, gai\u0161redz\u012bbu, skaidr\u012bbu. Balans\u0113 v\u012bri\u0161\u0137\u0101s un sievi\u0161\u0137\u0101s ener\u0123ijas. M\u012bkstina emocion\u0101l\u0101s traumas, uztraukumu, bailes, trauksmes saj\u016btu.\" \/>\n<meta property=\"og:url\" content=\"https:\/\/cosmetic.lv\/lv\/product\/12mm-amazonits-naturals-akmens-rokaspadze-milestibas-gimenes-akmens\/\" \/>\n<meta property=\"og:site_name\" content=\"cosmetic.lv\" \/>\n<meta property=\"article:publisher\" content=\"https:\/\/www.facebook.com\/cosmetic.lv\/\" \/>\n<meta property=\"article:modified_time\" content=\"2021-02-06T17:52:41+00:00\" \/>\n<meta property=\"og:image\" content=\"https:\/\/cosmetic.lv\/wp-content\/uploads\/2021\/02\/20210226_1609231.jpg\" \/>\n\t<meta property=\"og:image:width\" content=\"800\" \/>\n\t<meta property=\"og:image:height\" content=\"463\" \/>\n\t<meta property=\"og:image:type\" content=\"image\/jpeg\" \/>\n<meta name=\"twitter:card\" content=\"summary_large_image\" \/>\n<script type=\"application\/ld+json\" class=\"yoast-schema-graph\">{\"@context\":\"https:\/\/schema.org\",\"@graph\":[{\"@type\":\"WebPage\",\"@id\":\"https:\/\/cosmetic.lv\/lv\/product\/12mm-amazonits-naturals-akmens-rokaspadze-milestibas-gimenes-akmens\/\",\"url\":\"https:\/\/cosmetic.lv\/lv\/product\/12mm-amazonits-naturals-akmens-rokaspadze-milestibas-gimenes-akmens\/\",\"name\":\"12mm Amazon\u012bts natur\u0101ls akmens rokasp\u0101dze - m\u012blest\u012bbas, \u0123imenes akmens - cosmetic.lv\",\"isPartOf\":{\"@id\":\"https:\/\/cosmetic.lv\/lv\/#website\"},\"primaryImageOfPage\":{\"@id\":\"https:\/\/cosmetic.lv\/lv\/product\/12mm-amazonits-naturals-akmens-rokaspadze-milestibas-gimenes-akmens\/#primaryimage\"},\"image\":{\"@id\":\"https:\/\/cosmetic.lv\/lv\/product\/12mm-amazonits-naturals-akmens-rokaspadze-milestibas-gimenes-akmens\/#primaryimage\"},\"thumbnailUrl\":\"https:\/\/cosmetic.lv\/wp-content\/uploads\/2021\/02\/20210226_1609231.jpg\",\"datePublished\":\"2021-02-06T17:52:40+00:00\",\"dateModified\":\"2021-02-06T17:52:41+00:00\",\"breadcrumb\":{\"@id\":\"https:\/\/cosmetic.lv\/lv\/product\/12mm-amazonits-naturals-akmens-rokaspadze-milestibas-gimenes-akmens\/#breadcrumb\"},\"inLanguage\":\"lv-LV\",\"potentialAction\":[{\"@type\":\"ReadAction\",\"target\":[\"https:\/\/cosmetic.lv\/lv\/product\/12mm-amazonits-naturals-akmens-rokaspadze-milestibas-gimenes-akmens\/\"]}]},{\"@type\":\"ImageObject\",\"inLanguage\":\"lv-LV\",\"@id\":\"https:\/\/cosmetic.lv\/lv\/product\/12mm-amazonits-naturals-akmens-rokaspadze-milestibas-gimenes-akmens\/#primaryimage\",\"url\":\"https:\/\/cosmetic.lv\/wp-content\/uploads\/2021\/02\/20210226_1609231.jpg\",\"contentUrl\":\"https:\/\/cosmetic.lv\/wp-content\/uploads\/2021\/02\/20210226_1609231.jpg\",\"width\":800,\"height\":463},{\"@type\":\"BreadcrumbList\",\"@id\":\"https:\/\/cosmetic.lv\/lv\/product\/12mm-amazonits-naturals-akmens-rokaspadze-milestibas-gimenes-akmens\/#breadcrumb\",\"itemListElement\":[{\"@type\":\"ListItem\",\"position\":1,\"name\":\"Home\",\"item\":\"https:\/\/cosmetic.lv\/lv\/\"},{\"@type\":\"ListItem\",\"position\":2,\"name\":\"Veikals\",\"item\":\"https:\/\/cosmetic.lv\/lv\/veiklas\/\"},{\"@type\":\"ListItem\",\"position\":3,\"name\":\"12mm Amazon\u012bts natur\u0101ls akmens rokasp\u0101dze &#8211; m\u012blest\u012bbas, \u0123imenes akmens\"}]},{\"@type\":\"WebSite\",\"@id\":\"https:\/\/cosmetic.lv\/lv\/#website\",\"url\":\"https:\/\/cosmetic.lv\/lv\/\",\"name\":\"cosmetic.lv\",\"description\":\"Profesion\u0101la kosm\u0113tika - Maria Galland, Keune, Arkadija, GMT, Guam, Magiray\",\"publisher\":{\"@id\":\"https:\/\/cosmetic.lv\/lv\/#organization\"},\"potentialAction\":[{\"@type\":\"SearchAction\",\"target\":{\"@type\":\"EntryPoint\",\"urlTemplate\":\"https:\/\/cosmetic.lv\/lv\/?s={search_term_string}\"},\"query-input\":{\"@type\":\"PropertyValueSpecification\",\"valueRequired\":true,\"valueName\":\"search_term_string\"}}],\"inLanguage\":\"lv-LV\"},{\"@type\":\"Organization\",\"@id\":\"https:\/\/cosmetic.lv\/lv\/#organization\",\"name\":\"COSMETIC.LV\",\"url\":\"https:\/\/cosmetic.lv\/lv\/\",\"logo\":{\"@type\":\"ImageObject\",\"inLanguage\":\"lv-LV\",\"@id\":\"https:\/\/cosmetic.lv\/lv\/#\/schema\/logo\/image\/\",\"url\":\"https:\/\/cosmetic.lv\/wp-content\/uploads\/2021\/02\/cosmetic.lv_logo.jpg\",\"contentUrl\":\"https:\/\/cosmetic.lv\/wp-content\/uploads\/2021\/02\/cosmetic.lv_logo.jpg\",\"width\":596,\"height\":196,\"caption\":\"COSMETIC.LV\"},\"image\":{\"@id\":\"https:\/\/cosmetic.lv\/lv\/#\/schema\/logo\/image\/\"},\"sameAs\":[\"https:\/\/www.facebook.com\/cosmetic.lv\/\"]}]}<\/script>\n<meta property=\"product:price:amount\" content=\"15.02\" \/>\n<meta property=\"product:price:currency\" content=\"EUR\" \/>\n<meta property=\"og:availability\" content=\"instock\" \/>\n<meta property=\"product:availability\" content=\"instock\" \/>\n<meta property=\"product:retailer_item_id\" content=\"amoz12\" \/>\n<meta property=\"product:condition\" content=\"new\" \/>\n<!-- \/ Yoast SEO Premium plugin. -->","yoast_head_json":{"title":"12mm Amazon\u012bts natur\u0101ls akmens rokasp\u0101dze - m\u012blest\u012bbas, \u0123imenes akmens - cosmetic.lv","robots":{"index":"index","follow":"follow","max-snippet":"max-snippet:-1","max-image-preview":"max-image-preview:large","max-video-preview":"max-video-preview:-1"},"canonical":"https:\/\/cosmetic.lv\/lv\/product\/12mm-amazonits-naturals-akmens-rokaspadze-milestibas-gimenes-akmens\/","og_locale":"lv_LV","og_type":"article","og_title":"12mm Amazon\u012bts natur\u0101ls akmens rokasp\u0101dze - m\u012blest\u012bbas, \u0123imenes akmens","og_description":"Amazon\u012bts \u2013 iedvesmo paties\u012bbu, uztic\u012bbu, godu, gai\u0161redz\u012bbu, skaidr\u012bbu. Balans\u0113 v\u012bri\u0161\u0137\u0101s un sievi\u0161\u0137\u0101s ener\u0123ijas. M\u012bkstina emocion\u0101l\u0101s traumas, uztraukumu, bailes, trauksmes saj\u016btu.","og_url":"https:\/\/cosmetic.lv\/lv\/product\/12mm-amazonits-naturals-akmens-rokaspadze-milestibas-gimenes-akmens\/","og_site_name":"cosmetic.lv","article_publisher":"https:\/\/www.facebook.com\/cosmetic.lv\/","article_modified_time":"2021-02-06T17:52:41+00:00","og_image":[{"width":800,"height":463,"url":"https:\/\/cosmetic.lv\/wp-content\/uploads\/2021\/02\/20210226_1609231.jpg","type":"image\/jpeg"}],"twitter_card":"summary_large_image","schema":{"@context":"https:\/\/schema.org","@graph":[{"@type":"WebPage","@id":"https:\/\/cosmetic.lv\/lv\/product\/12mm-amazonits-naturals-akmens-rokaspadze-milestibas-gimenes-akmens\/","url":"https:\/\/cosmetic.lv\/lv\/product\/12mm-amazonits-naturals-akmens-rokaspadze-milestibas-gimenes-akmens\/","name":"12mm Amazon\u012bts natur\u0101ls akmens rokasp\u0101dze - m\u012blest\u012bbas, \u0123imenes akmens - cosmetic.lv","isPartOf":{"@id":"https:\/\/cosmetic.lv\/lv\/#website"},"primaryImageOfPage":{"@id":"https:\/\/cosmetic.lv\/lv\/product\/12mm-amazonits-naturals-akmens-rokaspadze-milestibas-gimenes-akmens\/#primaryimage"},"image":{"@id":"https:\/\/cosmetic.lv\/lv\/product\/12mm-amazonits-naturals-akmens-rokaspadze-milestibas-gimenes-akmens\/#primaryimage"},"thumbnailUrl":"https:\/\/cosmetic.lv\/wp-content\/uploads\/2021\/02\/20210226_1609231.jpg","datePublished":"2021-02-06T17:52:40+00:00","dateModified":"2021-02-06T17:52:41+00:00","breadcrumb":{"@id":"https:\/\/cosmetic.lv\/lv\/product\/12mm-amazonits-naturals-akmens-rokaspadze-milestibas-gimenes-akmens\/#breadcrumb"},"inLanguage":"lv-LV","potentialAction":[{"@type":"ReadAction","target":["https:\/\/cosmetic.lv\/lv\/product\/12mm-amazonits-naturals-akmens-rokaspadze-milestibas-gimenes-akmens\/"]}]},{"@type":"ImageObject","inLanguage":"lv-LV","@id":"https:\/\/cosmetic.lv\/lv\/product\/12mm-amazonits-naturals-akmens-rokaspadze-milestibas-gimenes-akmens\/#primaryimage","url":"https:\/\/cosmetic.lv\/wp-content\/uploads\/2021\/02\/20210226_1609231.jpg","contentUrl":"https:\/\/cosmetic.lv\/wp-content\/uploads\/2021\/02\/20210226_1609231.jpg","width":800,"height":463},{"@type":"BreadcrumbList","@id":"https:\/\/cosmetic.lv\/lv\/product\/12mm-amazonits-naturals-akmens-rokaspadze-milestibas-gimenes-akmens\/#breadcrumb","itemListElement":[{"@type":"ListItem","position":1,"name":"Home","item":"https:\/\/cosmetic.lv\/lv\/"},{"@type":"ListItem","position":2,"name":"Veikals","item":"https:\/\/cosmetic.lv\/lv\/veiklas\/"},{"@type":"ListItem","position":3,"name":"12mm Amazon\u012bts natur\u0101ls akmens rokasp\u0101dze &#8211; m\u012blest\u012bbas, \u0123imenes akmens"}]},{"@type":"WebSite","@id":"https:\/\/cosmetic.lv\/lv\/#website","url":"https:\/\/cosmetic.lv\/lv\/","name":"cosmetic.lv","description":"Profesion\u0101la kosm\u0113tika - Maria Galland, Keune, Arkadija, GMT, Guam, Magiray","publisher":{"@id":"https:\/\/cosmetic.lv\/lv\/#organization"},"potentialAction":[{"@type":"SearchAction","target":{"@type":"EntryPoint","urlTemplate":"https:\/\/cosmetic.lv\/lv\/?s={search_term_string}"},"query-input":{"@type":"PropertyValueSpecification","valueRequired":true,"valueName":"search_term_string"}}],"inLanguage":"lv-LV"},{"@type":"Organization","@id":"https:\/\/cosmetic.lv\/lv\/#organization","name":"COSMETIC.LV","url":"https:\/\/cosmetic.lv\/lv\/","logo":{"@type":"ImageObject","inLanguage":"lv-LV","@id":"https:\/\/cosmetic.lv\/lv\/#\/schema\/logo\/image\/","url":"https:\/\/cosmetic.lv\/wp-content\/uploads\/2021\/02\/cosmetic.lv_logo.jpg","contentUrl":"https:\/\/cosmetic.lv\/wp-content\/uploads\/2021\/02\/cosmetic.lv_logo.jpg","width":596,"height":196,"caption":"COSMETIC.LV"},"image":{"@id":"https:\/\/cosmetic.lv\/lv\/#\/schema\/logo\/image\/"},"sameAs":["https:\/\/www.facebook.com\/cosmetic.lv\/"]}]},"product_price_amount":"15.02","product_price_currency":"EUR","og_availability":"instock","product_availability":"instock","product_retailer_item_id":"amoz12","product_condition":"new"},"_links":{"self":[{"href":"https:\/\/cosmetic.lv\/lv\/wp-json\/wp\/v2\/product\/34415","targetHints":{"allow":["GET"]}}],"collection":[{"href":"https:\/\/cosmetic.lv\/lv\/wp-json\/wp\/v2\/product"}],"about":[{"href":"https:\/\/cosmetic.lv\/lv\/wp-json\/wp\/v2\/types\/product"}],"wp:featuredmedia":[{"embeddable":true,"href":"https:\/\/cosmetic.lv\/lv\/wp-json\/wp\/v2\/media\/36339"}],"wp:attachment":[{"href":"https:\/\/cosmetic.lv\/lv\/wp-json\/wp\/v2\/media?parent=34415"}],"wp:term":[{"taxonomy":"product_brand","embeddable":true,"href":"https:\/\/cosmetic.lv\/lv\/wp-json\/wp\/v2\/product_brand?post=34415"},{"taxonomy":"product_cat","embeddable":true,"href":"https:\/\/cosmetic.lv\/lv\/wp-json\/wp\/v2\/product_cat?post=34415"},{"taxonomy":"product_tag","embeddable":true,"href":"https:\/\/cosmetic.lv\/lv\/wp-json\/wp\/v2\/product_tag?post=34415"}],"curies":[{"name":"wp","href":"https:\/\/api.w.org\/{rel}","templated":true}]}}