{"id":34420,"date":"2021-02-05T22:41:41","date_gmt":"2021-02-06T17:52:40","guid":{"rendered":"https:\/\/damme.lv\/product\/14-mm-rokasspradze-zals-naturalais-nefrits-miers-un-stabilitate\/"},"modified":"2021-02-06T19:52:44","modified_gmt":"2021-02-06T17:52:44","slug":"14-mm-rokasspradze-zals-naturalais-nefrits-miers-un-stabilitate","status":"publish","type":"product","link":"https:\/\/cosmetic.lv\/lv\/product\/14-mm-rokasspradze-zals-naturalais-nefrits-miers-un-stabilitate\/","title":{"rendered":"14 mm Rokasspr\u0101dze Za\u013c\u0161 natur\u0101lais nefr\u012bts &#8211; miers un stabilit\u0101te"},"content":{"rendered":"<p>Za\u013c\u0161 natur\u0101lais nefr\u012bts 14 mm<br \/>\nMiera un stabilit\u0101tes akmens.<\/p>\n<p>Kop\u0161 seniem laikiem nefr\u012btu uzskata par panaceju no vis\u0101m slim\u012bb\u0101m. Akmeni n\u0113s\u0101ja uz \u0137erme\u0146a absol\u016bti visu kai\u0161u \u0101rst\u0113\u0161anai un profilaksei. Viduslaiku al\u0137\u012bmi\u0137i un dziednieki izmantoja pulver\u012b samaltu nefr\u012btu da\u017e\u0101du z\u0101\u013cu izgatavo\u0161anai vai vienk\u0101r\u0161i rekomend\u0113ja ap\u0113st uzdzerot \u016bdeni. Past\u0101v uzskats, ka nefr\u012bts pal\u012bdz pie nieru un ur\u012bnce\u013cu slim\u012bb\u0101m. Gr\u016btniec\u0113m dzemd\u012bbu atvieglo\u0161anai iesaka n\u0113s\u0101t izstr\u0101d\u0101jumus no nefr\u012bta uz v\u0113dera. T\u0101pat uzskata, ka pulveris no nefr\u012bta var iz\u0101rst\u0113t ku\u0146\u0123a un zarnu slim\u012bbas. Nefr\u012bta krelles un aproces normaliz\u0113 miegu, atbr\u012bvo no bezmiega un nakts \u0161ausm\u0101m. Daudz\u0101s pasaules valst\u012bs bumbi\u0146as no nefr\u012bta tiek pielietoti \u0137erme\u0146a un sejas mas\u0101\u017eai. Plates no \u0161\u0101 miner\u0101la pieliek s\u0101po\u0161\u0101m viet\u0101m sasitumu, sastiepumu un reimatisma atvieglo\u0161anai. Tas ir sp\u0113j\u012bgs iz\u0101rst\u0113t iekaisuma procesus organism\u0101.<\/p>\n<p>Nefr\u012bts \u2014 viens no visspopul\u0101r\u0101kajiem miner\u0101liem, kas ir izmantojami reli\u0123ij\u0101 un ma\u0123ij\u0101. Senaj\u0101 \u0136\u012bn\u0101 usskat\u012bj\u0101s, ka nefr\u012bts ir apvelt\u012bts ar piec\u0101m galvenaj\u0101m \u012bpa\u0161\u012bb\u0101m. Tas ir Debess un Zemes, Gudr\u012bbas un M\u016b\u017e\u012bbas akmens. Senie acteki izmantoja nefr\u012bta na\u017eus cilv\u0113ku upur\u0113\u0161anas ritu\u0101los. Budisti uzskata, ka tie\u0161i no nefr\u012bta ir veidots Budas debesu tronis. \u0160umeru priesteri izmantoja nefr\u012bta priek\u0161metus k\u0101 ma\u0123iskus instrumentus. Senie mongo\u013ci, kas iekaroja t\u0101du sp\u0113c\u012bgu valsti k\u0101 Krievija, ar nefr\u012btu izdai\u013coja savu ap\u0123\u0113rbu un iero\u010dus. Bez tam nefr\u012bts ir pr\u0101ta, labo darbu un tikum\u012bbas akmens. Di\u017eais Konf\u016bcijs uzskat\u012bja \u0161o akmeni par hum\u0101nisma simbolu. Nefr\u012bts ir to cilv\u0113ku miner\u0101ls, kas dzimu\u0161i Jaunavas un Svaru z\u012bm\u0113s, tiem vi\u0146\u0161 d\u0101v\u0101 veiksmi. Labaj\u0101 rok\u0101 uzvilkta nefr\u012btu aproce nes Jaunav\u0101m \u0123imenes laimi, bet Svariem sp\u0113j\u012bga pagarin\u0101t dz\u012bves ilgumu.<\/p>\n<p>Taisn\u012bguma simbols, \u012bpa\u0161niekam nes uzvaru, pal\u012bdz izk\u013c\u016bt no gr\u016bt\u0101m situ\u0101cij\u0101m, vairo \u0123imenes labkl\u0101j\u012bbu, pagarina m\u016b\u017eu.<\/p>\n<p>Kop\u0161 seniem laikiem nefr\u012btu uzskata par panaceju no vis\u0101m slim\u012bb\u0101m. Akmeni n\u0113s\u0101ja uz \u0137erme\u0146a absol\u016bti visu kai\u0161u \u0101rst\u0113\u0161anai un profilaksei. Viduslaiku al\u0137\u012bmi\u0137i un dziednieki izmantoja pulver\u012b samaltu nefr\u012btu da\u017e\u0101du z\u0101\u013cu izgatavo\u0161anai vai vienk\u0101r\u0161i rekomend\u0113ja ap\u0113st uzdzerot \u016bdeni.<\/p>\n<p>Past\u0101v uzskats, ka nefr\u012bts pal\u012bdz pie nieru un ur\u012bnce\u013cu slim\u012bb\u0101m. Gr\u016btniec\u0113m dzemd\u012bbu atvieglo\u0161anai iesaka n\u0113s\u0101t izstr\u0101d\u0101jumus no nefr\u012bta uz v\u0113dera. T\u0101pat uzskata, ka pulveris no nefr\u012bta var iz\u0101rst\u0113t ku\u0146\u0123a un zarnu slim\u012bbas. Nefr\u012bta krelles un aproces normaliz\u0113 miegu, atbr\u012bvo no bezmiega un nakts \u0161ausm\u0101m.<\/p>\n<p>Daudz\u0101s pasaules valst\u012bs bumbi\u0146as no nefr\u012bta tiek pielietoti \u0137erme\u0146a un sejas mas\u0101\u017eai. Plates no \u0161\u0101 miner\u0101la pieliek s\u0101po\u0161\u0101m viet\u0101m sasitumu, sastiepumu un reimatisma atvieglo\u0161anai. Tas ir sp\u0113j\u012bgs iz\u0101rst\u0113t iekaisuma procesus organism\u0101.<\/p>\n<p>Nefr\u012bts \u2014 viens no visspopul\u0101r\u0101kajiem miner\u0101liem, kas ir izmantojami reli\u0123ij\u0101 un ma\u0123ij\u0101. Senaj\u0101 \u0136\u012bn\u0101 usskat\u012bj\u0101s, ka nefr\u012bts ir apvelt\u012bts ar piec\u0101m galvenaj\u0101m \u012bpa\u0161\u012bb\u0101m. Tas ir Debess un Zemes, Gudr\u012bbas un M\u016b\u017e\u012bbas akmens. Senie acteki izmantoja nefr\u012bta na\u017eus cilv\u0113ku upur\u0113\u0161anas ritu\u0101los. Budisti uzskata, ka tie\u0161i no nefr\u012bta ir veidots Budas debesu tronis. \u0160umeru priesteri izmantoja nefr\u012bta priek\u0161metus k\u0101 ma\u0123iskus instrumentus. Senie mongo\u013ci, kas iekaroja t\u0101du sp\u0113c\u012bgu valsti k\u0101 Krievija, ar nefr\u012btu izdai\u013coja savu ap\u0123\u0113rbu un iero\u010dus.<\/p>\n<p>Bez tam nefr\u012bts ir pr\u0101ta, labo darbu un tikum\u012bbas akmens. Di\u017eais Konf\u016bcijs uzskat\u012bja \u0161o akmeni par hum\u0101nisma simbolu.<\/p>\n<p>Nefr\u012bts ir to cilv\u0113ku miner\u0101ls, kas dzimu\u0161i Jaunavas un Svaru z\u012bm\u0113s, tiem vi\u0146\u0161 d\u0101v\u0101 veiksmi. Labaj\u0101 rok\u0101 uzvilkta nefr\u012btu aproce nes Jaunav\u0101m \u0123imenes laimi, bet Svariem sp\u0113j\u012bga pagarin\u0101t dz\u012bves ilgumu.<\/p>\n<p>Nefr\u012bts (no grie\u0137u nephros &#8211; &quot;niere&quot; &#8211; t\u0101 nosaukts t\u0101p\u0113c, ka sen\u0101k uzskat\u012bja, ka \u0161is akmens pal\u012bdz pret nieru slim\u012bb\u0101m) ir divu amfibola grupas miner\u0101lu &#8211; aktinol\u012bta un tremol\u012bta mais\u012bjums. Skaist\u0101s za\u013c\u0101s kr\u0101sas d\u0113\u013c nefr\u012bts ir iecien\u012bts rotakmens, kam daudz\u0101s pasaules kult\u016br\u0101s (maori, \u0137\u012bnie\u0161i, inuiti) tiek pie\u0161\u0137irta liela noz\u012bme. J\u0101r\u0113\u0137in\u0101s ar to, ka ang\u013cu valod\u0101 past\u0101v termins &quot;jade&quot;, kas apz\u012bm\u0113 gan nefr\u012btu gan ar\u012b \u013coti l\u012bdz\u012bgo \u017eade\u012btu. Latvie\u0161u valod\u0101 abi \u0161ie termini ir no\u0161\u0137irti jeb vai ar\u012b, attiec\u012bb\u0101 uz sen\u0101kiem \u0161\u012b termina lietojumiem v\u0101rds &quot;nefr\u012bts&quot; apz\u012bm\u0113 abu veidu miner\u0101lus. Nefr\u012btu un \u017eade\u012btu k\u0101 divus at\u0161\u0137ir\u012bgus materi\u0101lus izdal\u012bja tikai XIX gadsimt\u0101.<\/p>\n<p>Nefr\u012bta rakstur\u012bgo kr\u0101su rada hroma piejaukums un aktinol\u012bta sast\u0101v\u0101 eso\u0161ais dzelzs. Nefr\u012bta kr\u0101sa vari\u0113 no pel\u0113kza\u013cas l\u012bdz tum\u0161i za\u013cai un gandr\u012bz melnai un ar\u012b sarkanbr\u016bnai. Atrodams ar\u012b c\u0113ls kr\u0113mbalts nefr\u012bts. C\u0113l\u0101kie nefr\u012bta paveidi var b\u016bt puscaursp\u012bd\u012bgi, ta\u010du parasti akmens ir necaursp\u012bd\u012bgs.<br \/>\n\u0100rstniecisk\u0101s \u012bpa\u0161\u012bbas:<\/p>\n<p>    Kop\u0161 seniem laikiem nefr\u012btu uzskata par panaceju no vis\u0101m slim\u012bb\u0101m. Akmeni n\u0113s\u0101ja uz \u0137erme\u0146a absol\u016bti visu kai\u0161u \u0101rst\u0113\u0161anai un profilaksei.<br \/>\n    Ir noteikts, ka nefr\u012bts pozit\u012bvi ietekm\u0113 aknu darb\u012bbu (pats v\u0101rds \u201enefr\u012bts\u201d t\u016blkojas, k\u0101 \u201eaknu akmens\u201d) un sirdi.<br \/>\n    \u0160is akmens labv\u0113l\u012bgi ietekm\u0113 cilv\u0113kus, kas cie\u0161 no p\u0101r\u0101k augsta asins spiediena. Ar t\u0101 pal\u012bdz\u012bbu var padar\u012bt jaun\u0101ku un veicin\u0101t piln\u012bgu organisma atvese\u013co\u0161anos. \u0160im nol\u016bkam pielieto nefr\u012bta mas\u0101\u017eu bumbi\u0146as.<br \/>\n    Miner\u0101lim ir ietekme ar\u012b uz cilv\u0113ka seksu\u0101lo sf\u0113ru. Baltais nefr\u012bts pozit\u012bvi ietekm\u0113 sievietes, bet melnais v\u012brie\u0161us. Nefr\u012bts viegli atdod savu ener\u0123\u0113tisko v\u0113rt\u012bbu cilv\u0113kam, parsot tikai cieno\u0161u attieksmi.<br \/>\n    Past\u0101v uzskats, ka nefr\u012bts pal\u012bdz pie nieru un ur\u012bnce\u013cu slim\u012bb\u0101m. Gr\u016btniec\u0113m dzemd\u012bbu atvieglo\u0161anai iesaka n\u0113s\u0101t izstr\u0101d\u0101jumus no nefr\u012bta uz v\u0113dera. T\u0101pat uzskata, ka pulveris no nefr\u012bta var iz\u0101rst\u0113t ku\u0146\u0123a un zarnu slim\u012bbas. Nefr\u012bta krelles un aproces normaliz\u0113 miegu, atbr\u012bvo no bezmiega un nakts \u0161ausm\u0101m.<br \/>\n    Daudz\u0101s pasaules valst\u012bs bumbi\u0146as no nefr\u012bta tiek pielietoti \u0137erme\u0146a un sejas mas\u0101\u017eai. Plates no \u0161\u0101 miner\u0101la pieliek s\u0101po\u0161\u0101m viet\u0101m sasitumu, sastiepumu un reimatisma atvieglo\u0161anai. Tas ir sp\u0113j\u012bgs iz\u0101rst\u0113t iekaisuma procesus organism\u0101.<br \/>\n    Lietojot nefr\u012bta spilvenu 2-10 m\u0113n. p\u0101riet bezmiegs, reibo\u0146i, normaliz\u0113jas nervu sist\u0113ma un asinsvadi, noregul\u0113jas balss, redze, dzirde, gars, noregul\u0113jas sievie\u0161u funkcijas, pazemin\u0101s asinsspiediens, izl\u012bdzin\u0101s grumbas, uzlabojas atmi\u0146a, asins sast\u0101vs, nieru, ku\u0146\u0123a, ur\u012bnp\u016b\u0161\u013ca un dzimumorg\u0101nu darb\u012bba. Spilvens pasarg\u0101 no hronisk\u0101m slim\u012bb\u0101m, nostiprina kaulus, pagarina m\u016b\u017eu, no\u0146em nogurumu. Pal\u012bdz ja esat nov\u0101rdzin\u0101ti, j\u016btat aukstumu k\u0101j\u0101s, nemotiv\u0113tas bailes. Pal\u012bdz pret \u0161aub\u0101m un svar\u012bgu l\u0113mumu pie\u0146em\u0161an\u0101. Veicina iztur\u012bbu.<\/p>\n<p>Ma\u0123iskas \u012bpa\u0161\u012bbas:<\/p>\n<p>    Nefr\u012bts \u2014 viens no visspopul\u0101r\u0101kajiem miner\u0101liem, kas ir izmantojami reli\u0123ij\u0101 un ma\u0123ij\u0101.<br \/>\n    Senaj\u0101 \u0136\u012bn\u0101 usskat\u012bj\u0101s, ka nefr\u012bts ir apvelt\u012bts ar piec\u0101m galvenaj\u0101m \u012bpa\u0161\u012bb\u0101m. Tas ir Debess un Zemes, Gudr\u012bbas un M\u016b\u017e\u012bbas akmens.<br \/>\n    Senie acteki izmantoja nefr\u012bta na\u017eus cilv\u0113ku upur\u0113\u0161anas ritu\u0101los.<br \/>\n    Budisti uzskata, ka tie\u0161i no nefr\u012bta ir veidots Budas debesu tronis.<br \/>\n    \u0160umeru priesteri izmantoja nefr\u012bta priek\u0161metus k\u0101 ma\u0123iskus instrumentus.<br \/>\n    \u00b7Senie mongo\u013ci, kas iekaroja t\u0101du sp\u0113c\u012bgu valsti k\u0101 Krievija, ar nefr\u012btu izdai\u013coja savu ap\u0123\u0113rbu un iero\u010dus.<\/p>\n<p>Bez tam nefr\u012bts ir pr\u0101ta, labo darbu un tikum\u012bbas akmens. Di\u017eais Konf\u016bcijs uzskat\u012bja \u0161o akmeni par hum\u0101nisma simbolu.<\/p>\n<p>Nefr\u012bts ir to cilv\u0113ku miner\u0101ls, kas dzimu\u0161i Jaunavas un Svaru z\u012bm\u0113s, tiem vi\u0146\u0161 d\u0101v\u0101 veiksmi. Labaj\u0101 rok\u0101 uzvilkta nefr\u012btu aproce nes Jaunav\u0101m \u0123imenes laimi, bet Svariem sp\u0113j\u012bga pagarin\u0101t dz\u012bves ilgumu.<\/p>\n<p>Simboliz\u0113 taisn\u012bgumu, sapr\u0101tu, dro\u0161sird\u012bbu, labsird\u012bgumu, nodomu c\u0113lumu.<\/p>\n<p>Visuma un miera akmens. Univers\u0101ls akmens, jo nav saist\u012bts ar konkr\u0113tu rel\u012b\u0123iju. Saist\u012bts ar izskata main\u012b\u0161anos un atjauno\u0161anos. Pal\u012bdz g\u016bt uzvaru par savu zemapzi\u0146as dz\u012bvniecisko dabu. Var ar savu ener\u0123iju izvest no strupce\u013ca tos, kas ir peln\u012bju\u0161i. Var valk\u0101t tikai cilv\u0113ki, kas att\u012bsta sevi, p\u0101r\u0113jie var k\u013c\u016bt vientu\u013ci valk\u0101jot to. Nefr\u012bts paliek tum\u0161\u0101ks vai du\u013c\u0137ain\u0101ks v\u0113stot par nelaimi. Tas notiek, ja saimnieks st\u016brgalv\u012bgi gr\u0113ko, vai iet maldu ce\u013cus piesaistot sev likte\u0146a p\u0101rbaud\u012bjumus.<\/p>\n<p>\u0136\u012bn\u0101 to uzskata par sv\u0113tu akmeni: par skaistuma, jaun\u012bbas, dievbij\u012bbas un uztic\u012bbas simbolu. Veicina labsird\u012bbu, taisn\u012bgumu, v\u012bri\u0161\u0137\u012bbu, zin\u0101tnes noz\u012bmi dz\u012bv\u0113, neuz\u0137er\u0161anos uz viltojumiem un vilt\u012bb\u0101m. Tas sp\u0113j nodro\u0161in\u0101t ilgu m\u016b\u017eu un veicina \u0123imenes labkl\u0101j\u012bbu. Pasarg\u0101 no \u013caunuma sp\u0113kiem, no \u013caunas acs, zemestr\u012bces un zibens. Galven\u0101 \u012bpa\u0161\u012bba ir sp\u0113ja dziedin\u0101t no nieru infekcij\u0101m un nierakme\u0146iem. Dzied\u0113 ar\u012b reimatismu, ve\u0123etat\u012bvo nervu sist\u0113mu, neiral\u0123ijas un migr\u0113nas. Stabiliz\u0113 sirds sist\u0113mu, arteri\u0101lo spiedienu, apmai\u0146as procesus. Nomierina nervu sist\u0113mu. Lieliski no\u0146em s\u0101pes (galvenok\u0101rt ku\u0146\u0123a, nieru un meteorismu). \u0100rst\u0113 tuvredz\u012bbu un citas acu slim\u012bbas, k\u0101 ar\u012b apdegumus &#8211; no\u0146emot s\u0101pes, t\u016bskas un niezi. Saglab\u0101 v\u0113sumu karst\u0101 laik\u0101. Pasarg\u0101 no noguruma, pagarina m\u016b\u017eu. Pal\u012bdz dzemd\u012bb\u0101s un pie saind\u0113\u0161an\u0101s. Pieskaroties labi nopul\u0113tai pl\u0101ksnei var \u0101tri nomierin\u0101ties un att\u012br\u012bt domas.<\/p>\n<p>Lietojot nefr\u012bta spilvenu 2-10 m\u0113n. p\u0101riet bezmiegs, reibo\u0146i, normaliz\u0113jas nervu sist\u0113ma un asinsvadi, noregul\u0113jas balss, redze, dzirde, gars, noregul\u0113jas sievie\u0161u funkcijas, pazemin\u0101s asinsspiediens, izl\u012bdzin\u0101s grumbas, uzlabojas atmi\u0146a, asins sast\u0101vs, nieru, ku\u0146\u0123a, ur\u012bnp\u016b\u0161\u013ca un dzimumorg\u0101nu darb\u012bba. Spilvens pasarg\u0101 no hronisk\u0101m slim\u012bb\u0101m, nostiprina kaulus, pagarina m\u016b\u017eu, no\u0146em nogurumu. Pal\u012bdz ja esat nov\u0101rdzin\u0101ti, j\u016btat aukstumu k\u0101j\u0101s, nemotiv\u0113tas bailes. Pal\u012bdz pret \u0161aub\u0101m un svar\u012bgu l\u0113mumu pie\u0146em\u0161an\u0101. Veicina iztur\u012bbu.<\/p>\n<p>Saist\u012bts ar Saturnu, Ven\u0113ru un M\u0113nesi. Valk\u0101t var visas zodiaka z\u012bmes. Sader ar sudrabu un vara sakaus\u0113jumiem. M\u012blest\u012bbai \u0161is akmens neder, jo veicinot gar\u012bgo att\u012bst\u012bbu noska\u0146o cilv\u0113ku uz vientul\u012bbu. Nevajag valk\u0101t iem\u012bl\u0113\u0161an\u0101s, tik\u0161an\u0101s laik\u0101, tas var veicin\u0101t nepieejam\u012bbu.<\/p>\n","protected":false},"excerpt":{"rendered":"<p>Za\u013c\u0161 natur\u0101lais nefr\u012bts 14 mm Miera un stabilit\u0101tes akmens. Kop\u0161 seniem laikiem nefr\u012btu uzskata par panaceju no vis\u0101m slim\u012bb\u0101m. Akmeni<\/p>\n","protected":false},"featured_media":9939,"template":"","meta":[],"product_brand":[],"product_cat":[2293,2294],"product_tag":[],"class_list":{"0":"post-34420","1":"product","2":"type-product","3":"status-publish","4":"has-post-thumbnail","6":"product_cat-dabiskie-akmeni-rokasspradzess-auskari-gredzeni-lv","7":"product_cat-rokasspradzes-lv-lv-2","9":"first","10":"outofstock","11":"taxable","12":"shipping-taxable","13":"purchasable","14":"product-type-simple"},"yoast_head":"<!-- This site is optimized with the Yoast SEO Premium plugin v27.0 (Yoast SEO v27.0) - https:\/\/yoast.com\/product\/yoast-seo-premium-wordpress\/ -->\n<title>14 mm Rokasspr\u0101dze Za\u013c\u0161 natur\u0101lais nefr\u012bts - miers un stabilit\u0101te - cosmetic.lv<\/title>\n<meta name=\"robots\" content=\"index, follow, max-snippet:-1, max-image-preview:large, max-video-preview:-1\" \/>\n<link rel=\"canonical\" href=\"https:\/\/cosmetic.lv\/lv\/product\/14-mm-rokasspradze-zals-naturalais-nefrits-miers-un-stabilitate\/\" \/>\n<meta property=\"og:locale\" content=\"lv_LV\" \/>\n<meta property=\"og:type\" content=\"article\" \/>\n<meta property=\"og:title\" content=\"14 mm Rokasspr\u0101dze Za\u013c\u0161 natur\u0101lais nefr\u012bts - miers un stabilit\u0101te\" \/>\n<meta property=\"og:description\" content=\"Za\u013c\u0161 natur\u0101lais nefr\u012bts 14 mm Miera un stabilit\u0101tes akmens. Kop\u0161 seniem laikiem nefr\u012btu uzskata par panaceju no vis\u0101m slim\u012bb\u0101m. Akmeni\" \/>\n<meta property=\"og:url\" content=\"https:\/\/cosmetic.lv\/lv\/product\/14-mm-rokasspradze-zals-naturalais-nefrits-miers-un-stabilitate\/\" \/>\n<meta property=\"og:site_name\" content=\"cosmetic.lv\" \/>\n<meta property=\"article:publisher\" content=\"https:\/\/www.facebook.com\/cosmetic.lv\/\" \/>\n<meta property=\"article:modified_time\" content=\"2021-02-06T17:52:44+00:00\" \/>\n<meta property=\"og:image\" content=\"https:\/\/cosmetic.lv\/wp-content\/uploads\/2021\/02\/nefrit14.jpg\" \/>\n\t<meta property=\"og:image:width\" content=\"800\" \/>\n\t<meta property=\"og:image:height\" content=\"533\" \/>\n\t<meta property=\"og:image:type\" content=\"image\/jpeg\" \/>\n<meta name=\"twitter:card\" content=\"summary_large_image\" \/>\n<script type=\"application\/ld+json\" class=\"yoast-schema-graph\">{\"@context\":\"https:\/\/schema.org\",\"@graph\":[{\"@type\":\"WebPage\",\"@id\":\"https:\/\/cosmetic.lv\/lv\/product\/14-mm-rokasspradze-zals-naturalais-nefrits-miers-un-stabilitate\/\",\"url\":\"https:\/\/cosmetic.lv\/lv\/product\/14-mm-rokasspradze-zals-naturalais-nefrits-miers-un-stabilitate\/\",\"name\":\"14 mm Rokasspr\u0101dze Za\u013c\u0161 natur\u0101lais nefr\u012bts - miers un stabilit\u0101te - cosmetic.lv\",\"isPartOf\":{\"@id\":\"https:\/\/cosmetic.lv\/lv\/#website\"},\"primaryImageOfPage\":{\"@id\":\"https:\/\/cosmetic.lv\/lv\/product\/14-mm-rokasspradze-zals-naturalais-nefrits-miers-un-stabilitate\/#primaryimage\"},\"image\":{\"@id\":\"https:\/\/cosmetic.lv\/lv\/product\/14-mm-rokasspradze-zals-naturalais-nefrits-miers-un-stabilitate\/#primaryimage\"},\"thumbnailUrl\":\"https:\/\/cosmetic.lv\/wp-content\/uploads\/2021\/02\/nefrit14.jpg\",\"datePublished\":\"2021-02-06T17:52:40+00:00\",\"dateModified\":\"2021-02-06T17:52:44+00:00\",\"breadcrumb\":{\"@id\":\"https:\/\/cosmetic.lv\/lv\/product\/14-mm-rokasspradze-zals-naturalais-nefrits-miers-un-stabilitate\/#breadcrumb\"},\"inLanguage\":\"lv-LV\",\"potentialAction\":[{\"@type\":\"ReadAction\",\"target\":[\"https:\/\/cosmetic.lv\/lv\/product\/14-mm-rokasspradze-zals-naturalais-nefrits-miers-un-stabilitate\/\"]}]},{\"@type\":\"ImageObject\",\"inLanguage\":\"lv-LV\",\"@id\":\"https:\/\/cosmetic.lv\/lv\/product\/14-mm-rokasspradze-zals-naturalais-nefrits-miers-un-stabilitate\/#primaryimage\",\"url\":\"https:\/\/cosmetic.lv\/wp-content\/uploads\/2021\/02\/nefrit14.jpg\",\"contentUrl\":\"https:\/\/cosmetic.lv\/wp-content\/uploads\/2021\/02\/nefrit14.jpg\",\"width\":800,\"height\":533,\"caption\":\"nefrit14.JPG\"},{\"@type\":\"BreadcrumbList\",\"@id\":\"https:\/\/cosmetic.lv\/lv\/product\/14-mm-rokasspradze-zals-naturalais-nefrits-miers-un-stabilitate\/#breadcrumb\",\"itemListElement\":[{\"@type\":\"ListItem\",\"position\":1,\"name\":\"Home\",\"item\":\"https:\/\/cosmetic.lv\/lv\/\"},{\"@type\":\"ListItem\",\"position\":2,\"name\":\"Veikals\",\"item\":\"https:\/\/cosmetic.lv\/lv\/veiklas\/\"},{\"@type\":\"ListItem\",\"position\":3,\"name\":\"14 mm Rokasspr\u0101dze Za\u013c\u0161 natur\u0101lais nefr\u012bts &#8211; miers un stabilit\u0101te\"}]},{\"@type\":\"WebSite\",\"@id\":\"https:\/\/cosmetic.lv\/lv\/#website\",\"url\":\"https:\/\/cosmetic.lv\/lv\/\",\"name\":\"cosmetic.lv\",\"description\":\"Profesion\u0101la kosm\u0113tika - Maria Galland, Keune, Arkadija, GMT, Guam, Magiray\",\"publisher\":{\"@id\":\"https:\/\/cosmetic.lv\/lv\/#organization\"},\"potentialAction\":[{\"@type\":\"SearchAction\",\"target\":{\"@type\":\"EntryPoint\",\"urlTemplate\":\"https:\/\/cosmetic.lv\/lv\/?s={search_term_string}\"},\"query-input\":{\"@type\":\"PropertyValueSpecification\",\"valueRequired\":true,\"valueName\":\"search_term_string\"}}],\"inLanguage\":\"lv-LV\"},{\"@type\":\"Organization\",\"@id\":\"https:\/\/cosmetic.lv\/lv\/#organization\",\"name\":\"COSMETIC.LV\",\"url\":\"https:\/\/cosmetic.lv\/lv\/\",\"logo\":{\"@type\":\"ImageObject\",\"inLanguage\":\"lv-LV\",\"@id\":\"https:\/\/cosmetic.lv\/lv\/#\/schema\/logo\/image\/\",\"url\":\"https:\/\/cosmetic.lv\/wp-content\/uploads\/2021\/02\/cosmetic.lv_logo.jpg\",\"contentUrl\":\"https:\/\/cosmetic.lv\/wp-content\/uploads\/2021\/02\/cosmetic.lv_logo.jpg\",\"width\":596,\"height\":196,\"caption\":\"COSMETIC.LV\"},\"image\":{\"@id\":\"https:\/\/cosmetic.lv\/lv\/#\/schema\/logo\/image\/\"},\"sameAs\":[\"https:\/\/www.facebook.com\/cosmetic.lv\/\"]}]}<\/script>\n<meta property=\"product:price:amount\" content=\"18.05\" \/>\n<meta property=\"product:price:currency\" content=\"EUR\" \/>\n<meta property=\"og:availability\" content=\"out of stock\" \/>\n<meta property=\"product:availability\" content=\"out of stock\" \/>\n<meta property=\"product:retailer_item_id\" content=\"nefr\" \/>\n<meta property=\"product:condition\" content=\"new\" \/>\n<!-- \/ Yoast SEO Premium plugin. -->","yoast_head_json":{"title":"14 mm Rokasspr\u0101dze Za\u013c\u0161 natur\u0101lais nefr\u012bts - miers un stabilit\u0101te - cosmetic.lv","robots":{"index":"index","follow":"follow","max-snippet":"max-snippet:-1","max-image-preview":"max-image-preview:large","max-video-preview":"max-video-preview:-1"},"canonical":"https:\/\/cosmetic.lv\/lv\/product\/14-mm-rokasspradze-zals-naturalais-nefrits-miers-un-stabilitate\/","og_locale":"lv_LV","og_type":"article","og_title":"14 mm Rokasspr\u0101dze Za\u013c\u0161 natur\u0101lais nefr\u012bts - miers un stabilit\u0101te","og_description":"Za\u013c\u0161 natur\u0101lais nefr\u012bts 14 mm Miera un stabilit\u0101tes akmens. Kop\u0161 seniem laikiem nefr\u012btu uzskata par panaceju no vis\u0101m slim\u012bb\u0101m. Akmeni","og_url":"https:\/\/cosmetic.lv\/lv\/product\/14-mm-rokasspradze-zals-naturalais-nefrits-miers-un-stabilitate\/","og_site_name":"cosmetic.lv","article_publisher":"https:\/\/www.facebook.com\/cosmetic.lv\/","article_modified_time":"2021-02-06T17:52:44+00:00","og_image":[{"width":800,"height":533,"url":"https:\/\/cosmetic.lv\/wp-content\/uploads\/2021\/02\/nefrit14.jpg","type":"image\/jpeg"}],"twitter_card":"summary_large_image","schema":{"@context":"https:\/\/schema.org","@graph":[{"@type":"WebPage","@id":"https:\/\/cosmetic.lv\/lv\/product\/14-mm-rokasspradze-zals-naturalais-nefrits-miers-un-stabilitate\/","url":"https:\/\/cosmetic.lv\/lv\/product\/14-mm-rokasspradze-zals-naturalais-nefrits-miers-un-stabilitate\/","name":"14 mm Rokasspr\u0101dze Za\u013c\u0161 natur\u0101lais nefr\u012bts - miers un stabilit\u0101te - cosmetic.lv","isPartOf":{"@id":"https:\/\/cosmetic.lv\/lv\/#website"},"primaryImageOfPage":{"@id":"https:\/\/cosmetic.lv\/lv\/product\/14-mm-rokasspradze-zals-naturalais-nefrits-miers-un-stabilitate\/#primaryimage"},"image":{"@id":"https:\/\/cosmetic.lv\/lv\/product\/14-mm-rokasspradze-zals-naturalais-nefrits-miers-un-stabilitate\/#primaryimage"},"thumbnailUrl":"https:\/\/cosmetic.lv\/wp-content\/uploads\/2021\/02\/nefrit14.jpg","datePublished":"2021-02-06T17:52:40+00:00","dateModified":"2021-02-06T17:52:44+00:00","breadcrumb":{"@id":"https:\/\/cosmetic.lv\/lv\/product\/14-mm-rokasspradze-zals-naturalais-nefrits-miers-un-stabilitate\/#breadcrumb"},"inLanguage":"lv-LV","potentialAction":[{"@type":"ReadAction","target":["https:\/\/cosmetic.lv\/lv\/product\/14-mm-rokasspradze-zals-naturalais-nefrits-miers-un-stabilitate\/"]}]},{"@type":"ImageObject","inLanguage":"lv-LV","@id":"https:\/\/cosmetic.lv\/lv\/product\/14-mm-rokasspradze-zals-naturalais-nefrits-miers-un-stabilitate\/#primaryimage","url":"https:\/\/cosmetic.lv\/wp-content\/uploads\/2021\/02\/nefrit14.jpg","contentUrl":"https:\/\/cosmetic.lv\/wp-content\/uploads\/2021\/02\/nefrit14.jpg","width":800,"height":533,"caption":"nefrit14.JPG"},{"@type":"BreadcrumbList","@id":"https:\/\/cosmetic.lv\/lv\/product\/14-mm-rokasspradze-zals-naturalais-nefrits-miers-un-stabilitate\/#breadcrumb","itemListElement":[{"@type":"ListItem","position":1,"name":"Home","item":"https:\/\/cosmetic.lv\/lv\/"},{"@type":"ListItem","position":2,"name":"Veikals","item":"https:\/\/cosmetic.lv\/lv\/veiklas\/"},{"@type":"ListItem","position":3,"name":"14 mm Rokasspr\u0101dze Za\u013c\u0161 natur\u0101lais nefr\u012bts &#8211; miers un stabilit\u0101te"}]},{"@type":"WebSite","@id":"https:\/\/cosmetic.lv\/lv\/#website","url":"https:\/\/cosmetic.lv\/lv\/","name":"cosmetic.lv","description":"Profesion\u0101la kosm\u0113tika - Maria Galland, Keune, Arkadija, GMT, Guam, Magiray","publisher":{"@id":"https:\/\/cosmetic.lv\/lv\/#organization"},"potentialAction":[{"@type":"SearchAction","target":{"@type":"EntryPoint","urlTemplate":"https:\/\/cosmetic.lv\/lv\/?s={search_term_string}"},"query-input":{"@type":"PropertyValueSpecification","valueRequired":true,"valueName":"search_term_string"}}],"inLanguage":"lv-LV"},{"@type":"Organization","@id":"https:\/\/cosmetic.lv\/lv\/#organization","name":"COSMETIC.LV","url":"https:\/\/cosmetic.lv\/lv\/","logo":{"@type":"ImageObject","inLanguage":"lv-LV","@id":"https:\/\/cosmetic.lv\/lv\/#\/schema\/logo\/image\/","url":"https:\/\/cosmetic.lv\/wp-content\/uploads\/2021\/02\/cosmetic.lv_logo.jpg","contentUrl":"https:\/\/cosmetic.lv\/wp-content\/uploads\/2021\/02\/cosmetic.lv_logo.jpg","width":596,"height":196,"caption":"COSMETIC.LV"},"image":{"@id":"https:\/\/cosmetic.lv\/lv\/#\/schema\/logo\/image\/"},"sameAs":["https:\/\/www.facebook.com\/cosmetic.lv\/"]}]},"product_price_amount":"18.05","product_price_currency":"EUR","og_availability":"out of stock","product_availability":"out of stock","product_retailer_item_id":"nefr","product_condition":"new"},"_links":{"self":[{"href":"https:\/\/cosmetic.lv\/lv\/wp-json\/wp\/v2\/product\/34420","targetHints":{"allow":["GET"]}}],"collection":[{"href":"https:\/\/cosmetic.lv\/lv\/wp-json\/wp\/v2\/product"}],"about":[{"href":"https:\/\/cosmetic.lv\/lv\/wp-json\/wp\/v2\/types\/product"}],"wp:featuredmedia":[{"embeddable":true,"href":"https:\/\/cosmetic.lv\/lv\/wp-json\/wp\/v2\/media\/9939"}],"wp:attachment":[{"href":"https:\/\/cosmetic.lv\/lv\/wp-json\/wp\/v2\/media?parent=34420"}],"wp:term":[{"taxonomy":"product_brand","embeddable":true,"href":"https:\/\/cosmetic.lv\/lv\/wp-json\/wp\/v2\/product_brand?post=34420"},{"taxonomy":"product_cat","embeddable":true,"href":"https:\/\/cosmetic.lv\/lv\/wp-json\/wp\/v2\/product_cat?post=34420"},{"taxonomy":"product_tag","embeddable":true,"href":"https:\/\/cosmetic.lv\/lv\/wp-json\/wp\/v2\/product_tag?post=34420"}],"curies":[{"name":"wp","href":"https:\/\/api.w.org\/{rel}","templated":true}]}}