{"id":34421,"date":"2021-02-05T22:41:41","date_gmt":"2021-02-06T17:52:40","guid":{"rendered":"https:\/\/damme.lv\/product\/14-mm-rokasspradze-naturals-akmens-ametists\/"},"modified":"2021-02-06T19:52:45","modified_gmt":"2021-02-06T17:52:45","slug":"14-mm-rokasspradze-naturals-akmens-ametists","status":"publish","type":"product","link":"https:\/\/cosmetic.lv\/lv\/product\/14-mm-rokasspradze-naturals-akmens-ametists\/","title":{"rendered":"14 mm Rokasspr\u0101dze natur\u0101ls akmens Ametists"},"content":{"rendered":"<p>Ametists \u2013 apdom\u012bbas (nosv\u0113rt\u012bbas), sp\u0113ka, gudr\u012bbas un aizsardz\u012bbas akmens. Simboliz\u0113 godbij\u012bbu, pazem\u012bbu, patiesumu, vesel\u012bbu un gar\u012bgo gudr\u012bbu. Att\u012bro\u0161s krist\u0101ls \u2013 att\u012bra no negat\u012bv\u0101s ener\u0123ijas. Nomierina emocijas, pal\u012bdz p\u0101rvar\u0113t bailes, mazina stresu, nes mieru, pal\u012bdz uztur\u0113t optimismu. No seniem laikiem ticis izmantots, lai pasarg\u0101tu no piedzer\u0161an\u0101s. Ametista sp\u0113jas saist\u012btas ar sap\u0146iem, dziedin\u0101\u0161anu, m\u012blest\u012bbu, gar\u012bgu pacil\u0101t\u012bbu un drosmi. Ametista dziedino\u0161ie sp\u0113ki var p\u0101rveidot zem\u0101k\u0101s vibr\u0101cijas augst\u0101k\u0101s frekvenc\u0113s (m\u012blest\u012bbas ener\u0123ij\u0101). Pal\u012bdz att\u012bst\u012bt intu\u012bciju (un uztic\u0113ties tai) un psihisk\u0101s sp\u0113jas, atv\u0113rt durvis uz augst\u0101k\u0101m sf\u0113r\u0101m. Atver un aktiviz\u0113 vainaga \u010dakru, palielina gar\u012bgo sapra\u0161anu un gudr\u012bbu. Att\u012bra un aizver caurumus aur\u0101. Pal\u012bdz mazin\u0101t skumjas un b\u0113das, veicina pa\u0161izdziedin\u0101\u0161anos (pamodina t\u0101s gar\u012bg\u0101s sp\u0113jas, kas atbild par organisma izdziedin\u0101\u0161anu). Mazina atkar\u012bbas (alkohola, sm\u0113\u0137\u0113\u0161anas). Ap n\u0113s\u0101t\u0101ju rada aizsarg\u0101jo\u0161as ener\u0123ijas lauku. Sniedz gar\u012bgu att\u012br\u012b\u0161anos un att\u012bst\u012bbu. Pielieto pret bezmiegu (novietojot zem spilvena), galvass\u0101p\u0113m (par\u012bv\u0113jot pa pieri), un elpo\u0161anas probl\u0113m\u0101m. Nomierina nervu sist\u0113mu, pal\u012bdz pret depresiju, stiprina imunit\u0101ti, pal\u012bdz atjaunot \u0101du p\u0113c apdegumiem, uzlabo redzi un asinsriti smadzen\u0113s. Stiprina atmi\u0146u, palielina koncentr\u0113\u0161an\u0101s sp\u0113jas, att\u012bra asinis, pal\u012bdz \u0101rst\u0113t iekaisumus. Pal\u012bdz \u0101das slim\u012bbu gad\u012bjum\u0101, k\u0101 ar\u012b atbr\u012bvoties no pigment\u0101cijas plankumiem uz \u0101das. Ametista sp\u0113jas palielin\u0101s, to kombin\u0113jot ar jol\u012btu un sugil\u012btu. Kombin\u0101cij\u0101 ar moldav\u012btu, pace\u013c \u0137erme\u0146a frekvenci tik augst\u0101 l\u012bmen\u012b, ka negat\u012bv\u0101s ener\u0123ijas nesp\u0113j iek\u013c\u016bt j\u016bsu aur\u0101. Ametistu var kombin\u0113t ar\u012b ar m\u0113nesakmeni un balto top\u0101zu. Ametista dr\u016bzai piem\u012bt t\u0101s pa\u0161as \u012bpa\u0161\u012bbas, kas ametistam, bet papildus, t\u0101 atbr\u012bvo no kombin\u0113tas ener\u0123ijas, t\u0101d\u0113j\u0101di labv\u0113l\u012bgi ietekm\u0113jot visu telpu vai pat m\u0101ju. Ametista dr\u016bzu iesaka novietot istabas dienvidu st\u016br\u012b, lai att\u012br\u012btu dz\u012bv\u012bbas ener\u0123ijas pl\u016bsmu m\u0101j\u0101. Ametistu dr\u016bza lieliski att\u012bra ar\u012b priek\u0161metus. Sens nost\u0101sts v\u0113sta, ka ametists ir sp\u0113j\u012bgs izsaukt m\u012blest\u012bbu pret t\u0101 d\u0101vin\u0101t\u0101ju, pat tad, ja \u0161is cilv\u0113ks ir jutis m\u012blest\u012bbu pret k\u0101du citu. Senaj\u0101 Rom\u0101 ametistu uzskat\u012bja par laimes akmeni, kas nes mieru, \u0101rst\u0113 nervu sist\u0113mu, pal\u012bdz pret noskaudumu. Lai ametista sp\u0113jas saglab\u0101tos, tas j\u0101valk\u0101 periodiski. Ametists savam n\u0113s\u0101t\u0101jam remd\u0113 dusmas un uzbudin\u0101jumu, l\u012bdzsvaro garast\u0101vokli. Tas ir viens no retajiem akme\u0146iem, kam piem\u012bt sp\u0113jas aizvad\u012bt datoru, mobilo telefonu, televizoru un citu elektroier\u012b\u010du elektromagn\u0113tisko starojumu. \u012apa\u0161i piem\u0113rots zivs z\u012bm\u0113 dzimu\u0161ajiem. Ma\u0123isks akmens. Dievi\u0161\u0137\u0101s sapratnes simbols. Ametista sp\u0113jas iek\u013cauj sev\u012b: sap\u0146us, mieru, m\u012blest\u012bbu, drosmi, laimi, aizsardz\u012bbu pret zag\u013ciem. Tas ir viens no lab\u0101kajiem akme\u0146iem medit\u0101cij\u0101m. Tas ir pavadonis sevis sapra\u0161anai, virza uz pr\u0101ta dzi\u013c\u0101ku sapra\u0161anu. \u0160is d\u0101rgakmens gar\u012bgi nomierina cilv\u0113ku. M\u0101ca cilv\u0113ku k\u013c\u016bt pazem\u012bgam, lai atv\u0113rtos durvis augst\u0101k\u0101m zin\u0101\u0161an\u0101m. Ametists ir tikum\u012bbas simbols, pasarg\u0101 no visa veida p\u0101rm\u0113r\u012bb\u0101m un stiprina sapr\u0101tu. Tas uzlabo garast\u0101vokli, veicina intuit\u012bvo dom\u0101\u0161anu, palielina ener\u0123\u0113tisko rezervi, pazemina stresu. Ametists piesaista m\u012blest\u012bbu un veiksmi, ir miera un l\u012bdzsvara akmens. Laimes un vesel\u012bbas simbols, aizdzen bailes un nemieru, att\u012bra auru, dod labus sap\u0146us, savam n\u0113s\u0101t\u0101jam vairo pievilc\u012bbu, att\u012bra no negat\u012bv\u0101s ener\u0123ijas. Ametists vienm\u0113r ir uzskat\u012bts par vienu no varen\u0101kajiem talismaniem. Gar\u012bguma akmens. Visos laikmetos ametists, sevi\u0161\u0137i necaursp\u012bd\u012bgs, tiek uzskat\u012bt par sp\u0113c\u012bgu aizsargu no \u013cauna likte\u0146a, bet caursp\u012bd\u012bgie, gai\u0161ie Ametisti izdzina nesadal\u012btu vai vecu, senu m\u012blest\u012bbu, atver jaunas iesp\u0113jas. Uzkata, ka Ametisti inici\u0113 \u201etre\u0161\u0101s acs\u201d atv\u0113r\u0161anu, pal\u012bdz iegrimt zemapzi\u0146as, visas redzam\u012bbas jom\u0101. Ja izgrie\u017e vai uzz\u012bm\u0113t uz Ametista M\u0113ness vai Saules att\u0113lu, tad var izveidoties viena no sp\u0113c\u012bg\u0101k\u0101m aizsardz\u012bbas z\u012bm\u0113m pret burvest\u012bb\u0101m, melno ma\u0123iju un noskau\u0161anu. Bie\u017ei Ametistu, sevi\u0161\u0137i tum\u0161o to\u0146u, k\u0101 talismanu, izmanto karav\u012bri, jo akmens dod p\u0101rliec\u012bbu un drosmi, bet taj\u0101 pa\u0161\u0101 laik\u0101 aizsarg\u0101 no nep\u0101rdom\u0101t\u0101s r\u012bc\u012bb\u0101s un p\u0101rsteidzam\u012bbas. Tirdzniecibas liet\u0101s Ametists dod t\u0101 \u012bpa\u0161niekam veiksmi, veicina izdev\u012bgu tirdzniec\u012bbu un aizsarg\u0101 \u012bpa\u0161umu. Akmens pasarg\u0101 no apreib\u0161anas. Sensenos laikos no Ametista tais\u012bja kausus, kuri aizsarg\u0101ja no reibuma un ind\u0113m. Ametistu uzskata par \u201cAkme\u0146u dv\u0113seli\u201d. Laimes un gudr\u012bbas akmens. \u0100rst\u0113 nervu sist\u0113mu, pal\u012bdz pret noskaudumu, remd\u0113 dusmas, aizkaitin\u0101jumu un uzbudin\u0101jumu, gar\u012bg\u0101s s\u0101pes un satraukumu, nomierina un att\u012bra domas, l\u012bdzsvaro garast\u0101vokli, aizvada visu elektroier\u012b\u010du elektromagn\u0113tisko starojumu. Transform\u0113 miesas ener\u0123iju gar\u012bgaj\u0101. Pasarg\u0101 no gr\u0113k\u0101 kri\u0161anas. Nomierina domas un kaisles, stiprina atmi\u0146u, koncentr\u0113\u0161an\u0101s sp\u0113ju, piesaista m\u012blest\u012bbu un veiksmi. Harmoniz\u0113 visus apzi\u0146as l\u012bme\u0146us, veicina daudzpus\u012bgu person\u012bbas att\u012bst\u012bbu, labest\u012bbu, m\u012blest\u012bbu, l\u012bdzciet\u012bbu, cer\u012bbu, vesel\u012bbu, k\u0101 ar\u012b iedvesmu un mo\u017eumu, sapr\u0101t\u012bgumu un apdom\u012bgu drosmi. Paaugstina cilv\u0113ka ener\u0123\u0113tiku, pal\u012bdz galvass\u0101pju, migr\u0113nas, smadze\u0146u asinsvadu, bezmiega, podagras, neaugl\u012bbas, apdegumu, dzimumorg\u0101nu, gremo\u0161anas org\u0101nu, zarnu trakta slim\u012bbu gad\u012bjum\u0101, regul\u0113 asinsriti, aknu un nieru darb\u012bbu (dzerot \u016bdeni, kur uz nakti tas atst\u0101ts &#8211; ar\u012b pret saaukst\u0113\u0161anos, k\u0101 ar\u012b t\u012bra kapil\u0101rus). Att\u012bra asinis, stimul\u0113 asinsradi un iedvesmu, pasarg\u0101 adu no noveco\u0161anas un no vasaras raibumiem. Uzlabo sejas kr\u0101su, atjauno un \u0101rst\u0113 \u0101du, padarot to samtainu un maigu. Nostiprina redzi, no\u0146em stresu, pal\u012bdz saglab\u0101t atmi\u0146u, stimul\u0113 gremo\u0161anu. No\u0146em intoksik\u0101ciju, \u0101rst\u0113 iekaisumus. Veicina ap sevi lauku, kas ne\u013cauj noreibt un pamudina atteikties no dzer\u0161anas. Pasarg\u0101 no \u017e\u016bp\u012bbas un narkom\u0101nijas, sliktas ietekmes un ma\u0123ijas, \u010d\u016bsk\u0101m un neliet\u012bgiem cilv\u0113kiem. \u0100rst\u0113 ja ir runas trauc\u0113jumi un valodas raust\u012b\u0161ana, valk\u0101jot to 3.,7.,11. m\u0113ness dien\u0101s (\u0161aj\u0101s dien\u0101s tas ir visstipr\u0101kais ar\u012b pret cit\u0101m kait\u0113m un probl\u0113m\u0101m (sudraba ietvar\u0101), bet var b\u016bt starp citiem akme\u0146iem ar\u012b zelta ietvar\u0101.). Veicina stipru gribu un bezbail\u012bbu. Pal\u012bdz atbr\u012bvoties no skumj\u0101m un b\u0113d\u0101m, veicina l\u016bg\u0161anas par m\u012blest\u012bbu, dod prieku, harmoniju, l\u012bdzsvaru. Pasarg\u0101 no cilv\u0113kiem, kuriem ir tieksme iedz\u012bvoties uz sava tuv\u0101k\u0101 r\u0113\u0137ina. Veicina j\u016bt\u012bgumu un izv\u0113l\u012bbu saskarsm\u0113. Uzlabo soci\u0101lo st\u0101vokli, veicina atzin\u012bbu m\u0101kslas pasaul\u0113, stimul\u0113jot smadze\u0146u labo puslodi. Atkl\u0101j vilt\u012bbu un m\u0101\u0146us. Apvieno sev\u012b sarkano un melno, aukstumu un siltumu, veicinot mieru, gar\u012bgumu un zin\u0101\u0161anas par visu. Liekot to zem spilvena redz labus sap\u0146us. Priek\u0161meti novietotie virs \u0161\u012b krist\u0101la att\u012br\u0101s un stipri palielina savu ener\u0123\u0113tiku, k\u0101 ar\u012b maina savu ener\u0123\u0113tiku no (-) uz (+). Veicina komunik\u0101ciju gan person\u012bgaj\u0101 gan dar\u012bjumu sf\u0113r\u0101. Nedod att\u012bst\u012bties cilv\u0113ka sliktaj\u0101m \u012bpa\u0161\u012bb\u0101m. J\u0101valk\u0101 un j\u0101att\u012bra periodiski. Saul\u0113 var zaud\u0113t savu kr\u0101su<\/p>\n","protected":false},"excerpt":{"rendered":"<p>Ametists \u2013 apdom\u012bbas (nosv\u0113rt\u012bbas), sp\u0113ka, gudr\u012bbas un aizsardz\u012bbas akmens. Simboliz\u0113 godbij\u012bbu, pazem\u012bbu, patiesumu, vesel\u012bbu un gar\u012bgo gudr\u012bbu. Att\u012bro\u0161s krist\u0101ls \u2013<\/p>\n","protected":false},"featured_media":9942,"template":"","meta":[],"product_brand":[],"product_cat":[2293,2294],"product_tag":[],"class_list":{"0":"post-34421","1":"product","2":"type-product","3":"status-publish","4":"has-post-thumbnail","6":"product_cat-dabiskie-akmeni-rokasspradzess-auskari-gredzeni-lv","7":"product_cat-rokasspradzes-lv-lv-2","9":"first","10":"instock","11":"taxable","12":"shipping-taxable","13":"purchasable","14":"product-type-simple"},"yoast_head":"<!-- This site is optimized with the Yoast SEO Premium plugin v27.0 (Yoast SEO v27.0) - https:\/\/yoast.com\/product\/yoast-seo-premium-wordpress\/ -->\n<title>14 mm Rokasspr\u0101dze natur\u0101ls akmens Ametists - cosmetic.lv<\/title>\n<meta name=\"robots\" content=\"index, follow, max-snippet:-1, max-image-preview:large, max-video-preview:-1\" \/>\n<link rel=\"canonical\" href=\"https:\/\/cosmetic.lv\/lv\/product\/14-mm-rokasspradze-naturals-akmens-ametists\/\" \/>\n<meta property=\"og:locale\" content=\"lv_LV\" \/>\n<meta property=\"og:type\" content=\"article\" \/>\n<meta property=\"og:title\" content=\"14 mm Rokasspr\u0101dze natur\u0101ls akmens Ametists\" \/>\n<meta property=\"og:description\" content=\"Ametists \u2013 apdom\u012bbas (nosv\u0113rt\u012bbas), sp\u0113ka, gudr\u012bbas un aizsardz\u012bbas akmens. Simboliz\u0113 godbij\u012bbu, pazem\u012bbu, patiesumu, vesel\u012bbu un gar\u012bgo gudr\u012bbu. Att\u012bro\u0161s krist\u0101ls \u2013\" \/>\n<meta property=\"og:url\" content=\"https:\/\/cosmetic.lv\/lv\/product\/14-mm-rokasspradze-naturals-akmens-ametists\/\" \/>\n<meta property=\"og:site_name\" content=\"cosmetic.lv\" \/>\n<meta property=\"article:publisher\" content=\"https:\/\/www.facebook.com\/cosmetic.lv\/\" \/>\n<meta property=\"article:modified_time\" content=\"2021-02-06T17:52:45+00:00\" \/>\n<meta property=\"og:image\" content=\"https:\/\/cosmetic.lv\/wp-content\/uploads\/2021\/02\/ametist14e.jpg\" \/>\n\t<meta property=\"og:image:width\" content=\"800\" \/>\n\t<meta property=\"og:image:height\" content=\"533\" \/>\n\t<meta property=\"og:image:type\" content=\"image\/jpeg\" \/>\n<meta name=\"twitter:card\" content=\"summary_large_image\" \/>\n<script type=\"application\/ld+json\" class=\"yoast-schema-graph\">{\"@context\":\"https:\/\/schema.org\",\"@graph\":[{\"@type\":\"WebPage\",\"@id\":\"https:\/\/cosmetic.lv\/lv\/product\/14-mm-rokasspradze-naturals-akmens-ametists\/\",\"url\":\"https:\/\/cosmetic.lv\/lv\/product\/14-mm-rokasspradze-naturals-akmens-ametists\/\",\"name\":\"14 mm Rokasspr\u0101dze natur\u0101ls akmens Ametists - cosmetic.lv\",\"isPartOf\":{\"@id\":\"https:\/\/cosmetic.lv\/lv\/#website\"},\"primaryImageOfPage\":{\"@id\":\"https:\/\/cosmetic.lv\/lv\/product\/14-mm-rokasspradze-naturals-akmens-ametists\/#primaryimage\"},\"image\":{\"@id\":\"https:\/\/cosmetic.lv\/lv\/product\/14-mm-rokasspradze-naturals-akmens-ametists\/#primaryimage\"},\"thumbnailUrl\":\"https:\/\/cosmetic.lv\/wp-content\/uploads\/2021\/02\/ametist14e.jpg\",\"datePublished\":\"2021-02-06T17:52:40+00:00\",\"dateModified\":\"2021-02-06T17:52:45+00:00\",\"breadcrumb\":{\"@id\":\"https:\/\/cosmetic.lv\/lv\/product\/14-mm-rokasspradze-naturals-akmens-ametists\/#breadcrumb\"},\"inLanguage\":\"lv-LV\",\"potentialAction\":[{\"@type\":\"ReadAction\",\"target\":[\"https:\/\/cosmetic.lv\/lv\/product\/14-mm-rokasspradze-naturals-akmens-ametists\/\"]}]},{\"@type\":\"ImageObject\",\"inLanguage\":\"lv-LV\",\"@id\":\"https:\/\/cosmetic.lv\/lv\/product\/14-mm-rokasspradze-naturals-akmens-ametists\/#primaryimage\",\"url\":\"https:\/\/cosmetic.lv\/wp-content\/uploads\/2021\/02\/ametist14e.jpg\",\"contentUrl\":\"https:\/\/cosmetic.lv\/wp-content\/uploads\/2021\/02\/ametist14e.jpg\",\"width\":800,\"height\":533,\"caption\":\"ametist14e.JPG\"},{\"@type\":\"BreadcrumbList\",\"@id\":\"https:\/\/cosmetic.lv\/lv\/product\/14-mm-rokasspradze-naturals-akmens-ametists\/#breadcrumb\",\"itemListElement\":[{\"@type\":\"ListItem\",\"position\":1,\"name\":\"Home\",\"item\":\"https:\/\/cosmetic.lv\/lv\/\"},{\"@type\":\"ListItem\",\"position\":2,\"name\":\"Veikals\",\"item\":\"https:\/\/cosmetic.lv\/lv\/veiklas\/\"},{\"@type\":\"ListItem\",\"position\":3,\"name\":\"14 mm Rokasspr\u0101dze natur\u0101ls akmens Ametists\"}]},{\"@type\":\"WebSite\",\"@id\":\"https:\/\/cosmetic.lv\/lv\/#website\",\"url\":\"https:\/\/cosmetic.lv\/lv\/\",\"name\":\"cosmetic.lv\",\"description\":\"Profesion\u0101la kosm\u0113tika - Maria Galland, Keune, Arkadija, GMT, Guam, Magiray\",\"publisher\":{\"@id\":\"https:\/\/cosmetic.lv\/lv\/#organization\"},\"potentialAction\":[{\"@type\":\"SearchAction\",\"target\":{\"@type\":\"EntryPoint\",\"urlTemplate\":\"https:\/\/cosmetic.lv\/lv\/?s={search_term_string}\"},\"query-input\":{\"@type\":\"PropertyValueSpecification\",\"valueRequired\":true,\"valueName\":\"search_term_string\"}}],\"inLanguage\":\"lv-LV\"},{\"@type\":\"Organization\",\"@id\":\"https:\/\/cosmetic.lv\/lv\/#organization\",\"name\":\"COSMETIC.LV\",\"url\":\"https:\/\/cosmetic.lv\/lv\/\",\"logo\":{\"@type\":\"ImageObject\",\"inLanguage\":\"lv-LV\",\"@id\":\"https:\/\/cosmetic.lv\/lv\/#\/schema\/logo\/image\/\",\"url\":\"https:\/\/cosmetic.lv\/wp-content\/uploads\/2021\/02\/cosmetic.lv_logo.jpg\",\"contentUrl\":\"https:\/\/cosmetic.lv\/wp-content\/uploads\/2021\/02\/cosmetic.lv_logo.jpg\",\"width\":596,\"height\":196,\"caption\":\"COSMETIC.LV\"},\"image\":{\"@id\":\"https:\/\/cosmetic.lv\/lv\/#\/schema\/logo\/image\/\"},\"sameAs\":[\"https:\/\/www.facebook.com\/cosmetic.lv\/\"]}]}<\/script>\n<meta property=\"product:price:amount\" content=\"19.06\" \/>\n<meta property=\"product:price:currency\" content=\"EUR\" \/>\n<meta property=\"og:availability\" content=\"instock\" \/>\n<meta property=\"product:availability\" content=\"instock\" \/>\n<meta property=\"product:retailer_item_id\" content=\"am14\" \/>\n<meta property=\"product:condition\" content=\"new\" \/>\n<!-- \/ Yoast SEO Premium plugin. -->","yoast_head_json":{"title":"14 mm Rokasspr\u0101dze natur\u0101ls akmens Ametists - cosmetic.lv","robots":{"index":"index","follow":"follow","max-snippet":"max-snippet:-1","max-image-preview":"max-image-preview:large","max-video-preview":"max-video-preview:-1"},"canonical":"https:\/\/cosmetic.lv\/lv\/product\/14-mm-rokasspradze-naturals-akmens-ametists\/","og_locale":"lv_LV","og_type":"article","og_title":"14 mm Rokasspr\u0101dze natur\u0101ls akmens Ametists","og_description":"Ametists \u2013 apdom\u012bbas (nosv\u0113rt\u012bbas), sp\u0113ka, gudr\u012bbas un aizsardz\u012bbas akmens. Simboliz\u0113 godbij\u012bbu, pazem\u012bbu, patiesumu, vesel\u012bbu un gar\u012bgo gudr\u012bbu. Att\u012bro\u0161s krist\u0101ls \u2013","og_url":"https:\/\/cosmetic.lv\/lv\/product\/14-mm-rokasspradze-naturals-akmens-ametists\/","og_site_name":"cosmetic.lv","article_publisher":"https:\/\/www.facebook.com\/cosmetic.lv\/","article_modified_time":"2021-02-06T17:52:45+00:00","og_image":[{"width":800,"height":533,"url":"https:\/\/cosmetic.lv\/wp-content\/uploads\/2021\/02\/ametist14e.jpg","type":"image\/jpeg"}],"twitter_card":"summary_large_image","schema":{"@context":"https:\/\/schema.org","@graph":[{"@type":"WebPage","@id":"https:\/\/cosmetic.lv\/lv\/product\/14-mm-rokasspradze-naturals-akmens-ametists\/","url":"https:\/\/cosmetic.lv\/lv\/product\/14-mm-rokasspradze-naturals-akmens-ametists\/","name":"14 mm Rokasspr\u0101dze natur\u0101ls akmens Ametists - cosmetic.lv","isPartOf":{"@id":"https:\/\/cosmetic.lv\/lv\/#website"},"primaryImageOfPage":{"@id":"https:\/\/cosmetic.lv\/lv\/product\/14-mm-rokasspradze-naturals-akmens-ametists\/#primaryimage"},"image":{"@id":"https:\/\/cosmetic.lv\/lv\/product\/14-mm-rokasspradze-naturals-akmens-ametists\/#primaryimage"},"thumbnailUrl":"https:\/\/cosmetic.lv\/wp-content\/uploads\/2021\/02\/ametist14e.jpg","datePublished":"2021-02-06T17:52:40+00:00","dateModified":"2021-02-06T17:52:45+00:00","breadcrumb":{"@id":"https:\/\/cosmetic.lv\/lv\/product\/14-mm-rokasspradze-naturals-akmens-ametists\/#breadcrumb"},"inLanguage":"lv-LV","potentialAction":[{"@type":"ReadAction","target":["https:\/\/cosmetic.lv\/lv\/product\/14-mm-rokasspradze-naturals-akmens-ametists\/"]}]},{"@type":"ImageObject","inLanguage":"lv-LV","@id":"https:\/\/cosmetic.lv\/lv\/product\/14-mm-rokasspradze-naturals-akmens-ametists\/#primaryimage","url":"https:\/\/cosmetic.lv\/wp-content\/uploads\/2021\/02\/ametist14e.jpg","contentUrl":"https:\/\/cosmetic.lv\/wp-content\/uploads\/2021\/02\/ametist14e.jpg","width":800,"height":533,"caption":"ametist14e.JPG"},{"@type":"BreadcrumbList","@id":"https:\/\/cosmetic.lv\/lv\/product\/14-mm-rokasspradze-naturals-akmens-ametists\/#breadcrumb","itemListElement":[{"@type":"ListItem","position":1,"name":"Home","item":"https:\/\/cosmetic.lv\/lv\/"},{"@type":"ListItem","position":2,"name":"Veikals","item":"https:\/\/cosmetic.lv\/lv\/veiklas\/"},{"@type":"ListItem","position":3,"name":"14 mm Rokasspr\u0101dze natur\u0101ls akmens Ametists"}]},{"@type":"WebSite","@id":"https:\/\/cosmetic.lv\/lv\/#website","url":"https:\/\/cosmetic.lv\/lv\/","name":"cosmetic.lv","description":"Profesion\u0101la kosm\u0113tika - Maria Galland, Keune, Arkadija, GMT, Guam, Magiray","publisher":{"@id":"https:\/\/cosmetic.lv\/lv\/#organization"},"potentialAction":[{"@type":"SearchAction","target":{"@type":"EntryPoint","urlTemplate":"https:\/\/cosmetic.lv\/lv\/?s={search_term_string}"},"query-input":{"@type":"PropertyValueSpecification","valueRequired":true,"valueName":"search_term_string"}}],"inLanguage":"lv-LV"},{"@type":"Organization","@id":"https:\/\/cosmetic.lv\/lv\/#organization","name":"COSMETIC.LV","url":"https:\/\/cosmetic.lv\/lv\/","logo":{"@type":"ImageObject","inLanguage":"lv-LV","@id":"https:\/\/cosmetic.lv\/lv\/#\/schema\/logo\/image\/","url":"https:\/\/cosmetic.lv\/wp-content\/uploads\/2021\/02\/cosmetic.lv_logo.jpg","contentUrl":"https:\/\/cosmetic.lv\/wp-content\/uploads\/2021\/02\/cosmetic.lv_logo.jpg","width":596,"height":196,"caption":"COSMETIC.LV"},"image":{"@id":"https:\/\/cosmetic.lv\/lv\/#\/schema\/logo\/image\/"},"sameAs":["https:\/\/www.facebook.com\/cosmetic.lv\/"]}]},"product_price_amount":"19.06","product_price_currency":"EUR","og_availability":"instock","product_availability":"instock","product_retailer_item_id":"am14","product_condition":"new"},"_links":{"self":[{"href":"https:\/\/cosmetic.lv\/lv\/wp-json\/wp\/v2\/product\/34421","targetHints":{"allow":["GET"]}}],"collection":[{"href":"https:\/\/cosmetic.lv\/lv\/wp-json\/wp\/v2\/product"}],"about":[{"href":"https:\/\/cosmetic.lv\/lv\/wp-json\/wp\/v2\/types\/product"}],"wp:featuredmedia":[{"embeddable":true,"href":"https:\/\/cosmetic.lv\/lv\/wp-json\/wp\/v2\/media\/9942"}],"wp:attachment":[{"href":"https:\/\/cosmetic.lv\/lv\/wp-json\/wp\/v2\/media?parent=34421"}],"wp:term":[{"taxonomy":"product_brand","embeddable":true,"href":"https:\/\/cosmetic.lv\/lv\/wp-json\/wp\/v2\/product_brand?post=34421"},{"taxonomy":"product_cat","embeddable":true,"href":"https:\/\/cosmetic.lv\/lv\/wp-json\/wp\/v2\/product_cat?post=34421"},{"taxonomy":"product_tag","embeddable":true,"href":"https:\/\/cosmetic.lv\/lv\/wp-json\/wp\/v2\/product_tag?post=34421"}],"curies":[{"name":"wp","href":"https:\/\/api.w.org\/{rel}","templated":true}]}}