{"id":34424,"date":"2021-02-05T22:41:50","date_gmt":"2021-02-06T17:52:49","guid":{"rendered":"https:\/\/damme.lv\/product\/12-mm-rokasspradze-naturals-akmens-pikasso-veiksmei-labklajibai-un-laimei\/"},"modified":"2021-02-06T19:52:49","modified_gmt":"2021-02-06T17:52:49","slug":"12-mm-rokasspradze-naturals-akmens-pikasso-veiksmei-labklajibai-un-laimei","status":"publish","type":"product","link":"https:\/\/cosmetic.lv\/lv\/product\/12-mm-rokasspradze-naturals-akmens-pikasso-veiksmei-labklajibai-un-laimei\/","title":{"rendered":"12 mm Rokasspr\u0101dze natur\u0101ls akmens Pikasso &#8211; veiksmei, labkl\u0101j\u012bbai un laimei"},"content":{"rendered":"<p>Pikasso ja\u0161ma (Pikasso akmens, Pikasso marmors). \u2018\u2019Pamodina\u2019\u2019 cilv\u0113ku, un atg\u0101dina, ka v\u0113l nav par v\u0113lu, lai baud\u012btu dz\u012bvi. Pal\u012bdz atsl\u0101bin\u0101ties, un izbaud\u012bt dz\u012bvi.<\/p>\n<p>Var pielietot pie acu kait\u0113m.\u0160\u012b aproce ir interesants ar to, ka katr\u0101 lod\u012btes k\u0101 kr\u0101sot ar gleznot\u0101js) un k\u0101p\u0113c \u0161is akmens ir nosaukums. Piln\u012bgi saska\u0146ota kr\u0101sas rakstura harmonij\u0101 viens ar otru, radot neticami v\u0113l dz\u012bvi.<\/p>\n<p>Kop\u0161 seniem laikiem, nefr\u012btu tika izmantots burvju ritu\u0101liem. Vi\u0146a pie\u0161\u0137\u012brusi patiesi ma\u0123iskas \u012bpa\u0161\u012bbas, piem\u0113ram, ka tas pasarg\u0101 m\u0101ju no zi\u0146k\u0101r\u012bgo ac\u012bm un \u013cauno. Da\u017e\u0101s no telp\u0101m, un pat temp\u013ci tika paredz\u0113tajiem st\u0101viem no Jasper uz nev\u0113lamiem viesiem nesp\u0113j iek\u013c\u016bt r\u016bp\u012bgi aizsarg\u0101jam\u0101s ke\u0161atmi\u0146as. Da\u017e\u0101du burvju ritu\u0101los daudz\u0101s valst\u012bs, \u012bpa\u0161i sagatavotiem \u0113dieniem, b\u013codas, v\u0101zes ja\u0161ma. Burvju instrumenti tika tur\u0113ti z\u0101rks izgatavots no ja\u0161ma. Sage vienm\u0113r apgalvojusi, ka Jasper sp\u0113j aizsarg\u0101t pret uzbrukumiem agres\u012bviem dz\u012bvniekiem.<\/p>\n<p>Mages var izmantot ja\u0161ma ietekm\u0113t likteni cilv\u0113ks t\u0101lum\u0101. Lai to izdar\u012btu r\u0101mis izgatavots no \u0161\u012bs miner\u0101lvielas ir ievietota portretu, virs kura tiek veikta burvju darb\u012bbas.<\/p>\n<p>Tas jau sen ir zin\u0101ms, ka Jasper sp\u0113j pabarot cilv\u0113ku pozit\u012bvu ener\u0123iju, t\u0101p\u0113c ir lietder\u012bgi valk\u0101t produktu no \u0161\u012b akmens. J\u016bs v\u0113laties, lai j\u016bsu m\u0101j\u0101s bija miers un harmonija, tas ir nepiecie\u0161ams, lai rot\u0101 istabu ar v\u0101zes un l\u0101d\u012btes no ja\u0161ma. Tie darbojas k\u0101 amuletus, aizsarg\u0101jot m\u0101jas no skaud\u012bbas, dusm\u0101m un cit\u0101m negat\u012bv\u0101m ietekm\u0113m pasaul\u0113. Daudz\u0101s valst\u012bs, tiek uzskat\u012bts, ka ja\u0161ma piesaista m\u0101j\u0101 labu veiksmi, laimi un labkl\u0101j\u012bbu.<\/p>\n<p>Eksperti burvju \u012bpa\u0161\u012bbas akme\u0146iem apgalvo, ka, ja mier\u012bgi ielikt kabat\u0101 k\u0101du ja\u0161ma m\u012b\u013c\u0101 cilv\u0113ka, tas amulets lai pasarg\u0101tu vi\u0146u no nepatik\u0161an\u0101m, \u013caunas acs, un tum\u0161\u0101 ma\u0123ija.<\/p>\n<p>Jasper &#8211; akmens cilv\u0113ki, kas dzimu\u0161i ar z\u012bmi Jaunava, kas atver acis, vi\u0146\u0161 dod gudr\u012bbu, un aizsardz\u012bbu pret \u013cauno likteni.<\/p>\n<p>Jasper &#8211; talismans ce\u013cot\u0101ju, zin\u0101tnieki un al\u0137\u012bmi\u0137i. Bumbi\u0146as \u0161\u012bs miner\u0101lvielas k\u0101 talismans var glab\u0101t no izsitumi darb\u012bbas. Ov\u0101las akme\u0146i ir talismans papildin\u0101t ener\u0123ijas telpu. Rupja Akmens &#8211; talismans, laime un aizsardz\u012bba no skaud\u012bbas.<\/p>\n<p>Pat senie grie\u0137i, kas saist\u012btas ar ja\u0161ma neitraliz\u0113t indes un dzied\u0113t visas kaites. T\u0101d\u0113j\u0101di, Bizantijas imperators Manuel deva klosteris uz Mount Athos tasi Jasper, kas esot iebildis pret indi, un dziedin\u0101ja visas slim\u012bbas.<\/p>\n<p>Talisman dod gudr\u012bbu, sp\u0113ku, prognoz\u0113\u0161anu un gara sp\u0113ks; Tas pal\u012bdz izl\u012bdzin\u0101t attiec\u012bbas darb\u0101, ar saviem priek\u0161niekiem. Simbolisk\u0101 noz\u012bme: drosme.<\/p>\n<p>Astrolo\u0123ija: Ieteicams valk\u0101t Virgin, Str\u0113lnieks, V\u0113rsis. Ja\u0161ma Nav piem\u0113rots Gemini, Auns. Akmens ir saist\u012bta ar ener\u0123ij\u0101m plan\u0113tas Jupiters, dz\u012bvsudraba.<\/p>\n<p>Terapeitisk\u0101 iedarb\u012bba (Litoterapija): Jasper apels\u012bnu to\u0146i &#8211; diena, augstas ener\u0123ijas akme\u0146i, akme\u0146i, \u0101rsti ar pla\u0161u aktivit\u0101\u0161u. Bloody ja\u0161ma kroveochistitelnym ir liels potenci\u0101ls, asinis apst\u0101jas asi\u0146o\u0161ana, dzied\u0113 br\u016bces. Jasper nostiprina sirds, acis, ku\u0146\u0123\u012b.<\/p>\n<p>Ieteikumi sarkan\u0101 ja\u0161ma ieteicams malu ni\u0137e\u013ca sudraba, otra no t\u0101s sugas, zelts, alum\u012bnija, tit\u0101na un to sakaus\u0113jumu.<\/p>\n","protected":false},"excerpt":{"rendered":"<p>Pikasso ja\u0161ma (Pikasso akmens, Pikasso marmors). \u2018\u2019Pamodina\u2019\u2019 cilv\u0113ku, un atg\u0101dina, ka v\u0113l nav par v\u0113lu, lai baud\u012btu dz\u012bvi. Pal\u012bdz atsl\u0101bin\u0101ties,<\/p>\n","protected":false},"featured_media":9951,"template":"","meta":[],"product_brand":[],"product_cat":[2293,2294],"product_tag":[],"class_list":{"0":"post-34424","1":"product","2":"type-product","3":"status-publish","4":"has-post-thumbnail","6":"product_cat-dabiskie-akmeni-rokasspradzess-auskari-gredzeni-lv","7":"product_cat-rokasspradzes-lv-lv-2","9":"first","10":"instock","11":"sale","12":"taxable","13":"shipping-taxable","14":"purchasable","15":"product-type-simple"},"yoast_head":"<!-- This site is optimized with the Yoast SEO Premium plugin v27.0 (Yoast SEO v27.0) - https:\/\/yoast.com\/product\/yoast-seo-premium-wordpress\/ -->\n<title>12 mm Rokasspr\u0101dze natur\u0101ls akmens Pikasso - veiksmei, labkl\u0101j\u012bbai un laimei - cosmetic.lv<\/title>\n<meta name=\"robots\" content=\"index, follow, max-snippet:-1, max-image-preview:large, max-video-preview:-1\" \/>\n<link rel=\"canonical\" href=\"https:\/\/cosmetic.lv\/lv\/product\/12-mm-rokasspradze-naturals-akmens-pikasso-veiksmei-labklajibai-un-laimei\/\" \/>\n<meta property=\"og:locale\" content=\"lv_LV\" \/>\n<meta property=\"og:type\" content=\"article\" \/>\n<meta property=\"og:title\" content=\"12 mm Rokasspr\u0101dze natur\u0101ls akmens Pikasso - veiksmei, labkl\u0101j\u012bbai un laimei\" \/>\n<meta property=\"og:description\" content=\"Pikasso ja\u0161ma (Pikasso akmens, Pikasso marmors). \u2018\u2019Pamodina\u2019\u2019 cilv\u0113ku, un atg\u0101dina, ka v\u0113l nav par v\u0113lu, lai baud\u012btu dz\u012bvi. Pal\u012bdz atsl\u0101bin\u0101ties,\" \/>\n<meta property=\"og:url\" content=\"https:\/\/cosmetic.lv\/lv\/product\/12-mm-rokasspradze-naturals-akmens-pikasso-veiksmei-labklajibai-un-laimei\/\" \/>\n<meta property=\"og:site_name\" content=\"cosmetic.lv\" \/>\n<meta property=\"article:publisher\" content=\"https:\/\/www.facebook.com\/cosmetic.lv\/\" \/>\n<meta property=\"og:image\" content=\"https:\/\/cosmetic.lv\/wp-content\/uploads\/2021\/02\/pikaso2.jpg\" \/>\n\t<meta property=\"og:image:width\" content=\"800\" \/>\n\t<meta property=\"og:image:height\" content=\"533\" \/>\n\t<meta property=\"og:image:type\" content=\"image\/jpeg\" \/>\n<meta name=\"twitter:card\" content=\"summary_large_image\" \/>\n<script type=\"application\/ld+json\" class=\"yoast-schema-graph\">{\"@context\":\"https:\/\/schema.org\",\"@graph\":[{\"@type\":\"WebPage\",\"@id\":\"https:\/\/cosmetic.lv\/lv\/product\/12-mm-rokasspradze-naturals-akmens-pikasso-veiksmei-labklajibai-un-laimei\/\",\"url\":\"https:\/\/cosmetic.lv\/lv\/product\/12-mm-rokasspradze-naturals-akmens-pikasso-veiksmei-labklajibai-un-laimei\/\",\"name\":\"12 mm Rokasspr\u0101dze natur\u0101ls akmens Pikasso - veiksmei, labkl\u0101j\u012bbai un laimei - cosmetic.lv\",\"isPartOf\":{\"@id\":\"https:\/\/cosmetic.lv\/lv\/#website\"},\"primaryImageOfPage\":{\"@id\":\"https:\/\/cosmetic.lv\/lv\/product\/12-mm-rokasspradze-naturals-akmens-pikasso-veiksmei-labklajibai-un-laimei\/#primaryimage\"},\"image\":{\"@id\":\"https:\/\/cosmetic.lv\/lv\/product\/12-mm-rokasspradze-naturals-akmens-pikasso-veiksmei-labklajibai-un-laimei\/#primaryimage\"},\"thumbnailUrl\":\"https:\/\/cosmetic.lv\/wp-content\/uploads\/2021\/02\/pikaso2.jpg\",\"datePublished\":\"2021-02-06T17:52:49+00:00\",\"breadcrumb\":{\"@id\":\"https:\/\/cosmetic.lv\/lv\/product\/12-mm-rokasspradze-naturals-akmens-pikasso-veiksmei-labklajibai-un-laimei\/#breadcrumb\"},\"inLanguage\":\"lv-LV\",\"potentialAction\":[{\"@type\":\"ReadAction\",\"target\":[\"https:\/\/cosmetic.lv\/lv\/product\/12-mm-rokasspradze-naturals-akmens-pikasso-veiksmei-labklajibai-un-laimei\/\"]}]},{\"@type\":\"ImageObject\",\"inLanguage\":\"lv-LV\",\"@id\":\"https:\/\/cosmetic.lv\/lv\/product\/12-mm-rokasspradze-naturals-akmens-pikasso-veiksmei-labklajibai-un-laimei\/#primaryimage\",\"url\":\"https:\/\/cosmetic.lv\/wp-content\/uploads\/2021\/02\/pikaso2.jpg\",\"contentUrl\":\"https:\/\/cosmetic.lv\/wp-content\/uploads\/2021\/02\/pikaso2.jpg\",\"width\":800,\"height\":533,\"caption\":\"pikaso2.JPG\"},{\"@type\":\"BreadcrumbList\",\"@id\":\"https:\/\/cosmetic.lv\/lv\/product\/12-mm-rokasspradze-naturals-akmens-pikasso-veiksmei-labklajibai-un-laimei\/#breadcrumb\",\"itemListElement\":[{\"@type\":\"ListItem\",\"position\":1,\"name\":\"Home\",\"item\":\"https:\/\/cosmetic.lv\/lv\/\"},{\"@type\":\"ListItem\",\"position\":2,\"name\":\"Veikals\",\"item\":\"https:\/\/cosmetic.lv\/lv\/veiklas\/\"},{\"@type\":\"ListItem\",\"position\":3,\"name\":\"12 mm Rokasspr\u0101dze natur\u0101ls akmens Pikasso &#8211; veiksmei, labkl\u0101j\u012bbai un laimei\"}]},{\"@type\":\"WebSite\",\"@id\":\"https:\/\/cosmetic.lv\/lv\/#website\",\"url\":\"https:\/\/cosmetic.lv\/lv\/\",\"name\":\"cosmetic.lv\",\"description\":\"Profesion\u0101la kosm\u0113tika - Maria Galland, Keune, Arkadija, GMT, Guam, Magiray\",\"publisher\":{\"@id\":\"https:\/\/cosmetic.lv\/lv\/#organization\"},\"potentialAction\":[{\"@type\":\"SearchAction\",\"target\":{\"@type\":\"EntryPoint\",\"urlTemplate\":\"https:\/\/cosmetic.lv\/lv\/?s={search_term_string}\"},\"query-input\":{\"@type\":\"PropertyValueSpecification\",\"valueRequired\":true,\"valueName\":\"search_term_string\"}}],\"inLanguage\":\"lv-LV\"},{\"@type\":\"Organization\",\"@id\":\"https:\/\/cosmetic.lv\/lv\/#organization\",\"name\":\"COSMETIC.LV\",\"url\":\"https:\/\/cosmetic.lv\/lv\/\",\"logo\":{\"@type\":\"ImageObject\",\"inLanguage\":\"lv-LV\",\"@id\":\"https:\/\/cosmetic.lv\/lv\/#\/schema\/logo\/image\/\",\"url\":\"https:\/\/cosmetic.lv\/wp-content\/uploads\/2021\/02\/cosmetic.lv_logo.jpg\",\"contentUrl\":\"https:\/\/cosmetic.lv\/wp-content\/uploads\/2021\/02\/cosmetic.lv_logo.jpg\",\"width\":596,\"height\":196,\"caption\":\"COSMETIC.LV\"},\"image\":{\"@id\":\"https:\/\/cosmetic.lv\/lv\/#\/schema\/logo\/image\/\"},\"sameAs\":[\"https:\/\/www.facebook.com\/cosmetic.lv\/\"]}]}<\/script>\n<meta property=\"product:price:amount\" content=\"12.50\" \/>\n<meta property=\"product:price:currency\" content=\"EUR\" \/>\n<meta property=\"og:availability\" content=\"instock\" \/>\n<meta property=\"product:availability\" content=\"instock\" \/>\n<meta property=\"product:retailer_item_id\" content=\"pikass\" \/>\n<meta property=\"product:condition\" content=\"new\" \/>\n<!-- \/ Yoast SEO Premium plugin. -->","yoast_head_json":{"title":"12 mm Rokasspr\u0101dze natur\u0101ls akmens Pikasso - veiksmei, labkl\u0101j\u012bbai un laimei - cosmetic.lv","robots":{"index":"index","follow":"follow","max-snippet":"max-snippet:-1","max-image-preview":"max-image-preview:large","max-video-preview":"max-video-preview:-1"},"canonical":"https:\/\/cosmetic.lv\/lv\/product\/12-mm-rokasspradze-naturals-akmens-pikasso-veiksmei-labklajibai-un-laimei\/","og_locale":"lv_LV","og_type":"article","og_title":"12 mm Rokasspr\u0101dze natur\u0101ls akmens Pikasso - veiksmei, labkl\u0101j\u012bbai un laimei","og_description":"Pikasso ja\u0161ma (Pikasso akmens, Pikasso marmors). \u2018\u2019Pamodina\u2019\u2019 cilv\u0113ku, un atg\u0101dina, ka v\u0113l nav par v\u0113lu, lai baud\u012btu dz\u012bvi. Pal\u012bdz atsl\u0101bin\u0101ties,","og_url":"https:\/\/cosmetic.lv\/lv\/product\/12-mm-rokasspradze-naturals-akmens-pikasso-veiksmei-labklajibai-un-laimei\/","og_site_name":"cosmetic.lv","article_publisher":"https:\/\/www.facebook.com\/cosmetic.lv\/","og_image":[{"width":800,"height":533,"url":"https:\/\/cosmetic.lv\/wp-content\/uploads\/2021\/02\/pikaso2.jpg","type":"image\/jpeg"}],"twitter_card":"summary_large_image","schema":{"@context":"https:\/\/schema.org","@graph":[{"@type":"WebPage","@id":"https:\/\/cosmetic.lv\/lv\/product\/12-mm-rokasspradze-naturals-akmens-pikasso-veiksmei-labklajibai-un-laimei\/","url":"https:\/\/cosmetic.lv\/lv\/product\/12-mm-rokasspradze-naturals-akmens-pikasso-veiksmei-labklajibai-un-laimei\/","name":"12 mm Rokasspr\u0101dze natur\u0101ls akmens Pikasso - veiksmei, labkl\u0101j\u012bbai un laimei - cosmetic.lv","isPartOf":{"@id":"https:\/\/cosmetic.lv\/lv\/#website"},"primaryImageOfPage":{"@id":"https:\/\/cosmetic.lv\/lv\/product\/12-mm-rokasspradze-naturals-akmens-pikasso-veiksmei-labklajibai-un-laimei\/#primaryimage"},"image":{"@id":"https:\/\/cosmetic.lv\/lv\/product\/12-mm-rokasspradze-naturals-akmens-pikasso-veiksmei-labklajibai-un-laimei\/#primaryimage"},"thumbnailUrl":"https:\/\/cosmetic.lv\/wp-content\/uploads\/2021\/02\/pikaso2.jpg","datePublished":"2021-02-06T17:52:49+00:00","breadcrumb":{"@id":"https:\/\/cosmetic.lv\/lv\/product\/12-mm-rokasspradze-naturals-akmens-pikasso-veiksmei-labklajibai-un-laimei\/#breadcrumb"},"inLanguage":"lv-LV","potentialAction":[{"@type":"ReadAction","target":["https:\/\/cosmetic.lv\/lv\/product\/12-mm-rokasspradze-naturals-akmens-pikasso-veiksmei-labklajibai-un-laimei\/"]}]},{"@type":"ImageObject","inLanguage":"lv-LV","@id":"https:\/\/cosmetic.lv\/lv\/product\/12-mm-rokasspradze-naturals-akmens-pikasso-veiksmei-labklajibai-un-laimei\/#primaryimage","url":"https:\/\/cosmetic.lv\/wp-content\/uploads\/2021\/02\/pikaso2.jpg","contentUrl":"https:\/\/cosmetic.lv\/wp-content\/uploads\/2021\/02\/pikaso2.jpg","width":800,"height":533,"caption":"pikaso2.JPG"},{"@type":"BreadcrumbList","@id":"https:\/\/cosmetic.lv\/lv\/product\/12-mm-rokasspradze-naturals-akmens-pikasso-veiksmei-labklajibai-un-laimei\/#breadcrumb","itemListElement":[{"@type":"ListItem","position":1,"name":"Home","item":"https:\/\/cosmetic.lv\/lv\/"},{"@type":"ListItem","position":2,"name":"Veikals","item":"https:\/\/cosmetic.lv\/lv\/veiklas\/"},{"@type":"ListItem","position":3,"name":"12 mm Rokasspr\u0101dze natur\u0101ls akmens Pikasso &#8211; veiksmei, labkl\u0101j\u012bbai un laimei"}]},{"@type":"WebSite","@id":"https:\/\/cosmetic.lv\/lv\/#website","url":"https:\/\/cosmetic.lv\/lv\/","name":"cosmetic.lv","description":"Profesion\u0101la kosm\u0113tika - Maria Galland, Keune, Arkadija, GMT, Guam, Magiray","publisher":{"@id":"https:\/\/cosmetic.lv\/lv\/#organization"},"potentialAction":[{"@type":"SearchAction","target":{"@type":"EntryPoint","urlTemplate":"https:\/\/cosmetic.lv\/lv\/?s={search_term_string}"},"query-input":{"@type":"PropertyValueSpecification","valueRequired":true,"valueName":"search_term_string"}}],"inLanguage":"lv-LV"},{"@type":"Organization","@id":"https:\/\/cosmetic.lv\/lv\/#organization","name":"COSMETIC.LV","url":"https:\/\/cosmetic.lv\/lv\/","logo":{"@type":"ImageObject","inLanguage":"lv-LV","@id":"https:\/\/cosmetic.lv\/lv\/#\/schema\/logo\/image\/","url":"https:\/\/cosmetic.lv\/wp-content\/uploads\/2021\/02\/cosmetic.lv_logo.jpg","contentUrl":"https:\/\/cosmetic.lv\/wp-content\/uploads\/2021\/02\/cosmetic.lv_logo.jpg","width":596,"height":196,"caption":"COSMETIC.LV"},"image":{"@id":"https:\/\/cosmetic.lv\/lv\/#\/schema\/logo\/image\/"},"sameAs":["https:\/\/www.facebook.com\/cosmetic.lv\/"]}]},"product_price_amount":"12.50","product_price_currency":"EUR","og_availability":"instock","product_availability":"instock","product_retailer_item_id":"pikass","product_condition":"new"},"_links":{"self":[{"href":"https:\/\/cosmetic.lv\/lv\/wp-json\/wp\/v2\/product\/34424","targetHints":{"allow":["GET"]}}],"collection":[{"href":"https:\/\/cosmetic.lv\/lv\/wp-json\/wp\/v2\/product"}],"about":[{"href":"https:\/\/cosmetic.lv\/lv\/wp-json\/wp\/v2\/types\/product"}],"wp:featuredmedia":[{"embeddable":true,"href":"https:\/\/cosmetic.lv\/lv\/wp-json\/wp\/v2\/media\/9951"}],"wp:attachment":[{"href":"https:\/\/cosmetic.lv\/lv\/wp-json\/wp\/v2\/media?parent=34424"}],"wp:term":[{"taxonomy":"product_brand","embeddable":true,"href":"https:\/\/cosmetic.lv\/lv\/wp-json\/wp\/v2\/product_brand?post=34424"},{"taxonomy":"product_cat","embeddable":true,"href":"https:\/\/cosmetic.lv\/lv\/wp-json\/wp\/v2\/product_cat?post=34424"},{"taxonomy":"product_tag","embeddable":true,"href":"https:\/\/cosmetic.lv\/lv\/wp-json\/wp\/v2\/product_tag?post=34424"}],"curies":[{"name":"wp","href":"https:\/\/api.w.org\/{rel}","templated":true}]}}