{"id":34463,"date":"2021-02-05T22:42:02","date_gmt":"2021-02-06T17:53:14","guid":{"rendered":"https:\/\/damme.lv\/product\/cakru-eteriskas-ellas-7-aromati-7-gab-indija\/"},"modified":"2021-02-06T21:49:03","modified_gmt":"2021-02-06T19:49:03","slug":"cakru-eteriskas-ellas-7-aromati-7-gab-indija","status":"publish","type":"product","link":"https:\/\/cosmetic.lv\/lv\/product\/cakru-eteriskas-ellas-7-aromati-7-gab-indija\/","title":{"rendered":"\u010cAKRU \u0113terisk\u0101s e\u013c\u013cas 7 arom\u0101ti &#8211; 7 gab Indija"},"content":{"rendered":"<p>\u010cakra komplekt\u0101 tiek izmantotas augstas kvalit\u0101tes \u0113terisk\u0101s un b\u0101zes e\u013c\u013cas. Receptes tiek balst\u012btas uz sen\u0101m Ajurv\u0113das zin\u0101\u0161an\u0101m.<\/p>\n<p>Septi\u0146as \u010dakras m\u016bsu \u0137ermen\u012b  ir ener\u0123ijas centri,caur kuriem pl\u016bst Dievi\u0161\u0137\u0101 ener\u0123ija<\/p>\n<p>\u2022\tPirm\u0101 \u010dakra-Pamatnes \u010dakra. Kr\u0101sa-sarkana.Atrodas mugurkaula pamatn\u0113.Atbild par pamatu,dro\u0161\u012bbas saj\u016btu. Iedarbojas-materi\u0101la neatkar\u012bba,pa\u0161saglab\u0101\u0161an\u0101s instinkts,\u0113diens.<\/p>\n<p>\u2022\tOtr\u0101 \u010dakra-Sakr\u0101l\u0101 \u010dakra.Kr\u0101sa-oran\u017ea.Atrodas starp nabu un mugurkaula pamatni.Atbild par ado\u0161umu,seksualit\u0101ti,sp\u0113ju pie\u0146emt p\u0101rmai\u0146as.Iedarbojas abkl\u0101j\u012bba, p\u0101rpiln\u012bba,prieks.<\/p>\n<p>\u2022\tTre\u0161\u0101 \u010dakra- Saules pinuma \u010dakra. Kr\u0101sa-dzeltena. Atrodas saules pinum\u0101. Atbild par sp\u0113ju b\u016bt p\u0101rliecin\u0101tiem,iek\u0161\u0113jo mieru.Iedarbojas-pa\u0161v\u0113rt\u0113jums,pa\u0161p\u0101rliec\u012bba,pa\u0161apzi\u0146a.<\/p>\n<p>\u2022\tCeturt\u0101 \u010dakra-Sirds \u010dakra. Kr\u0101sa-za\u013ca,roz\u0101. Atrodas kr\u016b\u0161kurvja centr\u0101. Atbild par sp\u0113ju m\u012bl\u0113t,beznosac\u012bjuma m\u012blest\u012bbu. Iedarbojas-l\u012bdzj\u016bt\u012bba, nesavt\u012bgums ,iek\u0161\u0113jais miers,prieks. <\/p>\n<p>\u2022\tPiekt\u0101 \u010dakra-Kakla \u010dakra. Kr\u0101sa-zila. Atrodas kakla centr\u0101. Atbild par sp\u0113ju komunic\u0113t,izteikties,gribassp\u0113ku. Iedarbojas-pa\u0161izteiksme,j\u016btu un taisn\u012bbas izpausme. <\/p>\n<p>\u2022\tSest\u0101 \u010dakra-Tre\u0161\u0101s acs \u010dakra. Kr\u0101sa-indigo. Atrodas starp uzac\u012bm. Atbild par sp\u0113ju fokus\u0113ties un redz\u0113t veselumu. Iedarbojas-intu\u012bcija,izt\u0113le,gudr\u012bba. <\/p>\n<p>\u2022\tSept\u012bt\u0101 \u010dakra-Kro\u0146a \u010dakra. Kr\u0101sa-violeta. Atrodas galvvid\u016b, virs avoti\u0146a. Atbild par vienot\u012bbu ar augst\u0101ko Es. Iedarbojas-Iek\u0161\u0113jais un \u0101r\u0113jais skaistums,vienot\u012bba ar t\u012bru sv\u0113tlaimi.<\/p>\n<p>Pielietojums:-<br \/>\nAroma-Lampa: ieliet \u016bdeni, iepilin\u0101t 5-7pil. e\u013c\u013cu,uzmaniet lai trauci\u0146\u0101 b\u016btu \u016bdens.<br \/>\nAromakuloni\u0146\u0161- 2-3pil.<br \/>\nInhal\u0101cij\u0101m- 4-5 pil.uz 0,5 lit. karsta \u016bdens,apkl\u0101t galvu ar dvieli un 3-4min.ieelpot arom\u0101tu.<br \/>\nVann\u0101- ,7-9 pil. pilin\u0101t silt\u0101 \u016bden\u012b.<\/p>\n<p>Piesardz\u012bba: Glab\u0101t v\u0113s\u0101 saus\u0101 viet\u0101, b\u0113rniem nepieejam\u0101 viet\u0101 un t\u0101l\u0101k no uguns. Var izrais\u012bt kairin\u0101jumu uz \u0101das. <\/p>\n<p>7 gabali 5 ml (1 pudel\u012bte) &#8211; ir paraudzi\u0146i<\/p>\n<p>Indija<\/p>\n","protected":false},"excerpt":{"rendered":"<p>\u010cakra komplekt\u0101 tiek izmantotas augstas kvalit\u0101tes \u0113terisk\u0101s un b\u0101zes e\u013c\u013cas. Receptes tiek balst\u012btas uz sen\u0101m Ajurv\u0113das zin\u0101\u0161an\u0101m. Septi\u0146as \u010dakras m\u016bsu<\/p>\n","protected":false},"featured_media":10061,"template":"","meta":[],"product_brand":[],"product_cat":[2185],"product_tag":[],"class_list":{"0":"post-34463","1":"product","2":"type-product","3":"status-publish","4":"has-post-thumbnail","6":"product_cat-naturalas-eteriskas-ellas","8":"first","9":"outofstock","10":"taxable","11":"shipping-taxable","12":"purchasable","13":"product-type-simple"},"yoast_head":"<!-- This site is optimized with the Yoast SEO Premium plugin v27.0 (Yoast SEO v27.0) - https:\/\/yoast.com\/product\/yoast-seo-premium-wordpress\/ -->\n<title>\u010cAKRU \u0113terisk\u0101s e\u013c\u013cas 7 arom\u0101ti - 7 gab Indija - cosmetic.lv<\/title>\n<meta name=\"robots\" content=\"index, follow, max-snippet:-1, max-image-preview:large, max-video-preview:-1\" \/>\n<link rel=\"canonical\" href=\"https:\/\/cosmetic.lv\/lv\/product\/cakru-eteriskas-ellas-7-aromati-7-gab-indija\/\" \/>\n<meta property=\"og:locale\" content=\"lv_LV\" \/>\n<meta property=\"og:type\" content=\"article\" \/>\n<meta property=\"og:title\" content=\"\u010cAKRU \u0113terisk\u0101s e\u013c\u013cas 7 arom\u0101ti - 7 gab Indija\" \/>\n<meta property=\"og:description\" content=\"\u010cakra komplekt\u0101 tiek izmantotas augstas kvalit\u0101tes \u0113terisk\u0101s un b\u0101zes e\u013c\u013cas. Receptes tiek balst\u012btas uz sen\u0101m Ajurv\u0113das zin\u0101\u0161an\u0101m. Septi\u0146as \u010dakras m\u016bsu\" \/>\n<meta property=\"og:url\" content=\"https:\/\/cosmetic.lv\/lv\/product\/cakru-eteriskas-ellas-7-aromati-7-gab-indija\/\" \/>\n<meta property=\"og:site_name\" content=\"cosmetic.lv\" \/>\n<meta property=\"article:publisher\" content=\"https:\/\/www.facebook.com\/cosmetic.lv\/\" \/>\n<meta property=\"article:modified_time\" content=\"2021-02-06T19:49:03+00:00\" \/>\n<meta property=\"og:image\" content=\"https:\/\/cosmetic.lv\/wp-content\/uploads\/2021\/02\/img_4963.jpg\" \/>\n\t<meta property=\"og:image:width\" content=\"800\" \/>\n\t<meta property=\"og:image:height\" content=\"533\" \/>\n\t<meta property=\"og:image:type\" content=\"image\/jpeg\" \/>\n<meta name=\"twitter:card\" content=\"summary_large_image\" \/>\n<script type=\"application\/ld+json\" class=\"yoast-schema-graph\">{\"@context\":\"https:\/\/schema.org\",\"@graph\":[{\"@type\":\"WebPage\",\"@id\":\"https:\/\/cosmetic.lv\/lv\/product\/cakru-eteriskas-ellas-7-aromati-7-gab-indija\/\",\"url\":\"https:\/\/cosmetic.lv\/lv\/product\/cakru-eteriskas-ellas-7-aromati-7-gab-indija\/\",\"name\":\"\u010cAKRU \u0113terisk\u0101s e\u013c\u013cas 7 arom\u0101ti - 7 gab Indija - cosmetic.lv\",\"isPartOf\":{\"@id\":\"https:\/\/cosmetic.lv\/lv\/#website\"},\"primaryImageOfPage\":{\"@id\":\"https:\/\/cosmetic.lv\/lv\/product\/cakru-eteriskas-ellas-7-aromati-7-gab-indija\/#primaryimage\"},\"image\":{\"@id\":\"https:\/\/cosmetic.lv\/lv\/product\/cakru-eteriskas-ellas-7-aromati-7-gab-indija\/#primaryimage\"},\"thumbnailUrl\":\"https:\/\/cosmetic.lv\/wp-content\/uploads\/2021\/02\/img_4963.jpg\",\"datePublished\":\"2021-02-06T17:53:14+00:00\",\"dateModified\":\"2021-02-06T19:49:03+00:00\",\"breadcrumb\":{\"@id\":\"https:\/\/cosmetic.lv\/lv\/product\/cakru-eteriskas-ellas-7-aromati-7-gab-indija\/#breadcrumb\"},\"inLanguage\":\"lv-LV\",\"potentialAction\":[{\"@type\":\"ReadAction\",\"target\":[\"https:\/\/cosmetic.lv\/lv\/product\/cakru-eteriskas-ellas-7-aromati-7-gab-indija\/\"]}]},{\"@type\":\"ImageObject\",\"inLanguage\":\"lv-LV\",\"@id\":\"https:\/\/cosmetic.lv\/lv\/product\/cakru-eteriskas-ellas-7-aromati-7-gab-indija\/#primaryimage\",\"url\":\"https:\/\/cosmetic.lv\/wp-content\/uploads\/2021\/02\/img_4963.jpg\",\"contentUrl\":\"https:\/\/cosmetic.lv\/wp-content\/uploads\/2021\/02\/img_4963.jpg\",\"width\":800,\"height\":533,\"caption\":\"IMG_4963.JPG\"},{\"@type\":\"BreadcrumbList\",\"@id\":\"https:\/\/cosmetic.lv\/lv\/product\/cakru-eteriskas-ellas-7-aromati-7-gab-indija\/#breadcrumb\",\"itemListElement\":[{\"@type\":\"ListItem\",\"position\":1,\"name\":\"Home\",\"item\":\"https:\/\/cosmetic.lv\/lv\/\"},{\"@type\":\"ListItem\",\"position\":2,\"name\":\"Veikals\",\"item\":\"https:\/\/cosmetic.lv\/lv\/veiklas\/\"},{\"@type\":\"ListItem\",\"position\":3,\"name\":\"\u010cAKRU \u0113terisk\u0101s e\u013c\u013cas 7 arom\u0101ti &#8212; 7 gab Indija\"}]},{\"@type\":\"WebSite\",\"@id\":\"https:\/\/cosmetic.lv\/lv\/#website\",\"url\":\"https:\/\/cosmetic.lv\/lv\/\",\"name\":\"cosmetic.lv\",\"description\":\"Profesion\u0101la kosm\u0113tika - Maria Galland, Keune, Arkadija, GMT, Guam, Magiray\",\"publisher\":{\"@id\":\"https:\/\/cosmetic.lv\/lv\/#organization\"},\"potentialAction\":[{\"@type\":\"SearchAction\",\"target\":{\"@type\":\"EntryPoint\",\"urlTemplate\":\"https:\/\/cosmetic.lv\/lv\/?s={search_term_string}\"},\"query-input\":{\"@type\":\"PropertyValueSpecification\",\"valueRequired\":true,\"valueName\":\"search_term_string\"}}],\"inLanguage\":\"lv-LV\"},{\"@type\":\"Organization\",\"@id\":\"https:\/\/cosmetic.lv\/lv\/#organization\",\"name\":\"COSMETIC.LV\",\"url\":\"https:\/\/cosmetic.lv\/lv\/\",\"logo\":{\"@type\":\"ImageObject\",\"inLanguage\":\"lv-LV\",\"@id\":\"https:\/\/cosmetic.lv\/lv\/#\/schema\/logo\/image\/\",\"url\":\"https:\/\/cosmetic.lv\/wp-content\/uploads\/2021\/02\/cosmetic.lv_logo.jpg\",\"contentUrl\":\"https:\/\/cosmetic.lv\/wp-content\/uploads\/2021\/02\/cosmetic.lv_logo.jpg\",\"width\":596,\"height\":196,\"caption\":\"COSMETIC.LV\"},\"image\":{\"@id\":\"https:\/\/cosmetic.lv\/lv\/#\/schema\/logo\/image\/\"},\"sameAs\":[\"https:\/\/www.facebook.com\/cosmetic.lv\/\"]}]}<\/script>\n<meta property=\"product:price:amount\" content=\"45.37\" \/>\n<meta property=\"product:price:currency\" content=\"EUR\" \/>\n<meta property=\"og:availability\" content=\"out of stock\" \/>\n<meta property=\"product:availability\" content=\"out of stock\" \/>\n<meta property=\"product:retailer_item_id\" content=\"CAKRA\" \/>\n<meta property=\"product:condition\" content=\"new\" \/>\n<!-- \/ Yoast SEO Premium plugin. -->","yoast_head_json":{"title":"\u010cAKRU \u0113terisk\u0101s e\u013c\u013cas 7 arom\u0101ti - 7 gab Indija - cosmetic.lv","robots":{"index":"index","follow":"follow","max-snippet":"max-snippet:-1","max-image-preview":"max-image-preview:large","max-video-preview":"max-video-preview:-1"},"canonical":"https:\/\/cosmetic.lv\/lv\/product\/cakru-eteriskas-ellas-7-aromati-7-gab-indija\/","og_locale":"lv_LV","og_type":"article","og_title":"\u010cAKRU \u0113terisk\u0101s e\u013c\u013cas 7 arom\u0101ti - 7 gab Indija","og_description":"\u010cakra komplekt\u0101 tiek izmantotas augstas kvalit\u0101tes \u0113terisk\u0101s un b\u0101zes e\u013c\u013cas. Receptes tiek balst\u012btas uz sen\u0101m Ajurv\u0113das zin\u0101\u0161an\u0101m. Septi\u0146as \u010dakras m\u016bsu","og_url":"https:\/\/cosmetic.lv\/lv\/product\/cakru-eteriskas-ellas-7-aromati-7-gab-indija\/","og_site_name":"cosmetic.lv","article_publisher":"https:\/\/www.facebook.com\/cosmetic.lv\/","article_modified_time":"2021-02-06T19:49:03+00:00","og_image":[{"width":800,"height":533,"url":"https:\/\/cosmetic.lv\/wp-content\/uploads\/2021\/02\/img_4963.jpg","type":"image\/jpeg"}],"twitter_card":"summary_large_image","schema":{"@context":"https:\/\/schema.org","@graph":[{"@type":"WebPage","@id":"https:\/\/cosmetic.lv\/lv\/product\/cakru-eteriskas-ellas-7-aromati-7-gab-indija\/","url":"https:\/\/cosmetic.lv\/lv\/product\/cakru-eteriskas-ellas-7-aromati-7-gab-indija\/","name":"\u010cAKRU \u0113terisk\u0101s e\u013c\u013cas 7 arom\u0101ti - 7 gab Indija - cosmetic.lv","isPartOf":{"@id":"https:\/\/cosmetic.lv\/lv\/#website"},"primaryImageOfPage":{"@id":"https:\/\/cosmetic.lv\/lv\/product\/cakru-eteriskas-ellas-7-aromati-7-gab-indija\/#primaryimage"},"image":{"@id":"https:\/\/cosmetic.lv\/lv\/product\/cakru-eteriskas-ellas-7-aromati-7-gab-indija\/#primaryimage"},"thumbnailUrl":"https:\/\/cosmetic.lv\/wp-content\/uploads\/2021\/02\/img_4963.jpg","datePublished":"2021-02-06T17:53:14+00:00","dateModified":"2021-02-06T19:49:03+00:00","breadcrumb":{"@id":"https:\/\/cosmetic.lv\/lv\/product\/cakru-eteriskas-ellas-7-aromati-7-gab-indija\/#breadcrumb"},"inLanguage":"lv-LV","potentialAction":[{"@type":"ReadAction","target":["https:\/\/cosmetic.lv\/lv\/product\/cakru-eteriskas-ellas-7-aromati-7-gab-indija\/"]}]},{"@type":"ImageObject","inLanguage":"lv-LV","@id":"https:\/\/cosmetic.lv\/lv\/product\/cakru-eteriskas-ellas-7-aromati-7-gab-indija\/#primaryimage","url":"https:\/\/cosmetic.lv\/wp-content\/uploads\/2021\/02\/img_4963.jpg","contentUrl":"https:\/\/cosmetic.lv\/wp-content\/uploads\/2021\/02\/img_4963.jpg","width":800,"height":533,"caption":"IMG_4963.JPG"},{"@type":"BreadcrumbList","@id":"https:\/\/cosmetic.lv\/lv\/product\/cakru-eteriskas-ellas-7-aromati-7-gab-indija\/#breadcrumb","itemListElement":[{"@type":"ListItem","position":1,"name":"Home","item":"https:\/\/cosmetic.lv\/lv\/"},{"@type":"ListItem","position":2,"name":"Veikals","item":"https:\/\/cosmetic.lv\/lv\/veiklas\/"},{"@type":"ListItem","position":3,"name":"\u010cAKRU \u0113terisk\u0101s e\u013c\u013cas 7 arom\u0101ti &#8212; 7 gab Indija"}]},{"@type":"WebSite","@id":"https:\/\/cosmetic.lv\/lv\/#website","url":"https:\/\/cosmetic.lv\/lv\/","name":"cosmetic.lv","description":"Profesion\u0101la kosm\u0113tika - Maria Galland, Keune, Arkadija, GMT, Guam, Magiray","publisher":{"@id":"https:\/\/cosmetic.lv\/lv\/#organization"},"potentialAction":[{"@type":"SearchAction","target":{"@type":"EntryPoint","urlTemplate":"https:\/\/cosmetic.lv\/lv\/?s={search_term_string}"},"query-input":{"@type":"PropertyValueSpecification","valueRequired":true,"valueName":"search_term_string"}}],"inLanguage":"lv-LV"},{"@type":"Organization","@id":"https:\/\/cosmetic.lv\/lv\/#organization","name":"COSMETIC.LV","url":"https:\/\/cosmetic.lv\/lv\/","logo":{"@type":"ImageObject","inLanguage":"lv-LV","@id":"https:\/\/cosmetic.lv\/lv\/#\/schema\/logo\/image\/","url":"https:\/\/cosmetic.lv\/wp-content\/uploads\/2021\/02\/cosmetic.lv_logo.jpg","contentUrl":"https:\/\/cosmetic.lv\/wp-content\/uploads\/2021\/02\/cosmetic.lv_logo.jpg","width":596,"height":196,"caption":"COSMETIC.LV"},"image":{"@id":"https:\/\/cosmetic.lv\/lv\/#\/schema\/logo\/image\/"},"sameAs":["https:\/\/www.facebook.com\/cosmetic.lv\/"]}]},"product_price_amount":"45.37","product_price_currency":"EUR","og_availability":"out of stock","product_availability":"out of stock","product_retailer_item_id":"CAKRA","product_condition":"new"},"_links":{"self":[{"href":"https:\/\/cosmetic.lv\/lv\/wp-json\/wp\/v2\/product\/34463","targetHints":{"allow":["GET"]}}],"collection":[{"href":"https:\/\/cosmetic.lv\/lv\/wp-json\/wp\/v2\/product"}],"about":[{"href":"https:\/\/cosmetic.lv\/lv\/wp-json\/wp\/v2\/types\/product"}],"wp:featuredmedia":[{"embeddable":true,"href":"https:\/\/cosmetic.lv\/lv\/wp-json\/wp\/v2\/media\/10061"}],"wp:attachment":[{"href":"https:\/\/cosmetic.lv\/lv\/wp-json\/wp\/v2\/media?parent=34463"}],"wp:term":[{"taxonomy":"product_brand","embeddable":true,"href":"https:\/\/cosmetic.lv\/lv\/wp-json\/wp\/v2\/product_brand?post=34463"},{"taxonomy":"product_cat","embeddable":true,"href":"https:\/\/cosmetic.lv\/lv\/wp-json\/wp\/v2\/product_cat?post=34463"},{"taxonomy":"product_tag","embeddable":true,"href":"https:\/\/cosmetic.lv\/lv\/wp-json\/wp\/v2\/product_tag?post=34463"}],"curies":[{"name":"wp","href":"https:\/\/api.w.org\/{rel}","templated":true}]}}