{"id":34468,"date":"2021-02-05T22:42:13","date_gmt":"2021-02-06T17:53:22","guid":{"rendered":"https:\/\/damme.lv\/product\/masazas-komplekts-wachs-ryazan\/"},"modified":"2021-02-06T22:16:05","modified_gmt":"2021-02-06T20:16:05","slug":"masazas-komplekts-wachs-ryazan","status":"publish","type":"product","link":"https:\/\/cosmetic.lv\/lv\/product\/masazas-komplekts-wachs-ryazan\/","title":{"rendered":"Mas\u0101\u017eas komplekts &quot;Wachs&quot; Ryazan"},"content":{"rendered":"<p>&nbsp;<\/p>\n<p>Iez\u012bmes vakuuma mas\u0101\u017ea ir, ka tas aktiviz\u0113 \u0161\u016bnas dzi\u013cajos \u0101das sl\u0101\u0146os, kolag\u0113na un elast\u012bna<\/p>\n<p>&nbsp;<\/p>\n<div id=\"&quot;tw-target-text-container&quot;\">\n<pre id=\"&quot;tw-target-text&quot;\" dir=\"&quot;ltr&quot;\">K\u0101rbu komplekts VAKS ir paredz\u0113ts sejas un kakla vakuuma mas\u0101\u017eai kosmetolo\u0123ijas kabinetos un m\u0101j\u0101s. Komplekt\u0101 ietilpst 2 kannas ar diametru 20 mm. 32 mm augstum\u0101. Divas kannas ar diametru 12 mm un<\/pre>\n<\/div>\n<p>&nbsp;<\/p>\n","protected":false},"excerpt":{"rendered":"<p>&nbsp; Iez\u012bmes vakuuma mas\u0101\u017ea ir, ka tas aktiviz\u0113 \u0161\u016bnas dzi\u013cajos \u0101das sl\u0101\u0146os, kolag\u0113na un elast\u012bna &nbsp; K\u0101rbu komplekts VAKS ir<\/p>\n","protected":false},"featured_media":16667,"template":"","meta":[],"product_brand":[],"product_cat":[2231,2232],"product_tag":[],"class_list":{"0":"post-34468","1":"product","2":"type-product","3":"status-publish","4":"has-post-thumbnail","6":"product_cat-atveselojosas-preces-lv","7":"product_cat-sejai-galvai-lv","9":"first","10":"instock","11":"taxable","12":"shipping-taxable","13":"purchasable","14":"product-type-simple"},"yoast_head":"<!-- This site is optimized with the Yoast SEO Premium plugin v27.0 (Yoast SEO v27.0) - https:\/\/yoast.com\/product\/yoast-seo-premium-wordpress\/ -->\n<title>Mas\u0101\u017eas komplekts &quot;Wachs&quot; Ryazan - cosmetic.lv<\/title>\n<meta name=\"robots\" content=\"index, follow, max-snippet:-1, max-image-preview:large, max-video-preview:-1\" \/>\n<link rel=\"canonical\" href=\"https:\/\/cosmetic.lv\/lv\/product\/masazas-komplekts-wachs-ryazan\/\" \/>\n<meta property=\"og:locale\" content=\"lv_LV\" \/>\n<meta property=\"og:type\" content=\"article\" \/>\n<meta property=\"og:title\" content=\"Mas\u0101\u017eas komplekts &quot;Wachs&quot; Ryazan\" \/>\n<meta property=\"og:description\" content=\"&nbsp; Iez\u012bmes vakuuma mas\u0101\u017ea ir, ka tas aktiviz\u0113 \u0161\u016bnas dzi\u013cajos \u0101das sl\u0101\u0146os, kolag\u0113na un elast\u012bna &nbsp; K\u0101rbu komplekts VAKS ir\" \/>\n<meta property=\"og:url\" content=\"https:\/\/cosmetic.lv\/lv\/product\/masazas-komplekts-wachs-ryazan\/\" \/>\n<meta property=\"og:site_name\" content=\"cosmetic.lv\" \/>\n<meta property=\"article:publisher\" content=\"https:\/\/www.facebook.com\/cosmetic.lv\/\" \/>\n<meta property=\"article:modified_time\" content=\"2021-02-06T20:16:05+00:00\" \/>\n<meta property=\"og:image\" content=\"https:\/\/cosmetic.lv\/wp-content\/uploads\/2021\/02\/vajks-4.png\" \/>\n\t<meta property=\"og:image:width\" content=\"200\" \/>\n\t<meta property=\"og:image:height\" content=\"200\" \/>\n\t<meta property=\"og:image:type\" content=\"image\/png\" \/>\n<meta name=\"twitter:card\" content=\"summary_large_image\" \/>\n<script type=\"application\/ld+json\" class=\"yoast-schema-graph\">{\"@context\":\"https:\/\/schema.org\",\"@graph\":[{\"@type\":\"WebPage\",\"@id\":\"https:\/\/cosmetic.lv\/lv\/product\/masazas-komplekts-wachs-ryazan\/\",\"url\":\"https:\/\/cosmetic.lv\/lv\/product\/masazas-komplekts-wachs-ryazan\/\",\"name\":\"Mas\u0101\u017eas komplekts &quot;Wachs&quot; Ryazan - cosmetic.lv\",\"isPartOf\":{\"@id\":\"https:\/\/cosmetic.lv\/lv\/#website\"},\"primaryImageOfPage\":{\"@id\":\"https:\/\/cosmetic.lv\/lv\/product\/masazas-komplekts-wachs-ryazan\/#primaryimage\"},\"image\":{\"@id\":\"https:\/\/cosmetic.lv\/lv\/product\/masazas-komplekts-wachs-ryazan\/#primaryimage\"},\"thumbnailUrl\":\"https:\/\/cosmetic.lv\/wp-content\/uploads\/2021\/02\/vajks-4.png\",\"datePublished\":\"2021-02-06T17:53:22+00:00\",\"dateModified\":\"2021-02-06T20:16:05+00:00\",\"breadcrumb\":{\"@id\":\"https:\/\/cosmetic.lv\/lv\/product\/masazas-komplekts-wachs-ryazan\/#breadcrumb\"},\"inLanguage\":\"lv-LV\",\"potentialAction\":[{\"@type\":\"ReadAction\",\"target\":[\"https:\/\/cosmetic.lv\/lv\/product\/masazas-komplekts-wachs-ryazan\/\"]}]},{\"@type\":\"ImageObject\",\"inLanguage\":\"lv-LV\",\"@id\":\"https:\/\/cosmetic.lv\/lv\/product\/masazas-komplekts-wachs-ryazan\/#primaryimage\",\"url\":\"https:\/\/cosmetic.lv\/wp-content\/uploads\/2021\/02\/vajks-4.png\",\"contentUrl\":\"https:\/\/cosmetic.lv\/wp-content\/uploads\/2021\/02\/vajks-4.png\",\"width\":200,\"height\":200,\"caption\":\"vajks.png\"},{\"@type\":\"BreadcrumbList\",\"@id\":\"https:\/\/cosmetic.lv\/lv\/product\/masazas-komplekts-wachs-ryazan\/#breadcrumb\",\"itemListElement\":[{\"@type\":\"ListItem\",\"position\":1,\"name\":\"Home\",\"item\":\"https:\/\/cosmetic.lv\/lv\/\"},{\"@type\":\"ListItem\",\"position\":2,\"name\":\"Veikals\",\"item\":\"https:\/\/cosmetic.lv\/lv\/veiklas\/\"},{\"@type\":\"ListItem\",\"position\":3,\"name\":\"Mas\u0101\u017eas komplekts &quot;Wachs&quot; Ryazan\"}]},{\"@type\":\"WebSite\",\"@id\":\"https:\/\/cosmetic.lv\/lv\/#website\",\"url\":\"https:\/\/cosmetic.lv\/lv\/\",\"name\":\"cosmetic.lv\",\"description\":\"Profesion\u0101la kosm\u0113tika - Maria Galland, Keune, Arkadija, GMT, Guam, Magiray\",\"publisher\":{\"@id\":\"https:\/\/cosmetic.lv\/lv\/#organization\"},\"potentialAction\":[{\"@type\":\"SearchAction\",\"target\":{\"@type\":\"EntryPoint\",\"urlTemplate\":\"https:\/\/cosmetic.lv\/lv\/?s={search_term_string}\"},\"query-input\":{\"@type\":\"PropertyValueSpecification\",\"valueRequired\":true,\"valueName\":\"search_term_string\"}}],\"inLanguage\":\"lv-LV\"},{\"@type\":\"Organization\",\"@id\":\"https:\/\/cosmetic.lv\/lv\/#organization\",\"name\":\"COSMETIC.LV\",\"url\":\"https:\/\/cosmetic.lv\/lv\/\",\"logo\":{\"@type\":\"ImageObject\",\"inLanguage\":\"lv-LV\",\"@id\":\"https:\/\/cosmetic.lv\/lv\/#\/schema\/logo\/image\/\",\"url\":\"https:\/\/cosmetic.lv\/wp-content\/uploads\/2021\/02\/cosmetic.lv_logo.jpg\",\"contentUrl\":\"https:\/\/cosmetic.lv\/wp-content\/uploads\/2021\/02\/cosmetic.lv_logo.jpg\",\"width\":596,\"height\":196,\"caption\":\"COSMETIC.LV\"},\"image\":{\"@id\":\"https:\/\/cosmetic.lv\/lv\/#\/schema\/logo\/image\/\"},\"sameAs\":[\"https:\/\/www.facebook.com\/cosmetic.lv\/\"]}]}<\/script>\n<meta property=\"product:price:amount\" content=\"10.80\" \/>\n<meta property=\"product:price:currency\" content=\"EUR\" \/>\n<meta property=\"og:availability\" content=\"instock\" \/>\n<meta property=\"product:availability\" content=\"instock\" \/>\n<meta property=\"product:retailer_item_id\" content=\"mbnk23\" \/>\n<meta property=\"product:condition\" content=\"new\" \/>\n<!-- \/ Yoast SEO Premium plugin. -->","yoast_head_json":{"title":"Mas\u0101\u017eas komplekts &quot;Wachs&quot; Ryazan - cosmetic.lv","robots":{"index":"index","follow":"follow","max-snippet":"max-snippet:-1","max-image-preview":"max-image-preview:large","max-video-preview":"max-video-preview:-1"},"canonical":"https:\/\/cosmetic.lv\/lv\/product\/masazas-komplekts-wachs-ryazan\/","og_locale":"lv_LV","og_type":"article","og_title":"Mas\u0101\u017eas komplekts &quot;Wachs&quot; Ryazan","og_description":"&nbsp; Iez\u012bmes vakuuma mas\u0101\u017ea ir, ka tas aktiviz\u0113 \u0161\u016bnas dzi\u013cajos \u0101das sl\u0101\u0146os, kolag\u0113na un elast\u012bna &nbsp; K\u0101rbu komplekts VAKS ir","og_url":"https:\/\/cosmetic.lv\/lv\/product\/masazas-komplekts-wachs-ryazan\/","og_site_name":"cosmetic.lv","article_publisher":"https:\/\/www.facebook.com\/cosmetic.lv\/","article_modified_time":"2021-02-06T20:16:05+00:00","og_image":[{"width":200,"height":200,"url":"https:\/\/cosmetic.lv\/wp-content\/uploads\/2021\/02\/vajks-4.png","type":"image\/png"}],"twitter_card":"summary_large_image","schema":{"@context":"https:\/\/schema.org","@graph":[{"@type":"WebPage","@id":"https:\/\/cosmetic.lv\/lv\/product\/masazas-komplekts-wachs-ryazan\/","url":"https:\/\/cosmetic.lv\/lv\/product\/masazas-komplekts-wachs-ryazan\/","name":"Mas\u0101\u017eas komplekts &quot;Wachs&quot; Ryazan - cosmetic.lv","isPartOf":{"@id":"https:\/\/cosmetic.lv\/lv\/#website"},"primaryImageOfPage":{"@id":"https:\/\/cosmetic.lv\/lv\/product\/masazas-komplekts-wachs-ryazan\/#primaryimage"},"image":{"@id":"https:\/\/cosmetic.lv\/lv\/product\/masazas-komplekts-wachs-ryazan\/#primaryimage"},"thumbnailUrl":"https:\/\/cosmetic.lv\/wp-content\/uploads\/2021\/02\/vajks-4.png","datePublished":"2021-02-06T17:53:22+00:00","dateModified":"2021-02-06T20:16:05+00:00","breadcrumb":{"@id":"https:\/\/cosmetic.lv\/lv\/product\/masazas-komplekts-wachs-ryazan\/#breadcrumb"},"inLanguage":"lv-LV","potentialAction":[{"@type":"ReadAction","target":["https:\/\/cosmetic.lv\/lv\/product\/masazas-komplekts-wachs-ryazan\/"]}]},{"@type":"ImageObject","inLanguage":"lv-LV","@id":"https:\/\/cosmetic.lv\/lv\/product\/masazas-komplekts-wachs-ryazan\/#primaryimage","url":"https:\/\/cosmetic.lv\/wp-content\/uploads\/2021\/02\/vajks-4.png","contentUrl":"https:\/\/cosmetic.lv\/wp-content\/uploads\/2021\/02\/vajks-4.png","width":200,"height":200,"caption":"vajks.png"},{"@type":"BreadcrumbList","@id":"https:\/\/cosmetic.lv\/lv\/product\/masazas-komplekts-wachs-ryazan\/#breadcrumb","itemListElement":[{"@type":"ListItem","position":1,"name":"Home","item":"https:\/\/cosmetic.lv\/lv\/"},{"@type":"ListItem","position":2,"name":"Veikals","item":"https:\/\/cosmetic.lv\/lv\/veiklas\/"},{"@type":"ListItem","position":3,"name":"Mas\u0101\u017eas komplekts &quot;Wachs&quot; Ryazan"}]},{"@type":"WebSite","@id":"https:\/\/cosmetic.lv\/lv\/#website","url":"https:\/\/cosmetic.lv\/lv\/","name":"cosmetic.lv","description":"Profesion\u0101la kosm\u0113tika - Maria Galland, Keune, Arkadija, GMT, Guam, Magiray","publisher":{"@id":"https:\/\/cosmetic.lv\/lv\/#organization"},"potentialAction":[{"@type":"SearchAction","target":{"@type":"EntryPoint","urlTemplate":"https:\/\/cosmetic.lv\/lv\/?s={search_term_string}"},"query-input":{"@type":"PropertyValueSpecification","valueRequired":true,"valueName":"search_term_string"}}],"inLanguage":"lv-LV"},{"@type":"Organization","@id":"https:\/\/cosmetic.lv\/lv\/#organization","name":"COSMETIC.LV","url":"https:\/\/cosmetic.lv\/lv\/","logo":{"@type":"ImageObject","inLanguage":"lv-LV","@id":"https:\/\/cosmetic.lv\/lv\/#\/schema\/logo\/image\/","url":"https:\/\/cosmetic.lv\/wp-content\/uploads\/2021\/02\/cosmetic.lv_logo.jpg","contentUrl":"https:\/\/cosmetic.lv\/wp-content\/uploads\/2021\/02\/cosmetic.lv_logo.jpg","width":596,"height":196,"caption":"COSMETIC.LV"},"image":{"@id":"https:\/\/cosmetic.lv\/lv\/#\/schema\/logo\/image\/"},"sameAs":["https:\/\/www.facebook.com\/cosmetic.lv\/"]}]},"product_price_amount":"10.80","product_price_currency":"EUR","og_availability":"instock","product_availability":"instock","product_retailer_item_id":"mbnk23","product_condition":"new"},"_links":{"self":[{"href":"https:\/\/cosmetic.lv\/lv\/wp-json\/wp\/v2\/product\/34468","targetHints":{"allow":["GET"]}}],"collection":[{"href":"https:\/\/cosmetic.lv\/lv\/wp-json\/wp\/v2\/product"}],"about":[{"href":"https:\/\/cosmetic.lv\/lv\/wp-json\/wp\/v2\/types\/product"}],"wp:featuredmedia":[{"embeddable":true,"href":"https:\/\/cosmetic.lv\/lv\/wp-json\/wp\/v2\/media\/16667"}],"wp:attachment":[{"href":"https:\/\/cosmetic.lv\/lv\/wp-json\/wp\/v2\/media?parent=34468"}],"wp:term":[{"taxonomy":"product_brand","embeddable":true,"href":"https:\/\/cosmetic.lv\/lv\/wp-json\/wp\/v2\/product_brand?post=34468"},{"taxonomy":"product_cat","embeddable":true,"href":"https:\/\/cosmetic.lv\/lv\/wp-json\/wp\/v2\/product_cat?post=34468"},{"taxonomy":"product_tag","embeddable":true,"href":"https:\/\/cosmetic.lv\/lv\/wp-json\/wp\/v2\/product_tag?post=34468"}],"curies":[{"name":"wp","href":"https:\/\/api.w.org\/{rel}","templated":true}]}}