{"id":34470,"date":"2021-02-05T22:42:13","date_gmt":"2021-02-06T17:53:22","guid":{"rendered":"https:\/\/damme.lv\/product\/davines-minu-serum-izgaismojoss-serums-krasotiem-matiem-150-ml\/"},"modified":"2021-02-06T19:53:25","modified_gmt":"2021-02-06T17:53:25","slug":"davines-minu-serum-izgaismojoss-serums-krasotiem-matiem-150-ml","status":"publish","type":"product","link":"https:\/\/cosmetic.lv\/lv\/product\/davines-minu-serum-izgaismojoss-serums-krasotiem-matiem-150-ml\/","title":{"rendered":"Davines MINU serum &#8211; izgaismojo\u0161s serums kr\u0101sotiem matiem 150 ML"},"content":{"rendered":"<p>Davines MINU serum &#8211; izgaismojo\u0161s serums kr\u0101sotiem matiem 150 ML<\/p>\n<p>Norm\u0101los matiem Piesakies uz dvie\u013cu \u017e\u0101v\u0113 matus p\u0113c tam, izmantojot Minu \/ gaisa kondicion\u0113\u0161ana; ar pl\u0101nu matu piem\u0113rot p\u0113c tam, izmantojot Minu \/ \u0161amp\u016bnu. Neizskalojiet. Iet uz v\u0113lamo stilu. S\u0113rija Apraksts: Family Minu rad\u012bta, lai r\u016bp\u0113tos par kr\u0101sotiem matiem visu veidu. \u0160\u012b jaun\u0101 l\u012bnija, kas nebija iepriek\u0161\u0113j\u0101 versij\u0101 Essential. Visi produkti satur Minu izraksts no ziedu kaperiem no salas Salina, kas audz\u0113ti zem Slow Food Prezidija programm\u0101. Formula minu ar augstu aminosk\u0101bju quercetin ir aizsarg\u0101jo\u0161a iedarb\u012bba uz matu strukt\u016bru un saglab\u0101 polifenoli kosm\u0113tisko kr\u0101su. Kaperu-kr\u016bms, kas ir viens no galvenajiem komponentiem Minu produktu &#8211; gar\u0161 kr\u016bms tropu izcelsmes, aug Vidusj\u016bras re\u0123ion\u0101 kop\u0161 neatminamiem laikiem: piemin\u0113t t\u0101s izmanto\u0161anai kulin\u0101rij\u0101 un medic\u012bn\u0101 ir atrodami B\u012bbel\u0113, darbos Hipokr\u0101ta, Aristotelis un Pl\u012bnijs Vec\u0101kais. Kaperi pieg\u0101d\u0101t\u0101js m\u016bsu produktiem &#8211; ir saimniec\u012bba si\u0146or Salvatore D&#8217;Amico of Leni, Salina salas provinc\u0113 Messina. \u0122imene minu ietilpst \u0161amp\u016bns un kondicionieris par kr\u0101sas matiem, atjaunot masku un serumu neizdz\u0113\u0161amas. 150 ML<\/p>\n","protected":false},"excerpt":{"rendered":"<p>Davines MINU serum &#8211; izgaismojo\u0161s serums kr\u0101sotiem matiem 150 ML Norm\u0101los matiem Piesakies uz dvie\u013cu \u017e\u0101v\u0113 matus p\u0113c tam, izmantojot<\/p>\n","protected":false},"featured_media":16363,"template":"","meta":[],"product_brand":[],"product_cat":[2258,2260,2261],"product_tag":[],"class_list":{"0":"post-34470","1":"product","2":"type-product","3":"status-publish","4":"has-post-thumbnail","6":"product_cat-profesionala-kosmetika-matiem-lv","7":"product_cat-davines-italija-lv","8":"product_cat-kondicionieris-matiem-lv","10":"first","11":"outofstock","12":"taxable","13":"shipping-taxable","14":"purchasable","15":"product-type-simple"},"yoast_head":"<!-- This site is optimized with the Yoast SEO Premium plugin v27.0 (Yoast SEO v27.0) - https:\/\/yoast.com\/product\/yoast-seo-premium-wordpress\/ -->\n<title>Davines MINU serum - izgaismojo\u0161s serums kr\u0101sotiem matiem 150 ML - cosmetic.lv<\/title>\n<meta name=\"robots\" content=\"index, follow, max-snippet:-1, max-image-preview:large, max-video-preview:-1\" \/>\n<link rel=\"canonical\" href=\"https:\/\/cosmetic.lv\/lv\/product\/davines-minu-serum-izgaismojoss-serums-krasotiem-matiem-150-ml\/\" \/>\n<meta property=\"og:locale\" content=\"lv_LV\" \/>\n<meta property=\"og:type\" content=\"article\" \/>\n<meta property=\"og:title\" content=\"Davines MINU serum - izgaismojo\u0161s serums kr\u0101sotiem matiem 150 ML\" \/>\n<meta property=\"og:description\" content=\"Davines MINU serum &#8211; izgaismojo\u0161s serums kr\u0101sotiem matiem 150 ML Norm\u0101los matiem Piesakies uz dvie\u013cu \u017e\u0101v\u0113 matus p\u0113c tam, izmantojot\" \/>\n<meta property=\"og:url\" content=\"https:\/\/cosmetic.lv\/lv\/product\/davines-minu-serum-izgaismojoss-serums-krasotiem-matiem-150-ml\/\" \/>\n<meta property=\"og:site_name\" content=\"cosmetic.lv\" \/>\n<meta property=\"article:publisher\" content=\"https:\/\/www.facebook.com\/cosmetic.lv\/\" \/>\n<meta property=\"article:modified_time\" content=\"2021-02-06T17:53:25+00:00\" \/>\n<meta property=\"og:image\" content=\"https:\/\/cosmetic.lv\/wp-content\/uploads\/2021\/02\/minu_serum-500x500-7.jpg\" \/>\n\t<meta property=\"og:image:width\" content=\"500\" \/>\n\t<meta property=\"og:image:height\" content=\"500\" \/>\n\t<meta property=\"og:image:type\" content=\"image\/jpeg\" \/>\n<meta name=\"twitter:card\" content=\"summary_large_image\" \/>\n<script type=\"application\/ld+json\" class=\"yoast-schema-graph\">{\"@context\":\"https:\/\/schema.org\",\"@graph\":[{\"@type\":\"WebPage\",\"@id\":\"https:\/\/cosmetic.lv\/lv\/product\/davines-minu-serum-izgaismojoss-serums-krasotiem-matiem-150-ml\/\",\"url\":\"https:\/\/cosmetic.lv\/lv\/product\/davines-minu-serum-izgaismojoss-serums-krasotiem-matiem-150-ml\/\",\"name\":\"Davines MINU serum - izgaismojo\u0161s serums kr\u0101sotiem matiem 150 ML - cosmetic.lv\",\"isPartOf\":{\"@id\":\"https:\/\/cosmetic.lv\/lv\/#website\"},\"primaryImageOfPage\":{\"@id\":\"https:\/\/cosmetic.lv\/lv\/product\/davines-minu-serum-izgaismojoss-serums-krasotiem-matiem-150-ml\/#primaryimage\"},\"image\":{\"@id\":\"https:\/\/cosmetic.lv\/lv\/product\/davines-minu-serum-izgaismojoss-serums-krasotiem-matiem-150-ml\/#primaryimage\"},\"thumbnailUrl\":\"https:\/\/cosmetic.lv\/wp-content\/uploads\/2021\/02\/minu_serum-500x500-7.jpg\",\"datePublished\":\"2021-02-06T17:53:22+00:00\",\"dateModified\":\"2021-02-06T17:53:25+00:00\",\"breadcrumb\":{\"@id\":\"https:\/\/cosmetic.lv\/lv\/product\/davines-minu-serum-izgaismojoss-serums-krasotiem-matiem-150-ml\/#breadcrumb\"},\"inLanguage\":\"lv-LV\",\"potentialAction\":[{\"@type\":\"ReadAction\",\"target\":[\"https:\/\/cosmetic.lv\/lv\/product\/davines-minu-serum-izgaismojoss-serums-krasotiem-matiem-150-ml\/\"]}]},{\"@type\":\"ImageObject\",\"inLanguage\":\"lv-LV\",\"@id\":\"https:\/\/cosmetic.lv\/lv\/product\/davines-minu-serum-izgaismojoss-serums-krasotiem-matiem-150-ml\/#primaryimage\",\"url\":\"https:\/\/cosmetic.lv\/wp-content\/uploads\/2021\/02\/minu_serum-500x500-7.jpg\",\"contentUrl\":\"https:\/\/cosmetic.lv\/wp-content\/uploads\/2021\/02\/minu_serum-500x500-7.jpg\",\"width\":500,\"height\":500,\"caption\":\"MINU_SERUM-500x500.jpg\"},{\"@type\":\"BreadcrumbList\",\"@id\":\"https:\/\/cosmetic.lv\/lv\/product\/davines-minu-serum-izgaismojoss-serums-krasotiem-matiem-150-ml\/#breadcrumb\",\"itemListElement\":[{\"@type\":\"ListItem\",\"position\":1,\"name\":\"Home\",\"item\":\"https:\/\/cosmetic.lv\/lv\/\"},{\"@type\":\"ListItem\",\"position\":2,\"name\":\"Veikals\",\"item\":\"https:\/\/cosmetic.lv\/lv\/veiklas\/\"},{\"@type\":\"ListItem\",\"position\":3,\"name\":\"Davines MINU serum &#8211; izgaismojo\u0161s serums kr\u0101sotiem matiem 150 ML\"}]},{\"@type\":\"WebSite\",\"@id\":\"https:\/\/cosmetic.lv\/lv\/#website\",\"url\":\"https:\/\/cosmetic.lv\/lv\/\",\"name\":\"cosmetic.lv\",\"description\":\"Profesion\u0101la kosm\u0113tika - Maria Galland, Keune, Arkadija, GMT, Guam, Magiray\",\"publisher\":{\"@id\":\"https:\/\/cosmetic.lv\/lv\/#organization\"},\"potentialAction\":[{\"@type\":\"SearchAction\",\"target\":{\"@type\":\"EntryPoint\",\"urlTemplate\":\"https:\/\/cosmetic.lv\/lv\/?s={search_term_string}\"},\"query-input\":{\"@type\":\"PropertyValueSpecification\",\"valueRequired\":true,\"valueName\":\"search_term_string\"}}],\"inLanguage\":\"lv-LV\"},{\"@type\":\"Organization\",\"@id\":\"https:\/\/cosmetic.lv\/lv\/#organization\",\"name\":\"COSMETIC.LV\",\"url\":\"https:\/\/cosmetic.lv\/lv\/\",\"logo\":{\"@type\":\"ImageObject\",\"inLanguage\":\"lv-LV\",\"@id\":\"https:\/\/cosmetic.lv\/lv\/#\/schema\/logo\/image\/\",\"url\":\"https:\/\/cosmetic.lv\/wp-content\/uploads\/2021\/02\/cosmetic.lv_logo.jpg\",\"contentUrl\":\"https:\/\/cosmetic.lv\/wp-content\/uploads\/2021\/02\/cosmetic.lv_logo.jpg\",\"width\":596,\"height\":196,\"caption\":\"COSMETIC.LV\"},\"image\":{\"@id\":\"https:\/\/cosmetic.lv\/lv\/#\/schema\/logo\/image\/\"},\"sameAs\":[\"https:\/\/www.facebook.com\/cosmetic.lv\/\"]}]}<\/script>\n<meta property=\"product:price:amount\" content=\"19.16\" \/>\n<meta property=\"product:price:currency\" content=\"EUR\" \/>\n<meta property=\"og:availability\" content=\"out of stock\" \/>\n<meta property=\"product:availability\" content=\"out of stock\" \/>\n<meta property=\"product:retailer_item_id\" content=\"minu\" \/>\n<meta property=\"product:condition\" content=\"new\" \/>\n<!-- \/ Yoast SEO Premium plugin. -->","yoast_head_json":{"title":"Davines MINU serum - izgaismojo\u0161s serums kr\u0101sotiem matiem 150 ML - cosmetic.lv","robots":{"index":"index","follow":"follow","max-snippet":"max-snippet:-1","max-image-preview":"max-image-preview:large","max-video-preview":"max-video-preview:-1"},"canonical":"https:\/\/cosmetic.lv\/lv\/product\/davines-minu-serum-izgaismojoss-serums-krasotiem-matiem-150-ml\/","og_locale":"lv_LV","og_type":"article","og_title":"Davines MINU serum - izgaismojo\u0161s serums kr\u0101sotiem matiem 150 ML","og_description":"Davines MINU serum &#8211; izgaismojo\u0161s serums kr\u0101sotiem matiem 150 ML Norm\u0101los matiem Piesakies uz dvie\u013cu \u017e\u0101v\u0113 matus p\u0113c tam, izmantojot","og_url":"https:\/\/cosmetic.lv\/lv\/product\/davines-minu-serum-izgaismojoss-serums-krasotiem-matiem-150-ml\/","og_site_name":"cosmetic.lv","article_publisher":"https:\/\/www.facebook.com\/cosmetic.lv\/","article_modified_time":"2021-02-06T17:53:25+00:00","og_image":[{"width":500,"height":500,"url":"https:\/\/cosmetic.lv\/wp-content\/uploads\/2021\/02\/minu_serum-500x500-7.jpg","type":"image\/jpeg"}],"twitter_card":"summary_large_image","schema":{"@context":"https:\/\/schema.org","@graph":[{"@type":"WebPage","@id":"https:\/\/cosmetic.lv\/lv\/product\/davines-minu-serum-izgaismojoss-serums-krasotiem-matiem-150-ml\/","url":"https:\/\/cosmetic.lv\/lv\/product\/davines-minu-serum-izgaismojoss-serums-krasotiem-matiem-150-ml\/","name":"Davines MINU serum - izgaismojo\u0161s serums kr\u0101sotiem matiem 150 ML - cosmetic.lv","isPartOf":{"@id":"https:\/\/cosmetic.lv\/lv\/#website"},"primaryImageOfPage":{"@id":"https:\/\/cosmetic.lv\/lv\/product\/davines-minu-serum-izgaismojoss-serums-krasotiem-matiem-150-ml\/#primaryimage"},"image":{"@id":"https:\/\/cosmetic.lv\/lv\/product\/davines-minu-serum-izgaismojoss-serums-krasotiem-matiem-150-ml\/#primaryimage"},"thumbnailUrl":"https:\/\/cosmetic.lv\/wp-content\/uploads\/2021\/02\/minu_serum-500x500-7.jpg","datePublished":"2021-02-06T17:53:22+00:00","dateModified":"2021-02-06T17:53:25+00:00","breadcrumb":{"@id":"https:\/\/cosmetic.lv\/lv\/product\/davines-minu-serum-izgaismojoss-serums-krasotiem-matiem-150-ml\/#breadcrumb"},"inLanguage":"lv-LV","potentialAction":[{"@type":"ReadAction","target":["https:\/\/cosmetic.lv\/lv\/product\/davines-minu-serum-izgaismojoss-serums-krasotiem-matiem-150-ml\/"]}]},{"@type":"ImageObject","inLanguage":"lv-LV","@id":"https:\/\/cosmetic.lv\/lv\/product\/davines-minu-serum-izgaismojoss-serums-krasotiem-matiem-150-ml\/#primaryimage","url":"https:\/\/cosmetic.lv\/wp-content\/uploads\/2021\/02\/minu_serum-500x500-7.jpg","contentUrl":"https:\/\/cosmetic.lv\/wp-content\/uploads\/2021\/02\/minu_serum-500x500-7.jpg","width":500,"height":500,"caption":"MINU_SERUM-500x500.jpg"},{"@type":"BreadcrumbList","@id":"https:\/\/cosmetic.lv\/lv\/product\/davines-minu-serum-izgaismojoss-serums-krasotiem-matiem-150-ml\/#breadcrumb","itemListElement":[{"@type":"ListItem","position":1,"name":"Home","item":"https:\/\/cosmetic.lv\/lv\/"},{"@type":"ListItem","position":2,"name":"Veikals","item":"https:\/\/cosmetic.lv\/lv\/veiklas\/"},{"@type":"ListItem","position":3,"name":"Davines MINU serum &#8211; izgaismojo\u0161s serums kr\u0101sotiem matiem 150 ML"}]},{"@type":"WebSite","@id":"https:\/\/cosmetic.lv\/lv\/#website","url":"https:\/\/cosmetic.lv\/lv\/","name":"cosmetic.lv","description":"Profesion\u0101la kosm\u0113tika - Maria Galland, Keune, Arkadija, GMT, Guam, Magiray","publisher":{"@id":"https:\/\/cosmetic.lv\/lv\/#organization"},"potentialAction":[{"@type":"SearchAction","target":{"@type":"EntryPoint","urlTemplate":"https:\/\/cosmetic.lv\/lv\/?s={search_term_string}"},"query-input":{"@type":"PropertyValueSpecification","valueRequired":true,"valueName":"search_term_string"}}],"inLanguage":"lv-LV"},{"@type":"Organization","@id":"https:\/\/cosmetic.lv\/lv\/#organization","name":"COSMETIC.LV","url":"https:\/\/cosmetic.lv\/lv\/","logo":{"@type":"ImageObject","inLanguage":"lv-LV","@id":"https:\/\/cosmetic.lv\/lv\/#\/schema\/logo\/image\/","url":"https:\/\/cosmetic.lv\/wp-content\/uploads\/2021\/02\/cosmetic.lv_logo.jpg","contentUrl":"https:\/\/cosmetic.lv\/wp-content\/uploads\/2021\/02\/cosmetic.lv_logo.jpg","width":596,"height":196,"caption":"COSMETIC.LV"},"image":{"@id":"https:\/\/cosmetic.lv\/lv\/#\/schema\/logo\/image\/"},"sameAs":["https:\/\/www.facebook.com\/cosmetic.lv\/"]}]},"product_price_amount":"19.16","product_price_currency":"EUR","og_availability":"out of stock","product_availability":"out of stock","product_retailer_item_id":"minu","product_condition":"new"},"_links":{"self":[{"href":"https:\/\/cosmetic.lv\/lv\/wp-json\/wp\/v2\/product\/34470","targetHints":{"allow":["GET"]}}],"collection":[{"href":"https:\/\/cosmetic.lv\/lv\/wp-json\/wp\/v2\/product"}],"about":[{"href":"https:\/\/cosmetic.lv\/lv\/wp-json\/wp\/v2\/types\/product"}],"wp:featuredmedia":[{"embeddable":true,"href":"https:\/\/cosmetic.lv\/lv\/wp-json\/wp\/v2\/media\/16363"}],"wp:attachment":[{"href":"https:\/\/cosmetic.lv\/lv\/wp-json\/wp\/v2\/media?parent=34470"}],"wp:term":[{"taxonomy":"product_brand","embeddable":true,"href":"https:\/\/cosmetic.lv\/lv\/wp-json\/wp\/v2\/product_brand?post=34470"},{"taxonomy":"product_cat","embeddable":true,"href":"https:\/\/cosmetic.lv\/lv\/wp-json\/wp\/v2\/product_cat?post=34470"},{"taxonomy":"product_tag","embeddable":true,"href":"https:\/\/cosmetic.lv\/lv\/wp-json\/wp\/v2\/product_tag?post=34470"}],"curies":[{"name":"wp","href":"https:\/\/api.w.org\/{rel}","templated":true}]}}