{"id":34472,"date":"2021-02-05T22:42:13","date_gmt":"2021-02-06T17:53:22","guid":{"rendered":"https:\/\/damme.lv\/product\/12-mm-rokasspradze-naturals-akmens-kaka-acs-balts-pasarga-no-stridiem-ienaidniekiem-skaudiba-dzeltens\/"},"modified":"2021-02-06T19:53:27","modified_gmt":"2021-02-06T17:53:27","slug":"12-mm-rokasspradze-naturals-akmens-kaka-acs-balts-pasarga-no-stridiem-ienaidniekiem-skaudiba-dzeltens","status":"publish","type":"product","link":"https:\/\/cosmetic.lv\/lv\/product\/12-mm-rokasspradze-naturals-akmens-kaka-acs-balts-pasarga-no-stridiem-ienaidniekiem-skaudiba-dzeltens\/","title":{"rendered":"12 mm Rokasspr\u0101dze natur\u0101ls akmens ka\u0137a acs (balts) &#8211; pasarg\u0101 no str\u012bdiem, ienaidniekiem, skaud\u012bba (dzeltens)"},"content":{"rendered":"<p>Eksperti saka, ka miner\u0101l\u016bdens piesaista t\u0101s \u012bpa\u0161niekam savstarp\u0113ju m\u012blest\u012bbu, padarot to lab\u0101ko laul\u012bbu un draudz\u012bbu. Pievilkt uz\u0146\u0113m\u0113jas rock un simp\u0101tijas ap tiem cilv\u0113kiem. Produkti ar ka\u0137a ac\u012bm j\u0101valk\u0101 kautr\u012bgs un nedro\u0161s cilv\u0113kus &#8211; vi\u0146\u0161 likts uz vi\u0146u drosme, valdzin\u0101jums, piesaist\u012bs uzman\u012bbu citiem. Turkl\u0101t gem ir \u012bsts revolveris. Tas pal\u012bdz persona, lai izvair\u012btos no konfliktiem, lai uzlabotu attiec\u012bbas \u0123imen\u0113 un darb\u0101, piesaist\u012bja labv\u0113l\u012bbu vi\u0146a priek\u0161nieki.<\/p>\n<p>Ja j\u016bs sniedzat ka\u0137a acs rotaslietas visvair\u0101k nesamierin\u0101ms ienaidniekus, tad dr\u012bz tas b\u016bs main\u012bt savu attieksmi pret donora un var b\u016bt vi\u0146a draugs. Z\u0113ni un meitenes akmens pal\u012bdz lab\u0101k piel\u0101goties pieaugu\u0161o dz\u012bvei, nes\u0101p\u012bgi izdz\u012bvot ne\u0113rts vecumu.<\/p>\n<p>Astrologu iesak\u0101m cat&#8217;s acu Cilv\u0113ki, kas dzimu\u0161i paz\u012bmes Scorpio un v\u0113zi, bet tiem nevajadz\u0113tu valk\u0101t gem kombin\u0101cij\u0101 ar citiem akme\u0146iem. P\u0101r\u0113j\u0101s zodiaka z\u012bmes akmens var valk\u0101t jebkur\u0101 kombin\u0101cij\u0101.<\/p>\n<p>Talismani un amuleti<br \/>\nK\u0101 talismans ka\u0137is acs j\u0101izmanto diplom\u0101tu, pasniedz\u0113jiem, m\u0101ksliniekiem, rakstniekiem, m\u0101ksliniekiem un m\u016bzi\u0137iem. Vi\u0146\u0161 atmodina vi\u0146u rado\u0161ajiem impulsiem, pastiprina talantus un dod \u0161armu un dai\u013crun\u012bba. T\u0101 k\u0101 vec\u0101s dien\u0101m ar ka\u0137a acu rotaslietas n\u0113s\u0101 k\u0101 amuletus, kas aizsarg\u0101 pret \u013caunajiem sp\u0113kiem.<\/p>\n<p>Cat&#8217;s-eye efekts nov\u0113rots pareizi orient\u0113ta un pul\u0113tas k\u0101 cabochien sacel\u0161anos akmens. Ide\u0101l\u0101 gad\u012bjum\u0101 ir pl\u0101ns gaisma sloksne, kas ir paral\u0113la garenisko asi cabochon. Optisk\u0101 efekts mirdzums rodas tad, kad gaisma ir atspogu\u013cots ar daudziem mikroskopisko iesl\u0113gumi paral\u0113l\u0101s \u0161\u0137iedrvielu un adatu l\u012bdz\u012bgu miner\u0101lu vai cauru\u013cveida dobumiem, jo \u200b\u200bto izskalo\u0161an\u0101s.<\/p>\n<p>Rotaslietas uzskat\u012bja berils, hrizoberillovy, rub\u012bns, saf\u012brs, turmal\u012bna ka\u0137a acis ar visspilgt\u0101kajiem optisko efektu ir reti, un t\u0101p\u0113c \u013coti v\u0113rt\u012bba. Bie\u017e\u0101k un maz\u0101k nov\u0113rt\u0113ts kvarca ka\u0137a acis ar pel\u0113c\u012bgi za\u013cu to\u0146u. P\u0113d\u0113jos gados ir biju\u0161i apraksti obsidi\u0101na, op\u0101ls, top\u0101zs, diopside, enstatite, Jade, tsoizitovogo, anatitovogo, Scapa LTL kornerupinovogo ka\u0137a ac\u012bm.<\/p>\n<p>Visi no tiem ir \u013coti reti, lai gan ietekme cat&#8217;s acu vai opalescence ir bie\u017e\u0101k nek\u0101 cilv\u0113ki dom\u0101. Jo \u012bpa\u0161i Ka\u0137a acs pie\u0161\u0137\u012brusi sp\u0113ju saglab\u0101t m\u012blest\u012bbu, aizsarg\u0101ta pret nodev\u012bbu, no &quot;\u013caunas acs&quot;, un pat veikt valk\u0101t\u0101ja neredzams kauj\u0101.<\/p>\n<p>Ne tikai burvis, bet ar\u012b lielisks \u0101rsts izr\u0101d\u012bj\u0101s ka\u0137a acs. T\u0101 k\u0101 vi\u0146\u0161 ir acis iest\u0101\u017eu un t\u0101 maks\u0101 \u012bpa\u0161u uzman\u012bbu. \u0100rst\u0113 slim\u012bbas, acs, no\u0146em nogurumu, pal\u012bdz redz\u0113t lab\u0101k nakt\u012b. \u012apa\u0161i ieteicams valk\u0101t ka\u0137a acis uz cilv\u0113kiem, kas str\u0101d\u0101 pie datora vai dokumentiem. Kad noguris, pietiek uz p\u0101ris min\u016bt\u0113m, lai akmens uz vi\u0146a ac\u012bm. Ir ar\u012b uzskats, ka akmens bija j\u0101tiek gal\u0101 ar daudz\u0101m slim\u012bb\u0101m, sirds un asinsvadu sist\u0113mu. Tas var normaliz\u0113t asinsspiedienu lec. Ar paaugstin\u0101tu spiedienu, ieteicams valk\u0101t ir dzeltens vai oran\u017es akme\u0146i, bet samazin\u0101ts &#8211; za\u013c\u0101 vai zil\u0101 kr\u0101s\u0101. Bie\u017ei vien, ka\u0137a acs, un tiek \u0161odien izmanto cilv\u0113ki, kas cie\u0161 no elpo\u0161anas ce\u013cu slim\u012bb\u0101m. Pneimonija, tonsil\u012bts, gripa, pat astma &#8211; ka\u0137a acs pal\u012bdz iz\u0101rst\u0113t \u0161\u0101das kaites. Lai pan\u0101ktu liel\u0101ku efektu, akmens b\u016btu n\u0113s\u0101 ap kaklu k\u0101 kulonu vai krelles. Akmens stimul\u0113, toniz\u0113 gremo\u0161anas darb\u012bbu, pal\u012bdz gremo\u0161anas trauc\u0113jumi, pat var b\u016bt caureju veicino\u0161a iedarb\u012bba. Kad traumas, kaulu traumas, iek\u0161\u0113jie iekaisumi ir ieteicams valk\u0101t ka\u0137u acs. Tas veicina \u0101tru sadz\u012b\u0161anu un remonts boj\u0101to audu. Depresija, neirozes un citi trauc\u0113jumi viegl\u0101k pieredze ar \u0161o akmeni. Tas pal\u012bdz\u0113s atrast iek\u0161\u0113jo mieru un gar\u012bgo harmoniju.<\/p>\n","protected":false},"excerpt":{"rendered":"<p>Eksperti saka, ka miner\u0101l\u016bdens piesaista t\u0101s \u012bpa\u0161niekam savstarp\u0113ju m\u012blest\u012bbu, padarot to lab\u0101ko laul\u012bbu un draudz\u012bbu. Pievilkt uz\u0146\u0113m\u0113jas rock un simp\u0101tijas<\/p>\n","protected":false},"featured_media":10088,"template":"","meta":[],"product_brand":[],"product_cat":[2293,2294],"product_tag":[],"class_list":{"0":"post-34472","1":"product","2":"type-product","3":"status-publish","4":"has-post-thumbnail","6":"product_cat-dabiskie-akmeni-rokasspradzess-auskari-gredzeni-lv","7":"product_cat-rokasspradzes-lv-lv-2","9":"first","10":"instock","11":"taxable","12":"shipping-taxable","13":"purchasable","14":"product-type-simple"},"yoast_head":"<!-- This site is optimized with the Yoast SEO Premium plugin v27.0 (Yoast SEO v27.0) - https:\/\/yoast.com\/product\/yoast-seo-premium-wordpress\/ -->\n<title>12 mm Rokasspr\u0101dze natur\u0101ls akmens ka\u0137a acs (balts) - pasarg\u0101 no str\u012bdiem, ienaidniekiem, skaud\u012bba (dzeltens) - cosmetic.lv<\/title>\n<meta name=\"robots\" content=\"index, follow, max-snippet:-1, max-image-preview:large, max-video-preview:-1\" \/>\n<link rel=\"canonical\" href=\"https:\/\/cosmetic.lv\/lv\/product\/12-mm-rokasspradze-naturals-akmens-kaka-acs-balts-pasarga-no-stridiem-ienaidniekiem-skaudiba-dzeltens\/\" \/>\n<meta property=\"og:locale\" content=\"lv_LV\" \/>\n<meta property=\"og:type\" content=\"article\" \/>\n<meta property=\"og:title\" content=\"12 mm Rokasspr\u0101dze natur\u0101ls akmens ka\u0137a acs (balts) - pasarg\u0101 no str\u012bdiem, ienaidniekiem, skaud\u012bba (dzeltens)\" \/>\n<meta property=\"og:description\" content=\"Eksperti saka, ka miner\u0101l\u016bdens piesaista t\u0101s \u012bpa\u0161niekam savstarp\u0113ju m\u012blest\u012bbu, padarot to lab\u0101ko laul\u012bbu un draudz\u012bbu. Pievilkt uz\u0146\u0113m\u0113jas rock un simp\u0101tijas\" \/>\n<meta property=\"og:url\" content=\"https:\/\/cosmetic.lv\/lv\/product\/12-mm-rokasspradze-naturals-akmens-kaka-acs-balts-pasarga-no-stridiem-ienaidniekiem-skaudiba-dzeltens\/\" \/>\n<meta property=\"og:site_name\" content=\"cosmetic.lv\" \/>\n<meta property=\"article:publisher\" content=\"https:\/\/www.facebook.com\/cosmetic.lv\/\" \/>\n<meta property=\"article:modified_time\" content=\"2021-02-06T17:53:27+00:00\" \/>\n<meta property=\"og:image\" content=\"https:\/\/cosmetic.lv\/wp-content\/uploads\/2021\/02\/yelowcat.jpg\" \/>\n\t<meta property=\"og:image:width\" content=\"800\" \/>\n\t<meta property=\"og:image:height\" content=\"533\" \/>\n\t<meta property=\"og:image:type\" content=\"image\/jpeg\" \/>\n<meta name=\"twitter:card\" content=\"summary_large_image\" \/>\n<script type=\"application\/ld+json\" class=\"yoast-schema-graph\">{\"@context\":\"https:\/\/schema.org\",\"@graph\":[{\"@type\":\"WebPage\",\"@id\":\"https:\/\/cosmetic.lv\/lv\/product\/12-mm-rokasspradze-naturals-akmens-kaka-acs-balts-pasarga-no-stridiem-ienaidniekiem-skaudiba-dzeltens\/\",\"url\":\"https:\/\/cosmetic.lv\/lv\/product\/12-mm-rokasspradze-naturals-akmens-kaka-acs-balts-pasarga-no-stridiem-ienaidniekiem-skaudiba-dzeltens\/\",\"name\":\"12 mm Rokasspr\u0101dze natur\u0101ls akmens ka\u0137a acs (balts) - pasarg\u0101 no str\u012bdiem, ienaidniekiem, skaud\u012bba (dzeltens) - cosmetic.lv\",\"isPartOf\":{\"@id\":\"https:\/\/cosmetic.lv\/lv\/#website\"},\"primaryImageOfPage\":{\"@id\":\"https:\/\/cosmetic.lv\/lv\/product\/12-mm-rokasspradze-naturals-akmens-kaka-acs-balts-pasarga-no-stridiem-ienaidniekiem-skaudiba-dzeltens\/#primaryimage\"},\"image\":{\"@id\":\"https:\/\/cosmetic.lv\/lv\/product\/12-mm-rokasspradze-naturals-akmens-kaka-acs-balts-pasarga-no-stridiem-ienaidniekiem-skaudiba-dzeltens\/#primaryimage\"},\"thumbnailUrl\":\"https:\/\/cosmetic.lv\/wp-content\/uploads\/2021\/02\/yelowcat.jpg\",\"datePublished\":\"2021-02-06T17:53:22+00:00\",\"dateModified\":\"2021-02-06T17:53:27+00:00\",\"breadcrumb\":{\"@id\":\"https:\/\/cosmetic.lv\/lv\/product\/12-mm-rokasspradze-naturals-akmens-kaka-acs-balts-pasarga-no-stridiem-ienaidniekiem-skaudiba-dzeltens\/#breadcrumb\"},\"inLanguage\":\"lv-LV\",\"potentialAction\":[{\"@type\":\"ReadAction\",\"target\":[\"https:\/\/cosmetic.lv\/lv\/product\/12-mm-rokasspradze-naturals-akmens-kaka-acs-balts-pasarga-no-stridiem-ienaidniekiem-skaudiba-dzeltens\/\"]}]},{\"@type\":\"ImageObject\",\"inLanguage\":\"lv-LV\",\"@id\":\"https:\/\/cosmetic.lv\/lv\/product\/12-mm-rokasspradze-naturals-akmens-kaka-acs-balts-pasarga-no-stridiem-ienaidniekiem-skaudiba-dzeltens\/#primaryimage\",\"url\":\"https:\/\/cosmetic.lv\/wp-content\/uploads\/2021\/02\/yelowcat.jpg\",\"contentUrl\":\"https:\/\/cosmetic.lv\/wp-content\/uploads\/2021\/02\/yelowcat.jpg\",\"width\":800,\"height\":533,\"caption\":\"yelowcat.JPG\"},{\"@type\":\"BreadcrumbList\",\"@id\":\"https:\/\/cosmetic.lv\/lv\/product\/12-mm-rokasspradze-naturals-akmens-kaka-acs-balts-pasarga-no-stridiem-ienaidniekiem-skaudiba-dzeltens\/#breadcrumb\",\"itemListElement\":[{\"@type\":\"ListItem\",\"position\":1,\"name\":\"Home\",\"item\":\"https:\/\/cosmetic.lv\/lv\/\"},{\"@type\":\"ListItem\",\"position\":2,\"name\":\"Veikals\",\"item\":\"https:\/\/cosmetic.lv\/lv\/veiklas\/\"},{\"@type\":\"ListItem\",\"position\":3,\"name\":\"12 mm Rokasspr\u0101dze natur\u0101ls akmens ka\u0137a acs (balts) &#8212; pasarg\u0101 no str\u012bdiem, ienaidniekiem, skaud\u012bba (dzeltens)\"}]},{\"@type\":\"WebSite\",\"@id\":\"https:\/\/cosmetic.lv\/lv\/#website\",\"url\":\"https:\/\/cosmetic.lv\/lv\/\",\"name\":\"cosmetic.lv\",\"description\":\"Profesion\u0101la kosm\u0113tika - Maria Galland, Keune, Arkadija, GMT, Guam, Magiray\",\"publisher\":{\"@id\":\"https:\/\/cosmetic.lv\/lv\/#organization\"},\"potentialAction\":[{\"@type\":\"SearchAction\",\"target\":{\"@type\":\"EntryPoint\",\"urlTemplate\":\"https:\/\/cosmetic.lv\/lv\/?s={search_term_string}\"},\"query-input\":{\"@type\":\"PropertyValueSpecification\",\"valueRequired\":true,\"valueName\":\"search_term_string\"}}],\"inLanguage\":\"lv-LV\"},{\"@type\":\"Organization\",\"@id\":\"https:\/\/cosmetic.lv\/lv\/#organization\",\"name\":\"COSMETIC.LV\",\"url\":\"https:\/\/cosmetic.lv\/lv\/\",\"logo\":{\"@type\":\"ImageObject\",\"inLanguage\":\"lv-LV\",\"@id\":\"https:\/\/cosmetic.lv\/lv\/#\/schema\/logo\/image\/\",\"url\":\"https:\/\/cosmetic.lv\/wp-content\/uploads\/2021\/02\/cosmetic.lv_logo.jpg\",\"contentUrl\":\"https:\/\/cosmetic.lv\/wp-content\/uploads\/2021\/02\/cosmetic.lv_logo.jpg\",\"width\":596,\"height\":196,\"caption\":\"COSMETIC.LV\"},\"image\":{\"@id\":\"https:\/\/cosmetic.lv\/lv\/#\/schema\/logo\/image\/\"},\"sameAs\":[\"https:\/\/www.facebook.com\/cosmetic.lv\/\"]}]}<\/script>\n<meta property=\"product:price:amount\" content=\"10.59\" \/>\n<meta property=\"product:price:currency\" content=\"EUR\" \/>\n<meta property=\"og:availability\" content=\"instock\" \/>\n<meta property=\"product:availability\" content=\"instock\" \/>\n<meta property=\"product:retailer_item_id\" content=\"ZEL\" \/>\n<meta property=\"product:condition\" content=\"new\" \/>\n<!-- \/ Yoast SEO Premium plugin. -->","yoast_head_json":{"title":"12 mm Rokasspr\u0101dze natur\u0101ls akmens ka\u0137a acs (balts) - pasarg\u0101 no str\u012bdiem, ienaidniekiem, skaud\u012bba (dzeltens) - cosmetic.lv","robots":{"index":"index","follow":"follow","max-snippet":"max-snippet:-1","max-image-preview":"max-image-preview:large","max-video-preview":"max-video-preview:-1"},"canonical":"https:\/\/cosmetic.lv\/lv\/product\/12-mm-rokasspradze-naturals-akmens-kaka-acs-balts-pasarga-no-stridiem-ienaidniekiem-skaudiba-dzeltens\/","og_locale":"lv_LV","og_type":"article","og_title":"12 mm Rokasspr\u0101dze natur\u0101ls akmens ka\u0137a acs (balts) - pasarg\u0101 no str\u012bdiem, ienaidniekiem, skaud\u012bba (dzeltens)","og_description":"Eksperti saka, ka miner\u0101l\u016bdens piesaista t\u0101s \u012bpa\u0161niekam savstarp\u0113ju m\u012blest\u012bbu, padarot to lab\u0101ko laul\u012bbu un draudz\u012bbu. Pievilkt uz\u0146\u0113m\u0113jas rock un simp\u0101tijas","og_url":"https:\/\/cosmetic.lv\/lv\/product\/12-mm-rokasspradze-naturals-akmens-kaka-acs-balts-pasarga-no-stridiem-ienaidniekiem-skaudiba-dzeltens\/","og_site_name":"cosmetic.lv","article_publisher":"https:\/\/www.facebook.com\/cosmetic.lv\/","article_modified_time":"2021-02-06T17:53:27+00:00","og_image":[{"width":800,"height":533,"url":"https:\/\/cosmetic.lv\/wp-content\/uploads\/2021\/02\/yelowcat.jpg","type":"image\/jpeg"}],"twitter_card":"summary_large_image","schema":{"@context":"https:\/\/schema.org","@graph":[{"@type":"WebPage","@id":"https:\/\/cosmetic.lv\/lv\/product\/12-mm-rokasspradze-naturals-akmens-kaka-acs-balts-pasarga-no-stridiem-ienaidniekiem-skaudiba-dzeltens\/","url":"https:\/\/cosmetic.lv\/lv\/product\/12-mm-rokasspradze-naturals-akmens-kaka-acs-balts-pasarga-no-stridiem-ienaidniekiem-skaudiba-dzeltens\/","name":"12 mm Rokasspr\u0101dze natur\u0101ls akmens ka\u0137a acs (balts) - pasarg\u0101 no str\u012bdiem, ienaidniekiem, skaud\u012bba (dzeltens) - cosmetic.lv","isPartOf":{"@id":"https:\/\/cosmetic.lv\/lv\/#website"},"primaryImageOfPage":{"@id":"https:\/\/cosmetic.lv\/lv\/product\/12-mm-rokasspradze-naturals-akmens-kaka-acs-balts-pasarga-no-stridiem-ienaidniekiem-skaudiba-dzeltens\/#primaryimage"},"image":{"@id":"https:\/\/cosmetic.lv\/lv\/product\/12-mm-rokasspradze-naturals-akmens-kaka-acs-balts-pasarga-no-stridiem-ienaidniekiem-skaudiba-dzeltens\/#primaryimage"},"thumbnailUrl":"https:\/\/cosmetic.lv\/wp-content\/uploads\/2021\/02\/yelowcat.jpg","datePublished":"2021-02-06T17:53:22+00:00","dateModified":"2021-02-06T17:53:27+00:00","breadcrumb":{"@id":"https:\/\/cosmetic.lv\/lv\/product\/12-mm-rokasspradze-naturals-akmens-kaka-acs-balts-pasarga-no-stridiem-ienaidniekiem-skaudiba-dzeltens\/#breadcrumb"},"inLanguage":"lv-LV","potentialAction":[{"@type":"ReadAction","target":["https:\/\/cosmetic.lv\/lv\/product\/12-mm-rokasspradze-naturals-akmens-kaka-acs-balts-pasarga-no-stridiem-ienaidniekiem-skaudiba-dzeltens\/"]}]},{"@type":"ImageObject","inLanguage":"lv-LV","@id":"https:\/\/cosmetic.lv\/lv\/product\/12-mm-rokasspradze-naturals-akmens-kaka-acs-balts-pasarga-no-stridiem-ienaidniekiem-skaudiba-dzeltens\/#primaryimage","url":"https:\/\/cosmetic.lv\/wp-content\/uploads\/2021\/02\/yelowcat.jpg","contentUrl":"https:\/\/cosmetic.lv\/wp-content\/uploads\/2021\/02\/yelowcat.jpg","width":800,"height":533,"caption":"yelowcat.JPG"},{"@type":"BreadcrumbList","@id":"https:\/\/cosmetic.lv\/lv\/product\/12-mm-rokasspradze-naturals-akmens-kaka-acs-balts-pasarga-no-stridiem-ienaidniekiem-skaudiba-dzeltens\/#breadcrumb","itemListElement":[{"@type":"ListItem","position":1,"name":"Home","item":"https:\/\/cosmetic.lv\/lv\/"},{"@type":"ListItem","position":2,"name":"Veikals","item":"https:\/\/cosmetic.lv\/lv\/veiklas\/"},{"@type":"ListItem","position":3,"name":"12 mm Rokasspr\u0101dze natur\u0101ls akmens ka\u0137a acs (balts) &#8212; pasarg\u0101 no str\u012bdiem, ienaidniekiem, skaud\u012bba (dzeltens)"}]},{"@type":"WebSite","@id":"https:\/\/cosmetic.lv\/lv\/#website","url":"https:\/\/cosmetic.lv\/lv\/","name":"cosmetic.lv","description":"Profesion\u0101la kosm\u0113tika - Maria Galland, Keune, Arkadija, GMT, Guam, Magiray","publisher":{"@id":"https:\/\/cosmetic.lv\/lv\/#organization"},"potentialAction":[{"@type":"SearchAction","target":{"@type":"EntryPoint","urlTemplate":"https:\/\/cosmetic.lv\/lv\/?s={search_term_string}"},"query-input":{"@type":"PropertyValueSpecification","valueRequired":true,"valueName":"search_term_string"}}],"inLanguage":"lv-LV"},{"@type":"Organization","@id":"https:\/\/cosmetic.lv\/lv\/#organization","name":"COSMETIC.LV","url":"https:\/\/cosmetic.lv\/lv\/","logo":{"@type":"ImageObject","inLanguage":"lv-LV","@id":"https:\/\/cosmetic.lv\/lv\/#\/schema\/logo\/image\/","url":"https:\/\/cosmetic.lv\/wp-content\/uploads\/2021\/02\/cosmetic.lv_logo.jpg","contentUrl":"https:\/\/cosmetic.lv\/wp-content\/uploads\/2021\/02\/cosmetic.lv_logo.jpg","width":596,"height":196,"caption":"COSMETIC.LV"},"image":{"@id":"https:\/\/cosmetic.lv\/lv\/#\/schema\/logo\/image\/"},"sameAs":["https:\/\/www.facebook.com\/cosmetic.lv\/"]}]},"product_price_amount":"10.59","product_price_currency":"EUR","og_availability":"instock","product_availability":"instock","product_retailer_item_id":"ZEL","product_condition":"new"},"_links":{"self":[{"href":"https:\/\/cosmetic.lv\/lv\/wp-json\/wp\/v2\/product\/34472","targetHints":{"allow":["GET"]}}],"collection":[{"href":"https:\/\/cosmetic.lv\/lv\/wp-json\/wp\/v2\/product"}],"about":[{"href":"https:\/\/cosmetic.lv\/lv\/wp-json\/wp\/v2\/types\/product"}],"wp:featuredmedia":[{"embeddable":true,"href":"https:\/\/cosmetic.lv\/lv\/wp-json\/wp\/v2\/media\/10088"}],"wp:attachment":[{"href":"https:\/\/cosmetic.lv\/lv\/wp-json\/wp\/v2\/media?parent=34472"}],"wp:term":[{"taxonomy":"product_brand","embeddable":true,"href":"https:\/\/cosmetic.lv\/lv\/wp-json\/wp\/v2\/product_brand?post=34472"},{"taxonomy":"product_cat","embeddable":true,"href":"https:\/\/cosmetic.lv\/lv\/wp-json\/wp\/v2\/product_cat?post=34472"},{"taxonomy":"product_tag","embeddable":true,"href":"https:\/\/cosmetic.lv\/lv\/wp-json\/wp\/v2\/product_tag?post=34472"}],"curies":[{"name":"wp","href":"https:\/\/api.w.org\/{rel}","templated":true}]}}