{"id":34478,"date":"2021-02-05T22:42:13","date_gmt":"2021-02-06T17:53:29","guid":{"rendered":"https:\/\/damme.lv\/product\/arkadija-attiross-pienins-sevi-300ml\/"},"modified":"2021-02-06T19:53:32","modified_gmt":"2021-02-06T17:53:32","slug":"arkadija-attiross-pienins-sevi-300ml","status":"publish","type":"product","link":"https:\/\/cosmetic.lv\/lv\/product\/arkadija-attiross-pienins-sevi-300ml\/","title":{"rendered":"Arkadija att\u012bro\u0161s pieni\u0146\u0161 Sevi 300ml"},"content":{"rendered":"<p><!DOCTYPE html PUBLIC &quot;-\/\/W3C\/\/DTD XHTML 1.0 Transitional\/\/EN&quot; &quot;http:\/\/www.w3.org\/TR\/xhtml1\/DTD\/xhtml1-transitional.dtd&quot;><br \/>\n<html><br \/>\n<head><br \/>\n<title>Untitled document<\/title><br \/>\n<\/head><br \/>\n<body><\/p>\n<div id=&quot;tw-target-text-container&quot;>\n<pre id=&quot;tw-target-text&quot; style=&quot;text-align:left&quot; dir=&quot;ltr&quot;><span>PH Balance Milk ir neaizst\u0101jams l\u012bdzeklis \u0101das fiziolo\u0123isk\u0101 pH atjauno&scaron;anai p\u0113c t\u012br\u012b&scaron;anas un saskares ar \u016bdeni jebkur\u0101 profesion\u0101l\u0101 proced\u016br\u0101. Piens mitrina, nomierina, dod svaiguma un komforta saj\u016btu, sagatavo \u0101du turpm\u0101kajiem proced\u016bras posmiem. Nesatur alkoholu vai citas asas sast\u0101vda\u013cas. Piem\u0113rots visiem \u0101das tipiem, ieskaitot paaugstin\u0101tas jut\u012bbas un reakt\u012bvu \u0101du.<\/span><\/pre>\n<\/div>\n<pre id=&quot;tw-target-rmn&quot; style=&quot;text-align:left&quot; dir=&quot;ltr&quot;><span>300ML<\/span><\/pre>\n<p><\/body><br \/>\n<\/html><\/p>\n","protected":false},"excerpt":{"rendered":"<p>Untitled document PH Balance Milk ir neaizst\u0101jams l\u012bdzeklis \u0101das fiziolo\u0123isk\u0101 pH atjauno&scaron;anai p\u0113c t\u012br\u012b&scaron;anas un saskares ar \u016bdeni jebkur\u0101 profesion\u0101l\u0101<\/p>\n","protected":false},"featured_media":16689,"template":"","meta":[],"product_brand":[],"product_cat":[2273,2278,2281],"product_tag":[],"class_list":{"0":"post-34478","1":"product","2":"type-product","3":"status-publish","4":"has-post-thumbnail","6":"product_cat-profesionala-kosmetika-sejai-un-kermenim-lv","7":"product_cat-labaratorijas-kosmetika-arkadija-izstrada-luks-klases-kosmetiku-lv","8":"product_cat-sejas-attirisana-lv","10":"first","11":"outofstock","12":"sale","13":"taxable","14":"shipping-taxable","15":"purchasable","16":"product-type-simple"},"yoast_head":"<!-- This site is optimized with the Yoast SEO Premium plugin v27.0 (Yoast SEO v27.0) - https:\/\/yoast.com\/product\/yoast-seo-premium-wordpress\/ -->\n<title>Arkadija att\u012bro\u0161s pieni\u0146\u0161 Sevi 300ml - cosmetic.lv<\/title>\n<meta name=\"robots\" content=\"index, follow, max-snippet:-1, max-image-preview:large, max-video-preview:-1\" \/>\n<link rel=\"canonical\" href=\"https:\/\/cosmetic.lv\/lv\/product\/arkadija-attiross-pienins-sevi-300ml\/\" \/>\n<meta property=\"og:locale\" content=\"lv_LV\" \/>\n<meta property=\"og:type\" content=\"article\" \/>\n<meta property=\"og:title\" content=\"Arkadija att\u012bro\u0161s pieni\u0146\u0161 Sevi 300ml\" \/>\n<meta property=\"og:description\" content=\"Untitled document PH Balance Milk ir neaizst\u0101jams l\u012bdzeklis \u0101das fiziolo\u0123isk\u0101 pH atjauno&scaron;anai p\u0113c t\u012br\u012b&scaron;anas un saskares ar \u016bdeni jebkur\u0101 profesion\u0101l\u0101\" \/>\n<meta property=\"og:url\" content=\"https:\/\/cosmetic.lv\/lv\/product\/arkadija-attiross-pienins-sevi-300ml\/\" \/>\n<meta property=\"og:site_name\" content=\"cosmetic.lv\" \/>\n<meta property=\"article:publisher\" content=\"https:\/\/www.facebook.com\/cosmetic.lv\/\" \/>\n<meta property=\"article:modified_time\" content=\"2021-02-06T17:53:32+00:00\" \/>\n<meta property=\"og:image\" content=\"https:\/\/cosmetic.lv\/wp-content\/uploads\/2021\/02\/arkadia-sevi-ph-balance-pienins-300ml.9275-10-4.jpeg\" \/>\n\t<meta property=\"og:image:width\" content=\"820\" \/>\n\t<meta property=\"og:image:height\" content=\"600\" \/>\n\t<meta property=\"og:image:type\" content=\"image\/jpeg\" \/>\n<meta name=\"twitter:card\" content=\"summary_large_image\" \/>\n<script type=\"application\/ld+json\" class=\"yoast-schema-graph\">{\"@context\":\"https:\/\/schema.org\",\"@graph\":[{\"@type\":\"WebPage\",\"@id\":\"https:\/\/cosmetic.lv\/lv\/product\/arkadija-attiross-pienins-sevi-300ml\/\",\"url\":\"https:\/\/cosmetic.lv\/lv\/product\/arkadija-attiross-pienins-sevi-300ml\/\",\"name\":\"Arkadija att\u012bro\u0161s pieni\u0146\u0161 Sevi 300ml - cosmetic.lv\",\"isPartOf\":{\"@id\":\"https:\/\/cosmetic.lv\/lv\/#website\"},\"primaryImageOfPage\":{\"@id\":\"https:\/\/cosmetic.lv\/lv\/product\/arkadija-attiross-pienins-sevi-300ml\/#primaryimage\"},\"image\":{\"@id\":\"https:\/\/cosmetic.lv\/lv\/product\/arkadija-attiross-pienins-sevi-300ml\/#primaryimage\"},\"thumbnailUrl\":\"https:\/\/cosmetic.lv\/wp-content\/uploads\/2021\/02\/arkadia-sevi-ph-balance-pienins-300ml.9275-10-4.jpeg\",\"datePublished\":\"2021-02-06T17:53:29+00:00\",\"dateModified\":\"2021-02-06T17:53:32+00:00\",\"breadcrumb\":{\"@id\":\"https:\/\/cosmetic.lv\/lv\/product\/arkadija-attiross-pienins-sevi-300ml\/#breadcrumb\"},\"inLanguage\":\"lv-LV\",\"potentialAction\":[{\"@type\":\"ReadAction\",\"target\":[\"https:\/\/cosmetic.lv\/lv\/product\/arkadija-attiross-pienins-sevi-300ml\/\"]}]},{\"@type\":\"ImageObject\",\"inLanguage\":\"lv-LV\",\"@id\":\"https:\/\/cosmetic.lv\/lv\/product\/arkadija-attiross-pienins-sevi-300ml\/#primaryimage\",\"url\":\"https:\/\/cosmetic.lv\/wp-content\/uploads\/2021\/02\/arkadia-sevi-ph-balance-pienins-300ml.9275-10-4.jpeg\",\"contentUrl\":\"https:\/\/cosmetic.lv\/wp-content\/uploads\/2021\/02\/arkadia-sevi-ph-balance-pienins-300ml.9275-10-4.jpeg\",\"width\":820,\"height\":600,\"caption\":\"arkadia-sevi-ph-balance-pienins-300ml.9275-10.jpeg\"},{\"@type\":\"BreadcrumbList\",\"@id\":\"https:\/\/cosmetic.lv\/lv\/product\/arkadija-attiross-pienins-sevi-300ml\/#breadcrumb\",\"itemListElement\":[{\"@type\":\"ListItem\",\"position\":1,\"name\":\"Home\",\"item\":\"https:\/\/cosmetic.lv\/lv\/\"},{\"@type\":\"ListItem\",\"position\":2,\"name\":\"Veikals\",\"item\":\"https:\/\/cosmetic.lv\/lv\/veiklas\/\"},{\"@type\":\"ListItem\",\"position\":3,\"name\":\"Arkadija att\u012bro\u0161s pieni\u0146\u0161 Sevi 300ml\"}]},{\"@type\":\"WebSite\",\"@id\":\"https:\/\/cosmetic.lv\/lv\/#website\",\"url\":\"https:\/\/cosmetic.lv\/lv\/\",\"name\":\"cosmetic.lv\",\"description\":\"Profesion\u0101la kosm\u0113tika - Maria Galland, Keune, Arkadija, GMT, Guam, Magiray\",\"publisher\":{\"@id\":\"https:\/\/cosmetic.lv\/lv\/#organization\"},\"potentialAction\":[{\"@type\":\"SearchAction\",\"target\":{\"@type\":\"EntryPoint\",\"urlTemplate\":\"https:\/\/cosmetic.lv\/lv\/?s={search_term_string}\"},\"query-input\":{\"@type\":\"PropertyValueSpecification\",\"valueRequired\":true,\"valueName\":\"search_term_string\"}}],\"inLanguage\":\"lv-LV\"},{\"@type\":\"Organization\",\"@id\":\"https:\/\/cosmetic.lv\/lv\/#organization\",\"name\":\"COSMETIC.LV\",\"url\":\"https:\/\/cosmetic.lv\/lv\/\",\"logo\":{\"@type\":\"ImageObject\",\"inLanguage\":\"lv-LV\",\"@id\":\"https:\/\/cosmetic.lv\/lv\/#\/schema\/logo\/image\/\",\"url\":\"https:\/\/cosmetic.lv\/wp-content\/uploads\/2021\/02\/cosmetic.lv_logo.jpg\",\"contentUrl\":\"https:\/\/cosmetic.lv\/wp-content\/uploads\/2021\/02\/cosmetic.lv_logo.jpg\",\"width\":596,\"height\":196,\"caption\":\"COSMETIC.LV\"},\"image\":{\"@id\":\"https:\/\/cosmetic.lv\/lv\/#\/schema\/logo\/image\/\"},\"sameAs\":[\"https:\/\/www.facebook.com\/cosmetic.lv\/\"]}]}<\/script>\n<meta property=\"product:price:amount\" content=\"38.00\" \/>\n<meta property=\"product:price:currency\" content=\"EUR\" \/>\n<meta property=\"og:availability\" content=\"out of stock\" \/>\n<meta property=\"product:availability\" content=\"out of stock\" \/>\n<meta property=\"product:retailer_item_id\" content=\"AT031\" \/>\n<meta property=\"product:condition\" content=\"new\" \/>\n<!-- \/ Yoast SEO Premium plugin. -->","yoast_head_json":{"title":"Arkadija att\u012bro\u0161s pieni\u0146\u0161 Sevi 300ml - cosmetic.lv","robots":{"index":"index","follow":"follow","max-snippet":"max-snippet:-1","max-image-preview":"max-image-preview:large","max-video-preview":"max-video-preview:-1"},"canonical":"https:\/\/cosmetic.lv\/lv\/product\/arkadija-attiross-pienins-sevi-300ml\/","og_locale":"lv_LV","og_type":"article","og_title":"Arkadija att\u012bro\u0161s pieni\u0146\u0161 Sevi 300ml","og_description":"Untitled document PH Balance Milk ir neaizst\u0101jams l\u012bdzeklis \u0101das fiziolo\u0123isk\u0101 pH atjauno&scaron;anai p\u0113c t\u012br\u012b&scaron;anas un saskares ar \u016bdeni jebkur\u0101 profesion\u0101l\u0101","og_url":"https:\/\/cosmetic.lv\/lv\/product\/arkadija-attiross-pienins-sevi-300ml\/","og_site_name":"cosmetic.lv","article_publisher":"https:\/\/www.facebook.com\/cosmetic.lv\/","article_modified_time":"2021-02-06T17:53:32+00:00","og_image":[{"width":820,"height":600,"url":"https:\/\/cosmetic.lv\/wp-content\/uploads\/2021\/02\/arkadia-sevi-ph-balance-pienins-300ml.9275-10-4.jpeg","type":"image\/jpeg"}],"twitter_card":"summary_large_image","schema":{"@context":"https:\/\/schema.org","@graph":[{"@type":"WebPage","@id":"https:\/\/cosmetic.lv\/lv\/product\/arkadija-attiross-pienins-sevi-300ml\/","url":"https:\/\/cosmetic.lv\/lv\/product\/arkadija-attiross-pienins-sevi-300ml\/","name":"Arkadija att\u012bro\u0161s pieni\u0146\u0161 Sevi 300ml - cosmetic.lv","isPartOf":{"@id":"https:\/\/cosmetic.lv\/lv\/#website"},"primaryImageOfPage":{"@id":"https:\/\/cosmetic.lv\/lv\/product\/arkadija-attiross-pienins-sevi-300ml\/#primaryimage"},"image":{"@id":"https:\/\/cosmetic.lv\/lv\/product\/arkadija-attiross-pienins-sevi-300ml\/#primaryimage"},"thumbnailUrl":"https:\/\/cosmetic.lv\/wp-content\/uploads\/2021\/02\/arkadia-sevi-ph-balance-pienins-300ml.9275-10-4.jpeg","datePublished":"2021-02-06T17:53:29+00:00","dateModified":"2021-02-06T17:53:32+00:00","breadcrumb":{"@id":"https:\/\/cosmetic.lv\/lv\/product\/arkadija-attiross-pienins-sevi-300ml\/#breadcrumb"},"inLanguage":"lv-LV","potentialAction":[{"@type":"ReadAction","target":["https:\/\/cosmetic.lv\/lv\/product\/arkadija-attiross-pienins-sevi-300ml\/"]}]},{"@type":"ImageObject","inLanguage":"lv-LV","@id":"https:\/\/cosmetic.lv\/lv\/product\/arkadija-attiross-pienins-sevi-300ml\/#primaryimage","url":"https:\/\/cosmetic.lv\/wp-content\/uploads\/2021\/02\/arkadia-sevi-ph-balance-pienins-300ml.9275-10-4.jpeg","contentUrl":"https:\/\/cosmetic.lv\/wp-content\/uploads\/2021\/02\/arkadia-sevi-ph-balance-pienins-300ml.9275-10-4.jpeg","width":820,"height":600,"caption":"arkadia-sevi-ph-balance-pienins-300ml.9275-10.jpeg"},{"@type":"BreadcrumbList","@id":"https:\/\/cosmetic.lv\/lv\/product\/arkadija-attiross-pienins-sevi-300ml\/#breadcrumb","itemListElement":[{"@type":"ListItem","position":1,"name":"Home","item":"https:\/\/cosmetic.lv\/lv\/"},{"@type":"ListItem","position":2,"name":"Veikals","item":"https:\/\/cosmetic.lv\/lv\/veiklas\/"},{"@type":"ListItem","position":3,"name":"Arkadija att\u012bro\u0161s pieni\u0146\u0161 Sevi 300ml"}]},{"@type":"WebSite","@id":"https:\/\/cosmetic.lv\/lv\/#website","url":"https:\/\/cosmetic.lv\/lv\/","name":"cosmetic.lv","description":"Profesion\u0101la kosm\u0113tika - Maria Galland, Keune, Arkadija, GMT, Guam, Magiray","publisher":{"@id":"https:\/\/cosmetic.lv\/lv\/#organization"},"potentialAction":[{"@type":"SearchAction","target":{"@type":"EntryPoint","urlTemplate":"https:\/\/cosmetic.lv\/lv\/?s={search_term_string}"},"query-input":{"@type":"PropertyValueSpecification","valueRequired":true,"valueName":"search_term_string"}}],"inLanguage":"lv-LV"},{"@type":"Organization","@id":"https:\/\/cosmetic.lv\/lv\/#organization","name":"COSMETIC.LV","url":"https:\/\/cosmetic.lv\/lv\/","logo":{"@type":"ImageObject","inLanguage":"lv-LV","@id":"https:\/\/cosmetic.lv\/lv\/#\/schema\/logo\/image\/","url":"https:\/\/cosmetic.lv\/wp-content\/uploads\/2021\/02\/cosmetic.lv_logo.jpg","contentUrl":"https:\/\/cosmetic.lv\/wp-content\/uploads\/2021\/02\/cosmetic.lv_logo.jpg","width":596,"height":196,"caption":"COSMETIC.LV"},"image":{"@id":"https:\/\/cosmetic.lv\/lv\/#\/schema\/logo\/image\/"},"sameAs":["https:\/\/www.facebook.com\/cosmetic.lv\/"]}]},"product_price_amount":"38.00","product_price_currency":"EUR","og_availability":"out of stock","product_availability":"out of stock","product_retailer_item_id":"AT031","product_condition":"new"},"_links":{"self":[{"href":"https:\/\/cosmetic.lv\/lv\/wp-json\/wp\/v2\/product\/34478","targetHints":{"allow":["GET"]}}],"collection":[{"href":"https:\/\/cosmetic.lv\/lv\/wp-json\/wp\/v2\/product"}],"about":[{"href":"https:\/\/cosmetic.lv\/lv\/wp-json\/wp\/v2\/types\/product"}],"wp:featuredmedia":[{"embeddable":true,"href":"https:\/\/cosmetic.lv\/lv\/wp-json\/wp\/v2\/media\/16689"}],"wp:attachment":[{"href":"https:\/\/cosmetic.lv\/lv\/wp-json\/wp\/v2\/media?parent=34478"}],"wp:term":[{"taxonomy":"product_brand","embeddable":true,"href":"https:\/\/cosmetic.lv\/lv\/wp-json\/wp\/v2\/product_brand?post=34478"},{"taxonomy":"product_cat","embeddable":true,"href":"https:\/\/cosmetic.lv\/lv\/wp-json\/wp\/v2\/product_cat?post=34478"},{"taxonomy":"product_tag","embeddable":true,"href":"https:\/\/cosmetic.lv\/lv\/wp-json\/wp\/v2\/product_tag?post=34478"}],"curies":[{"name":"wp","href":"https:\/\/api.w.org\/{rel}","templated":true}]}}