{"id":34485,"date":"2021-02-05T22:42:23","date_gmt":"2021-02-06T17:53:37","guid":{"rendered":"https:\/\/damme.lv\/product\/maria-galland-761-activage-comfort-cream-50ml\/"},"modified":"2021-02-06T19:53:38","modified_gmt":"2021-02-06T17:53:38","slug":"maria-galland-761-activage-comfort-cream-50ml","status":"publish","type":"product","link":"https:\/\/cosmetic.lv\/lv\/product\/maria-galland-761-activage-comfort-cream-50ml\/","title":{"rendered":"Maria Galland 761 ACTIV&#8217;AGE COMFORT CREAM 50ml"},"content":{"rendered":"<p><!DOCTYPE html PUBLIC &quot;-\/\/W3C\/\/DTD XHTML 1.0 Transitional\/\/EN&quot; &quot;http:\/\/www.w3.org\/TR\/xhtml1\/DTD\/xhtml1-transitional.dtd&quot;><br \/>\n<html><br \/>\n<head><br \/>\n<title>Untitled document<\/title><br \/>\n<\/head><br \/>\n<body><\/p>\n<p>Bag\u0101t\u012bgs kr\u0113ms, kas pal\u0113nina \u0101das hormon\u0101lo noveco&scaron;anos, ar pept\u012bdu &scaron;\u016bnu kompleksu un barojo&scaron;\u0101m e\u013c\u013c\u0101m optim\u0101lai \u0101das atjauno&scaron;anai un komfortam. Aktiviz\u0113 nobriedu&scaron;as \u0101das skaistumu.<\/p>\n<p>Akt\u012bvie komponenti:<\/p>\n<p>&bull; Arti&scaron;oka lapu pept\u012bdi: uzlabo \u0101das tvirtumu, pal\u0113ninot dermas matricas no\u0101rd\u012b&scaron;anos. Izl\u012bdzina grumbas un stimul\u0113 kolag\u0113na sint\u0113zi.<br \/>&bull; Tabakas ziedu pept\u012bdi: atjauno &scaron;\u016bnu vitalit\u0101ti un iztur\u012bbu, k\u0101 ar\u012b \u0101das elast\u012bbu.<br \/>&bull; Tripept\u012bds: stiprina \u0101du, pal\u0113ninot kolag\u0113na &scaron;\u0137iedru sadal\u012b&scaron;anos. Kont\u016br\u0113 seju, uzlabojot hialuronsk\u0101bes ra\u017eo&scaron;anu.<br \/>&bull; B3 vitam\u012bns: kav\u0113 melanosomu migr\u0101ciju keratinoc\u012btos, samazinot vecuma plankumu risku.<br \/>&bull; Tom\u0101tu lapu cilmes &scaron;\u016bnu ekstrakta komplekss: Ekstrakts sast\u0101v no \u0101rk\u0101rt\u012bgi efekt\u012bvas sast\u0101vda\u013cas, kas aizsarg\u0101 \u0101du no noveco&scaron;an\u0101s, ko izraisa negat\u012bva vides ietekme un oksidat\u012bvs stress.<br \/>&bull; Sarkano pupi\u0146u cilmes &scaron;\u016bnu ekstrakts: stimul\u0113 \u0101das dabisko sp\u0113ju no\u0146emt &scaron;\u016bnu atliekas un boj\u0101t\u0101s olbaltumvielas. Veicina sk\u0101bek\u013ca pieg\u0101di. Ener\u0123iz\u0113 \u0101du un stimul\u0113 ATP ra\u017eo&scaron;anu.<br \/>&bull; Ave\u0146u cilmes &scaron;\u016bnu ekstrakts: stimul\u0113 &scaron;\u016bnu vitalit\u0101ti un iztur\u012bbu. C\u012bn\u0101s ar br\u012bvajiem radik\u0101\u013ciem, pateicoties augstajai fenola sk\u0101bes, flavono\u012bdu un ferulsk\u0101bes koncentr\u0101cijai.<br \/>&bull; Barojo&scaron;s komplekss: saulespu\u0137u, sezama un jojobas e\u013c\u013cas kombin\u0101cija: augsta tauksk\u0101bju koncentr\u0101cija nodro&scaron;ina optim\u0101lu uzturu un \u0101das mitrin\u0101&scaron;anu, uzlabojot \u0101das barjeru un aizsarg\u0101jot \u0101du no TEPV. Unik\u0101l\u0101 kombin\u0101cija padara \u0101du maigu un samtainu.<\/p>\n<p>Lieto&scaron;anas instrukcijas: Uzkl\u0101jiet seju, kaklu un dekolt\u0113 p\u0113c 740 ACTIV&#8217;AGE seruma. Norm\u0101lai \u0101dai ieteicams lietot kr\u0113mu 760 no r\u012bta + kr\u0113mu 761 vakar\u0101. Sausai \u0101dai &#8211; kr\u0113ms 761 no r\u012bta un vakar\u0101.<\/p>\n<p>Iepakojums: burka 50 ml<\/p>\n<p><\/body><br \/>\n<\/html><\/p>\n","protected":false},"excerpt":{"rendered":"<p>Untitled document Bag\u0101t\u012bgs kr\u0113ms, kas pal\u0113nina \u0101das hormon\u0101lo noveco&scaron;anos, ar pept\u012bdu &scaron;\u016bnu kompleksu un barojo&scaron;\u0101m e\u013c\u013c\u0101m optim\u0101lai \u0101das atjauno&scaron;anai un<\/p>\n","protected":false},"featured_media":16708,"template":"","meta":[],"product_brand":[],"product_cat":[2273,2277],"product_tag":[],"class_list":{"0":"post-34485","1":"product","2":"type-product","3":"status-publish","4":"has-post-thumbnail","6":"product_cat-profesionala-kosmetika-sejai-un-kermenim-lv","7":"product_cat-maria-galland-francija-lv","9":"first","10":"instock","11":"sale","12":"featured","13":"taxable","14":"shipping-taxable","15":"purchasable","16":"product-type-simple"},"yoast_head":"<!-- This site is optimized with the Yoast SEO Premium plugin v27.0 (Yoast SEO v27.0) - https:\/\/yoast.com\/product\/yoast-seo-premium-wordpress\/ -->\n<title>Maria Galland 761 ACTIV&#039;AGE COMFORT CREAM 50ml - cosmetic.lv<\/title>\n<meta name=\"robots\" content=\"index, follow, max-snippet:-1, max-image-preview:large, max-video-preview:-1\" \/>\n<link rel=\"canonical\" href=\"https:\/\/cosmetic.lv\/lv\/product\/maria-galland-761-activage-comfort-cream-50ml\/\" \/>\n<meta property=\"og:locale\" content=\"lv_LV\" \/>\n<meta property=\"og:type\" content=\"article\" \/>\n<meta property=\"og:title\" content=\"Maria Galland 761 ACTIV&#039;AGE COMFORT CREAM 50ml\" \/>\n<meta property=\"og:description\" content=\"Untitled document Bag\u0101t\u012bgs kr\u0113ms, kas pal\u0113nina \u0101das hormon\u0101lo noveco&scaron;anos, ar pept\u012bdu &scaron;\u016bnu kompleksu un barojo&scaron;\u0101m e\u013c\u013c\u0101m optim\u0101lai \u0101das atjauno&scaron;anai un\" \/>\n<meta property=\"og:url\" content=\"https:\/\/cosmetic.lv\/lv\/product\/maria-galland-761-activage-comfort-cream-50ml\/\" \/>\n<meta property=\"og:site_name\" content=\"cosmetic.lv\" \/>\n<meta property=\"article:publisher\" content=\"https:\/\/www.facebook.com\/cosmetic.lv\/\" \/>\n<meta property=\"article:modified_time\" content=\"2021-02-06T17:53:38+00:00\" \/>\n<meta property=\"og:image\" content=\"https:\/\/cosmetic.lv\/wp-content\/uploads\/2021\/02\/761-4-scaled.jpg\" \/>\n\t<meta property=\"og:image:width\" content=\"1600\" \/>\n\t<meta property=\"og:image:height\" content=\"1538\" \/>\n\t<meta property=\"og:image:type\" content=\"image\/jpeg\" \/>\n<meta name=\"twitter:card\" content=\"summary_large_image\" \/>\n<script type=\"application\/ld+json\" class=\"yoast-schema-graph\">{\"@context\":\"https:\/\/schema.org\",\"@graph\":[{\"@type\":\"WebPage\",\"@id\":\"https:\/\/cosmetic.lv\/lv\/product\/maria-galland-761-activage-comfort-cream-50ml\/\",\"url\":\"https:\/\/cosmetic.lv\/lv\/product\/maria-galland-761-activage-comfort-cream-50ml\/\",\"name\":\"Maria Galland 761 ACTIV'AGE COMFORT CREAM 50ml - cosmetic.lv\",\"isPartOf\":{\"@id\":\"https:\/\/cosmetic.lv\/lv\/#website\"},\"primaryImageOfPage\":{\"@id\":\"https:\/\/cosmetic.lv\/lv\/product\/maria-galland-761-activage-comfort-cream-50ml\/#primaryimage\"},\"image\":{\"@id\":\"https:\/\/cosmetic.lv\/lv\/product\/maria-galland-761-activage-comfort-cream-50ml\/#primaryimage\"},\"thumbnailUrl\":\"https:\/\/cosmetic.lv\/wp-content\/uploads\/2021\/02\/761-4-scaled.jpg\",\"datePublished\":\"2021-02-06T17:53:37+00:00\",\"dateModified\":\"2021-02-06T17:53:38+00:00\",\"breadcrumb\":{\"@id\":\"https:\/\/cosmetic.lv\/lv\/product\/maria-galland-761-activage-comfort-cream-50ml\/#breadcrumb\"},\"inLanguage\":\"lv-LV\",\"potentialAction\":[{\"@type\":\"ReadAction\",\"target\":[\"https:\/\/cosmetic.lv\/lv\/product\/maria-galland-761-activage-comfort-cream-50ml\/\"]}]},{\"@type\":\"ImageObject\",\"inLanguage\":\"lv-LV\",\"@id\":\"https:\/\/cosmetic.lv\/lv\/product\/maria-galland-761-activage-comfort-cream-50ml\/#primaryimage\",\"url\":\"https:\/\/cosmetic.lv\/wp-content\/uploads\/2021\/02\/761-4-scaled.jpg\",\"contentUrl\":\"https:\/\/cosmetic.lv\/wp-content\/uploads\/2021\/02\/761-4-scaled.jpg\",\"width\":1600,\"height\":1538,\"caption\":\"761.jpg\"},{\"@type\":\"BreadcrumbList\",\"@id\":\"https:\/\/cosmetic.lv\/lv\/product\/maria-galland-761-activage-comfort-cream-50ml\/#breadcrumb\",\"itemListElement\":[{\"@type\":\"ListItem\",\"position\":1,\"name\":\"Home\",\"item\":\"https:\/\/cosmetic.lv\/lv\/\"},{\"@type\":\"ListItem\",\"position\":2,\"name\":\"Veikals\",\"item\":\"https:\/\/cosmetic.lv\/lv\/veiklas\/\"},{\"@type\":\"ListItem\",\"position\":3,\"name\":\"Maria Galland 761 ACTIV&#8217;AGE COMFORT CREAM 50ml\"}]},{\"@type\":\"WebSite\",\"@id\":\"https:\/\/cosmetic.lv\/lv\/#website\",\"url\":\"https:\/\/cosmetic.lv\/lv\/\",\"name\":\"cosmetic.lv\",\"description\":\"Profesion\u0101la kosm\u0113tika - Maria Galland, Keune, Arkadija, GMT, Guam, Magiray\",\"publisher\":{\"@id\":\"https:\/\/cosmetic.lv\/lv\/#organization\"},\"potentialAction\":[{\"@type\":\"SearchAction\",\"target\":{\"@type\":\"EntryPoint\",\"urlTemplate\":\"https:\/\/cosmetic.lv\/lv\/?s={search_term_string}\"},\"query-input\":{\"@type\":\"PropertyValueSpecification\",\"valueRequired\":true,\"valueName\":\"search_term_string\"}}],\"inLanguage\":\"lv-LV\"},{\"@type\":\"Organization\",\"@id\":\"https:\/\/cosmetic.lv\/lv\/#organization\",\"name\":\"COSMETIC.LV\",\"url\":\"https:\/\/cosmetic.lv\/lv\/\",\"logo\":{\"@type\":\"ImageObject\",\"inLanguage\":\"lv-LV\",\"@id\":\"https:\/\/cosmetic.lv\/lv\/#\/schema\/logo\/image\/\",\"url\":\"https:\/\/cosmetic.lv\/wp-content\/uploads\/2021\/02\/cosmetic.lv_logo.jpg\",\"contentUrl\":\"https:\/\/cosmetic.lv\/wp-content\/uploads\/2021\/02\/cosmetic.lv_logo.jpg\",\"width\":596,\"height\":196,\"caption\":\"COSMETIC.LV\"},\"image\":{\"@id\":\"https:\/\/cosmetic.lv\/lv\/#\/schema\/logo\/image\/\"},\"sameAs\":[\"https:\/\/www.facebook.com\/cosmetic.lv\/\"]}]}<\/script>\n<meta property=\"product:price:amount\" content=\"124.52\" \/>\n<meta property=\"product:price:currency\" content=\"EUR\" \/>\n<meta property=\"og:availability\" content=\"instock\" \/>\n<meta property=\"product:availability\" content=\"instock\" \/>\n<meta property=\"product:retailer_item_id\" content=\"761\" \/>\n<meta property=\"product:condition\" content=\"new\" \/>\n<!-- \/ Yoast SEO Premium plugin. -->","yoast_head_json":{"title":"Maria Galland 761 ACTIV'AGE COMFORT CREAM 50ml - cosmetic.lv","robots":{"index":"index","follow":"follow","max-snippet":"max-snippet:-1","max-image-preview":"max-image-preview:large","max-video-preview":"max-video-preview:-1"},"canonical":"https:\/\/cosmetic.lv\/lv\/product\/maria-galland-761-activage-comfort-cream-50ml\/","og_locale":"lv_LV","og_type":"article","og_title":"Maria Galland 761 ACTIV'AGE COMFORT CREAM 50ml","og_description":"Untitled document Bag\u0101t\u012bgs kr\u0113ms, kas pal\u0113nina \u0101das hormon\u0101lo noveco&scaron;anos, ar pept\u012bdu &scaron;\u016bnu kompleksu un barojo&scaron;\u0101m e\u013c\u013c\u0101m optim\u0101lai \u0101das atjauno&scaron;anai un","og_url":"https:\/\/cosmetic.lv\/lv\/product\/maria-galland-761-activage-comfort-cream-50ml\/","og_site_name":"cosmetic.lv","article_publisher":"https:\/\/www.facebook.com\/cosmetic.lv\/","article_modified_time":"2021-02-06T17:53:38+00:00","og_image":[{"width":1600,"height":1538,"url":"https:\/\/cosmetic.lv\/wp-content\/uploads\/2021\/02\/761-4-scaled.jpg","type":"image\/jpeg"}],"twitter_card":"summary_large_image","schema":{"@context":"https:\/\/schema.org","@graph":[{"@type":"WebPage","@id":"https:\/\/cosmetic.lv\/lv\/product\/maria-galland-761-activage-comfort-cream-50ml\/","url":"https:\/\/cosmetic.lv\/lv\/product\/maria-galland-761-activage-comfort-cream-50ml\/","name":"Maria Galland 761 ACTIV'AGE COMFORT CREAM 50ml - cosmetic.lv","isPartOf":{"@id":"https:\/\/cosmetic.lv\/lv\/#website"},"primaryImageOfPage":{"@id":"https:\/\/cosmetic.lv\/lv\/product\/maria-galland-761-activage-comfort-cream-50ml\/#primaryimage"},"image":{"@id":"https:\/\/cosmetic.lv\/lv\/product\/maria-galland-761-activage-comfort-cream-50ml\/#primaryimage"},"thumbnailUrl":"https:\/\/cosmetic.lv\/wp-content\/uploads\/2021\/02\/761-4-scaled.jpg","datePublished":"2021-02-06T17:53:37+00:00","dateModified":"2021-02-06T17:53:38+00:00","breadcrumb":{"@id":"https:\/\/cosmetic.lv\/lv\/product\/maria-galland-761-activage-comfort-cream-50ml\/#breadcrumb"},"inLanguage":"lv-LV","potentialAction":[{"@type":"ReadAction","target":["https:\/\/cosmetic.lv\/lv\/product\/maria-galland-761-activage-comfort-cream-50ml\/"]}]},{"@type":"ImageObject","inLanguage":"lv-LV","@id":"https:\/\/cosmetic.lv\/lv\/product\/maria-galland-761-activage-comfort-cream-50ml\/#primaryimage","url":"https:\/\/cosmetic.lv\/wp-content\/uploads\/2021\/02\/761-4-scaled.jpg","contentUrl":"https:\/\/cosmetic.lv\/wp-content\/uploads\/2021\/02\/761-4-scaled.jpg","width":1600,"height":1538,"caption":"761.jpg"},{"@type":"BreadcrumbList","@id":"https:\/\/cosmetic.lv\/lv\/product\/maria-galland-761-activage-comfort-cream-50ml\/#breadcrumb","itemListElement":[{"@type":"ListItem","position":1,"name":"Home","item":"https:\/\/cosmetic.lv\/lv\/"},{"@type":"ListItem","position":2,"name":"Veikals","item":"https:\/\/cosmetic.lv\/lv\/veiklas\/"},{"@type":"ListItem","position":3,"name":"Maria Galland 761 ACTIV&#8217;AGE COMFORT CREAM 50ml"}]},{"@type":"WebSite","@id":"https:\/\/cosmetic.lv\/lv\/#website","url":"https:\/\/cosmetic.lv\/lv\/","name":"cosmetic.lv","description":"Profesion\u0101la kosm\u0113tika - Maria Galland, Keune, Arkadija, GMT, Guam, Magiray","publisher":{"@id":"https:\/\/cosmetic.lv\/lv\/#organization"},"potentialAction":[{"@type":"SearchAction","target":{"@type":"EntryPoint","urlTemplate":"https:\/\/cosmetic.lv\/lv\/?s={search_term_string}"},"query-input":{"@type":"PropertyValueSpecification","valueRequired":true,"valueName":"search_term_string"}}],"inLanguage":"lv-LV"},{"@type":"Organization","@id":"https:\/\/cosmetic.lv\/lv\/#organization","name":"COSMETIC.LV","url":"https:\/\/cosmetic.lv\/lv\/","logo":{"@type":"ImageObject","inLanguage":"lv-LV","@id":"https:\/\/cosmetic.lv\/lv\/#\/schema\/logo\/image\/","url":"https:\/\/cosmetic.lv\/wp-content\/uploads\/2021\/02\/cosmetic.lv_logo.jpg","contentUrl":"https:\/\/cosmetic.lv\/wp-content\/uploads\/2021\/02\/cosmetic.lv_logo.jpg","width":596,"height":196,"caption":"COSMETIC.LV"},"image":{"@id":"https:\/\/cosmetic.lv\/lv\/#\/schema\/logo\/image\/"},"sameAs":["https:\/\/www.facebook.com\/cosmetic.lv\/"]}]},"product_price_amount":"124.52","product_price_currency":"EUR","og_availability":"instock","product_availability":"instock","product_retailer_item_id":"761","product_condition":"new"},"_links":{"self":[{"href":"https:\/\/cosmetic.lv\/lv\/wp-json\/wp\/v2\/product\/34485","targetHints":{"allow":["GET"]}}],"collection":[{"href":"https:\/\/cosmetic.lv\/lv\/wp-json\/wp\/v2\/product"}],"about":[{"href":"https:\/\/cosmetic.lv\/lv\/wp-json\/wp\/v2\/types\/product"}],"wp:featuredmedia":[{"embeddable":true,"href":"https:\/\/cosmetic.lv\/lv\/wp-json\/wp\/v2\/media\/16708"}],"wp:attachment":[{"href":"https:\/\/cosmetic.lv\/lv\/wp-json\/wp\/v2\/media?parent=34485"}],"wp:term":[{"taxonomy":"product_brand","embeddable":true,"href":"https:\/\/cosmetic.lv\/lv\/wp-json\/wp\/v2\/product_brand?post=34485"},{"taxonomy":"product_cat","embeddable":true,"href":"https:\/\/cosmetic.lv\/lv\/wp-json\/wp\/v2\/product_cat?post=34485"},{"taxonomy":"product_tag","embeddable":true,"href":"https:\/\/cosmetic.lv\/lv\/wp-json\/wp\/v2\/product_tag?post=34485"}],"curies":[{"name":"wp","href":"https:\/\/api.w.org\/{rel}","templated":true}]}}