{"id":34494,"date":"2021-02-05T22:42:23","date_gmt":"2021-02-06T17:53:46","guid":{"rendered":"https:\/\/damme.lv\/product\/maria-galland-760-activage-fine-cream-50ml\/"},"modified":"2021-02-06T19:53:46","modified_gmt":"2021-02-06T17:53:46","slug":"maria-galland-760-activage-fine-cream-50ml","status":"publish","type":"product","link":"https:\/\/cosmetic.lv\/lv\/product\/maria-galland-760-activage-fine-cream-50ml\/","title":{"rendered":"Maria Galland 760 ACTIV&#8217;AGE FINE CREAM 50ml"},"content":{"rendered":"<p><!DOCTYPE html PUBLIC &quot;-\/\/W3C\/\/DTD XHTML 1.0 Transitional\/\/EN&quot; &quot;http:\/\/www.w3.org\/TR\/xhtml1\/DTD\/xhtml1-transitional.dtd&quot;><br \/>\n<html><br \/>\n<head><br \/>\n<title>Untitled document<\/title><br \/>\n<\/head><br \/>\n<body><\/p>\n<p>760 grezns ACTIV&#8217;AGE kr\u0113ms jaun\u0101 dizain\u0101 ar uzlabotu pept\u012bdu formulu!<\/p>\n<p>\u013boti akt\u012bvs prepar\u0101ts nobriedu&scaron;as \u0101das atjauno&scaron;anas resursu aktiviz\u0113&scaron;anai. Viegli barojo&scaron;\u0101 kr\u0113ma tekst\u016bra satur ekskluz\u012bvu tr\u012bs augu un pept\u012bdu cilmes &scaron;\u016bnu kombin\u0101ciju, kas kompens\u0113 \u0101das noveco&scaron;an\u0101s paz\u012bmes, stimul\u0113 pa&scaron;as \u0101das cilmes &scaron;\u016bnas, atbalsta biolo\u0123iskos meh\u0101nismus un stiprina epidermas matricu, intens\u012bvi stimul\u0113 &scaron;\u016bnu aktivit\u0101ti, ko apstiprina p\u0113t\u012bjumu rezult\u0101ti. Tabakas lapu tripept\u012bdi un pept\u012bdi aktiviz\u0113 glikozaminoglik\u0101nu biosint\u0113zi, izl\u012bdzina epidermu, samazina grumbu par\u0101d\u012b&scaron;anos un uzlabo \u0101das elast\u012bbu. APC komplekss aizsarg\u0101 \u0101du no noveco&scaron;an\u0101s, ko izraisa vides pies\u0101r\u0146ojums. Neliela mentola koncentr\u0101cija rada svaiguma saj\u016btu.<\/p>\n<p>Akt\u012bvie komponenti:<\/p>\n<p>&nbsp;&nbsp;&nbsp; Arti&scaron;oka lapu pept\u012bdi normaliz\u0113 keratinoc\u012btu aug&scaron;anu epiderm\u0101. Atjauno \u0101das elast\u012bbu. Veicina intens\u012bvu \u0101das mitrin\u0101&scaron;anu. Izl\u012bdzina grumbas. C\u012b\u0146a pret vecuma izmai\u0146\u0101m.<br \/>&nbsp;&nbsp;&nbsp; Tripept\u012bds &#8211; stiprina \u0101du, pal\u0113ninot kolag\u0113na &scaron;\u0137iedru sadal\u012b&scaron;anos. Kont\u016br\u0113 seju, uzlabojot hialuronsk\u0101bes ra\u017eo&scaron;anu.<br \/>&nbsp;&nbsp;&nbsp; Cilmes &scaron;\u016bnu atvasin\u0101tie tabakas ziedu pept\u012bdi aizsarg\u0101 \u0101du no br\u012bvajiem radik\u0101\u013ciem. Tie aktiviz\u0113 \u0101das atjauno&scaron;an\u0101s procesu. Stimul\u0113 &scaron;\u016bnu vitalit\u0101ti. Stiprina \u0101rpus&scaron;\u016bnu matricu, aizsarg\u0101jot kolag\u0113na &scaron;\u0137iedras. Ener\u0123\u0113t \u0101du (ATP). Samazina grumbu par\u0101d\u012b&scaron;anos. Uzlabo \u0101das elast\u012bbu.<br \/>&nbsp;&nbsp;&nbsp; Ave\u0146u cilmes &scaron;\u016bnu ekstrakts, patent\u0113ts ekstrakts, kas ieg\u016bts no kultiv\u0113t\u0101m aven\u0113m. Sp\u0113c\u012bgs antioksidants, augsta br\u012bvo radik\u0101\u013cu att\u012br\u012b&scaron;anas sp\u0113ja. Aizsarg\u0101 \u0101du no oksidat\u012bviem boj\u0101jumiem. Ir nomierino&scaron;a iedarb\u012bba. Nov\u0113r&scaron; UVA \/ UVB izrais\u012btu aps\u0101rtumu un \u0101das kairin\u0101jumu. Stimul\u0113 &scaron;\u016bnu vitalit\u0101ti. Nodro&scaron;ina norm\u0101lu &scaron;\u016bnu darb\u012bbu. Satur augstu fenola sk\u0101bes un flavono\u012bdu koncentr\u0101ciju.<br \/>&nbsp;&nbsp;&nbsp; Sarkano pupi\u0146u cilmes &scaron;\u016bnu ekstrakts nov\u0113r&scaron; noveco&scaron;an\u0101s paz\u012bmes, ko izraisa saules gaismas un reakt\u012bvo sk\u0101bek\u013ca sugu (ROS) negat\u012bv\u0101 ietekme. Nostiprina \u0101das aizsargfunkciju pret oksidat\u012bvo stresu un ultravioleto starojumu. Aktiviz\u0113 mitohondriju aizsardz\u012bbu un stimul\u0113 ATP veido&scaron;anos<br \/>&nbsp;&nbsp;&nbsp; Tom\u0101tu lapu cilmes &scaron;\u016bnu ekstrakts un B3 vitam\u012bns pal\u012bdz att\u012br\u012bt &scaron;\u016bnas. Aizsarg\u0101 \u0101du no vides negat\u012bv\u0101s ietekmes, tostarp neitraliz\u0113 smagos met\u0101lus, kas ir atbild\u012bgi par noveco&scaron;an\u0101s paz\u012bm\u0113m. Uzlabo &scaron;\u016bnu aktivit\u0101ti. Stiprina \u0101rpus&scaron;\u016bnu matricu, vienlaikus aizsarg\u0101jot kolag\u0113na &scaron;\u0137iedras. Pie&scaron;\u0137ir \u0101dai mirdzo&scaron;u izskatu.<\/p>\n<p>Lieto&scaron;anas nor\u0101d\u012bjumi: No r\u012bta un vakar\u0101 ar viegl\u0101m mas\u0101\u017eas kust\u012bb\u0101m uzkl\u0101jiet uz labi att\u012br\u012btas sejas, kakla un dekolt\u0113.<\/p>\n<p>Iepakojums: burka 50 ml<\/p>\n<p><\/body><br \/>\n<\/html><\/p>\n","protected":false},"excerpt":{"rendered":"<p>Untitled document 760 grezns ACTIV&#8217;AGE kr\u0113ms jaun\u0101 dizain\u0101 ar uzlabotu pept\u012bdu formulu! \u013boti akt\u012bvs prepar\u0101ts nobriedu&scaron;as \u0101das atjauno&scaron;anas resursu aktiviz\u0113&scaron;anai.<\/p>\n","protected":false},"featured_media":16721,"template":"","meta":[],"product_brand":[],"product_cat":[2273,2277],"product_tag":[],"class_list":{"0":"post-34494","1":"product","2":"type-product","3":"status-publish","4":"has-post-thumbnail","6":"product_cat-profesionala-kosmetika-sejai-un-kermenim-lv","7":"product_cat-maria-galland-francija-lv","9":"first","10":"instock","11":"sale","12":"featured","13":"taxable","14":"shipping-taxable","15":"purchasable","16":"product-type-simple"},"yoast_head":"<!-- This site is optimized with the Yoast SEO Premium plugin v27.0 (Yoast SEO v27.0) - https:\/\/yoast.com\/product\/yoast-seo-premium-wordpress\/ -->\n<title>Maria Galland 760 ACTIV&#039;AGE FINE CREAM 50ml - cosmetic.lv<\/title>\n<meta name=\"robots\" content=\"index, follow, max-snippet:-1, max-image-preview:large, max-video-preview:-1\" \/>\n<link rel=\"canonical\" href=\"https:\/\/cosmetic.lv\/lv\/product\/maria-galland-760-activage-fine-cream-50ml\/\" \/>\n<meta property=\"og:locale\" content=\"lv_LV\" \/>\n<meta property=\"og:type\" content=\"article\" \/>\n<meta property=\"og:title\" content=\"Maria Galland 760 ACTIV&#039;AGE FINE CREAM 50ml\" \/>\n<meta property=\"og:description\" content=\"Untitled document 760 grezns ACTIV&#8217;AGE kr\u0113ms jaun\u0101 dizain\u0101 ar uzlabotu pept\u012bdu formulu! \u013boti akt\u012bvs prepar\u0101ts nobriedu&scaron;as \u0101das atjauno&scaron;anas resursu aktiviz\u0113&scaron;anai.\" \/>\n<meta property=\"og:url\" content=\"https:\/\/cosmetic.lv\/lv\/product\/maria-galland-760-activage-fine-cream-50ml\/\" \/>\n<meta property=\"og:site_name\" content=\"cosmetic.lv\" \/>\n<meta property=\"article:publisher\" content=\"https:\/\/www.facebook.com\/cosmetic.lv\/\" \/>\n<meta property=\"og:image\" content=\"https:\/\/cosmetic.lv\/wp-content\/uploads\/2021\/02\/fca2960b14c2148331d0ee1e9afe2d21-4.jpg\" \/>\n\t<meta property=\"og:image:width\" content=\"400\" \/>\n\t<meta property=\"og:image:height\" content=\"400\" \/>\n\t<meta property=\"og:image:type\" content=\"image\/jpeg\" \/>\n<meta name=\"twitter:card\" content=\"summary_large_image\" \/>\n<script type=\"application\/ld+json\" class=\"yoast-schema-graph\">{\"@context\":\"https:\/\/schema.org\",\"@graph\":[{\"@type\":\"WebPage\",\"@id\":\"https:\/\/cosmetic.lv\/lv\/product\/maria-galland-760-activage-fine-cream-50ml\/\",\"url\":\"https:\/\/cosmetic.lv\/lv\/product\/maria-galland-760-activage-fine-cream-50ml\/\",\"name\":\"Maria Galland 760 ACTIV'AGE FINE CREAM 50ml - cosmetic.lv\",\"isPartOf\":{\"@id\":\"https:\/\/cosmetic.lv\/lv\/#website\"},\"primaryImageOfPage\":{\"@id\":\"https:\/\/cosmetic.lv\/lv\/product\/maria-galland-760-activage-fine-cream-50ml\/#primaryimage\"},\"image\":{\"@id\":\"https:\/\/cosmetic.lv\/lv\/product\/maria-galland-760-activage-fine-cream-50ml\/#primaryimage\"},\"thumbnailUrl\":\"https:\/\/cosmetic.lv\/wp-content\/uploads\/2021\/02\/fca2960b14c2148331d0ee1e9afe2d21-4.jpg\",\"datePublished\":\"2021-02-06T17:53:46+00:00\",\"breadcrumb\":{\"@id\":\"https:\/\/cosmetic.lv\/lv\/product\/maria-galland-760-activage-fine-cream-50ml\/#breadcrumb\"},\"inLanguage\":\"lv-LV\",\"potentialAction\":[{\"@type\":\"ReadAction\",\"target\":[\"https:\/\/cosmetic.lv\/lv\/product\/maria-galland-760-activage-fine-cream-50ml\/\"]}]},{\"@type\":\"ImageObject\",\"inLanguage\":\"lv-LV\",\"@id\":\"https:\/\/cosmetic.lv\/lv\/product\/maria-galland-760-activage-fine-cream-50ml\/#primaryimage\",\"url\":\"https:\/\/cosmetic.lv\/wp-content\/uploads\/2021\/02\/fca2960b14c2148331d0ee1e9afe2d21-4.jpg\",\"contentUrl\":\"https:\/\/cosmetic.lv\/wp-content\/uploads\/2021\/02\/fca2960b14c2148331d0ee1e9afe2d21-4.jpg\",\"width\":400,\"height\":400,\"caption\":\"fca2960b14c2148331d0ee1e9afe2d21.jpg\"},{\"@type\":\"BreadcrumbList\",\"@id\":\"https:\/\/cosmetic.lv\/lv\/product\/maria-galland-760-activage-fine-cream-50ml\/#breadcrumb\",\"itemListElement\":[{\"@type\":\"ListItem\",\"position\":1,\"name\":\"Home\",\"item\":\"https:\/\/cosmetic.lv\/lv\/\"},{\"@type\":\"ListItem\",\"position\":2,\"name\":\"Veikals\",\"item\":\"https:\/\/cosmetic.lv\/lv\/veiklas\/\"},{\"@type\":\"ListItem\",\"position\":3,\"name\":\"Maria Galland 760 ACTIV&#8217;AGE FINE CREAM 50ml\"}]},{\"@type\":\"WebSite\",\"@id\":\"https:\/\/cosmetic.lv\/lv\/#website\",\"url\":\"https:\/\/cosmetic.lv\/lv\/\",\"name\":\"cosmetic.lv\",\"description\":\"Profesion\u0101la kosm\u0113tika - Maria Galland, Keune, Arkadija, GMT, Guam, Magiray\",\"publisher\":{\"@id\":\"https:\/\/cosmetic.lv\/lv\/#organization\"},\"potentialAction\":[{\"@type\":\"SearchAction\",\"target\":{\"@type\":\"EntryPoint\",\"urlTemplate\":\"https:\/\/cosmetic.lv\/lv\/?s={search_term_string}\"},\"query-input\":{\"@type\":\"PropertyValueSpecification\",\"valueRequired\":true,\"valueName\":\"search_term_string\"}}],\"inLanguage\":\"lv-LV\"},{\"@type\":\"Organization\",\"@id\":\"https:\/\/cosmetic.lv\/lv\/#organization\",\"name\":\"COSMETIC.LV\",\"url\":\"https:\/\/cosmetic.lv\/lv\/\",\"logo\":{\"@type\":\"ImageObject\",\"inLanguage\":\"lv-LV\",\"@id\":\"https:\/\/cosmetic.lv\/lv\/#\/schema\/logo\/image\/\",\"url\":\"https:\/\/cosmetic.lv\/wp-content\/uploads\/2021\/02\/cosmetic.lv_logo.jpg\",\"contentUrl\":\"https:\/\/cosmetic.lv\/wp-content\/uploads\/2021\/02\/cosmetic.lv_logo.jpg\",\"width\":596,\"height\":196,\"caption\":\"COSMETIC.LV\"},\"image\":{\"@id\":\"https:\/\/cosmetic.lv\/lv\/#\/schema\/logo\/image\/\"},\"sameAs\":[\"https:\/\/www.facebook.com\/cosmetic.lv\/\"]}]}<\/script>\n<meta property=\"product:price:amount\" content=\"128.00\" \/>\n<meta property=\"product:price:currency\" content=\"EUR\" \/>\n<meta property=\"og:availability\" content=\"instock\" \/>\n<meta property=\"product:availability\" content=\"instock\" \/>\n<meta property=\"product:retailer_item_id\" content=\"760\" \/>\n<meta property=\"product:condition\" content=\"new\" \/>\n<!-- \/ Yoast SEO Premium plugin. -->","yoast_head_json":{"title":"Maria Galland 760 ACTIV'AGE FINE CREAM 50ml - cosmetic.lv","robots":{"index":"index","follow":"follow","max-snippet":"max-snippet:-1","max-image-preview":"max-image-preview:large","max-video-preview":"max-video-preview:-1"},"canonical":"https:\/\/cosmetic.lv\/lv\/product\/maria-galland-760-activage-fine-cream-50ml\/","og_locale":"lv_LV","og_type":"article","og_title":"Maria Galland 760 ACTIV'AGE FINE CREAM 50ml","og_description":"Untitled document 760 grezns ACTIV&#8217;AGE kr\u0113ms jaun\u0101 dizain\u0101 ar uzlabotu pept\u012bdu formulu! \u013boti akt\u012bvs prepar\u0101ts nobriedu&scaron;as \u0101das atjauno&scaron;anas resursu aktiviz\u0113&scaron;anai.","og_url":"https:\/\/cosmetic.lv\/lv\/product\/maria-galland-760-activage-fine-cream-50ml\/","og_site_name":"cosmetic.lv","article_publisher":"https:\/\/www.facebook.com\/cosmetic.lv\/","og_image":[{"width":400,"height":400,"url":"https:\/\/cosmetic.lv\/wp-content\/uploads\/2021\/02\/fca2960b14c2148331d0ee1e9afe2d21-4.jpg","type":"image\/jpeg"}],"twitter_card":"summary_large_image","schema":{"@context":"https:\/\/schema.org","@graph":[{"@type":"WebPage","@id":"https:\/\/cosmetic.lv\/lv\/product\/maria-galland-760-activage-fine-cream-50ml\/","url":"https:\/\/cosmetic.lv\/lv\/product\/maria-galland-760-activage-fine-cream-50ml\/","name":"Maria Galland 760 ACTIV'AGE FINE CREAM 50ml - cosmetic.lv","isPartOf":{"@id":"https:\/\/cosmetic.lv\/lv\/#website"},"primaryImageOfPage":{"@id":"https:\/\/cosmetic.lv\/lv\/product\/maria-galland-760-activage-fine-cream-50ml\/#primaryimage"},"image":{"@id":"https:\/\/cosmetic.lv\/lv\/product\/maria-galland-760-activage-fine-cream-50ml\/#primaryimage"},"thumbnailUrl":"https:\/\/cosmetic.lv\/wp-content\/uploads\/2021\/02\/fca2960b14c2148331d0ee1e9afe2d21-4.jpg","datePublished":"2021-02-06T17:53:46+00:00","breadcrumb":{"@id":"https:\/\/cosmetic.lv\/lv\/product\/maria-galland-760-activage-fine-cream-50ml\/#breadcrumb"},"inLanguage":"lv-LV","potentialAction":[{"@type":"ReadAction","target":["https:\/\/cosmetic.lv\/lv\/product\/maria-galland-760-activage-fine-cream-50ml\/"]}]},{"@type":"ImageObject","inLanguage":"lv-LV","@id":"https:\/\/cosmetic.lv\/lv\/product\/maria-galland-760-activage-fine-cream-50ml\/#primaryimage","url":"https:\/\/cosmetic.lv\/wp-content\/uploads\/2021\/02\/fca2960b14c2148331d0ee1e9afe2d21-4.jpg","contentUrl":"https:\/\/cosmetic.lv\/wp-content\/uploads\/2021\/02\/fca2960b14c2148331d0ee1e9afe2d21-4.jpg","width":400,"height":400,"caption":"fca2960b14c2148331d0ee1e9afe2d21.jpg"},{"@type":"BreadcrumbList","@id":"https:\/\/cosmetic.lv\/lv\/product\/maria-galland-760-activage-fine-cream-50ml\/#breadcrumb","itemListElement":[{"@type":"ListItem","position":1,"name":"Home","item":"https:\/\/cosmetic.lv\/lv\/"},{"@type":"ListItem","position":2,"name":"Veikals","item":"https:\/\/cosmetic.lv\/lv\/veiklas\/"},{"@type":"ListItem","position":3,"name":"Maria Galland 760 ACTIV&#8217;AGE FINE CREAM 50ml"}]},{"@type":"WebSite","@id":"https:\/\/cosmetic.lv\/lv\/#website","url":"https:\/\/cosmetic.lv\/lv\/","name":"cosmetic.lv","description":"Profesion\u0101la kosm\u0113tika - Maria Galland, Keune, Arkadija, GMT, Guam, Magiray","publisher":{"@id":"https:\/\/cosmetic.lv\/lv\/#organization"},"potentialAction":[{"@type":"SearchAction","target":{"@type":"EntryPoint","urlTemplate":"https:\/\/cosmetic.lv\/lv\/?s={search_term_string}"},"query-input":{"@type":"PropertyValueSpecification","valueRequired":true,"valueName":"search_term_string"}}],"inLanguage":"lv-LV"},{"@type":"Organization","@id":"https:\/\/cosmetic.lv\/lv\/#organization","name":"COSMETIC.LV","url":"https:\/\/cosmetic.lv\/lv\/","logo":{"@type":"ImageObject","inLanguage":"lv-LV","@id":"https:\/\/cosmetic.lv\/lv\/#\/schema\/logo\/image\/","url":"https:\/\/cosmetic.lv\/wp-content\/uploads\/2021\/02\/cosmetic.lv_logo.jpg","contentUrl":"https:\/\/cosmetic.lv\/wp-content\/uploads\/2021\/02\/cosmetic.lv_logo.jpg","width":596,"height":196,"caption":"COSMETIC.LV"},"image":{"@id":"https:\/\/cosmetic.lv\/lv\/#\/schema\/logo\/image\/"},"sameAs":["https:\/\/www.facebook.com\/cosmetic.lv\/"]}]},"product_price_amount":"128.00","product_price_currency":"EUR","og_availability":"instock","product_availability":"instock","product_retailer_item_id":"760","product_condition":"new"},"_links":{"self":[{"href":"https:\/\/cosmetic.lv\/lv\/wp-json\/wp\/v2\/product\/34494","targetHints":{"allow":["GET"]}}],"collection":[{"href":"https:\/\/cosmetic.lv\/lv\/wp-json\/wp\/v2\/product"}],"about":[{"href":"https:\/\/cosmetic.lv\/lv\/wp-json\/wp\/v2\/types\/product"}],"wp:featuredmedia":[{"embeddable":true,"href":"https:\/\/cosmetic.lv\/lv\/wp-json\/wp\/v2\/media\/16721"}],"wp:attachment":[{"href":"https:\/\/cosmetic.lv\/lv\/wp-json\/wp\/v2\/media?parent=34494"}],"wp:term":[{"taxonomy":"product_brand","embeddable":true,"href":"https:\/\/cosmetic.lv\/lv\/wp-json\/wp\/v2\/product_brand?post=34494"},{"taxonomy":"product_cat","embeddable":true,"href":"https:\/\/cosmetic.lv\/lv\/wp-json\/wp\/v2\/product_cat?post=34494"},{"taxonomy":"product_tag","embeddable":true,"href":"https:\/\/cosmetic.lv\/lv\/wp-json\/wp\/v2\/product_tag?post=34494"}],"curies":[{"name":"wp","href":"https:\/\/api.w.org\/{rel}","templated":true}]}}