{"id":34517,"date":"2021-02-05T22:42:32","date_gmt":"2021-02-06T17:54:02","guid":{"rendered":"https:\/\/damme.lv\/product\/dabisks-akmens-roza-akmens-svastins-cakru-dziedzinasana\/"},"modified":"2021-02-06T19:54:04","modified_gmt":"2021-02-06T17:54:04","slug":"dabisks-akmens-roza-akmens-svastins-cakru-dziedzinasana","status":"publish","type":"product","link":"https:\/\/cosmetic.lv\/lv\/product\/dabisks-akmens-roza-akmens-svastins-cakru-dziedzinasana\/","title":{"rendered":"Dabisks AKMENS roz\u0101 akmens sv\u0101sti\u0146\u0161 \u010cakru dziedzin\u0101\u0161ana"},"content":{"rendered":"<p>Sv\u0101rsti ir skaists un viegli izmantojams z\u012bl\u0113\u0161anas instruments. Turot rok\u0101s, sv\u0101rsti pal\u012bdz nomierin\u0101t pr\u0101tu un koncentr\u0113ties uz jaut\u0101jumu, kas ir j\u0101uzdod. Sv\u0101rsts harmoniski savienos lietot\u0101ja ener\u0123iju ar Visuma ener\u0123iju. Katrs indiv\u012bds rezon\u0113 ar \u012bpa\u0161u met\u0101lu vai krist\u0101lu. Lai piel\u0101gotos \u0161\u012bm vajadz\u012bb\u0101m, sv\u0101rsti ir izgatavoti no da\u017e\u0101diem materi\u0101liem, un tiem ir da\u017e\u0101da forma. Da\u017ei sv\u0101rsti ir atverami, t\u0101d\u0113j\u0101di lietot\u0101js var ievietot k\u0101du objektu iek\u0161pus\u0113, lai uzlabotu z\u012bl\u0113\u0161anas precizit\u0101ti. \u010cakru diagnoze.<\/p>\n","protected":false},"excerpt":{"rendered":"<p>Sv\u0101rsti ir skaists un viegli izmantojams z\u012bl\u0113\u0161anas instruments. Turot rok\u0101s, sv\u0101rsti pal\u012bdz nomierin\u0101t pr\u0101tu un koncentr\u0113ties uz jaut\u0101jumu, kas ir<\/p>\n","protected":false},"featured_media":16750,"template":"","meta":[],"product_brand":[],"product_cat":[2288],"product_tag":[],"class_list":{"0":"post-34517","1":"product","2":"type-product","3":"status-publish","4":"has-post-thumbnail","6":"product_cat-ezoterika-kartis-lv","8":"first","9":"instock","10":"taxable","11":"shipping-taxable","12":"purchasable","13":"product-type-simple"},"yoast_head":"<!-- This site is optimized with the Yoast SEO Premium plugin v27.0 (Yoast SEO v27.0) - https:\/\/yoast.com\/product\/yoast-seo-premium-wordpress\/ -->\n<title>Dabisks AKMENS roz\u0101 akmens sv\u0101sti\u0146\u0161 \u010cakru dziedzin\u0101\u0161ana - cosmetic.lv<\/title>\n<meta name=\"robots\" content=\"index, follow, max-snippet:-1, max-image-preview:large, max-video-preview:-1\" \/>\n<link rel=\"canonical\" href=\"https:\/\/cosmetic.lv\/lv\/product\/dabisks-akmens-roza-akmens-svastins-cakru-dziedzinasana\/\" \/>\n<meta property=\"og:locale\" content=\"lv_LV\" \/>\n<meta property=\"og:type\" content=\"article\" \/>\n<meta property=\"og:title\" content=\"Dabisks AKMENS roz\u0101 akmens sv\u0101sti\u0146\u0161 \u010cakru dziedzin\u0101\u0161ana\" \/>\n<meta property=\"og:description\" content=\"Sv\u0101rsti ir skaists un viegli izmantojams z\u012bl\u0113\u0161anas instruments. Turot rok\u0101s, sv\u0101rsti pal\u012bdz nomierin\u0101t pr\u0101tu un koncentr\u0113ties uz jaut\u0101jumu, kas ir\" \/>\n<meta property=\"og:url\" content=\"https:\/\/cosmetic.lv\/lv\/product\/dabisks-akmens-roza-akmens-svastins-cakru-dziedzinasana\/\" \/>\n<meta property=\"og:site_name\" content=\"cosmetic.lv\" \/>\n<meta property=\"article:publisher\" content=\"https:\/\/www.facebook.com\/cosmetic.lv\/\" \/>\n<meta property=\"article:modified_time\" content=\"2021-02-06T17:54:04+00:00\" \/>\n<meta property=\"og:image\" content=\"https:\/\/cosmetic.lv\/wp-content\/uploads\/2021\/02\/pinkchakra-4.jpg\" \/>\n\t<meta property=\"og:image:width\" content=\"800\" \/>\n\t<meta property=\"og:image:height\" content=\"800\" \/>\n\t<meta property=\"og:image:type\" content=\"image\/jpeg\" \/>\n<meta name=\"twitter:card\" content=\"summary_large_image\" \/>\n<script type=\"application\/ld+json\" class=\"yoast-schema-graph\">{\"@context\":\"https:\/\/schema.org\",\"@graph\":[{\"@type\":\"WebPage\",\"@id\":\"https:\/\/cosmetic.lv\/lv\/product\/dabisks-akmens-roza-akmens-svastins-cakru-dziedzinasana\/\",\"url\":\"https:\/\/cosmetic.lv\/lv\/product\/dabisks-akmens-roza-akmens-svastins-cakru-dziedzinasana\/\",\"name\":\"Dabisks AKMENS roz\u0101 akmens sv\u0101sti\u0146\u0161 \u010cakru dziedzin\u0101\u0161ana - cosmetic.lv\",\"isPartOf\":{\"@id\":\"https:\/\/cosmetic.lv\/lv\/#website\"},\"primaryImageOfPage\":{\"@id\":\"https:\/\/cosmetic.lv\/lv\/product\/dabisks-akmens-roza-akmens-svastins-cakru-dziedzinasana\/#primaryimage\"},\"image\":{\"@id\":\"https:\/\/cosmetic.lv\/lv\/product\/dabisks-akmens-roza-akmens-svastins-cakru-dziedzinasana\/#primaryimage\"},\"thumbnailUrl\":\"https:\/\/cosmetic.lv\/wp-content\/uploads\/2021\/02\/pinkchakra-4.jpg\",\"datePublished\":\"2021-02-06T17:54:02+00:00\",\"dateModified\":\"2021-02-06T17:54:04+00:00\",\"breadcrumb\":{\"@id\":\"https:\/\/cosmetic.lv\/lv\/product\/dabisks-akmens-roza-akmens-svastins-cakru-dziedzinasana\/#breadcrumb\"},\"inLanguage\":\"lv-LV\",\"potentialAction\":[{\"@type\":\"ReadAction\",\"target\":[\"https:\/\/cosmetic.lv\/lv\/product\/dabisks-akmens-roza-akmens-svastins-cakru-dziedzinasana\/\"]}]},{\"@type\":\"ImageObject\",\"inLanguage\":\"lv-LV\",\"@id\":\"https:\/\/cosmetic.lv\/lv\/product\/dabisks-akmens-roza-akmens-svastins-cakru-dziedzinasana\/#primaryimage\",\"url\":\"https:\/\/cosmetic.lv\/wp-content\/uploads\/2021\/02\/pinkchakra-4.jpg\",\"contentUrl\":\"https:\/\/cosmetic.lv\/wp-content\/uploads\/2021\/02\/pinkchakra-4.jpg\",\"width\":800,\"height\":800,\"caption\":\"pinkchakra.jpg\"},{\"@type\":\"BreadcrumbList\",\"@id\":\"https:\/\/cosmetic.lv\/lv\/product\/dabisks-akmens-roza-akmens-svastins-cakru-dziedzinasana\/#breadcrumb\",\"itemListElement\":[{\"@type\":\"ListItem\",\"position\":1,\"name\":\"Home\",\"item\":\"https:\/\/cosmetic.lv\/lv\/\"},{\"@type\":\"ListItem\",\"position\":2,\"name\":\"Veikals\",\"item\":\"https:\/\/cosmetic.lv\/lv\/veiklas\/\"},{\"@type\":\"ListItem\",\"position\":3,\"name\":\"Dabisks AKMENS roz\u0101 akmens sv\u0101sti\u0146\u0161 \u010cakru dziedzin\u0101\u0161ana\"}]},{\"@type\":\"WebSite\",\"@id\":\"https:\/\/cosmetic.lv\/lv\/#website\",\"url\":\"https:\/\/cosmetic.lv\/lv\/\",\"name\":\"cosmetic.lv\",\"description\":\"Profesion\u0101la kosm\u0113tika - Maria Galland, Keune, Arkadija, GMT, Guam, Magiray\",\"publisher\":{\"@id\":\"https:\/\/cosmetic.lv\/lv\/#organization\"},\"potentialAction\":[{\"@type\":\"SearchAction\",\"target\":{\"@type\":\"EntryPoint\",\"urlTemplate\":\"https:\/\/cosmetic.lv\/lv\/?s={search_term_string}\"},\"query-input\":{\"@type\":\"PropertyValueSpecification\",\"valueRequired\":true,\"valueName\":\"search_term_string\"}}],\"inLanguage\":\"lv-LV\"},{\"@type\":\"Organization\",\"@id\":\"https:\/\/cosmetic.lv\/lv\/#organization\",\"name\":\"COSMETIC.LV\",\"url\":\"https:\/\/cosmetic.lv\/lv\/\",\"logo\":{\"@type\":\"ImageObject\",\"inLanguage\":\"lv-LV\",\"@id\":\"https:\/\/cosmetic.lv\/lv\/#\/schema\/logo\/image\/\",\"url\":\"https:\/\/cosmetic.lv\/wp-content\/uploads\/2021\/02\/cosmetic.lv_logo.jpg\",\"contentUrl\":\"https:\/\/cosmetic.lv\/wp-content\/uploads\/2021\/02\/cosmetic.lv_logo.jpg\",\"width\":596,\"height\":196,\"caption\":\"COSMETIC.LV\"},\"image\":{\"@id\":\"https:\/\/cosmetic.lv\/lv\/#\/schema\/logo\/image\/\"},\"sameAs\":[\"https:\/\/www.facebook.com\/cosmetic.lv\/\"]}]}<\/script>\n<meta property=\"product:price:amount\" content=\"7.05\" \/>\n<meta property=\"product:price:currency\" content=\"EUR\" \/>\n<meta property=\"og:availability\" content=\"instock\" \/>\n<meta property=\"product:availability\" content=\"instock\" \/>\n<meta property=\"product:retailer_item_id\" content=\"rosesvars\" \/>\n<meta property=\"product:condition\" content=\"new\" \/>\n<!-- \/ Yoast SEO Premium plugin. -->","yoast_head_json":{"title":"Dabisks AKMENS roz\u0101 akmens sv\u0101sti\u0146\u0161 \u010cakru dziedzin\u0101\u0161ana - cosmetic.lv","robots":{"index":"index","follow":"follow","max-snippet":"max-snippet:-1","max-image-preview":"max-image-preview:large","max-video-preview":"max-video-preview:-1"},"canonical":"https:\/\/cosmetic.lv\/lv\/product\/dabisks-akmens-roza-akmens-svastins-cakru-dziedzinasana\/","og_locale":"lv_LV","og_type":"article","og_title":"Dabisks AKMENS roz\u0101 akmens sv\u0101sti\u0146\u0161 \u010cakru dziedzin\u0101\u0161ana","og_description":"Sv\u0101rsti ir skaists un viegli izmantojams z\u012bl\u0113\u0161anas instruments. Turot rok\u0101s, sv\u0101rsti pal\u012bdz nomierin\u0101t pr\u0101tu un koncentr\u0113ties uz jaut\u0101jumu, kas ir","og_url":"https:\/\/cosmetic.lv\/lv\/product\/dabisks-akmens-roza-akmens-svastins-cakru-dziedzinasana\/","og_site_name":"cosmetic.lv","article_publisher":"https:\/\/www.facebook.com\/cosmetic.lv\/","article_modified_time":"2021-02-06T17:54:04+00:00","og_image":[{"width":800,"height":800,"url":"https:\/\/cosmetic.lv\/wp-content\/uploads\/2021\/02\/pinkchakra-4.jpg","type":"image\/jpeg"}],"twitter_card":"summary_large_image","schema":{"@context":"https:\/\/schema.org","@graph":[{"@type":"WebPage","@id":"https:\/\/cosmetic.lv\/lv\/product\/dabisks-akmens-roza-akmens-svastins-cakru-dziedzinasana\/","url":"https:\/\/cosmetic.lv\/lv\/product\/dabisks-akmens-roza-akmens-svastins-cakru-dziedzinasana\/","name":"Dabisks AKMENS roz\u0101 akmens sv\u0101sti\u0146\u0161 \u010cakru dziedzin\u0101\u0161ana - cosmetic.lv","isPartOf":{"@id":"https:\/\/cosmetic.lv\/lv\/#website"},"primaryImageOfPage":{"@id":"https:\/\/cosmetic.lv\/lv\/product\/dabisks-akmens-roza-akmens-svastins-cakru-dziedzinasana\/#primaryimage"},"image":{"@id":"https:\/\/cosmetic.lv\/lv\/product\/dabisks-akmens-roza-akmens-svastins-cakru-dziedzinasana\/#primaryimage"},"thumbnailUrl":"https:\/\/cosmetic.lv\/wp-content\/uploads\/2021\/02\/pinkchakra-4.jpg","datePublished":"2021-02-06T17:54:02+00:00","dateModified":"2021-02-06T17:54:04+00:00","breadcrumb":{"@id":"https:\/\/cosmetic.lv\/lv\/product\/dabisks-akmens-roza-akmens-svastins-cakru-dziedzinasana\/#breadcrumb"},"inLanguage":"lv-LV","potentialAction":[{"@type":"ReadAction","target":["https:\/\/cosmetic.lv\/lv\/product\/dabisks-akmens-roza-akmens-svastins-cakru-dziedzinasana\/"]}]},{"@type":"ImageObject","inLanguage":"lv-LV","@id":"https:\/\/cosmetic.lv\/lv\/product\/dabisks-akmens-roza-akmens-svastins-cakru-dziedzinasana\/#primaryimage","url":"https:\/\/cosmetic.lv\/wp-content\/uploads\/2021\/02\/pinkchakra-4.jpg","contentUrl":"https:\/\/cosmetic.lv\/wp-content\/uploads\/2021\/02\/pinkchakra-4.jpg","width":800,"height":800,"caption":"pinkchakra.jpg"},{"@type":"BreadcrumbList","@id":"https:\/\/cosmetic.lv\/lv\/product\/dabisks-akmens-roza-akmens-svastins-cakru-dziedzinasana\/#breadcrumb","itemListElement":[{"@type":"ListItem","position":1,"name":"Home","item":"https:\/\/cosmetic.lv\/lv\/"},{"@type":"ListItem","position":2,"name":"Veikals","item":"https:\/\/cosmetic.lv\/lv\/veiklas\/"},{"@type":"ListItem","position":3,"name":"Dabisks AKMENS roz\u0101 akmens sv\u0101sti\u0146\u0161 \u010cakru dziedzin\u0101\u0161ana"}]},{"@type":"WebSite","@id":"https:\/\/cosmetic.lv\/lv\/#website","url":"https:\/\/cosmetic.lv\/lv\/","name":"cosmetic.lv","description":"Profesion\u0101la kosm\u0113tika - Maria Galland, Keune, Arkadija, GMT, Guam, Magiray","publisher":{"@id":"https:\/\/cosmetic.lv\/lv\/#organization"},"potentialAction":[{"@type":"SearchAction","target":{"@type":"EntryPoint","urlTemplate":"https:\/\/cosmetic.lv\/lv\/?s={search_term_string}"},"query-input":{"@type":"PropertyValueSpecification","valueRequired":true,"valueName":"search_term_string"}}],"inLanguage":"lv-LV"},{"@type":"Organization","@id":"https:\/\/cosmetic.lv\/lv\/#organization","name":"COSMETIC.LV","url":"https:\/\/cosmetic.lv\/lv\/","logo":{"@type":"ImageObject","inLanguage":"lv-LV","@id":"https:\/\/cosmetic.lv\/lv\/#\/schema\/logo\/image\/","url":"https:\/\/cosmetic.lv\/wp-content\/uploads\/2021\/02\/cosmetic.lv_logo.jpg","contentUrl":"https:\/\/cosmetic.lv\/wp-content\/uploads\/2021\/02\/cosmetic.lv_logo.jpg","width":596,"height":196,"caption":"COSMETIC.LV"},"image":{"@id":"https:\/\/cosmetic.lv\/lv\/#\/schema\/logo\/image\/"},"sameAs":["https:\/\/www.facebook.com\/cosmetic.lv\/"]}]},"product_price_amount":"7.05","product_price_currency":"EUR","og_availability":"instock","product_availability":"instock","product_retailer_item_id":"rosesvars","product_condition":"new"},"_links":{"self":[{"href":"https:\/\/cosmetic.lv\/lv\/wp-json\/wp\/v2\/product\/34517","targetHints":{"allow":["GET"]}}],"collection":[{"href":"https:\/\/cosmetic.lv\/lv\/wp-json\/wp\/v2\/product"}],"about":[{"href":"https:\/\/cosmetic.lv\/lv\/wp-json\/wp\/v2\/types\/product"}],"wp:featuredmedia":[{"embeddable":true,"href":"https:\/\/cosmetic.lv\/lv\/wp-json\/wp\/v2\/media\/16750"}],"wp:attachment":[{"href":"https:\/\/cosmetic.lv\/lv\/wp-json\/wp\/v2\/media?parent=34517"}],"wp:term":[{"taxonomy":"product_brand","embeddable":true,"href":"https:\/\/cosmetic.lv\/lv\/wp-json\/wp\/v2\/product_brand?post=34517"},{"taxonomy":"product_cat","embeddable":true,"href":"https:\/\/cosmetic.lv\/lv\/wp-json\/wp\/v2\/product_cat?post=34517"},{"taxonomy":"product_tag","embeddable":true,"href":"https:\/\/cosmetic.lv\/lv\/wp-json\/wp\/v2\/product_tag?post=34517"}],"curies":[{"name":"wp","href":"https:\/\/api.w.org\/{rel}","templated":true}]}}