{"id":34528,"date":"2021-02-05T22:42:40","date_gmt":"2021-02-06T17:54:10","guid":{"rendered":"https:\/\/damme.lv\/product\/14mm-dabisks-naturals-akmens-roza-akmens-ieksejas-augsanas-speka-milestibas-dzi-aizsardzibas-amulets\/"},"modified":"2021-02-06T19:54:12","modified_gmt":"2021-02-06T17:54:12","slug":"14mm-dabisks-naturals-akmens-roza-akmens-ieksejas-augsanas-speka-milestibas-dzi-aizsardzibas-amulets","status":"publish","type":"product","link":"https:\/\/cosmetic.lv\/lv\/product\/14mm-dabisks-naturals-akmens-roza-akmens-ieksejas-augsanas-speka-milestibas-dzi-aizsardzibas-amulets\/","title":{"rendered":"14mm Dabisks natur\u0101ls akmens roz\u0101 akmens &#8211; iek\u0161\u0113j\u0101s aug\u0161anas, sp\u0113ka, m\u012blest\u012bbas Dzi  aizsardz\u012bbas amulets"},"content":{"rendered":"<p>\u0160is akmens simboliz\u0113 m\u012blest\u012bbu. To n\u0113s\u0101, lai piesaist\u012btu m\u012blest\u012bbu, to d\u0101vina, lai demonstr\u0113tu savu m\u012blest\u012bbu un atzin\u012bbu. Dziedniec\u012bb\u0101 \u0161is akmens veicina izvese\u013co\u0161an\u0101s procesus. K\u0101 talismans \u0161is akmens d\u0101v\u0101 abpus\u0113ju m\u012blest\u012bbu, glab\u0101 \u0123imenes laimi, paaugstina v\u012brie\u0161u potenci, izsauc pret\u0113j\u0101 dzimuma interesi un saglab\u0101 vesel\u012bbu. Neprec\u0113tai sievietei ro\u017eu kvarcs pal\u012bdz veiksm\u012bgi iziet pie v\u012bra. Augl\u012bbas simbols.<\/p>\n<p>Dzi amulets &#8211; n\u0113s\u0101t to veiksmei, tas  pal\u012bdz saglab\u0101t vesel\u012bbu un piesaista veiksmi.<\/p>\n","protected":false},"excerpt":{"rendered":"<p>\u0160is akmens simboliz\u0113 m\u012blest\u012bbu. To n\u0113s\u0101, lai piesaist\u012btu m\u012blest\u012bbu, to d\u0101vina, lai demonstr\u0113tu savu m\u012blest\u012bbu un atzin\u012bbu. Dziedniec\u012bb\u0101 \u0161is akmens<\/p>\n","protected":false},"featured_media":10256,"template":"","meta":[],"product_brand":[],"product_cat":[2293,2294],"product_tag":[],"class_list":{"0":"post-34528","1":"product","2":"type-product","3":"status-publish","4":"has-post-thumbnail","6":"product_cat-dabiskie-akmeni-rokasspradzess-auskari-gredzeni-lv","7":"product_cat-rokasspradzes-lv-lv-2","9":"first","10":"instock","11":"taxable","12":"shipping-taxable","13":"purchasable","14":"product-type-simple"},"yoast_head":"<!-- This site is optimized with the Yoast SEO Premium plugin v27.0 (Yoast SEO v27.0) - https:\/\/yoast.com\/product\/yoast-seo-premium-wordpress\/ -->\n<title>14mm Dabisks natur\u0101ls akmens roz\u0101 akmens - iek\u0161\u0113j\u0101s aug\u0161anas, sp\u0113ka, m\u012blest\u012bbas Dzi aizsardz\u012bbas amulets - cosmetic.lv<\/title>\n<meta name=\"robots\" content=\"index, follow, max-snippet:-1, max-image-preview:large, max-video-preview:-1\" \/>\n<link rel=\"canonical\" href=\"https:\/\/cosmetic.lv\/lv\/product\/14mm-dabisks-naturals-akmens-roza-akmens-ieksejas-augsanas-speka-milestibas-dzi-aizsardzibas-amulets\/\" \/>\n<meta property=\"og:locale\" content=\"lv_LV\" \/>\n<meta property=\"og:type\" content=\"article\" \/>\n<meta property=\"og:title\" content=\"14mm Dabisks natur\u0101ls akmens roz\u0101 akmens - iek\u0161\u0113j\u0101s aug\u0161anas, sp\u0113ka, m\u012blest\u012bbas Dzi aizsardz\u012bbas amulets\" \/>\n<meta property=\"og:description\" content=\"\u0160is akmens simboliz\u0113 m\u012blest\u012bbu. To n\u0113s\u0101, lai piesaist\u012btu m\u012blest\u012bbu, to d\u0101vina, lai demonstr\u0113tu savu m\u012blest\u012bbu un atzin\u012bbu. Dziedniec\u012bb\u0101 \u0161is akmens\" \/>\n<meta property=\"og:url\" content=\"https:\/\/cosmetic.lv\/lv\/product\/14mm-dabisks-naturals-akmens-roza-akmens-ieksejas-augsanas-speka-milestibas-dzi-aizsardzibas-amulets\/\" \/>\n<meta property=\"og:site_name\" content=\"cosmetic.lv\" \/>\n<meta property=\"article:publisher\" content=\"https:\/\/www.facebook.com\/cosmetic.lv\/\" \/>\n<meta property=\"article:modified_time\" content=\"2021-02-06T17:54:12+00:00\" \/>\n<meta property=\"og:image\" content=\"https:\/\/cosmetic.lv\/wp-content\/uploads\/2021\/02\/dzipinkstone.jpg\" \/>\n\t<meta property=\"og:image:width\" content=\"800\" \/>\n\t<meta property=\"og:image:height\" content=\"533\" \/>\n\t<meta property=\"og:image:type\" content=\"image\/jpeg\" \/>\n<meta name=\"twitter:card\" content=\"summary_large_image\" \/>\n<script type=\"application\/ld+json\" class=\"yoast-schema-graph\">{\"@context\":\"https:\/\/schema.org\",\"@graph\":[{\"@type\":\"WebPage\",\"@id\":\"https:\/\/cosmetic.lv\/lv\/product\/14mm-dabisks-naturals-akmens-roza-akmens-ieksejas-augsanas-speka-milestibas-dzi-aizsardzibas-amulets\/\",\"url\":\"https:\/\/cosmetic.lv\/lv\/product\/14mm-dabisks-naturals-akmens-roza-akmens-ieksejas-augsanas-speka-milestibas-dzi-aizsardzibas-amulets\/\",\"name\":\"14mm Dabisks natur\u0101ls akmens roz\u0101 akmens - iek\u0161\u0113j\u0101s aug\u0161anas, sp\u0113ka, m\u012blest\u012bbas Dzi aizsardz\u012bbas amulets - cosmetic.lv\",\"isPartOf\":{\"@id\":\"https:\/\/cosmetic.lv\/lv\/#website\"},\"primaryImageOfPage\":{\"@id\":\"https:\/\/cosmetic.lv\/lv\/product\/14mm-dabisks-naturals-akmens-roza-akmens-ieksejas-augsanas-speka-milestibas-dzi-aizsardzibas-amulets\/#primaryimage\"},\"image\":{\"@id\":\"https:\/\/cosmetic.lv\/lv\/product\/14mm-dabisks-naturals-akmens-roza-akmens-ieksejas-augsanas-speka-milestibas-dzi-aizsardzibas-amulets\/#primaryimage\"},\"thumbnailUrl\":\"https:\/\/cosmetic.lv\/wp-content\/uploads\/2021\/02\/dzipinkstone.jpg\",\"datePublished\":\"2021-02-06T17:54:10+00:00\",\"dateModified\":\"2021-02-06T17:54:12+00:00\",\"breadcrumb\":{\"@id\":\"https:\/\/cosmetic.lv\/lv\/product\/14mm-dabisks-naturals-akmens-roza-akmens-ieksejas-augsanas-speka-milestibas-dzi-aizsardzibas-amulets\/#breadcrumb\"},\"inLanguage\":\"lv-LV\",\"potentialAction\":[{\"@type\":\"ReadAction\",\"target\":[\"https:\/\/cosmetic.lv\/lv\/product\/14mm-dabisks-naturals-akmens-roza-akmens-ieksejas-augsanas-speka-milestibas-dzi-aizsardzibas-amulets\/\"]}]},{\"@type\":\"ImageObject\",\"inLanguage\":\"lv-LV\",\"@id\":\"https:\/\/cosmetic.lv\/lv\/product\/14mm-dabisks-naturals-akmens-roza-akmens-ieksejas-augsanas-speka-milestibas-dzi-aizsardzibas-amulets\/#primaryimage\",\"url\":\"https:\/\/cosmetic.lv\/wp-content\/uploads\/2021\/02\/dzipinkstone.jpg\",\"contentUrl\":\"https:\/\/cosmetic.lv\/wp-content\/uploads\/2021\/02\/dzipinkstone.jpg\",\"width\":800,\"height\":533,\"caption\":\"dzipinkstone.JPG\"},{\"@type\":\"BreadcrumbList\",\"@id\":\"https:\/\/cosmetic.lv\/lv\/product\/14mm-dabisks-naturals-akmens-roza-akmens-ieksejas-augsanas-speka-milestibas-dzi-aizsardzibas-amulets\/#breadcrumb\",\"itemListElement\":[{\"@type\":\"ListItem\",\"position\":1,\"name\":\"Home\",\"item\":\"https:\/\/cosmetic.lv\/lv\/\"},{\"@type\":\"ListItem\",\"position\":2,\"name\":\"Veikals\",\"item\":\"https:\/\/cosmetic.lv\/lv\/veiklas\/\"},{\"@type\":\"ListItem\",\"position\":3,\"name\":\"14mm Dabisks natur\u0101ls akmens roz\u0101 akmens &#8211; iek\u0161\u0113j\u0101s aug\u0161anas, sp\u0113ka, m\u012blest\u012bbas Dzi aizsardz\u012bbas amulets\"}]},{\"@type\":\"WebSite\",\"@id\":\"https:\/\/cosmetic.lv\/lv\/#website\",\"url\":\"https:\/\/cosmetic.lv\/lv\/\",\"name\":\"cosmetic.lv\",\"description\":\"Profesion\u0101la kosm\u0113tika - Maria Galland, Keune, Arkadija, GMT, Guam, Magiray\",\"publisher\":{\"@id\":\"https:\/\/cosmetic.lv\/lv\/#organization\"},\"potentialAction\":[{\"@type\":\"SearchAction\",\"target\":{\"@type\":\"EntryPoint\",\"urlTemplate\":\"https:\/\/cosmetic.lv\/lv\/?s={search_term_string}\"},\"query-input\":{\"@type\":\"PropertyValueSpecification\",\"valueRequired\":true,\"valueName\":\"search_term_string\"}}],\"inLanguage\":\"lv-LV\"},{\"@type\":\"Organization\",\"@id\":\"https:\/\/cosmetic.lv\/lv\/#organization\",\"name\":\"COSMETIC.LV\",\"url\":\"https:\/\/cosmetic.lv\/lv\/\",\"logo\":{\"@type\":\"ImageObject\",\"inLanguage\":\"lv-LV\",\"@id\":\"https:\/\/cosmetic.lv\/lv\/#\/schema\/logo\/image\/\",\"url\":\"https:\/\/cosmetic.lv\/wp-content\/uploads\/2021\/02\/cosmetic.lv_logo.jpg\",\"contentUrl\":\"https:\/\/cosmetic.lv\/wp-content\/uploads\/2021\/02\/cosmetic.lv_logo.jpg\",\"width\":596,\"height\":196,\"caption\":\"COSMETIC.LV\"},\"image\":{\"@id\":\"https:\/\/cosmetic.lv\/lv\/#\/schema\/logo\/image\/\"},\"sameAs\":[\"https:\/\/www.facebook.com\/cosmetic.lv\/\"]}]}<\/script>\n<meta property=\"product:price:amount\" content=\"19.15\" \/>\n<meta property=\"product:price:currency\" content=\"EUR\" \/>\n<meta property=\"og:availability\" content=\"instock\" \/>\n<meta property=\"product:availability\" content=\"instock\" \/>\n<meta property=\"product:retailer_item_id\" content=\"pinkdzi\" \/>\n<meta property=\"product:condition\" content=\"new\" \/>\n<!-- \/ Yoast SEO Premium plugin. -->","yoast_head_json":{"title":"14mm Dabisks natur\u0101ls akmens roz\u0101 akmens - iek\u0161\u0113j\u0101s aug\u0161anas, sp\u0113ka, m\u012blest\u012bbas Dzi aizsardz\u012bbas amulets - cosmetic.lv","robots":{"index":"index","follow":"follow","max-snippet":"max-snippet:-1","max-image-preview":"max-image-preview:large","max-video-preview":"max-video-preview:-1"},"canonical":"https:\/\/cosmetic.lv\/lv\/product\/14mm-dabisks-naturals-akmens-roza-akmens-ieksejas-augsanas-speka-milestibas-dzi-aizsardzibas-amulets\/","og_locale":"lv_LV","og_type":"article","og_title":"14mm Dabisks natur\u0101ls akmens roz\u0101 akmens - iek\u0161\u0113j\u0101s aug\u0161anas, sp\u0113ka, m\u012blest\u012bbas Dzi aizsardz\u012bbas amulets","og_description":"\u0160is akmens simboliz\u0113 m\u012blest\u012bbu. To n\u0113s\u0101, lai piesaist\u012btu m\u012blest\u012bbu, to d\u0101vina, lai demonstr\u0113tu savu m\u012blest\u012bbu un atzin\u012bbu. Dziedniec\u012bb\u0101 \u0161is akmens","og_url":"https:\/\/cosmetic.lv\/lv\/product\/14mm-dabisks-naturals-akmens-roza-akmens-ieksejas-augsanas-speka-milestibas-dzi-aizsardzibas-amulets\/","og_site_name":"cosmetic.lv","article_publisher":"https:\/\/www.facebook.com\/cosmetic.lv\/","article_modified_time":"2021-02-06T17:54:12+00:00","og_image":[{"width":800,"height":533,"url":"https:\/\/cosmetic.lv\/wp-content\/uploads\/2021\/02\/dzipinkstone.jpg","type":"image\/jpeg"}],"twitter_card":"summary_large_image","schema":{"@context":"https:\/\/schema.org","@graph":[{"@type":"WebPage","@id":"https:\/\/cosmetic.lv\/lv\/product\/14mm-dabisks-naturals-akmens-roza-akmens-ieksejas-augsanas-speka-milestibas-dzi-aizsardzibas-amulets\/","url":"https:\/\/cosmetic.lv\/lv\/product\/14mm-dabisks-naturals-akmens-roza-akmens-ieksejas-augsanas-speka-milestibas-dzi-aizsardzibas-amulets\/","name":"14mm Dabisks natur\u0101ls akmens roz\u0101 akmens - iek\u0161\u0113j\u0101s aug\u0161anas, sp\u0113ka, m\u012blest\u012bbas Dzi aizsardz\u012bbas amulets - cosmetic.lv","isPartOf":{"@id":"https:\/\/cosmetic.lv\/lv\/#website"},"primaryImageOfPage":{"@id":"https:\/\/cosmetic.lv\/lv\/product\/14mm-dabisks-naturals-akmens-roza-akmens-ieksejas-augsanas-speka-milestibas-dzi-aizsardzibas-amulets\/#primaryimage"},"image":{"@id":"https:\/\/cosmetic.lv\/lv\/product\/14mm-dabisks-naturals-akmens-roza-akmens-ieksejas-augsanas-speka-milestibas-dzi-aizsardzibas-amulets\/#primaryimage"},"thumbnailUrl":"https:\/\/cosmetic.lv\/wp-content\/uploads\/2021\/02\/dzipinkstone.jpg","datePublished":"2021-02-06T17:54:10+00:00","dateModified":"2021-02-06T17:54:12+00:00","breadcrumb":{"@id":"https:\/\/cosmetic.lv\/lv\/product\/14mm-dabisks-naturals-akmens-roza-akmens-ieksejas-augsanas-speka-milestibas-dzi-aizsardzibas-amulets\/#breadcrumb"},"inLanguage":"lv-LV","potentialAction":[{"@type":"ReadAction","target":["https:\/\/cosmetic.lv\/lv\/product\/14mm-dabisks-naturals-akmens-roza-akmens-ieksejas-augsanas-speka-milestibas-dzi-aizsardzibas-amulets\/"]}]},{"@type":"ImageObject","inLanguage":"lv-LV","@id":"https:\/\/cosmetic.lv\/lv\/product\/14mm-dabisks-naturals-akmens-roza-akmens-ieksejas-augsanas-speka-milestibas-dzi-aizsardzibas-amulets\/#primaryimage","url":"https:\/\/cosmetic.lv\/wp-content\/uploads\/2021\/02\/dzipinkstone.jpg","contentUrl":"https:\/\/cosmetic.lv\/wp-content\/uploads\/2021\/02\/dzipinkstone.jpg","width":800,"height":533,"caption":"dzipinkstone.JPG"},{"@type":"BreadcrumbList","@id":"https:\/\/cosmetic.lv\/lv\/product\/14mm-dabisks-naturals-akmens-roza-akmens-ieksejas-augsanas-speka-milestibas-dzi-aizsardzibas-amulets\/#breadcrumb","itemListElement":[{"@type":"ListItem","position":1,"name":"Home","item":"https:\/\/cosmetic.lv\/lv\/"},{"@type":"ListItem","position":2,"name":"Veikals","item":"https:\/\/cosmetic.lv\/lv\/veiklas\/"},{"@type":"ListItem","position":3,"name":"14mm Dabisks natur\u0101ls akmens roz\u0101 akmens &#8211; iek\u0161\u0113j\u0101s aug\u0161anas, sp\u0113ka, m\u012blest\u012bbas Dzi aizsardz\u012bbas amulets"}]},{"@type":"WebSite","@id":"https:\/\/cosmetic.lv\/lv\/#website","url":"https:\/\/cosmetic.lv\/lv\/","name":"cosmetic.lv","description":"Profesion\u0101la kosm\u0113tika - Maria Galland, Keune, Arkadija, GMT, Guam, Magiray","publisher":{"@id":"https:\/\/cosmetic.lv\/lv\/#organization"},"potentialAction":[{"@type":"SearchAction","target":{"@type":"EntryPoint","urlTemplate":"https:\/\/cosmetic.lv\/lv\/?s={search_term_string}"},"query-input":{"@type":"PropertyValueSpecification","valueRequired":true,"valueName":"search_term_string"}}],"inLanguage":"lv-LV"},{"@type":"Organization","@id":"https:\/\/cosmetic.lv\/lv\/#organization","name":"COSMETIC.LV","url":"https:\/\/cosmetic.lv\/lv\/","logo":{"@type":"ImageObject","inLanguage":"lv-LV","@id":"https:\/\/cosmetic.lv\/lv\/#\/schema\/logo\/image\/","url":"https:\/\/cosmetic.lv\/wp-content\/uploads\/2021\/02\/cosmetic.lv_logo.jpg","contentUrl":"https:\/\/cosmetic.lv\/wp-content\/uploads\/2021\/02\/cosmetic.lv_logo.jpg","width":596,"height":196,"caption":"COSMETIC.LV"},"image":{"@id":"https:\/\/cosmetic.lv\/lv\/#\/schema\/logo\/image\/"},"sameAs":["https:\/\/www.facebook.com\/cosmetic.lv\/"]}]},"product_price_amount":"19.15","product_price_currency":"EUR","og_availability":"instock","product_availability":"instock","product_retailer_item_id":"pinkdzi","product_condition":"new"},"_links":{"self":[{"href":"https:\/\/cosmetic.lv\/lv\/wp-json\/wp\/v2\/product\/34528","targetHints":{"allow":["GET"]}}],"collection":[{"href":"https:\/\/cosmetic.lv\/lv\/wp-json\/wp\/v2\/product"}],"about":[{"href":"https:\/\/cosmetic.lv\/lv\/wp-json\/wp\/v2\/types\/product"}],"wp:featuredmedia":[{"embeddable":true,"href":"https:\/\/cosmetic.lv\/lv\/wp-json\/wp\/v2\/media\/10256"}],"wp:attachment":[{"href":"https:\/\/cosmetic.lv\/lv\/wp-json\/wp\/v2\/media?parent=34528"}],"wp:term":[{"taxonomy":"product_brand","embeddable":true,"href":"https:\/\/cosmetic.lv\/lv\/wp-json\/wp\/v2\/product_brand?post=34528"},{"taxonomy":"product_cat","embeddable":true,"href":"https:\/\/cosmetic.lv\/lv\/wp-json\/wp\/v2\/product_cat?post=34528"},{"taxonomy":"product_tag","embeddable":true,"href":"https:\/\/cosmetic.lv\/lv\/wp-json\/wp\/v2\/product_tag?post=34528"}],"curies":[{"name":"wp","href":"https:\/\/api.w.org\/{rel}","templated":true}]}}