{"id":34537,"date":"2021-02-05T22:42:40","date_gmt":"2021-02-06T17:54:17","guid":{"rendered":"https:\/\/damme.lv\/product\/kulons-dabisks-roza-akmens-harmonijai-un-veselibai-30-mm-20-mm\/"},"modified":"2021-02-06T19:54:19","modified_gmt":"2021-02-06T17:54:19","slug":"kulons-dabisks-roza-akmens-harmonijai-un-veselibai-30-mm-20-mm","status":"publish","type":"product","link":"https:\/\/cosmetic.lv\/lv\/product\/kulons-dabisks-roza-akmens-harmonijai-un-veselibai-30-mm-20-mm\/","title":{"rendered":"Kulons dabisks roz\u0101 akmens  Harmonijai un vesel\u012bbai 30 \u043c\u043c * 20 \u043c\u043c"},"content":{"rendered":"<p><!DOCTYPE html PUBLIC &quot;-\/\/W3C\/\/DTD XHTML 1.0 Transitional\/\/EN&quot; &quot;http:\/\/www.w3.org\/TR\/xhtml1\/DTD\/xhtml1-transitional.dtd&quot;><br \/>\n<html><br \/>\n<head><br \/>\n<title>Untitled document<\/title><br \/>\n<\/head><br \/>\n<body><\/p>\n<p>Kegel vingrin\u0101jumi ir vingrojumu kopums iegur\u0146a musku\u013ciem un int\u012bmo sievie&scaron;u musku\u013ciem. &Scaron;o vingrojumu kompleksa izstr\u0101d\u0101t\u0101js ir Arnolds Kegel (1894-1981), 20. gs. Vidus ginekologs.  Kegel vingrin\u0101jumi ir vingrin\u0101jumi, lai uzlabotu iegur\u0146a muskulat\u016bras tonusu. Ikdienas dz\u012bv\u0113 &scaron;ie musku\u013ci praktiski nav iesaist\u012bti, t\u0101p\u0113c laika gait\u0101 vai negat\u012bvi ietekm\u0113jo&scaron;u faktoru ietekm\u0113 vi\u0146i var zaud\u0113t elast\u012bbu un k\u013c\u016bt v\u0101ji. Iegur\u0146a elast\u012bbas pasliktin\u0101&scaron;an\u0101s un musku\u013cu v\u0101jin\u0101&scaron;an\u0101s noved pie t\u0101, ka musku\u013ci vairs nesp\u0113j tikt gal\u0101 ar savu galveno funkciju &#8211; iegur\u0146a org\u0101nu saglab\u0101&scaron;anu, kas var izrais\u012bt da\u017e\u0101das slim\u012bbas, k\u0101 ar\u012b dzimumdz\u012bves pasliktin\u0101&scaron;anos.  Kegel vingrin\u0101jumi ir ieteicams veikt:  &bull; efekt\u012bvai sagatavo&scaron;anai gaid\u0101majai gr\u016btniec\u012bbai un veiksm\u012bgai nes\u0101p\u012bgai pieg\u0101dei; &bull; gr\u016btniec\u0113m, lai iem\u0101c\u012btos piln\u012bb\u0101 atbr\u012bvoties no tiem musku\u013ciem, kas parasti ne\u013cauj b\u0113rnam izspiesties darba laik\u0101 &bull; ur\u012bna un fek\u0101liju nesatur\u0113&scaron;anas profilaksei un \u0101rst\u0113&scaron;anai; &bull; atkop&scaron;anai p\u0113c audu piedzim&scaron;anas, kam ir bijusi smaga stiep&scaron;an\u0101s; &bull; iegur\u0146a izlai&scaron;anas profilaksei un \u0101rst\u0113&scaron;anai; &bull; seksu\u0101l\u0101s vesel\u012bbas ilgsto&scaron;ai uztur\u0113&scaron;anai, iekaisuma procesu nov\u0113r&scaron;anai seksu\u0101laj\u0101 sf\u0113r\u0101 un pretest\u012bbai noveco&scaron;an\u0101s ietekmei uz \u0137ermeni. &Scaron;is akmens simboliz\u0113 m\u012blest\u012bbu. To n\u0113s\u0101, lai piesaist\u012btu m\u012blest\u012bbu, to d\u0101vina, lai demonstr\u0113tu savu m\u012blest\u012bbu un atzin\u012bbu. Dziedniec\u012bb\u0101 &scaron;is akmens veicina izvese\u013co&scaron;an\u0101s procesus. K\u0101 talismans &scaron;is akmens d\u0101v\u0101 abpus\u0113ju m\u012blest\u012bbu, glab\u0101 \u0123imenes laimi, paaugstina v\u012brie&scaron;u potenci, izsauc pret\u0113j\u0101 dzimuma interesi un saglab\u0101 vesel\u012bbu. Neprec\u0113tai sievietei ro\u017eu kvarcs pal\u012bdz veiksm\u012bgi iziet pie v\u012bra. Augl\u012bbas simbols. Dzi amulets &#8211; n\u0113s\u0101t to veiksmei, tas pal\u012bdz saglab\u0101t vesel\u012bbu un piesaista veiksmi.<\/p>\n<p><\/body><br \/>\n<\/html><\/p>\n","protected":false},"excerpt":{"rendered":"<p>Untitled document Kegel vingrin\u0101jumi ir vingrojumu kopums iegur\u0146a musku\u013ciem un int\u012bmo sievie&scaron;u musku\u013ciem. &Scaron;o vingrojumu kompleksa izstr\u0101d\u0101t\u0101js ir Arnolds Kegel<\/p>\n","protected":false},"featured_media":10283,"template":"","meta":[],"product_brand":[],"product_cat":[2293,2295],"product_tag":[],"class_list":{"0":"post-34537","1":"product","2":"type-product","3":"status-publish","4":"has-post-thumbnail","6":"product_cat-dabiskie-akmeni-rokasspradzess-auskari-gredzeni-lv","7":"product_cat-piekarini-lv-lv","9":"first","10":"outofstock","11":"taxable","12":"shipping-taxable","13":"purchasable","14":"product-type-simple"},"yoast_head":"<!-- This site is optimized with the Yoast SEO Premium plugin v27.0 (Yoast SEO v27.0) - https:\/\/yoast.com\/product\/yoast-seo-premium-wordpress\/ -->\n<title>Kulons dabisks roz\u0101 akmens Harmonijai un vesel\u012bbai 30 \u043c\u043c * 20 \u043c\u043c - cosmetic.lv<\/title>\n<meta name=\"robots\" content=\"index, follow, max-snippet:-1, max-image-preview:large, max-video-preview:-1\" \/>\n<link rel=\"canonical\" href=\"https:\/\/cosmetic.lv\/lv\/product\/kulons-dabisks-roza-akmens-harmonijai-un-veselibai-30-mm-20-mm\/\" \/>\n<meta property=\"og:locale\" content=\"lv_LV\" \/>\n<meta property=\"og:type\" content=\"article\" \/>\n<meta property=\"og:title\" content=\"Kulons dabisks roz\u0101 akmens Harmonijai un vesel\u012bbai 30 \u043c\u043c * 20 \u043c\u043c\" \/>\n<meta property=\"og:description\" content=\"Untitled document Kegel vingrin\u0101jumi ir vingrojumu kopums iegur\u0146a musku\u013ciem un int\u012bmo sievie&scaron;u musku\u013ciem. &Scaron;o vingrojumu kompleksa izstr\u0101d\u0101t\u0101js ir Arnolds Kegel\" \/>\n<meta property=\"og:url\" content=\"https:\/\/cosmetic.lv\/lv\/product\/kulons-dabisks-roza-akmens-harmonijai-un-veselibai-30-mm-20-mm\/\" \/>\n<meta property=\"og:site_name\" content=\"cosmetic.lv\" \/>\n<meta property=\"article:publisher\" content=\"https:\/\/www.facebook.com\/cosmetic.lv\/\" \/>\n<meta property=\"article:modified_time\" content=\"2021-02-06T17:54:19+00:00\" \/>\n<meta property=\"og:image\" content=\"https:\/\/cosmetic.lv\/wp-content\/uploads\/2021\/02\/img_7112.jpg\" \/>\n\t<meta property=\"og:image:width\" content=\"800\" \/>\n\t<meta property=\"og:image:height\" content=\"444\" \/>\n\t<meta property=\"og:image:type\" content=\"image\/jpeg\" \/>\n<meta name=\"twitter:card\" content=\"summary_large_image\" \/>\n<script type=\"application\/ld+json\" class=\"yoast-schema-graph\">{\"@context\":\"https:\/\/schema.org\",\"@graph\":[{\"@type\":\"WebPage\",\"@id\":\"https:\/\/cosmetic.lv\/lv\/product\/kulons-dabisks-roza-akmens-harmonijai-un-veselibai-30-mm-20-mm\/\",\"url\":\"https:\/\/cosmetic.lv\/lv\/product\/kulons-dabisks-roza-akmens-harmonijai-un-veselibai-30-mm-20-mm\/\",\"name\":\"Kulons dabisks roz\u0101 akmens Harmonijai un vesel\u012bbai 30 \u043c\u043c * 20 \u043c\u043c - cosmetic.lv\",\"isPartOf\":{\"@id\":\"https:\/\/cosmetic.lv\/lv\/#website\"},\"primaryImageOfPage\":{\"@id\":\"https:\/\/cosmetic.lv\/lv\/product\/kulons-dabisks-roza-akmens-harmonijai-un-veselibai-30-mm-20-mm\/#primaryimage\"},\"image\":{\"@id\":\"https:\/\/cosmetic.lv\/lv\/product\/kulons-dabisks-roza-akmens-harmonijai-un-veselibai-30-mm-20-mm\/#primaryimage\"},\"thumbnailUrl\":\"https:\/\/cosmetic.lv\/wp-content\/uploads\/2021\/02\/img_7112.jpg\",\"datePublished\":\"2021-02-06T17:54:17+00:00\",\"dateModified\":\"2021-02-06T17:54:19+00:00\",\"breadcrumb\":{\"@id\":\"https:\/\/cosmetic.lv\/lv\/product\/kulons-dabisks-roza-akmens-harmonijai-un-veselibai-30-mm-20-mm\/#breadcrumb\"},\"inLanguage\":\"lv-LV\",\"potentialAction\":[{\"@type\":\"ReadAction\",\"target\":[\"https:\/\/cosmetic.lv\/lv\/product\/kulons-dabisks-roza-akmens-harmonijai-un-veselibai-30-mm-20-mm\/\"]}]},{\"@type\":\"ImageObject\",\"inLanguage\":\"lv-LV\",\"@id\":\"https:\/\/cosmetic.lv\/lv\/product\/kulons-dabisks-roza-akmens-harmonijai-un-veselibai-30-mm-20-mm\/#primaryimage\",\"url\":\"https:\/\/cosmetic.lv\/wp-content\/uploads\/2021\/02\/img_7112.jpg\",\"contentUrl\":\"https:\/\/cosmetic.lv\/wp-content\/uploads\/2021\/02\/img_7112.jpg\",\"width\":800,\"height\":444,\"caption\":\"IMG_7112.JPG\"},{\"@type\":\"BreadcrumbList\",\"@id\":\"https:\/\/cosmetic.lv\/lv\/product\/kulons-dabisks-roza-akmens-harmonijai-un-veselibai-30-mm-20-mm\/#breadcrumb\",\"itemListElement\":[{\"@type\":\"ListItem\",\"position\":1,\"name\":\"Home\",\"item\":\"https:\/\/cosmetic.lv\/lv\/\"},{\"@type\":\"ListItem\",\"position\":2,\"name\":\"Veikals\",\"item\":\"https:\/\/cosmetic.lv\/lv\/veiklas\/\"},{\"@type\":\"ListItem\",\"position\":3,\"name\":\"Kulons dabisks roz\u0101 akmens Harmonijai un vesel\u012bbai 30 \u043c\u043c * 20 \u043c\u043c\"}]},{\"@type\":\"WebSite\",\"@id\":\"https:\/\/cosmetic.lv\/lv\/#website\",\"url\":\"https:\/\/cosmetic.lv\/lv\/\",\"name\":\"cosmetic.lv\",\"description\":\"Profesion\u0101la kosm\u0113tika - Maria Galland, Keune, Arkadija, GMT, Guam, Magiray\",\"publisher\":{\"@id\":\"https:\/\/cosmetic.lv\/lv\/#organization\"},\"potentialAction\":[{\"@type\":\"SearchAction\",\"target\":{\"@type\":\"EntryPoint\",\"urlTemplate\":\"https:\/\/cosmetic.lv\/lv\/?s={search_term_string}\"},\"query-input\":{\"@type\":\"PropertyValueSpecification\",\"valueRequired\":true,\"valueName\":\"search_term_string\"}}],\"inLanguage\":\"lv-LV\"},{\"@type\":\"Organization\",\"@id\":\"https:\/\/cosmetic.lv\/lv\/#organization\",\"name\":\"COSMETIC.LV\",\"url\":\"https:\/\/cosmetic.lv\/lv\/\",\"logo\":{\"@type\":\"ImageObject\",\"inLanguage\":\"lv-LV\",\"@id\":\"https:\/\/cosmetic.lv\/lv\/#\/schema\/logo\/image\/\",\"url\":\"https:\/\/cosmetic.lv\/wp-content\/uploads\/2021\/02\/cosmetic.lv_logo.jpg\",\"contentUrl\":\"https:\/\/cosmetic.lv\/wp-content\/uploads\/2021\/02\/cosmetic.lv_logo.jpg\",\"width\":596,\"height\":196,\"caption\":\"COSMETIC.LV\"},\"image\":{\"@id\":\"https:\/\/cosmetic.lv\/lv\/#\/schema\/logo\/image\/\"},\"sameAs\":[\"https:\/\/www.facebook.com\/cosmetic.lv\/\"]}]}<\/script>\n<meta property=\"product:price:amount\" content=\"9.98\" \/>\n<meta property=\"product:price:currency\" content=\"EUR\" \/>\n<meta property=\"og:availability\" content=\"out of stock\" \/>\n<meta property=\"product:availability\" content=\"out of stock\" \/>\n<meta property=\"product:retailer_item_id\" content=\"roza\" \/>\n<meta property=\"product:condition\" content=\"new\" \/>\n<!-- \/ Yoast SEO Premium plugin. -->","yoast_head_json":{"title":"Kulons dabisks roz\u0101 akmens Harmonijai un vesel\u012bbai 30 \u043c\u043c * 20 \u043c\u043c - cosmetic.lv","robots":{"index":"index","follow":"follow","max-snippet":"max-snippet:-1","max-image-preview":"max-image-preview:large","max-video-preview":"max-video-preview:-1"},"canonical":"https:\/\/cosmetic.lv\/lv\/product\/kulons-dabisks-roza-akmens-harmonijai-un-veselibai-30-mm-20-mm\/","og_locale":"lv_LV","og_type":"article","og_title":"Kulons dabisks roz\u0101 akmens Harmonijai un vesel\u012bbai 30 \u043c\u043c * 20 \u043c\u043c","og_description":"Untitled document Kegel vingrin\u0101jumi ir vingrojumu kopums iegur\u0146a musku\u013ciem un int\u012bmo sievie&scaron;u musku\u013ciem. &Scaron;o vingrojumu kompleksa izstr\u0101d\u0101t\u0101js ir Arnolds Kegel","og_url":"https:\/\/cosmetic.lv\/lv\/product\/kulons-dabisks-roza-akmens-harmonijai-un-veselibai-30-mm-20-mm\/","og_site_name":"cosmetic.lv","article_publisher":"https:\/\/www.facebook.com\/cosmetic.lv\/","article_modified_time":"2021-02-06T17:54:19+00:00","og_image":[{"width":800,"height":444,"url":"https:\/\/cosmetic.lv\/wp-content\/uploads\/2021\/02\/img_7112.jpg","type":"image\/jpeg"}],"twitter_card":"summary_large_image","schema":{"@context":"https:\/\/schema.org","@graph":[{"@type":"WebPage","@id":"https:\/\/cosmetic.lv\/lv\/product\/kulons-dabisks-roza-akmens-harmonijai-un-veselibai-30-mm-20-mm\/","url":"https:\/\/cosmetic.lv\/lv\/product\/kulons-dabisks-roza-akmens-harmonijai-un-veselibai-30-mm-20-mm\/","name":"Kulons dabisks roz\u0101 akmens Harmonijai un vesel\u012bbai 30 \u043c\u043c * 20 \u043c\u043c - cosmetic.lv","isPartOf":{"@id":"https:\/\/cosmetic.lv\/lv\/#website"},"primaryImageOfPage":{"@id":"https:\/\/cosmetic.lv\/lv\/product\/kulons-dabisks-roza-akmens-harmonijai-un-veselibai-30-mm-20-mm\/#primaryimage"},"image":{"@id":"https:\/\/cosmetic.lv\/lv\/product\/kulons-dabisks-roza-akmens-harmonijai-un-veselibai-30-mm-20-mm\/#primaryimage"},"thumbnailUrl":"https:\/\/cosmetic.lv\/wp-content\/uploads\/2021\/02\/img_7112.jpg","datePublished":"2021-02-06T17:54:17+00:00","dateModified":"2021-02-06T17:54:19+00:00","breadcrumb":{"@id":"https:\/\/cosmetic.lv\/lv\/product\/kulons-dabisks-roza-akmens-harmonijai-un-veselibai-30-mm-20-mm\/#breadcrumb"},"inLanguage":"lv-LV","potentialAction":[{"@type":"ReadAction","target":["https:\/\/cosmetic.lv\/lv\/product\/kulons-dabisks-roza-akmens-harmonijai-un-veselibai-30-mm-20-mm\/"]}]},{"@type":"ImageObject","inLanguage":"lv-LV","@id":"https:\/\/cosmetic.lv\/lv\/product\/kulons-dabisks-roza-akmens-harmonijai-un-veselibai-30-mm-20-mm\/#primaryimage","url":"https:\/\/cosmetic.lv\/wp-content\/uploads\/2021\/02\/img_7112.jpg","contentUrl":"https:\/\/cosmetic.lv\/wp-content\/uploads\/2021\/02\/img_7112.jpg","width":800,"height":444,"caption":"IMG_7112.JPG"},{"@type":"BreadcrumbList","@id":"https:\/\/cosmetic.lv\/lv\/product\/kulons-dabisks-roza-akmens-harmonijai-un-veselibai-30-mm-20-mm\/#breadcrumb","itemListElement":[{"@type":"ListItem","position":1,"name":"Home","item":"https:\/\/cosmetic.lv\/lv\/"},{"@type":"ListItem","position":2,"name":"Veikals","item":"https:\/\/cosmetic.lv\/lv\/veiklas\/"},{"@type":"ListItem","position":3,"name":"Kulons dabisks roz\u0101 akmens Harmonijai un vesel\u012bbai 30 \u043c\u043c * 20 \u043c\u043c"}]},{"@type":"WebSite","@id":"https:\/\/cosmetic.lv\/lv\/#website","url":"https:\/\/cosmetic.lv\/lv\/","name":"cosmetic.lv","description":"Profesion\u0101la kosm\u0113tika - Maria Galland, Keune, Arkadija, GMT, Guam, Magiray","publisher":{"@id":"https:\/\/cosmetic.lv\/lv\/#organization"},"potentialAction":[{"@type":"SearchAction","target":{"@type":"EntryPoint","urlTemplate":"https:\/\/cosmetic.lv\/lv\/?s={search_term_string}"},"query-input":{"@type":"PropertyValueSpecification","valueRequired":true,"valueName":"search_term_string"}}],"inLanguage":"lv-LV"},{"@type":"Organization","@id":"https:\/\/cosmetic.lv\/lv\/#organization","name":"COSMETIC.LV","url":"https:\/\/cosmetic.lv\/lv\/","logo":{"@type":"ImageObject","inLanguage":"lv-LV","@id":"https:\/\/cosmetic.lv\/lv\/#\/schema\/logo\/image\/","url":"https:\/\/cosmetic.lv\/wp-content\/uploads\/2021\/02\/cosmetic.lv_logo.jpg","contentUrl":"https:\/\/cosmetic.lv\/wp-content\/uploads\/2021\/02\/cosmetic.lv_logo.jpg","width":596,"height":196,"caption":"COSMETIC.LV"},"image":{"@id":"https:\/\/cosmetic.lv\/lv\/#\/schema\/logo\/image\/"},"sameAs":["https:\/\/www.facebook.com\/cosmetic.lv\/"]}]},"product_price_amount":"9.98","product_price_currency":"EUR","og_availability":"out of stock","product_availability":"out of stock","product_retailer_item_id":"roza","product_condition":"new"},"_links":{"self":[{"href":"https:\/\/cosmetic.lv\/lv\/wp-json\/wp\/v2\/product\/34537","targetHints":{"allow":["GET"]}}],"collection":[{"href":"https:\/\/cosmetic.lv\/lv\/wp-json\/wp\/v2\/product"}],"about":[{"href":"https:\/\/cosmetic.lv\/lv\/wp-json\/wp\/v2\/types\/product"}],"wp:featuredmedia":[{"embeddable":true,"href":"https:\/\/cosmetic.lv\/lv\/wp-json\/wp\/v2\/media\/10283"}],"wp:attachment":[{"href":"https:\/\/cosmetic.lv\/lv\/wp-json\/wp\/v2\/media?parent=34537"}],"wp:term":[{"taxonomy":"product_brand","embeddable":true,"href":"https:\/\/cosmetic.lv\/lv\/wp-json\/wp\/v2\/product_brand?post=34537"},{"taxonomy":"product_cat","embeddable":true,"href":"https:\/\/cosmetic.lv\/lv\/wp-json\/wp\/v2\/product_cat?post=34537"},{"taxonomy":"product_tag","embeddable":true,"href":"https:\/\/cosmetic.lv\/lv\/wp-json\/wp\/v2\/product_tag?post=34537"}],"curies":[{"name":"wp","href":"https:\/\/api.w.org\/{rel}","templated":true}]}}