{"id":34539,"date":"2021-02-05T22:42:40","date_gmt":"2021-02-06T17:54:17","guid":{"rendered":"https:\/\/damme.lv\/product\/8-10mm-brinums-rokasspradze-dabiks-akmens-turmalins-roza-balts-kvarcs\/"},"modified":"2021-02-06T19:54:21","modified_gmt":"2021-02-06T17:54:21","slug":"8-10mm-brinums-rokasspradze-dabiks-akmens-turmalins-roza-balts-kvarcs","status":"publish","type":"product","link":"https:\/\/cosmetic.lv\/lv\/product\/8-10mm-brinums-rokasspradze-dabiks-akmens-turmalins-roza-balts-kvarcs\/","title":{"rendered":"8-10mm Br\u012bnums Rokasspr\u0101dze dabiks akmens turmalins, roza, balts kvarcs"},"content":{"rendered":"<p>\u0160is akmens simboliz\u0113 m\u012blest\u012bbu. To n\u0113s\u0101, lai piesaist\u012btu m\u012blest\u012bbu, to d\u0101vina, lai demonstr\u0113tu savu m\u012blest\u012bbu un atzin\u012bbu. Dziedniec\u012bb\u0101 \u0161is akmens veicina izvese\u013co\u0161an\u0101s procesus. K\u0101 talismans \u0161is akmens d\u0101v\u0101 abpus\u0113ju m\u012blest\u012bbu, glab\u0101 \u0123imenes laimi, paaugstina v\u012brie\u0161u potenci, izsauc pret\u0113j\u0101 dzimuma interesi un saglab\u0101 vesel\u012bbu. Neprec\u0113tai sievietei ro\u017eu kvarcs pal\u012bdz veiksm\u012bgi iziet pie v\u012bra. Augl\u012bbas simbols.<\/p>\n<p>Tautas medic\u012bn\u0101 past\u0101v uzskats, ka turmal\u012bns iedarboj\u0101s uz endokr\u012bno sist\u0113mu. \u0160\u0101 miner\u0101la \u0101rstniecisk\u0101 darb\u012bba ir atkar\u012bga no t\u0101 kr\u0101sas. Za\u013cas kr\u0101sas akme\u0146i pal\u012bdz pie aknu saslim\u0161an\u0101m. Zili turmal\u012bni no\u0146em nervozu sasprindzin\u0101jumu, atvieglo stresu situ\u0101ciju sekas, uzlabo miegu, atbr\u012bvo no bezmiega un nakts murgiem. P\u0113c da\u017eu tautas dziednieku uzskatiem melnas kr\u0101sas akme\u0146i ir labs profilaktisks l\u012bdzeklis saaukst\u0113\u0161an\u0101s slim\u012bbu gad\u012bjum\u0101. Gai\u0161zili turmal\u012bni uzlabo redzi, no\u0146em galvass\u0101pes. M\u016bsdienu litoterapeiti uzskata, ka \u0161ie akme\u0146i paaugstina imunit\u0101ti, dod cilv\u0113kam prieka un miera saj\u016btu. Turmal\u012bns uzlabo atmi\u0146u, no\u0146em reibo\u0146us, att\u012bra asinsvadus, uzl\u0101d\u0113 plazmu. Teko\u0161s \u016bdens var no\u0146emt lieku akmens l\u0101di\u0146u,t\u0101d\u0113\u013c, lai to atkal uzl\u0101d\u0113tu akmens mazliet j\u0101patur saul\u0113.<\/p>\n<p>Senatn\u0113 melnus turmal\u012bnus izmantoja burvest\u012bbai. Citas kr\u0101su akme\u0146i, piem\u0113ram za\u013ci, atmodina cilv\u0113k\u0101 rado\u0161os sp\u0113kus, atver jaunus talantus. Eiropas valst\u012bs no \u0161iem akme\u0146iem br\u012bnumdari gatavoja amuletus. Turmal\u012bns sarg\u0101 cilv\u0113kus, kas dzimu\u0161i Lauvas, Me\u017e\u0101\u017ea un Str\u0113lnieka z\u012bm\u0113s. Tiem vi\u0146\u0161 pal\u012bdz att\u012bst\u012bt talantus, sarg\u0101 no alkoholisk\u0101s un narkotisk\u0101s atkar\u012bbas, harmoniz\u0113 ar apk\u0101rt\u0113jo pasauli. P\u0113c speci\u0101listu dom\u0101m turmal\u012bnu nedr\u012bkst n\u0113s\u0101t past\u0101v\u012bgi, jo tas var kait\u0113t cilv\u0113ka psihiskajai vesel\u012bbai, izsaucot uzm\u0101c\u012bgas domas un radot sagroz\u012btu priek\u0161statu par situ\u0101ciju.<\/p>\n<p>Turmal\u012bns (no sing\u0101\u013cu turamali \u2013 \u201epelnus pievelko\u0161ais akmens\u201d) ir termins, kas apz\u012bm\u0113 radniec\u012bga \u0137\u012bmisk\u0101 sast\u0101va un krist\u0101lisk\u0101s strukt\u016bras miner\u0101lu grupu.<\/p>\n<p>Vien\u0101 no smalkgraudaina gran\u012bta veidiem \u2013 apl\u012bt\u0101 bie\u017ei sastopami mazi turmal\u012bna krist\u0101li\u0146i. \u0160\u0101ds gran\u012bts nav retums ar\u012b Latvij\u0101. Turmal\u012bna krist\u0101lu virsmai rakstur\u012bgs vertik\u0101ls sv\u012btrojums. Turmal\u012bniem rakstur\u012bgas visda\u017e\u0101d\u0101k\u0101s kr\u0101sas \u2013 melna, zila, br\u016bna, dzeltena, za\u013ca, sarkana, s\u0101rta, violeta utt. \u013boti reti turmal\u012bns ir bezkr\u0101sas, tai pat laik\u0101 bie\u017ei sastopami daudzkr\u0101saini krist\u0101li \u2013 stabveida krist\u0101ls var vair\u0101kk\u0101rt main\u012bt kr\u0101su no viena gala l\u012bdz otram, kr\u0101sas var main\u012bties ar\u012b \u0161\u0137\u0113rs\u0101m krist\u0101la garenasij. Viens no popul\u0101riem turmal\u012bna paveidiem ir arb\u016bza turmal\u012bns \u2013 vien\u0101 gal\u0101 za\u013c\u0161 un otr\u0101 \u2013 sarkans. Da\u017eiem turmal\u012bna paveidiem piem\u012bt pleohroisms \u2013 skatoties da\u017e\u0101dos krist\u0101la virzienos main\u0101s t\u0101 kr\u0101sa.<\/p>\n<p>Turmal\u012bnu grupas miner\u0101li atrodami vis\u0101 pasaul\u0113, ta\u010du no katriem 20 turmal\u012bna krist\u0101liem 19 b\u016bs viena turmal\u012bnu grupas miner\u0101la &#8211; \u0161erla krist\u0101li. \u0160erls bie\u017ei sastopams ar\u012b Latvij\u0101 atrodamajos gran\u012btos. Polihroms turmal\u012bna krist\u0101ls no Madagaskaras.<\/p>\n<p>Turmal\u012bns vien\u012bgais miner\u0101ls, kuram ir m\u016b\u017e\u012bgs ener\u0123ijas avots- saule.<\/p>\n<p>Vien\u012bgais, kuram ir past\u0101v\u012bgs elektriskais l\u0101di\u0146\u0161, (t\u0101d\u0113\u013c vi\u0146u v\u0113l sauc par krist\u0101lisko magn\u0113tu).<\/p>\n<p>Piln\u012bgi nekait\u012bgs, ar unik\u0101l\u0101m \u012bpa\u0161\u012bb\u0101m, kuras izmanto medic\u012bn\u0101.<\/p>\n<p>Turmal\u012bns uzs\u016bc negat\u012bvo ener\u0123iju, bet izstaro infrasarkano-saules dz\u012bv\u012bbas ener\u0123iju.<br \/>\nSaskaroties ar cilv\u0113ka \u0137erme\u0146a siltumu vi\u0146\u0161 rada zemas frekvences elektrisko lauku un izstaro anionus, t\u0101d\u0101 veid\u0101:<\/p>\n<p>    uzlabo vielu mai\u0146u,<br \/>\n    uzlabo lok\u0101lo asinsriti,<br \/>\n    atjauno limfatisk\u0101s sist\u0113mas darb\u012bbu,<br \/>\n    atjauno endokr\u012bno un hormon\u0101lo sist\u0113mu,<br \/>\n    uzlabo org\u0101nu un audu baro\u0161anas kvalit\u0101ti,<br \/>\n    uzlabo imunit\u0101ti,<br \/>\n    l\u012bdzsvaro ve\u0123etat\u012bvo nervu sist\u0113mu,<br \/>\n    dod organismam dz\u012bv\u012bbas ener\u0123iju,<br \/>\n    uzlabo asins kvalit\u0101ti, stimul\u0113 asinsriti un samazina asinsbiezumu, att\u012bra asinsvadus, uzl\u0101d\u0113 plazmu,<br \/>\n    pielieto t\u016bsku, aknu, nieru un ur\u012bnp\u016b\u0161\u013ca slim\u012bbu \u0101rst\u0113\u0161anai,<br \/>\n    uzlabo miegu,<br \/>\n    atjauno nervu sist\u0113mu p\u0113c stresa situ\u0101cij\u0101m,<br \/>\n    uzlabo sejas kr\u0101su,<br \/>\n    nostiprina potenci un dzimumorg\u0101nu funkcijas,<br \/>\n    uzlabo redzi un atmi\u0146u,<br \/>\n    samazina galvass\u0101pes,<br \/>\n    no\u0146em smakas, ir antibakteri\u0101ls,<br \/>\n    100% pasarg\u0101 no elektromagn\u0113tisk\u0101 starojuma.<\/p>\n<p>!!! Turmal\u012bna izstr\u0101d\u0101jumus pielieto:<\/p>\n<p>    osteoblasta funkciju stimul\u0113\u0161anai,<br \/>\n    loc\u012btavu un kaulu audu atjauno\u0161anai,<br \/>\n    loc\u012btavu \u0161\u0137idruma izdal\u012b\u0161an\u0101s un lab\u0101kas locitavu virsmu &quot;iee\u013c\u013co\u0161anas&quot; veicin\u0101\u0161anai,<br \/>\n    loc\u012btavu ener\u0123ijas un asinsrites normaliz\u0113\u0161anai,<br \/>\n    aukstuma un mitruma rad\u012btu simptomu nov\u0113r\u0161anai,<br \/>\n    musku\u013cu s\u0101pju un sasprindzin\u0101juma no\u0146em\u0161anai,<br \/>\n    loc\u012btavu nolietojuma (nodil\u0161anas) samazin\u0101\u0161anai,<br \/>\n    k\u0101 ar\u012b, nervu sasprindzin\u0101juma, stressa, noguruma; kr\u016b\u0161u un jostas da\u013cas osteohondrozes, starpskrieme\u013cu brukas (tr\u016bces),<br \/>\n    koksartrozes, ce\u013cgalu artrozes, varikozo v\u0113nu, k\u0101ju piepampuma, prostat\u012bta gad\u012bjumos;g\u016b\u017eu,iegur\u0146a, aug\u0161stilbu un k\u0101ju musku\u013cu s\u0101pju gad\u012bjumos.<\/p>\n<p>Atsevi\u0161\u0137us izstr\u0101d\u0101jumus pielieto ar\u012b matiem, p\u0113d\u0101m,rok\u0101m, ac\u012bm, ut.t.<\/p>\n<p>Simboliz\u0113 iek\u0161\u0113jo un \u0101r\u0113jo harmoniju, l\u012bdzsvaro. Turmal\u012bns saist\u012bts ar m\u012blest\u012bbu, laimi un uzvar\u0101m, kas attiecas uz v\u012brie\u0161iem. Piln\u012bb\u0101 transform\u0113 seksu\u0101lo ener\u0123iju, stiprina laul\u012bbas saites, v\u012brie\u0161iem pastiprina potenci.<\/p>\n<p>Turmal\u012bns labv\u0113l\u012bgi iedarbojas uz endokr\u012bno sist\u0113mu. Paaugstina imunit\u0101ti, dod cilv\u0113kam prieka un miera saj\u016btu. Uzlabo atmi\u0146u, no\u0146em reibo\u0146us, att\u012bra asinsvadus, uzl\u0101d\u0113 plazmu. Lai akmeni uzl\u0101d\u0113tu, to j\u0101patur saul\u0113. Akmens iedarb\u012bba ir atkar\u012bga no kr\u0101sas.<\/p>\n<p>Za\u013cais turmal\u012bns pal\u012bdz aknu saslim\u0161anas gad\u012bjumos, regul\u0113 asinsspiedienu, palielina rado\u0161os sp\u0113kus, atjauno emocion\u0101lo l\u012bdzsvaru, att\u012bsta talantus.<\/p>\n<p>Zilais turmal\u012bns no\u0146em sasprindzin\u0101jumu, atvieglo stresa situ\u0101cijas, uzlabo miegu, atbr\u012bvojot no nakts murgiem.<\/p>\n<p>Gai\u0161i zilais turmal\u012bns pal\u012bdz uzlabot redzi, no\u0146em galvass\u0101pes, atbr\u012bvoties no sl\u0113ptaj\u0101m emocij\u0101m, dod miera saj\u016btu un sp\u0113ju viegli komunic\u0113t.<\/p>\n<p>Arb\u016bza kr\u0101sas turmal\u012bns piesaista m\u012blest\u012bbu, regul\u0113 cilv\u0113ka v\u012bri\u0161\u0137o un sievi\u0161\u0137o ener\u0123iju, jo akmens za\u013c\u0101 da\u013ca baro dz\u012bves sp\u0113ku, roz\u0101 da\u013ca &#8211; harmoniz\u0113.<\/p>\n<p>Ave\u0146u kr\u0101sas turmal\u012bns piem\u0113rots m\u0101ksliniekiem, dod rado\u0161os sp\u0113kus.<\/p>\n<p>Melnais turmal\u012bns ir \u013coti sp\u0113c\u012bgs akmens, kas nes veiksmi, labs profilaktisks l\u012bdzeklis saaukst\u0113\u0161an\u0101s gad\u012bjumos. Senatn\u0113 melno turmal\u012bnu izmantoja burvest\u012bb\u0101s.<\/p>\n<p>Sarkanais turmal\u012bns vairo kaisli, dz\u012bves m\u012blest\u012bbu. Tas vairo iedvesmu un drosmi aizsarg\u0101t tos, ko m\u012bl akmens n\u0113s\u0101t\u0101js. Pal\u012bdz p\u0101rvar\u0113t bailes, saist\u012btas ar izdz\u012bvo\u0161anu un dro\u0161\u012bbu.<\/p>\n<p>Ieteicams turmal\u012bna talismanus sieviet\u0113m glab\u0101t zem spilvena, bet v\u012brie\u0161iem &#8211; vislab\u0101k tur\u0113t bik\u0161u kabat\u0101. Nav ieteicams akmeni n\u0113s\u0101t past\u0101v\u012bgi, lai nesagroz\u012btu priek\u0161statu par situ\u0101ciju.<\/p>\n<p>Visvair\u0101k piem\u0113rots Lauvas, Me\u017e\u0101\u017ea un Str\u0113lnieka z\u012bm\u0113 dzimu\u0161ajiem. Akmens tos aizsarg\u0101, harmoniz\u0113 ar apk\u0101rt\u0113jo pasauli<\/p>\n<p>rstniecisk\u0101s \u012bpa\u0161\u012bbas:<\/p>\n<p>    Tautas medic\u012bn\u0101 past\u0101v uzskats, ka turmal\u012bns iedarboj\u0101s uz endokr\u012bno sist\u0113mu. \u0160\u0101 miner\u0101la \u0101rstniecisk\u0101 darb\u012bba ir atkar\u012bga no t\u0101 kr\u0101sas.<br \/>\n    Za\u013cas kr\u0101sas akme\u0146i pal\u012bdz pie aknu saslim\u0161an\u0101m. Zili turmal\u012bni no\u0146em nervozu sasprindzin\u0101jumu, atvieglo stresu situ\u0101ciju sekas, uzlabo miegu, atbr\u012bvo no bezmiega un nakts murgiem. P\u0113c da\u017eu tautas dziednieku uzskatiem melnas kr\u0101sas akme\u0146i ir labs profilaktisks l\u012bdzeklis saaukst\u0113\u0161an\u0101s slim\u012bbu gad\u012bjum\u0101. Gai\u0161zili turmal\u012bni uzlabo redzi, no\u0146em galvass\u0101pes.<br \/>\n    M\u016bsdienu litoterapeiti uzskata, ka \u0161ie akme\u0146i paaugstina imunit\u0101ti, dod cilv\u0113kam prieka un miera saj\u016btu. Turmal\u012bns uzlabo atmi\u0146u, no\u0146em reibo\u0146us, att\u012bra asinsvadus, uzl\u0101d\u0113 plazmu.<br \/>\n    Kopum\u0101 turmal\u012bni uzlabo miegu, harmoniz\u0113 endokr\u012bno sist\u0113mu un im\u016bnsist\u0113mu.<br \/>\n    J\u0101atz\u012bm\u0113 ar\u012b turmal\u012bna labv\u0113l\u012bg\u0101 ietekme, pal\u012bdzot \u0101rst\u0113t onkolo\u0123isk\u0101s saslim\u0161anas, nervu saslim\u0161an\u0101m un pret stresu, sarkanie- veicin\u0101s vielmai\u0146u, uzlabos sejas \u0101du, stiprina potenci un seksu\u0101lo funkciju, uzlabo asinsriti.<\/p>\n<p>Ma\u0123isk\u0101s \u012bpa\u0161\u012bbas:<\/p>\n<p>    Senatn\u0113 melnus turmal\u012bnus izmantoja burvest\u012bbai. Citas kr\u0101su akme\u0146i, piem\u0113ram za\u013ci, atmodina cilv\u0113k\u0101 rado\u0161os sp\u0113kus, atver jaunus talantus. Eiropas valst\u012bs no \u0161iem akme\u0146iem br\u012bnumdari gatavoja amuletus.<br \/>\n    Turmal\u012bns sarg\u0101 cilv\u0113kus, kas dzimu\u0161i Lauvas, Me\u017e\u0101\u017ea un Str\u0113lnieka z\u012bm\u0113s. Tiem vi\u0146\u0161 pal\u012bdz att\u012bst\u012bt talantus, sarg\u0101 no alkoholisk\u0101s un narkotisk\u0101s atkar\u012bbas, harmoniz\u0113 ar apk\u0101rt\u0113jo pasauli. P\u0113c speci\u0101listu dom\u0101m turmal\u012bnu nedr\u012bkst n\u0113s\u0101t past\u0101v\u012bgi, jo tas var kait\u0113t cilv\u0113ka psihiskajai vesel\u012bbai, izsaucot uzm\u0101c\u012bgas domas un radot sagroz\u012btu priek\u0161statu par situ\u0101ciju.<\/p>\n","protected":false},"excerpt":{"rendered":"<p>\u0160is akmens simboliz\u0113 m\u012blest\u012bbu. To n\u0113s\u0101, lai piesaist\u012btu m\u012blest\u012bbu, to d\u0101vina, lai demonstr\u0113tu savu m\u012blest\u012bbu un atzin\u012bbu. Dziedniec\u012bb\u0101 \u0161is akmens<\/p>\n","protected":false},"featured_media":16798,"template":"","meta":[],"product_brand":[],"product_cat":[2293,2294],"product_tag":[],"class_list":{"0":"post-34539","1":"product","2":"type-product","3":"status-publish","4":"has-post-thumbnail","6":"product_cat-dabiskie-akmeni-rokasspradzess-auskari-gredzeni-lv","7":"product_cat-rokasspradzes-lv-lv-2","9":"first","10":"outofstock","11":"sale","12":"taxable","13":"shipping-taxable","14":"purchasable","15":"product-type-simple"},"yoast_head":"<!-- This site is optimized with the Yoast SEO Premium plugin v27.0 (Yoast SEO v27.0) - https:\/\/yoast.com\/product\/yoast-seo-premium-wordpress\/ -->\n<title>8-10mm Br\u012bnums Rokasspr\u0101dze dabiks akmens turmalins, roza, balts kvarcs - cosmetic.lv<\/title>\n<meta name=\"robots\" content=\"index, follow, max-snippet:-1, max-image-preview:large, max-video-preview:-1\" \/>\n<link rel=\"canonical\" href=\"https:\/\/cosmetic.lv\/lv\/product\/8-10mm-brinums-rokasspradze-dabiks-akmens-turmalins-roza-balts-kvarcs\/\" \/>\n<meta property=\"og:locale\" content=\"lv_LV\" \/>\n<meta property=\"og:type\" content=\"article\" \/>\n<meta property=\"og:title\" content=\"8-10mm Br\u012bnums Rokasspr\u0101dze dabiks akmens turmalins, roza, balts kvarcs\" \/>\n<meta property=\"og:description\" content=\"\u0160is akmens simboliz\u0113 m\u012blest\u012bbu. To n\u0113s\u0101, lai piesaist\u012btu m\u012blest\u012bbu, to d\u0101vina, lai demonstr\u0113tu savu m\u012blest\u012bbu un atzin\u012bbu. Dziedniec\u012bb\u0101 \u0161is akmens\" \/>\n<meta property=\"og:url\" content=\"https:\/\/cosmetic.lv\/lv\/product\/8-10mm-brinums-rokasspradze-dabiks-akmens-turmalins-roza-balts-kvarcs\/\" \/>\n<meta property=\"og:site_name\" content=\"cosmetic.lv\" \/>\n<meta property=\"article:publisher\" content=\"https:\/\/www.facebook.com\/cosmetic.lv\/\" \/>\n<meta property=\"article:modified_time\" content=\"2021-02-06T17:54:21+00:00\" \/>\n<meta property=\"og:image\" content=\"https:\/\/cosmetic.lv\/wp-content\/uploads\/2021\/02\/pinkbrasletn-4.jpg\" \/>\n\t<meta property=\"og:image:width\" content=\"799\" \/>\n\t<meta property=\"og:image:height\" content=\"680\" \/>\n\t<meta property=\"og:image:type\" content=\"image\/jpeg\" \/>\n<meta name=\"twitter:card\" content=\"summary_large_image\" \/>\n<script type=\"application\/ld+json\" class=\"yoast-schema-graph\">{\"@context\":\"https:\/\/schema.org\",\"@graph\":[{\"@type\":\"WebPage\",\"@id\":\"https:\/\/cosmetic.lv\/lv\/product\/8-10mm-brinums-rokasspradze-dabiks-akmens-turmalins-roza-balts-kvarcs\/\",\"url\":\"https:\/\/cosmetic.lv\/lv\/product\/8-10mm-brinums-rokasspradze-dabiks-akmens-turmalins-roza-balts-kvarcs\/\",\"name\":\"8-10mm Br\u012bnums Rokasspr\u0101dze dabiks akmens turmalins, roza, balts kvarcs - cosmetic.lv\",\"isPartOf\":{\"@id\":\"https:\/\/cosmetic.lv\/lv\/#website\"},\"primaryImageOfPage\":{\"@id\":\"https:\/\/cosmetic.lv\/lv\/product\/8-10mm-brinums-rokasspradze-dabiks-akmens-turmalins-roza-balts-kvarcs\/#primaryimage\"},\"image\":{\"@id\":\"https:\/\/cosmetic.lv\/lv\/product\/8-10mm-brinums-rokasspradze-dabiks-akmens-turmalins-roza-balts-kvarcs\/#primaryimage\"},\"thumbnailUrl\":\"https:\/\/cosmetic.lv\/wp-content\/uploads\/2021\/02\/pinkbrasletn-4.jpg\",\"datePublished\":\"2021-02-06T17:54:17+00:00\",\"dateModified\":\"2021-02-06T17:54:21+00:00\",\"breadcrumb\":{\"@id\":\"https:\/\/cosmetic.lv\/lv\/product\/8-10mm-brinums-rokasspradze-dabiks-akmens-turmalins-roza-balts-kvarcs\/#breadcrumb\"},\"inLanguage\":\"lv-LV\",\"potentialAction\":[{\"@type\":\"ReadAction\",\"target\":[\"https:\/\/cosmetic.lv\/lv\/product\/8-10mm-brinums-rokasspradze-dabiks-akmens-turmalins-roza-balts-kvarcs\/\"]}]},{\"@type\":\"ImageObject\",\"inLanguage\":\"lv-LV\",\"@id\":\"https:\/\/cosmetic.lv\/lv\/product\/8-10mm-brinums-rokasspradze-dabiks-akmens-turmalins-roza-balts-kvarcs\/#primaryimage\",\"url\":\"https:\/\/cosmetic.lv\/wp-content\/uploads\/2021\/02\/pinkbrasletn-4.jpg\",\"contentUrl\":\"https:\/\/cosmetic.lv\/wp-content\/uploads\/2021\/02\/pinkbrasletn-4.jpg\",\"width\":799,\"height\":680,\"caption\":\"pinkbrasletn.jpg\"},{\"@type\":\"BreadcrumbList\",\"@id\":\"https:\/\/cosmetic.lv\/lv\/product\/8-10mm-brinums-rokasspradze-dabiks-akmens-turmalins-roza-balts-kvarcs\/#breadcrumb\",\"itemListElement\":[{\"@type\":\"ListItem\",\"position\":1,\"name\":\"Home\",\"item\":\"https:\/\/cosmetic.lv\/lv\/\"},{\"@type\":\"ListItem\",\"position\":2,\"name\":\"Veikals\",\"item\":\"https:\/\/cosmetic.lv\/lv\/veiklas\/\"},{\"@type\":\"ListItem\",\"position\":3,\"name\":\"8-10mm Br\u012bnums Rokasspr\u0101dze dabiks akmens turmalins, roza, balts kvarcs\"}]},{\"@type\":\"WebSite\",\"@id\":\"https:\/\/cosmetic.lv\/lv\/#website\",\"url\":\"https:\/\/cosmetic.lv\/lv\/\",\"name\":\"cosmetic.lv\",\"description\":\"Profesion\u0101la kosm\u0113tika - Maria Galland, Keune, Arkadija, GMT, Guam, Magiray\",\"publisher\":{\"@id\":\"https:\/\/cosmetic.lv\/lv\/#organization\"},\"potentialAction\":[{\"@type\":\"SearchAction\",\"target\":{\"@type\":\"EntryPoint\",\"urlTemplate\":\"https:\/\/cosmetic.lv\/lv\/?s={search_term_string}\"},\"query-input\":{\"@type\":\"PropertyValueSpecification\",\"valueRequired\":true,\"valueName\":\"search_term_string\"}}],\"inLanguage\":\"lv-LV\"},{\"@type\":\"Organization\",\"@id\":\"https:\/\/cosmetic.lv\/lv\/#organization\",\"name\":\"COSMETIC.LV\",\"url\":\"https:\/\/cosmetic.lv\/lv\/\",\"logo\":{\"@type\":\"ImageObject\",\"inLanguage\":\"lv-LV\",\"@id\":\"https:\/\/cosmetic.lv\/lv\/#\/schema\/logo\/image\/\",\"url\":\"https:\/\/cosmetic.lv\/wp-content\/uploads\/2021\/02\/cosmetic.lv_logo.jpg\",\"contentUrl\":\"https:\/\/cosmetic.lv\/wp-content\/uploads\/2021\/02\/cosmetic.lv_logo.jpg\",\"width\":596,\"height\":196,\"caption\":\"COSMETIC.LV\"},\"image\":{\"@id\":\"https:\/\/cosmetic.lv\/lv\/#\/schema\/logo\/image\/\"},\"sameAs\":[\"https:\/\/www.facebook.com\/cosmetic.lv\/\"]}]}<\/script>\n<meta property=\"product:price:amount\" content=\"14.50\" \/>\n<meta property=\"product:price:currency\" content=\"EUR\" \/>\n<meta property=\"og:availability\" content=\"out of stock\" \/>\n<meta property=\"product:availability\" content=\"out of stock\" \/>\n<meta property=\"product:retailer_item_id\" content=\"bri\" \/>\n<meta property=\"product:condition\" content=\"new\" \/>\n<!-- \/ Yoast SEO Premium plugin. -->","yoast_head_json":{"title":"8-10mm Br\u012bnums Rokasspr\u0101dze dabiks akmens turmalins, roza, balts kvarcs - cosmetic.lv","robots":{"index":"index","follow":"follow","max-snippet":"max-snippet:-1","max-image-preview":"max-image-preview:large","max-video-preview":"max-video-preview:-1"},"canonical":"https:\/\/cosmetic.lv\/lv\/product\/8-10mm-brinums-rokasspradze-dabiks-akmens-turmalins-roza-balts-kvarcs\/","og_locale":"lv_LV","og_type":"article","og_title":"8-10mm Br\u012bnums Rokasspr\u0101dze dabiks akmens turmalins, roza, balts kvarcs","og_description":"\u0160is akmens simboliz\u0113 m\u012blest\u012bbu. To n\u0113s\u0101, lai piesaist\u012btu m\u012blest\u012bbu, to d\u0101vina, lai demonstr\u0113tu savu m\u012blest\u012bbu un atzin\u012bbu. Dziedniec\u012bb\u0101 \u0161is akmens","og_url":"https:\/\/cosmetic.lv\/lv\/product\/8-10mm-brinums-rokasspradze-dabiks-akmens-turmalins-roza-balts-kvarcs\/","og_site_name":"cosmetic.lv","article_publisher":"https:\/\/www.facebook.com\/cosmetic.lv\/","article_modified_time":"2021-02-06T17:54:21+00:00","og_image":[{"width":799,"height":680,"url":"https:\/\/cosmetic.lv\/wp-content\/uploads\/2021\/02\/pinkbrasletn-4.jpg","type":"image\/jpeg"}],"twitter_card":"summary_large_image","schema":{"@context":"https:\/\/schema.org","@graph":[{"@type":"WebPage","@id":"https:\/\/cosmetic.lv\/lv\/product\/8-10mm-brinums-rokasspradze-dabiks-akmens-turmalins-roza-balts-kvarcs\/","url":"https:\/\/cosmetic.lv\/lv\/product\/8-10mm-brinums-rokasspradze-dabiks-akmens-turmalins-roza-balts-kvarcs\/","name":"8-10mm Br\u012bnums Rokasspr\u0101dze dabiks akmens turmalins, roza, balts kvarcs - cosmetic.lv","isPartOf":{"@id":"https:\/\/cosmetic.lv\/lv\/#website"},"primaryImageOfPage":{"@id":"https:\/\/cosmetic.lv\/lv\/product\/8-10mm-brinums-rokasspradze-dabiks-akmens-turmalins-roza-balts-kvarcs\/#primaryimage"},"image":{"@id":"https:\/\/cosmetic.lv\/lv\/product\/8-10mm-brinums-rokasspradze-dabiks-akmens-turmalins-roza-balts-kvarcs\/#primaryimage"},"thumbnailUrl":"https:\/\/cosmetic.lv\/wp-content\/uploads\/2021\/02\/pinkbrasletn-4.jpg","datePublished":"2021-02-06T17:54:17+00:00","dateModified":"2021-02-06T17:54:21+00:00","breadcrumb":{"@id":"https:\/\/cosmetic.lv\/lv\/product\/8-10mm-brinums-rokasspradze-dabiks-akmens-turmalins-roza-balts-kvarcs\/#breadcrumb"},"inLanguage":"lv-LV","potentialAction":[{"@type":"ReadAction","target":["https:\/\/cosmetic.lv\/lv\/product\/8-10mm-brinums-rokasspradze-dabiks-akmens-turmalins-roza-balts-kvarcs\/"]}]},{"@type":"ImageObject","inLanguage":"lv-LV","@id":"https:\/\/cosmetic.lv\/lv\/product\/8-10mm-brinums-rokasspradze-dabiks-akmens-turmalins-roza-balts-kvarcs\/#primaryimage","url":"https:\/\/cosmetic.lv\/wp-content\/uploads\/2021\/02\/pinkbrasletn-4.jpg","contentUrl":"https:\/\/cosmetic.lv\/wp-content\/uploads\/2021\/02\/pinkbrasletn-4.jpg","width":799,"height":680,"caption":"pinkbrasletn.jpg"},{"@type":"BreadcrumbList","@id":"https:\/\/cosmetic.lv\/lv\/product\/8-10mm-brinums-rokasspradze-dabiks-akmens-turmalins-roza-balts-kvarcs\/#breadcrumb","itemListElement":[{"@type":"ListItem","position":1,"name":"Home","item":"https:\/\/cosmetic.lv\/lv\/"},{"@type":"ListItem","position":2,"name":"Veikals","item":"https:\/\/cosmetic.lv\/lv\/veiklas\/"},{"@type":"ListItem","position":3,"name":"8-10mm Br\u012bnums Rokasspr\u0101dze dabiks akmens turmalins, roza, balts kvarcs"}]},{"@type":"WebSite","@id":"https:\/\/cosmetic.lv\/lv\/#website","url":"https:\/\/cosmetic.lv\/lv\/","name":"cosmetic.lv","description":"Profesion\u0101la kosm\u0113tika - Maria Galland, Keune, Arkadija, GMT, Guam, Magiray","publisher":{"@id":"https:\/\/cosmetic.lv\/lv\/#organization"},"potentialAction":[{"@type":"SearchAction","target":{"@type":"EntryPoint","urlTemplate":"https:\/\/cosmetic.lv\/lv\/?s={search_term_string}"},"query-input":{"@type":"PropertyValueSpecification","valueRequired":true,"valueName":"search_term_string"}}],"inLanguage":"lv-LV"},{"@type":"Organization","@id":"https:\/\/cosmetic.lv\/lv\/#organization","name":"COSMETIC.LV","url":"https:\/\/cosmetic.lv\/lv\/","logo":{"@type":"ImageObject","inLanguage":"lv-LV","@id":"https:\/\/cosmetic.lv\/lv\/#\/schema\/logo\/image\/","url":"https:\/\/cosmetic.lv\/wp-content\/uploads\/2021\/02\/cosmetic.lv_logo.jpg","contentUrl":"https:\/\/cosmetic.lv\/wp-content\/uploads\/2021\/02\/cosmetic.lv_logo.jpg","width":596,"height":196,"caption":"COSMETIC.LV"},"image":{"@id":"https:\/\/cosmetic.lv\/lv\/#\/schema\/logo\/image\/"},"sameAs":["https:\/\/www.facebook.com\/cosmetic.lv\/"]}]},"product_price_amount":"14.50","product_price_currency":"EUR","og_availability":"out of stock","product_availability":"out of stock","product_retailer_item_id":"bri","product_condition":"new"},"_links":{"self":[{"href":"https:\/\/cosmetic.lv\/lv\/wp-json\/wp\/v2\/product\/34539","targetHints":{"allow":["GET"]}}],"collection":[{"href":"https:\/\/cosmetic.lv\/lv\/wp-json\/wp\/v2\/product"}],"about":[{"href":"https:\/\/cosmetic.lv\/lv\/wp-json\/wp\/v2\/types\/product"}],"wp:featuredmedia":[{"embeddable":true,"href":"https:\/\/cosmetic.lv\/lv\/wp-json\/wp\/v2\/media\/16798"}],"wp:attachment":[{"href":"https:\/\/cosmetic.lv\/lv\/wp-json\/wp\/v2\/media?parent=34539"}],"wp:term":[{"taxonomy":"product_brand","embeddable":true,"href":"https:\/\/cosmetic.lv\/lv\/wp-json\/wp\/v2\/product_brand?post=34539"},{"taxonomy":"product_cat","embeddable":true,"href":"https:\/\/cosmetic.lv\/lv\/wp-json\/wp\/v2\/product_cat?post=34539"},{"taxonomy":"product_tag","embeddable":true,"href":"https:\/\/cosmetic.lv\/lv\/wp-json\/wp\/v2\/product_tag?post=34539"}],"curies":[{"name":"wp","href":"https:\/\/api.w.org\/{rel}","templated":true}]}}