{"id":34541,"date":"2021-02-05T22:42:40","date_gmt":"2021-02-06T17:54:17","guid":{"rendered":"https:\/\/damme.lv\/product\/6-mm-rokasspradze-108-reiki-cakras-dabiks-oniks-flower\/"},"modified":"2021-02-06T19:54:22","modified_gmt":"2021-02-06T17:54:22","slug":"6-mm-rokasspradze-108-reiki-cakras-dabiks-oniks-flower","status":"publish","type":"product","link":"https:\/\/cosmetic.lv\/lv\/product\/6-mm-rokasspradze-108-reiki-cakras-dabiks-oniks-flower\/","title":{"rendered":"6 mm Rokasspr\u0101dze 108 Reiki \u010dakras dabiks Oniks Flower"},"content":{"rendered":"<p>Onikss (melnais) \u2013 pa\u0161kontroles, iezem\u0113\u0161anas akmens (oniksa variet\u0101te ir sardonikss). Iepludina dabas ener\u0123ijas, sniedz liel\u0101ku iedvesmu un nodro\u0161ina objektivit\u0101ti. Pal\u012bdz sadzird\u0113t un ieklaus\u012bties iek\u0161\u0113j\u0101 bals\u012b. Pal\u012bdz emocion\u0101lajam balansam, pa\u0161kontrolei un stresa no\u0146em\u0161anai, k\u0101 ar\u012b k\u013c\u016bt neatlaid\u012bg\u0101kam, pazem\u012bg\u0101kam, ar lab\u0101ku mor\u0101li, dzi\u013c\u0101k\u0101m dom\u0101m un gar\u012bgo sp\u0113ku. Att\u012bra negat\u012bv\u0101s emocijas. Daudzi magi un burvji apgalvo, ka oniksam ir milz\u012bgas ma\u0123isk\u0101s \u012bpa\u0161\u012bbas. Tom\u0113r tas iedarbojas tikai gad\u012bjumos, kad cilv\u0113kam ir labi nodomi un laba sirds. Klied\u0113 skumjas, b\u0113das, pal\u012bdz izbeigt nelaim\u012bgas, apnic\u012bgas attiec\u012bbas. Aizsarg\u0101 no neg\u0101cij\u0101m (ar\u012b no \u2018\u2019\u013caunas acs\u2019\u2019), un p\u0101rtrauc ener\u0123ijas aizpl\u016bdi, saasina saj\u016btas, palielina iztur\u012bbu, sp\u0113ku, nelok\u0101m\u012bbu, iztur\u012bbu, stingr\u012bbu. Pal\u012bdz harmoniz\u0113t ikdienas dz\u012bves ritmu, \u013caujot atrast mieru un iedvesmu. Pal\u012bdz atjaunot organismu p\u0113c p\u0101rp\u016bles. Rada iek\u0161\u0113ju mieru un pal\u012bdz koncentr\u0113ties medit\u0101cijas laik\u0101. Stiprina sirdi, nieres, nervus, asinsvadus, acis. Pal\u012bdz dzied\u0113t kaulus, glaukomu, \u0161\u016bnu boj\u0101jumus, iek\u0161\u0113jo ausi (uzlabo dzirdi), stiprina im\u016bnsist\u0113mu. Pal\u012bdz pret nakts murgiem. Stiprina p\u0113das un k\u0101jas, k\u0101 ar\u012b mugurkaulu. No\u0146em s\u0101pes, \u2018\u2019izvelk\u2019\u2019slim\u012bbas. Onikss ir melnas kr\u0101sas ah\u0101ta paveids. Vado\u0146u un c\u012bn\u012bt\u0101ju akmens. Jau izsenis austrumu taut\u0101s onikss tiek uzskat\u012bts par veiksmes akmeni, jo \u0161is unik\u0101lais akmens sp\u0113j koncentr\u0113t nepiecie\u0161amo ener\u0123iju konkr\u0113ta uzdevuma veik\u0161anai. Tom\u0113r visunik\u0101l\u0101k\u0101 \u0161\u0101 akmens \u012bpa\u0161\u012bba ir ne tikai piesaist\u012bt veiksmi, bet ar\u012b sp\u0113t to aizsarg\u0101t no skau\u0123iem un nelabv\u0113\u013ciem. Onikss pal\u012bdz tikt va\u013c\u0101 no t\u0101d\u0101m negat\u012bv\u0101m emocij\u0101m, k\u0101 b\u0113das un skumjas. Uzskata, ka tas pal\u012bdz izbeigt nelaim\u012bgas un apgr\u016btino\u0161as attiec\u012bbas. Onikss rotasliet\u0101s atvaira negat\u012bvo ener\u0123iju, v\u0113rstu uz oniksa n\u0113s\u0101t\u0101ju. Oniksam, k\u0101 ar\u012b citiem melniem d\u0101rgakme\u0146iem piem\u012bt aizsarg\u0101jo\u0161a ener\u0123ija. Onikss ir akmens-c\u012bn\u012bt\u0101js, kur\u0161 dod sp\u0113ku sasniegt m\u0113r\u0137i un notur\u0113t rezult\u0101tu. Pal\u012bdz att\u012bst\u012bt uz\u0146\u0113m\u012bbu,pasarg\u0101 no neapdom\u012bbas. Onikss pal\u012bdz burtiski \u2018\u2019izvilkt\u2019\u2019 slim\u012bbas no organisma, jo tam piem\u012bt sp\u0113ja \u2018\u2019sabiezin\u0101t\u2019\u2019 ener\u0123\u0113tisko lauku, ar to \u0101rst\u0113 pat \u013caundab\u012bgos audz\u0113jus. T\u0101pat onikss pal\u012bdz\u0113s pie smadze\u0146u saslim\u0161an\u0101m, depresij\u0101m, vielmai\u0146as slim\u012bb\u0101m, reimatisma \u0101rst\u0113\u0161an\u0101. Tas veicina atmi\u0146u un uzlabo dzirdi. Oniksa rotu valk\u0101\u0161ana att\u012bsta valk\u0101t\u0101j\u0101 l\u012bdera dot\u012bbas. V\u0113l ir viedoklis, ka onikss pal\u012bdz piepild\u012bt jebkuru t\u0101 valk\u0101t\u0101ja v\u0113l\u0113\u0161anos, pasarg\u0101 no uguns nelaim\u0113m, \u013caunas acs un v\u0101jpr\u0101ta. Tautas medic\u012bn\u0101 past\u0101v uzskats, ka onikss \u0101rst\u0113 daudzas slim\u012bbas. Piem\u0113ram, ja izstr\u0101d\u0101jumus no oniksa n\u0113s\u0101 uz \u0137erme\u0146a, tas uzlabos praktiski visu iek\u0161\u0113ju org\u0101nu (ir \u012bpa\u0161i labv\u0113l\u012bga \u0161\u0101 miner\u0101la ietekme ar nier\u0113m un akn\u0101m) darbu, atvieglo meteo-atkar\u012bgo \u013cau\u017eu st\u0101vokli, nostiprina mugurkaulu, uzlabo dzirdi. Litoterapeiti uzskata, ka onikss \u0101rst\u0113 nervu saslim\u0161anas, depresiju, no\u0146em stresa negat\u012bvas sekas, atbr\u012bvo no bezmiega un nakts \u0161ausm\u0101m. Da\u017e\u0101s valst\u012bs uzskata, ka onikss ir sp\u0113j\u012bgs paaugstin\u0101t potenci. Miner\u0101\u013cu \u0101rstniecisko \u012bpa\u0161\u012bbu lietprat\u0113ji apgalvo, ka \u016bdens, kur\u0101 glab\u0101ts onikss, pal\u012bdz no aptauko\u0161an\u0101s, tas pazemina apet\u012bti. B\u012bbel\u0113 min\u0113ts Jeruz\u0101lemes dievnams, kur\u0101 sienas tika veidotas no puscaursp\u012bd\u012bga oniksa. Musulma\u0146u dievnam\u0101, kur\u0161 atrodas Kaab\u0113, sien\u0101 ir iestr\u0101d\u0101ts melnais onikss. Senaj\u0101 Rom\u0101 \u0161o akmeni uzskat\u012bja par vienu no visstipr\u0101kajiem aizsargiem. Daudzi magi un burvji apgalvo, ka oniksam ir milz\u012bgas ma\u0123isk\u0101s \u012bpa\u0161\u012bbas. Tom\u0113r tas s\u0101k iedarboties tikai taj\u0101 gad\u012bjum\u0101, ja cilv\u0113kam ir labi nodomi un laba sirds. Onikss ir padz\u012bvoju\u0161o \u013cau\u017eu akmens, kurus vi\u0146\u0161 sarg\u0101 no vientul\u012bbas, pal\u012bdz viegl\u0101k p\u0101rvar\u0113t nedienas un ar optimismu skat\u012bties uz n\u0101kotni. \u0160is miner\u0101ls \u012bpa\u0161i piest\u0101v \u013caud\u012bm, kas dzimu\u0161i Jaunavas z\u012bm\u0113, tas d\u0101v\u0101 Jaunav\u0101m sp\u0113ju \u0101tri sakr\u0101t labo ener\u0123iju un nes veiksmi. Tautas medic\u012bn\u0101 past\u0101v uzskats, ka onikss \u0101rst\u0113 daudzas slim\u012bbas. Piem\u0113ram, ja izstr\u0101d\u0101jumus no oniksa n\u0113s\u0101 uz \u0137erme\u0146a, tas uzlabos praktiski visu iek\u0161\u0113ju org\u0101nu (ir \u012bpa\u0161i labv\u0113l\u012bga \u0161\u0101 miner\u0101la ietekme ar nier\u0113m un akn\u0101m) darbu, atvieglo meteo-atkar\u012bgo \u013cau\u017eu st\u0101vokli, nostiprina mugurkaulu, uzlabo dzirdi. Litoterapeiti uzskata, ka onikss \u0101rst\u0113 nervu saslim\u0161anas, depresiju, no\u0146em stresa negat\u012bvas sekas, atbr\u012bvo no bezmiega un nakts \u0161ausm\u0101m. Da\u017e\u0101s valst\u012bs uzskata, ka onikss ir sp\u0113j\u012bgs paaugstin\u0101t potenci. Miner\u0101\u013cu \u0101rstniecisko \u012bpa\u0161\u012bbu lietprat\u0113ji apgalvo, ka \u016bdens, kur\u0101 glab\u0101ts onikss, pal\u012bdz no aptauko\u0161an\u0101s, tas pazemina apet\u012bti. B\u012bbel\u0113 min\u0113ts Jeruz\u0101lemes dievnams, kur\u0101 sienas tika veidotas no puscaursp\u012bd\u012bga oniksa. Musulma\u0146u dievnam\u0101, kur\u0161 atrodas Kaab\u0113, sien\u0101 ir iestr\u0101d\u0101ts melnais onikss. Senaj\u0101 Rom\u0101 \u0161o akmeni uzskat\u012bja par vienu no visstipr\u0101kajiem aizsargiem. Daudzi magi un burvji apgalvo, ka oniksam ir milz\u012bgas ma\u0123isk\u0101s \u012bpa\u0161\u012bbas. Tom\u0113r tas s\u0101k iedarboties tikai taj\u0101 gad\u012bjum\u0101, ja cilv\u0113kam ir labi nodomi un laba sirds. Onikss ir padz\u012bvoju\u0161o \u013cau\u017eu akmens, kurus vi\u0146\u0161 sarg\u0101 no vientul\u012bbas, pal\u012bdz viegl\u0101k p\u0101rvar\u0113t nedienas un ar optimismu skat\u012bties uz n\u0101kotni. \u0160is miner\u0101ls \u012bpa\u0161i piest\u0101v \u013caud\u012bm, kas dzimu\u0161i Jaunavas z\u012bm\u0113, tas d\u0101v\u0101 Jaunav\u0101m sp\u0113ju \u0101tri sakr\u0101t labo ener\u0123iju un nes veiksmi. Onikss ir ah\u0101ta paveids &#8211; puscaursp\u012bd\u012bgs akmens ar balt\u0101m un meln\u0101m josl\u0101m. Oniksu izmanto rot\u0101m &#8211; no t\u0101 izgatavo p\u0113rl\u012btes, kamejas un akmens grav\u0113jumus. Tautas medic\u012bn\u0101 past\u0101v uzskats, ka onikss \u0101rst\u0113 daudzas slim\u012bbas. Piem\u0113ram, ja izstr\u0101d\u0101jumus no oniksa n\u0113s\u0101 uz \u0137erme\u0146a, tas uzlabos praktiski visu iek\u0161\u0113ju org\u0101nu (ir \u012bpa\u0161i labv\u0113l\u012bga \u0161\u0101 miner\u0101la ietekme ar nier\u0113m un akn\u0101m) darbu, atvieglo meteo-atkar\u012bgo \u013cau\u017eu st\u0101vokli, nostiprina mugurkaulu, uzlabo dzirdi. Litoterapeiti uzskata, ka onikss \u0101rst\u0113 nervu saslim\u0161anas, depresiju, no\u0146em stresa negat\u012bvas sekas, atbr\u012bvo no bezmiega un nakts \u0161ausm\u0101m. Da\u017e\u0101s valst\u012bs uzskata, ka onikss ir sp\u0113j\u012bgs paaugstin\u0101t potenci. Miner\u0101\u013cu \u0101rstniecisko \u012bpa\u0161\u012bbu lietprat\u0113ji apgalvo, ka \u016bdens, kur\u0101 glab\u0101ts onikss, pal\u012bdz no aptauko\u0161an\u0101s, tas pazemina apet\u012bti. Senaj\u0101 Rom\u0101 \u0161o akmeni uzskat\u012bja par vienu no visstipr\u0101kajiem aizsargiem. Daudzi magi un burvji apgalvo, ka oniksam ir milz\u012bgas ma\u0123isk\u0101s \u012bpa\u0161\u012bbas. Tom\u0113r tas iedarbojas tikai gad\u012bjumos, kad cilv\u0113kam ir labi nodomi un laba sirds. \u013boti piem\u0113rots vad\u012bt\u0101jiem. Onikss atvaira negat\u012bv\u0101s emocijas, b\u0113das un skumjas, pal\u012bdz p\u0101rtraukt apgr\u016btino\u0161as attiec\u012bbas. \u0100rst\u0113 daudzas iek\u0161\u0137\u012bg\u0101s saslim\u0161anas, stiprina mugurkaulu, uzlabo dzirdi, nervu sist\u0113mu un bezmiegu. \u016adens, kur\u0161 dzerts no oniksa trauka &#8211; mazina apet\u012bti. Onikss piem\u0113rots vec\u0101kiem cilv\u0113kiem, kas pasarg\u0101 no vientul\u012bbas, pal\u012bdz p\u0101rvar\u0113t nedienas un dod optimismu n\u0101kotn\u0113. Visvair\u0101k piem\u0113rots Jaunavas z\u012bm\u0113 dzimu\u0161ajiem, jo d\u0101v\u0101 sp\u0113ju uzkr\u0101t pozit\u012bvo ener\u0123iju un nes veiksmi. Onikss ir ah\u0101ta paveids &#8211; puscaursp\u012bd\u012bgs akmens ar balt\u0101m un meln\u0101m josl\u0101m. Bie\u017ei par oniksu d\u0113v\u0113 ar\u012b melnbalti sl\u0101\u0146otu marmoru, kuru pareizi j\u0101sauc par marmoroniksu. Oniksam piem\u012bt lielas ma\u0123iskas sp\u0113jas un to bie\u017ei izmanto da\u017e\u0101dos ma\u0123iskos ritu\u0101los, jo skait\u0101s, ka akmens pasarg\u0101 cilv\u0113ku no n\u0101ves. \u0100rstniecisk\u0101s \u012bpa\u0161\u012bbas: Tautas medic\u012bn\u0101 past\u0101v uzskats, ka onikss \u0101rst\u0113 daudzas slim\u012bbas. Piem\u0113ram, ja izstr\u0101d\u0101jumus no oniksa n\u0113s\u0101 uz \u0137erme\u0146a, tas uzlabos praktiski visu iek\u0161\u0113ju org\u0101nu (ir \u012bpa\u0161i labv\u0113l\u012bga \u0161\u0101 miner\u0101la ietekme ar nier\u0113m un akn\u0101m) darbu, atvieglo meteo-atkar\u012bgo \u013cau\u017eu st\u0101vokli, nostiprina mugurkaulu, uzlabo dzirdi. Litoterapeiti uzskata, ka onikss \u0101rst\u0113 nervu saslim\u0161anas, depresiju, no\u0146em stresa negat\u012bvas sekas, atbr\u012bvo no bezmiega un nakts \u0161ausm\u0101m. Da\u017e\u0101s valst\u012bs uzskata, ka onikss ir sp\u0113j\u012bgs paaugstin\u0101t potenci. Miner\u0101\u013cu \u0101rstniecisko \u012bpa\u0161\u012bbu lietprat\u0113ji apgalvo, ka \u016bdens, kur\u0101 glab\u0101ts onikss, pal\u012bdz no aptauko\u0161an\u0101s, tas pazemina apet\u012bti. Ma\u0123isk\u0101s \u012bpa\u0161\u012bbas: Senaj\u0101 Rom\u0101 \u0161o akmeni uzskat\u012bja par vienu no visstipr\u0101kajiem aizsargiem. Daudzi magi un burvji apgalvo, ka oniksam ir milz\u012bgas ma\u0123isk\u0101s \u012bpa\u0161\u012bbas. Tom\u0113r tas s\u0101k iedarboties tikai taj\u0101 gad\u012bjum\u0101, ja cilv\u0113kam ir labi nodomi un laba sirds.Onikss ir padz\u012bvoju\u0161o \u013cau\u017eu akmens, kurus vi\u0146\u0161 sarg\u0101 no vientul\u012bbas, pal\u012bdz viegl\u0101k p\u0101rvar\u0113t nedienas un ar optimismu skat\u012bties uz n\u0101kotni. Savas \u012bpa\u0161\u012bbas oniks neatkl\u0101j uzreiz. S\u0101kum\u0101 akmens pierod pie sava \u012bpa\u0161nieka un tikai tad, kad p\u0101rliecin\u0101s, ka cilv\u0113kam ir laba sirds un nol\u016bki, s\u0101k pal\u012bdz\u0113t. Nav ieteicams d\u0101vin\u0101t dz\u012bvesbiedram rotas ar oniksu, jo past\u0101v liela varb\u016bt\u012bba nok\u013c\u016bt zem vi\u0146a &quot;tupeles&quot;. \u0160is miner\u0101ls \u012bpa\u0161i piest\u0101v \u013caud\u012bm, kas dzimu\u0161i Jaunavas z\u012bm\u0113, tas d\u0101v\u0101 Jaunav\u0101m sp\u0113ju \u0101tri sakr\u0101t labo ener\u0123iju un nes veiksmi. Onikss ir ah\u0101ta paveids &#8211; puscaursp\u012bd\u012bgs akmens ar balt\u0101m citas kr\u0101sas josl\u0101m. Onikss pal\u012bdz neitraliz\u0113t stresu, atg\u016bt emocion\u0101lo l\u012bdzsvaru un pa\u0161kontroli. Pielieto depresijas, bezmiega,nervu sist\u0113mas un sirds saslim\u0161anu gad\u012bjumos.Mazina s\u0101pes,samazina iekaisumu, palielina potenci,uzlabo dzirdi, atjauno un stiprina atmi\u0146u. Vado\u0146u un c\u012bn\u012bt\u0101ju akmens,jo tas pie\u0161\u0137ir varu p\u0101r citiem. Stiprina gar\u012bgi,vairo \u0123imenes laimi, pal\u012bdz atbr\u012bvoties no neizl\u0113m\u012bbas,nenoteikt\u012bbas, kautr\u012bbas un aizdom\u012bguma. Inij\u0101 uzskata par veiksmes simbolu,jo tam piem\u012bt sp\u0113ja absorb\u0113t lieko ener\u0123iju un ,koncentr\u0113jot bioener\u0123iju sev\u012b izvilkt slim\u012bbas,nomierin\u0101t un sniegt harmoniju. Onikss mazina s\u0101pes, kad to liek uz iekaisu\u0161aj\u0101s vietas. Joslainos, sv\u012btrainos oniksus ir izmantoju\u0161i, lai mazin\u0101tu s\u0101pes, akmeni turot uz s\u0101p\u012bg\u0101s vietas. Piem\u0113ram, koliku laik\u0101 var likt uz v\u0113dera. Onikss, iestr\u0101d\u0101ts sudrab\u0101, pal\u012bdz sirds s\u0101pju gad\u012bjumos un \u0101rst\u0113 bezmiegu. Oniksa rotu valk\u0101\u0161ana att\u012bsta valk\u0101t\u0101j\u0101 l\u012bdera dot\u012bbas. Nav ieteicams valk\u0101t kop\u0101 ar hrizol\u012btu, hrizopr\u0101zi, rub\u012bnu un avantur\u012bnu. Apvelta t\u0101 valk\u0101t\u0101ju ar atbild\u012bbu, pa\u0161p\u0101rliecin\u0101t\u012bbu, drosmi un sp\u0113ku Pal\u012bdz p\u0101rvar\u0113t lielus gar\u012bgus un fiziskus sasprindzin\u0101jumus, ce\u013c pa\u0161kontroli Pal\u012bdz koncentr\u0113t ener\u0123iju un pacelt to augst\u0101k\u0101 l\u012bmen\u012b Att\u012bra negat\u012bv\u0101s emocijas Noder\u012bgs darbam ar iepriek\u0161\u0113j\u0101m dz\u012bv\u0113m, lai sadzied\u0113tu vec\u0101s r\u0113tas Var lietot lai klied\u0113tu b\u0113das un skumjas Pal\u012bdz uz\u0146emt Visuma ener\u0123iju Lieto aizsardz\u012bbas ritu\u0101los, k\u0101 ar\u012b negat\u012bvu viedok\u013cu un cilv\u0113ku atlai\u0161anai no j\u016bsu dz\u012bves \u0100rstniecisk\u0101s \u012bpa\u0161\u012bbas Labv\u0113l\u012bgi ietekm\u0113 zobus, kaulus, kaulu smadzenes<\/p>\n","protected":false},"excerpt":{"rendered":"<p>Onikss (melnais) \u2013 pa\u0161kontroles, iezem\u0113\u0161anas akmens (oniksa variet\u0101te ir sardonikss). Iepludina dabas ener\u0123ijas, sniedz liel\u0101ku iedvesmu un nodro\u0161ina objektivit\u0101ti. Pal\u012bdz<\/p>\n","protected":false},"featured_media":10295,"template":"","meta":[],"product_brand":[],"product_cat":[2293,2294],"product_tag":[],"class_list":{"0":"post-34541","1":"product","2":"type-product","3":"status-publish","4":"has-post-thumbnail","6":"product_cat-dabiskie-akmeni-rokasspradzess-auskari-gredzeni-lv","7":"product_cat-rokasspradzes-lv-lv-2","9":"first","10":"outofstock","11":"taxable","12":"shipping-taxable","13":"purchasable","14":"product-type-simple"},"yoast_head":"<!-- This site is optimized with the Yoast SEO Premium plugin v27.0 (Yoast SEO v27.0) - https:\/\/yoast.com\/product\/yoast-seo-premium-wordpress\/ -->\n<title>6 mm Rokasspr\u0101dze 108 Reiki \u010dakras dabiks Oniks Flower - cosmetic.lv<\/title>\n<meta name=\"robots\" content=\"index, follow, max-snippet:-1, max-image-preview:large, max-video-preview:-1\" \/>\n<link rel=\"canonical\" href=\"https:\/\/cosmetic.lv\/lv\/product\/6-mm-rokasspradze-108-reiki-cakras-dabiks-oniks-flower\/\" \/>\n<meta property=\"og:locale\" content=\"lv_LV\" \/>\n<meta property=\"og:type\" content=\"article\" \/>\n<meta property=\"og:title\" content=\"6 mm Rokasspr\u0101dze 108 Reiki \u010dakras dabiks Oniks Flower\" \/>\n<meta property=\"og:description\" content=\"Onikss (melnais) \u2013 pa\u0161kontroles, iezem\u0113\u0161anas akmens (oniksa variet\u0101te ir sardonikss). Iepludina dabas ener\u0123ijas, sniedz liel\u0101ku iedvesmu un nodro\u0161ina objektivit\u0101ti. Pal\u012bdz\" \/>\n<meta property=\"og:url\" content=\"https:\/\/cosmetic.lv\/lv\/product\/6-mm-rokasspradze-108-reiki-cakras-dabiks-oniks-flower\/\" \/>\n<meta property=\"og:site_name\" content=\"cosmetic.lv\" \/>\n<meta property=\"article:publisher\" content=\"https:\/\/www.facebook.com\/cosmetic.lv\/\" \/>\n<meta property=\"article:modified_time\" content=\"2021-02-06T17:54:22+00:00\" \/>\n<meta property=\"og:image\" content=\"https:\/\/cosmetic.lv\/wp-content\/uploads\/2021\/02\/img_7133.jpg\" \/>\n\t<meta property=\"og:image:width\" content=\"800\" \/>\n\t<meta property=\"og:image:height\" content=\"514\" \/>\n\t<meta property=\"og:image:type\" content=\"image\/jpeg\" \/>\n<meta name=\"twitter:card\" content=\"summary_large_image\" \/>\n<script type=\"application\/ld+json\" class=\"yoast-schema-graph\">{\"@context\":\"https:\/\/schema.org\",\"@graph\":[{\"@type\":\"WebPage\",\"@id\":\"https:\/\/cosmetic.lv\/lv\/product\/6-mm-rokasspradze-108-reiki-cakras-dabiks-oniks-flower\/\",\"url\":\"https:\/\/cosmetic.lv\/lv\/product\/6-mm-rokasspradze-108-reiki-cakras-dabiks-oniks-flower\/\",\"name\":\"6 mm Rokasspr\u0101dze 108 Reiki \u010dakras dabiks Oniks Flower - cosmetic.lv\",\"isPartOf\":{\"@id\":\"https:\/\/cosmetic.lv\/lv\/#website\"},\"primaryImageOfPage\":{\"@id\":\"https:\/\/cosmetic.lv\/lv\/product\/6-mm-rokasspradze-108-reiki-cakras-dabiks-oniks-flower\/#primaryimage\"},\"image\":{\"@id\":\"https:\/\/cosmetic.lv\/lv\/product\/6-mm-rokasspradze-108-reiki-cakras-dabiks-oniks-flower\/#primaryimage\"},\"thumbnailUrl\":\"https:\/\/cosmetic.lv\/wp-content\/uploads\/2021\/02\/img_7133.jpg\",\"datePublished\":\"2021-02-06T17:54:17+00:00\",\"dateModified\":\"2021-02-06T17:54:22+00:00\",\"breadcrumb\":{\"@id\":\"https:\/\/cosmetic.lv\/lv\/product\/6-mm-rokasspradze-108-reiki-cakras-dabiks-oniks-flower\/#breadcrumb\"},\"inLanguage\":\"lv-LV\",\"potentialAction\":[{\"@type\":\"ReadAction\",\"target\":[\"https:\/\/cosmetic.lv\/lv\/product\/6-mm-rokasspradze-108-reiki-cakras-dabiks-oniks-flower\/\"]}]},{\"@type\":\"ImageObject\",\"inLanguage\":\"lv-LV\",\"@id\":\"https:\/\/cosmetic.lv\/lv\/product\/6-mm-rokasspradze-108-reiki-cakras-dabiks-oniks-flower\/#primaryimage\",\"url\":\"https:\/\/cosmetic.lv\/wp-content\/uploads\/2021\/02\/img_7133.jpg\",\"contentUrl\":\"https:\/\/cosmetic.lv\/wp-content\/uploads\/2021\/02\/img_7133.jpg\",\"width\":800,\"height\":514,\"caption\":\"IMG_7133.JPG\"},{\"@type\":\"BreadcrumbList\",\"@id\":\"https:\/\/cosmetic.lv\/lv\/product\/6-mm-rokasspradze-108-reiki-cakras-dabiks-oniks-flower\/#breadcrumb\",\"itemListElement\":[{\"@type\":\"ListItem\",\"position\":1,\"name\":\"Home\",\"item\":\"https:\/\/cosmetic.lv\/lv\/\"},{\"@type\":\"ListItem\",\"position\":2,\"name\":\"Veikals\",\"item\":\"https:\/\/cosmetic.lv\/lv\/veiklas\/\"},{\"@type\":\"ListItem\",\"position\":3,\"name\":\"6 mm Rokasspr\u0101dze 108 Reiki \u010dakras dabiks Oniks Flower\"}]},{\"@type\":\"WebSite\",\"@id\":\"https:\/\/cosmetic.lv\/lv\/#website\",\"url\":\"https:\/\/cosmetic.lv\/lv\/\",\"name\":\"cosmetic.lv\",\"description\":\"Profesion\u0101la kosm\u0113tika - Maria Galland, Keune, Arkadija, GMT, Guam, Magiray\",\"publisher\":{\"@id\":\"https:\/\/cosmetic.lv\/lv\/#organization\"},\"potentialAction\":[{\"@type\":\"SearchAction\",\"target\":{\"@type\":\"EntryPoint\",\"urlTemplate\":\"https:\/\/cosmetic.lv\/lv\/?s={search_term_string}\"},\"query-input\":{\"@type\":\"PropertyValueSpecification\",\"valueRequired\":true,\"valueName\":\"search_term_string\"}}],\"inLanguage\":\"lv-LV\"},{\"@type\":\"Organization\",\"@id\":\"https:\/\/cosmetic.lv\/lv\/#organization\",\"name\":\"COSMETIC.LV\",\"url\":\"https:\/\/cosmetic.lv\/lv\/\",\"logo\":{\"@type\":\"ImageObject\",\"inLanguage\":\"lv-LV\",\"@id\":\"https:\/\/cosmetic.lv\/lv\/#\/schema\/logo\/image\/\",\"url\":\"https:\/\/cosmetic.lv\/wp-content\/uploads\/2021\/02\/cosmetic.lv_logo.jpg\",\"contentUrl\":\"https:\/\/cosmetic.lv\/wp-content\/uploads\/2021\/02\/cosmetic.lv_logo.jpg\",\"width\":596,\"height\":196,\"caption\":\"COSMETIC.LV\"},\"image\":{\"@id\":\"https:\/\/cosmetic.lv\/lv\/#\/schema\/logo\/image\/\"},\"sameAs\":[\"https:\/\/www.facebook.com\/cosmetic.lv\/\"]}]}<\/script>\n<meta property=\"product:price:amount\" content=\"13.01\" \/>\n<meta property=\"product:price:currency\" content=\"EUR\" \/>\n<meta property=\"og:availability\" content=\"out of stock\" \/>\n<meta property=\"product:availability\" content=\"out of stock\" \/>\n<meta property=\"product:retailer_item_id\" content=\"onik\" \/>\n<meta property=\"product:condition\" content=\"new\" \/>\n<!-- \/ Yoast SEO Premium plugin. -->","yoast_head_json":{"title":"6 mm Rokasspr\u0101dze 108 Reiki \u010dakras dabiks Oniks Flower - cosmetic.lv","robots":{"index":"index","follow":"follow","max-snippet":"max-snippet:-1","max-image-preview":"max-image-preview:large","max-video-preview":"max-video-preview:-1"},"canonical":"https:\/\/cosmetic.lv\/lv\/product\/6-mm-rokasspradze-108-reiki-cakras-dabiks-oniks-flower\/","og_locale":"lv_LV","og_type":"article","og_title":"6 mm Rokasspr\u0101dze 108 Reiki \u010dakras dabiks Oniks Flower","og_description":"Onikss (melnais) \u2013 pa\u0161kontroles, iezem\u0113\u0161anas akmens (oniksa variet\u0101te ir sardonikss). Iepludina dabas ener\u0123ijas, sniedz liel\u0101ku iedvesmu un nodro\u0161ina objektivit\u0101ti. Pal\u012bdz","og_url":"https:\/\/cosmetic.lv\/lv\/product\/6-mm-rokasspradze-108-reiki-cakras-dabiks-oniks-flower\/","og_site_name":"cosmetic.lv","article_publisher":"https:\/\/www.facebook.com\/cosmetic.lv\/","article_modified_time":"2021-02-06T17:54:22+00:00","og_image":[{"width":800,"height":514,"url":"https:\/\/cosmetic.lv\/wp-content\/uploads\/2021\/02\/img_7133.jpg","type":"image\/jpeg"}],"twitter_card":"summary_large_image","schema":{"@context":"https:\/\/schema.org","@graph":[{"@type":"WebPage","@id":"https:\/\/cosmetic.lv\/lv\/product\/6-mm-rokasspradze-108-reiki-cakras-dabiks-oniks-flower\/","url":"https:\/\/cosmetic.lv\/lv\/product\/6-mm-rokasspradze-108-reiki-cakras-dabiks-oniks-flower\/","name":"6 mm Rokasspr\u0101dze 108 Reiki \u010dakras dabiks Oniks Flower - cosmetic.lv","isPartOf":{"@id":"https:\/\/cosmetic.lv\/lv\/#website"},"primaryImageOfPage":{"@id":"https:\/\/cosmetic.lv\/lv\/product\/6-mm-rokasspradze-108-reiki-cakras-dabiks-oniks-flower\/#primaryimage"},"image":{"@id":"https:\/\/cosmetic.lv\/lv\/product\/6-mm-rokasspradze-108-reiki-cakras-dabiks-oniks-flower\/#primaryimage"},"thumbnailUrl":"https:\/\/cosmetic.lv\/wp-content\/uploads\/2021\/02\/img_7133.jpg","datePublished":"2021-02-06T17:54:17+00:00","dateModified":"2021-02-06T17:54:22+00:00","breadcrumb":{"@id":"https:\/\/cosmetic.lv\/lv\/product\/6-mm-rokasspradze-108-reiki-cakras-dabiks-oniks-flower\/#breadcrumb"},"inLanguage":"lv-LV","potentialAction":[{"@type":"ReadAction","target":["https:\/\/cosmetic.lv\/lv\/product\/6-mm-rokasspradze-108-reiki-cakras-dabiks-oniks-flower\/"]}]},{"@type":"ImageObject","inLanguage":"lv-LV","@id":"https:\/\/cosmetic.lv\/lv\/product\/6-mm-rokasspradze-108-reiki-cakras-dabiks-oniks-flower\/#primaryimage","url":"https:\/\/cosmetic.lv\/wp-content\/uploads\/2021\/02\/img_7133.jpg","contentUrl":"https:\/\/cosmetic.lv\/wp-content\/uploads\/2021\/02\/img_7133.jpg","width":800,"height":514,"caption":"IMG_7133.JPG"},{"@type":"BreadcrumbList","@id":"https:\/\/cosmetic.lv\/lv\/product\/6-mm-rokasspradze-108-reiki-cakras-dabiks-oniks-flower\/#breadcrumb","itemListElement":[{"@type":"ListItem","position":1,"name":"Home","item":"https:\/\/cosmetic.lv\/lv\/"},{"@type":"ListItem","position":2,"name":"Veikals","item":"https:\/\/cosmetic.lv\/lv\/veiklas\/"},{"@type":"ListItem","position":3,"name":"6 mm Rokasspr\u0101dze 108 Reiki \u010dakras dabiks Oniks Flower"}]},{"@type":"WebSite","@id":"https:\/\/cosmetic.lv\/lv\/#website","url":"https:\/\/cosmetic.lv\/lv\/","name":"cosmetic.lv","description":"Profesion\u0101la kosm\u0113tika - Maria Galland, Keune, Arkadija, GMT, Guam, Magiray","publisher":{"@id":"https:\/\/cosmetic.lv\/lv\/#organization"},"potentialAction":[{"@type":"SearchAction","target":{"@type":"EntryPoint","urlTemplate":"https:\/\/cosmetic.lv\/lv\/?s={search_term_string}"},"query-input":{"@type":"PropertyValueSpecification","valueRequired":true,"valueName":"search_term_string"}}],"inLanguage":"lv-LV"},{"@type":"Organization","@id":"https:\/\/cosmetic.lv\/lv\/#organization","name":"COSMETIC.LV","url":"https:\/\/cosmetic.lv\/lv\/","logo":{"@type":"ImageObject","inLanguage":"lv-LV","@id":"https:\/\/cosmetic.lv\/lv\/#\/schema\/logo\/image\/","url":"https:\/\/cosmetic.lv\/wp-content\/uploads\/2021\/02\/cosmetic.lv_logo.jpg","contentUrl":"https:\/\/cosmetic.lv\/wp-content\/uploads\/2021\/02\/cosmetic.lv_logo.jpg","width":596,"height":196,"caption":"COSMETIC.LV"},"image":{"@id":"https:\/\/cosmetic.lv\/lv\/#\/schema\/logo\/image\/"},"sameAs":["https:\/\/www.facebook.com\/cosmetic.lv\/"]}]},"product_price_amount":"13.01","product_price_currency":"EUR","og_availability":"out of stock","product_availability":"out of stock","product_retailer_item_id":"onik","product_condition":"new"},"_links":{"self":[{"href":"https:\/\/cosmetic.lv\/lv\/wp-json\/wp\/v2\/product\/34541","targetHints":{"allow":["GET"]}}],"collection":[{"href":"https:\/\/cosmetic.lv\/lv\/wp-json\/wp\/v2\/product"}],"about":[{"href":"https:\/\/cosmetic.lv\/lv\/wp-json\/wp\/v2\/types\/product"}],"wp:featuredmedia":[{"embeddable":true,"href":"https:\/\/cosmetic.lv\/lv\/wp-json\/wp\/v2\/media\/10295"}],"wp:attachment":[{"href":"https:\/\/cosmetic.lv\/lv\/wp-json\/wp\/v2\/media?parent=34541"}],"wp:term":[{"taxonomy":"product_brand","embeddable":true,"href":"https:\/\/cosmetic.lv\/lv\/wp-json\/wp\/v2\/product_brand?post=34541"},{"taxonomy":"product_cat","embeddable":true,"href":"https:\/\/cosmetic.lv\/lv\/wp-json\/wp\/v2\/product_cat?post=34541"},{"taxonomy":"product_tag","embeddable":true,"href":"https:\/\/cosmetic.lv\/lv\/wp-json\/wp\/v2\/product_tag?post=34541"}],"curies":[{"name":"wp","href":"https:\/\/api.w.org\/{rel}","templated":true}]}}