{"id":34555,"date":"2021-02-05T22:42:50","date_gmt":"2021-02-06T17:54:32","guid":{"rendered":"https:\/\/damme.lv\/product\/aplikators-kuznecova-50h75sm-384-modelis\/"},"modified":"2021-02-06T19:54:33","modified_gmt":"2021-02-06T17:54:33","slug":"aplikators-kuznecova-50h75sm-384-modelis","status":"publish","type":"product","link":"https:\/\/cosmetic.lv\/lv\/product\/aplikators-kuznecova-50h75sm-384-modelis\/","title":{"rendered":"Aplik\u0101tors Kuznecova 50\u044575\u0441\u043c &#8211; 384 MODELIS"},"content":{"rendered":"<p>Izm\u0113rs: 500 x 750 mm Adatu aplikatoram ir reflekss iedarb\u012bba (adatu ietekme uz nervu galiem). \u0160\u012b iedarb\u012bba \u013cauj sasniegt liel\u0101ku efektivit\u0101ti \u0101rst\u0113\u0161an\u0101, kas izce\u013c \u0161o produktu. Aplikatora adatu modu\u013ci ietekm\u0113 nervu galus un s\u0101pju receptorus, kas atvieglo asinsvadu un kapil\u0101ru atv\u0113r\u0161anos, palielina asins pl\u016bsmu lieto\u0161anas zon\u0101. Ar akupres\u016bras mas\u0101\u017eas ietekmi tiek nov\u0113rstas s\u0101p\u012bgas saj\u016btas, samazin\u0101s musku\u013cu spriedze lieto\u0161anas zon\u0101, atjaunojas audu un musku\u013cu tonuss. Tehniskie parametri Adatu aplikators ir apa\u013ca formas plastmasas modulis ar adat\u0101m. Modu\u013ci 384 gabalos tiek fiks\u0113ti (knied\u0113\u0161anas) uz auduma un tiek pieg\u0101d\u0101ti adatu mat\u0101. Pielietojuma k\u0101rt\u012bba: pieteik\u0161an\u0101s proced\u016bra tiek veikta pacienta komforta temperat\u016br\u0101. Aplikatoru bie\u017ei izmanto viet\u0113ji, t.i. tie\u0161i uz patolo\u0123isk\u0101 procesa vietu, piem\u0113ram, s\u0101po\u0161s sindroms vai \u0101das laukumi, kas atrodas tie\u0161i virs iek\u0161\u0113jiem org\u0101niem, loc\u012btav\u0101m, musku\u013ciem. Aplikators tiek nospiests pret \u0101das virsmu ar rok\u0101m vai ar elast\u012bgu saiti. Ietekme uz dzemdes kakla, kr\u016b\u0161u kurvja un muguras lejasda\u013cu ir saist\u012bta ar pacienta svara meh\u0101nisko spiedienu uz aplikatora. Pak\u013caujot mugurai, proced\u016bru var veikt ar m\u012bkstu (s\u0101kum\u0101) un p\u0113c tam uz cietas pamatnes, vienm\u0113r\u012bgi sadalot \u0137erme\u0146a svaru vis\u0101 aplikatora laukum\u0101. Lai pan\u0101ktu izteikt\u0101ku iedarb\u012bbu lieto\u0161anas laik\u0101, ir v\u0113lams veikt kust\u012bbas, kas izraisa musku\u013cu kontrakciju un relaks\u0101ciju. Spiediena sp\u0113ks j\u0101nodro\u0161ina, lai aplikators virz\u012btu s\u0101pju tolerances robe\u017e\u0101s, un parasti tam pievieno siltuma saj\u016btu vai dedzino\u0161u saj\u016btu. Siltuma saj\u016btas nor\u0101da uz augstu trieciena efektivit\u0101ti. Pacienta st\u0101voklis proced\u016bras laik\u0101 ir p\u0113c iesp\u0113jas \u0113rt\u0101ks un \u0113rt\u0101ks. Proced\u016bras ilgums var b\u016bt no 15 l\u012bdz 35 min\u016bt\u0113m, atkar\u012bb\u0101 no slim\u012bbas veida. \u0100rst\u0113\u0161anas kursa ilgums ir 10-15 proced\u016bras. Lai nov\u0113rstu skeleta-musku\u013cu sist\u0113mas slim\u012bbas un normaliz\u0113tu sirds un asinsvadu, elpo\u0161anas un nervu sist\u0113mu darb\u012bbu, ieteicams lietot pieteikumus ilgu laiku. KONTRINDIK\u0100CIJAS: t\u0101pat k\u0101 ar mas\u0101\u017eu: audz\u0113ji, pustulozes \u0101das slim\u012bbas, trombofleb\u012bts.<\/p>\n","protected":false},"excerpt":{"rendered":"<p>Izm\u0113rs: 500 x 750 mm Adatu aplikatoram ir reflekss iedarb\u012bba (adatu ietekme uz nervu galiem). \u0160\u012b iedarb\u012bba \u013cauj sasniegt liel\u0101ku<\/p>\n","protected":false},"featured_media":16819,"template":"","meta":[],"product_brand":[],"product_cat":[2231,2235],"product_tag":[],"class_list":{"0":"post-34555","1":"product","2":"type-product","3":"status-publish","4":"has-post-thumbnail","6":"product_cat-atveselojosas-preces-lv","7":"product_cat-kermenim-lv","9":"first","10":"outofstock","11":"taxable","12":"shipping-taxable","13":"purchasable","14":"product-type-simple"},"yoast_head":"<!-- This site is optimized with the Yoast SEO Premium plugin v27.0 (Yoast SEO v27.0) - https:\/\/yoast.com\/product\/yoast-seo-premium-wordpress\/ -->\n<title>Aplik\u0101tors Kuznecova 50\u044575\u0441\u043c - 384 MODELIS - cosmetic.lv<\/title>\n<meta name=\"robots\" content=\"index, follow, max-snippet:-1, max-image-preview:large, max-video-preview:-1\" \/>\n<link rel=\"canonical\" href=\"https:\/\/cosmetic.lv\/lv\/product\/aplikators-kuznecova-50h75sm-384-modelis\/\" \/>\n<meta property=\"og:locale\" content=\"lv_LV\" \/>\n<meta property=\"og:type\" content=\"article\" \/>\n<meta property=\"og:title\" content=\"Aplik\u0101tors Kuznecova 50\u044575\u0441\u043c - 384 MODELIS\" \/>\n<meta property=\"og:description\" content=\"Izm\u0113rs: 500 x 750 mm Adatu aplikatoram ir reflekss iedarb\u012bba (adatu ietekme uz nervu galiem). \u0160\u012b iedarb\u012bba \u013cauj sasniegt liel\u0101ku\" \/>\n<meta property=\"og:url\" content=\"https:\/\/cosmetic.lv\/lv\/product\/aplikators-kuznecova-50h75sm-384-modelis\/\" \/>\n<meta property=\"og:site_name\" content=\"cosmetic.lv\" \/>\n<meta property=\"article:publisher\" content=\"https:\/\/www.facebook.com\/cosmetic.lv\/\" \/>\n<meta property=\"article:modified_time\" content=\"2021-02-06T17:54:33+00:00\" \/>\n<meta property=\"og:image\" content=\"https:\/\/cosmetic.lv\/wp-content\/uploads\/2021\/02\/applikator-igolchatyj-152-ipplikator-kuznecova-4.jpg\" \/>\n\t<meta property=\"og:image:width\" content=\"595\" \/>\n\t<meta property=\"og:image:height\" content=\"448\" \/>\n\t<meta property=\"og:image:type\" content=\"image\/jpeg\" \/>\n<meta name=\"twitter:card\" content=\"summary_large_image\" \/>\n<script type=\"application\/ld+json\" class=\"yoast-schema-graph\">{\"@context\":\"https:\/\/schema.org\",\"@graph\":[{\"@type\":\"WebPage\",\"@id\":\"https:\/\/cosmetic.lv\/lv\/product\/aplikators-kuznecova-50h75sm-384-modelis\/\",\"url\":\"https:\/\/cosmetic.lv\/lv\/product\/aplikators-kuznecova-50h75sm-384-modelis\/\",\"name\":\"Aplik\u0101tors Kuznecova 50\u044575\u0441\u043c - 384 MODELIS - cosmetic.lv\",\"isPartOf\":{\"@id\":\"https:\/\/cosmetic.lv\/lv\/#website\"},\"primaryImageOfPage\":{\"@id\":\"https:\/\/cosmetic.lv\/lv\/product\/aplikators-kuznecova-50h75sm-384-modelis\/#primaryimage\"},\"image\":{\"@id\":\"https:\/\/cosmetic.lv\/lv\/product\/aplikators-kuznecova-50h75sm-384-modelis\/#primaryimage\"},\"thumbnailUrl\":\"https:\/\/cosmetic.lv\/wp-content\/uploads\/2021\/02\/applikator-igolchatyj-152-ipplikator-kuznecova-4.jpg\",\"datePublished\":\"2021-02-06T17:54:32+00:00\",\"dateModified\":\"2021-02-06T17:54:33+00:00\",\"breadcrumb\":{\"@id\":\"https:\/\/cosmetic.lv\/lv\/product\/aplikators-kuznecova-50h75sm-384-modelis\/#breadcrumb\"},\"inLanguage\":\"lv-LV\",\"potentialAction\":[{\"@type\":\"ReadAction\",\"target\":[\"https:\/\/cosmetic.lv\/lv\/product\/aplikators-kuznecova-50h75sm-384-modelis\/\"]}]},{\"@type\":\"ImageObject\",\"inLanguage\":\"lv-LV\",\"@id\":\"https:\/\/cosmetic.lv\/lv\/product\/aplikators-kuznecova-50h75sm-384-modelis\/#primaryimage\",\"url\":\"https:\/\/cosmetic.lv\/wp-content\/uploads\/2021\/02\/applikator-igolchatyj-152-ipplikator-kuznecova-4.jpg\",\"contentUrl\":\"https:\/\/cosmetic.lv\/wp-content\/uploads\/2021\/02\/applikator-igolchatyj-152-ipplikator-kuznecova-4.jpg\",\"width\":595,\"height\":448,\"caption\":\"applikator-igolchatyj-152-ipplikator-kuznecova.jpg\"},{\"@type\":\"BreadcrumbList\",\"@id\":\"https:\/\/cosmetic.lv\/lv\/product\/aplikators-kuznecova-50h75sm-384-modelis\/#breadcrumb\",\"itemListElement\":[{\"@type\":\"ListItem\",\"position\":1,\"name\":\"Home\",\"item\":\"https:\/\/cosmetic.lv\/lv\/\"},{\"@type\":\"ListItem\",\"position\":2,\"name\":\"Veikals\",\"item\":\"https:\/\/cosmetic.lv\/lv\/veiklas\/\"},{\"@type\":\"ListItem\",\"position\":3,\"name\":\"Aplik\u0101tors Kuznecova 50\u044575\u0441\u043c &#8212; 384 MODELIS\"}]},{\"@type\":\"WebSite\",\"@id\":\"https:\/\/cosmetic.lv\/lv\/#website\",\"url\":\"https:\/\/cosmetic.lv\/lv\/\",\"name\":\"cosmetic.lv\",\"description\":\"Profesion\u0101la kosm\u0113tika - Maria Galland, Keune, Arkadija, GMT, Guam, Magiray\",\"publisher\":{\"@id\":\"https:\/\/cosmetic.lv\/lv\/#organization\"},\"potentialAction\":[{\"@type\":\"SearchAction\",\"target\":{\"@type\":\"EntryPoint\",\"urlTemplate\":\"https:\/\/cosmetic.lv\/lv\/?s={search_term_string}\"},\"query-input\":{\"@type\":\"PropertyValueSpecification\",\"valueRequired\":true,\"valueName\":\"search_term_string\"}}],\"inLanguage\":\"lv-LV\"},{\"@type\":\"Organization\",\"@id\":\"https:\/\/cosmetic.lv\/lv\/#organization\",\"name\":\"COSMETIC.LV\",\"url\":\"https:\/\/cosmetic.lv\/lv\/\",\"logo\":{\"@type\":\"ImageObject\",\"inLanguage\":\"lv-LV\",\"@id\":\"https:\/\/cosmetic.lv\/lv\/#\/schema\/logo\/image\/\",\"url\":\"https:\/\/cosmetic.lv\/wp-content\/uploads\/2021\/02\/cosmetic.lv_logo.jpg\",\"contentUrl\":\"https:\/\/cosmetic.lv\/wp-content\/uploads\/2021\/02\/cosmetic.lv_logo.jpg\",\"width\":596,\"height\":196,\"caption\":\"COSMETIC.LV\"},\"image\":{\"@id\":\"https:\/\/cosmetic.lv\/lv\/#\/schema\/logo\/image\/\"},\"sameAs\":[\"https:\/\/www.facebook.com\/cosmetic.lv\/\"]}]}<\/script>\n<meta property=\"product:price:amount\" content=\"27.00\" \/>\n<meta property=\"product:price:currency\" content=\"EUR\" \/>\n<meta property=\"og:availability\" content=\"out of stock\" \/>\n<meta property=\"product:availability\" content=\"out of stock\" \/>\n<meta property=\"product:retailer_item_id\" content=\"kuzn\" \/>\n<meta property=\"product:condition\" content=\"new\" \/>\n<!-- \/ Yoast SEO Premium plugin. -->","yoast_head_json":{"title":"Aplik\u0101tors Kuznecova 50\u044575\u0441\u043c - 384 MODELIS - cosmetic.lv","robots":{"index":"index","follow":"follow","max-snippet":"max-snippet:-1","max-image-preview":"max-image-preview:large","max-video-preview":"max-video-preview:-1"},"canonical":"https:\/\/cosmetic.lv\/lv\/product\/aplikators-kuznecova-50h75sm-384-modelis\/","og_locale":"lv_LV","og_type":"article","og_title":"Aplik\u0101tors Kuznecova 50\u044575\u0441\u043c - 384 MODELIS","og_description":"Izm\u0113rs: 500 x 750 mm Adatu aplikatoram ir reflekss iedarb\u012bba (adatu ietekme uz nervu galiem). \u0160\u012b iedarb\u012bba \u013cauj sasniegt liel\u0101ku","og_url":"https:\/\/cosmetic.lv\/lv\/product\/aplikators-kuznecova-50h75sm-384-modelis\/","og_site_name":"cosmetic.lv","article_publisher":"https:\/\/www.facebook.com\/cosmetic.lv\/","article_modified_time":"2021-02-06T17:54:33+00:00","og_image":[{"width":595,"height":448,"url":"https:\/\/cosmetic.lv\/wp-content\/uploads\/2021\/02\/applikator-igolchatyj-152-ipplikator-kuznecova-4.jpg","type":"image\/jpeg"}],"twitter_card":"summary_large_image","schema":{"@context":"https:\/\/schema.org","@graph":[{"@type":"WebPage","@id":"https:\/\/cosmetic.lv\/lv\/product\/aplikators-kuznecova-50h75sm-384-modelis\/","url":"https:\/\/cosmetic.lv\/lv\/product\/aplikators-kuznecova-50h75sm-384-modelis\/","name":"Aplik\u0101tors Kuznecova 50\u044575\u0441\u043c - 384 MODELIS - cosmetic.lv","isPartOf":{"@id":"https:\/\/cosmetic.lv\/lv\/#website"},"primaryImageOfPage":{"@id":"https:\/\/cosmetic.lv\/lv\/product\/aplikators-kuznecova-50h75sm-384-modelis\/#primaryimage"},"image":{"@id":"https:\/\/cosmetic.lv\/lv\/product\/aplikators-kuznecova-50h75sm-384-modelis\/#primaryimage"},"thumbnailUrl":"https:\/\/cosmetic.lv\/wp-content\/uploads\/2021\/02\/applikator-igolchatyj-152-ipplikator-kuznecova-4.jpg","datePublished":"2021-02-06T17:54:32+00:00","dateModified":"2021-02-06T17:54:33+00:00","breadcrumb":{"@id":"https:\/\/cosmetic.lv\/lv\/product\/aplikators-kuznecova-50h75sm-384-modelis\/#breadcrumb"},"inLanguage":"lv-LV","potentialAction":[{"@type":"ReadAction","target":["https:\/\/cosmetic.lv\/lv\/product\/aplikators-kuznecova-50h75sm-384-modelis\/"]}]},{"@type":"ImageObject","inLanguage":"lv-LV","@id":"https:\/\/cosmetic.lv\/lv\/product\/aplikators-kuznecova-50h75sm-384-modelis\/#primaryimage","url":"https:\/\/cosmetic.lv\/wp-content\/uploads\/2021\/02\/applikator-igolchatyj-152-ipplikator-kuznecova-4.jpg","contentUrl":"https:\/\/cosmetic.lv\/wp-content\/uploads\/2021\/02\/applikator-igolchatyj-152-ipplikator-kuznecova-4.jpg","width":595,"height":448,"caption":"applikator-igolchatyj-152-ipplikator-kuznecova.jpg"},{"@type":"BreadcrumbList","@id":"https:\/\/cosmetic.lv\/lv\/product\/aplikators-kuznecova-50h75sm-384-modelis\/#breadcrumb","itemListElement":[{"@type":"ListItem","position":1,"name":"Home","item":"https:\/\/cosmetic.lv\/lv\/"},{"@type":"ListItem","position":2,"name":"Veikals","item":"https:\/\/cosmetic.lv\/lv\/veiklas\/"},{"@type":"ListItem","position":3,"name":"Aplik\u0101tors Kuznecova 50\u044575\u0441\u043c &#8212; 384 MODELIS"}]},{"@type":"WebSite","@id":"https:\/\/cosmetic.lv\/lv\/#website","url":"https:\/\/cosmetic.lv\/lv\/","name":"cosmetic.lv","description":"Profesion\u0101la kosm\u0113tika - Maria Galland, Keune, Arkadija, GMT, Guam, Magiray","publisher":{"@id":"https:\/\/cosmetic.lv\/lv\/#organization"},"potentialAction":[{"@type":"SearchAction","target":{"@type":"EntryPoint","urlTemplate":"https:\/\/cosmetic.lv\/lv\/?s={search_term_string}"},"query-input":{"@type":"PropertyValueSpecification","valueRequired":true,"valueName":"search_term_string"}}],"inLanguage":"lv-LV"},{"@type":"Organization","@id":"https:\/\/cosmetic.lv\/lv\/#organization","name":"COSMETIC.LV","url":"https:\/\/cosmetic.lv\/lv\/","logo":{"@type":"ImageObject","inLanguage":"lv-LV","@id":"https:\/\/cosmetic.lv\/lv\/#\/schema\/logo\/image\/","url":"https:\/\/cosmetic.lv\/wp-content\/uploads\/2021\/02\/cosmetic.lv_logo.jpg","contentUrl":"https:\/\/cosmetic.lv\/wp-content\/uploads\/2021\/02\/cosmetic.lv_logo.jpg","width":596,"height":196,"caption":"COSMETIC.LV"},"image":{"@id":"https:\/\/cosmetic.lv\/lv\/#\/schema\/logo\/image\/"},"sameAs":["https:\/\/www.facebook.com\/cosmetic.lv\/"]}]},"product_price_amount":"27.00","product_price_currency":"EUR","og_availability":"out of stock","product_availability":"out of stock","product_retailer_item_id":"kuzn","product_condition":"new"},"_links":{"self":[{"href":"https:\/\/cosmetic.lv\/lv\/wp-json\/wp\/v2\/product\/34555","targetHints":{"allow":["GET"]}}],"collection":[{"href":"https:\/\/cosmetic.lv\/lv\/wp-json\/wp\/v2\/product"}],"about":[{"href":"https:\/\/cosmetic.lv\/lv\/wp-json\/wp\/v2\/types\/product"}],"wp:featuredmedia":[{"embeddable":true,"href":"https:\/\/cosmetic.lv\/lv\/wp-json\/wp\/v2\/media\/16819"}],"wp:attachment":[{"href":"https:\/\/cosmetic.lv\/lv\/wp-json\/wp\/v2\/media?parent=34555"}],"wp:term":[{"taxonomy":"product_brand","embeddable":true,"href":"https:\/\/cosmetic.lv\/lv\/wp-json\/wp\/v2\/product_brand?post=34555"},{"taxonomy":"product_cat","embeddable":true,"href":"https:\/\/cosmetic.lv\/lv\/wp-json\/wp\/v2\/product_cat?post=34555"},{"taxonomy":"product_tag","embeddable":true,"href":"https:\/\/cosmetic.lv\/lv\/wp-json\/wp\/v2\/product_tag?post=34555"}],"curies":[{"name":"wp","href":"https:\/\/api.w.org\/{rel}","templated":true}]}}