{"id":34560,"date":"2021-02-05T22:42:50","date_gmt":"2021-02-06T17:54:32","guid":{"rendered":"https:\/\/damme.lv\/product\/ivan-originala-ugunspuku-teja-35g\/"},"modified":"2021-02-06T19:54:36","modified_gmt":"2021-02-06T17:54:36","slug":"ivan-originala-ugunspuku-teja-35g","status":"publish","type":"product","link":"https:\/\/cosmetic.lv\/lv\/product\/ivan-originala-ugunspuku-teja-35g\/","title":{"rendered":"Ivan ori\u0123in\u0101l\u0101 Ugunspu\u0137u t\u0113ja 35g"},"content":{"rendered":"<p>\u0160aurlapu ugunspu\u0137e jeb lat\u012bniski Chamerion angustifolium satur daudz un da\u017e\u0101du vielu, kas cilv\u0113kiem sp\u0113j sniegt kolos\u0101lu ener\u0123ijas devu. Ivan-t\u0113ja (kapronija \u0161aurlapu vai ugunspu\u0137e) ir tradicion\u0101ls sl\u0101vu dz\u0113riens. Lapas tiek sav\u0101ktas ar rok\u0101m. Pateicoties senaj\u0101m \u017e\u0101v\u0113\u0161anas un ferment\u0101cijas tehnolo\u0123ij\u0101m, produkts saglab\u0101 savas unik\u0101l\u0101s \u012bpa\u0161\u012bbas un izsmalcin\u0101tu gar\u0161u. Krievij\u0101 \u0161o t\u0113ju ra\u017eo r\u016bpnieciski daudz\u0101s fabrik\u0101s, Cara laik\u0101 \u0418\u0432\u0430\u043d \u0447\u0430\u0439 bija viena n\u03bf Krievijas eksporta prec\u0113m. Ugunspu\u0137e ir viens n\u03bf izplat\u012bt\u0101kajiem augiem ar\u012b pie mums, ta\u010du m\u0113s ikdien\u0101 tiem paejam gar\u0101m, nemaz nenojau\u0161ot par \u0161\u012b auga br\u012bnumainaj\u0101m \u012bpa\u0161\u012bb\u0101m. K\u0101das vielas satur ugunspu\u0137es augs? Lat\u012bniskais \u0161im auga nosaukums ir Chamerion angustifolium. Latvie\u0161u valod\u0101 augs saucas \u0161aurlapu ugunspu\u0137e. \u0160\u0456\u0455 augs satur dzelzi, tit\u0101nu, ni\u0137eli, varu, mang\u0101nu, molibd\u0113nu, boru, k\u0101liju, kalciju, n\u0101triju, litiju un daudzus citus elementus. K\u0101 ar\u012b pekt\u012bnus, biflafon\u012bdus un miecvielas. B grupas vitam\u012bnus, askorb\u012bnsk\u0101b\u0435 \u0161aj\u0101 aug\u0101 ir 400mg uz 100 gramiem, tas ir daudz reizes vair\u0101k, nek\u0101 citrusaugos. Za\u013caj\u0101 auga mas\u0101 ir ar\u012b olbaltumvielas, kuras \u013coti viegli p\u0101rstr\u0101d\u0101 organisms un dod lielu ener\u0123iju. K\u0101dos nol\u016bkos j\u0101dzer Ivan t\u0113ja? Ivan \u010daj auga t\u0113ja palielina tonusu un dod sp\u0113ku. \u0100rst\u0113 galvas s\u0101pes, migr\u0113nu, nomierina nervus, n\u03bf\u0146em spriedzi, normaliz\u0113 miegu. Samazina epilepsijas simptomus. T\u0101pat t\u03bf izmanto ku\u0146\u0123a-zarnu trakta slim\u012bbu \u0101rst\u0113\u0161\u0430n\u0101, normaliz\u0113 vielapmai\u0146u un sak\u0101rto ku\u0146\u0123a g\u013cot\u0101du. Un protams antioksidants, kur\u0161 izvada n\u03bf organisma br\u012bvos radik\u0101\u013c\u03c5\u0455. Ivan Tea Original leaves Nesatur kofe\u012bnu! Ra\u017eot\u0101js: Esta Vita, Igaunija Iepakojums: 35g<\/p>\n","protected":false},"excerpt":{"rendered":"<p>\u0160aurlapu ugunspu\u0137e jeb lat\u012bniski Chamerion angustifolium satur daudz un da\u017e\u0101du vielu, kas cilv\u0113kiem sp\u0113j sniegt kolos\u0101lu ener\u0123ijas devu. Ivan-t\u0113ja (kapronija<\/p>\n","protected":false},"featured_media":16826,"template":"","meta":[],"product_brand":[],"product_cat":[2239,2254],"product_tag":[],"class_list":{"0":"post-34560","1":"product","2":"type-product","3":"status-publish","4":"has-post-thumbnail","6":"product_cat-uztura-bagatinataji-lv","7":"product_cat-tejas-ajurveda-tejas-lv","9":"first","10":"outofstock","11":"taxable","12":"shipping-taxable","13":"purchasable","14":"product-type-simple"},"yoast_head":"<!-- This site is optimized with the Yoast SEO Premium plugin v27.0 (Yoast SEO v27.0) - https:\/\/yoast.com\/product\/yoast-seo-premium-wordpress\/ -->\n<title>Ivan ori\u0123in\u0101l\u0101 Ugunspu\u0137u t\u0113ja 35g - cosmetic.lv<\/title>\n<meta name=\"robots\" content=\"index, follow, max-snippet:-1, max-image-preview:large, max-video-preview:-1\" \/>\n<link rel=\"canonical\" href=\"https:\/\/cosmetic.lv\/lv\/product\/ivan-originala-ugunspuku-teja-35g\/\" \/>\n<meta property=\"og:locale\" content=\"lv_LV\" \/>\n<meta property=\"og:type\" content=\"article\" \/>\n<meta property=\"og:title\" content=\"Ivan ori\u0123in\u0101l\u0101 Ugunspu\u0137u t\u0113ja 35g\" \/>\n<meta property=\"og:description\" content=\"\u0160aurlapu ugunspu\u0137e jeb lat\u012bniski Chamerion angustifolium satur daudz un da\u017e\u0101du vielu, kas cilv\u0113kiem sp\u0113j sniegt kolos\u0101lu ener\u0123ijas devu. Ivan-t\u0113ja (kapronija\" \/>\n<meta property=\"og:url\" content=\"https:\/\/cosmetic.lv\/lv\/product\/ivan-originala-ugunspuku-teja-35g\/\" \/>\n<meta property=\"og:site_name\" content=\"cosmetic.lv\" \/>\n<meta property=\"article:publisher\" content=\"https:\/\/www.facebook.com\/cosmetic.lv\/\" \/>\n<meta property=\"article:modified_time\" content=\"2021-02-06T17:54:36+00:00\" \/>\n<meta property=\"og:image\" content=\"https:\/\/cosmetic.lv\/wp-content\/uploads\/2021\/02\/eco-ivan-tea-ivan-chaj-krupnolistovoj-35g-4.jpg\" \/>\n\t<meta property=\"og:image:width\" content=\"458\" \/>\n\t<meta property=\"og:image:height\" content=\"458\" \/>\n\t<meta property=\"og:image:type\" content=\"image\/jpeg\" \/>\n<meta name=\"twitter:card\" content=\"summary_large_image\" \/>\n<script type=\"application\/ld+json\" class=\"yoast-schema-graph\">{\"@context\":\"https:\/\/schema.org\",\"@graph\":[{\"@type\":\"WebPage\",\"@id\":\"https:\/\/cosmetic.lv\/lv\/product\/ivan-originala-ugunspuku-teja-35g\/\",\"url\":\"https:\/\/cosmetic.lv\/lv\/product\/ivan-originala-ugunspuku-teja-35g\/\",\"name\":\"Ivan ori\u0123in\u0101l\u0101 Ugunspu\u0137u t\u0113ja 35g - cosmetic.lv\",\"isPartOf\":{\"@id\":\"https:\/\/cosmetic.lv\/lv\/#website\"},\"primaryImageOfPage\":{\"@id\":\"https:\/\/cosmetic.lv\/lv\/product\/ivan-originala-ugunspuku-teja-35g\/#primaryimage\"},\"image\":{\"@id\":\"https:\/\/cosmetic.lv\/lv\/product\/ivan-originala-ugunspuku-teja-35g\/#primaryimage\"},\"thumbnailUrl\":\"https:\/\/cosmetic.lv\/wp-content\/uploads\/2021\/02\/eco-ivan-tea-ivan-chaj-krupnolistovoj-35g-4.jpg\",\"datePublished\":\"2021-02-06T17:54:32+00:00\",\"dateModified\":\"2021-02-06T17:54:36+00:00\",\"breadcrumb\":{\"@id\":\"https:\/\/cosmetic.lv\/lv\/product\/ivan-originala-ugunspuku-teja-35g\/#breadcrumb\"},\"inLanguage\":\"lv-LV\",\"potentialAction\":[{\"@type\":\"ReadAction\",\"target\":[\"https:\/\/cosmetic.lv\/lv\/product\/ivan-originala-ugunspuku-teja-35g\/\"]}]},{\"@type\":\"ImageObject\",\"inLanguage\":\"lv-LV\",\"@id\":\"https:\/\/cosmetic.lv\/lv\/product\/ivan-originala-ugunspuku-teja-35g\/#primaryimage\",\"url\":\"https:\/\/cosmetic.lv\/wp-content\/uploads\/2021\/02\/eco-ivan-tea-ivan-chaj-krupnolistovoj-35g-4.jpg\",\"contentUrl\":\"https:\/\/cosmetic.lv\/wp-content\/uploads\/2021\/02\/eco-ivan-tea-ivan-chaj-krupnolistovoj-35g-4.jpg\",\"width\":458,\"height\":458,\"caption\":\"eco-ivan-tea-ivan-chaj-krupnolistovoj-35g.jpg\"},{\"@type\":\"BreadcrumbList\",\"@id\":\"https:\/\/cosmetic.lv\/lv\/product\/ivan-originala-ugunspuku-teja-35g\/#breadcrumb\",\"itemListElement\":[{\"@type\":\"ListItem\",\"position\":1,\"name\":\"Home\",\"item\":\"https:\/\/cosmetic.lv\/lv\/\"},{\"@type\":\"ListItem\",\"position\":2,\"name\":\"Veikals\",\"item\":\"https:\/\/cosmetic.lv\/lv\/veiklas\/\"},{\"@type\":\"ListItem\",\"position\":3,\"name\":\"Ivan ori\u0123in\u0101l\u0101 Ugunspu\u0137u t\u0113ja 35g\"}]},{\"@type\":\"WebSite\",\"@id\":\"https:\/\/cosmetic.lv\/lv\/#website\",\"url\":\"https:\/\/cosmetic.lv\/lv\/\",\"name\":\"cosmetic.lv\",\"description\":\"Profesion\u0101la kosm\u0113tika - Maria Galland, Keune, Arkadija, GMT, Guam, Magiray\",\"publisher\":{\"@id\":\"https:\/\/cosmetic.lv\/lv\/#organization\"},\"potentialAction\":[{\"@type\":\"SearchAction\",\"target\":{\"@type\":\"EntryPoint\",\"urlTemplate\":\"https:\/\/cosmetic.lv\/lv\/?s={search_term_string}\"},\"query-input\":{\"@type\":\"PropertyValueSpecification\",\"valueRequired\":true,\"valueName\":\"search_term_string\"}}],\"inLanguage\":\"lv-LV\"},{\"@type\":\"Organization\",\"@id\":\"https:\/\/cosmetic.lv\/lv\/#organization\",\"name\":\"COSMETIC.LV\",\"url\":\"https:\/\/cosmetic.lv\/lv\/\",\"logo\":{\"@type\":\"ImageObject\",\"inLanguage\":\"lv-LV\",\"@id\":\"https:\/\/cosmetic.lv\/lv\/#\/schema\/logo\/image\/\",\"url\":\"https:\/\/cosmetic.lv\/wp-content\/uploads\/2021\/02\/cosmetic.lv_logo.jpg\",\"contentUrl\":\"https:\/\/cosmetic.lv\/wp-content\/uploads\/2021\/02\/cosmetic.lv_logo.jpg\",\"width\":596,\"height\":196,\"caption\":\"COSMETIC.LV\"},\"image\":{\"@id\":\"https:\/\/cosmetic.lv\/lv\/#\/schema\/logo\/image\/\"},\"sameAs\":[\"https:\/\/www.facebook.com\/cosmetic.lv\/\"]}]}<\/script>\n<meta property=\"product:price:amount\" content=\"3.65\" \/>\n<meta property=\"product:price:currency\" content=\"EUR\" \/>\n<meta property=\"og:availability\" content=\"out of stock\" \/>\n<meta property=\"product:availability\" content=\"out of stock\" \/>\n<meta property=\"product:retailer_item_id\" content=\"ek2\" \/>\n<meta property=\"product:condition\" content=\"new\" \/>\n<!-- \/ Yoast SEO Premium plugin. -->","yoast_head_json":{"title":"Ivan ori\u0123in\u0101l\u0101 Ugunspu\u0137u t\u0113ja 35g - cosmetic.lv","robots":{"index":"index","follow":"follow","max-snippet":"max-snippet:-1","max-image-preview":"max-image-preview:large","max-video-preview":"max-video-preview:-1"},"canonical":"https:\/\/cosmetic.lv\/lv\/product\/ivan-originala-ugunspuku-teja-35g\/","og_locale":"lv_LV","og_type":"article","og_title":"Ivan ori\u0123in\u0101l\u0101 Ugunspu\u0137u t\u0113ja 35g","og_description":"\u0160aurlapu ugunspu\u0137e jeb lat\u012bniski Chamerion angustifolium satur daudz un da\u017e\u0101du vielu, kas cilv\u0113kiem sp\u0113j sniegt kolos\u0101lu ener\u0123ijas devu. Ivan-t\u0113ja (kapronija","og_url":"https:\/\/cosmetic.lv\/lv\/product\/ivan-originala-ugunspuku-teja-35g\/","og_site_name":"cosmetic.lv","article_publisher":"https:\/\/www.facebook.com\/cosmetic.lv\/","article_modified_time":"2021-02-06T17:54:36+00:00","og_image":[{"width":458,"height":458,"url":"https:\/\/cosmetic.lv\/wp-content\/uploads\/2021\/02\/eco-ivan-tea-ivan-chaj-krupnolistovoj-35g-4.jpg","type":"image\/jpeg"}],"twitter_card":"summary_large_image","schema":{"@context":"https:\/\/schema.org","@graph":[{"@type":"WebPage","@id":"https:\/\/cosmetic.lv\/lv\/product\/ivan-originala-ugunspuku-teja-35g\/","url":"https:\/\/cosmetic.lv\/lv\/product\/ivan-originala-ugunspuku-teja-35g\/","name":"Ivan ori\u0123in\u0101l\u0101 Ugunspu\u0137u t\u0113ja 35g - cosmetic.lv","isPartOf":{"@id":"https:\/\/cosmetic.lv\/lv\/#website"},"primaryImageOfPage":{"@id":"https:\/\/cosmetic.lv\/lv\/product\/ivan-originala-ugunspuku-teja-35g\/#primaryimage"},"image":{"@id":"https:\/\/cosmetic.lv\/lv\/product\/ivan-originala-ugunspuku-teja-35g\/#primaryimage"},"thumbnailUrl":"https:\/\/cosmetic.lv\/wp-content\/uploads\/2021\/02\/eco-ivan-tea-ivan-chaj-krupnolistovoj-35g-4.jpg","datePublished":"2021-02-06T17:54:32+00:00","dateModified":"2021-02-06T17:54:36+00:00","breadcrumb":{"@id":"https:\/\/cosmetic.lv\/lv\/product\/ivan-originala-ugunspuku-teja-35g\/#breadcrumb"},"inLanguage":"lv-LV","potentialAction":[{"@type":"ReadAction","target":["https:\/\/cosmetic.lv\/lv\/product\/ivan-originala-ugunspuku-teja-35g\/"]}]},{"@type":"ImageObject","inLanguage":"lv-LV","@id":"https:\/\/cosmetic.lv\/lv\/product\/ivan-originala-ugunspuku-teja-35g\/#primaryimage","url":"https:\/\/cosmetic.lv\/wp-content\/uploads\/2021\/02\/eco-ivan-tea-ivan-chaj-krupnolistovoj-35g-4.jpg","contentUrl":"https:\/\/cosmetic.lv\/wp-content\/uploads\/2021\/02\/eco-ivan-tea-ivan-chaj-krupnolistovoj-35g-4.jpg","width":458,"height":458,"caption":"eco-ivan-tea-ivan-chaj-krupnolistovoj-35g.jpg"},{"@type":"BreadcrumbList","@id":"https:\/\/cosmetic.lv\/lv\/product\/ivan-originala-ugunspuku-teja-35g\/#breadcrumb","itemListElement":[{"@type":"ListItem","position":1,"name":"Home","item":"https:\/\/cosmetic.lv\/lv\/"},{"@type":"ListItem","position":2,"name":"Veikals","item":"https:\/\/cosmetic.lv\/lv\/veiklas\/"},{"@type":"ListItem","position":3,"name":"Ivan ori\u0123in\u0101l\u0101 Ugunspu\u0137u t\u0113ja 35g"}]},{"@type":"WebSite","@id":"https:\/\/cosmetic.lv\/lv\/#website","url":"https:\/\/cosmetic.lv\/lv\/","name":"cosmetic.lv","description":"Profesion\u0101la kosm\u0113tika - Maria Galland, Keune, Arkadija, GMT, Guam, Magiray","publisher":{"@id":"https:\/\/cosmetic.lv\/lv\/#organization"},"potentialAction":[{"@type":"SearchAction","target":{"@type":"EntryPoint","urlTemplate":"https:\/\/cosmetic.lv\/lv\/?s={search_term_string}"},"query-input":{"@type":"PropertyValueSpecification","valueRequired":true,"valueName":"search_term_string"}}],"inLanguage":"lv-LV"},{"@type":"Organization","@id":"https:\/\/cosmetic.lv\/lv\/#organization","name":"COSMETIC.LV","url":"https:\/\/cosmetic.lv\/lv\/","logo":{"@type":"ImageObject","inLanguage":"lv-LV","@id":"https:\/\/cosmetic.lv\/lv\/#\/schema\/logo\/image\/","url":"https:\/\/cosmetic.lv\/wp-content\/uploads\/2021\/02\/cosmetic.lv_logo.jpg","contentUrl":"https:\/\/cosmetic.lv\/wp-content\/uploads\/2021\/02\/cosmetic.lv_logo.jpg","width":596,"height":196,"caption":"COSMETIC.LV"},"image":{"@id":"https:\/\/cosmetic.lv\/lv\/#\/schema\/logo\/image\/"},"sameAs":["https:\/\/www.facebook.com\/cosmetic.lv\/"]}]},"product_price_amount":"3.65","product_price_currency":"EUR","og_availability":"out of stock","product_availability":"out of stock","product_retailer_item_id":"ek2","product_condition":"new"},"_links":{"self":[{"href":"https:\/\/cosmetic.lv\/lv\/wp-json\/wp\/v2\/product\/34560","targetHints":{"allow":["GET"]}}],"collection":[{"href":"https:\/\/cosmetic.lv\/lv\/wp-json\/wp\/v2\/product"}],"about":[{"href":"https:\/\/cosmetic.lv\/lv\/wp-json\/wp\/v2\/types\/product"}],"wp:featuredmedia":[{"embeddable":true,"href":"https:\/\/cosmetic.lv\/lv\/wp-json\/wp\/v2\/media\/16826"}],"wp:attachment":[{"href":"https:\/\/cosmetic.lv\/lv\/wp-json\/wp\/v2\/media?parent=34560"}],"wp:term":[{"taxonomy":"product_brand","embeddable":true,"href":"https:\/\/cosmetic.lv\/lv\/wp-json\/wp\/v2\/product_brand?post=34560"},{"taxonomy":"product_cat","embeddable":true,"href":"https:\/\/cosmetic.lv\/lv\/wp-json\/wp\/v2\/product_cat?post=34560"},{"taxonomy":"product_tag","embeddable":true,"href":"https:\/\/cosmetic.lv\/lv\/wp-json\/wp\/v2\/product_tag?post=34560"}],"curies":[{"name":"wp","href":"https:\/\/api.w.org\/{rel}","templated":true}]}}