{"id":34561,"date":"2021-02-05T22:42:50","date_gmt":"2021-02-06T17:54:32","guid":{"rendered":"https:\/\/damme.lv\/product\/mustard-oil-trs-sinepju-ella-250ml\/"},"modified":"2021-02-06T19:54:36","modified_gmt":"2021-02-06T17:54:36","slug":"mustard-oil-trs-sinepju-ella-250ml","status":"publish","type":"product","link":"https:\/\/cosmetic.lv\/lv\/product\/mustard-oil-trs-sinepju-ella-250ml\/","title":{"rendered":"MUSTARD OIL TRS Sinepju e\u013c\u013ca 250ml"},"content":{"rendered":"<p>MUSTARD OIL TRS 250ml<br \/>\nSinepju e\u013c\u013ca no dzelten\u0101m sinepju s\u0113kl\u0101m. Gadsimtiem ilgi veiksm\u012bgi tiek lietota ne tikai k\u0101 kosm\u0113tisk\u0101 mas\u0101\u017eas e\u013c\u013ca, bet ar\u012b k\u0101 daudzfunkcion\u0101ls vesel\u012bbas profilakses l\u012bdzeklis un v\u0113rt\u012bgs di\u0113tisks p\u0101rtikas produkts. E\u013c\u013cas bag\u0101tin\u0101tais sast\u0101vs satur: Vitam\u012bni E, A, D, B3, B6, B4, K, P Fitosterols, hlorofils, fitonc\u012bdi, glikoz\u012bdi, \u0113terisk\u0101 sinepju e\u013c\u013ca Polinepies\u0101tin\u0101t\u0101s tauksk\u0101bes. Lieto\u0161ana. Sinepju e\u013c\u013cu lieto: \u25cf Kulin\u0101rij\u0101. Sinepju e\u013c\u013cai piem\u012bt specifiska, tikai tai rakstur\u012bga pikant\u0101 gar\u0161a un arom\u0101ts. Sinepju e\u013c\u013cai piem\u012bt specifiska, tikai tai rakstur\u012bga pikant\u0101 gar\u0161aun arom\u0101ts. Cepti kartupe\u013ci, zivs, pank\u016bkas, kuras ir pagatavotas uz \u0161\u012bs e\u013c\u013cas, ieg\u016bst neatk\u0101rtojamu gar\u0161u. Sinepju e\u013c\u013ca sal\u0101tos, vinegretos uzsver d\u0101rze\u0146u dabas gar\u0161u, \u0113no tos ar savu maigu arom\u0101tu. Pateicoties sinepju e\u013c\u013cai sal\u0101ti ilg\u0101k saglab\u0101j\u0101s, t\u0101p\u0113c k\u0101 tai piem\u012bt antiseptisk\u0101s un bakteric\u012bdas \u012bpa\u0161\u012bbas. Sinepju e\u013c\u013ca ilgi uzglab\u0101j\u0101s, l\u0113ni un v\u0101ji oksid\u0113j\u0101s. \u25cf Kosmetolo\u0123ij\u0101 k\u0101 l\u012bdzeklis sejas \u0101das un \u0137erme\u0146a kop\u0161anai. \u25cf Vesel\u012bbai k\u0101 akt\u012bvi stimul\u0113jo\u0161\u0101 uztura procesu. Sinepju e\u013c\u013ca ir \u201ckarsta\u201d un asa e\u013c\u013ca. Austrumu medicin\u0101 t\u0101 dziedina slim\u012bbas, kuras radu\u0161\u0101s no VATA un KAPHA disbalanses. Sinepju e\u013c\u013cai piem\u012bt dezinfic\u0113jo\u0161as un pretmikrobu \u012bpa\u0161\u012bbas. Ier\u012bv\u0113jot \u0101d\u0101 e\u013c\u013ca viegli un dzi\u013ci ies\u016bcas, dodot j\u016btamu atvieglojumu nerviem, saspringtiem musku\u013ciem un sait\u0113m. No\u0146em musku\u013cu krampjus, kuri radu\u0161ies no augstas temperat\u016bras. Att\u012bra asinis un atver poras. Stiprina matus. Ja \u0101da ir sausa , iekaisusi, ar izsitumiem, labi noder mas\u0101\u017eas ar sinepju e\u013c\u013cu, kurai nedaudz pievieno kurkumu. Sast\u0101vs: 100% sinepju e\u013c\u013ca. Ra\u017eot\u0101js: TRS, Indija Iepakojums: 250ml<\/p>\n","protected":false},"excerpt":{"rendered":"<p>MUSTARD OIL TRS 250ml Sinepju e\u013c\u013ca no dzelten\u0101m sinepju s\u0113kl\u0101m. Gadsimtiem ilgi veiksm\u012bgi tiek lietota ne tikai k\u0101 kosm\u0113tisk\u0101 mas\u0101\u017eas<\/p>\n","protected":false},"featured_media":10352,"template":"","meta":[],"product_brand":[],"product_cat":[2200,2216,2218],"product_tag":[],"class_list":{"0":"post-34561","1":"product","2":"type-product","3":"status-publish","4":"has-post-thumbnail","6":"product_cat-skaistums-un-veseliba-lv","7":"product_cat-kermena-kopsana-lv","8":"product_cat-viss-kermenis-lv","10":"first","11":"outofstock","12":"taxable","13":"shipping-taxable","14":"purchasable","15":"product-type-simple"},"yoast_head":"<!-- This site is optimized with the Yoast SEO Premium plugin v27.0 (Yoast SEO v27.0) - https:\/\/yoast.com\/product\/yoast-seo-premium-wordpress\/ -->\n<title>MUSTARD OIL TRS Sinepju e\u013c\u013ca 250ml - cosmetic.lv<\/title>\n<meta name=\"robots\" content=\"index, follow, max-snippet:-1, max-image-preview:large, max-video-preview:-1\" \/>\n<link rel=\"canonical\" href=\"https:\/\/cosmetic.lv\/lv\/product\/mustard-oil-trs-sinepju-ella-250ml\/\" \/>\n<meta property=\"og:locale\" content=\"lv_LV\" \/>\n<meta property=\"og:type\" content=\"article\" \/>\n<meta property=\"og:title\" content=\"MUSTARD OIL TRS Sinepju e\u013c\u013ca 250ml\" \/>\n<meta property=\"og:description\" content=\"MUSTARD OIL TRS 250ml Sinepju e\u013c\u013ca no dzelten\u0101m sinepju s\u0113kl\u0101m. Gadsimtiem ilgi veiksm\u012bgi tiek lietota ne tikai k\u0101 kosm\u0113tisk\u0101 mas\u0101\u017eas\" \/>\n<meta property=\"og:url\" content=\"https:\/\/cosmetic.lv\/lv\/product\/mustard-oil-trs-sinepju-ella-250ml\/\" \/>\n<meta property=\"og:site_name\" content=\"cosmetic.lv\" \/>\n<meta property=\"article:publisher\" content=\"https:\/\/www.facebook.com\/cosmetic.lv\/\" \/>\n<meta property=\"article:modified_time\" content=\"2021-02-06T17:54:36+00:00\" \/>\n<meta property=\"og:image\" content=\"https:\/\/cosmetic.lv\/wp-content\/uploads\/2021\/02\/71vfsic71tl._sy450_.jpg\" \/>\n\t<meta property=\"og:image:width\" content=\"338\" \/>\n\t<meta property=\"og:image:height\" content=\"450\" \/>\n\t<meta property=\"og:image:type\" content=\"image\/jpeg\" \/>\n<meta name=\"twitter:card\" content=\"summary_large_image\" \/>\n<script type=\"application\/ld+json\" class=\"yoast-schema-graph\">{\"@context\":\"https:\/\/schema.org\",\"@graph\":[{\"@type\":\"WebPage\",\"@id\":\"https:\/\/cosmetic.lv\/lv\/product\/mustard-oil-trs-sinepju-ella-250ml\/\",\"url\":\"https:\/\/cosmetic.lv\/lv\/product\/mustard-oil-trs-sinepju-ella-250ml\/\",\"name\":\"MUSTARD OIL TRS Sinepju e\u013c\u013ca 250ml - cosmetic.lv\",\"isPartOf\":{\"@id\":\"https:\/\/cosmetic.lv\/lv\/#website\"},\"primaryImageOfPage\":{\"@id\":\"https:\/\/cosmetic.lv\/lv\/product\/mustard-oil-trs-sinepju-ella-250ml\/#primaryimage\"},\"image\":{\"@id\":\"https:\/\/cosmetic.lv\/lv\/product\/mustard-oil-trs-sinepju-ella-250ml\/#primaryimage\"},\"thumbnailUrl\":\"https:\/\/cosmetic.lv\/wp-content\/uploads\/2021\/02\/71vfsic71tl._sy450_.jpg\",\"datePublished\":\"2021-02-06T17:54:32+00:00\",\"dateModified\":\"2021-02-06T17:54:36+00:00\",\"breadcrumb\":{\"@id\":\"https:\/\/cosmetic.lv\/lv\/product\/mustard-oil-trs-sinepju-ella-250ml\/#breadcrumb\"},\"inLanguage\":\"lv-LV\",\"potentialAction\":[{\"@type\":\"ReadAction\",\"target\":[\"https:\/\/cosmetic.lv\/lv\/product\/mustard-oil-trs-sinepju-ella-250ml\/\"]}]},{\"@type\":\"ImageObject\",\"inLanguage\":\"lv-LV\",\"@id\":\"https:\/\/cosmetic.lv\/lv\/product\/mustard-oil-trs-sinepju-ella-250ml\/#primaryimage\",\"url\":\"https:\/\/cosmetic.lv\/wp-content\/uploads\/2021\/02\/71vfsic71tl._sy450_.jpg\",\"contentUrl\":\"https:\/\/cosmetic.lv\/wp-content\/uploads\/2021\/02\/71vfsic71tl._sy450_.jpg\",\"width\":338,\"height\":450,\"caption\":\"71Vfsic71TL._SY450_.jpg\"},{\"@type\":\"BreadcrumbList\",\"@id\":\"https:\/\/cosmetic.lv\/lv\/product\/mustard-oil-trs-sinepju-ella-250ml\/#breadcrumb\",\"itemListElement\":[{\"@type\":\"ListItem\",\"position\":1,\"name\":\"Home\",\"item\":\"https:\/\/cosmetic.lv\/lv\/\"},{\"@type\":\"ListItem\",\"position\":2,\"name\":\"Veikals\",\"item\":\"https:\/\/cosmetic.lv\/lv\/veiklas\/\"},{\"@type\":\"ListItem\",\"position\":3,\"name\":\"MUSTARD OIL TRS Sinepju e\u013c\u013ca 250ml\"}]},{\"@type\":\"WebSite\",\"@id\":\"https:\/\/cosmetic.lv\/lv\/#website\",\"url\":\"https:\/\/cosmetic.lv\/lv\/\",\"name\":\"cosmetic.lv\",\"description\":\"Profesion\u0101la kosm\u0113tika - Maria Galland, Keune, Arkadija, GMT, Guam, Magiray\",\"publisher\":{\"@id\":\"https:\/\/cosmetic.lv\/lv\/#organization\"},\"potentialAction\":[{\"@type\":\"SearchAction\",\"target\":{\"@type\":\"EntryPoint\",\"urlTemplate\":\"https:\/\/cosmetic.lv\/lv\/?s={search_term_string}\"},\"query-input\":{\"@type\":\"PropertyValueSpecification\",\"valueRequired\":true,\"valueName\":\"search_term_string\"}}],\"inLanguage\":\"lv-LV\"},{\"@type\":\"Organization\",\"@id\":\"https:\/\/cosmetic.lv\/lv\/#organization\",\"name\":\"COSMETIC.LV\",\"url\":\"https:\/\/cosmetic.lv\/lv\/\",\"logo\":{\"@type\":\"ImageObject\",\"inLanguage\":\"lv-LV\",\"@id\":\"https:\/\/cosmetic.lv\/lv\/#\/schema\/logo\/image\/\",\"url\":\"https:\/\/cosmetic.lv\/wp-content\/uploads\/2021\/02\/cosmetic.lv_logo.jpg\",\"contentUrl\":\"https:\/\/cosmetic.lv\/wp-content\/uploads\/2021\/02\/cosmetic.lv_logo.jpg\",\"width\":596,\"height\":196,\"caption\":\"COSMETIC.LV\"},\"image\":{\"@id\":\"https:\/\/cosmetic.lv\/lv\/#\/schema\/logo\/image\/\"},\"sameAs\":[\"https:\/\/www.facebook.com\/cosmetic.lv\/\"]}]}<\/script>\n<meta property=\"product:price:amount\" content=\"3.66\" \/>\n<meta property=\"product:price:currency\" content=\"EUR\" \/>\n<meta property=\"og:availability\" content=\"out of stock\" \/>\n<meta property=\"product:availability\" content=\"out of stock\" \/>\n<meta property=\"product:retailer_item_id\" content=\"oo\" \/>\n<meta property=\"product:condition\" content=\"new\" \/>\n<!-- \/ Yoast SEO Premium plugin. -->","yoast_head_json":{"title":"MUSTARD OIL TRS Sinepju e\u013c\u013ca 250ml - cosmetic.lv","robots":{"index":"index","follow":"follow","max-snippet":"max-snippet:-1","max-image-preview":"max-image-preview:large","max-video-preview":"max-video-preview:-1"},"canonical":"https:\/\/cosmetic.lv\/lv\/product\/mustard-oil-trs-sinepju-ella-250ml\/","og_locale":"lv_LV","og_type":"article","og_title":"MUSTARD OIL TRS Sinepju e\u013c\u013ca 250ml","og_description":"MUSTARD OIL TRS 250ml Sinepju e\u013c\u013ca no dzelten\u0101m sinepju s\u0113kl\u0101m. Gadsimtiem ilgi veiksm\u012bgi tiek lietota ne tikai k\u0101 kosm\u0113tisk\u0101 mas\u0101\u017eas","og_url":"https:\/\/cosmetic.lv\/lv\/product\/mustard-oil-trs-sinepju-ella-250ml\/","og_site_name":"cosmetic.lv","article_publisher":"https:\/\/www.facebook.com\/cosmetic.lv\/","article_modified_time":"2021-02-06T17:54:36+00:00","og_image":[{"width":338,"height":450,"url":"https:\/\/cosmetic.lv\/wp-content\/uploads\/2021\/02\/71vfsic71tl._sy450_.jpg","type":"image\/jpeg"}],"twitter_card":"summary_large_image","schema":{"@context":"https:\/\/schema.org","@graph":[{"@type":"WebPage","@id":"https:\/\/cosmetic.lv\/lv\/product\/mustard-oil-trs-sinepju-ella-250ml\/","url":"https:\/\/cosmetic.lv\/lv\/product\/mustard-oil-trs-sinepju-ella-250ml\/","name":"MUSTARD OIL TRS Sinepju e\u013c\u013ca 250ml - cosmetic.lv","isPartOf":{"@id":"https:\/\/cosmetic.lv\/lv\/#website"},"primaryImageOfPage":{"@id":"https:\/\/cosmetic.lv\/lv\/product\/mustard-oil-trs-sinepju-ella-250ml\/#primaryimage"},"image":{"@id":"https:\/\/cosmetic.lv\/lv\/product\/mustard-oil-trs-sinepju-ella-250ml\/#primaryimage"},"thumbnailUrl":"https:\/\/cosmetic.lv\/wp-content\/uploads\/2021\/02\/71vfsic71tl._sy450_.jpg","datePublished":"2021-02-06T17:54:32+00:00","dateModified":"2021-02-06T17:54:36+00:00","breadcrumb":{"@id":"https:\/\/cosmetic.lv\/lv\/product\/mustard-oil-trs-sinepju-ella-250ml\/#breadcrumb"},"inLanguage":"lv-LV","potentialAction":[{"@type":"ReadAction","target":["https:\/\/cosmetic.lv\/lv\/product\/mustard-oil-trs-sinepju-ella-250ml\/"]}]},{"@type":"ImageObject","inLanguage":"lv-LV","@id":"https:\/\/cosmetic.lv\/lv\/product\/mustard-oil-trs-sinepju-ella-250ml\/#primaryimage","url":"https:\/\/cosmetic.lv\/wp-content\/uploads\/2021\/02\/71vfsic71tl._sy450_.jpg","contentUrl":"https:\/\/cosmetic.lv\/wp-content\/uploads\/2021\/02\/71vfsic71tl._sy450_.jpg","width":338,"height":450,"caption":"71Vfsic71TL._SY450_.jpg"},{"@type":"BreadcrumbList","@id":"https:\/\/cosmetic.lv\/lv\/product\/mustard-oil-trs-sinepju-ella-250ml\/#breadcrumb","itemListElement":[{"@type":"ListItem","position":1,"name":"Home","item":"https:\/\/cosmetic.lv\/lv\/"},{"@type":"ListItem","position":2,"name":"Veikals","item":"https:\/\/cosmetic.lv\/lv\/veiklas\/"},{"@type":"ListItem","position":3,"name":"MUSTARD OIL TRS Sinepju e\u013c\u013ca 250ml"}]},{"@type":"WebSite","@id":"https:\/\/cosmetic.lv\/lv\/#website","url":"https:\/\/cosmetic.lv\/lv\/","name":"cosmetic.lv","description":"Profesion\u0101la kosm\u0113tika - Maria Galland, Keune, Arkadija, GMT, Guam, Magiray","publisher":{"@id":"https:\/\/cosmetic.lv\/lv\/#organization"},"potentialAction":[{"@type":"SearchAction","target":{"@type":"EntryPoint","urlTemplate":"https:\/\/cosmetic.lv\/lv\/?s={search_term_string}"},"query-input":{"@type":"PropertyValueSpecification","valueRequired":true,"valueName":"search_term_string"}}],"inLanguage":"lv-LV"},{"@type":"Organization","@id":"https:\/\/cosmetic.lv\/lv\/#organization","name":"COSMETIC.LV","url":"https:\/\/cosmetic.lv\/lv\/","logo":{"@type":"ImageObject","inLanguage":"lv-LV","@id":"https:\/\/cosmetic.lv\/lv\/#\/schema\/logo\/image\/","url":"https:\/\/cosmetic.lv\/wp-content\/uploads\/2021\/02\/cosmetic.lv_logo.jpg","contentUrl":"https:\/\/cosmetic.lv\/wp-content\/uploads\/2021\/02\/cosmetic.lv_logo.jpg","width":596,"height":196,"caption":"COSMETIC.LV"},"image":{"@id":"https:\/\/cosmetic.lv\/lv\/#\/schema\/logo\/image\/"},"sameAs":["https:\/\/www.facebook.com\/cosmetic.lv\/"]}]},"product_price_amount":"3.66","product_price_currency":"EUR","og_availability":"out of stock","product_availability":"out of stock","product_retailer_item_id":"oo","product_condition":"new"},"_links":{"self":[{"href":"https:\/\/cosmetic.lv\/lv\/wp-json\/wp\/v2\/product\/34561","targetHints":{"allow":["GET"]}}],"collection":[{"href":"https:\/\/cosmetic.lv\/lv\/wp-json\/wp\/v2\/product"}],"about":[{"href":"https:\/\/cosmetic.lv\/lv\/wp-json\/wp\/v2\/types\/product"}],"wp:featuredmedia":[{"embeddable":true,"href":"https:\/\/cosmetic.lv\/lv\/wp-json\/wp\/v2\/media\/10352"}],"wp:attachment":[{"href":"https:\/\/cosmetic.lv\/lv\/wp-json\/wp\/v2\/media?parent=34561"}],"wp:term":[{"taxonomy":"product_brand","embeddable":true,"href":"https:\/\/cosmetic.lv\/lv\/wp-json\/wp\/v2\/product_brand?post=34561"},{"taxonomy":"product_cat","embeddable":true,"href":"https:\/\/cosmetic.lv\/lv\/wp-json\/wp\/v2\/product_cat?post=34561"},{"taxonomy":"product_tag","embeddable":true,"href":"https:\/\/cosmetic.lv\/lv\/wp-json\/wp\/v2\/product_tag?post=34561"}],"curies":[{"name":"wp","href":"https:\/\/api.w.org\/{rel}","templated":true}]}}