{"id":34575,"date":"2021-02-05T22:43:01","date_gmt":"2021-02-06T17:54:48","guid":{"rendered":"https:\/\/damme.lv\/product\/gmt-extra-firming-body-algae-mask\/"},"modified":"2022-01-05T01:24:17","modified_gmt":"2022-01-04T23:24:17","slug":"gmt-extra-firming-body-algae-mask","status":"publish","type":"product","link":"https:\/\/cosmetic.lv\/lv\/product\/gmt-extra-firming-body-algae-mask\/","title":{"rendered":"GMT \u0136erme\u0146a aprises model\u0113jo\u0161a a\u013c\u0123u maska EXTRA FIRMING BODY ALGAE MASK"},"content":{"rendered":"<p>Maskai piem\u012bt dzi\u013ci mitrino\u0161a, toniz\u0113jo\u0161a un \u0101du atjaunojo\u0161a iedarb\u012bba. Ori\u0123in\u0101l\u0101 formula stimul\u0113 \u0101das \u0161\u016bnu atjauno\u0161an\u0101s procesus. \u0100da atg\u016bst elast\u012bgumu un tvirtumu. Maska lieliski model\u0113 \u0137erme\u0146a aprises.<\/p>\n<p>A\u013c\u0123es, j\u016bras nogulas un s\u0101\u013ci stimul\u0113 \u0101das \u0161\u016bnu atjauno\u0161an\u0101s procesus. T\u0101s satur daudz dabisko vitam\u012bnu, mikroelementu, aminosk\u0101bju un citas biolo\u0123iski akt\u012bv\u0101s vielas (mitrin\u0101t\u0101jus, antioksidantus u.c.), kas sekm\u0113 \u0101das mitruma saglab\u0101\u0161anu b\u016btiski uzlabojot \u0101das kvalit\u0101ti un izskatu.<br \/>\n\u012apa\u0161a noz\u012bme ir \u0161aj\u0101s a\u013c\u0123\u0113s eso\u0161ajam augstajam dzelzs, beta karot\u012bna un oligosahar\u012bdu daudzumam. Dzelzs paaugstina kop\u0113jo organisma tonusu un uzlabo im\u016bn\u0101s sist\u0113mas darb\u012bbu.<br \/>\nBeta\u2013karot\u012bns un D vitam\u012bns aizkav\u0113 noveco\u0161an\u0101s procesus, uzlabo visp\u0101r\u0113jo \u0101das st\u0101vokli.<br \/>\nPolisahar\u012bdi un Kvie\u0161u d\u012bgstu prote\u012bns darbojas k\u0101 mitrin\u0101t\u0101ji, pal\u012bdz lab\u0101k uzs\u016bkties akt\u012bvajiem komponentiem un veido izcilu aizsargbarjeru pret br\u012bvajiem radik\u0101\u013ciem.<br \/>\nSpirul\u012bna a\u013c\u0123es sekm\u0113 audu apg\u0101di ar sk\u0101bekli un veicina apasi\u0146o\u0161an\u0101s procesus, t\u0101d\u0113j\u0101di uzlabojot \u0101das re\u0123ener\u0101ciju un aizsargsp\u0113jas. Tie\u0161i t\u0101pat spirul\u012bnas labv\u0113l\u012bgi iedarbojas uz kapil\u0101riem, nostiprinot tos un nov\u0113r\u0161ot kapil\u0101ru spazmas.<br \/>\nPateicoties a\u013c\u0123u daudzpus\u012bgajai iedarb\u012bbai, \u0101da tiek atjaunota, tiek sekm\u0113ti dz\u012bv\u012bbas procesi \u0101das \u0161\u016bn\u0101s un izl\u012bdzin\u0101tas s\u012bk\u0101s grumbi\u0146as.<\/p>\n<p>LIETO\u0160ANA<br \/>\nPietieko\u0161u daudzumu a\u013c\u0123u pulvera (~100 g) sajauc ar 300 ml silta \u016bdens un maisot ieg\u016bst viendab\u012bgu masu, ko uzkl\u0101j uz att\u012br\u012bt\u0101m problem\u0101tiskaj\u0101m \u0137erme\u0146a zon\u0101m, t\u0101s apkl\u0101j ar pl\u0113vi un izmanto termosegu. Proced\u016bra ilgst 30 min\u016btes. Beig\u0101s masku noskalo du\u0161\u0101.<\/p>\n<p>&nbsp;<\/p>\n<p>200g<\/p>\n","protected":false},"excerpt":{"rendered":"<p>Maskai piem\u012bt dzi\u013ci mitrino\u0161a, toniz\u0113jo\u0161a un \u0101du atjaunojo\u0161a iedarb\u012bba. Ori\u0123in\u0101l\u0101 formula stimul\u0113 \u0101das \u0161\u016bnu atjauno\u0161an\u0101s procesus. \u0100da atg\u016bst elast\u012bgumu un<\/p>\n","protected":false},"featured_media":16851,"template":"","meta":[],"product_brand":[],"product_cat":[2273,2298,2303],"product_tag":[],"class_list":{"0":"post-34575","1":"product","2":"type-product","3":"status-publish","4":"has-post-thumbnail","6":"product_cat-profesionala-kosmetika-sejai-un-kermenim-lv","7":"product_cat-gmt-lv","8":"product_cat-maska-no-augliem-lv","10":"first","11":"instock","12":"taxable","13":"shipping-taxable","14":"purchasable","15":"product-type-simple"},"yoast_head":"<!-- This site is optimized with the Yoast SEO Premium plugin v27.0 (Yoast SEO v27.0) - https:\/\/yoast.com\/product\/yoast-seo-premium-wordpress\/ -->\n<title>GMT \u0136erme\u0146a aprises model\u0113jo\u0161a a\u013c\u0123u maska EXTRA FIRMING BODY ALGAE MASK - cosmetic.lv<\/title>\n<meta name=\"robots\" content=\"index, follow, max-snippet:-1, max-image-preview:large, max-video-preview:-1\" \/>\n<link rel=\"canonical\" href=\"https:\/\/cosmetic.lv\/lv\/product\/gmt-extra-firming-body-algae-mask\/\" \/>\n<meta property=\"og:locale\" content=\"lv_LV\" \/>\n<meta property=\"og:type\" content=\"article\" \/>\n<meta property=\"og:title\" content=\"GMT \u0136erme\u0146a aprises model\u0113jo\u0161a a\u013c\u0123u maska EXTRA FIRMING BODY ALGAE MASK\" \/>\n<meta property=\"og:description\" content=\"Maskai piem\u012bt dzi\u013ci mitrino\u0161a, toniz\u0113jo\u0161a un \u0101du atjaunojo\u0161a iedarb\u012bba. Ori\u0123in\u0101l\u0101 formula stimul\u0113 \u0101das \u0161\u016bnu atjauno\u0161an\u0101s procesus. \u0100da atg\u016bst elast\u012bgumu un\" \/>\n<meta property=\"og:url\" content=\"https:\/\/cosmetic.lv\/lv\/product\/gmt-extra-firming-body-algae-mask\/\" \/>\n<meta property=\"og:site_name\" content=\"cosmetic.lv\" \/>\n<meta property=\"article:publisher\" content=\"https:\/\/www.facebook.com\/cosmetic.lv\/\" \/>\n<meta property=\"article:modified_time\" content=\"2022-01-04T23:24:17+00:00\" \/>\n<meta property=\"og:image\" content=\"https:\/\/cosmetic.lv\/wp-content\/uploads\/2021\/02\/xtra-firming-body-algae-mask-300g-kermena-aprises-modelejo-4.jpg\" \/>\n\t<meta property=\"og:image:width\" content=\"535\" \/>\n\t<meta property=\"og:image:height\" content=\"546\" \/>\n\t<meta property=\"og:image:type\" content=\"image\/jpeg\" \/>\n<meta name=\"twitter:card\" content=\"summary_large_image\" \/>\n<script type=\"application\/ld+json\" class=\"yoast-schema-graph\">{\"@context\":\"https:\/\/schema.org\",\"@graph\":[{\"@type\":\"WebPage\",\"@id\":\"https:\/\/cosmetic.lv\/lv\/product\/gmt-extra-firming-body-algae-mask\/\",\"url\":\"https:\/\/cosmetic.lv\/lv\/product\/gmt-extra-firming-body-algae-mask\/\",\"name\":\"GMT \u0136erme\u0146a aprises model\u0113jo\u0161a a\u013c\u0123u maska EXTRA FIRMING BODY ALGAE MASK - cosmetic.lv\",\"isPartOf\":{\"@id\":\"https:\/\/cosmetic.lv\/lv\/#website\"},\"primaryImageOfPage\":{\"@id\":\"https:\/\/cosmetic.lv\/lv\/product\/gmt-extra-firming-body-algae-mask\/#primaryimage\"},\"image\":{\"@id\":\"https:\/\/cosmetic.lv\/lv\/product\/gmt-extra-firming-body-algae-mask\/#primaryimage\"},\"thumbnailUrl\":\"https:\/\/cosmetic.lv\/wp-content\/uploads\/2021\/02\/xtra-firming-body-algae-mask-300g-kermena-aprises-modelejo-4.jpg\",\"datePublished\":\"2021-02-06T17:54:48+00:00\",\"dateModified\":\"2022-01-04T23:24:17+00:00\",\"breadcrumb\":{\"@id\":\"https:\/\/cosmetic.lv\/lv\/product\/gmt-extra-firming-body-algae-mask\/#breadcrumb\"},\"inLanguage\":\"lv-LV\",\"potentialAction\":[{\"@type\":\"ReadAction\",\"target\":[\"https:\/\/cosmetic.lv\/lv\/product\/gmt-extra-firming-body-algae-mask\/\"]}]},{\"@type\":\"ImageObject\",\"inLanguage\":\"lv-LV\",\"@id\":\"https:\/\/cosmetic.lv\/lv\/product\/gmt-extra-firming-body-algae-mask\/#primaryimage\",\"url\":\"https:\/\/cosmetic.lv\/wp-content\/uploads\/2021\/02\/xtra-firming-body-algae-mask-300g-kermena-aprises-modelejo-4.jpg\",\"contentUrl\":\"https:\/\/cosmetic.lv\/wp-content\/uploads\/2021\/02\/xtra-firming-body-algae-mask-300g-kermena-aprises-modelejo-4.jpg\",\"width\":535,\"height\":546,\"caption\":\"xtra-firming-body-algae-mask-300g-kermena-aprises-modelejo.jpg\"},{\"@type\":\"BreadcrumbList\",\"@id\":\"https:\/\/cosmetic.lv\/lv\/product\/gmt-extra-firming-body-algae-mask\/#breadcrumb\",\"itemListElement\":[{\"@type\":\"ListItem\",\"position\":1,\"name\":\"Home\",\"item\":\"https:\/\/cosmetic.lv\/lv\/\"},{\"@type\":\"ListItem\",\"position\":2,\"name\":\"Veikals\",\"item\":\"https:\/\/cosmetic.lv\/lv\/veiklas\/\"},{\"@type\":\"ListItem\",\"position\":3,\"name\":\"GMT \u0136erme\u0146a aprises model\u0113jo\u0161a a\u013c\u0123u maska EXTRA FIRMING BODY ALGAE MASK\"}]},{\"@type\":\"WebSite\",\"@id\":\"https:\/\/cosmetic.lv\/lv\/#website\",\"url\":\"https:\/\/cosmetic.lv\/lv\/\",\"name\":\"cosmetic.lv\",\"description\":\"Profesion\u0101la kosm\u0113tika - Maria Galland, Keune, Arkadija, GMT, Guam, Magiray\",\"publisher\":{\"@id\":\"https:\/\/cosmetic.lv\/lv\/#organization\"},\"potentialAction\":[{\"@type\":\"SearchAction\",\"target\":{\"@type\":\"EntryPoint\",\"urlTemplate\":\"https:\/\/cosmetic.lv\/lv\/?s={search_term_string}\"},\"query-input\":{\"@type\":\"PropertyValueSpecification\",\"valueRequired\":true,\"valueName\":\"search_term_string\"}}],\"inLanguage\":\"lv-LV\"},{\"@type\":\"Organization\",\"@id\":\"https:\/\/cosmetic.lv\/lv\/#organization\",\"name\":\"COSMETIC.LV\",\"url\":\"https:\/\/cosmetic.lv\/lv\/\",\"logo\":{\"@type\":\"ImageObject\",\"inLanguage\":\"lv-LV\",\"@id\":\"https:\/\/cosmetic.lv\/lv\/#\/schema\/logo\/image\/\",\"url\":\"https:\/\/cosmetic.lv\/wp-content\/uploads\/2021\/02\/cosmetic.lv_logo.jpg\",\"contentUrl\":\"https:\/\/cosmetic.lv\/wp-content\/uploads\/2021\/02\/cosmetic.lv_logo.jpg\",\"width\":596,\"height\":196,\"caption\":\"COSMETIC.LV\"},\"image\":{\"@id\":\"https:\/\/cosmetic.lv\/lv\/#\/schema\/logo\/image\/\"},\"sameAs\":[\"https:\/\/www.facebook.com\/cosmetic.lv\/\"]}]}<\/script>\n<meta property=\"product:price:amount\" content=\"19.00\" \/>\n<meta property=\"product:price:currency\" content=\"EUR\" \/>\n<meta property=\"og:availability\" content=\"instock\" \/>\n<meta property=\"product:availability\" content=\"instock\" \/>\n<meta property=\"product:retailer_item_id\" content=\"0010\" \/>\n<meta property=\"product:condition\" content=\"new\" \/>\n<!-- \/ Yoast SEO Premium plugin. -->","yoast_head_json":{"title":"GMT \u0136erme\u0146a aprises model\u0113jo\u0161a a\u013c\u0123u maska EXTRA FIRMING BODY ALGAE MASK - cosmetic.lv","robots":{"index":"index","follow":"follow","max-snippet":"max-snippet:-1","max-image-preview":"max-image-preview:large","max-video-preview":"max-video-preview:-1"},"canonical":"https:\/\/cosmetic.lv\/lv\/product\/gmt-extra-firming-body-algae-mask\/","og_locale":"lv_LV","og_type":"article","og_title":"GMT \u0136erme\u0146a aprises model\u0113jo\u0161a a\u013c\u0123u maska EXTRA FIRMING BODY ALGAE MASK","og_description":"Maskai piem\u012bt dzi\u013ci mitrino\u0161a, toniz\u0113jo\u0161a un \u0101du atjaunojo\u0161a iedarb\u012bba. Ori\u0123in\u0101l\u0101 formula stimul\u0113 \u0101das \u0161\u016bnu atjauno\u0161an\u0101s procesus. \u0100da atg\u016bst elast\u012bgumu un","og_url":"https:\/\/cosmetic.lv\/lv\/product\/gmt-extra-firming-body-algae-mask\/","og_site_name":"cosmetic.lv","article_publisher":"https:\/\/www.facebook.com\/cosmetic.lv\/","article_modified_time":"2022-01-04T23:24:17+00:00","og_image":[{"width":535,"height":546,"url":"https:\/\/cosmetic.lv\/wp-content\/uploads\/2021\/02\/xtra-firming-body-algae-mask-300g-kermena-aprises-modelejo-4.jpg","type":"image\/jpeg"}],"twitter_card":"summary_large_image","schema":{"@context":"https:\/\/schema.org","@graph":[{"@type":"WebPage","@id":"https:\/\/cosmetic.lv\/lv\/product\/gmt-extra-firming-body-algae-mask\/","url":"https:\/\/cosmetic.lv\/lv\/product\/gmt-extra-firming-body-algae-mask\/","name":"GMT \u0136erme\u0146a aprises model\u0113jo\u0161a a\u013c\u0123u maska EXTRA FIRMING BODY ALGAE MASK - cosmetic.lv","isPartOf":{"@id":"https:\/\/cosmetic.lv\/lv\/#website"},"primaryImageOfPage":{"@id":"https:\/\/cosmetic.lv\/lv\/product\/gmt-extra-firming-body-algae-mask\/#primaryimage"},"image":{"@id":"https:\/\/cosmetic.lv\/lv\/product\/gmt-extra-firming-body-algae-mask\/#primaryimage"},"thumbnailUrl":"https:\/\/cosmetic.lv\/wp-content\/uploads\/2021\/02\/xtra-firming-body-algae-mask-300g-kermena-aprises-modelejo-4.jpg","datePublished":"2021-02-06T17:54:48+00:00","dateModified":"2022-01-04T23:24:17+00:00","breadcrumb":{"@id":"https:\/\/cosmetic.lv\/lv\/product\/gmt-extra-firming-body-algae-mask\/#breadcrumb"},"inLanguage":"lv-LV","potentialAction":[{"@type":"ReadAction","target":["https:\/\/cosmetic.lv\/lv\/product\/gmt-extra-firming-body-algae-mask\/"]}]},{"@type":"ImageObject","inLanguage":"lv-LV","@id":"https:\/\/cosmetic.lv\/lv\/product\/gmt-extra-firming-body-algae-mask\/#primaryimage","url":"https:\/\/cosmetic.lv\/wp-content\/uploads\/2021\/02\/xtra-firming-body-algae-mask-300g-kermena-aprises-modelejo-4.jpg","contentUrl":"https:\/\/cosmetic.lv\/wp-content\/uploads\/2021\/02\/xtra-firming-body-algae-mask-300g-kermena-aprises-modelejo-4.jpg","width":535,"height":546,"caption":"xtra-firming-body-algae-mask-300g-kermena-aprises-modelejo.jpg"},{"@type":"BreadcrumbList","@id":"https:\/\/cosmetic.lv\/lv\/product\/gmt-extra-firming-body-algae-mask\/#breadcrumb","itemListElement":[{"@type":"ListItem","position":1,"name":"Home","item":"https:\/\/cosmetic.lv\/lv\/"},{"@type":"ListItem","position":2,"name":"Veikals","item":"https:\/\/cosmetic.lv\/lv\/veiklas\/"},{"@type":"ListItem","position":3,"name":"GMT \u0136erme\u0146a aprises model\u0113jo\u0161a a\u013c\u0123u maska EXTRA FIRMING BODY ALGAE MASK"}]},{"@type":"WebSite","@id":"https:\/\/cosmetic.lv\/lv\/#website","url":"https:\/\/cosmetic.lv\/lv\/","name":"cosmetic.lv","description":"Profesion\u0101la kosm\u0113tika - Maria Galland, Keune, Arkadija, GMT, Guam, Magiray","publisher":{"@id":"https:\/\/cosmetic.lv\/lv\/#organization"},"potentialAction":[{"@type":"SearchAction","target":{"@type":"EntryPoint","urlTemplate":"https:\/\/cosmetic.lv\/lv\/?s={search_term_string}"},"query-input":{"@type":"PropertyValueSpecification","valueRequired":true,"valueName":"search_term_string"}}],"inLanguage":"lv-LV"},{"@type":"Organization","@id":"https:\/\/cosmetic.lv\/lv\/#organization","name":"COSMETIC.LV","url":"https:\/\/cosmetic.lv\/lv\/","logo":{"@type":"ImageObject","inLanguage":"lv-LV","@id":"https:\/\/cosmetic.lv\/lv\/#\/schema\/logo\/image\/","url":"https:\/\/cosmetic.lv\/wp-content\/uploads\/2021\/02\/cosmetic.lv_logo.jpg","contentUrl":"https:\/\/cosmetic.lv\/wp-content\/uploads\/2021\/02\/cosmetic.lv_logo.jpg","width":596,"height":196,"caption":"COSMETIC.LV"},"image":{"@id":"https:\/\/cosmetic.lv\/lv\/#\/schema\/logo\/image\/"},"sameAs":["https:\/\/www.facebook.com\/cosmetic.lv\/"]}]},"product_price_amount":"19.00","product_price_currency":"EUR","og_availability":"instock","product_availability":"instock","product_retailer_item_id":"0010","product_condition":"new"},"_links":{"self":[{"href":"https:\/\/cosmetic.lv\/lv\/wp-json\/wp\/v2\/product\/34575","targetHints":{"allow":["GET"]}}],"collection":[{"href":"https:\/\/cosmetic.lv\/lv\/wp-json\/wp\/v2\/product"}],"about":[{"href":"https:\/\/cosmetic.lv\/lv\/wp-json\/wp\/v2\/types\/product"}],"wp:featuredmedia":[{"embeddable":true,"href":"https:\/\/cosmetic.lv\/lv\/wp-json\/wp\/v2\/media\/16851"}],"wp:attachment":[{"href":"https:\/\/cosmetic.lv\/lv\/wp-json\/wp\/v2\/media?parent=34575"}],"wp:term":[{"taxonomy":"product_brand","embeddable":true,"href":"https:\/\/cosmetic.lv\/lv\/wp-json\/wp\/v2\/product_brand?post=34575"},{"taxonomy":"product_cat","embeddable":true,"href":"https:\/\/cosmetic.lv\/lv\/wp-json\/wp\/v2\/product_cat?post=34575"},{"taxonomy":"product_tag","embeddable":true,"href":"https:\/\/cosmetic.lv\/lv\/wp-json\/wp\/v2\/product_tag?post=34575"}],"curies":[{"name":"wp","href":"https:\/\/api.w.org\/{rel}","templated":true}]}}