{"id":34577,"date":"2021-02-05T22:43:01","date_gmt":"2021-02-06T17:54:48","guid":{"rendered":"https:\/\/damme.lv\/product\/gmt-chocolate-mask\/"},"modified":"2022-01-05T01:17:48","modified_gmt":"2022-01-04T23:17:48","slug":"gmt-chocolate-mask","status":"publish","type":"product","link":"https:\/\/cosmetic.lv\/lv\/product\/gmt-chocolate-mask\/","title":{"rendered":"GMT \u0160okol\u0101des maska CHOCOLATE MASK"},"content":{"rendered":"<p>Satur atjaunojo\u0161u kompleksu boj\u0101tai, elast\u012bbu zaud\u0113ju\u0161ai \u0101dai un ir ar izteiktu \u0101das strukt\u016bru atjaunojo\u0161u iedarb\u012bbu. Kakao baro un pies\u0101tina \u0101du ar A, E vitam\u012bniem, satur antioksidantus, kas aizsarg\u0101 no br\u012bvajiem radik\u0101\u013ciem \u2013 vides nelabv\u0113l\u012bg\u0101s ietekmes. Produkta sast\u0101v\u0101 eso\u0161\u0101s auzas saudz\u0113, m\u012bkstina un dzied\u0113 \u0101du, a\u013c\u0123es mitrina un pies\u0101tina \u0101du ar mikroelementiem. \u0160okol\u0101des arom\u0101ts veicina endorf\u012bnu jeb t\u0101 d\u0113v\u0113to laimes hormonu izdal\u012b\u0161anos, kas pal\u012bdz mazin\u0101t stresu un nogurumu.<\/p>\n<p>LIETO\u0160ANA<br \/>\nMasku sajauc ar siltu \u016bdeni un uzkl\u0101j uz dekolt\u0113 vai cit\u0101m problem\u0101tisk\u0101m \u0137erme\u0146a zon\u0101m. P\u0113c proced\u016bras masku noskalo du\u0161\u0101. Piem\u0113rota visiem \u0101das tipiem.<\/p>\n<p>200g<\/p>\n","protected":false},"excerpt":{"rendered":"<p>Satur atjaunojo\u0161u kompleksu boj\u0101tai, elast\u012bbu zaud\u0113ju\u0161ai \u0101dai un ir ar izteiktu \u0101das strukt\u016bru atjaunojo\u0161u iedarb\u012bbu. Kakao baro un pies\u0101tina \u0101du<\/p>\n","protected":false},"featured_media":10400,"template":"","meta":[],"product_brand":[],"product_cat":[2273,2298,2303],"product_tag":[],"class_list":{"0":"post-34577","1":"product","2":"type-product","3":"status-publish","4":"has-post-thumbnail","6":"product_cat-profesionala-kosmetika-sejai-un-kermenim-lv","7":"product_cat-gmt-lv","8":"product_cat-maska-no-augliem-lv","10":"first","11":"instock","12":"taxable","13":"shipping-taxable","14":"purchasable","15":"product-type-simple"},"yoast_head":"<!-- This site is optimized with the Yoast SEO Premium plugin v27.0 (Yoast SEO v27.0) - https:\/\/yoast.com\/product\/yoast-seo-premium-wordpress\/ -->\n<title>GMT \u0160okol\u0101des maska CHOCOLATE MASK - cosmetic.lv<\/title>\n<meta name=\"robots\" content=\"index, follow, max-snippet:-1, max-image-preview:large, max-video-preview:-1\" \/>\n<link rel=\"canonical\" href=\"https:\/\/cosmetic.lv\/lv\/product\/gmt-chocolate-mask\/\" \/>\n<meta property=\"og:locale\" content=\"lv_LV\" \/>\n<meta property=\"og:type\" content=\"article\" \/>\n<meta property=\"og:title\" content=\"GMT \u0160okol\u0101des maska CHOCOLATE MASK\" \/>\n<meta property=\"og:description\" content=\"Satur atjaunojo\u0161u kompleksu boj\u0101tai, elast\u012bbu zaud\u0113ju\u0161ai \u0101dai un ir ar izteiktu \u0101das strukt\u016bru atjaunojo\u0161u iedarb\u012bbu. Kakao baro un pies\u0101tina \u0101du\" \/>\n<meta property=\"og:url\" content=\"https:\/\/cosmetic.lv\/lv\/product\/gmt-chocolate-mask\/\" \/>\n<meta property=\"og:site_name\" content=\"cosmetic.lv\" \/>\n<meta property=\"article:publisher\" content=\"https:\/\/www.facebook.com\/cosmetic.lv\/\" \/>\n<meta property=\"article:modified_time\" content=\"2022-01-04T23:17:48+00:00\" \/>\n<meta property=\"og:image\" content=\"https:\/\/cosmetic.lv\/wp-content\/uploads\/2021\/02\/chocolate-mask-300gr-so.jpg\" \/>\n\t<meta property=\"og:image:width\" content=\"535\" \/>\n\t<meta property=\"og:image:height\" content=\"546\" \/>\n\t<meta property=\"og:image:type\" content=\"image\/jpeg\" \/>\n<meta name=\"twitter:card\" content=\"summary_large_image\" \/>\n<script type=\"application\/ld+json\" class=\"yoast-schema-graph\">{\"@context\":\"https:\/\/schema.org\",\"@graph\":[{\"@type\":\"WebPage\",\"@id\":\"https:\/\/cosmetic.lv\/lv\/product\/gmt-chocolate-mask\/\",\"url\":\"https:\/\/cosmetic.lv\/lv\/product\/gmt-chocolate-mask\/\",\"name\":\"GMT \u0160okol\u0101des maska CHOCOLATE MASK - cosmetic.lv\",\"isPartOf\":{\"@id\":\"https:\/\/cosmetic.lv\/lv\/#website\"},\"primaryImageOfPage\":{\"@id\":\"https:\/\/cosmetic.lv\/lv\/product\/gmt-chocolate-mask\/#primaryimage\"},\"image\":{\"@id\":\"https:\/\/cosmetic.lv\/lv\/product\/gmt-chocolate-mask\/#primaryimage\"},\"thumbnailUrl\":\"https:\/\/cosmetic.lv\/wp-content\/uploads\/2021\/02\/chocolate-mask-300gr-so.jpg\",\"datePublished\":\"2021-02-06T17:54:48+00:00\",\"dateModified\":\"2022-01-04T23:17:48+00:00\",\"breadcrumb\":{\"@id\":\"https:\/\/cosmetic.lv\/lv\/product\/gmt-chocolate-mask\/#breadcrumb\"},\"inLanguage\":\"lv-LV\",\"potentialAction\":[{\"@type\":\"ReadAction\",\"target\":[\"https:\/\/cosmetic.lv\/lv\/product\/gmt-chocolate-mask\/\"]}]},{\"@type\":\"ImageObject\",\"inLanguage\":\"lv-LV\",\"@id\":\"https:\/\/cosmetic.lv\/lv\/product\/gmt-chocolate-mask\/#primaryimage\",\"url\":\"https:\/\/cosmetic.lv\/wp-content\/uploads\/2021\/02\/chocolate-mask-300gr-so.jpg\",\"contentUrl\":\"https:\/\/cosmetic.lv\/wp-content\/uploads\/2021\/02\/chocolate-mask-300gr-so.jpg\",\"width\":535,\"height\":546,\"caption\":\"Chocolate-mask-300gr-so.jpg\"},{\"@type\":\"BreadcrumbList\",\"@id\":\"https:\/\/cosmetic.lv\/lv\/product\/gmt-chocolate-mask\/#breadcrumb\",\"itemListElement\":[{\"@type\":\"ListItem\",\"position\":1,\"name\":\"Home\",\"item\":\"https:\/\/cosmetic.lv\/lv\/\"},{\"@type\":\"ListItem\",\"position\":2,\"name\":\"Veikals\",\"item\":\"https:\/\/cosmetic.lv\/lv\/veiklas\/\"},{\"@type\":\"ListItem\",\"position\":3,\"name\":\"GMT \u0160okol\u0101des maska CHOCOLATE MASK\"}]},{\"@type\":\"WebSite\",\"@id\":\"https:\/\/cosmetic.lv\/lv\/#website\",\"url\":\"https:\/\/cosmetic.lv\/lv\/\",\"name\":\"cosmetic.lv\",\"description\":\"Profesion\u0101la kosm\u0113tika - Maria Galland, Keune, Arkadija, GMT, Guam, Magiray\",\"publisher\":{\"@id\":\"https:\/\/cosmetic.lv\/lv\/#organization\"},\"potentialAction\":[{\"@type\":\"SearchAction\",\"target\":{\"@type\":\"EntryPoint\",\"urlTemplate\":\"https:\/\/cosmetic.lv\/lv\/?s={search_term_string}\"},\"query-input\":{\"@type\":\"PropertyValueSpecification\",\"valueRequired\":true,\"valueName\":\"search_term_string\"}}],\"inLanguage\":\"lv-LV\"},{\"@type\":\"Organization\",\"@id\":\"https:\/\/cosmetic.lv\/lv\/#organization\",\"name\":\"COSMETIC.LV\",\"url\":\"https:\/\/cosmetic.lv\/lv\/\",\"logo\":{\"@type\":\"ImageObject\",\"inLanguage\":\"lv-LV\",\"@id\":\"https:\/\/cosmetic.lv\/lv\/#\/schema\/logo\/image\/\",\"url\":\"https:\/\/cosmetic.lv\/wp-content\/uploads\/2021\/02\/cosmetic.lv_logo.jpg\",\"contentUrl\":\"https:\/\/cosmetic.lv\/wp-content\/uploads\/2021\/02\/cosmetic.lv_logo.jpg\",\"width\":596,\"height\":196,\"caption\":\"COSMETIC.LV\"},\"image\":{\"@id\":\"https:\/\/cosmetic.lv\/lv\/#\/schema\/logo\/image\/\"},\"sameAs\":[\"https:\/\/www.facebook.com\/cosmetic.lv\/\"]}]}<\/script>\n<meta property=\"product:price:amount\" content=\"21.00\" \/>\n<meta property=\"product:price:currency\" content=\"EUR\" \/>\n<meta property=\"og:availability\" content=\"instock\" \/>\n<meta property=\"product:availability\" content=\"instock\" \/>\n<meta property=\"product:retailer_item_id\" content=\"110\" \/>\n<meta property=\"product:condition\" content=\"new\" \/>\n<!-- \/ Yoast SEO Premium plugin. -->","yoast_head_json":{"title":"GMT \u0160okol\u0101des maska CHOCOLATE MASK - cosmetic.lv","robots":{"index":"index","follow":"follow","max-snippet":"max-snippet:-1","max-image-preview":"max-image-preview:large","max-video-preview":"max-video-preview:-1"},"canonical":"https:\/\/cosmetic.lv\/lv\/product\/gmt-chocolate-mask\/","og_locale":"lv_LV","og_type":"article","og_title":"GMT \u0160okol\u0101des maska CHOCOLATE MASK","og_description":"Satur atjaunojo\u0161u kompleksu boj\u0101tai, elast\u012bbu zaud\u0113ju\u0161ai \u0101dai un ir ar izteiktu \u0101das strukt\u016bru atjaunojo\u0161u iedarb\u012bbu. Kakao baro un pies\u0101tina \u0101du","og_url":"https:\/\/cosmetic.lv\/lv\/product\/gmt-chocolate-mask\/","og_site_name":"cosmetic.lv","article_publisher":"https:\/\/www.facebook.com\/cosmetic.lv\/","article_modified_time":"2022-01-04T23:17:48+00:00","og_image":[{"width":535,"height":546,"url":"https:\/\/cosmetic.lv\/wp-content\/uploads\/2021\/02\/chocolate-mask-300gr-so.jpg","type":"image\/jpeg"}],"twitter_card":"summary_large_image","schema":{"@context":"https:\/\/schema.org","@graph":[{"@type":"WebPage","@id":"https:\/\/cosmetic.lv\/lv\/product\/gmt-chocolate-mask\/","url":"https:\/\/cosmetic.lv\/lv\/product\/gmt-chocolate-mask\/","name":"GMT \u0160okol\u0101des maska CHOCOLATE MASK - cosmetic.lv","isPartOf":{"@id":"https:\/\/cosmetic.lv\/lv\/#website"},"primaryImageOfPage":{"@id":"https:\/\/cosmetic.lv\/lv\/product\/gmt-chocolate-mask\/#primaryimage"},"image":{"@id":"https:\/\/cosmetic.lv\/lv\/product\/gmt-chocolate-mask\/#primaryimage"},"thumbnailUrl":"https:\/\/cosmetic.lv\/wp-content\/uploads\/2021\/02\/chocolate-mask-300gr-so.jpg","datePublished":"2021-02-06T17:54:48+00:00","dateModified":"2022-01-04T23:17:48+00:00","breadcrumb":{"@id":"https:\/\/cosmetic.lv\/lv\/product\/gmt-chocolate-mask\/#breadcrumb"},"inLanguage":"lv-LV","potentialAction":[{"@type":"ReadAction","target":["https:\/\/cosmetic.lv\/lv\/product\/gmt-chocolate-mask\/"]}]},{"@type":"ImageObject","inLanguage":"lv-LV","@id":"https:\/\/cosmetic.lv\/lv\/product\/gmt-chocolate-mask\/#primaryimage","url":"https:\/\/cosmetic.lv\/wp-content\/uploads\/2021\/02\/chocolate-mask-300gr-so.jpg","contentUrl":"https:\/\/cosmetic.lv\/wp-content\/uploads\/2021\/02\/chocolate-mask-300gr-so.jpg","width":535,"height":546,"caption":"Chocolate-mask-300gr-so.jpg"},{"@type":"BreadcrumbList","@id":"https:\/\/cosmetic.lv\/lv\/product\/gmt-chocolate-mask\/#breadcrumb","itemListElement":[{"@type":"ListItem","position":1,"name":"Home","item":"https:\/\/cosmetic.lv\/lv\/"},{"@type":"ListItem","position":2,"name":"Veikals","item":"https:\/\/cosmetic.lv\/lv\/veiklas\/"},{"@type":"ListItem","position":3,"name":"GMT \u0160okol\u0101des maska CHOCOLATE MASK"}]},{"@type":"WebSite","@id":"https:\/\/cosmetic.lv\/lv\/#website","url":"https:\/\/cosmetic.lv\/lv\/","name":"cosmetic.lv","description":"Profesion\u0101la kosm\u0113tika - Maria Galland, Keune, Arkadija, GMT, Guam, Magiray","publisher":{"@id":"https:\/\/cosmetic.lv\/lv\/#organization"},"potentialAction":[{"@type":"SearchAction","target":{"@type":"EntryPoint","urlTemplate":"https:\/\/cosmetic.lv\/lv\/?s={search_term_string}"},"query-input":{"@type":"PropertyValueSpecification","valueRequired":true,"valueName":"search_term_string"}}],"inLanguage":"lv-LV"},{"@type":"Organization","@id":"https:\/\/cosmetic.lv\/lv\/#organization","name":"COSMETIC.LV","url":"https:\/\/cosmetic.lv\/lv\/","logo":{"@type":"ImageObject","inLanguage":"lv-LV","@id":"https:\/\/cosmetic.lv\/lv\/#\/schema\/logo\/image\/","url":"https:\/\/cosmetic.lv\/wp-content\/uploads\/2021\/02\/cosmetic.lv_logo.jpg","contentUrl":"https:\/\/cosmetic.lv\/wp-content\/uploads\/2021\/02\/cosmetic.lv_logo.jpg","width":596,"height":196,"caption":"COSMETIC.LV"},"image":{"@id":"https:\/\/cosmetic.lv\/lv\/#\/schema\/logo\/image\/"},"sameAs":["https:\/\/www.facebook.com\/cosmetic.lv\/"]}]},"product_price_amount":"21.00","product_price_currency":"EUR","og_availability":"instock","product_availability":"instock","product_retailer_item_id":"110","product_condition":"new"},"_links":{"self":[{"href":"https:\/\/cosmetic.lv\/lv\/wp-json\/wp\/v2\/product\/34577","targetHints":{"allow":["GET"]}}],"collection":[{"href":"https:\/\/cosmetic.lv\/lv\/wp-json\/wp\/v2\/product"}],"about":[{"href":"https:\/\/cosmetic.lv\/lv\/wp-json\/wp\/v2\/types\/product"}],"wp:featuredmedia":[{"embeddable":true,"href":"https:\/\/cosmetic.lv\/lv\/wp-json\/wp\/v2\/media\/10400"}],"wp:attachment":[{"href":"https:\/\/cosmetic.lv\/lv\/wp-json\/wp\/v2\/media?parent=34577"}],"wp:term":[{"taxonomy":"product_brand","embeddable":true,"href":"https:\/\/cosmetic.lv\/lv\/wp-json\/wp\/v2\/product_brand?post=34577"},{"taxonomy":"product_cat","embeddable":true,"href":"https:\/\/cosmetic.lv\/lv\/wp-json\/wp\/v2\/product_cat?post=34577"},{"taxonomy":"product_tag","embeddable":true,"href":"https:\/\/cosmetic.lv\/lv\/wp-json\/wp\/v2\/product_tag?post=34577"}],"curies":[{"name":"wp","href":"https:\/\/api.w.org\/{rel}","templated":true}]}}