{"id":34578,"date":"2021-02-05T22:43:01","date_gmt":"2021-02-06T17:54:48","guid":{"rendered":"https:\/\/damme.lv\/product\/gmt-bust-firming-mask\/"},"modified":"2022-01-05T01:08:48","modified_gmt":"2022-01-04T23:08:48","slug":"gmt-bust-firming-mask","status":"publish","type":"product","link":"https:\/\/cosmetic.lv\/lv\/product\/gmt-bust-firming-mask\/","title":{"rendered":"GMT Plastific\u0113jo\u0161\u0101 maska kr\u016bt\u012bm, sejai un dekolt\u0113 BUST FIRMING MASK"},"content":{"rendered":"<p>Plastific\u0113jo\u0161a un att\u012bro\u0161a a\u013c\u0123u maska ar spirul\u012bnu un ginka ekstraktu sejai, kaklam un kr\u016bt\u012bm. Mitrina, plastific\u0113, nostiprina un atjauno \u0101das strukt\u016bru.<\/p>\n<p>J\u016bras a\u013c\u0123u algin\u0101ti, m\u0101li, kas veidoju\u0161ies no j\u016bras a\u013c\u0123u iegul\u0101m, zila\u013c\u0123es, br\u016bna\u013c\u0123es un ginka ekstrakts, k\u0101 ar\u012b mentols stimul\u0113 elast\u012bna un hialuronsk\u0101bes izstr\u0101d\u0101\u0161anu, pal\u0113nina \u0101das \u0161\u016bnu noveco\u0161anos, att\u012bra un remineraliz\u0113 \u0101du.<br \/>\nA\u013c\u0123u akt\u012bvajiem komponentiem piem\u012bt unik\u0101las mitrino\u0161as \u012bpa\u0161\u012bbas. Spirul\u012bnas, kur\u0101s ir augsts prote\u012bnu saturs, B grupas vitam\u012bni un \u03b2-karot\u012bns baro \u0101du \u0161\u016bnu l\u012bmen\u012b. Spirul\u012bnas sekm\u0113 audu apg\u0101di ar sk\u0101bekli un apasi\u0146o\u0161anas uzlabo\u0161anu. Uzlabojas \u0101das re\u0123ener\u0101cija un \u0101das aizsargsp\u0113jas. Tie\u0161i t\u0101pat spirul\u012bnas labv\u0113l\u012bgi iedarbojas uz kapil\u0101riem, nostiprinot tos un nov\u0113r\u0161ot kapil\u0101ru spazmas. Pateicoties spirul\u012bna daudzpus\u012bgajai iedarb\u012bbai, \u0101da tiek atjaunota, tiek sekm\u0113ti dz\u012bv\u012bbas procesi \u0101das \u0161\u016bn\u0101s un tiek izl\u012bdzin\u0101tas s\u012bk\u0101s grumbi\u0146as. A\u013c\u0123u maska efekt\u012bvi mazina aps\u0101rtumu un ir ar izteiktu liftinga efektu.<\/p>\n<p>LIETO\u0160ANA<br \/>\nMaskai vajadz\u012bgo vielas daudzumu (~100 g) sajauc ar 300 ml \u016bdens (+20\u00b0C). Intens\u012bvi maisot, ieg\u016bst viendab\u012bgu pastu ar \u017eelejveida strukt\u016bru, kas \u013cauj tai cie\u0161i piek\u013cauties \u0101das virsmai. Masku uzkl\u0101j uz not\u012br\u012btas sejas, kakla, dekolt\u0113 un kr\u016b\u0161u \u0101das, pirms tam iemas\u0113jot taj\u0101 BUST GEL. Masku tur 15 min\u016btes, p\u0113c tam to var viegli no\u0146emt. \u0100da ir ieguvusi svaigumu un mirdzumu.<\/p>\n<p>200g<\/p>\n","protected":false},"excerpt":{"rendered":"<p>Plastific\u0113jo\u0161a un att\u012bro\u0161a a\u013c\u0123u maska ar spirul\u012bnu un ginka ekstraktu sejai, kaklam un kr\u016bt\u012bm. Mitrina, plastific\u0113, nostiprina un atjauno \u0101das<\/p>\n","protected":false},"featured_media":16858,"template":"","meta":[],"product_brand":[],"product_cat":[2273,2298,2303],"product_tag":[],"class_list":{"0":"post-34578","1":"product","2":"type-product","3":"status-publish","4":"has-post-thumbnail","6":"product_cat-profesionala-kosmetika-sejai-un-kermenim-lv","7":"product_cat-gmt-lv","8":"product_cat-maska-no-augliem-lv","10":"first","11":"instock","12":"taxable","13":"shipping-taxable","14":"purchasable","15":"product-type-simple"},"yoast_head":"<!-- This site is optimized with the Yoast SEO Premium plugin v27.0 (Yoast SEO v27.0) - https:\/\/yoast.com\/product\/yoast-seo-premium-wordpress\/ -->\n<title>GMT Plastific\u0113jo\u0161\u0101 maska kr\u016bt\u012bm, sejai un dekolt\u0113 BUST FIRMING MASK - cosmetic.lv<\/title>\n<meta name=\"robots\" content=\"index, follow, max-snippet:-1, max-image-preview:large, max-video-preview:-1\" \/>\n<link rel=\"canonical\" href=\"https:\/\/cosmetic.lv\/lv\/product\/gmt-bust-firming-mask\/\" \/>\n<meta property=\"og:locale\" content=\"lv_LV\" \/>\n<meta property=\"og:type\" content=\"article\" \/>\n<meta property=\"og:title\" content=\"GMT Plastific\u0113jo\u0161\u0101 maska kr\u016bt\u012bm, sejai un dekolt\u0113 BUST FIRMING MASK\" \/>\n<meta property=\"og:description\" content=\"Plastific\u0113jo\u0161a un att\u012bro\u0161a a\u013c\u0123u maska ar spirul\u012bnu un ginka ekstraktu sejai, kaklam un kr\u016bt\u012bm. Mitrina, plastific\u0113, nostiprina un atjauno \u0101das\" \/>\n<meta property=\"og:url\" content=\"https:\/\/cosmetic.lv\/lv\/product\/gmt-bust-firming-mask\/\" \/>\n<meta property=\"og:site_name\" content=\"cosmetic.lv\" \/>\n<meta property=\"article:publisher\" content=\"https:\/\/www.facebook.com\/cosmetic.lv\/\" \/>\n<meta property=\"article:modified_time\" content=\"2022-01-04T23:08:48+00:00\" \/>\n<meta property=\"og:image\" content=\"https:\/\/cosmetic.lv\/wp-content\/uploads\/2021\/02\/ust-firming-mask-200gr-plastificejosa-maska-krut1-4.jpg\" \/>\n\t<meta property=\"og:image:width\" content=\"535\" \/>\n\t<meta property=\"og:image:height\" content=\"546\" \/>\n\t<meta property=\"og:image:type\" content=\"image\/jpeg\" \/>\n<meta name=\"twitter:card\" content=\"summary_large_image\" \/>\n<script type=\"application\/ld+json\" class=\"yoast-schema-graph\">{\"@context\":\"https:\/\/schema.org\",\"@graph\":[{\"@type\":\"WebPage\",\"@id\":\"https:\/\/cosmetic.lv\/lv\/product\/gmt-bust-firming-mask\/\",\"url\":\"https:\/\/cosmetic.lv\/lv\/product\/gmt-bust-firming-mask\/\",\"name\":\"GMT Plastific\u0113jo\u0161\u0101 maska kr\u016bt\u012bm, sejai un dekolt\u0113 BUST FIRMING MASK - cosmetic.lv\",\"isPartOf\":{\"@id\":\"https:\/\/cosmetic.lv\/lv\/#website\"},\"primaryImageOfPage\":{\"@id\":\"https:\/\/cosmetic.lv\/lv\/product\/gmt-bust-firming-mask\/#primaryimage\"},\"image\":{\"@id\":\"https:\/\/cosmetic.lv\/lv\/product\/gmt-bust-firming-mask\/#primaryimage\"},\"thumbnailUrl\":\"https:\/\/cosmetic.lv\/wp-content\/uploads\/2021\/02\/ust-firming-mask-200gr-plastificejosa-maska-krut1-4.jpg\",\"datePublished\":\"2021-02-06T17:54:48+00:00\",\"dateModified\":\"2022-01-04T23:08:48+00:00\",\"breadcrumb\":{\"@id\":\"https:\/\/cosmetic.lv\/lv\/product\/gmt-bust-firming-mask\/#breadcrumb\"},\"inLanguage\":\"lv-LV\",\"potentialAction\":[{\"@type\":\"ReadAction\",\"target\":[\"https:\/\/cosmetic.lv\/lv\/product\/gmt-bust-firming-mask\/\"]}]},{\"@type\":\"ImageObject\",\"inLanguage\":\"lv-LV\",\"@id\":\"https:\/\/cosmetic.lv\/lv\/product\/gmt-bust-firming-mask\/#primaryimage\",\"url\":\"https:\/\/cosmetic.lv\/wp-content\/uploads\/2021\/02\/ust-firming-mask-200gr-plastificejosa-maska-krut1-4.jpg\",\"contentUrl\":\"https:\/\/cosmetic.lv\/wp-content\/uploads\/2021\/02\/ust-firming-mask-200gr-plastificejosa-maska-krut1-4.jpg\",\"width\":535,\"height\":546,\"caption\":\"ust-firming-mask-200gr-plastificejosa-maska-krut1.jpg\"},{\"@type\":\"BreadcrumbList\",\"@id\":\"https:\/\/cosmetic.lv\/lv\/product\/gmt-bust-firming-mask\/#breadcrumb\",\"itemListElement\":[{\"@type\":\"ListItem\",\"position\":1,\"name\":\"Home\",\"item\":\"https:\/\/cosmetic.lv\/lv\/\"},{\"@type\":\"ListItem\",\"position\":2,\"name\":\"Veikals\",\"item\":\"https:\/\/cosmetic.lv\/lv\/veiklas\/\"},{\"@type\":\"ListItem\",\"position\":3,\"name\":\"GMT Plastific\u0113jo\u0161\u0101 maska kr\u016bt\u012bm, sejai un dekolt\u0113 BUST FIRMING MASK\"}]},{\"@type\":\"WebSite\",\"@id\":\"https:\/\/cosmetic.lv\/lv\/#website\",\"url\":\"https:\/\/cosmetic.lv\/lv\/\",\"name\":\"cosmetic.lv\",\"description\":\"Profesion\u0101la kosm\u0113tika - Maria Galland, Keune, Arkadija, GMT, Guam, Magiray\",\"publisher\":{\"@id\":\"https:\/\/cosmetic.lv\/lv\/#organization\"},\"potentialAction\":[{\"@type\":\"SearchAction\",\"target\":{\"@type\":\"EntryPoint\",\"urlTemplate\":\"https:\/\/cosmetic.lv\/lv\/?s={search_term_string}\"},\"query-input\":{\"@type\":\"PropertyValueSpecification\",\"valueRequired\":true,\"valueName\":\"search_term_string\"}}],\"inLanguage\":\"lv-LV\"},{\"@type\":\"Organization\",\"@id\":\"https:\/\/cosmetic.lv\/lv\/#organization\",\"name\":\"COSMETIC.LV\",\"url\":\"https:\/\/cosmetic.lv\/lv\/\",\"logo\":{\"@type\":\"ImageObject\",\"inLanguage\":\"lv-LV\",\"@id\":\"https:\/\/cosmetic.lv\/lv\/#\/schema\/logo\/image\/\",\"url\":\"https:\/\/cosmetic.lv\/wp-content\/uploads\/2021\/02\/cosmetic.lv_logo.jpg\",\"contentUrl\":\"https:\/\/cosmetic.lv\/wp-content\/uploads\/2021\/02\/cosmetic.lv_logo.jpg\",\"width\":596,\"height\":196,\"caption\":\"COSMETIC.LV\"},\"image\":{\"@id\":\"https:\/\/cosmetic.lv\/lv\/#\/schema\/logo\/image\/\"},\"sameAs\":[\"https:\/\/www.facebook.com\/cosmetic.lv\/\"]}]}<\/script>\n<meta property=\"product:price:amount\" content=\"22.80\" \/>\n<meta property=\"product:price:currency\" content=\"EUR\" \/>\n<meta property=\"og:availability\" content=\"instock\" \/>\n<meta property=\"product:availability\" content=\"instock\" \/>\n<meta property=\"product:retailer_item_id\" content=\"01.\" \/>\n<meta property=\"product:condition\" content=\"new\" \/>\n<!-- \/ Yoast SEO Premium plugin. -->","yoast_head_json":{"title":"GMT Plastific\u0113jo\u0161\u0101 maska kr\u016bt\u012bm, sejai un dekolt\u0113 BUST FIRMING MASK - cosmetic.lv","robots":{"index":"index","follow":"follow","max-snippet":"max-snippet:-1","max-image-preview":"max-image-preview:large","max-video-preview":"max-video-preview:-1"},"canonical":"https:\/\/cosmetic.lv\/lv\/product\/gmt-bust-firming-mask\/","og_locale":"lv_LV","og_type":"article","og_title":"GMT Plastific\u0113jo\u0161\u0101 maska kr\u016bt\u012bm, sejai un dekolt\u0113 BUST FIRMING MASK","og_description":"Plastific\u0113jo\u0161a un att\u012bro\u0161a a\u013c\u0123u maska ar spirul\u012bnu un ginka ekstraktu sejai, kaklam un kr\u016bt\u012bm. Mitrina, plastific\u0113, nostiprina un atjauno \u0101das","og_url":"https:\/\/cosmetic.lv\/lv\/product\/gmt-bust-firming-mask\/","og_site_name":"cosmetic.lv","article_publisher":"https:\/\/www.facebook.com\/cosmetic.lv\/","article_modified_time":"2022-01-04T23:08:48+00:00","og_image":[{"width":535,"height":546,"url":"https:\/\/cosmetic.lv\/wp-content\/uploads\/2021\/02\/ust-firming-mask-200gr-plastificejosa-maska-krut1-4.jpg","type":"image\/jpeg"}],"twitter_card":"summary_large_image","schema":{"@context":"https:\/\/schema.org","@graph":[{"@type":"WebPage","@id":"https:\/\/cosmetic.lv\/lv\/product\/gmt-bust-firming-mask\/","url":"https:\/\/cosmetic.lv\/lv\/product\/gmt-bust-firming-mask\/","name":"GMT Plastific\u0113jo\u0161\u0101 maska kr\u016bt\u012bm, sejai un dekolt\u0113 BUST FIRMING MASK - cosmetic.lv","isPartOf":{"@id":"https:\/\/cosmetic.lv\/lv\/#website"},"primaryImageOfPage":{"@id":"https:\/\/cosmetic.lv\/lv\/product\/gmt-bust-firming-mask\/#primaryimage"},"image":{"@id":"https:\/\/cosmetic.lv\/lv\/product\/gmt-bust-firming-mask\/#primaryimage"},"thumbnailUrl":"https:\/\/cosmetic.lv\/wp-content\/uploads\/2021\/02\/ust-firming-mask-200gr-plastificejosa-maska-krut1-4.jpg","datePublished":"2021-02-06T17:54:48+00:00","dateModified":"2022-01-04T23:08:48+00:00","breadcrumb":{"@id":"https:\/\/cosmetic.lv\/lv\/product\/gmt-bust-firming-mask\/#breadcrumb"},"inLanguage":"lv-LV","potentialAction":[{"@type":"ReadAction","target":["https:\/\/cosmetic.lv\/lv\/product\/gmt-bust-firming-mask\/"]}]},{"@type":"ImageObject","inLanguage":"lv-LV","@id":"https:\/\/cosmetic.lv\/lv\/product\/gmt-bust-firming-mask\/#primaryimage","url":"https:\/\/cosmetic.lv\/wp-content\/uploads\/2021\/02\/ust-firming-mask-200gr-plastificejosa-maska-krut1-4.jpg","contentUrl":"https:\/\/cosmetic.lv\/wp-content\/uploads\/2021\/02\/ust-firming-mask-200gr-plastificejosa-maska-krut1-4.jpg","width":535,"height":546,"caption":"ust-firming-mask-200gr-plastificejosa-maska-krut1.jpg"},{"@type":"BreadcrumbList","@id":"https:\/\/cosmetic.lv\/lv\/product\/gmt-bust-firming-mask\/#breadcrumb","itemListElement":[{"@type":"ListItem","position":1,"name":"Home","item":"https:\/\/cosmetic.lv\/lv\/"},{"@type":"ListItem","position":2,"name":"Veikals","item":"https:\/\/cosmetic.lv\/lv\/veiklas\/"},{"@type":"ListItem","position":3,"name":"GMT Plastific\u0113jo\u0161\u0101 maska kr\u016bt\u012bm, sejai un dekolt\u0113 BUST FIRMING MASK"}]},{"@type":"WebSite","@id":"https:\/\/cosmetic.lv\/lv\/#website","url":"https:\/\/cosmetic.lv\/lv\/","name":"cosmetic.lv","description":"Profesion\u0101la kosm\u0113tika - Maria Galland, Keune, Arkadija, GMT, Guam, Magiray","publisher":{"@id":"https:\/\/cosmetic.lv\/lv\/#organization"},"potentialAction":[{"@type":"SearchAction","target":{"@type":"EntryPoint","urlTemplate":"https:\/\/cosmetic.lv\/lv\/?s={search_term_string}"},"query-input":{"@type":"PropertyValueSpecification","valueRequired":true,"valueName":"search_term_string"}}],"inLanguage":"lv-LV"},{"@type":"Organization","@id":"https:\/\/cosmetic.lv\/lv\/#organization","name":"COSMETIC.LV","url":"https:\/\/cosmetic.lv\/lv\/","logo":{"@type":"ImageObject","inLanguage":"lv-LV","@id":"https:\/\/cosmetic.lv\/lv\/#\/schema\/logo\/image\/","url":"https:\/\/cosmetic.lv\/wp-content\/uploads\/2021\/02\/cosmetic.lv_logo.jpg","contentUrl":"https:\/\/cosmetic.lv\/wp-content\/uploads\/2021\/02\/cosmetic.lv_logo.jpg","width":596,"height":196,"caption":"COSMETIC.LV"},"image":{"@id":"https:\/\/cosmetic.lv\/lv\/#\/schema\/logo\/image\/"},"sameAs":["https:\/\/www.facebook.com\/cosmetic.lv\/"]}]},"product_price_amount":"22.80","product_price_currency":"EUR","og_availability":"instock","product_availability":"instock","product_retailer_item_id":"01.","product_condition":"new"},"_links":{"self":[{"href":"https:\/\/cosmetic.lv\/lv\/wp-json\/wp\/v2\/product\/34578","targetHints":{"allow":["GET"]}}],"collection":[{"href":"https:\/\/cosmetic.lv\/lv\/wp-json\/wp\/v2\/product"}],"about":[{"href":"https:\/\/cosmetic.lv\/lv\/wp-json\/wp\/v2\/types\/product"}],"wp:featuredmedia":[{"embeddable":true,"href":"https:\/\/cosmetic.lv\/lv\/wp-json\/wp\/v2\/media\/16858"}],"wp:attachment":[{"href":"https:\/\/cosmetic.lv\/lv\/wp-json\/wp\/v2\/media?parent=34578"}],"wp:term":[{"taxonomy":"product_brand","embeddable":true,"href":"https:\/\/cosmetic.lv\/lv\/wp-json\/wp\/v2\/product_brand?post=34578"},{"taxonomy":"product_cat","embeddable":true,"href":"https:\/\/cosmetic.lv\/lv\/wp-json\/wp\/v2\/product_cat?post=34578"},{"taxonomy":"product_tag","embeddable":true,"href":"https:\/\/cosmetic.lv\/lv\/wp-json\/wp\/v2\/product_tag?post=34578"}],"curies":[{"name":"wp","href":"https:\/\/api.w.org\/{rel}","templated":true}]}}