{"id":34579,"date":"2021-02-05T22:43:01","date_gmt":"2021-02-06T17:54:48","guid":{"rendered":"https:\/\/damme.lv\/product\/gmt-rejuvenating-mask\/"},"modified":"2022-01-05T23:21:57","modified_gmt":"2022-01-05T21:21:57","slug":"gmt-rejuvenating-mask","status":"publish","type":"product","link":"https:\/\/cosmetic.lv\/lv\/product\/gmt-rejuvenating-mask\/","title":{"rendered":"GMT Atjaunojo\u0161a kakao maska sejai, dekolt\u0113 un \u0137ermenim   REJUVENATING MASK"},"content":{"rendered":"<p>Kakao un a\u013c\u0123u Peel Off (plastific\u0113jo\u0161a) maska satur bag\u0101t\u012bgi mitrino\u0161u un atjaunojo\u0161u akt\u012bvo vienu kompleksu sausai \u0101dai un ir ar izteikti mitrino\u0161u, \u0101das strukt\u016bru atjaunojo\u0161u un pretnoveco\u0161an\u0101s iedarb\u012bbu. Kakao un a\u013c\u0123u kombin\u0101cijai piem\u012bt re\u0123ener\u0113jo\u0161as \u012bpa\u0161\u012bbas. T\u0101 baro, mitrina un izl\u012bdzina \u0101du, aizsarg\u0101 \u0101du no priek\u0161laic\u012bgas noveco\u0161an\u0101s un nodro\u0161ina tai vesel\u012bgu izskatu. Sald\u0101 kakao smar\u017ea mazina emocion\u0101lo spriedzi, paaugstina dz\u012bv\u012bgumu, uzlabo garast\u0101vokli. Maska paredz\u0113ta sejai, dekolt\u0113 zonai un \u0137ermenim.<\/p>\n<p>LIETO\u0160ANA<br \/>\nVajadz\u012bgo maskas daudzumu sajauc ar istabas temperat\u016bras \u016bdeni un, intens\u012bvi maisot, ieg\u016bst viendab\u012bgu pastu. Masku nekav\u0113joties uzkl\u0101j uz not\u012br\u012btas kakla, dekolt\u0113 un kr\u016b\u0161u zonas \u0101das. \u013bauj tai iedarboties 15 min\u016btes, p\u0113c tam masku var viegli no\u0146emt.<\/p>\n<p>&nbsp;<\/p>\n<p>200g<\/p>\n","protected":false},"excerpt":{"rendered":"<p>Kakao un a\u013c\u0123u Peel Off (plastific\u0113jo\u0161a) maska satur bag\u0101t\u012bgi mitrino\u0161u un atjaunojo\u0161u akt\u012bvo vienu kompleksu sausai \u0101dai un ir ar<\/p>\n","protected":false},"featured_media":16861,"template":"","meta":[],"product_brand":[],"product_cat":[2273,2298,2303],"product_tag":[],"class_list":{"0":"post-34579","1":"product","2":"type-product","3":"status-publish","4":"has-post-thumbnail","6":"product_cat-profesionala-kosmetika-sejai-un-kermenim-lv","7":"product_cat-gmt-lv","8":"product_cat-maska-no-augliem-lv","10":"first","11":"instock","12":"taxable","13":"shipping-taxable","14":"purchasable","15":"product-type-simple"},"yoast_head":"<!-- This site is optimized with the Yoast SEO Premium plugin v27.0 (Yoast SEO v27.0) - https:\/\/yoast.com\/product\/yoast-seo-premium-wordpress\/ -->\n<title>GMT Atjaunojo\u0161a kakao maska sejai, dekolt\u0113 un \u0137ermenim  REJUVENATING MASK - cosmetic.lv<\/title>\n<meta name=\"robots\" content=\"index, follow, max-snippet:-1, max-image-preview:large, max-video-preview:-1\" \/>\n<link rel=\"canonical\" href=\"https:\/\/cosmetic.lv\/lv\/product\/gmt-rejuvenating-mask\/\" \/>\n<meta property=\"og:locale\" content=\"lv_LV\" \/>\n<meta property=\"og:type\" content=\"article\" \/>\n<meta property=\"og:title\" content=\"GMT Atjaunojo\u0161a kakao maska sejai, dekolt\u0113 un \u0137ermenim  REJUVENATING MASK\" \/>\n<meta property=\"og:description\" content=\"Kakao un a\u013c\u0123u Peel Off (plastific\u0113jo\u0161a) maska satur bag\u0101t\u012bgi mitrino\u0161u un atjaunojo\u0161u akt\u012bvo vienu kompleksu sausai \u0101dai un ir ar\" \/>\n<meta property=\"og:url\" content=\"https:\/\/cosmetic.lv\/lv\/product\/gmt-rejuvenating-mask\/\" \/>\n<meta property=\"og:site_name\" content=\"cosmetic.lv\" \/>\n<meta property=\"article:publisher\" content=\"https:\/\/www.facebook.com\/cosmetic.lv\/\" \/>\n<meta property=\"article:modified_time\" content=\"2022-01-05T21:21:57+00:00\" \/>\n<meta property=\"og:image\" content=\"https:\/\/cosmetic.lv\/wp-content\/uploads\/2021\/02\/ejuvenating-mask-1kg-atjaun1-4.jpg\" \/>\n\t<meta property=\"og:image:width\" content=\"535\" \/>\n\t<meta property=\"og:image:height\" content=\"546\" \/>\n\t<meta property=\"og:image:type\" content=\"image\/jpeg\" \/>\n<meta name=\"twitter:card\" content=\"summary_large_image\" \/>\n<script type=\"application\/ld+json\" class=\"yoast-schema-graph\">{\"@context\":\"https:\/\/schema.org\",\"@graph\":[{\"@type\":\"WebPage\",\"@id\":\"https:\/\/cosmetic.lv\/lv\/product\/gmt-rejuvenating-mask\/\",\"url\":\"https:\/\/cosmetic.lv\/lv\/product\/gmt-rejuvenating-mask\/\",\"name\":\"GMT Atjaunojo\u0161a kakao maska sejai, dekolt\u0113 un \u0137ermenim REJUVENATING MASK - cosmetic.lv\",\"isPartOf\":{\"@id\":\"https:\/\/cosmetic.lv\/lv\/#website\"},\"primaryImageOfPage\":{\"@id\":\"https:\/\/cosmetic.lv\/lv\/product\/gmt-rejuvenating-mask\/#primaryimage\"},\"image\":{\"@id\":\"https:\/\/cosmetic.lv\/lv\/product\/gmt-rejuvenating-mask\/#primaryimage\"},\"thumbnailUrl\":\"https:\/\/cosmetic.lv\/wp-content\/uploads\/2021\/02\/ejuvenating-mask-1kg-atjaun1-4.jpg\",\"datePublished\":\"2021-02-06T17:54:48+00:00\",\"dateModified\":\"2022-01-05T21:21:57+00:00\",\"breadcrumb\":{\"@id\":\"https:\/\/cosmetic.lv\/lv\/product\/gmt-rejuvenating-mask\/#breadcrumb\"},\"inLanguage\":\"lv-LV\",\"potentialAction\":[{\"@type\":\"ReadAction\",\"target\":[\"https:\/\/cosmetic.lv\/lv\/product\/gmt-rejuvenating-mask\/\"]}]},{\"@type\":\"ImageObject\",\"inLanguage\":\"lv-LV\",\"@id\":\"https:\/\/cosmetic.lv\/lv\/product\/gmt-rejuvenating-mask\/#primaryimage\",\"url\":\"https:\/\/cosmetic.lv\/wp-content\/uploads\/2021\/02\/ejuvenating-mask-1kg-atjaun1-4.jpg\",\"contentUrl\":\"https:\/\/cosmetic.lv\/wp-content\/uploads\/2021\/02\/ejuvenating-mask-1kg-atjaun1-4.jpg\",\"width\":535,\"height\":546,\"caption\":\"ejuvenating-mask-1kg-atjaun1.jpg\"},{\"@type\":\"BreadcrumbList\",\"@id\":\"https:\/\/cosmetic.lv\/lv\/product\/gmt-rejuvenating-mask\/#breadcrumb\",\"itemListElement\":[{\"@type\":\"ListItem\",\"position\":1,\"name\":\"Home\",\"item\":\"https:\/\/cosmetic.lv\/lv\/\"},{\"@type\":\"ListItem\",\"position\":2,\"name\":\"Veikals\",\"item\":\"https:\/\/cosmetic.lv\/lv\/veiklas\/\"},{\"@type\":\"ListItem\",\"position\":3,\"name\":\"GMT Atjaunojo\u0161a kakao maska sejai, dekolt\u0113 un \u0137ermenim REJUVENATING MASK\"}]},{\"@type\":\"WebSite\",\"@id\":\"https:\/\/cosmetic.lv\/lv\/#website\",\"url\":\"https:\/\/cosmetic.lv\/lv\/\",\"name\":\"cosmetic.lv\",\"description\":\"Profesion\u0101la kosm\u0113tika - Maria Galland, Keune, Arkadija, GMT, Guam, Magiray\",\"publisher\":{\"@id\":\"https:\/\/cosmetic.lv\/lv\/#organization\"},\"potentialAction\":[{\"@type\":\"SearchAction\",\"target\":{\"@type\":\"EntryPoint\",\"urlTemplate\":\"https:\/\/cosmetic.lv\/lv\/?s={search_term_string}\"},\"query-input\":{\"@type\":\"PropertyValueSpecification\",\"valueRequired\":true,\"valueName\":\"search_term_string\"}}],\"inLanguage\":\"lv-LV\"},{\"@type\":\"Organization\",\"@id\":\"https:\/\/cosmetic.lv\/lv\/#organization\",\"name\":\"COSMETIC.LV\",\"url\":\"https:\/\/cosmetic.lv\/lv\/\",\"logo\":{\"@type\":\"ImageObject\",\"inLanguage\":\"lv-LV\",\"@id\":\"https:\/\/cosmetic.lv\/lv\/#\/schema\/logo\/image\/\",\"url\":\"https:\/\/cosmetic.lv\/wp-content\/uploads\/2021\/02\/cosmetic.lv_logo.jpg\",\"contentUrl\":\"https:\/\/cosmetic.lv\/wp-content\/uploads\/2021\/02\/cosmetic.lv_logo.jpg\",\"width\":596,\"height\":196,\"caption\":\"COSMETIC.LV\"},\"image\":{\"@id\":\"https:\/\/cosmetic.lv\/lv\/#\/schema\/logo\/image\/\"},\"sameAs\":[\"https:\/\/www.facebook.com\/cosmetic.lv\/\"]}]}<\/script>\n<meta property=\"product:price:amount\" content=\"22.00\" \/>\n<meta property=\"product:price:currency\" content=\"EUR\" \/>\n<meta property=\"og:availability\" content=\"instock\" \/>\n<meta property=\"product:availability\" content=\"instock\" \/>\n<meta property=\"product:retailer_item_id\" content=\"01.R\" \/>\n<meta property=\"product:condition\" content=\"new\" \/>\n<!-- \/ Yoast SEO Premium plugin. -->","yoast_head_json":{"title":"GMT Atjaunojo\u0161a kakao maska sejai, dekolt\u0113 un \u0137ermenim  REJUVENATING MASK - cosmetic.lv","robots":{"index":"index","follow":"follow","max-snippet":"max-snippet:-1","max-image-preview":"max-image-preview:large","max-video-preview":"max-video-preview:-1"},"canonical":"https:\/\/cosmetic.lv\/lv\/product\/gmt-rejuvenating-mask\/","og_locale":"lv_LV","og_type":"article","og_title":"GMT Atjaunojo\u0161a kakao maska sejai, dekolt\u0113 un \u0137ermenim  REJUVENATING MASK","og_description":"Kakao un a\u013c\u0123u Peel Off (plastific\u0113jo\u0161a) maska satur bag\u0101t\u012bgi mitrino\u0161u un atjaunojo\u0161u akt\u012bvo vienu kompleksu sausai \u0101dai un ir ar","og_url":"https:\/\/cosmetic.lv\/lv\/product\/gmt-rejuvenating-mask\/","og_site_name":"cosmetic.lv","article_publisher":"https:\/\/www.facebook.com\/cosmetic.lv\/","article_modified_time":"2022-01-05T21:21:57+00:00","og_image":[{"width":535,"height":546,"url":"https:\/\/cosmetic.lv\/wp-content\/uploads\/2021\/02\/ejuvenating-mask-1kg-atjaun1-4.jpg","type":"image\/jpeg"}],"twitter_card":"summary_large_image","schema":{"@context":"https:\/\/schema.org","@graph":[{"@type":"WebPage","@id":"https:\/\/cosmetic.lv\/lv\/product\/gmt-rejuvenating-mask\/","url":"https:\/\/cosmetic.lv\/lv\/product\/gmt-rejuvenating-mask\/","name":"GMT Atjaunojo\u0161a kakao maska sejai, dekolt\u0113 un \u0137ermenim REJUVENATING MASK - cosmetic.lv","isPartOf":{"@id":"https:\/\/cosmetic.lv\/lv\/#website"},"primaryImageOfPage":{"@id":"https:\/\/cosmetic.lv\/lv\/product\/gmt-rejuvenating-mask\/#primaryimage"},"image":{"@id":"https:\/\/cosmetic.lv\/lv\/product\/gmt-rejuvenating-mask\/#primaryimage"},"thumbnailUrl":"https:\/\/cosmetic.lv\/wp-content\/uploads\/2021\/02\/ejuvenating-mask-1kg-atjaun1-4.jpg","datePublished":"2021-02-06T17:54:48+00:00","dateModified":"2022-01-05T21:21:57+00:00","breadcrumb":{"@id":"https:\/\/cosmetic.lv\/lv\/product\/gmt-rejuvenating-mask\/#breadcrumb"},"inLanguage":"lv-LV","potentialAction":[{"@type":"ReadAction","target":["https:\/\/cosmetic.lv\/lv\/product\/gmt-rejuvenating-mask\/"]}]},{"@type":"ImageObject","inLanguage":"lv-LV","@id":"https:\/\/cosmetic.lv\/lv\/product\/gmt-rejuvenating-mask\/#primaryimage","url":"https:\/\/cosmetic.lv\/wp-content\/uploads\/2021\/02\/ejuvenating-mask-1kg-atjaun1-4.jpg","contentUrl":"https:\/\/cosmetic.lv\/wp-content\/uploads\/2021\/02\/ejuvenating-mask-1kg-atjaun1-4.jpg","width":535,"height":546,"caption":"ejuvenating-mask-1kg-atjaun1.jpg"},{"@type":"BreadcrumbList","@id":"https:\/\/cosmetic.lv\/lv\/product\/gmt-rejuvenating-mask\/#breadcrumb","itemListElement":[{"@type":"ListItem","position":1,"name":"Home","item":"https:\/\/cosmetic.lv\/lv\/"},{"@type":"ListItem","position":2,"name":"Veikals","item":"https:\/\/cosmetic.lv\/lv\/veiklas\/"},{"@type":"ListItem","position":3,"name":"GMT Atjaunojo\u0161a kakao maska sejai, dekolt\u0113 un \u0137ermenim REJUVENATING MASK"}]},{"@type":"WebSite","@id":"https:\/\/cosmetic.lv\/lv\/#website","url":"https:\/\/cosmetic.lv\/lv\/","name":"cosmetic.lv","description":"Profesion\u0101la kosm\u0113tika - Maria Galland, Keune, Arkadija, GMT, Guam, Magiray","publisher":{"@id":"https:\/\/cosmetic.lv\/lv\/#organization"},"potentialAction":[{"@type":"SearchAction","target":{"@type":"EntryPoint","urlTemplate":"https:\/\/cosmetic.lv\/lv\/?s={search_term_string}"},"query-input":{"@type":"PropertyValueSpecification","valueRequired":true,"valueName":"search_term_string"}}],"inLanguage":"lv-LV"},{"@type":"Organization","@id":"https:\/\/cosmetic.lv\/lv\/#organization","name":"COSMETIC.LV","url":"https:\/\/cosmetic.lv\/lv\/","logo":{"@type":"ImageObject","inLanguage":"lv-LV","@id":"https:\/\/cosmetic.lv\/lv\/#\/schema\/logo\/image\/","url":"https:\/\/cosmetic.lv\/wp-content\/uploads\/2021\/02\/cosmetic.lv_logo.jpg","contentUrl":"https:\/\/cosmetic.lv\/wp-content\/uploads\/2021\/02\/cosmetic.lv_logo.jpg","width":596,"height":196,"caption":"COSMETIC.LV"},"image":{"@id":"https:\/\/cosmetic.lv\/lv\/#\/schema\/logo\/image\/"},"sameAs":["https:\/\/www.facebook.com\/cosmetic.lv\/"]}]},"product_price_amount":"22.00","product_price_currency":"EUR","og_availability":"instock","product_availability":"instock","product_retailer_item_id":"01.R","product_condition":"new"},"_links":{"self":[{"href":"https:\/\/cosmetic.lv\/lv\/wp-json\/wp\/v2\/product\/34579","targetHints":{"allow":["GET"]}}],"collection":[{"href":"https:\/\/cosmetic.lv\/lv\/wp-json\/wp\/v2\/product"}],"about":[{"href":"https:\/\/cosmetic.lv\/lv\/wp-json\/wp\/v2\/types\/product"}],"wp:featuredmedia":[{"embeddable":true,"href":"https:\/\/cosmetic.lv\/lv\/wp-json\/wp\/v2\/media\/16861"}],"wp:attachment":[{"href":"https:\/\/cosmetic.lv\/lv\/wp-json\/wp\/v2\/media?parent=34579"}],"wp:term":[{"taxonomy":"product_brand","embeddable":true,"href":"https:\/\/cosmetic.lv\/lv\/wp-json\/wp\/v2\/product_brand?post=34579"},{"taxonomy":"product_cat","embeddable":true,"href":"https:\/\/cosmetic.lv\/lv\/wp-json\/wp\/v2\/product_cat?post=34579"},{"taxonomy":"product_tag","embeddable":true,"href":"https:\/\/cosmetic.lv\/lv\/wp-json\/wp\/v2\/product_tag?post=34579"}],"curies":[{"name":"wp","href":"https:\/\/api.w.org\/{rel}","templated":true}]}}