{"id":34580,"date":"2021-02-05T22:43:01","date_gmt":"2021-02-06T17:54:48","guid":{"rendered":"https:\/\/damme.lv\/product\/gmt-antiwrinkle-mask-pear-gold\/"},"modified":"2022-01-05T01:01:59","modified_gmt":"2022-01-04T23:01:59","slug":"gmt-antiwrinkle-mask-pear-gold","status":"publish","type":"product","link":"https:\/\/cosmetic.lv\/lv\/product\/gmt-antiwrinkle-mask-pear-gold\/","title":{"rendered":"GMT Pretgrumbu maska zelts un p\u0113rles ANTIWRINKLE MASK Pear &#038; Gold"},"content":{"rendered":"<p>Plastific\u0113jo\u0161a un dzi\u013ci atjaunojo\u0161a maska sejas, kakla, kr\u016b\u0161u un dekolt\u0113 \u0101das kop\u0161anai. Kav\u0113 noveco\u0161an\u0101s procesus \u0101d\u0101, likvid\u0113 noguruma p\u0113das, mitrina, atjauno miner\u0101lvielu l\u012bdzsvaru \u0101d\u0101. \u0100da k\u013c\u016bst atjaunota, mirdzo\u0161a un svaiga.<\/p>\n<p>Luksusa klases maska. Bag\u0101t\u012bg\u0101 anti-age maska ir sp\u0113c\u012bgs \u0101das atjaunot\u0101js. T\u0101 model\u0113, form\u0113 un nostiprina sejas ov\u0101lu. Samazina redzam\u0101s grumbas, nostiprinot, toniz\u0113jot un atjaunojot \u0101du.<\/p>\n<p>Maskas sast\u0101v\u0101 eso\u0161\u0101s a\u013c\u0123es mitrina, m\u012bkstina un baro \u0101du, atjauno \u0101das aizsargsp\u0113jas. Maska satur 100% dab\u012bgu p\u0113r\u013cu p\u016bderi, kura unik\u0101lais pamatsast\u0101vs \u2013 kalcija s\u0101\u013ci (aragon\u012bts) regul\u0113 \u0101das aizsargsp\u0113jas un vesel\u012bbu, un p\u0113r\u013cu prote\u012bns (konhiol\u012bns) nodro\u0161ina dab\u012bgo \u0101das UV aizsardz\u012bbu, regul\u0113 \u0101das fiziolo\u0123isko Ph, aktiviz\u0113 \u0101das \u0161\u016bnu dabisk\u0101s atjauno\u0161an\u0101s funkcijas un normaliz\u0113 \u0101das \u0161\u016bnu vielmai\u0146u. Zelta da\u013ci\u0146as darbojas k\u0101 antioksidants, t\u0101s sekm\u0113 \u0101das atjauno\u0161anos, kav\u0113 noveco\u0161an\u0101s procesus \u0101d\u0101, pastiprina liftinga efektu un izl\u012bdzina \u0101das toni, uzlabo \u0101das \u0161\u016bnu elpo\u0161anu un vielmai\u0146as procesus \u0101d\u0101, sekm\u0113 \u0101das apasi\u0146o\u0161anu, izvada vielmai\u0146as galaproduktus un toks\u012bnus, samazina iekaisuma procesus \u0101d\u0101.<\/p>\n<p>P\u0113r\u013cu un zelta ekstrakts sniedz \u0101dai jaun\u012bbas mirdzumu.<\/p>\n<p>LIETO\u0160ANA<br \/>\nVajadz\u012bgo maskas daudzumu (30 \u2013 100 gr) sajauc ar istabas temperat\u016bras \u016bdeni (90 \u2013 300 ml) un, intens\u012bvi maisot, ieg\u016bst viendab\u012bgu pastu. Masku nekav\u0113joties uzkl\u0101j uz not\u012br\u012btas sejas, kakla, dekolt\u0113 un kr\u016b\u0161u zonas \u0101das. \u013bauj tai iedarboties 15 min\u016btes, p\u0113c tam masku var viegli no\u0146emt k\u0101 pl\u0113vi.<\/p>\n<p>&nbsp;<\/p>\n<p>200ml<\/p>\n","protected":false},"excerpt":{"rendered":"<p>Plastific\u0113jo\u0161a un dzi\u013ci atjaunojo\u0161a maska sejas, kakla, kr\u016b\u0161u un dekolt\u0113 \u0101das kop\u0161anai. Kav\u0113 noveco\u0161an\u0101s procesus \u0101d\u0101, likvid\u0113 noguruma p\u0113das, mitrina,<\/p>\n","protected":false},"featured_media":16864,"template":"","meta":[],"product_brand":[],"product_cat":[2273,2298,2303],"product_tag":[],"class_list":{"0":"post-34580","1":"product","2":"type-product","3":"status-publish","4":"has-post-thumbnail","6":"product_cat-profesionala-kosmetika-sejai-un-kermenim-lv","7":"product_cat-gmt-lv","8":"product_cat-maska-no-augliem-lv","10":"first","11":"outofstock","12":"taxable","13":"shipping-taxable","14":"purchasable","15":"product-type-simple"},"yoast_head":"<!-- This site is optimized with the Yoast SEO Premium plugin v27.0 (Yoast SEO v27.0) - https:\/\/yoast.com\/product\/yoast-seo-premium-wordpress\/ -->\n<title>GMT Pretgrumbu maska zelts un p\u0113rles ANTIWRINKLE MASK Pear &amp; Gold - cosmetic.lv<\/title>\n<meta name=\"robots\" content=\"index, follow, max-snippet:-1, max-image-preview:large, max-video-preview:-1\" \/>\n<link rel=\"canonical\" href=\"https:\/\/cosmetic.lv\/lv\/product\/gmt-antiwrinkle-mask-pear-gold\/\" \/>\n<meta property=\"og:locale\" content=\"lv_LV\" \/>\n<meta property=\"og:type\" content=\"article\" \/>\n<meta property=\"og:title\" content=\"GMT Pretgrumbu maska zelts un p\u0113rles ANTIWRINKLE MASK Pear &amp; Gold\" \/>\n<meta property=\"og:description\" content=\"Plastific\u0113jo\u0161a un dzi\u013ci atjaunojo\u0161a maska sejas, kakla, kr\u016b\u0161u un dekolt\u0113 \u0101das kop\u0161anai. Kav\u0113 noveco\u0161an\u0101s procesus \u0101d\u0101, likvid\u0113 noguruma p\u0113das, mitrina,\" \/>\n<meta property=\"og:url\" content=\"https:\/\/cosmetic.lv\/lv\/product\/gmt-antiwrinkle-mask-pear-gold\/\" \/>\n<meta property=\"og:site_name\" content=\"cosmetic.lv\" \/>\n<meta property=\"article:publisher\" content=\"https:\/\/www.facebook.com\/cosmetic.lv\/\" \/>\n<meta property=\"article:modified_time\" content=\"2022-01-04T23:01:59+00:00\" \/>\n<meta property=\"og:image\" content=\"https:\/\/cosmetic.lv\/wp-content\/uploads\/2021\/02\/ntiwrinkle-mask-perl-gold-1kg-pretgrumbu-maska-zelts-perle1-4.jpg\" \/>\n\t<meta property=\"og:image:width\" content=\"535\" \/>\n\t<meta property=\"og:image:height\" content=\"546\" \/>\n\t<meta property=\"og:image:type\" content=\"image\/jpeg\" \/>\n<meta name=\"twitter:card\" content=\"summary_large_image\" \/>\n<script type=\"application\/ld+json\" class=\"yoast-schema-graph\">{\"@context\":\"https:\/\/schema.org\",\"@graph\":[{\"@type\":\"WebPage\",\"@id\":\"https:\/\/cosmetic.lv\/lv\/product\/gmt-antiwrinkle-mask-pear-gold\/\",\"url\":\"https:\/\/cosmetic.lv\/lv\/product\/gmt-antiwrinkle-mask-pear-gold\/\",\"name\":\"GMT Pretgrumbu maska zelts un p\u0113rles ANTIWRINKLE MASK Pear & Gold - cosmetic.lv\",\"isPartOf\":{\"@id\":\"https:\/\/cosmetic.lv\/lv\/#website\"},\"primaryImageOfPage\":{\"@id\":\"https:\/\/cosmetic.lv\/lv\/product\/gmt-antiwrinkle-mask-pear-gold\/#primaryimage\"},\"image\":{\"@id\":\"https:\/\/cosmetic.lv\/lv\/product\/gmt-antiwrinkle-mask-pear-gold\/#primaryimage\"},\"thumbnailUrl\":\"https:\/\/cosmetic.lv\/wp-content\/uploads\/2021\/02\/ntiwrinkle-mask-perl-gold-1kg-pretgrumbu-maska-zelts-perle1-4.jpg\",\"datePublished\":\"2021-02-06T17:54:48+00:00\",\"dateModified\":\"2022-01-04T23:01:59+00:00\",\"breadcrumb\":{\"@id\":\"https:\/\/cosmetic.lv\/lv\/product\/gmt-antiwrinkle-mask-pear-gold\/#breadcrumb\"},\"inLanguage\":\"lv-LV\",\"potentialAction\":[{\"@type\":\"ReadAction\",\"target\":[\"https:\/\/cosmetic.lv\/lv\/product\/gmt-antiwrinkle-mask-pear-gold\/\"]}]},{\"@type\":\"ImageObject\",\"inLanguage\":\"lv-LV\",\"@id\":\"https:\/\/cosmetic.lv\/lv\/product\/gmt-antiwrinkle-mask-pear-gold\/#primaryimage\",\"url\":\"https:\/\/cosmetic.lv\/wp-content\/uploads\/2021\/02\/ntiwrinkle-mask-perl-gold-1kg-pretgrumbu-maska-zelts-perle1-4.jpg\",\"contentUrl\":\"https:\/\/cosmetic.lv\/wp-content\/uploads\/2021\/02\/ntiwrinkle-mask-perl-gold-1kg-pretgrumbu-maska-zelts-perle1-4.jpg\",\"width\":535,\"height\":546,\"caption\":\"ntiwrinkle-mask-perl-gold-1kg-pretgrumbu-maska-zelts-perle1.jpg\"},{\"@type\":\"BreadcrumbList\",\"@id\":\"https:\/\/cosmetic.lv\/lv\/product\/gmt-antiwrinkle-mask-pear-gold\/#breadcrumb\",\"itemListElement\":[{\"@type\":\"ListItem\",\"position\":1,\"name\":\"Home\",\"item\":\"https:\/\/cosmetic.lv\/lv\/\"},{\"@type\":\"ListItem\",\"position\":2,\"name\":\"Veikals\",\"item\":\"https:\/\/cosmetic.lv\/lv\/veiklas\/\"},{\"@type\":\"ListItem\",\"position\":3,\"name\":\"GMT Pretgrumbu maska zelts un p\u0113rles ANTIWRINKLE MASK Pear &#038; Gold\"}]},{\"@type\":\"WebSite\",\"@id\":\"https:\/\/cosmetic.lv\/lv\/#website\",\"url\":\"https:\/\/cosmetic.lv\/lv\/\",\"name\":\"cosmetic.lv\",\"description\":\"Profesion\u0101la kosm\u0113tika - Maria Galland, Keune, Arkadija, GMT, Guam, Magiray\",\"publisher\":{\"@id\":\"https:\/\/cosmetic.lv\/lv\/#organization\"},\"potentialAction\":[{\"@type\":\"SearchAction\",\"target\":{\"@type\":\"EntryPoint\",\"urlTemplate\":\"https:\/\/cosmetic.lv\/lv\/?s={search_term_string}\"},\"query-input\":{\"@type\":\"PropertyValueSpecification\",\"valueRequired\":true,\"valueName\":\"search_term_string\"}}],\"inLanguage\":\"lv-LV\"},{\"@type\":\"Organization\",\"@id\":\"https:\/\/cosmetic.lv\/lv\/#organization\",\"name\":\"COSMETIC.LV\",\"url\":\"https:\/\/cosmetic.lv\/lv\/\",\"logo\":{\"@type\":\"ImageObject\",\"inLanguage\":\"lv-LV\",\"@id\":\"https:\/\/cosmetic.lv\/lv\/#\/schema\/logo\/image\/\",\"url\":\"https:\/\/cosmetic.lv\/wp-content\/uploads\/2021\/02\/cosmetic.lv_logo.jpg\",\"contentUrl\":\"https:\/\/cosmetic.lv\/wp-content\/uploads\/2021\/02\/cosmetic.lv_logo.jpg\",\"width\":596,\"height\":196,\"caption\":\"COSMETIC.LV\"},\"image\":{\"@id\":\"https:\/\/cosmetic.lv\/lv\/#\/schema\/logo\/image\/\"},\"sameAs\":[\"https:\/\/www.facebook.com\/cosmetic.lv\/\"]}]}<\/script>\n<meta property=\"product:price:amount\" content=\"29.00\" \/>\n<meta property=\"product:price:currency\" content=\"EUR\" \/>\n<meta property=\"og:availability\" content=\"out of stock\" \/>\n<meta property=\"product:availability\" content=\"out of stock\" \/>\n<meta property=\"product:retailer_item_id\" content=\"010101\" \/>\n<meta property=\"product:condition\" content=\"new\" \/>\n<!-- \/ Yoast SEO Premium plugin. -->","yoast_head_json":{"title":"GMT Pretgrumbu maska zelts un p\u0113rles ANTIWRINKLE MASK Pear & Gold - cosmetic.lv","robots":{"index":"index","follow":"follow","max-snippet":"max-snippet:-1","max-image-preview":"max-image-preview:large","max-video-preview":"max-video-preview:-1"},"canonical":"https:\/\/cosmetic.lv\/lv\/product\/gmt-antiwrinkle-mask-pear-gold\/","og_locale":"lv_LV","og_type":"article","og_title":"GMT Pretgrumbu maska zelts un p\u0113rles ANTIWRINKLE MASK Pear & Gold","og_description":"Plastific\u0113jo\u0161a un dzi\u013ci atjaunojo\u0161a maska sejas, kakla, kr\u016b\u0161u un dekolt\u0113 \u0101das kop\u0161anai. Kav\u0113 noveco\u0161an\u0101s procesus \u0101d\u0101, likvid\u0113 noguruma p\u0113das, mitrina,","og_url":"https:\/\/cosmetic.lv\/lv\/product\/gmt-antiwrinkle-mask-pear-gold\/","og_site_name":"cosmetic.lv","article_publisher":"https:\/\/www.facebook.com\/cosmetic.lv\/","article_modified_time":"2022-01-04T23:01:59+00:00","og_image":[{"width":535,"height":546,"url":"https:\/\/cosmetic.lv\/wp-content\/uploads\/2021\/02\/ntiwrinkle-mask-perl-gold-1kg-pretgrumbu-maska-zelts-perle1-4.jpg","type":"image\/jpeg"}],"twitter_card":"summary_large_image","schema":{"@context":"https:\/\/schema.org","@graph":[{"@type":"WebPage","@id":"https:\/\/cosmetic.lv\/lv\/product\/gmt-antiwrinkle-mask-pear-gold\/","url":"https:\/\/cosmetic.lv\/lv\/product\/gmt-antiwrinkle-mask-pear-gold\/","name":"GMT Pretgrumbu maska zelts un p\u0113rles ANTIWRINKLE MASK Pear & Gold - cosmetic.lv","isPartOf":{"@id":"https:\/\/cosmetic.lv\/lv\/#website"},"primaryImageOfPage":{"@id":"https:\/\/cosmetic.lv\/lv\/product\/gmt-antiwrinkle-mask-pear-gold\/#primaryimage"},"image":{"@id":"https:\/\/cosmetic.lv\/lv\/product\/gmt-antiwrinkle-mask-pear-gold\/#primaryimage"},"thumbnailUrl":"https:\/\/cosmetic.lv\/wp-content\/uploads\/2021\/02\/ntiwrinkle-mask-perl-gold-1kg-pretgrumbu-maska-zelts-perle1-4.jpg","datePublished":"2021-02-06T17:54:48+00:00","dateModified":"2022-01-04T23:01:59+00:00","breadcrumb":{"@id":"https:\/\/cosmetic.lv\/lv\/product\/gmt-antiwrinkle-mask-pear-gold\/#breadcrumb"},"inLanguage":"lv-LV","potentialAction":[{"@type":"ReadAction","target":["https:\/\/cosmetic.lv\/lv\/product\/gmt-antiwrinkle-mask-pear-gold\/"]}]},{"@type":"ImageObject","inLanguage":"lv-LV","@id":"https:\/\/cosmetic.lv\/lv\/product\/gmt-antiwrinkle-mask-pear-gold\/#primaryimage","url":"https:\/\/cosmetic.lv\/wp-content\/uploads\/2021\/02\/ntiwrinkle-mask-perl-gold-1kg-pretgrumbu-maska-zelts-perle1-4.jpg","contentUrl":"https:\/\/cosmetic.lv\/wp-content\/uploads\/2021\/02\/ntiwrinkle-mask-perl-gold-1kg-pretgrumbu-maska-zelts-perle1-4.jpg","width":535,"height":546,"caption":"ntiwrinkle-mask-perl-gold-1kg-pretgrumbu-maska-zelts-perle1.jpg"},{"@type":"BreadcrumbList","@id":"https:\/\/cosmetic.lv\/lv\/product\/gmt-antiwrinkle-mask-pear-gold\/#breadcrumb","itemListElement":[{"@type":"ListItem","position":1,"name":"Home","item":"https:\/\/cosmetic.lv\/lv\/"},{"@type":"ListItem","position":2,"name":"Veikals","item":"https:\/\/cosmetic.lv\/lv\/veiklas\/"},{"@type":"ListItem","position":3,"name":"GMT Pretgrumbu maska zelts un p\u0113rles ANTIWRINKLE MASK Pear &#038; Gold"}]},{"@type":"WebSite","@id":"https:\/\/cosmetic.lv\/lv\/#website","url":"https:\/\/cosmetic.lv\/lv\/","name":"cosmetic.lv","description":"Profesion\u0101la kosm\u0113tika - Maria Galland, Keune, Arkadija, GMT, Guam, Magiray","publisher":{"@id":"https:\/\/cosmetic.lv\/lv\/#organization"},"potentialAction":[{"@type":"SearchAction","target":{"@type":"EntryPoint","urlTemplate":"https:\/\/cosmetic.lv\/lv\/?s={search_term_string}"},"query-input":{"@type":"PropertyValueSpecification","valueRequired":true,"valueName":"search_term_string"}}],"inLanguage":"lv-LV"},{"@type":"Organization","@id":"https:\/\/cosmetic.lv\/lv\/#organization","name":"COSMETIC.LV","url":"https:\/\/cosmetic.lv\/lv\/","logo":{"@type":"ImageObject","inLanguage":"lv-LV","@id":"https:\/\/cosmetic.lv\/lv\/#\/schema\/logo\/image\/","url":"https:\/\/cosmetic.lv\/wp-content\/uploads\/2021\/02\/cosmetic.lv_logo.jpg","contentUrl":"https:\/\/cosmetic.lv\/wp-content\/uploads\/2021\/02\/cosmetic.lv_logo.jpg","width":596,"height":196,"caption":"COSMETIC.LV"},"image":{"@id":"https:\/\/cosmetic.lv\/lv\/#\/schema\/logo\/image\/"},"sameAs":["https:\/\/www.facebook.com\/cosmetic.lv\/"]}]},"product_price_amount":"29.00","product_price_currency":"EUR","og_availability":"out of stock","product_availability":"out of stock","product_retailer_item_id":"010101","product_condition":"new"},"_links":{"self":[{"href":"https:\/\/cosmetic.lv\/lv\/wp-json\/wp\/v2\/product\/34580","targetHints":{"allow":["GET"]}}],"collection":[{"href":"https:\/\/cosmetic.lv\/lv\/wp-json\/wp\/v2\/product"}],"about":[{"href":"https:\/\/cosmetic.lv\/lv\/wp-json\/wp\/v2\/types\/product"}],"wp:featuredmedia":[{"embeddable":true,"href":"https:\/\/cosmetic.lv\/lv\/wp-json\/wp\/v2\/media\/16864"}],"wp:attachment":[{"href":"https:\/\/cosmetic.lv\/lv\/wp-json\/wp\/v2\/media?parent=34580"}],"wp:term":[{"taxonomy":"product_brand","embeddable":true,"href":"https:\/\/cosmetic.lv\/lv\/wp-json\/wp\/v2\/product_brand?post=34580"},{"taxonomy":"product_cat","embeddable":true,"href":"https:\/\/cosmetic.lv\/lv\/wp-json\/wp\/v2\/product_cat?post=34580"},{"taxonomy":"product_tag","embeddable":true,"href":"https:\/\/cosmetic.lv\/lv\/wp-json\/wp\/v2\/product_tag?post=34580"}],"curies":[{"name":"wp","href":"https:\/\/api.w.org\/{rel}","templated":true}]}}