{"id":34584,"date":"2021-02-05T22:43:10","date_gmt":"2021-02-06T17:54:57","guid":{"rendered":"https:\/\/damme.lv\/product\/gmt-anti-age-eye-contoure-cream-50ml\/"},"modified":"2021-02-06T19:54:58","modified_gmt":"2021-02-06T17:54:58","slug":"gmt-anti-age-eye-contoure-cream-50ml","status":"publish","type":"product","link":"https:\/\/cosmetic.lv\/lv\/product\/gmt-anti-age-eye-contoure-cream-50ml\/","title":{"rendered":"GMT ANTI-AGE EYE CONTOURE CREAM 50ml"},"content":{"rendered":"<p>Maigais kont\u016brkr\u0113ms saudz\u012bgi kopj \u0101du ap ac\u012bm. Inovat\u012bvo akt\u012bvo vielu kombin\u0101cija ar augstv\u0113rt\u012bgaj\u0101m augu e\u013c\u013c\u0101m, progres\u012bvajiem \u0101das mitrin\u0101t\u0101jiem un antioksidantiem ac\u012bmredzami samazina \u0101das noveco\u0161an\u0101s paz\u012bmes, nostiprinot \u0101du acu zon\u0101. Inovat\u012bv\u0101 augu ekstraktu un kofe\u012bna atvasin\u0101jumu kombin\u0101cija perfekti un t\u016bl\u012bt\u0113ji samazina m\u012bmikas grumbi\u0146as ap ac\u012bm. Anti-age acu kont\u016brkr\u0113ms ir jaun\u0101k\u0101s paaudzes alternat\u012bva botoksa injekcij\u0101m. Kr\u0113ms efekt\u012bvi nov\u0113r\u0161 noguruma p\u0113das, lokus un maisi\u0146us zem ac\u012bm.<\/p>\n<p>ANTI-AGE ACU KONT\u016aRKR\u0112MS dzi\u013ci mitrina un nostiprina \u0101das strukt\u016bru. \u0100das dzi\u013cie mitrin\u0101t\u0101ji \u2013 PENTAVITIN\u00ae molekulas \u2013 akt\u012bvi piesaista \u016bdeni un nodro\u0161ina \u0101das mitrin\u0101\u0161anu 72 h garum\u0101. Savuk\u0101rt piensk\u0101be normaliz\u0113 epiteliz\u0101cijas procesu, uzlabo \u0101das mitrin\u0101\u0161anu un t\u0101s elast\u012bbu, veicinot \u201estarp\u0161\u016bnu vielas\u201d (glikozaminoglik\u0101nu) sint\u0113zi. Produkta sast\u0101v\u0101 eso\u0161ie dab\u012bgie sil\u012bcija avoti paaugstina hidroksiprol\u012bna \u2013 aminosk\u0101bes \u2013 l\u012bmeni audos, ietekm\u0113jot saistaudu \u0161\u0137iedru sint\u0113zi. Atjaunojas saistaudu vitalit\u0101te un to sp\u0113ja piesaist\u012bt \u016bdeni.<\/p>\n<p>Bag\u0101t\u012bg\u0101 antioksidantu kombin\u0101cija efekt\u012bvi c\u012bn\u0101s pret br\u012bvajiem radik\u0101\u013ciem, stimul\u0113 kolag\u0113na sint\u0113zi.<\/p>\n<p>SVELTAM\u2122 samazina t\u016bsku un nostiprina \u0101das elast\u012bbu. Tas samazina t\u0101das \u0101das noveco\u0161an\u0101s paz\u012bmes, k\u0101 grumbas un vieglas krunci\u0146as, nespodru \u0101das kr\u0101su, tum\u0161us lokus un \u0101das nosl\u012bd\u0113jumus \u2013 elasticit\u0101tes zudumu -, aizsarg\u0101 pret UV rad\u012btajiem \u0101das boj\u0101jumiem un labo tos, k\u0101 ar\u012b, samazina piet\u016bkumu acu apvid\u016b.<\/p>\n<p>Gatuline\u00ae Expression (Acmella oleracea extract) \u2013 tropiska auga izcelsmes alternat\u012bva botoksam, kas nodro\u0161ina t\u016bl\u012bt\u0113ju m\u012bmikas grumbi\u0146u samazin\u0101\u0161anu.<\/p>\n<p>\u0160\u012b pretgrumbu sast\u0101vda\u013ca ir p\u0101rbaud\u012bts l\u012bdzeklis gludai \u0101dai.<\/p>\n<p>LIETO\u0160ANA<br \/>\nANTI-AGE ACU KONT\u016aRKR\u0112MU uzkl\u0101j uz acu zonas uzreiz p\u0113c proced\u016bras.<\/p>\n<p>Kr\u0113mu ieteicams lietot sejas kop\u0161anas proced\u016br\u0101s, kas atjauno mitruma l\u012bmeni \u0101d\u0101 un anti\u2013age proced\u016br\u0101s.<\/p>\n<p>Ide\u0101ls kosm\u0113tiskais l\u012bdzeklis, gatavojoties kosm\u0113tisk\u0101m manipul\u0101cij\u0101m, k\u0101 ar\u012b rehabilit\u0101cij\u0101 p\u0113c plastisk\u0101s \u0137irur\u0123ijas.<\/p>\n","protected":false},"excerpt":{"rendered":"<p>Maigais kont\u016brkr\u0113ms saudz\u012bgi kopj \u0101du ap ac\u012bm. Inovat\u012bvo akt\u012bvo vielu kombin\u0101cija ar augstv\u0113rt\u012bgaj\u0101m augu e\u013c\u013c\u0101m, progres\u012bvajiem \u0101das mitrin\u0101t\u0101jiem un antioksidantiem<\/p>\n","protected":false},"featured_media":16874,"template":"","meta":[],"product_brand":[],"product_cat":[2273,2298,2300],"product_tag":[],"class_list":{"0":"post-34584","1":"product","2":"type-product","3":"status-publish","4":"has-post-thumbnail","6":"product_cat-profesionala-kosmetika-sejai-un-kermenim-lv","7":"product_cat-gmt-lv","8":"product_cat-natura-conceptprof-sejai-lv","10":"first","11":"outofstock","12":"taxable","13":"shipping-taxable","14":"purchasable","15":"product-type-simple"},"yoast_head":"<!-- This site is optimized with the Yoast SEO Premium plugin v27.0 (Yoast SEO v27.0) - https:\/\/yoast.com\/product\/yoast-seo-premium-wordpress\/ -->\n<title>GMT ANTI-AGE EYE CONTOURE CREAM 50ml - cosmetic.lv<\/title>\n<meta name=\"robots\" content=\"index, follow, max-snippet:-1, max-image-preview:large, max-video-preview:-1\" \/>\n<link rel=\"canonical\" href=\"https:\/\/cosmetic.lv\/lv\/product\/gmt-anti-age-eye-contoure-cream-50ml\/\" \/>\n<meta property=\"og:locale\" content=\"lv_LV\" \/>\n<meta property=\"og:type\" content=\"article\" \/>\n<meta property=\"og:title\" content=\"GMT ANTI-AGE EYE CONTOURE CREAM 50ml\" \/>\n<meta property=\"og:description\" content=\"Maigais kont\u016brkr\u0113ms saudz\u012bgi kopj \u0101du ap ac\u012bm. Inovat\u012bvo akt\u012bvo vielu kombin\u0101cija ar augstv\u0113rt\u012bgaj\u0101m augu e\u013c\u013c\u0101m, progres\u012bvajiem \u0101das mitrin\u0101t\u0101jiem un antioksidantiem\" \/>\n<meta property=\"og:url\" content=\"https:\/\/cosmetic.lv\/lv\/product\/gmt-anti-age-eye-contoure-cream-50ml\/\" \/>\n<meta property=\"og:site_name\" content=\"cosmetic.lv\" \/>\n<meta property=\"article:publisher\" content=\"https:\/\/www.facebook.com\/cosmetic.lv\/\" \/>\n<meta property=\"article:modified_time\" content=\"2021-02-06T17:54:58+00:00\" \/>\n<meta property=\"og:image\" content=\"https:\/\/cosmetic.lv\/wp-content\/uploads\/2021\/02\/anti-age-eye-contour-cream-professional-2-7.jpg\" \/>\n\t<meta property=\"og:image:width\" content=\"535\" \/>\n\t<meta property=\"og:image:height\" content=\"546\" \/>\n\t<meta property=\"og:image:type\" content=\"image\/jpeg\" \/>\n<meta name=\"twitter:card\" content=\"summary_large_image\" \/>\n<script type=\"application\/ld+json\" class=\"yoast-schema-graph\">{\"@context\":\"https:\/\/schema.org\",\"@graph\":[{\"@type\":\"WebPage\",\"@id\":\"https:\/\/cosmetic.lv\/lv\/product\/gmt-anti-age-eye-contoure-cream-50ml\/\",\"url\":\"https:\/\/cosmetic.lv\/lv\/product\/gmt-anti-age-eye-contoure-cream-50ml\/\",\"name\":\"GMT ANTI-AGE EYE CONTOURE CREAM 50ml - cosmetic.lv\",\"isPartOf\":{\"@id\":\"https:\/\/cosmetic.lv\/lv\/#website\"},\"primaryImageOfPage\":{\"@id\":\"https:\/\/cosmetic.lv\/lv\/product\/gmt-anti-age-eye-contoure-cream-50ml\/#primaryimage\"},\"image\":{\"@id\":\"https:\/\/cosmetic.lv\/lv\/product\/gmt-anti-age-eye-contoure-cream-50ml\/#primaryimage\"},\"thumbnailUrl\":\"https:\/\/cosmetic.lv\/wp-content\/uploads\/2021\/02\/anti-age-eye-contour-cream-professional-2-7.jpg\",\"datePublished\":\"2021-02-06T17:54:57+00:00\",\"dateModified\":\"2021-02-06T17:54:58+00:00\",\"breadcrumb\":{\"@id\":\"https:\/\/cosmetic.lv\/lv\/product\/gmt-anti-age-eye-contoure-cream-50ml\/#breadcrumb\"},\"inLanguage\":\"lv-LV\",\"potentialAction\":[{\"@type\":\"ReadAction\",\"target\":[\"https:\/\/cosmetic.lv\/lv\/product\/gmt-anti-age-eye-contoure-cream-50ml\/\"]}]},{\"@type\":\"ImageObject\",\"inLanguage\":\"lv-LV\",\"@id\":\"https:\/\/cosmetic.lv\/lv\/product\/gmt-anti-age-eye-contoure-cream-50ml\/#primaryimage\",\"url\":\"https:\/\/cosmetic.lv\/wp-content\/uploads\/2021\/02\/anti-age-eye-contour-cream-professional-2-7.jpg\",\"contentUrl\":\"https:\/\/cosmetic.lv\/wp-content\/uploads\/2021\/02\/anti-age-eye-contour-cream-professional-2-7.jpg\",\"width\":535,\"height\":546,\"caption\":\"anti-age-eye-contour-cream-professional-2.jpg\"},{\"@type\":\"BreadcrumbList\",\"@id\":\"https:\/\/cosmetic.lv\/lv\/product\/gmt-anti-age-eye-contoure-cream-50ml\/#breadcrumb\",\"itemListElement\":[{\"@type\":\"ListItem\",\"position\":1,\"name\":\"Home\",\"item\":\"https:\/\/cosmetic.lv\/lv\/\"},{\"@type\":\"ListItem\",\"position\":2,\"name\":\"Veikals\",\"item\":\"https:\/\/cosmetic.lv\/lv\/veiklas\/\"},{\"@type\":\"ListItem\",\"position\":3,\"name\":\"GMT ANTI-AGE EYE CONTOURE CREAM 50ml\"}]},{\"@type\":\"WebSite\",\"@id\":\"https:\/\/cosmetic.lv\/lv\/#website\",\"url\":\"https:\/\/cosmetic.lv\/lv\/\",\"name\":\"cosmetic.lv\",\"description\":\"Profesion\u0101la kosm\u0113tika - Maria Galland, Keune, Arkadija, GMT, Guam, Magiray\",\"publisher\":{\"@id\":\"https:\/\/cosmetic.lv\/lv\/#organization\"},\"potentialAction\":[{\"@type\":\"SearchAction\",\"target\":{\"@type\":\"EntryPoint\",\"urlTemplate\":\"https:\/\/cosmetic.lv\/lv\/?s={search_term_string}\"},\"query-input\":{\"@type\":\"PropertyValueSpecification\",\"valueRequired\":true,\"valueName\":\"search_term_string\"}}],\"inLanguage\":\"lv-LV\"},{\"@type\":\"Organization\",\"@id\":\"https:\/\/cosmetic.lv\/lv\/#organization\",\"name\":\"COSMETIC.LV\",\"url\":\"https:\/\/cosmetic.lv\/lv\/\",\"logo\":{\"@type\":\"ImageObject\",\"inLanguage\":\"lv-LV\",\"@id\":\"https:\/\/cosmetic.lv\/lv\/#\/schema\/logo\/image\/\",\"url\":\"https:\/\/cosmetic.lv\/wp-content\/uploads\/2021\/02\/cosmetic.lv_logo.jpg\",\"contentUrl\":\"https:\/\/cosmetic.lv\/wp-content\/uploads\/2021\/02\/cosmetic.lv_logo.jpg\",\"width\":596,\"height\":196,\"caption\":\"COSMETIC.LV\"},\"image\":{\"@id\":\"https:\/\/cosmetic.lv\/lv\/#\/schema\/logo\/image\/\"},\"sameAs\":[\"https:\/\/www.facebook.com\/cosmetic.lv\/\"]}]}<\/script>\n<meta property=\"product:price:amount\" content=\"36.00\" \/>\n<meta property=\"product:price:currency\" content=\"EUR\" \/>\n<meta property=\"og:availability\" content=\"out of stock\" \/>\n<meta property=\"product:availability\" content=\"out of stock\" \/>\n<meta property=\"product:retailer_item_id\" content=\"fp1001\" \/>\n<meta property=\"product:condition\" content=\"new\" \/>\n<!-- \/ Yoast SEO Premium plugin. -->","yoast_head_json":{"title":"GMT ANTI-AGE EYE CONTOURE CREAM 50ml - cosmetic.lv","robots":{"index":"index","follow":"follow","max-snippet":"max-snippet:-1","max-image-preview":"max-image-preview:large","max-video-preview":"max-video-preview:-1"},"canonical":"https:\/\/cosmetic.lv\/lv\/product\/gmt-anti-age-eye-contoure-cream-50ml\/","og_locale":"lv_LV","og_type":"article","og_title":"GMT ANTI-AGE EYE CONTOURE CREAM 50ml","og_description":"Maigais kont\u016brkr\u0113ms saudz\u012bgi kopj \u0101du ap ac\u012bm. Inovat\u012bvo akt\u012bvo vielu kombin\u0101cija ar augstv\u0113rt\u012bgaj\u0101m augu e\u013c\u013c\u0101m, progres\u012bvajiem \u0101das mitrin\u0101t\u0101jiem un antioksidantiem","og_url":"https:\/\/cosmetic.lv\/lv\/product\/gmt-anti-age-eye-contoure-cream-50ml\/","og_site_name":"cosmetic.lv","article_publisher":"https:\/\/www.facebook.com\/cosmetic.lv\/","article_modified_time":"2021-02-06T17:54:58+00:00","og_image":[{"width":535,"height":546,"url":"https:\/\/cosmetic.lv\/wp-content\/uploads\/2021\/02\/anti-age-eye-contour-cream-professional-2-7.jpg","type":"image\/jpeg"}],"twitter_card":"summary_large_image","schema":{"@context":"https:\/\/schema.org","@graph":[{"@type":"WebPage","@id":"https:\/\/cosmetic.lv\/lv\/product\/gmt-anti-age-eye-contoure-cream-50ml\/","url":"https:\/\/cosmetic.lv\/lv\/product\/gmt-anti-age-eye-contoure-cream-50ml\/","name":"GMT ANTI-AGE EYE CONTOURE CREAM 50ml - cosmetic.lv","isPartOf":{"@id":"https:\/\/cosmetic.lv\/lv\/#website"},"primaryImageOfPage":{"@id":"https:\/\/cosmetic.lv\/lv\/product\/gmt-anti-age-eye-contoure-cream-50ml\/#primaryimage"},"image":{"@id":"https:\/\/cosmetic.lv\/lv\/product\/gmt-anti-age-eye-contoure-cream-50ml\/#primaryimage"},"thumbnailUrl":"https:\/\/cosmetic.lv\/wp-content\/uploads\/2021\/02\/anti-age-eye-contour-cream-professional-2-7.jpg","datePublished":"2021-02-06T17:54:57+00:00","dateModified":"2021-02-06T17:54:58+00:00","breadcrumb":{"@id":"https:\/\/cosmetic.lv\/lv\/product\/gmt-anti-age-eye-contoure-cream-50ml\/#breadcrumb"},"inLanguage":"lv-LV","potentialAction":[{"@type":"ReadAction","target":["https:\/\/cosmetic.lv\/lv\/product\/gmt-anti-age-eye-contoure-cream-50ml\/"]}]},{"@type":"ImageObject","inLanguage":"lv-LV","@id":"https:\/\/cosmetic.lv\/lv\/product\/gmt-anti-age-eye-contoure-cream-50ml\/#primaryimage","url":"https:\/\/cosmetic.lv\/wp-content\/uploads\/2021\/02\/anti-age-eye-contour-cream-professional-2-7.jpg","contentUrl":"https:\/\/cosmetic.lv\/wp-content\/uploads\/2021\/02\/anti-age-eye-contour-cream-professional-2-7.jpg","width":535,"height":546,"caption":"anti-age-eye-contour-cream-professional-2.jpg"},{"@type":"BreadcrumbList","@id":"https:\/\/cosmetic.lv\/lv\/product\/gmt-anti-age-eye-contoure-cream-50ml\/#breadcrumb","itemListElement":[{"@type":"ListItem","position":1,"name":"Home","item":"https:\/\/cosmetic.lv\/lv\/"},{"@type":"ListItem","position":2,"name":"Veikals","item":"https:\/\/cosmetic.lv\/lv\/veiklas\/"},{"@type":"ListItem","position":3,"name":"GMT ANTI-AGE EYE CONTOURE CREAM 50ml"}]},{"@type":"WebSite","@id":"https:\/\/cosmetic.lv\/lv\/#website","url":"https:\/\/cosmetic.lv\/lv\/","name":"cosmetic.lv","description":"Profesion\u0101la kosm\u0113tika - Maria Galland, Keune, Arkadija, GMT, Guam, Magiray","publisher":{"@id":"https:\/\/cosmetic.lv\/lv\/#organization"},"potentialAction":[{"@type":"SearchAction","target":{"@type":"EntryPoint","urlTemplate":"https:\/\/cosmetic.lv\/lv\/?s={search_term_string}"},"query-input":{"@type":"PropertyValueSpecification","valueRequired":true,"valueName":"search_term_string"}}],"inLanguage":"lv-LV"},{"@type":"Organization","@id":"https:\/\/cosmetic.lv\/lv\/#organization","name":"COSMETIC.LV","url":"https:\/\/cosmetic.lv\/lv\/","logo":{"@type":"ImageObject","inLanguage":"lv-LV","@id":"https:\/\/cosmetic.lv\/lv\/#\/schema\/logo\/image\/","url":"https:\/\/cosmetic.lv\/wp-content\/uploads\/2021\/02\/cosmetic.lv_logo.jpg","contentUrl":"https:\/\/cosmetic.lv\/wp-content\/uploads\/2021\/02\/cosmetic.lv_logo.jpg","width":596,"height":196,"caption":"COSMETIC.LV"},"image":{"@id":"https:\/\/cosmetic.lv\/lv\/#\/schema\/logo\/image\/"},"sameAs":["https:\/\/www.facebook.com\/cosmetic.lv\/"]}]},"product_price_amount":"36.00","product_price_currency":"EUR","og_availability":"out of stock","product_availability":"out of stock","product_retailer_item_id":"fp1001","product_condition":"new"},"_links":{"self":[{"href":"https:\/\/cosmetic.lv\/lv\/wp-json\/wp\/v2\/product\/34584","targetHints":{"allow":["GET"]}}],"collection":[{"href":"https:\/\/cosmetic.lv\/lv\/wp-json\/wp\/v2\/product"}],"about":[{"href":"https:\/\/cosmetic.lv\/lv\/wp-json\/wp\/v2\/types\/product"}],"wp:featuredmedia":[{"embeddable":true,"href":"https:\/\/cosmetic.lv\/lv\/wp-json\/wp\/v2\/media\/16874"}],"wp:attachment":[{"href":"https:\/\/cosmetic.lv\/lv\/wp-json\/wp\/v2\/media?parent=34584"}],"wp:term":[{"taxonomy":"product_brand","embeddable":true,"href":"https:\/\/cosmetic.lv\/lv\/wp-json\/wp\/v2\/product_brand?post=34584"},{"taxonomy":"product_cat","embeddable":true,"href":"https:\/\/cosmetic.lv\/lv\/wp-json\/wp\/v2\/product_cat?post=34584"},{"taxonomy":"product_tag","embeddable":true,"href":"https:\/\/cosmetic.lv\/lv\/wp-json\/wp\/v2\/product_tag?post=34584"}],"curies":[{"name":"wp","href":"https:\/\/api.w.org\/{rel}","templated":true}]}}