{"id":34596,"date":"2021-02-05T22:43:10","date_gmt":"2021-02-06T17:55:04","guid":{"rendered":"https:\/\/damme.lv\/product\/gmt-active-drainage-gel-500ml\/"},"modified":"2021-02-06T19:55:06","modified_gmt":"2021-02-06T17:55:06","slug":"gmt-active-drainage-gel-500ml","status":"publish","type":"product","link":"https:\/\/cosmetic.lv\/lv\/product\/gmt-active-drainage-gel-500ml\/","title":{"rendered":"GMT ACTIVE DRAINAGE GEL 500ml"},"content":{"rendered":"<p>Mitrino\u0161s gels ar prett\u016bskas un pretcelul\u012bta efektu. Gela sast\u0101v\u0101 eso\u0161o dab\u012bgo ekstraktu izlasei piem\u012bt izteikta limfas un venozo atteci uzlabojo\u0161a \u0101rstnieciska iedarb\u012bba.<\/p>\n<p>Piem\u0113rots lieto\u0161anai manu\u0101laj\u0101s proced\u016br\u0101s un apar\u0101tproced\u016br\u0101s.<\/p>\n<p>Efejas (Hedera helix) ekstrakts, zirgkasta\u0146as (Aesculus hippocastanum) ekstrakts. Satur bioflavon\u012bdus \u2013 heder\u012bnu, rut\u012bnu un esc\u012bnu -, kuri stiprina venozo un limf\u0101tisko kapil\u0101ru sieni\u0146as, mazina to caurlaid\u012bbu.<\/p>\n<p>citrona mizi\u0146u (Citrus limon x medica) ekstrakts, za\u013c\u0101s t\u0113jas (Camellia sinensis) ekstrakts. Tiem piem\u012bt diur\u0113tiskas \u012bpa\u0161\u012bbas, t\u0101d\u0113j\u0101di nodro\u0161inot optim\u0101lu \u0161\u0137idruma l\u012bdzsvaru organism\u0101.<\/p>\n<p>\u0100das dzi\u013cie mitrin\u0101t\u0101ji \u2013 PENTAVITIN\u00ae molekulas (saccharide isomerate), kas ieg\u016btas no augiem ar biotehnolo\u0123ij\u0101m, un piensk\u0101be (lactic acid).<\/p>\n<p>AKT\u012aVAS DREN\u0100\u017dAS GELS mazina t\u016bsku. K\u0101jas atg\u016bst viegluma saj\u016btu, ieg\u016bst skaisti veidotas aprises un lielisku izskatu.<\/p>\n<p>Produkt\u0101 eso\u0161ie efejas un zirgkasta\u0146as fitoekstrakti uzlabo asinsriti un audu vielmai\u0146u, nodro\u0161inot optim\u0101lu limf\u0101tisk\u0101s un venoz\u0101s sist\u0113mas darb\u012bbu, kas nepiecie\u0161ama, lai saist\u012btu un izvad\u012btu neorganiskas un organiskas izcelsmes toks\u012bnus un pal\u012bdz\u0113tu nov\u0113rst celul\u012btu. Atbr\u012bvo starp\u0161\u016bnu telpu norm\u0101lai limfas pl\u016bsmai. Mazina iekaisuma procesus audos, atjauno norm\u0101lu asinsapg\u0101di un vielmai\u0146u. \u0100zijas cent\u012blijas (Centella asiatica) lapu ekstraktam piem\u012bt \u0101du sp\u0113cino\u0161as un toniz\u0113jo\u0161as \u012bpa\u0161\u012bbas. Tas pal\u012bdz saglab\u0101t kapil\u0101ru, v\u0113nu vesel\u012bbu un \u0101das elast\u012bbu, tvirtumu. Citrona (Citrus limon x medica) mizi\u0146u un za\u013c\u0101s t\u0113jas (Camellia sinensis) ekstraktam piem\u012bt diur\u0113tiskas \u012bpa\u0161\u012bbas. Tas nodro\u0161ina optim\u0101lu \u0161\u0137idruma l\u012bdzsvaru, kas nepiecie\u0161ams, lai nov\u0113rstu celul\u012btu.<\/p>\n<p>LIETO\u0160ANA<br \/>\nAKT\u012aVAS DREN\u0100\u017dAS GELS ieteicams pirms \u0137erme\u0146a aplik\u0101ciju proced\u016br\u0101m (a\u013c\u0123u iet\u012b\u0161an\u0101m, d\u016b\u0146u kompres\u0113m, k\u016bdras kompres\u0113m un mask\u0101m uz m\u0101la un kr\u0113ma b\u0101zes), pirms \u0137erme\u0146a formu kori\u0123\u0113jo\u0161aj\u0101m mas\u0101\u017e\u0101m (limfodren\u0101\u017eas, vakuummas\u0101\u017eas, gaisa z\u0101bakiem u.c.). \u012apa\u0161\u0101s produkta sast\u0101vda\u013cas nodro\u0161ina gelam augstu elektrovad\u012btsp\u0113ju un optim\u0101lu vides pH l\u012bmeni, kas at\u013cauj to lietot elektroterapij\u0101 un ska\u0146as terapij\u0101 (piem\u0113ram, toniz\u0113jo\u0161\u0101s proced\u016br\u0101s ar ultraska\u0146u, mikrostr\u0101v\u0101m).<\/p>\n","protected":false},"excerpt":{"rendered":"<p>Mitrino\u0161s gels ar prett\u016bskas un pretcelul\u012bta efektu. Gela sast\u0101v\u0101 eso\u0161o dab\u012bgo ekstraktu izlasei piem\u012bt izteikta limfas un venozo atteci uzlabojo\u0161a<\/p>\n","protected":false},"featured_media":16908,"template":"","meta":[],"product_brand":[],"product_cat":[2273,2298,2300],"product_tag":[],"class_list":{"0":"post-34596","1":"product","2":"type-product","3":"status-publish","4":"has-post-thumbnail","6":"product_cat-profesionala-kosmetika-sejai-un-kermenim-lv","7":"product_cat-gmt-lv","8":"product_cat-natura-conceptprof-sejai-lv","10":"first","11":"outofstock","12":"taxable","13":"shipping-taxable","14":"purchasable","15":"product-type-simple"},"yoast_head":"<!-- This site is optimized with the Yoast SEO Premium plugin v27.0 (Yoast SEO v27.0) - https:\/\/yoast.com\/product\/yoast-seo-premium-wordpress\/ -->\n<title>GMT ACTIVE DRAINAGE GEL 500ml - cosmetic.lv<\/title>\n<meta name=\"robots\" content=\"index, follow, max-snippet:-1, max-image-preview:large, max-video-preview:-1\" \/>\n<link rel=\"canonical\" href=\"https:\/\/cosmetic.lv\/lv\/product\/gmt-active-drainage-gel-500ml\/\" \/>\n<meta property=\"og:locale\" content=\"lv_LV\" \/>\n<meta property=\"og:type\" content=\"article\" \/>\n<meta property=\"og:title\" content=\"GMT ACTIVE DRAINAGE GEL 500ml\" \/>\n<meta property=\"og:description\" content=\"Mitrino\u0161s gels ar prett\u016bskas un pretcelul\u012bta efektu. Gela sast\u0101v\u0101 eso\u0161o dab\u012bgo ekstraktu izlasei piem\u012bt izteikta limfas un venozo atteci uzlabojo\u0161a\" \/>\n<meta property=\"og:url\" content=\"https:\/\/cosmetic.lv\/lv\/product\/gmt-active-drainage-gel-500ml\/\" \/>\n<meta property=\"og:site_name\" content=\"cosmetic.lv\" \/>\n<meta property=\"article:publisher\" content=\"https:\/\/www.facebook.com\/cosmetic.lv\/\" \/>\n<meta property=\"article:modified_time\" content=\"2021-02-06T17:55:06+00:00\" \/>\n<meta property=\"og:image\" content=\"https:\/\/cosmetic.lv\/wp-content\/uploads\/2021\/02\/1017ctive-draina-4.jpg\" \/>\n\t<meta property=\"og:image:width\" content=\"535\" \/>\n\t<meta property=\"og:image:height\" content=\"546\" \/>\n\t<meta property=\"og:image:type\" content=\"image\/jpeg\" \/>\n<meta name=\"twitter:card\" content=\"summary_large_image\" \/>\n<script type=\"application\/ld+json\" class=\"yoast-schema-graph\">{\"@context\":\"https:\/\/schema.org\",\"@graph\":[{\"@type\":\"WebPage\",\"@id\":\"https:\/\/cosmetic.lv\/lv\/product\/gmt-active-drainage-gel-500ml\/\",\"url\":\"https:\/\/cosmetic.lv\/lv\/product\/gmt-active-drainage-gel-500ml\/\",\"name\":\"GMT ACTIVE DRAINAGE GEL 500ml - cosmetic.lv\",\"isPartOf\":{\"@id\":\"https:\/\/cosmetic.lv\/lv\/#website\"},\"primaryImageOfPage\":{\"@id\":\"https:\/\/cosmetic.lv\/lv\/product\/gmt-active-drainage-gel-500ml\/#primaryimage\"},\"image\":{\"@id\":\"https:\/\/cosmetic.lv\/lv\/product\/gmt-active-drainage-gel-500ml\/#primaryimage\"},\"thumbnailUrl\":\"https:\/\/cosmetic.lv\/wp-content\/uploads\/2021\/02\/1017ctive-draina-4.jpg\",\"datePublished\":\"2021-02-06T17:55:04+00:00\",\"dateModified\":\"2021-02-06T17:55:06+00:00\",\"breadcrumb\":{\"@id\":\"https:\/\/cosmetic.lv\/lv\/product\/gmt-active-drainage-gel-500ml\/#breadcrumb\"},\"inLanguage\":\"lv-LV\",\"potentialAction\":[{\"@type\":\"ReadAction\",\"target\":[\"https:\/\/cosmetic.lv\/lv\/product\/gmt-active-drainage-gel-500ml\/\"]}]},{\"@type\":\"ImageObject\",\"inLanguage\":\"lv-LV\",\"@id\":\"https:\/\/cosmetic.lv\/lv\/product\/gmt-active-drainage-gel-500ml\/#primaryimage\",\"url\":\"https:\/\/cosmetic.lv\/wp-content\/uploads\/2021\/02\/1017ctive-draina-4.jpg\",\"contentUrl\":\"https:\/\/cosmetic.lv\/wp-content\/uploads\/2021\/02\/1017ctive-draina-4.jpg\",\"width\":535,\"height\":546,\"caption\":\"1017ctive-draina.jpg\"},{\"@type\":\"BreadcrumbList\",\"@id\":\"https:\/\/cosmetic.lv\/lv\/product\/gmt-active-drainage-gel-500ml\/#breadcrumb\",\"itemListElement\":[{\"@type\":\"ListItem\",\"position\":1,\"name\":\"Home\",\"item\":\"https:\/\/cosmetic.lv\/lv\/\"},{\"@type\":\"ListItem\",\"position\":2,\"name\":\"Veikals\",\"item\":\"https:\/\/cosmetic.lv\/lv\/veiklas\/\"},{\"@type\":\"ListItem\",\"position\":3,\"name\":\"GMT ACTIVE DRAINAGE GEL 500ml\"}]},{\"@type\":\"WebSite\",\"@id\":\"https:\/\/cosmetic.lv\/lv\/#website\",\"url\":\"https:\/\/cosmetic.lv\/lv\/\",\"name\":\"cosmetic.lv\",\"description\":\"Profesion\u0101la kosm\u0113tika - Maria Galland, Keune, Arkadija, GMT, Guam, Magiray\",\"publisher\":{\"@id\":\"https:\/\/cosmetic.lv\/lv\/#organization\"},\"potentialAction\":[{\"@type\":\"SearchAction\",\"target\":{\"@type\":\"EntryPoint\",\"urlTemplate\":\"https:\/\/cosmetic.lv\/lv\/?s={search_term_string}\"},\"query-input\":{\"@type\":\"PropertyValueSpecification\",\"valueRequired\":true,\"valueName\":\"search_term_string\"}}],\"inLanguage\":\"lv-LV\"},{\"@type\":\"Organization\",\"@id\":\"https:\/\/cosmetic.lv\/lv\/#organization\",\"name\":\"COSMETIC.LV\",\"url\":\"https:\/\/cosmetic.lv\/lv\/\",\"logo\":{\"@type\":\"ImageObject\",\"inLanguage\":\"lv-LV\",\"@id\":\"https:\/\/cosmetic.lv\/lv\/#\/schema\/logo\/image\/\",\"url\":\"https:\/\/cosmetic.lv\/wp-content\/uploads\/2021\/02\/cosmetic.lv_logo.jpg\",\"contentUrl\":\"https:\/\/cosmetic.lv\/wp-content\/uploads\/2021\/02\/cosmetic.lv_logo.jpg\",\"width\":596,\"height\":196,\"caption\":\"COSMETIC.LV\"},\"image\":{\"@id\":\"https:\/\/cosmetic.lv\/lv\/#\/schema\/logo\/image\/\"},\"sameAs\":[\"https:\/\/www.facebook.com\/cosmetic.lv\/\"]}]}<\/script>\n<meta property=\"product:price:amount\" content=\"75.64\" \/>\n<meta property=\"product:price:currency\" content=\"EUR\" \/>\n<meta property=\"og:availability\" content=\"out of stock\" \/>\n<meta property=\"product:availability\" content=\"out of stock\" \/>\n<meta property=\"product:retailer_item_id\" content=\"bp1017\" \/>\n<meta property=\"product:condition\" content=\"new\" \/>\n<!-- \/ Yoast SEO Premium plugin. -->","yoast_head_json":{"title":"GMT ACTIVE DRAINAGE GEL 500ml - cosmetic.lv","robots":{"index":"index","follow":"follow","max-snippet":"max-snippet:-1","max-image-preview":"max-image-preview:large","max-video-preview":"max-video-preview:-1"},"canonical":"https:\/\/cosmetic.lv\/lv\/product\/gmt-active-drainage-gel-500ml\/","og_locale":"lv_LV","og_type":"article","og_title":"GMT ACTIVE DRAINAGE GEL 500ml","og_description":"Mitrino\u0161s gels ar prett\u016bskas un pretcelul\u012bta efektu. Gela sast\u0101v\u0101 eso\u0161o dab\u012bgo ekstraktu izlasei piem\u012bt izteikta limfas un venozo atteci uzlabojo\u0161a","og_url":"https:\/\/cosmetic.lv\/lv\/product\/gmt-active-drainage-gel-500ml\/","og_site_name":"cosmetic.lv","article_publisher":"https:\/\/www.facebook.com\/cosmetic.lv\/","article_modified_time":"2021-02-06T17:55:06+00:00","og_image":[{"width":535,"height":546,"url":"https:\/\/cosmetic.lv\/wp-content\/uploads\/2021\/02\/1017ctive-draina-4.jpg","type":"image\/jpeg"}],"twitter_card":"summary_large_image","schema":{"@context":"https:\/\/schema.org","@graph":[{"@type":"WebPage","@id":"https:\/\/cosmetic.lv\/lv\/product\/gmt-active-drainage-gel-500ml\/","url":"https:\/\/cosmetic.lv\/lv\/product\/gmt-active-drainage-gel-500ml\/","name":"GMT ACTIVE DRAINAGE GEL 500ml - cosmetic.lv","isPartOf":{"@id":"https:\/\/cosmetic.lv\/lv\/#website"},"primaryImageOfPage":{"@id":"https:\/\/cosmetic.lv\/lv\/product\/gmt-active-drainage-gel-500ml\/#primaryimage"},"image":{"@id":"https:\/\/cosmetic.lv\/lv\/product\/gmt-active-drainage-gel-500ml\/#primaryimage"},"thumbnailUrl":"https:\/\/cosmetic.lv\/wp-content\/uploads\/2021\/02\/1017ctive-draina-4.jpg","datePublished":"2021-02-06T17:55:04+00:00","dateModified":"2021-02-06T17:55:06+00:00","breadcrumb":{"@id":"https:\/\/cosmetic.lv\/lv\/product\/gmt-active-drainage-gel-500ml\/#breadcrumb"},"inLanguage":"lv-LV","potentialAction":[{"@type":"ReadAction","target":["https:\/\/cosmetic.lv\/lv\/product\/gmt-active-drainage-gel-500ml\/"]}]},{"@type":"ImageObject","inLanguage":"lv-LV","@id":"https:\/\/cosmetic.lv\/lv\/product\/gmt-active-drainage-gel-500ml\/#primaryimage","url":"https:\/\/cosmetic.lv\/wp-content\/uploads\/2021\/02\/1017ctive-draina-4.jpg","contentUrl":"https:\/\/cosmetic.lv\/wp-content\/uploads\/2021\/02\/1017ctive-draina-4.jpg","width":535,"height":546,"caption":"1017ctive-draina.jpg"},{"@type":"BreadcrumbList","@id":"https:\/\/cosmetic.lv\/lv\/product\/gmt-active-drainage-gel-500ml\/#breadcrumb","itemListElement":[{"@type":"ListItem","position":1,"name":"Home","item":"https:\/\/cosmetic.lv\/lv\/"},{"@type":"ListItem","position":2,"name":"Veikals","item":"https:\/\/cosmetic.lv\/lv\/veiklas\/"},{"@type":"ListItem","position":3,"name":"GMT ACTIVE DRAINAGE GEL 500ml"}]},{"@type":"WebSite","@id":"https:\/\/cosmetic.lv\/lv\/#website","url":"https:\/\/cosmetic.lv\/lv\/","name":"cosmetic.lv","description":"Profesion\u0101la kosm\u0113tika - Maria Galland, Keune, Arkadija, GMT, Guam, Magiray","publisher":{"@id":"https:\/\/cosmetic.lv\/lv\/#organization"},"potentialAction":[{"@type":"SearchAction","target":{"@type":"EntryPoint","urlTemplate":"https:\/\/cosmetic.lv\/lv\/?s={search_term_string}"},"query-input":{"@type":"PropertyValueSpecification","valueRequired":true,"valueName":"search_term_string"}}],"inLanguage":"lv-LV"},{"@type":"Organization","@id":"https:\/\/cosmetic.lv\/lv\/#organization","name":"COSMETIC.LV","url":"https:\/\/cosmetic.lv\/lv\/","logo":{"@type":"ImageObject","inLanguage":"lv-LV","@id":"https:\/\/cosmetic.lv\/lv\/#\/schema\/logo\/image\/","url":"https:\/\/cosmetic.lv\/wp-content\/uploads\/2021\/02\/cosmetic.lv_logo.jpg","contentUrl":"https:\/\/cosmetic.lv\/wp-content\/uploads\/2021\/02\/cosmetic.lv_logo.jpg","width":596,"height":196,"caption":"COSMETIC.LV"},"image":{"@id":"https:\/\/cosmetic.lv\/lv\/#\/schema\/logo\/image\/"},"sameAs":["https:\/\/www.facebook.com\/cosmetic.lv\/"]}]},"product_price_amount":"75.64","product_price_currency":"EUR","og_availability":"out of stock","product_availability":"out of stock","product_retailer_item_id":"bp1017","product_condition":"new"},"_links":{"self":[{"href":"https:\/\/cosmetic.lv\/lv\/wp-json\/wp\/v2\/product\/34596","targetHints":{"allow":["GET"]}}],"collection":[{"href":"https:\/\/cosmetic.lv\/lv\/wp-json\/wp\/v2\/product"}],"about":[{"href":"https:\/\/cosmetic.lv\/lv\/wp-json\/wp\/v2\/types\/product"}],"wp:featuredmedia":[{"embeddable":true,"href":"https:\/\/cosmetic.lv\/lv\/wp-json\/wp\/v2\/media\/16908"}],"wp:attachment":[{"href":"https:\/\/cosmetic.lv\/lv\/wp-json\/wp\/v2\/media?parent=34596"}],"wp:term":[{"taxonomy":"product_brand","embeddable":true,"href":"https:\/\/cosmetic.lv\/lv\/wp-json\/wp\/v2\/product_brand?post=34596"},{"taxonomy":"product_cat","embeddable":true,"href":"https:\/\/cosmetic.lv\/lv\/wp-json\/wp\/v2\/product_cat?post=34596"},{"taxonomy":"product_tag","embeddable":true,"href":"https:\/\/cosmetic.lv\/lv\/wp-json\/wp\/v2\/product_tag?post=34596"}],"curies":[{"name":"wp","href":"https:\/\/api.w.org\/{rel}","templated":true}]}}