{"id":34598,"date":"2021-02-05T22:43:10","date_gmt":"2021-02-06T17:55:04","guid":{"rendered":"https:\/\/damme.lv\/product\/gmt-firming-cream-500ml\/"},"modified":"2021-02-06T19:55:07","modified_gmt":"2021-02-06T17:55:07","slug":"gmt-firming-cream-500ml","status":"publish","type":"product","link":"https:\/\/cosmetic.lv\/lv\/product\/gmt-firming-cream-500ml\/","title":{"rendered":"GMT FIRMING CREAM 500ml"},"content":{"rendered":"<p>\u0136erme\u0146a formu model\u0113jo\u0161s un \u0101das elast\u012bbu atjaunojo\u0161s kr\u0113ms. \u012apa\u0161i atlas\u012bt\u0101s un sabalans\u0113t\u0101s dabas sast\u0101vda\u013cas atsvaidzina \u0101du, padara to mirdzo\u0161u un tvirtu.<\/p>\n<p>\u0100du atjaunojo\u0161s komplekss no dabas sast\u0101vda\u013c\u0101m \u2013 \u0100zijas cent\u012blijas (Centella asiatica) lapu ekstrakts, t\u012bruma kosas (Equisetum arvense) ekstrakts un za\u013c\u0101s t\u0113jas (Camelia sinensis) ekstrakts.<\/p>\n<p>\u201eStabiliz\u0113tais\u201d C vitam\u012bns \u2013 acerolas \u0137ir\u0161u (Malpighia glabra) un trejlapu puplak\u0161a (Menyanthes trifoliata) ekstrakti. C vitam\u012bns nepiecie\u0161ams saistaudu veido\u0161anai \u2013 \u0101das pamatstrukt\u016brai.<\/p>\n<p>\u0100bolu (Pyrus malus) s\u0113kli\u0146u ekstrakts satur augu hormonus, tie pal\u0113nina \u0101das noveco\u0161anos.<\/p>\n<p>Augstv\u0113rt\u012bgu e\u013c\u013cu izlase ar pretnoveco\u0161an\u0101s efektu: ol\u012bvu (Olea europaea), saldo mande\u013cu (Prunus dulcis) un kvie\u0161u d\u012bgstu (Triticum vulgare) e\u013c\u013ca.<\/p>\n<p>\u0100das mitrin\u0101t\u0101ji \u2013 PENTAVITIN\u00ae molekulas (saccharide isomerate), kas ieg\u016btas no augiem, izmantojot biotehnolo\u0123ijas, un hidroliz\u0113ts kvie\u0161u d\u012bgstu prote\u012bns (hydrolyzed wheat protein).<\/p>\n<p>Piparm\u0113tru (Menthax piperita) e\u013c\u013ca.<\/p>\n<p>\u0100du atjaunojo\u0161s komplekss no \u0100zijas cent\u012blijas (Centella asiatica) lapu un t\u012bruma kosas (Equisetum arvense) ekstraktiem ir dab\u0101 sastopams sil\u012bcija avots. Savuk\u0101rt acerolas \u0137ir\u0161i (Malpighia glabra) ir C vitam\u012bna avots.  \u0100bolu (Pyrus malus) s\u0113kli\u0146u ekstrakts satur augu hormonus \u2013 fitosterolus, E vitam\u012bnu. Sil\u012bcijs, C vitam\u012bns un fitosteroli organism\u0101 nodro\u0161ina aminosk\u0101bes hidroksiprol\u012bna veido\u0161anos prokolag\u0113na izveides etap\u0101. Kolag\u0113ns veido \u0101das pamatstrukt\u016bru \u2013 balstaudus. Pateicoties kolag\u0113nam, atjaunojas saistaudu vitalit\u0101te un to sp\u0113ja piesaist\u012bt \u016bdeni. \u0100da k\u013c\u016bst tvirta, gluda un elast\u012bga.<\/p>\n<p>Augstv\u0113rt\u012bgu e\u013c\u013cu izlase ar pretnoveco\u0161an\u0101s efektu un \u0101das mitrin\u0101t\u0101ju komplekss uzlabo \u0101das re\u0123ener\u0101ciju, paaugstina t\u0101s aizsargsp\u0113jas, pasarg\u0101 no mitruma zaud\u0113\u0161anas, m\u012bkstina un baro \u0101du, veido aizsargk\u0101rti\u0146u.<\/p>\n<p>Kr\u0113ms ir bag\u0101ts ar antioksidantiem (polifenoliem, gall\u0101tiem, flavono\u012bdiem), kas c\u012bn\u0101s pret br\u012bvajiem radik\u0101\u013ciem.<\/p>\n<p>Kr\u0113ms veicina saistaudu \u0161\u0137iedru sint\u0113zi un uzlabo \u0101das re\u0123ener\u0101ciju, t\u0101dej\u0101di aizkav\u0113jot \u0101das noveco\u0161anos.<\/p>\n<p>LIETO\u0160ANA<br \/>\nProduktu lieto kosm\u0113tiskaj\u0101s (kr\u016b\u0161u, kakla, dekolt\u0113) kop\u0161anas proced\u016br\u0101s, \u013cenganas \u0101das (aug\u0161delmu, aug\u0161stilbu iek\u0161\u0113jo virsmu un v\u0113dera) model\u0113jo\u0161\u0101s proced\u016br\u0101s.<\/p>\n","protected":false},"excerpt":{"rendered":"<p>\u0136erme\u0146a formu model\u0113jo\u0161s un \u0101das elast\u012bbu atjaunojo\u0161s kr\u0113ms. \u012apa\u0161i atlas\u012bt\u0101s un sabalans\u0113t\u0101s dabas sast\u0101vda\u013cas atsvaidzina \u0101du, padara to mirdzo\u0161u un<\/p>\n","protected":false},"featured_media":16914,"template":"","meta":[],"product_brand":[],"product_cat":[2273,2298,2300],"product_tag":[],"class_list":{"0":"post-34598","1":"product","2":"type-product","3":"status-publish","4":"has-post-thumbnail","6":"product_cat-profesionala-kosmetika-sejai-un-kermenim-lv","7":"product_cat-gmt-lv","8":"product_cat-natura-conceptprof-sejai-lv","10":"first","11":"outofstock","12":"taxable","13":"shipping-taxable","14":"purchasable","15":"product-type-simple"},"yoast_head":"<!-- This site is optimized with the Yoast SEO Premium plugin v27.0 (Yoast SEO v27.0) - https:\/\/yoast.com\/product\/yoast-seo-premium-wordpress\/ -->\n<title>GMT FIRMING CREAM 500ml - cosmetic.lv<\/title>\n<meta name=\"robots\" content=\"index, follow, max-snippet:-1, max-image-preview:large, max-video-preview:-1\" \/>\n<link rel=\"canonical\" href=\"https:\/\/cosmetic.lv\/lv\/product\/gmt-firming-cream-500ml\/\" \/>\n<meta property=\"og:locale\" content=\"lv_LV\" \/>\n<meta property=\"og:type\" content=\"article\" \/>\n<meta property=\"og:title\" content=\"GMT FIRMING CREAM 500ml\" \/>\n<meta property=\"og:description\" content=\"\u0136erme\u0146a formu model\u0113jo\u0161s un \u0101das elast\u012bbu atjaunojo\u0161s kr\u0113ms. \u012apa\u0161i atlas\u012bt\u0101s un sabalans\u0113t\u0101s dabas sast\u0101vda\u013cas atsvaidzina \u0101du, padara to mirdzo\u0161u un\" \/>\n<meta property=\"og:url\" content=\"https:\/\/cosmetic.lv\/lv\/product\/gmt-firming-cream-500ml\/\" \/>\n<meta property=\"og:site_name\" content=\"cosmetic.lv\" \/>\n<meta property=\"article:publisher\" content=\"https:\/\/www.facebook.com\/cosmetic.lv\/\" \/>\n<meta property=\"article:modified_time\" content=\"2021-02-06T17:55:07+00:00\" \/>\n<meta property=\"og:image\" content=\"https:\/\/cosmetic.lv\/wp-content\/uploads\/2021\/02\/1019irming-cream-4.jpg\" \/>\n\t<meta property=\"og:image:width\" content=\"535\" \/>\n\t<meta property=\"og:image:height\" content=\"546\" \/>\n\t<meta property=\"og:image:type\" content=\"image\/jpeg\" \/>\n<meta name=\"twitter:card\" content=\"summary_large_image\" \/>\n<script type=\"application\/ld+json\" class=\"yoast-schema-graph\">{\"@context\":\"https:\/\/schema.org\",\"@graph\":[{\"@type\":\"WebPage\",\"@id\":\"https:\/\/cosmetic.lv\/lv\/product\/gmt-firming-cream-500ml\/\",\"url\":\"https:\/\/cosmetic.lv\/lv\/product\/gmt-firming-cream-500ml\/\",\"name\":\"GMT FIRMING CREAM 500ml - cosmetic.lv\",\"isPartOf\":{\"@id\":\"https:\/\/cosmetic.lv\/lv\/#website\"},\"primaryImageOfPage\":{\"@id\":\"https:\/\/cosmetic.lv\/lv\/product\/gmt-firming-cream-500ml\/#primaryimage\"},\"image\":{\"@id\":\"https:\/\/cosmetic.lv\/lv\/product\/gmt-firming-cream-500ml\/#primaryimage\"},\"thumbnailUrl\":\"https:\/\/cosmetic.lv\/wp-content\/uploads\/2021\/02\/1019irming-cream-4.jpg\",\"datePublished\":\"2021-02-06T17:55:04+00:00\",\"dateModified\":\"2021-02-06T17:55:07+00:00\",\"breadcrumb\":{\"@id\":\"https:\/\/cosmetic.lv\/lv\/product\/gmt-firming-cream-500ml\/#breadcrumb\"},\"inLanguage\":\"lv-LV\",\"potentialAction\":[{\"@type\":\"ReadAction\",\"target\":[\"https:\/\/cosmetic.lv\/lv\/product\/gmt-firming-cream-500ml\/\"]}]},{\"@type\":\"ImageObject\",\"inLanguage\":\"lv-LV\",\"@id\":\"https:\/\/cosmetic.lv\/lv\/product\/gmt-firming-cream-500ml\/#primaryimage\",\"url\":\"https:\/\/cosmetic.lv\/wp-content\/uploads\/2021\/02\/1019irming-cream-4.jpg\",\"contentUrl\":\"https:\/\/cosmetic.lv\/wp-content\/uploads\/2021\/02\/1019irming-cream-4.jpg\",\"width\":535,\"height\":546,\"caption\":\"1019irming-cream.jpg\"},{\"@type\":\"BreadcrumbList\",\"@id\":\"https:\/\/cosmetic.lv\/lv\/product\/gmt-firming-cream-500ml\/#breadcrumb\",\"itemListElement\":[{\"@type\":\"ListItem\",\"position\":1,\"name\":\"Home\",\"item\":\"https:\/\/cosmetic.lv\/lv\/\"},{\"@type\":\"ListItem\",\"position\":2,\"name\":\"Veikals\",\"item\":\"https:\/\/cosmetic.lv\/lv\/veiklas\/\"},{\"@type\":\"ListItem\",\"position\":3,\"name\":\"GMT FIRMING CREAM 500ml\"}]},{\"@type\":\"WebSite\",\"@id\":\"https:\/\/cosmetic.lv\/lv\/#website\",\"url\":\"https:\/\/cosmetic.lv\/lv\/\",\"name\":\"cosmetic.lv\",\"description\":\"Profesion\u0101la kosm\u0113tika - Maria Galland, Keune, Arkadija, GMT, Guam, Magiray\",\"publisher\":{\"@id\":\"https:\/\/cosmetic.lv\/lv\/#organization\"},\"potentialAction\":[{\"@type\":\"SearchAction\",\"target\":{\"@type\":\"EntryPoint\",\"urlTemplate\":\"https:\/\/cosmetic.lv\/lv\/?s={search_term_string}\"},\"query-input\":{\"@type\":\"PropertyValueSpecification\",\"valueRequired\":true,\"valueName\":\"search_term_string\"}}],\"inLanguage\":\"lv-LV\"},{\"@type\":\"Organization\",\"@id\":\"https:\/\/cosmetic.lv\/lv\/#organization\",\"name\":\"COSMETIC.LV\",\"url\":\"https:\/\/cosmetic.lv\/lv\/\",\"logo\":{\"@type\":\"ImageObject\",\"inLanguage\":\"lv-LV\",\"@id\":\"https:\/\/cosmetic.lv\/lv\/#\/schema\/logo\/image\/\",\"url\":\"https:\/\/cosmetic.lv\/wp-content\/uploads\/2021\/02\/cosmetic.lv_logo.jpg\",\"contentUrl\":\"https:\/\/cosmetic.lv\/wp-content\/uploads\/2021\/02\/cosmetic.lv_logo.jpg\",\"width\":596,\"height\":196,\"caption\":\"COSMETIC.LV\"},\"image\":{\"@id\":\"https:\/\/cosmetic.lv\/lv\/#\/schema\/logo\/image\/\"},\"sameAs\":[\"https:\/\/www.facebook.com\/cosmetic.lv\/\"]}]}<\/script>\n<meta property=\"product:price:amount\" content=\"75.64\" \/>\n<meta property=\"product:price:currency\" content=\"EUR\" \/>\n<meta property=\"og:availability\" content=\"out of stock\" \/>\n<meta property=\"product:availability\" content=\"out of stock\" \/>\n<meta property=\"product:retailer_item_id\" content=\"bp1019\" \/>\n<meta property=\"product:condition\" content=\"new\" \/>\n<!-- \/ Yoast SEO Premium plugin. -->","yoast_head_json":{"title":"GMT FIRMING CREAM 500ml - cosmetic.lv","robots":{"index":"index","follow":"follow","max-snippet":"max-snippet:-1","max-image-preview":"max-image-preview:large","max-video-preview":"max-video-preview:-1"},"canonical":"https:\/\/cosmetic.lv\/lv\/product\/gmt-firming-cream-500ml\/","og_locale":"lv_LV","og_type":"article","og_title":"GMT FIRMING CREAM 500ml","og_description":"\u0136erme\u0146a formu model\u0113jo\u0161s un \u0101das elast\u012bbu atjaunojo\u0161s kr\u0113ms. \u012apa\u0161i atlas\u012bt\u0101s un sabalans\u0113t\u0101s dabas sast\u0101vda\u013cas atsvaidzina \u0101du, padara to mirdzo\u0161u un","og_url":"https:\/\/cosmetic.lv\/lv\/product\/gmt-firming-cream-500ml\/","og_site_name":"cosmetic.lv","article_publisher":"https:\/\/www.facebook.com\/cosmetic.lv\/","article_modified_time":"2021-02-06T17:55:07+00:00","og_image":[{"width":535,"height":546,"url":"https:\/\/cosmetic.lv\/wp-content\/uploads\/2021\/02\/1019irming-cream-4.jpg","type":"image\/jpeg"}],"twitter_card":"summary_large_image","schema":{"@context":"https:\/\/schema.org","@graph":[{"@type":"WebPage","@id":"https:\/\/cosmetic.lv\/lv\/product\/gmt-firming-cream-500ml\/","url":"https:\/\/cosmetic.lv\/lv\/product\/gmt-firming-cream-500ml\/","name":"GMT FIRMING CREAM 500ml - cosmetic.lv","isPartOf":{"@id":"https:\/\/cosmetic.lv\/lv\/#website"},"primaryImageOfPage":{"@id":"https:\/\/cosmetic.lv\/lv\/product\/gmt-firming-cream-500ml\/#primaryimage"},"image":{"@id":"https:\/\/cosmetic.lv\/lv\/product\/gmt-firming-cream-500ml\/#primaryimage"},"thumbnailUrl":"https:\/\/cosmetic.lv\/wp-content\/uploads\/2021\/02\/1019irming-cream-4.jpg","datePublished":"2021-02-06T17:55:04+00:00","dateModified":"2021-02-06T17:55:07+00:00","breadcrumb":{"@id":"https:\/\/cosmetic.lv\/lv\/product\/gmt-firming-cream-500ml\/#breadcrumb"},"inLanguage":"lv-LV","potentialAction":[{"@type":"ReadAction","target":["https:\/\/cosmetic.lv\/lv\/product\/gmt-firming-cream-500ml\/"]}]},{"@type":"ImageObject","inLanguage":"lv-LV","@id":"https:\/\/cosmetic.lv\/lv\/product\/gmt-firming-cream-500ml\/#primaryimage","url":"https:\/\/cosmetic.lv\/wp-content\/uploads\/2021\/02\/1019irming-cream-4.jpg","contentUrl":"https:\/\/cosmetic.lv\/wp-content\/uploads\/2021\/02\/1019irming-cream-4.jpg","width":535,"height":546,"caption":"1019irming-cream.jpg"},{"@type":"BreadcrumbList","@id":"https:\/\/cosmetic.lv\/lv\/product\/gmt-firming-cream-500ml\/#breadcrumb","itemListElement":[{"@type":"ListItem","position":1,"name":"Home","item":"https:\/\/cosmetic.lv\/lv\/"},{"@type":"ListItem","position":2,"name":"Veikals","item":"https:\/\/cosmetic.lv\/lv\/veiklas\/"},{"@type":"ListItem","position":3,"name":"GMT FIRMING CREAM 500ml"}]},{"@type":"WebSite","@id":"https:\/\/cosmetic.lv\/lv\/#website","url":"https:\/\/cosmetic.lv\/lv\/","name":"cosmetic.lv","description":"Profesion\u0101la kosm\u0113tika - Maria Galland, Keune, Arkadija, GMT, Guam, Magiray","publisher":{"@id":"https:\/\/cosmetic.lv\/lv\/#organization"},"potentialAction":[{"@type":"SearchAction","target":{"@type":"EntryPoint","urlTemplate":"https:\/\/cosmetic.lv\/lv\/?s={search_term_string}"},"query-input":{"@type":"PropertyValueSpecification","valueRequired":true,"valueName":"search_term_string"}}],"inLanguage":"lv-LV"},{"@type":"Organization","@id":"https:\/\/cosmetic.lv\/lv\/#organization","name":"COSMETIC.LV","url":"https:\/\/cosmetic.lv\/lv\/","logo":{"@type":"ImageObject","inLanguage":"lv-LV","@id":"https:\/\/cosmetic.lv\/lv\/#\/schema\/logo\/image\/","url":"https:\/\/cosmetic.lv\/wp-content\/uploads\/2021\/02\/cosmetic.lv_logo.jpg","contentUrl":"https:\/\/cosmetic.lv\/wp-content\/uploads\/2021\/02\/cosmetic.lv_logo.jpg","width":596,"height":196,"caption":"COSMETIC.LV"},"image":{"@id":"https:\/\/cosmetic.lv\/lv\/#\/schema\/logo\/image\/"},"sameAs":["https:\/\/www.facebook.com\/cosmetic.lv\/"]}]},"product_price_amount":"75.64","product_price_currency":"EUR","og_availability":"out of stock","product_availability":"out of stock","product_retailer_item_id":"bp1019","product_condition":"new"},"_links":{"self":[{"href":"https:\/\/cosmetic.lv\/lv\/wp-json\/wp\/v2\/product\/34598","targetHints":{"allow":["GET"]}}],"collection":[{"href":"https:\/\/cosmetic.lv\/lv\/wp-json\/wp\/v2\/product"}],"about":[{"href":"https:\/\/cosmetic.lv\/lv\/wp-json\/wp\/v2\/types\/product"}],"wp:featuredmedia":[{"embeddable":true,"href":"https:\/\/cosmetic.lv\/lv\/wp-json\/wp\/v2\/media\/16914"}],"wp:attachment":[{"href":"https:\/\/cosmetic.lv\/lv\/wp-json\/wp\/v2\/media?parent=34598"}],"wp:term":[{"taxonomy":"product_brand","embeddable":true,"href":"https:\/\/cosmetic.lv\/lv\/wp-json\/wp\/v2\/product_brand?post=34598"},{"taxonomy":"product_cat","embeddable":true,"href":"https:\/\/cosmetic.lv\/lv\/wp-json\/wp\/v2\/product_cat?post=34598"},{"taxonomy":"product_tag","embeddable":true,"href":"https:\/\/cosmetic.lv\/lv\/wp-json\/wp\/v2\/product_tag?post=34598"}],"curies":[{"name":"wp","href":"https:\/\/api.w.org\/{rel}","templated":true}]}}