{"id":34602,"date":"2021-02-05T22:43:10","date_gmt":"2021-02-06T17:55:04","guid":{"rendered":"https:\/\/damme.lv\/product\/gmt-lift-firm-eye-cream-15ml\/"},"modified":"2022-01-04T23:04:48","modified_gmt":"2022-01-04T21:04:48","slug":"gmt-lift-firm-eye-cream-15ml","status":"publish","type":"product","link":"https:\/\/cosmetic.lv\/lv\/product\/gmt-lift-firm-eye-cream-15ml\/","title":{"rendered":"GMT Nostiprino\u0161s liftinga kr\u0113ms acu zonai LIFT &#038; FIRM EYE CREAM 15ml"},"content":{"rendered":"<p>Efekt\u012bgi kav\u0113 noveco\u0161an\u0101s procesus \u0101d\u0101 un ac\u012bmredzami samazina grumbi\u0146as. Inovat\u012bvo akt\u012bvo vielu kombin\u0101cija ar augstv\u0113rt\u012bgaj\u0101m augu e\u013c\u013c\u0101m, progres\u012bvajiem \u0101das mitrin\u0101t\u0101jiem un antioksidantiem nodro\u0161ina notur\u012bgu \u0101das liftinga iedarb\u012bbu.<\/p>\n<p>LIETO\u0160ANA<br \/>\nKr\u0113mu uzkl\u0101j acu zon\u0101 no r\u012bta un\/vai vakar\u0101.<\/p>\n","protected":false},"excerpt":{"rendered":"<p>Efekt\u012bgi kav\u0113 noveco\u0161an\u0101s procesus \u0101d\u0101 un ac\u012bmredzami samazina grumbi\u0146as. Inovat\u012bvo akt\u012bvo vielu kombin\u0101cija ar augstv\u0113rt\u012bgaj\u0101m augu e\u013c\u013c\u0101m, progres\u012bvajiem \u0101das mitrin\u0101t\u0101jiem<\/p>\n","protected":false},"featured_media":16926,"template":"","meta":[],"product_brand":[],"product_cat":[2273,2298,2301],"product_tag":[],"class_list":{"0":"post-34602","1":"product","2":"type-product","3":"status-publish","4":"has-post-thumbnail","6":"product_cat-profesionala-kosmetika-sejai-un-kermenim-lv","7":"product_cat-gmt-lv","8":"product_cat-natura-concept-majas-linija-sejai-lv","10":"first","11":"instock","12":"taxable","13":"shipping-taxable","14":"purchasable","15":"product-type-simple"},"yoast_head":"<!-- This site is optimized with the Yoast SEO Premium plugin v27.0 (Yoast SEO v27.0) - https:\/\/yoast.com\/product\/yoast-seo-premium-wordpress\/ -->\n<title>GMT Nostiprino\u0161s liftinga kr\u0113ms acu zonai LIFT &amp; FIRM EYE CREAM 15ml - cosmetic.lv<\/title>\n<meta name=\"robots\" content=\"index, follow, max-snippet:-1, max-image-preview:large, max-video-preview:-1\" \/>\n<link rel=\"canonical\" href=\"https:\/\/cosmetic.lv\/lv\/product\/gmt-lift-firm-eye-cream-15ml\/\" \/>\n<meta property=\"og:locale\" content=\"lv_LV\" \/>\n<meta property=\"og:type\" content=\"article\" \/>\n<meta property=\"og:title\" content=\"GMT Nostiprino\u0161s liftinga kr\u0113ms acu zonai LIFT &amp; FIRM EYE CREAM 15ml\" \/>\n<meta property=\"og:description\" content=\"Efekt\u012bgi kav\u0113 noveco\u0161an\u0101s procesus \u0101d\u0101 un ac\u012bmredzami samazina grumbi\u0146as. Inovat\u012bvo akt\u012bvo vielu kombin\u0101cija ar augstv\u0113rt\u012bgaj\u0101m augu e\u013c\u013c\u0101m, progres\u012bvajiem \u0101das mitrin\u0101t\u0101jiem\" \/>\n<meta property=\"og:url\" content=\"https:\/\/cosmetic.lv\/lv\/product\/gmt-lift-firm-eye-cream-15ml\/\" \/>\n<meta property=\"og:site_name\" content=\"cosmetic.lv\" \/>\n<meta property=\"article:publisher\" content=\"https:\/\/www.facebook.com\/cosmetic.lv\/\" \/>\n<meta property=\"article:modified_time\" content=\"2022-01-04T21:04:48+00:00\" \/>\n<meta property=\"og:image\" content=\"https:\/\/cosmetic.lv\/wp-content\/uploads\/2021\/02\/ift-firm-eye-cream-ho-4.jpg\" \/>\n\t<meta property=\"og:image:width\" content=\"535\" \/>\n\t<meta property=\"og:image:height\" content=\"546\" \/>\n\t<meta property=\"og:image:type\" content=\"image\/jpeg\" \/>\n<meta name=\"twitter:card\" content=\"summary_large_image\" \/>\n<script type=\"application\/ld+json\" class=\"yoast-schema-graph\">{\"@context\":\"https:\/\/schema.org\",\"@graph\":[{\"@type\":\"WebPage\",\"@id\":\"https:\/\/cosmetic.lv\/lv\/product\/gmt-lift-firm-eye-cream-15ml\/\",\"url\":\"https:\/\/cosmetic.lv\/lv\/product\/gmt-lift-firm-eye-cream-15ml\/\",\"name\":\"GMT Nostiprino\u0161s liftinga kr\u0113ms acu zonai LIFT & FIRM EYE CREAM 15ml - cosmetic.lv\",\"isPartOf\":{\"@id\":\"https:\/\/cosmetic.lv\/lv\/#website\"},\"primaryImageOfPage\":{\"@id\":\"https:\/\/cosmetic.lv\/lv\/product\/gmt-lift-firm-eye-cream-15ml\/#primaryimage\"},\"image\":{\"@id\":\"https:\/\/cosmetic.lv\/lv\/product\/gmt-lift-firm-eye-cream-15ml\/#primaryimage\"},\"thumbnailUrl\":\"https:\/\/cosmetic.lv\/wp-content\/uploads\/2021\/02\/ift-firm-eye-cream-ho-4.jpg\",\"datePublished\":\"2021-02-06T17:55:04+00:00\",\"dateModified\":\"2022-01-04T21:04:48+00:00\",\"breadcrumb\":{\"@id\":\"https:\/\/cosmetic.lv\/lv\/product\/gmt-lift-firm-eye-cream-15ml\/#breadcrumb\"},\"inLanguage\":\"lv-LV\",\"potentialAction\":[{\"@type\":\"ReadAction\",\"target\":[\"https:\/\/cosmetic.lv\/lv\/product\/gmt-lift-firm-eye-cream-15ml\/\"]}]},{\"@type\":\"ImageObject\",\"inLanguage\":\"lv-LV\",\"@id\":\"https:\/\/cosmetic.lv\/lv\/product\/gmt-lift-firm-eye-cream-15ml\/#primaryimage\",\"url\":\"https:\/\/cosmetic.lv\/wp-content\/uploads\/2021\/02\/ift-firm-eye-cream-ho-4.jpg\",\"contentUrl\":\"https:\/\/cosmetic.lv\/wp-content\/uploads\/2021\/02\/ift-firm-eye-cream-ho-4.jpg\",\"width\":535,\"height\":546,\"caption\":\"ift-firm-eye-cream-ho.jpg\"},{\"@type\":\"BreadcrumbList\",\"@id\":\"https:\/\/cosmetic.lv\/lv\/product\/gmt-lift-firm-eye-cream-15ml\/#breadcrumb\",\"itemListElement\":[{\"@type\":\"ListItem\",\"position\":1,\"name\":\"Home\",\"item\":\"https:\/\/cosmetic.lv\/lv\/\"},{\"@type\":\"ListItem\",\"position\":2,\"name\":\"Veikals\",\"item\":\"https:\/\/cosmetic.lv\/lv\/veiklas\/\"},{\"@type\":\"ListItem\",\"position\":3,\"name\":\"GMT Nostiprino\u0161s liftinga kr\u0113ms acu zonai LIFT &#038; FIRM EYE CREAM 15ml\"}]},{\"@type\":\"WebSite\",\"@id\":\"https:\/\/cosmetic.lv\/lv\/#website\",\"url\":\"https:\/\/cosmetic.lv\/lv\/\",\"name\":\"cosmetic.lv\",\"description\":\"Profesion\u0101la kosm\u0113tika - Maria Galland, Keune, Arkadija, GMT, Guam, Magiray\",\"publisher\":{\"@id\":\"https:\/\/cosmetic.lv\/lv\/#organization\"},\"potentialAction\":[{\"@type\":\"SearchAction\",\"target\":{\"@type\":\"EntryPoint\",\"urlTemplate\":\"https:\/\/cosmetic.lv\/lv\/?s={search_term_string}\"},\"query-input\":{\"@type\":\"PropertyValueSpecification\",\"valueRequired\":true,\"valueName\":\"search_term_string\"}}],\"inLanguage\":\"lv-LV\"},{\"@type\":\"Organization\",\"@id\":\"https:\/\/cosmetic.lv\/lv\/#organization\",\"name\":\"COSMETIC.LV\",\"url\":\"https:\/\/cosmetic.lv\/lv\/\",\"logo\":{\"@type\":\"ImageObject\",\"inLanguage\":\"lv-LV\",\"@id\":\"https:\/\/cosmetic.lv\/lv\/#\/schema\/logo\/image\/\",\"url\":\"https:\/\/cosmetic.lv\/wp-content\/uploads\/2021\/02\/cosmetic.lv_logo.jpg\",\"contentUrl\":\"https:\/\/cosmetic.lv\/wp-content\/uploads\/2021\/02\/cosmetic.lv_logo.jpg\",\"width\":596,\"height\":196,\"caption\":\"COSMETIC.LV\"},\"image\":{\"@id\":\"https:\/\/cosmetic.lv\/lv\/#\/schema\/logo\/image\/\"},\"sameAs\":[\"https:\/\/www.facebook.com\/cosmetic.lv\/\"]}]}<\/script>\n<meta property=\"product:price:amount\" content=\"39.00\" \/>\n<meta property=\"product:price:currency\" content=\"EUR\" \/>\n<meta property=\"og:availability\" content=\"instock\" \/>\n<meta property=\"product:availability\" content=\"instock\" \/>\n<meta property=\"product:retailer_item_id\" content=\"ffh1024\" \/>\n<meta property=\"product:condition\" content=\"new\" \/>\n<!-- \/ Yoast SEO Premium plugin. -->","yoast_head_json":{"title":"GMT Nostiprino\u0161s liftinga kr\u0113ms acu zonai LIFT & FIRM EYE CREAM 15ml - cosmetic.lv","robots":{"index":"index","follow":"follow","max-snippet":"max-snippet:-1","max-image-preview":"max-image-preview:large","max-video-preview":"max-video-preview:-1"},"canonical":"https:\/\/cosmetic.lv\/lv\/product\/gmt-lift-firm-eye-cream-15ml\/","og_locale":"lv_LV","og_type":"article","og_title":"GMT Nostiprino\u0161s liftinga kr\u0113ms acu zonai LIFT & FIRM EYE CREAM 15ml","og_description":"Efekt\u012bgi kav\u0113 noveco\u0161an\u0101s procesus \u0101d\u0101 un ac\u012bmredzami samazina grumbi\u0146as. Inovat\u012bvo akt\u012bvo vielu kombin\u0101cija ar augstv\u0113rt\u012bgaj\u0101m augu e\u013c\u013c\u0101m, progres\u012bvajiem \u0101das mitrin\u0101t\u0101jiem","og_url":"https:\/\/cosmetic.lv\/lv\/product\/gmt-lift-firm-eye-cream-15ml\/","og_site_name":"cosmetic.lv","article_publisher":"https:\/\/www.facebook.com\/cosmetic.lv\/","article_modified_time":"2022-01-04T21:04:48+00:00","og_image":[{"width":535,"height":546,"url":"https:\/\/cosmetic.lv\/wp-content\/uploads\/2021\/02\/ift-firm-eye-cream-ho-4.jpg","type":"image\/jpeg"}],"twitter_card":"summary_large_image","schema":{"@context":"https:\/\/schema.org","@graph":[{"@type":"WebPage","@id":"https:\/\/cosmetic.lv\/lv\/product\/gmt-lift-firm-eye-cream-15ml\/","url":"https:\/\/cosmetic.lv\/lv\/product\/gmt-lift-firm-eye-cream-15ml\/","name":"GMT Nostiprino\u0161s liftinga kr\u0113ms acu zonai LIFT & FIRM EYE CREAM 15ml - cosmetic.lv","isPartOf":{"@id":"https:\/\/cosmetic.lv\/lv\/#website"},"primaryImageOfPage":{"@id":"https:\/\/cosmetic.lv\/lv\/product\/gmt-lift-firm-eye-cream-15ml\/#primaryimage"},"image":{"@id":"https:\/\/cosmetic.lv\/lv\/product\/gmt-lift-firm-eye-cream-15ml\/#primaryimage"},"thumbnailUrl":"https:\/\/cosmetic.lv\/wp-content\/uploads\/2021\/02\/ift-firm-eye-cream-ho-4.jpg","datePublished":"2021-02-06T17:55:04+00:00","dateModified":"2022-01-04T21:04:48+00:00","breadcrumb":{"@id":"https:\/\/cosmetic.lv\/lv\/product\/gmt-lift-firm-eye-cream-15ml\/#breadcrumb"},"inLanguage":"lv-LV","potentialAction":[{"@type":"ReadAction","target":["https:\/\/cosmetic.lv\/lv\/product\/gmt-lift-firm-eye-cream-15ml\/"]}]},{"@type":"ImageObject","inLanguage":"lv-LV","@id":"https:\/\/cosmetic.lv\/lv\/product\/gmt-lift-firm-eye-cream-15ml\/#primaryimage","url":"https:\/\/cosmetic.lv\/wp-content\/uploads\/2021\/02\/ift-firm-eye-cream-ho-4.jpg","contentUrl":"https:\/\/cosmetic.lv\/wp-content\/uploads\/2021\/02\/ift-firm-eye-cream-ho-4.jpg","width":535,"height":546,"caption":"ift-firm-eye-cream-ho.jpg"},{"@type":"BreadcrumbList","@id":"https:\/\/cosmetic.lv\/lv\/product\/gmt-lift-firm-eye-cream-15ml\/#breadcrumb","itemListElement":[{"@type":"ListItem","position":1,"name":"Home","item":"https:\/\/cosmetic.lv\/lv\/"},{"@type":"ListItem","position":2,"name":"Veikals","item":"https:\/\/cosmetic.lv\/lv\/veiklas\/"},{"@type":"ListItem","position":3,"name":"GMT Nostiprino\u0161s liftinga kr\u0113ms acu zonai LIFT &#038; FIRM EYE CREAM 15ml"}]},{"@type":"WebSite","@id":"https:\/\/cosmetic.lv\/lv\/#website","url":"https:\/\/cosmetic.lv\/lv\/","name":"cosmetic.lv","description":"Profesion\u0101la kosm\u0113tika - Maria Galland, Keune, Arkadija, GMT, Guam, Magiray","publisher":{"@id":"https:\/\/cosmetic.lv\/lv\/#organization"},"potentialAction":[{"@type":"SearchAction","target":{"@type":"EntryPoint","urlTemplate":"https:\/\/cosmetic.lv\/lv\/?s={search_term_string}"},"query-input":{"@type":"PropertyValueSpecification","valueRequired":true,"valueName":"search_term_string"}}],"inLanguage":"lv-LV"},{"@type":"Organization","@id":"https:\/\/cosmetic.lv\/lv\/#organization","name":"COSMETIC.LV","url":"https:\/\/cosmetic.lv\/lv\/","logo":{"@type":"ImageObject","inLanguage":"lv-LV","@id":"https:\/\/cosmetic.lv\/lv\/#\/schema\/logo\/image\/","url":"https:\/\/cosmetic.lv\/wp-content\/uploads\/2021\/02\/cosmetic.lv_logo.jpg","contentUrl":"https:\/\/cosmetic.lv\/wp-content\/uploads\/2021\/02\/cosmetic.lv_logo.jpg","width":596,"height":196,"caption":"COSMETIC.LV"},"image":{"@id":"https:\/\/cosmetic.lv\/lv\/#\/schema\/logo\/image\/"},"sameAs":["https:\/\/www.facebook.com\/cosmetic.lv\/"]}]},"product_price_amount":"39.00","product_price_currency":"EUR","og_availability":"instock","product_availability":"instock","product_retailer_item_id":"ffh1024","product_condition":"new"},"_links":{"self":[{"href":"https:\/\/cosmetic.lv\/lv\/wp-json\/wp\/v2\/product\/34602","targetHints":{"allow":["GET"]}}],"collection":[{"href":"https:\/\/cosmetic.lv\/lv\/wp-json\/wp\/v2\/product"}],"about":[{"href":"https:\/\/cosmetic.lv\/lv\/wp-json\/wp\/v2\/types\/product"}],"wp:featuredmedia":[{"embeddable":true,"href":"https:\/\/cosmetic.lv\/lv\/wp-json\/wp\/v2\/media\/16926"}],"wp:attachment":[{"href":"https:\/\/cosmetic.lv\/lv\/wp-json\/wp\/v2\/media?parent=34602"}],"wp:term":[{"taxonomy":"product_brand","embeddable":true,"href":"https:\/\/cosmetic.lv\/lv\/wp-json\/wp\/v2\/product_brand?post=34602"},{"taxonomy":"product_cat","embeddable":true,"href":"https:\/\/cosmetic.lv\/lv\/wp-json\/wp\/v2\/product_cat?post=34602"},{"taxonomy":"product_tag","embeddable":true,"href":"https:\/\/cosmetic.lv\/lv\/wp-json\/wp\/v2\/product_tag?post=34602"}],"curies":[{"name":"wp","href":"https:\/\/api.w.org\/{rel}","templated":true}]}}