{"id":34606,"date":"2021-02-05T22:43:21","date_gmt":"2021-02-06T17:55:12","guid":{"rendered":"https:\/\/damme.lv\/product\/gmt-deep-moisturzing-revitalizing-serum-15ml\/"},"modified":"2021-02-06T19:55:14","modified_gmt":"2021-02-06T17:55:14","slug":"gmt-deep-moisturzing-revitalizing-serum-15ml","status":"publish","type":"product","link":"https:\/\/cosmetic.lv\/lv\/product\/gmt-deep-moisturzing-revitalizing-serum-15ml\/","title":{"rendered":"GMT DEEP MOISTURZING &#038; REVITALIZING SERUM 15ml"},"content":{"rendered":"<p>DZI\u013bI MITRINO\u0160S UN REVITALIZ\u0112JO\u0160S SERUMS \u2013 Atjauno \u0101das hidrolip\u012bdu sl\u0101ni, nodro\u0161inot izcilu \u0101das mitrin\u0101\u0161anu, t\u016bl\u012bt\u0113ju m\u012bmikas grumbi\u0146u un \u0101das to\u0146a izl\u012bdzin\u0101\u0161anu. Sp\u0113c\u012bg\u0101 antioksidantu kombin\u0101cija samazina \u0101das jut\u012bbu, kav\u0113 noveco\u0161an\u0101s rad\u012btas izmai\u0146as \u0101d\u0101 un atjauno \u0101das elasticit\u0101ti.<\/p>\n<p>LIETO\u0160ANA<br \/>\nLieto no r\u012bta un vakar\u0101, uzkl\u0101jot to uz sausas, att\u012br\u012btas \u0101das. Iemas\u0113, l\u012bdz piln\u012bb\u0101 ies\u016bcas \u0101d\u0101. Izcilu rezult\u0101tu sasnieg\u0161anai, lieto kop\u0101 ar GMT BEAUTY NATURA CONCEPT RESCULPTING ANTI AGE CREAM.<\/p>\n","protected":false},"excerpt":{"rendered":"<p>DZI\u013bI MITRINO\u0160S UN REVITALIZ\u0112JO\u0160S SERUMS \u2013 Atjauno \u0101das hidrolip\u012bdu sl\u0101ni, nodro\u0161inot izcilu \u0101das mitrin\u0101\u0161anu, t\u016bl\u012bt\u0113ju m\u012bmikas grumbi\u0146u un \u0101das to\u0146a<\/p>\n","protected":false},"featured_media":16938,"template":"","meta":[],"product_brand":[],"product_cat":[2273,2298,2301],"product_tag":[],"class_list":{"0":"post-34606","1":"product","2":"type-product","3":"status-publish","4":"has-post-thumbnail","6":"product_cat-profesionala-kosmetika-sejai-un-kermenim-lv","7":"product_cat-gmt-lv","8":"product_cat-natura-concept-majas-linija-sejai-lv","10":"first","11":"outofstock","12":"taxable","13":"shipping-taxable","14":"purchasable","15":"product-type-simple"},"yoast_head":"<!-- This site is optimized with the Yoast SEO Premium plugin v27.0 (Yoast SEO v27.0) - https:\/\/yoast.com\/product\/yoast-seo-premium-wordpress\/ -->\n<title>GMT DEEP MOISTURZING &amp; REVITALIZING SERUM 15ml - cosmetic.lv<\/title>\n<meta name=\"robots\" content=\"index, follow, max-snippet:-1, max-image-preview:large, max-video-preview:-1\" \/>\n<link rel=\"canonical\" href=\"https:\/\/cosmetic.lv\/lv\/product\/gmt-deep-moisturzing-revitalizing-serum-15ml\/\" \/>\n<meta property=\"og:locale\" content=\"lv_LV\" \/>\n<meta property=\"og:type\" content=\"article\" \/>\n<meta property=\"og:title\" content=\"GMT DEEP MOISTURZING &amp; REVITALIZING SERUM 15ml\" \/>\n<meta property=\"og:description\" content=\"DZI\u013bI MITRINO\u0160S UN REVITALIZ\u0112JO\u0160S SERUMS \u2013 Atjauno \u0101das hidrolip\u012bdu sl\u0101ni, nodro\u0161inot izcilu \u0101das mitrin\u0101\u0161anu, t\u016bl\u012bt\u0113ju m\u012bmikas grumbi\u0146u un \u0101das to\u0146a\" \/>\n<meta property=\"og:url\" content=\"https:\/\/cosmetic.lv\/lv\/product\/gmt-deep-moisturzing-revitalizing-serum-15ml\/\" \/>\n<meta property=\"og:site_name\" content=\"cosmetic.lv\" \/>\n<meta property=\"article:publisher\" content=\"https:\/\/www.facebook.com\/cosmetic.lv\/\" \/>\n<meta property=\"article:modified_time\" content=\"2021-02-06T17:55:14+00:00\" \/>\n<meta property=\"og:image\" content=\"https:\/\/cosmetic.lv\/wp-content\/uploads\/2021\/02\/oisturizing-revitalizing-seru-4.jpg\" \/>\n\t<meta property=\"og:image:width\" content=\"535\" \/>\n\t<meta property=\"og:image:height\" content=\"546\" \/>\n\t<meta property=\"og:image:type\" content=\"image\/jpeg\" \/>\n<meta name=\"twitter:card\" content=\"summary_large_image\" \/>\n<script type=\"application\/ld+json\" class=\"yoast-schema-graph\">{\"@context\":\"https:\/\/schema.org\",\"@graph\":[{\"@type\":\"WebPage\",\"@id\":\"https:\/\/cosmetic.lv\/lv\/product\/gmt-deep-moisturzing-revitalizing-serum-15ml\/\",\"url\":\"https:\/\/cosmetic.lv\/lv\/product\/gmt-deep-moisturzing-revitalizing-serum-15ml\/\",\"name\":\"GMT DEEP MOISTURZING & REVITALIZING SERUM 15ml - cosmetic.lv\",\"isPartOf\":{\"@id\":\"https:\/\/cosmetic.lv\/lv\/#website\"},\"primaryImageOfPage\":{\"@id\":\"https:\/\/cosmetic.lv\/lv\/product\/gmt-deep-moisturzing-revitalizing-serum-15ml\/#primaryimage\"},\"image\":{\"@id\":\"https:\/\/cosmetic.lv\/lv\/product\/gmt-deep-moisturzing-revitalizing-serum-15ml\/#primaryimage\"},\"thumbnailUrl\":\"https:\/\/cosmetic.lv\/wp-content\/uploads\/2021\/02\/oisturizing-revitalizing-seru-4.jpg\",\"datePublished\":\"2021-02-06T17:55:12+00:00\",\"dateModified\":\"2021-02-06T17:55:14+00:00\",\"breadcrumb\":{\"@id\":\"https:\/\/cosmetic.lv\/lv\/product\/gmt-deep-moisturzing-revitalizing-serum-15ml\/#breadcrumb\"},\"inLanguage\":\"lv-LV\",\"potentialAction\":[{\"@type\":\"ReadAction\",\"target\":[\"https:\/\/cosmetic.lv\/lv\/product\/gmt-deep-moisturzing-revitalizing-serum-15ml\/\"]}]},{\"@type\":\"ImageObject\",\"inLanguage\":\"lv-LV\",\"@id\":\"https:\/\/cosmetic.lv\/lv\/product\/gmt-deep-moisturzing-revitalizing-serum-15ml\/#primaryimage\",\"url\":\"https:\/\/cosmetic.lv\/wp-content\/uploads\/2021\/02\/oisturizing-revitalizing-seru-4.jpg\",\"contentUrl\":\"https:\/\/cosmetic.lv\/wp-content\/uploads\/2021\/02\/oisturizing-revitalizing-seru-4.jpg\",\"width\":535,\"height\":546,\"caption\":\"oisturizing-revitalizing-seru.jpg\"},{\"@type\":\"BreadcrumbList\",\"@id\":\"https:\/\/cosmetic.lv\/lv\/product\/gmt-deep-moisturzing-revitalizing-serum-15ml\/#breadcrumb\",\"itemListElement\":[{\"@type\":\"ListItem\",\"position\":1,\"name\":\"Home\",\"item\":\"https:\/\/cosmetic.lv\/lv\/\"},{\"@type\":\"ListItem\",\"position\":2,\"name\":\"Veikals\",\"item\":\"https:\/\/cosmetic.lv\/lv\/veiklas\/\"},{\"@type\":\"ListItem\",\"position\":3,\"name\":\"GMT DEEP MOISTURZING &#038; REVITALIZING SERUM 15ml\"}]},{\"@type\":\"WebSite\",\"@id\":\"https:\/\/cosmetic.lv\/lv\/#website\",\"url\":\"https:\/\/cosmetic.lv\/lv\/\",\"name\":\"cosmetic.lv\",\"description\":\"Profesion\u0101la kosm\u0113tika - Maria Galland, Keune, Arkadija, GMT, Guam, Magiray\",\"publisher\":{\"@id\":\"https:\/\/cosmetic.lv\/lv\/#organization\"},\"potentialAction\":[{\"@type\":\"SearchAction\",\"target\":{\"@type\":\"EntryPoint\",\"urlTemplate\":\"https:\/\/cosmetic.lv\/lv\/?s={search_term_string}\"},\"query-input\":{\"@type\":\"PropertyValueSpecification\",\"valueRequired\":true,\"valueName\":\"search_term_string\"}}],\"inLanguage\":\"lv-LV\"},{\"@type\":\"Organization\",\"@id\":\"https:\/\/cosmetic.lv\/lv\/#organization\",\"name\":\"COSMETIC.LV\",\"url\":\"https:\/\/cosmetic.lv\/lv\/\",\"logo\":{\"@type\":\"ImageObject\",\"inLanguage\":\"lv-LV\",\"@id\":\"https:\/\/cosmetic.lv\/lv\/#\/schema\/logo\/image\/\",\"url\":\"https:\/\/cosmetic.lv\/wp-content\/uploads\/2021\/02\/cosmetic.lv_logo.jpg\",\"contentUrl\":\"https:\/\/cosmetic.lv\/wp-content\/uploads\/2021\/02\/cosmetic.lv_logo.jpg\",\"width\":596,\"height\":196,\"caption\":\"COSMETIC.LV\"},\"image\":{\"@id\":\"https:\/\/cosmetic.lv\/lv\/#\/schema\/logo\/image\/\"},\"sameAs\":[\"https:\/\/www.facebook.com\/cosmetic.lv\/\"]}]}<\/script>\n<meta property=\"product:price:amount\" content=\"51.24\" \/>\n<meta property=\"product:price:currency\" content=\"EUR\" \/>\n<meta property=\"og:availability\" content=\"out of stock\" \/>\n<meta property=\"product:availability\" content=\"out of stock\" \/>\n<meta property=\"product:retailer_item_id\" content=\"fh1028\" \/>\n<meta property=\"product:condition\" content=\"new\" \/>\n<!-- \/ Yoast SEO Premium plugin. -->","yoast_head_json":{"title":"GMT DEEP MOISTURZING & REVITALIZING SERUM 15ml - cosmetic.lv","robots":{"index":"index","follow":"follow","max-snippet":"max-snippet:-1","max-image-preview":"max-image-preview:large","max-video-preview":"max-video-preview:-1"},"canonical":"https:\/\/cosmetic.lv\/lv\/product\/gmt-deep-moisturzing-revitalizing-serum-15ml\/","og_locale":"lv_LV","og_type":"article","og_title":"GMT DEEP MOISTURZING & REVITALIZING SERUM 15ml","og_description":"DZI\u013bI MITRINO\u0160S UN REVITALIZ\u0112JO\u0160S SERUMS \u2013 Atjauno \u0101das hidrolip\u012bdu sl\u0101ni, nodro\u0161inot izcilu \u0101das mitrin\u0101\u0161anu, t\u016bl\u012bt\u0113ju m\u012bmikas grumbi\u0146u un \u0101das to\u0146a","og_url":"https:\/\/cosmetic.lv\/lv\/product\/gmt-deep-moisturzing-revitalizing-serum-15ml\/","og_site_name":"cosmetic.lv","article_publisher":"https:\/\/www.facebook.com\/cosmetic.lv\/","article_modified_time":"2021-02-06T17:55:14+00:00","og_image":[{"width":535,"height":546,"url":"https:\/\/cosmetic.lv\/wp-content\/uploads\/2021\/02\/oisturizing-revitalizing-seru-4.jpg","type":"image\/jpeg"}],"twitter_card":"summary_large_image","schema":{"@context":"https:\/\/schema.org","@graph":[{"@type":"WebPage","@id":"https:\/\/cosmetic.lv\/lv\/product\/gmt-deep-moisturzing-revitalizing-serum-15ml\/","url":"https:\/\/cosmetic.lv\/lv\/product\/gmt-deep-moisturzing-revitalizing-serum-15ml\/","name":"GMT DEEP MOISTURZING & REVITALIZING SERUM 15ml - cosmetic.lv","isPartOf":{"@id":"https:\/\/cosmetic.lv\/lv\/#website"},"primaryImageOfPage":{"@id":"https:\/\/cosmetic.lv\/lv\/product\/gmt-deep-moisturzing-revitalizing-serum-15ml\/#primaryimage"},"image":{"@id":"https:\/\/cosmetic.lv\/lv\/product\/gmt-deep-moisturzing-revitalizing-serum-15ml\/#primaryimage"},"thumbnailUrl":"https:\/\/cosmetic.lv\/wp-content\/uploads\/2021\/02\/oisturizing-revitalizing-seru-4.jpg","datePublished":"2021-02-06T17:55:12+00:00","dateModified":"2021-02-06T17:55:14+00:00","breadcrumb":{"@id":"https:\/\/cosmetic.lv\/lv\/product\/gmt-deep-moisturzing-revitalizing-serum-15ml\/#breadcrumb"},"inLanguage":"lv-LV","potentialAction":[{"@type":"ReadAction","target":["https:\/\/cosmetic.lv\/lv\/product\/gmt-deep-moisturzing-revitalizing-serum-15ml\/"]}]},{"@type":"ImageObject","inLanguage":"lv-LV","@id":"https:\/\/cosmetic.lv\/lv\/product\/gmt-deep-moisturzing-revitalizing-serum-15ml\/#primaryimage","url":"https:\/\/cosmetic.lv\/wp-content\/uploads\/2021\/02\/oisturizing-revitalizing-seru-4.jpg","contentUrl":"https:\/\/cosmetic.lv\/wp-content\/uploads\/2021\/02\/oisturizing-revitalizing-seru-4.jpg","width":535,"height":546,"caption":"oisturizing-revitalizing-seru.jpg"},{"@type":"BreadcrumbList","@id":"https:\/\/cosmetic.lv\/lv\/product\/gmt-deep-moisturzing-revitalizing-serum-15ml\/#breadcrumb","itemListElement":[{"@type":"ListItem","position":1,"name":"Home","item":"https:\/\/cosmetic.lv\/lv\/"},{"@type":"ListItem","position":2,"name":"Veikals","item":"https:\/\/cosmetic.lv\/lv\/veiklas\/"},{"@type":"ListItem","position":3,"name":"GMT DEEP MOISTURZING &#038; REVITALIZING SERUM 15ml"}]},{"@type":"WebSite","@id":"https:\/\/cosmetic.lv\/lv\/#website","url":"https:\/\/cosmetic.lv\/lv\/","name":"cosmetic.lv","description":"Profesion\u0101la kosm\u0113tika - Maria Galland, Keune, Arkadija, GMT, Guam, Magiray","publisher":{"@id":"https:\/\/cosmetic.lv\/lv\/#organization"},"potentialAction":[{"@type":"SearchAction","target":{"@type":"EntryPoint","urlTemplate":"https:\/\/cosmetic.lv\/lv\/?s={search_term_string}"},"query-input":{"@type":"PropertyValueSpecification","valueRequired":true,"valueName":"search_term_string"}}],"inLanguage":"lv-LV"},{"@type":"Organization","@id":"https:\/\/cosmetic.lv\/lv\/#organization","name":"COSMETIC.LV","url":"https:\/\/cosmetic.lv\/lv\/","logo":{"@type":"ImageObject","inLanguage":"lv-LV","@id":"https:\/\/cosmetic.lv\/lv\/#\/schema\/logo\/image\/","url":"https:\/\/cosmetic.lv\/wp-content\/uploads\/2021\/02\/cosmetic.lv_logo.jpg","contentUrl":"https:\/\/cosmetic.lv\/wp-content\/uploads\/2021\/02\/cosmetic.lv_logo.jpg","width":596,"height":196,"caption":"COSMETIC.LV"},"image":{"@id":"https:\/\/cosmetic.lv\/lv\/#\/schema\/logo\/image\/"},"sameAs":["https:\/\/www.facebook.com\/cosmetic.lv\/"]}]},"product_price_amount":"51.24","product_price_currency":"EUR","og_availability":"out of stock","product_availability":"out of stock","product_retailer_item_id":"fh1028","product_condition":"new"},"_links":{"self":[{"href":"https:\/\/cosmetic.lv\/lv\/wp-json\/wp\/v2\/product\/34606","targetHints":{"allow":["GET"]}}],"collection":[{"href":"https:\/\/cosmetic.lv\/lv\/wp-json\/wp\/v2\/product"}],"about":[{"href":"https:\/\/cosmetic.lv\/lv\/wp-json\/wp\/v2\/types\/product"}],"wp:featuredmedia":[{"embeddable":true,"href":"https:\/\/cosmetic.lv\/lv\/wp-json\/wp\/v2\/media\/16938"}],"wp:attachment":[{"href":"https:\/\/cosmetic.lv\/lv\/wp-json\/wp\/v2\/media?parent=34606"}],"wp:term":[{"taxonomy":"product_brand","embeddable":true,"href":"https:\/\/cosmetic.lv\/lv\/wp-json\/wp\/v2\/product_brand?post=34606"},{"taxonomy":"product_cat","embeddable":true,"href":"https:\/\/cosmetic.lv\/lv\/wp-json\/wp\/v2\/product_cat?post=34606"},{"taxonomy":"product_tag","embeddable":true,"href":"https:\/\/cosmetic.lv\/lv\/wp-json\/wp\/v2\/product_tag?post=34606"}],"curies":[{"name":"wp","href":"https:\/\/api.w.org\/{rel}","templated":true}]}}