{"id":34611,"date":"2021-02-05T22:43:21","date_gmt":"2021-02-06T17:55:12","guid":{"rendered":"https:\/\/damme.lv\/product\/gmt-moist-clean-foam-150ml\/"},"modified":"2021-02-06T19:55:17","modified_gmt":"2021-02-06T17:55:17","slug":"gmt-moist-clean-foam-150ml","status":"publish","type":"product","link":"https:\/\/cosmetic.lv\/lv\/product\/gmt-moist-clean-foam-150ml\/","title":{"rendered":"GMT MOIST &#038; CLEAN FOAM 150ml"},"content":{"rendered":"<p>Bag\u0101t\u012bgas, saudz\u012bgas un maigas putas. Dzi\u013ci att\u012bra, mitrina, saglab\u0101 \u0101das vesel\u012bbu. Lieliski no\u0146em kosm\u0113tiku, nov\u0113r\u0161 \u0101das sausumu, m\u012bkstina, padara to maigu un mirdzo\u0161u. Piem\u0113rots lieto\u0161anai ap ac\u012bm.<\/p>\n<p>LIETO\u0160ANA<br \/>\nUzkl\u0101j no r\u012bta un vakar\u0101, maigi iemas\u0113jot \u0101d\u0101. Nomazg\u0101 ar siltu \u016bdeni. Lieliskam rezult\u0101tam, ieteicams lietot kop\u0101 ar GMT BEAUTY NATURA CONCEPT kr\u0113miem sejai.<\/p>\n<p>Br\u012bdin\u0101jums!<\/p>\n<p>Izvair\u012bties no produkta iek\u013c\u016b\u0161anas ac\u012bs!<\/p>\n","protected":false},"excerpt":{"rendered":"<p>Bag\u0101t\u012bgas, saudz\u012bgas un maigas putas. Dzi\u013ci att\u012bra, mitrina, saglab\u0101 \u0101das vesel\u012bbu. Lieliski no\u0146em kosm\u0113tiku, nov\u0113r\u0161 \u0101das sausumu, m\u012bkstina, padara to<\/p>\n","protected":false},"featured_media":16947,"template":"","meta":[],"product_brand":[],"product_cat":[2273,2298,2301],"product_tag":[],"class_list":{"0":"post-34611","1":"product","2":"type-product","3":"status-publish","4":"has-post-thumbnail","6":"product_cat-profesionala-kosmetika-sejai-un-kermenim-lv","7":"product_cat-gmt-lv","8":"product_cat-natura-concept-majas-linija-sejai-lv","10":"first","11":"instock","12":"sale","13":"taxable","14":"shipping-taxable","15":"purchasable","16":"product-type-simple"},"yoast_head":"<!-- This site is optimized with the Yoast SEO Premium plugin v27.0 (Yoast SEO v27.0) - https:\/\/yoast.com\/product\/yoast-seo-premium-wordpress\/ -->\n<title>GMT MOIST &amp; CLEAN FOAM 150ml - cosmetic.lv<\/title>\n<meta name=\"robots\" content=\"index, follow, max-snippet:-1, max-image-preview:large, max-video-preview:-1\" \/>\n<link rel=\"canonical\" href=\"https:\/\/cosmetic.lv\/lv\/product\/gmt-moist-clean-foam-150ml\/\" \/>\n<meta property=\"og:locale\" content=\"lv_LV\" \/>\n<meta property=\"og:type\" content=\"article\" \/>\n<meta property=\"og:title\" content=\"GMT MOIST &amp; CLEAN FOAM 150ml\" \/>\n<meta property=\"og:description\" content=\"Bag\u0101t\u012bgas, saudz\u012bgas un maigas putas. Dzi\u013ci att\u012bra, mitrina, saglab\u0101 \u0101das vesel\u012bbu. Lieliski no\u0146em kosm\u0113tiku, nov\u0113r\u0161 \u0101das sausumu, m\u012bkstina, padara to\" \/>\n<meta property=\"og:url\" content=\"https:\/\/cosmetic.lv\/lv\/product\/gmt-moist-clean-foam-150ml\/\" \/>\n<meta property=\"og:site_name\" content=\"cosmetic.lv\" \/>\n<meta property=\"article:publisher\" content=\"https:\/\/www.facebook.com\/cosmetic.lv\/\" \/>\n<meta property=\"article:modified_time\" content=\"2021-02-06T17:55:17+00:00\" \/>\n<meta property=\"og:image\" content=\"https:\/\/cosmetic.lv\/wp-content\/uploads\/2021\/02\/1033oist-and-clean-foam-home-line-4.jpg\" \/>\n\t<meta property=\"og:image:width\" content=\"535\" \/>\n\t<meta property=\"og:image:height\" content=\"546\" \/>\n\t<meta property=\"og:image:type\" content=\"image\/jpeg\" \/>\n<meta name=\"twitter:card\" content=\"summary_large_image\" \/>\n<script type=\"application\/ld+json\" class=\"yoast-schema-graph\">{\"@context\":\"https:\/\/schema.org\",\"@graph\":[{\"@type\":\"WebPage\",\"@id\":\"https:\/\/cosmetic.lv\/lv\/product\/gmt-moist-clean-foam-150ml\/\",\"url\":\"https:\/\/cosmetic.lv\/lv\/product\/gmt-moist-clean-foam-150ml\/\",\"name\":\"GMT MOIST & CLEAN FOAM 150ml - cosmetic.lv\",\"isPartOf\":{\"@id\":\"https:\/\/cosmetic.lv\/lv\/#website\"},\"primaryImageOfPage\":{\"@id\":\"https:\/\/cosmetic.lv\/lv\/product\/gmt-moist-clean-foam-150ml\/#primaryimage\"},\"image\":{\"@id\":\"https:\/\/cosmetic.lv\/lv\/product\/gmt-moist-clean-foam-150ml\/#primaryimage\"},\"thumbnailUrl\":\"https:\/\/cosmetic.lv\/wp-content\/uploads\/2021\/02\/1033oist-and-clean-foam-home-line-4.jpg\",\"datePublished\":\"2021-02-06T17:55:12+00:00\",\"dateModified\":\"2021-02-06T17:55:17+00:00\",\"breadcrumb\":{\"@id\":\"https:\/\/cosmetic.lv\/lv\/product\/gmt-moist-clean-foam-150ml\/#breadcrumb\"},\"inLanguage\":\"lv-LV\",\"potentialAction\":[{\"@type\":\"ReadAction\",\"target\":[\"https:\/\/cosmetic.lv\/lv\/product\/gmt-moist-clean-foam-150ml\/\"]}]},{\"@type\":\"ImageObject\",\"inLanguage\":\"lv-LV\",\"@id\":\"https:\/\/cosmetic.lv\/lv\/product\/gmt-moist-clean-foam-150ml\/#primaryimage\",\"url\":\"https:\/\/cosmetic.lv\/wp-content\/uploads\/2021\/02\/1033oist-and-clean-foam-home-line-4.jpg\",\"contentUrl\":\"https:\/\/cosmetic.lv\/wp-content\/uploads\/2021\/02\/1033oist-and-clean-foam-home-line-4.jpg\",\"width\":535,\"height\":546,\"caption\":\"1033oist-and-clean-foam-home-line.jpg\"},{\"@type\":\"BreadcrumbList\",\"@id\":\"https:\/\/cosmetic.lv\/lv\/product\/gmt-moist-clean-foam-150ml\/#breadcrumb\",\"itemListElement\":[{\"@type\":\"ListItem\",\"position\":1,\"name\":\"Home\",\"item\":\"https:\/\/cosmetic.lv\/lv\/\"},{\"@type\":\"ListItem\",\"position\":2,\"name\":\"Veikals\",\"item\":\"https:\/\/cosmetic.lv\/lv\/veiklas\/\"},{\"@type\":\"ListItem\",\"position\":3,\"name\":\"GMT MOIST &#038; CLEAN FOAM 150ml\"}]},{\"@type\":\"WebSite\",\"@id\":\"https:\/\/cosmetic.lv\/lv\/#website\",\"url\":\"https:\/\/cosmetic.lv\/lv\/\",\"name\":\"cosmetic.lv\",\"description\":\"Profesion\u0101la kosm\u0113tika - Maria Galland, Keune, Arkadija, GMT, Guam, Magiray\",\"publisher\":{\"@id\":\"https:\/\/cosmetic.lv\/lv\/#organization\"},\"potentialAction\":[{\"@type\":\"SearchAction\",\"target\":{\"@type\":\"EntryPoint\",\"urlTemplate\":\"https:\/\/cosmetic.lv\/lv\/?s={search_term_string}\"},\"query-input\":{\"@type\":\"PropertyValueSpecification\",\"valueRequired\":true,\"valueName\":\"search_term_string\"}}],\"inLanguage\":\"lv-LV\"},{\"@type\":\"Organization\",\"@id\":\"https:\/\/cosmetic.lv\/lv\/#organization\",\"name\":\"COSMETIC.LV\",\"url\":\"https:\/\/cosmetic.lv\/lv\/\",\"logo\":{\"@type\":\"ImageObject\",\"inLanguage\":\"lv-LV\",\"@id\":\"https:\/\/cosmetic.lv\/lv\/#\/schema\/logo\/image\/\",\"url\":\"https:\/\/cosmetic.lv\/wp-content\/uploads\/2021\/02\/cosmetic.lv_logo.jpg\",\"contentUrl\":\"https:\/\/cosmetic.lv\/wp-content\/uploads\/2021\/02\/cosmetic.lv_logo.jpg\",\"width\":596,\"height\":196,\"caption\":\"COSMETIC.LV\"},\"image\":{\"@id\":\"https:\/\/cosmetic.lv\/lv\/#\/schema\/logo\/image\/\"},\"sameAs\":[\"https:\/\/www.facebook.com\/cosmetic.lv\/\"]}]}<\/script>\n<meta property=\"product:price:amount\" content=\"41.72\" \/>\n<meta property=\"product:price:currency\" content=\"EUR\" \/>\n<meta property=\"og:availability\" content=\"instock\" \/>\n<meta property=\"product:availability\" content=\"instock\" \/>\n<meta property=\"product:retailer_item_id\" content=\"fh1033\" \/>\n<meta property=\"product:condition\" content=\"new\" \/>\n<!-- \/ Yoast SEO Premium plugin. -->","yoast_head_json":{"title":"GMT MOIST & CLEAN FOAM 150ml - cosmetic.lv","robots":{"index":"index","follow":"follow","max-snippet":"max-snippet:-1","max-image-preview":"max-image-preview:large","max-video-preview":"max-video-preview:-1"},"canonical":"https:\/\/cosmetic.lv\/lv\/product\/gmt-moist-clean-foam-150ml\/","og_locale":"lv_LV","og_type":"article","og_title":"GMT MOIST & CLEAN FOAM 150ml","og_description":"Bag\u0101t\u012bgas, saudz\u012bgas un maigas putas. Dzi\u013ci att\u012bra, mitrina, saglab\u0101 \u0101das vesel\u012bbu. Lieliski no\u0146em kosm\u0113tiku, nov\u0113r\u0161 \u0101das sausumu, m\u012bkstina, padara to","og_url":"https:\/\/cosmetic.lv\/lv\/product\/gmt-moist-clean-foam-150ml\/","og_site_name":"cosmetic.lv","article_publisher":"https:\/\/www.facebook.com\/cosmetic.lv\/","article_modified_time":"2021-02-06T17:55:17+00:00","og_image":[{"width":535,"height":546,"url":"https:\/\/cosmetic.lv\/wp-content\/uploads\/2021\/02\/1033oist-and-clean-foam-home-line-4.jpg","type":"image\/jpeg"}],"twitter_card":"summary_large_image","schema":{"@context":"https:\/\/schema.org","@graph":[{"@type":"WebPage","@id":"https:\/\/cosmetic.lv\/lv\/product\/gmt-moist-clean-foam-150ml\/","url":"https:\/\/cosmetic.lv\/lv\/product\/gmt-moist-clean-foam-150ml\/","name":"GMT MOIST & CLEAN FOAM 150ml - cosmetic.lv","isPartOf":{"@id":"https:\/\/cosmetic.lv\/lv\/#website"},"primaryImageOfPage":{"@id":"https:\/\/cosmetic.lv\/lv\/product\/gmt-moist-clean-foam-150ml\/#primaryimage"},"image":{"@id":"https:\/\/cosmetic.lv\/lv\/product\/gmt-moist-clean-foam-150ml\/#primaryimage"},"thumbnailUrl":"https:\/\/cosmetic.lv\/wp-content\/uploads\/2021\/02\/1033oist-and-clean-foam-home-line-4.jpg","datePublished":"2021-02-06T17:55:12+00:00","dateModified":"2021-02-06T17:55:17+00:00","breadcrumb":{"@id":"https:\/\/cosmetic.lv\/lv\/product\/gmt-moist-clean-foam-150ml\/#breadcrumb"},"inLanguage":"lv-LV","potentialAction":[{"@type":"ReadAction","target":["https:\/\/cosmetic.lv\/lv\/product\/gmt-moist-clean-foam-150ml\/"]}]},{"@type":"ImageObject","inLanguage":"lv-LV","@id":"https:\/\/cosmetic.lv\/lv\/product\/gmt-moist-clean-foam-150ml\/#primaryimage","url":"https:\/\/cosmetic.lv\/wp-content\/uploads\/2021\/02\/1033oist-and-clean-foam-home-line-4.jpg","contentUrl":"https:\/\/cosmetic.lv\/wp-content\/uploads\/2021\/02\/1033oist-and-clean-foam-home-line-4.jpg","width":535,"height":546,"caption":"1033oist-and-clean-foam-home-line.jpg"},{"@type":"BreadcrumbList","@id":"https:\/\/cosmetic.lv\/lv\/product\/gmt-moist-clean-foam-150ml\/#breadcrumb","itemListElement":[{"@type":"ListItem","position":1,"name":"Home","item":"https:\/\/cosmetic.lv\/lv\/"},{"@type":"ListItem","position":2,"name":"Veikals","item":"https:\/\/cosmetic.lv\/lv\/veiklas\/"},{"@type":"ListItem","position":3,"name":"GMT MOIST &#038; CLEAN FOAM 150ml"}]},{"@type":"WebSite","@id":"https:\/\/cosmetic.lv\/lv\/#website","url":"https:\/\/cosmetic.lv\/lv\/","name":"cosmetic.lv","description":"Profesion\u0101la kosm\u0113tika - Maria Galland, Keune, Arkadija, GMT, Guam, Magiray","publisher":{"@id":"https:\/\/cosmetic.lv\/lv\/#organization"},"potentialAction":[{"@type":"SearchAction","target":{"@type":"EntryPoint","urlTemplate":"https:\/\/cosmetic.lv\/lv\/?s={search_term_string}"},"query-input":{"@type":"PropertyValueSpecification","valueRequired":true,"valueName":"search_term_string"}}],"inLanguage":"lv-LV"},{"@type":"Organization","@id":"https:\/\/cosmetic.lv\/lv\/#organization","name":"COSMETIC.LV","url":"https:\/\/cosmetic.lv\/lv\/","logo":{"@type":"ImageObject","inLanguage":"lv-LV","@id":"https:\/\/cosmetic.lv\/lv\/#\/schema\/logo\/image\/","url":"https:\/\/cosmetic.lv\/wp-content\/uploads\/2021\/02\/cosmetic.lv_logo.jpg","contentUrl":"https:\/\/cosmetic.lv\/wp-content\/uploads\/2021\/02\/cosmetic.lv_logo.jpg","width":596,"height":196,"caption":"COSMETIC.LV"},"image":{"@id":"https:\/\/cosmetic.lv\/lv\/#\/schema\/logo\/image\/"},"sameAs":["https:\/\/www.facebook.com\/cosmetic.lv\/"]}]},"product_price_amount":"41.72","product_price_currency":"EUR","og_availability":"instock","product_availability":"instock","product_retailer_item_id":"fh1033","product_condition":"new"},"_links":{"self":[{"href":"https:\/\/cosmetic.lv\/lv\/wp-json\/wp\/v2\/product\/34611","targetHints":{"allow":["GET"]}}],"collection":[{"href":"https:\/\/cosmetic.lv\/lv\/wp-json\/wp\/v2\/product"}],"about":[{"href":"https:\/\/cosmetic.lv\/lv\/wp-json\/wp\/v2\/types\/product"}],"wp:featuredmedia":[{"embeddable":true,"href":"https:\/\/cosmetic.lv\/lv\/wp-json\/wp\/v2\/media\/16947"}],"wp:attachment":[{"href":"https:\/\/cosmetic.lv\/lv\/wp-json\/wp\/v2\/media?parent=34611"}],"wp:term":[{"taxonomy":"product_brand","embeddable":true,"href":"https:\/\/cosmetic.lv\/lv\/wp-json\/wp\/v2\/product_brand?post=34611"},{"taxonomy":"product_cat","embeddable":true,"href":"https:\/\/cosmetic.lv\/lv\/wp-json\/wp\/v2\/product_cat?post=34611"},{"taxonomy":"product_tag","embeddable":true,"href":"https:\/\/cosmetic.lv\/lv\/wp-json\/wp\/v2\/product_tag?post=34611"}],"curies":[{"name":"wp","href":"https:\/\/api.w.org\/{rel}","templated":true}]}}