{"id":34623,"date":"2021-02-05T22:43:21","date_gmt":"2021-02-06T17:55:20","guid":{"rendered":"https:\/\/damme.lv\/product\/yl-bergamot-citrus-bergamia-palidz-mums-atbrivot-kopejo-kontroli-15ml\/"},"modified":"2021-02-11T22:53:19","modified_gmt":"2021-02-11T20:53:19","slug":"yl-bergamot-citrus-bergamia-palidz-mums-atbrivot-kopejo-kontroli-15ml","status":"publish","type":"product","link":"https:\/\/cosmetic.lv\/lv\/product\/yl-bergamot-citrus-bergamia-palidz-mums-atbrivot-kopejo-kontroli-15ml\/","title":{"rendered":"YL BERGAMOT Citrus bergamia pal\u012bdz mums atbr\u012bvot kop\u0113jo kontroli 15ML"},"content":{"rendered":"<p>Bergamots. Citrusaug\u013cu bergamija.<br \/>\nPar jauno dz\u012bvi<\/p>\n<p>Bergamots<br \/>\n Bot\u0101nisk\u0101 \u0123imene: Rutaceae (citrusaug\u013ci)<\/p>\n<p> Izcelsmes valsts: It\u0101lija, Maroka<\/p>\n<p> Darb\u012bg\u0101s vielas: limon\u0113ns (30-45%)<br \/>\nLinalila acet\u0101ts (22-36%)<br \/>\nLinalols (3-15%)<br \/>\nGamma-Terpinen (6-10%)<br \/>\nBeta-pin\u012bns (5,5-9,5%)<\/p>\n<p> V\u0113sturisk\u0101 inform\u0101cija: Pirmais no Kan\u0101riju sal\u0101m aizveda Bergamotu uz Bergamo pils\u0113tu Zieme\u013cit\u0101lij\u0101, Christopher Columbus. Tuvajos Austrumos \u0161\u012b e\u013c\u013ca tika izmantota probl\u0113mas \u0101das \u0101rst\u0113\u0161anai, lai \u0101rst\u0113tu gremo\u0161anas sist\u0113mu. Bergamota smar\u017ea tika izmantota slavenaj\u0101 t\u0113jas Earl Gray t\u0113ja. Eirop\u0101 Napoleona laik\u0101, pamatojoties uz e\u013c\u013cu, rad\u0101s pirm\u0101 smar\u017ea &#8211; \u0136elne.<\/p>\n<p> \u0100rstnieciskas \u012bpa\u0161\u012bbas: antibakteri\u0101la, pretiekaisuma, antiseptiska, pretinfekcijas, anest\u0113zijas, pretparaz\u012btu, atbalstu gremo\u0161anu, spazmol\u012btiskais, antidepresants, nomierino\u0161s, hormon\u0101l\u0101 atbalstu.<\/p>\n<p>K\u0101das slim\u012bbas izmantoti: v\u012brusu infekcija (herpes, elpo\u0161anas sist\u0113mas, ur\u012bnce\u013cu sist\u0113ma), iekaisums, gremo\u0161anas trauc\u0113jumi, smaguma saj\u016bta p\u0113c \u0113\u0161anas, kolikas, anoreksija (regul\u0113 apet\u012bte), apet\u012btes zudums, zarnu paraz\u012btiem, reimatisms, taukainas un problem\u0101tiskas \u0101das, maksts zaud\u0113jumiem Candida (d\u016briens), trauksme, stress, bezmiegs, uzbudin\u0101jums, narkom\u0101nija.<\/p>\n<p> Gar\u012bg\u0101 un emocion\u0101l\u0101 ietekme: mazina trauksmi. Bergamots pal\u012bdz mums atbr\u012bvot kop\u0113jo kontroli, lai dz\u012bve var\u0113tu k\u013c\u016bt viegl\u0101ka. Kad mums izdodas atp\u016bsties un pa\u013cauties uz Visumu, bailes no nezin\u0101ma iet prom &#8211; m\u016bsu misijas izpratne n\u0101k. Izmantojiet Bergamotu, lai tiktu gal\u0101 ar atkar\u012bb\u0101m: sm\u0113\u0137\u0113\u0161anu, narkotik\u0101m, alkoholu, \u012bpa\u0161i, ja tas ir atkar\u012bgs no depresijas fona.<\/p>\n<p>Uzlieciet 2 &#8211; 3 pilienus bergamotes uz sirds un saules pinuma, lai atbr\u012bvotu trauksmi, stresu, depresiju.<\/p>\n<p>Ietekme uz pr\u0101tu: saldais un aug\u013cu arom\u0101ts paaugstina garast\u0101vokli un atsl\u0101bina.<\/p>\n<p> ORAC: nav zin\u0101ms<\/p>\n<p> Kas ir ORAC? ORAC ir sk\u0101bek\u013ca radik\u0101las absorbcijas sp\u0113ja vai indikators par sp\u0113ju antioksidantus absorb\u0113t br\u012bvos radik\u0101\u013cus. Vienk\u0101r\u0161\u0101 valod\u0101, tas noz\u012bm\u0113, ka zin\u0101tnisko j\u0113dzienu cik labi viela pal\u012bdz manu \u0137ermeni, lai risin\u0101tu ar t\u0101diem trauc\u0113jumiem, k\u0101 v\u0113zis, sirds un asinsvadu slim\u012bb\u0101m, hronisk\u0101m slim\u012bb\u0101m, org\u0101nos un audos. To ieviesa zin\u0101tnieki no Nacion\u0101l\u0101 noveco\u0161anas instit\u016bta Nacion\u0101l\u0101 vesel\u012bbas instit\u016bta (NIH) Baltimore, ASV.<\/p>\n<p> Ra\u017eo\u0161anas metode: aukst\u0101 pres\u0113\u0161ana no mizas, atbr\u012bvo\u0161ana no terp\u0113niem.<\/p>\n<p> Lieto\u0161ana un doz\u0113\u0161ana:<\/p>\n<p>m\u0113s \u0161\u0137irties 1: 1 ar augu e\u013c\u013cu vai ar e\u013c\u013cu V-6<br \/>\ne\u013c\u013ca tiek uzskat\u012bta par dro\u0161u (GRAS) iek\u0161\u0113jai lieto\u0161anai FDA<br \/>\nuzkl\u0101jiet 1-3 pilienus s\u0101p\u012bgaj\u0101 viet\u0101<br \/>\niek\u0161\u0137\u012bgai lieto\u0161anai, ievietojiet kapsul\u0101 2 reizes dien\u0101, ja nepiecie\u0161ams<br \/>\nattiecas uz Vita Flex punktiem<br \/>\nmas\u0101\u017e\u0101 Raindrop Technique &#8211; e\u013c\u013cu piem\u0113ro\u0161ana p\u0113c sl\u0101\u0146a<br \/>\nieelpot no plaukst\u0101m vai no pudeles<br \/>\n5-8 pilieni Diffusor\u0101, 30 min\u016btes 3 reizes dien\u0101 vai p\u0113c nepiecie\u0161am\u012bbas<br \/>\nvann\u0101 5-6 pilienus uz emulgatora<br \/>\nKosm\u0113tikas bag\u0101tin\u0101\u0161ana: 2 pilieni uz 10 ml pamatnes<br \/>\n Izmantojiet m\u0101jdz\u012bvniekiem: j\u0101, j\u016bs varat izmantot. Uzkl\u0101jiet da\u017eus pilienus e\u013c\u013cas uz vates tamponiem un suni suni aus\u012bm, pal\u012bdziet ar ausu infekciju.<\/p>\n<p> Da\u017eas e\u013c\u013cas var b\u016bt \u013coti toksiskas ka\u0137iem. Tie ietver citrusaug\u013cu e\u013c\u013cas, kas nav terapeitiskas kvalit\u0101tes! L\u016bdzu, konsult\u0113jieties ar savu veterin\u0101r\u0101rstu, ja neesat p\u0101rliecin\u0101ts, vai varat izmantot \u0113terisko e\u013c\u013cu savam veterin\u0101r\u0101rstam.<\/p>\n<p> K\u0101 es varu pal\u012bdz\u0113t m\u0101jdz\u012bvniekiem?<\/p>\n<p> Piesardz\u012bbas pas\u0101kumi:<\/p>\n<p>Izmantojiet tikai terapeitisku e\u013c\u013cu<br \/>\nm\u0113s \u0161\u0137irties 1: 1 ar augu e\u013c\u013cu vai ar e\u013c\u013cu V-6<br \/>\ne\u013c\u013ca tiek uzskat\u012bta par dro\u0161u (GRAS) iek\u0161\u0113jai lieto\u0161anai FDA<br \/>\nB\u0113rniem l\u012bdz 6 gadu vecumam nevajadz\u0113tu lietot e\u013c\u013cu k\u0101 p\u0101rtikas piedevu<br \/>\nja uzkl\u0101j uz \u0101das t\u012br\u0101 form\u0101, neliela dedzino\u0161a saj\u016bta 1-3 min\u016b\u0161u laik\u0101, reakcija ir dabiska<br \/>\nnebeidzas saul\u0113 36 stundas p\u0113c lieto\u0161anas!<br \/>\nnosl\u0113gt\u0101 iepakojuma der\u012bguma termi\u0146\u0161 nav ierobe\u017eots<br \/>\n \u0112terisk\u0101 e\u013c\u013ca Bergamotes da\u013cas estera mais\u012bjuma: mostamies (modin\u0101t), Clarity (skaidr\u012bba), Dragon Laiks, Bath &#038; Shower Gel, Dream Catcher, vakara miera Bath &#038; du\u0161as \u017eeleja, piedo\u0161ana (piedo\u0161anu), Genesis Hand &#038; Body Lotion, Maiga Baby (Maigs b\u0113rns), harmonija, prieks, Prenolone Plus \u0137erme\u0146a kr\u0113ms, Progessence Plus serums, balta angelika.<\/p>\n<p> Papildu \u0113terisk\u0101s e\u013c\u013cas: melnie pipari, mir\u0161u, ingvers, priede, egle, muskatrieksts, kan\u0113lis, salvija, egle, ro\u017eu, ro\u017ekoka, kumel\u012b\u0161u, sandalkoka, salvija, timi\u0101ns, baziliks, l\u012bci, vetivera, krustnagli\u0146as, major\u0101ns, oregano, ilang -ilang, kayaputa, kadi\u0137i, pacipreses, v\u012braku, citronu, oregano, mandar\u012bns, citronu balzams, piparm\u0113tru, niaouli, Neroli, palmu rozes, pa\u010d\u016blijas, t\u0113jas koka, lavandas, jasm\u012bns, \u0123er\u0101nija, koriandrs, violet\u0101.<br \/>\n15 ml<\/p>\n","protected":false},"excerpt":{"rendered":"<p>Bergamots. Citrusaug\u013cu bergamija. Par jauno dz\u012bvi Bergamots Bot\u0101nisk\u0101 \u0123imene: Rutaceae (citrusaug\u013ci) Izcelsmes valsts: It\u0101lija, Maroka Darb\u012bg\u0101s vielas: limon\u0113ns (30-45%) Linalila<\/p>\n","protected":false},"featured_media":16981,"template":"","meta":[],"product_brand":[],"product_cat":[2186,2193],"product_tag":[],"class_list":{"0":"post-34623","1":"product","2":"type-product","3":"status-publish","4":"has-post-thumbnail","6":"product_cat-young-living-eteriskas-ellas-un-kosmetika-augstas-kvalitates","7":"product_cat-eteriskas-ellas-lv","9":"first","10":"instock","11":"taxable","12":"shipping-taxable","13":"purchasable","14":"product-type-simple"},"yoast_head":"<!-- This site is optimized with the Yoast SEO Premium plugin v27.0 (Yoast SEO v27.0) - https:\/\/yoast.com\/product\/yoast-seo-premium-wordpress\/ -->\n<title>YL BERGAMOT Citrus bergamia pal\u012bdz mums atbr\u012bvot kop\u0113jo kontroli 15ML - cosmetic.lv<\/title>\n<meta name=\"robots\" content=\"index, follow, max-snippet:-1, max-image-preview:large, max-video-preview:-1\" \/>\n<link rel=\"canonical\" href=\"https:\/\/cosmetic.lv\/lv\/product\/yl-bergamot-citrus-bergamia-palidz-mums-atbrivot-kopejo-kontroli-15ml\/\" \/>\n<meta property=\"og:locale\" content=\"lv_LV\" \/>\n<meta property=\"og:type\" content=\"article\" \/>\n<meta property=\"og:title\" content=\"YL BERGAMOT Citrus bergamia pal\u012bdz mums atbr\u012bvot kop\u0113jo kontroli 15ML\" \/>\n<meta property=\"og:description\" content=\"Bergamots. Citrusaug\u013cu bergamija. Par jauno dz\u012bvi Bergamots Bot\u0101nisk\u0101 \u0123imene: Rutaceae (citrusaug\u013ci) Izcelsmes valsts: It\u0101lija, Maroka Darb\u012bg\u0101s vielas: limon\u0113ns (30-45%) Linalila\" \/>\n<meta property=\"og:url\" content=\"https:\/\/cosmetic.lv\/lv\/product\/yl-bergamot-citrus-bergamia-palidz-mums-atbrivot-kopejo-kontroli-15ml\/\" \/>\n<meta property=\"og:site_name\" content=\"cosmetic.lv\" \/>\n<meta property=\"article:publisher\" content=\"https:\/\/www.facebook.com\/cosmetic.lv\/\" \/>\n<meta property=\"article:modified_time\" content=\"2021-02-11T20:53:19+00:00\" \/>\n<meta property=\"og:image\" content=\"https:\/\/cosmetic.lv\/wp-content\/uploads\/2021\/02\/bergamot-s-4.jpg\" \/>\n\t<meta property=\"og:image:width\" content=\"100\" \/>\n\t<meta property=\"og:image:height\" content=\"240\" \/>\n\t<meta property=\"og:image:type\" content=\"image\/jpeg\" \/>\n<meta name=\"twitter:card\" content=\"summary_large_image\" \/>\n<script type=\"application\/ld+json\" class=\"yoast-schema-graph\">{\"@context\":\"https:\/\/schema.org\",\"@graph\":[{\"@type\":\"WebPage\",\"@id\":\"https:\/\/cosmetic.lv\/lv\/product\/yl-bergamot-citrus-bergamia-palidz-mums-atbrivot-kopejo-kontroli-15ml\/\",\"url\":\"https:\/\/cosmetic.lv\/lv\/product\/yl-bergamot-citrus-bergamia-palidz-mums-atbrivot-kopejo-kontroli-15ml\/\",\"name\":\"YL BERGAMOT Citrus bergamia pal\u012bdz mums atbr\u012bvot kop\u0113jo kontroli 15ML - cosmetic.lv\",\"isPartOf\":{\"@id\":\"https:\/\/cosmetic.lv\/lv\/#website\"},\"primaryImageOfPage\":{\"@id\":\"https:\/\/cosmetic.lv\/lv\/product\/yl-bergamot-citrus-bergamia-palidz-mums-atbrivot-kopejo-kontroli-15ml\/#primaryimage\"},\"image\":{\"@id\":\"https:\/\/cosmetic.lv\/lv\/product\/yl-bergamot-citrus-bergamia-palidz-mums-atbrivot-kopejo-kontroli-15ml\/#primaryimage\"},\"thumbnailUrl\":\"https:\/\/cosmetic.lv\/wp-content\/uploads\/2021\/02\/bergamot-s-4.jpg\",\"datePublished\":\"2021-02-06T17:55:20+00:00\",\"dateModified\":\"2021-02-11T20:53:19+00:00\",\"breadcrumb\":{\"@id\":\"https:\/\/cosmetic.lv\/lv\/product\/yl-bergamot-citrus-bergamia-palidz-mums-atbrivot-kopejo-kontroli-15ml\/#breadcrumb\"},\"inLanguage\":\"lv-LV\",\"potentialAction\":[{\"@type\":\"ReadAction\",\"target\":[\"https:\/\/cosmetic.lv\/lv\/product\/yl-bergamot-citrus-bergamia-palidz-mums-atbrivot-kopejo-kontroli-15ml\/\"]}]},{\"@type\":\"ImageObject\",\"inLanguage\":\"lv-LV\",\"@id\":\"https:\/\/cosmetic.lv\/lv\/product\/yl-bergamot-citrus-bergamia-palidz-mums-atbrivot-kopejo-kontroli-15ml\/#primaryimage\",\"url\":\"https:\/\/cosmetic.lv\/wp-content\/uploads\/2021\/02\/bergamot-s-4.jpg\",\"contentUrl\":\"https:\/\/cosmetic.lv\/wp-content\/uploads\/2021\/02\/bergamot-s-4.jpg\",\"width\":100,\"height\":240,\"caption\":\"bergamot-s.jpg\"},{\"@type\":\"BreadcrumbList\",\"@id\":\"https:\/\/cosmetic.lv\/lv\/product\/yl-bergamot-citrus-bergamia-palidz-mums-atbrivot-kopejo-kontroli-15ml\/#breadcrumb\",\"itemListElement\":[{\"@type\":\"ListItem\",\"position\":1,\"name\":\"Home\",\"item\":\"https:\/\/cosmetic.lv\/lv\/\"},{\"@type\":\"ListItem\",\"position\":2,\"name\":\"Veikals\",\"item\":\"https:\/\/cosmetic.lv\/lv\/veiklas\/\"},{\"@type\":\"ListItem\",\"position\":3,\"name\":\"YL BERGAMOT Citrus bergamia pal\u012bdz mums atbr\u012bvot kop\u0113jo kontroli 15ML\"}]},{\"@type\":\"WebSite\",\"@id\":\"https:\/\/cosmetic.lv\/lv\/#website\",\"url\":\"https:\/\/cosmetic.lv\/lv\/\",\"name\":\"cosmetic.lv\",\"description\":\"Profesion\u0101la kosm\u0113tika - Maria Galland, Keune, Arkadija, GMT, Guam, Magiray\",\"publisher\":{\"@id\":\"https:\/\/cosmetic.lv\/lv\/#organization\"},\"potentialAction\":[{\"@type\":\"SearchAction\",\"target\":{\"@type\":\"EntryPoint\",\"urlTemplate\":\"https:\/\/cosmetic.lv\/lv\/?s={search_term_string}\"},\"query-input\":{\"@type\":\"PropertyValueSpecification\",\"valueRequired\":true,\"valueName\":\"search_term_string\"}}],\"inLanguage\":\"lv-LV\"},{\"@type\":\"Organization\",\"@id\":\"https:\/\/cosmetic.lv\/lv\/#organization\",\"name\":\"COSMETIC.LV\",\"url\":\"https:\/\/cosmetic.lv\/lv\/\",\"logo\":{\"@type\":\"ImageObject\",\"inLanguage\":\"lv-LV\",\"@id\":\"https:\/\/cosmetic.lv\/lv\/#\/schema\/logo\/image\/\",\"url\":\"https:\/\/cosmetic.lv\/wp-content\/uploads\/2021\/02\/cosmetic.lv_logo.jpg\",\"contentUrl\":\"https:\/\/cosmetic.lv\/wp-content\/uploads\/2021\/02\/cosmetic.lv_logo.jpg\",\"width\":596,\"height\":196,\"caption\":\"COSMETIC.LV\"},\"image\":{\"@id\":\"https:\/\/cosmetic.lv\/lv\/#\/schema\/logo\/image\/\"},\"sameAs\":[\"https:\/\/www.facebook.com\/cosmetic.lv\/\"]}]}<\/script>\n<meta property=\"product:price:amount\" content=\"45.37\" \/>\n<meta property=\"product:price:currency\" content=\"EUR\" \/>\n<meta property=\"og:availability\" content=\"instock\" \/>\n<meta property=\"product:availability\" content=\"instock\" \/>\n<meta property=\"product:retailer_item_id\" content=\"350308\" \/>\n<meta property=\"product:condition\" content=\"new\" \/>\n<!-- \/ Yoast SEO Premium plugin. -->","yoast_head_json":{"title":"YL BERGAMOT Citrus bergamia pal\u012bdz mums atbr\u012bvot kop\u0113jo kontroli 15ML - cosmetic.lv","robots":{"index":"index","follow":"follow","max-snippet":"max-snippet:-1","max-image-preview":"max-image-preview:large","max-video-preview":"max-video-preview:-1"},"canonical":"https:\/\/cosmetic.lv\/lv\/product\/yl-bergamot-citrus-bergamia-palidz-mums-atbrivot-kopejo-kontroli-15ml\/","og_locale":"lv_LV","og_type":"article","og_title":"YL BERGAMOT Citrus bergamia pal\u012bdz mums atbr\u012bvot kop\u0113jo kontroli 15ML","og_description":"Bergamots. Citrusaug\u013cu bergamija. Par jauno dz\u012bvi Bergamots Bot\u0101nisk\u0101 \u0123imene: Rutaceae (citrusaug\u013ci) Izcelsmes valsts: It\u0101lija, Maroka Darb\u012bg\u0101s vielas: limon\u0113ns (30-45%) Linalila","og_url":"https:\/\/cosmetic.lv\/lv\/product\/yl-bergamot-citrus-bergamia-palidz-mums-atbrivot-kopejo-kontroli-15ml\/","og_site_name":"cosmetic.lv","article_publisher":"https:\/\/www.facebook.com\/cosmetic.lv\/","article_modified_time":"2021-02-11T20:53:19+00:00","og_image":[{"width":100,"height":240,"url":"https:\/\/cosmetic.lv\/wp-content\/uploads\/2021\/02\/bergamot-s-4.jpg","type":"image\/jpeg"}],"twitter_card":"summary_large_image","schema":{"@context":"https:\/\/schema.org","@graph":[{"@type":"WebPage","@id":"https:\/\/cosmetic.lv\/lv\/product\/yl-bergamot-citrus-bergamia-palidz-mums-atbrivot-kopejo-kontroli-15ml\/","url":"https:\/\/cosmetic.lv\/lv\/product\/yl-bergamot-citrus-bergamia-palidz-mums-atbrivot-kopejo-kontroli-15ml\/","name":"YL BERGAMOT Citrus bergamia pal\u012bdz mums atbr\u012bvot kop\u0113jo kontroli 15ML - cosmetic.lv","isPartOf":{"@id":"https:\/\/cosmetic.lv\/lv\/#website"},"primaryImageOfPage":{"@id":"https:\/\/cosmetic.lv\/lv\/product\/yl-bergamot-citrus-bergamia-palidz-mums-atbrivot-kopejo-kontroli-15ml\/#primaryimage"},"image":{"@id":"https:\/\/cosmetic.lv\/lv\/product\/yl-bergamot-citrus-bergamia-palidz-mums-atbrivot-kopejo-kontroli-15ml\/#primaryimage"},"thumbnailUrl":"https:\/\/cosmetic.lv\/wp-content\/uploads\/2021\/02\/bergamot-s-4.jpg","datePublished":"2021-02-06T17:55:20+00:00","dateModified":"2021-02-11T20:53:19+00:00","breadcrumb":{"@id":"https:\/\/cosmetic.lv\/lv\/product\/yl-bergamot-citrus-bergamia-palidz-mums-atbrivot-kopejo-kontroli-15ml\/#breadcrumb"},"inLanguage":"lv-LV","potentialAction":[{"@type":"ReadAction","target":["https:\/\/cosmetic.lv\/lv\/product\/yl-bergamot-citrus-bergamia-palidz-mums-atbrivot-kopejo-kontroli-15ml\/"]}]},{"@type":"ImageObject","inLanguage":"lv-LV","@id":"https:\/\/cosmetic.lv\/lv\/product\/yl-bergamot-citrus-bergamia-palidz-mums-atbrivot-kopejo-kontroli-15ml\/#primaryimage","url":"https:\/\/cosmetic.lv\/wp-content\/uploads\/2021\/02\/bergamot-s-4.jpg","contentUrl":"https:\/\/cosmetic.lv\/wp-content\/uploads\/2021\/02\/bergamot-s-4.jpg","width":100,"height":240,"caption":"bergamot-s.jpg"},{"@type":"BreadcrumbList","@id":"https:\/\/cosmetic.lv\/lv\/product\/yl-bergamot-citrus-bergamia-palidz-mums-atbrivot-kopejo-kontroli-15ml\/#breadcrumb","itemListElement":[{"@type":"ListItem","position":1,"name":"Home","item":"https:\/\/cosmetic.lv\/lv\/"},{"@type":"ListItem","position":2,"name":"Veikals","item":"https:\/\/cosmetic.lv\/lv\/veiklas\/"},{"@type":"ListItem","position":3,"name":"YL BERGAMOT Citrus bergamia pal\u012bdz mums atbr\u012bvot kop\u0113jo kontroli 15ML"}]},{"@type":"WebSite","@id":"https:\/\/cosmetic.lv\/lv\/#website","url":"https:\/\/cosmetic.lv\/lv\/","name":"cosmetic.lv","description":"Profesion\u0101la kosm\u0113tika - Maria Galland, Keune, Arkadija, GMT, Guam, Magiray","publisher":{"@id":"https:\/\/cosmetic.lv\/lv\/#organization"},"potentialAction":[{"@type":"SearchAction","target":{"@type":"EntryPoint","urlTemplate":"https:\/\/cosmetic.lv\/lv\/?s={search_term_string}"},"query-input":{"@type":"PropertyValueSpecification","valueRequired":true,"valueName":"search_term_string"}}],"inLanguage":"lv-LV"},{"@type":"Organization","@id":"https:\/\/cosmetic.lv\/lv\/#organization","name":"COSMETIC.LV","url":"https:\/\/cosmetic.lv\/lv\/","logo":{"@type":"ImageObject","inLanguage":"lv-LV","@id":"https:\/\/cosmetic.lv\/lv\/#\/schema\/logo\/image\/","url":"https:\/\/cosmetic.lv\/wp-content\/uploads\/2021\/02\/cosmetic.lv_logo.jpg","contentUrl":"https:\/\/cosmetic.lv\/wp-content\/uploads\/2021\/02\/cosmetic.lv_logo.jpg","width":596,"height":196,"caption":"COSMETIC.LV"},"image":{"@id":"https:\/\/cosmetic.lv\/lv\/#\/schema\/logo\/image\/"},"sameAs":["https:\/\/www.facebook.com\/cosmetic.lv\/"]}]},"product_price_amount":"45.37","product_price_currency":"EUR","og_availability":"instock","product_availability":"instock","product_retailer_item_id":"350308","product_condition":"new"},"_links":{"self":[{"href":"https:\/\/cosmetic.lv\/lv\/wp-json\/wp\/v2\/product\/34623","targetHints":{"allow":["GET"]}}],"collection":[{"href":"https:\/\/cosmetic.lv\/lv\/wp-json\/wp\/v2\/product"}],"about":[{"href":"https:\/\/cosmetic.lv\/lv\/wp-json\/wp\/v2\/types\/product"}],"wp:featuredmedia":[{"embeddable":true,"href":"https:\/\/cosmetic.lv\/lv\/wp-json\/wp\/v2\/media\/16981"}],"wp:attachment":[{"href":"https:\/\/cosmetic.lv\/lv\/wp-json\/wp\/v2\/media?parent=34623"}],"wp:term":[{"taxonomy":"product_brand","embeddable":true,"href":"https:\/\/cosmetic.lv\/lv\/wp-json\/wp\/v2\/product_brand?post=34623"},{"taxonomy":"product_cat","embeddable":true,"href":"https:\/\/cosmetic.lv\/lv\/wp-json\/wp\/v2\/product_cat?post=34623"},{"taxonomy":"product_tag","embeddable":true,"href":"https:\/\/cosmetic.lv\/lv\/wp-json\/wp\/v2\/product_tag?post=34623"}],"curies":[{"name":"wp","href":"https:\/\/api.w.org\/{rel}","templated":true}]}}