{"id":34625,"date":"2021-02-05T22:43:32","date_gmt":"2021-02-06T17:55:27","guid":{"rendered":"https:\/\/damme.lv\/product\/yl-blue-tansy-tanacetum-annuum-ir-slavena-ar-dargu-elitaro-kosmetiku-5ml\/"},"modified":"2021-02-11T22:53:17","modified_gmt":"2021-02-11T20:53:17","slug":"yl-blue-tansy-tanacetum-annuum-ir-slavena-ar-dargu-elitaro-kosmetiku-5ml","status":"publish","type":"product","link":"https:\/\/cosmetic.lv\/lv\/product\/yl-blue-tansy-tanacetum-annuum-ir-slavena-ar-dargu-elitaro-kosmetiku-5ml\/","title":{"rendered":"YL Blue Tansy (Tanacetum annuum) ir slavena ar d\u0101rgu elit\u0101ro kosm\u0113tiku 5ml"},"content":{"rendered":"<p>Kaut \u0113terisk\u0101 e\u013c\u013ca Blue bi\u0161kr\u0113sli\u0146i (Tanacetum annuum) veido tiny dzelten\u0101 kr\u0101s\u0101, l\u012bdz\u012bgi kumel\u012btes, jo ietverts ziedu chamazulene dabas sast\u0101vda\u013ca destil\u0113jot ar \u016bdens tvaiku, ir \u013coti noder\u012bgi, \u0113terisk\u0101 e\u013c\u013ca k\u013c\u016bst pies\u0101tin\u0101ts zil\u0101 kr\u0101s\u0101. Zilais zirdzi\u0146\u0161 n\u0101k no Marokas. Tas ir reta augs, kas ir slavena ar d\u0101rgu elit\u0101ro kosm\u0113tiku. Daudzus gadus, biedri bauda priek\u0161roc\u012bbas Young Living Zils bi\u0161kr\u0113sli\u0146i e\u013c\u013cu Valor\u00ae mais\u012bjumiem, Peace &#038; Calming\u00ae un JuvaFlex\u00ae. Tagad m\u0113s esam atbr\u012bvoti Zils bi\u0161kr\u0113sli\u0146i e\u013c\u013cu atsevi\u0161\u0137\u0101 pudel\u0113, lai j\u016bs varat spray to m\u0101j\u0101s, uz \u0101das, k\u0101 ar\u012b run\u0101t par to saviem draugiem!<br \/>\nPielieto\u0161anas metode<br \/>\nUzkl\u0101\u0161anai uz \u0101das: at\u0161\u0137aida kompleksu V-6 \u2122 vai ol\u012bve\u013c\u013cu proporcij\u0101 1: 1 un pielietot v\u0113lamo \u0101das laukumu. Smar\u017e\u012bgai lieto\u0161anai: izsmidziniet 30 min\u016btes 3 reizes dien\u0101. Br\u012bdin\u0101jums: Sarg\u0101t no b\u0113rniem. Tikai \u0101r\u0113jai lieto\u0161anai. Izvairieties no saskares ar ac\u012bm un g\u013cot\u0101d\u0101m. gr\u016btniec\u012bbas, lakt\u0101cijas, slim\u012bbas vai medikamentu, pirms lieto\u0161anas laik\u0101 ir ieteicams konsult\u0113ties ar \u0101rstu.<br \/>\nSast\u0101vda\u013cas<br \/>\nZil\u0101 pieni\u0146\u0161 (Tanacetum annuum)<br \/>\n5 ml<\/p>\n","protected":false},"excerpt":{"rendered":"<p>Kaut \u0113terisk\u0101 e\u013c\u013ca Blue bi\u0161kr\u0113sli\u0146i (Tanacetum annuum) veido tiny dzelten\u0101 kr\u0101s\u0101, l\u012bdz\u012bgi kumel\u012btes, jo ietverts ziedu chamazulene dabas sast\u0101vda\u013ca destil\u0113jot<\/p>\n","protected":false},"featured_media":16987,"template":"","meta":[],"product_brand":[],"product_cat":[2186,2193],"product_tag":[],"class_list":{"0":"post-34625","1":"product","2":"type-product","3":"status-publish","4":"has-post-thumbnail","6":"product_cat-young-living-eteriskas-ellas-un-kosmetika-augstas-kvalitates","7":"product_cat-eteriskas-ellas-lv","9":"first","10":"instock","11":"taxable","12":"shipping-taxable","13":"purchasable","14":"product-type-simple"},"yoast_head":"<!-- This site is optimized with the Yoast SEO Premium plugin v27.0 (Yoast SEO v27.0) - https:\/\/yoast.com\/product\/yoast-seo-premium-wordpress\/ -->\n<title>YL Blue Tansy (Tanacetum annuum) ir slavena ar d\u0101rgu elit\u0101ro kosm\u0113tiku 5ml - cosmetic.lv<\/title>\n<meta name=\"robots\" content=\"index, follow, max-snippet:-1, max-image-preview:large, max-video-preview:-1\" \/>\n<link rel=\"canonical\" href=\"https:\/\/cosmetic.lv\/lv\/product\/yl-blue-tansy-tanacetum-annuum-ir-slavena-ar-dargu-elitaro-kosmetiku-5ml\/\" \/>\n<meta property=\"og:locale\" content=\"lv_LV\" \/>\n<meta property=\"og:type\" content=\"article\" \/>\n<meta property=\"og:title\" content=\"YL Blue Tansy (Tanacetum annuum) ir slavena ar d\u0101rgu elit\u0101ro kosm\u0113tiku 5ml\" \/>\n<meta property=\"og:description\" content=\"Kaut \u0113terisk\u0101 e\u013c\u013ca Blue bi\u0161kr\u0113sli\u0146i (Tanacetum annuum) veido tiny dzelten\u0101 kr\u0101s\u0101, l\u012bdz\u012bgi kumel\u012btes, jo ietverts ziedu chamazulene dabas sast\u0101vda\u013ca destil\u0113jot\" \/>\n<meta property=\"og:url\" content=\"https:\/\/cosmetic.lv\/lv\/product\/yl-blue-tansy-tanacetum-annuum-ir-slavena-ar-dargu-elitaro-kosmetiku-5ml\/\" \/>\n<meta property=\"og:site_name\" content=\"cosmetic.lv\" \/>\n<meta property=\"article:publisher\" content=\"https:\/\/www.facebook.com\/cosmetic.lv\/\" \/>\n<meta property=\"article:modified_time\" content=\"2021-02-11T20:53:17+00:00\" \/>\n<meta property=\"og:image\" content=\"https:\/\/cosmetic.lv\/wp-content\/uploads\/2021\/02\/308410blue-4.jpg\" \/>\n\t<meta property=\"og:image:width\" content=\"250\" \/>\n\t<meta property=\"og:image:height\" content=\"250\" \/>\n\t<meta property=\"og:image:type\" content=\"image\/jpeg\" \/>\n<meta name=\"twitter:card\" content=\"summary_large_image\" \/>\n<script type=\"application\/ld+json\" class=\"yoast-schema-graph\">{\"@context\":\"https:\/\/schema.org\",\"@graph\":[{\"@type\":\"WebPage\",\"@id\":\"https:\/\/cosmetic.lv\/lv\/product\/yl-blue-tansy-tanacetum-annuum-ir-slavena-ar-dargu-elitaro-kosmetiku-5ml\/\",\"url\":\"https:\/\/cosmetic.lv\/lv\/product\/yl-blue-tansy-tanacetum-annuum-ir-slavena-ar-dargu-elitaro-kosmetiku-5ml\/\",\"name\":\"YL Blue Tansy (Tanacetum annuum) ir slavena ar d\u0101rgu elit\u0101ro kosm\u0113tiku 5ml - cosmetic.lv\",\"isPartOf\":{\"@id\":\"https:\/\/cosmetic.lv\/lv\/#website\"},\"primaryImageOfPage\":{\"@id\":\"https:\/\/cosmetic.lv\/lv\/product\/yl-blue-tansy-tanacetum-annuum-ir-slavena-ar-dargu-elitaro-kosmetiku-5ml\/#primaryimage\"},\"image\":{\"@id\":\"https:\/\/cosmetic.lv\/lv\/product\/yl-blue-tansy-tanacetum-annuum-ir-slavena-ar-dargu-elitaro-kosmetiku-5ml\/#primaryimage\"},\"thumbnailUrl\":\"https:\/\/cosmetic.lv\/wp-content\/uploads\/2021\/02\/308410blue-4.jpg\",\"datePublished\":\"2021-02-06T17:55:27+00:00\",\"dateModified\":\"2021-02-11T20:53:17+00:00\",\"breadcrumb\":{\"@id\":\"https:\/\/cosmetic.lv\/lv\/product\/yl-blue-tansy-tanacetum-annuum-ir-slavena-ar-dargu-elitaro-kosmetiku-5ml\/#breadcrumb\"},\"inLanguage\":\"lv-LV\",\"potentialAction\":[{\"@type\":\"ReadAction\",\"target\":[\"https:\/\/cosmetic.lv\/lv\/product\/yl-blue-tansy-tanacetum-annuum-ir-slavena-ar-dargu-elitaro-kosmetiku-5ml\/\"]}]},{\"@type\":\"ImageObject\",\"inLanguage\":\"lv-LV\",\"@id\":\"https:\/\/cosmetic.lv\/lv\/product\/yl-blue-tansy-tanacetum-annuum-ir-slavena-ar-dargu-elitaro-kosmetiku-5ml\/#primaryimage\",\"url\":\"https:\/\/cosmetic.lv\/wp-content\/uploads\/2021\/02\/308410blue-4.jpg\",\"contentUrl\":\"https:\/\/cosmetic.lv\/wp-content\/uploads\/2021\/02\/308410blue-4.jpg\",\"width\":250,\"height\":250,\"caption\":\"308410blue.jpg\"},{\"@type\":\"BreadcrumbList\",\"@id\":\"https:\/\/cosmetic.lv\/lv\/product\/yl-blue-tansy-tanacetum-annuum-ir-slavena-ar-dargu-elitaro-kosmetiku-5ml\/#breadcrumb\",\"itemListElement\":[{\"@type\":\"ListItem\",\"position\":1,\"name\":\"Home\",\"item\":\"https:\/\/cosmetic.lv\/lv\/\"},{\"@type\":\"ListItem\",\"position\":2,\"name\":\"Veikals\",\"item\":\"https:\/\/cosmetic.lv\/lv\/veiklas\/\"},{\"@type\":\"ListItem\",\"position\":3,\"name\":\"YL Blue Tansy (Tanacetum annuum) ir slavena ar d\u0101rgu elit\u0101ro kosm\u0113tiku 5ml\"}]},{\"@type\":\"WebSite\",\"@id\":\"https:\/\/cosmetic.lv\/lv\/#website\",\"url\":\"https:\/\/cosmetic.lv\/lv\/\",\"name\":\"cosmetic.lv\",\"description\":\"Profesion\u0101la kosm\u0113tika - Maria Galland, Keune, Arkadija, GMT, Guam, Magiray\",\"publisher\":{\"@id\":\"https:\/\/cosmetic.lv\/lv\/#organization\"},\"potentialAction\":[{\"@type\":\"SearchAction\",\"target\":{\"@type\":\"EntryPoint\",\"urlTemplate\":\"https:\/\/cosmetic.lv\/lv\/?s={search_term_string}\"},\"query-input\":{\"@type\":\"PropertyValueSpecification\",\"valueRequired\":true,\"valueName\":\"search_term_string\"}}],\"inLanguage\":\"lv-LV\"},{\"@type\":\"Organization\",\"@id\":\"https:\/\/cosmetic.lv\/lv\/#organization\",\"name\":\"COSMETIC.LV\",\"url\":\"https:\/\/cosmetic.lv\/lv\/\",\"logo\":{\"@type\":\"ImageObject\",\"inLanguage\":\"lv-LV\",\"@id\":\"https:\/\/cosmetic.lv\/lv\/#\/schema\/logo\/image\/\",\"url\":\"https:\/\/cosmetic.lv\/wp-content\/uploads\/2021\/02\/cosmetic.lv_logo.jpg\",\"contentUrl\":\"https:\/\/cosmetic.lv\/wp-content\/uploads\/2021\/02\/cosmetic.lv_logo.jpg\",\"width\":596,\"height\":196,\"caption\":\"COSMETIC.LV\"},\"image\":{\"@id\":\"https:\/\/cosmetic.lv\/lv\/#\/schema\/logo\/image\/\"},\"sameAs\":[\"https:\/\/www.facebook.com\/cosmetic.lv\/\"]}]}<\/script>\n<meta property=\"product:price:amount\" content=\"143.17\" \/>\n<meta property=\"product:price:currency\" content=\"EUR\" \/>\n<meta property=\"og:availability\" content=\"instock\" \/>\n<meta property=\"product:availability\" content=\"instock\" \/>\n<meta property=\"product:retailer_item_id\" content=\"308408\" \/>\n<meta property=\"product:condition\" content=\"new\" \/>\n<!-- \/ Yoast SEO Premium plugin. -->","yoast_head_json":{"title":"YL Blue Tansy (Tanacetum annuum) ir slavena ar d\u0101rgu elit\u0101ro kosm\u0113tiku 5ml - cosmetic.lv","robots":{"index":"index","follow":"follow","max-snippet":"max-snippet:-1","max-image-preview":"max-image-preview:large","max-video-preview":"max-video-preview:-1"},"canonical":"https:\/\/cosmetic.lv\/lv\/product\/yl-blue-tansy-tanacetum-annuum-ir-slavena-ar-dargu-elitaro-kosmetiku-5ml\/","og_locale":"lv_LV","og_type":"article","og_title":"YL Blue Tansy (Tanacetum annuum) ir slavena ar d\u0101rgu elit\u0101ro kosm\u0113tiku 5ml","og_description":"Kaut \u0113terisk\u0101 e\u013c\u013ca Blue bi\u0161kr\u0113sli\u0146i (Tanacetum annuum) veido tiny dzelten\u0101 kr\u0101s\u0101, l\u012bdz\u012bgi kumel\u012btes, jo ietverts ziedu chamazulene dabas sast\u0101vda\u013ca destil\u0113jot","og_url":"https:\/\/cosmetic.lv\/lv\/product\/yl-blue-tansy-tanacetum-annuum-ir-slavena-ar-dargu-elitaro-kosmetiku-5ml\/","og_site_name":"cosmetic.lv","article_publisher":"https:\/\/www.facebook.com\/cosmetic.lv\/","article_modified_time":"2021-02-11T20:53:17+00:00","og_image":[{"width":250,"height":250,"url":"https:\/\/cosmetic.lv\/wp-content\/uploads\/2021\/02\/308410blue-4.jpg","type":"image\/jpeg"}],"twitter_card":"summary_large_image","schema":{"@context":"https:\/\/schema.org","@graph":[{"@type":"WebPage","@id":"https:\/\/cosmetic.lv\/lv\/product\/yl-blue-tansy-tanacetum-annuum-ir-slavena-ar-dargu-elitaro-kosmetiku-5ml\/","url":"https:\/\/cosmetic.lv\/lv\/product\/yl-blue-tansy-tanacetum-annuum-ir-slavena-ar-dargu-elitaro-kosmetiku-5ml\/","name":"YL Blue Tansy (Tanacetum annuum) ir slavena ar d\u0101rgu elit\u0101ro kosm\u0113tiku 5ml - cosmetic.lv","isPartOf":{"@id":"https:\/\/cosmetic.lv\/lv\/#website"},"primaryImageOfPage":{"@id":"https:\/\/cosmetic.lv\/lv\/product\/yl-blue-tansy-tanacetum-annuum-ir-slavena-ar-dargu-elitaro-kosmetiku-5ml\/#primaryimage"},"image":{"@id":"https:\/\/cosmetic.lv\/lv\/product\/yl-blue-tansy-tanacetum-annuum-ir-slavena-ar-dargu-elitaro-kosmetiku-5ml\/#primaryimage"},"thumbnailUrl":"https:\/\/cosmetic.lv\/wp-content\/uploads\/2021\/02\/308410blue-4.jpg","datePublished":"2021-02-06T17:55:27+00:00","dateModified":"2021-02-11T20:53:17+00:00","breadcrumb":{"@id":"https:\/\/cosmetic.lv\/lv\/product\/yl-blue-tansy-tanacetum-annuum-ir-slavena-ar-dargu-elitaro-kosmetiku-5ml\/#breadcrumb"},"inLanguage":"lv-LV","potentialAction":[{"@type":"ReadAction","target":["https:\/\/cosmetic.lv\/lv\/product\/yl-blue-tansy-tanacetum-annuum-ir-slavena-ar-dargu-elitaro-kosmetiku-5ml\/"]}]},{"@type":"ImageObject","inLanguage":"lv-LV","@id":"https:\/\/cosmetic.lv\/lv\/product\/yl-blue-tansy-tanacetum-annuum-ir-slavena-ar-dargu-elitaro-kosmetiku-5ml\/#primaryimage","url":"https:\/\/cosmetic.lv\/wp-content\/uploads\/2021\/02\/308410blue-4.jpg","contentUrl":"https:\/\/cosmetic.lv\/wp-content\/uploads\/2021\/02\/308410blue-4.jpg","width":250,"height":250,"caption":"308410blue.jpg"},{"@type":"BreadcrumbList","@id":"https:\/\/cosmetic.lv\/lv\/product\/yl-blue-tansy-tanacetum-annuum-ir-slavena-ar-dargu-elitaro-kosmetiku-5ml\/#breadcrumb","itemListElement":[{"@type":"ListItem","position":1,"name":"Home","item":"https:\/\/cosmetic.lv\/lv\/"},{"@type":"ListItem","position":2,"name":"Veikals","item":"https:\/\/cosmetic.lv\/lv\/veiklas\/"},{"@type":"ListItem","position":3,"name":"YL Blue Tansy (Tanacetum annuum) ir slavena ar d\u0101rgu elit\u0101ro kosm\u0113tiku 5ml"}]},{"@type":"WebSite","@id":"https:\/\/cosmetic.lv\/lv\/#website","url":"https:\/\/cosmetic.lv\/lv\/","name":"cosmetic.lv","description":"Profesion\u0101la kosm\u0113tika - Maria Galland, Keune, Arkadija, GMT, Guam, Magiray","publisher":{"@id":"https:\/\/cosmetic.lv\/lv\/#organization"},"potentialAction":[{"@type":"SearchAction","target":{"@type":"EntryPoint","urlTemplate":"https:\/\/cosmetic.lv\/lv\/?s={search_term_string}"},"query-input":{"@type":"PropertyValueSpecification","valueRequired":true,"valueName":"search_term_string"}}],"inLanguage":"lv-LV"},{"@type":"Organization","@id":"https:\/\/cosmetic.lv\/lv\/#organization","name":"COSMETIC.LV","url":"https:\/\/cosmetic.lv\/lv\/","logo":{"@type":"ImageObject","inLanguage":"lv-LV","@id":"https:\/\/cosmetic.lv\/lv\/#\/schema\/logo\/image\/","url":"https:\/\/cosmetic.lv\/wp-content\/uploads\/2021\/02\/cosmetic.lv_logo.jpg","contentUrl":"https:\/\/cosmetic.lv\/wp-content\/uploads\/2021\/02\/cosmetic.lv_logo.jpg","width":596,"height":196,"caption":"COSMETIC.LV"},"image":{"@id":"https:\/\/cosmetic.lv\/lv\/#\/schema\/logo\/image\/"},"sameAs":["https:\/\/www.facebook.com\/cosmetic.lv\/"]}]},"product_price_amount":"143.17","product_price_currency":"EUR","og_availability":"instock","product_availability":"instock","product_retailer_item_id":"308408","product_condition":"new"},"_links":{"self":[{"href":"https:\/\/cosmetic.lv\/lv\/wp-json\/wp\/v2\/product\/34625","targetHints":{"allow":["GET"]}}],"collection":[{"href":"https:\/\/cosmetic.lv\/lv\/wp-json\/wp\/v2\/product"}],"about":[{"href":"https:\/\/cosmetic.lv\/lv\/wp-json\/wp\/v2\/types\/product"}],"wp:featuredmedia":[{"embeddable":true,"href":"https:\/\/cosmetic.lv\/lv\/wp-json\/wp\/v2\/media\/16987"}],"wp:attachment":[{"href":"https:\/\/cosmetic.lv\/lv\/wp-json\/wp\/v2\/media?parent=34625"}],"wp:term":[{"taxonomy":"product_brand","embeddable":true,"href":"https:\/\/cosmetic.lv\/lv\/wp-json\/wp\/v2\/product_brand?post=34625"},{"taxonomy":"product_cat","embeddable":true,"href":"https:\/\/cosmetic.lv\/lv\/wp-json\/wp\/v2\/product_cat?post=34625"},{"taxonomy":"product_tag","embeddable":true,"href":"https:\/\/cosmetic.lv\/lv\/wp-json\/wp\/v2\/product_tag?post=34625"}],"curies":[{"name":"wp","href":"https:\/\/api.w.org\/{rel}","templated":true}]}}