{"id":34626,"date":"2021-02-05T22:43:32","date_gmt":"2021-02-06T17:55:27","guid":{"rendered":"https:\/\/damme.lv\/product\/yl-oils-of-ancient-scripture-kit-bibeles-ellas\/"},"modified":"2021-02-11T22:42:40","modified_gmt":"2021-02-11T20:42:40","slug":"yl-oils-of-ancient-scripture-kit-bibeles-ellas","status":"publish","type":"product","link":"https:\/\/cosmetic.lv\/lv\/product\/yl-oils-of-ancient-scripture-kit-bibeles-ellas\/","title":{"rendered":"YL Oils of Ancient Scripture Kit B\u012bbeles e\u013c\u013cas"},"content":{"rendered":"<p>100 B\u012bbeles e\u013c\u013cu lieto\u0161anas veidi<\/p>\n<p>bibl<br \/>\nB\u012bbeles e\u013c\u013ca (10 e\u013c\u013cas): Alvejas \/ Sandalkoka (sandales), Cassia (Cassia), Cedarwood (ciedra), Cypress (Cupressus), v\u012braka (v\u012braka), izops (izops), mirres (mirres), Myrtle (Myrtus) Onycha (styrax) Cistus \/ Rose Sharon (Cistus \/ Rose Sharon).<br \/>\nAloe \/ Sandalwood (Sandal) 5ml<\/p>\n<p>Tas ir visv\u0113rt\u012bg\u0101kais koks pasaul\u0113.<\/p>\n<p>Tikai p\u0113c 10 gadiem koku veido mas\u012bvkoka. \u0112terisko e\u013c\u013cu var ieg\u016bt no kokiem, kas ir sasniegu\u0161i 40-60 gadus.<\/p>\n<p>Kaps Tut m\u0101la kr\u016bkas tika piepild\u012bta aloeswood \/ Sandalkoka e\u013c\u013cu, kas tika piesavin\u0101ti laup\u012bt\u0101ji bija tikai m\u0101la ku\u0123i.<\/p>\n<p>Sandales satur 90% sesquiterpenes, kas ir unik\u0101ls j\u0101stimul\u0113 limbiskaj\u0101 smadze\u0146u zon\u0101, centra emocijas un atmi\u0146as, pieg\u0101d\u0101t sk\u0101bekli tie\u0161i smadze\u0146u \u0161\u016bn\u0101s.<\/p>\n<p>&#8220;Un tur atn\u0101ca ar\u012b Nikod\u0113ms, kas agr\u0101k bija n\u0101cis pie J\u0113zus nakt\u012b, un atnesa mais\u012bjumu no mirr\u0113m un alvejas, par simt m\u0101rci\u0146as svara.&#8221;<br \/>\n(J\u0146 19:39)<\/p>\n<p>1. Pievienojiet 3 pilienus ar difuzoru, vai nodot kritumu j\u016bsu palmu, berz\u0113t rokas saloc\u012bts Palms laivu un dzi\u013ci ieelpojiet, pirms do\u0161an\u0101s gul\u0113t, aizmigt, lai uzlabotu un nodro\u0161in\u0101tu dzi\u013cu miegu.<\/p>\n<p>2. Piesakies e\u013c\u013cu ap ac\u012bm, virs uzac\u012bm, uz pla\u0161u 1-3 reizes dien\u0101, lai uzlabotu redzi.<\/p>\n<p>3. Izmantojiet k\u0101 smar\u017eu v\u012brie\u0161iem. Vajadz\u012bbas gad\u012bjum\u0101 j\u016bs varat sajaukt ar b\u0101zes e\u013c\u013cu vai V-6 e\u013c\u013cu vai pagatavot losjonu.<\/p>\n<p>4. Relaks\u0113jo\u0161ai vannai: pievienojiet se\u0161us pilienus e\u013c\u013cas j\u016bras s\u0101l\u012b un iz\u0161\u0137\u012bdiniet zem teko\u0161a \u016bdens.<\/p>\n<p>5. Piesakies 2 pilienus e\u013c\u013cas uz sausas vai saspr\u0113g\u0101ju\u0161as \u0101das grumbas un atjauno\u0161anai par organisma re\u0123ener\u0101ciju. Var kombin\u0113t ar b\u0101zes e\u013c\u013cu vai V-6 e\u013c\u013cu 1: 1 attiec\u012bbu.<\/p>\n<p>6. Gad\u012bjumos, ak\u016btu vai hronisku caureju, likts uz v\u0113dera un k\u0101j\u0101m (punktu Vita Flex).<\/p>\n<p>7. Piesakies vienu pilienu uz plat\u012bbu apsald\u0113jumus, atk\u0101rtot 5-10 reizes dien\u0101 l\u012bdz piln\u012bgai atg\u016b\u0161anai audos.<\/p>\n<p>8. Uzkl\u0101jiet matiem (masku) un galvas \u0101das mas\u0101\u017eas l\u012bdzekli, lai pal\u0113nin\u0101tu nokri\u0161\u0146u veido\u0161anos un grauzd\u0113\u0161anu.<\/p>\n<p>9. Take kapsulu uzlabo\u0161anai: t\u012br\u0101 veid\u0101, nes\u0113js e\u013c\u013ca (pamata), vai kop\u0101 ar cit\u0101m \u0113terisk\u0101m e\u013c\u013c\u0101m (v\u012braku et al.).<\/p>\n<p>10. Uzgrieziet e\u013c\u013cas pilienu, lai pa\u0101trin\u0101tu br\u016bces sadz\u012b\u0161anu.<\/p>\n<p>Sandalkoka \u0113terisk\u0101s e\u013c\u013cas pilns apraksts<br \/>\nCassia<\/p>\n<p>Tievs, m\u016b\u017eza\u013cais koks n\u0101k no \u0136\u012bnas, sasniedz 15 metrus augstu. E\u013c\u013cu ieg\u016bst, destil\u0113jot tvaiku no mizas.<\/p>\n<p>Cassia bija Mozum dotais sv\u0113tais svaid\u012bjums.<\/p>\n<p>Eksotisko smar\u017ea vani\u013cas arom\u0101tu Cassia ir l\u012bdz\u012bgs kan\u0113li, bet fizik\u0101l\u0101s un \u0137\u012bmisk\u0101s \u012bpa\u0161\u012bbas \u0160o e\u013c\u013cu ir \u013coti at\u0161\u0137ir\u012bgi.<\/p>\n<p>J\u0101uzman\u0101s lok\u0101li, jo t\u0101 ir dedzino\u0161a e\u013c\u013ca.<\/p>\n<p>Tam piem\u012bt antibakteri\u0101la, prets\u0113n\u012b\u0161u, pretiekaisuma, pretv\u012brusu \u012bpa\u0161\u012bbas, antikoagulantiem.<\/p>\n<p>11. Uzkl\u0101jiet zobu bakst\u0101lei \u013coti mazu e\u013c\u013cu un baudiet gardu gar\u0161u!<\/p>\n<p>12. Uz pirkstiem uzpiliniet 1-2 pilienus e\u013c\u013cas un izlaidiet tos matus. \u0160is arom\u0101ts ir labs jebkur\u0101 laik\u0101, it \u012bpa\u0161i nakt\u012b.<\/p>\n<p>13. Pievieno 3 pilienus difuzoru vai novietojiet kritumu uz j\u016bsu palmu, berz\u0113t, pievienot Palm laivu un elpot dzi\u013ci dz\u012bvespriec\u012bgu un lab\u0101 noska\u0146ojum\u0101.<\/p>\n<p>14. Pievienojiet pilienam stiklu ar \u016bdeni &#8211; j\u016bs sa\u0146emsiet gar\u0161\u012bgu un efekt\u012bvu mutes skalo\u0161anu.<\/p>\n<p>15. Pievienojiet pilienu \u016bdens v\u0101rgl\u0101z\u0113 un mais\u012bt stipri (lai izklied\u0113tu e\u013c\u013cu), kas aizsarg\u0101 un atsvaidzino\u0161s dz\u0113riens. EM Cassia pal\u012bdz\u0113s ierobe\u017eot cravings par saldumiem! Turkl\u0101t e\u013c\u013cas \u0146em\u0161ana iek\u0161\u0101 pal\u012bdz\u0113s tikt gal\u0101 ar s\u0113n\u012b\u0161u infekcij\u0101m!<\/p>\n<p>16. Sagatavojot \u0113dienu, izmantojiet e\u013c\u013cu. Piem\u0113ram, saldo m\u012bklas izstr\u0101d\u0101jumu pievieno 1-2 pilienus.<\/p>\n<p>17. Pievienojiet karsto \u0161okol\u0101des pilienu un baudiet!<\/p>\n<p>18. Lai saglab\u0101tu siltu, pievienojiet 1-2 pilienus karst\u0101 \u016bden\u012b.<\/p>\n<p>19. At\u0161\u0137aid\u012bt em. Cassia ar b\u0101zes e\u013c\u013ca, sviests V-6 proporcij\u0101 1: 1, un piem\u0113roto problem\u0101tiskaj\u0101m zon\u0101m vai k\u0101j\u0101m (izteiksm\u0113 Vita Flex) burz\u012bts, \u0113des un s\u0113n\u012b\u0161u infekcij\u0101m.<\/p>\n<p>20. Sajauciet em. Cassia ar v\u012braka, sandales, mirres, izops un Galbanum, ko izmanto par smar\u017eu; Uzlieciet 1-2 pilienus mais\u012bjuma uz kabatas lakati\u0146as un pa\u0146emiet to kop\u0101 ar jums vai dodieties gul\u0113t nakt\u012b.<br \/>\nCedarwood (Cedar)<\/p>\n<p>\u0160\u012b \u0113terisk\u0101 e\u013c\u013ca ir \u013coti seno v\u0113sturi un B\u012bbel\u0113 min\u0113ta k\u0101 Lib\u0101nas ciedra e\u013c\u013ca. Tikai neliels skaits \u0161\u012b ciedra koku izdz\u012bvoja un tagad tiek aizsarg\u0101ti Lib\u0101n\u0101 un Kipr\u0101.<\/p>\n<p>Tagad e\u013c\u013ca tiek ra\u017eota galvenok\u0101rt Marok\u0101, un \u0161\u0101da veida ciedra ir vistuv\u0101k Ciedri Lib\u0101n\u0101.<\/p>\n<p>Karalis D\u0101vids un karalis Solomons izmantoja \u0161o koksni savu pili, t\u0101p\u0113c ka vi\u0146am bija smar\u017ea un iztur\u012bba.<\/p>\n<p>Ciedru e\u013c\u013ca \u0113\u0123iptie\u0161i un \u0161umeru izmantota pirms vair\u0101k nek\u0101 5000 gadiem, un, dom\u0101jams, ir pirmais e\u013c\u013ca, ko ieg\u016bst destil\u0101cij\u0101 ar tvaiku.<\/p>\n<p>E\u013c\u013ca ir labi paz\u012bstama senos laikos k\u0101 eleey prieka, un tika izmantots temp\u013cos pacelt garast\u0101vokli un gar\u012bgo skaidr\u012bbu.<\/p>\n<p>No vis\u0101m \u0113teriskaj\u0101m e\u013c\u013c\u0101m ciedru ir \u013coti augsts saturs sesquiterpenes, kas ir unik\u0101ls j\u0101stimul\u0113 limbiskaj\u0101 smadze\u0146u zon\u0101, centra emocijas un atmi\u0146as, pieg\u0101d\u0101t sk\u0101bekli tie\u0161i l\u012bm\u0113<\/p>\n","protected":false},"excerpt":{"rendered":"<p>100 B\u012bbeles e\u013c\u013cu lieto\u0161anas veidi bibl B\u012bbeles e\u013c\u013ca (10 e\u013c\u013cas): Alvejas \/ Sandalkoka (sandales), Cassia (Cassia), Cedarwood (ciedra), Cypress (Cupressus),<\/p>\n","protected":false},"featured_media":16990,"template":"","meta":[],"product_brand":[],"product_cat":[2186,2305],"product_tag":[],"class_list":{"0":"post-34626","1":"product","2":"type-product","3":"status-publish","4":"has-post-thumbnail","6":"product_cat-young-living-eteriskas-ellas-un-kosmetika-augstas-kvalitates","7":"product_cat-komplekti-lv","9":"first","10":"instock","11":"taxable","12":"shipping-taxable","13":"purchasable","14":"product-type-simple"},"yoast_head":"<!-- This site is optimized with the Yoast SEO Premium plugin v27.0 (Yoast SEO v27.0) - https:\/\/yoast.com\/product\/yoast-seo-premium-wordpress\/ -->\n<title>YL Oils of Ancient Scripture Kit B\u012bbeles e\u013c\u013cas - cosmetic.lv<\/title>\n<meta name=\"robots\" content=\"index, follow, max-snippet:-1, max-image-preview:large, max-video-preview:-1\" \/>\n<link rel=\"canonical\" href=\"https:\/\/cosmetic.lv\/lv\/product\/yl-oils-of-ancient-scripture-kit-bibeles-ellas\/\" \/>\n<meta property=\"og:locale\" content=\"lv_LV\" \/>\n<meta property=\"og:type\" content=\"article\" \/>\n<meta property=\"og:title\" content=\"YL Oils of Ancient Scripture Kit B\u012bbeles e\u013c\u013cas\" \/>\n<meta property=\"og:description\" content=\"100 B\u012bbeles e\u013c\u013cu lieto\u0161anas veidi bibl B\u012bbeles e\u013c\u013ca (10 e\u013c\u013cas): Alvejas \/ Sandalkoka (sandales), Cassia (Cassia), Cedarwood (ciedra), Cypress (Cupressus),\" \/>\n<meta property=\"og:url\" content=\"https:\/\/cosmetic.lv\/lv\/product\/yl-oils-of-ancient-scripture-kit-bibeles-ellas\/\" \/>\n<meta property=\"og:site_name\" content=\"cosmetic.lv\" \/>\n<meta property=\"article:publisher\" content=\"https:\/\/www.facebook.com\/cosmetic.lv\/\" \/>\n<meta property=\"article:modified_time\" content=\"2021-02-11T20:42:40+00:00\" \/>\n<meta property=\"og:image\" content=\"https:\/\/cosmetic.lv\/wp-content\/uploads\/2021\/02\/12-oils-yl-500x500-4.jpg\" \/>\n\t<meta property=\"og:image:width\" content=\"500\" \/>\n\t<meta property=\"og:image:height\" content=\"500\" \/>\n\t<meta property=\"og:image:type\" content=\"image\/jpeg\" \/>\n<meta name=\"twitter:card\" content=\"summary_large_image\" \/>\n<script type=\"application\/ld+json\" class=\"yoast-schema-graph\">{\"@context\":\"https:\/\/schema.org\",\"@graph\":[{\"@type\":\"WebPage\",\"@id\":\"https:\/\/cosmetic.lv\/lv\/product\/yl-oils-of-ancient-scripture-kit-bibeles-ellas\/\",\"url\":\"https:\/\/cosmetic.lv\/lv\/product\/yl-oils-of-ancient-scripture-kit-bibeles-ellas\/\",\"name\":\"YL Oils of Ancient Scripture Kit B\u012bbeles e\u013c\u013cas - cosmetic.lv\",\"isPartOf\":{\"@id\":\"https:\/\/cosmetic.lv\/lv\/#website\"},\"primaryImageOfPage\":{\"@id\":\"https:\/\/cosmetic.lv\/lv\/product\/yl-oils-of-ancient-scripture-kit-bibeles-ellas\/#primaryimage\"},\"image\":{\"@id\":\"https:\/\/cosmetic.lv\/lv\/product\/yl-oils-of-ancient-scripture-kit-bibeles-ellas\/#primaryimage\"},\"thumbnailUrl\":\"https:\/\/cosmetic.lv\/wp-content\/uploads\/2021\/02\/12-oils-yl-500x500-4.jpg\",\"datePublished\":\"2021-02-06T17:55:27+00:00\",\"dateModified\":\"2021-02-11T20:42:40+00:00\",\"breadcrumb\":{\"@id\":\"https:\/\/cosmetic.lv\/lv\/product\/yl-oils-of-ancient-scripture-kit-bibeles-ellas\/#breadcrumb\"},\"inLanguage\":\"lv-LV\",\"potentialAction\":[{\"@type\":\"ReadAction\",\"target\":[\"https:\/\/cosmetic.lv\/lv\/product\/yl-oils-of-ancient-scripture-kit-bibeles-ellas\/\"]}]},{\"@type\":\"ImageObject\",\"inLanguage\":\"lv-LV\",\"@id\":\"https:\/\/cosmetic.lv\/lv\/product\/yl-oils-of-ancient-scripture-kit-bibeles-ellas\/#primaryimage\",\"url\":\"https:\/\/cosmetic.lv\/wp-content\/uploads\/2021\/02\/12-oils-yl-500x500-4.jpg\",\"contentUrl\":\"https:\/\/cosmetic.lv\/wp-content\/uploads\/2021\/02\/12-oils-yl-500x500-4.jpg\",\"width\":500,\"height\":500,\"caption\":\"12-oils-yl-500x500.jpg\"},{\"@type\":\"BreadcrumbList\",\"@id\":\"https:\/\/cosmetic.lv\/lv\/product\/yl-oils-of-ancient-scripture-kit-bibeles-ellas\/#breadcrumb\",\"itemListElement\":[{\"@type\":\"ListItem\",\"position\":1,\"name\":\"Home\",\"item\":\"https:\/\/cosmetic.lv\/lv\/\"},{\"@type\":\"ListItem\",\"position\":2,\"name\":\"Veikals\",\"item\":\"https:\/\/cosmetic.lv\/lv\/veiklas\/\"},{\"@type\":\"ListItem\",\"position\":3,\"name\":\"YL Oils of Ancient Scripture Kit B\u012bbeles e\u013c\u013cas\"}]},{\"@type\":\"WebSite\",\"@id\":\"https:\/\/cosmetic.lv\/lv\/#website\",\"url\":\"https:\/\/cosmetic.lv\/lv\/\",\"name\":\"cosmetic.lv\",\"description\":\"Profesion\u0101la kosm\u0113tika - Maria Galland, Keune, Arkadija, GMT, Guam, Magiray\",\"publisher\":{\"@id\":\"https:\/\/cosmetic.lv\/lv\/#organization\"},\"potentialAction\":[{\"@type\":\"SearchAction\",\"target\":{\"@type\":\"EntryPoint\",\"urlTemplate\":\"https:\/\/cosmetic.lv\/lv\/?s={search_term_string}\"},\"query-input\":{\"@type\":\"PropertyValueSpecification\",\"valueRequired\":true,\"valueName\":\"search_term_string\"}}],\"inLanguage\":\"lv-LV\"},{\"@type\":\"Organization\",\"@id\":\"https:\/\/cosmetic.lv\/lv\/#organization\",\"name\":\"COSMETIC.LV\",\"url\":\"https:\/\/cosmetic.lv\/lv\/\",\"logo\":{\"@type\":\"ImageObject\",\"inLanguage\":\"lv-LV\",\"@id\":\"https:\/\/cosmetic.lv\/lv\/#\/schema\/logo\/image\/\",\"url\":\"https:\/\/cosmetic.lv\/wp-content\/uploads\/2021\/02\/cosmetic.lv_logo.jpg\",\"contentUrl\":\"https:\/\/cosmetic.lv\/wp-content\/uploads\/2021\/02\/cosmetic.lv_logo.jpg\",\"width\":596,\"height\":196,\"caption\":\"COSMETIC.LV\"},\"image\":{\"@id\":\"https:\/\/cosmetic.lv\/lv\/#\/schema\/logo\/image\/\"},\"sameAs\":[\"https:\/\/www.facebook.com\/cosmetic.lv\/\"]}]}<\/script>\n<meta property=\"product:price:amount\" content=\"369.00\" \/>\n<meta property=\"product:price:currency\" content=\"EUR\" \/>\n<meta property=\"og:availability\" content=\"instock\" \/>\n<meta property=\"product:availability\" content=\"instock\" \/>\n<meta property=\"product:retailer_item_id\" content=\"19343\" \/>\n<meta property=\"product:condition\" content=\"new\" \/>\n<!-- \/ Yoast SEO Premium plugin. -->","yoast_head_json":{"title":"YL Oils of Ancient Scripture Kit B\u012bbeles e\u013c\u013cas - cosmetic.lv","robots":{"index":"index","follow":"follow","max-snippet":"max-snippet:-1","max-image-preview":"max-image-preview:large","max-video-preview":"max-video-preview:-1"},"canonical":"https:\/\/cosmetic.lv\/lv\/product\/yl-oils-of-ancient-scripture-kit-bibeles-ellas\/","og_locale":"lv_LV","og_type":"article","og_title":"YL Oils of Ancient Scripture Kit B\u012bbeles e\u013c\u013cas","og_description":"100 B\u012bbeles e\u013c\u013cu lieto\u0161anas veidi bibl B\u012bbeles e\u013c\u013ca (10 e\u013c\u013cas): Alvejas \/ Sandalkoka (sandales), Cassia (Cassia), Cedarwood (ciedra), Cypress (Cupressus),","og_url":"https:\/\/cosmetic.lv\/lv\/product\/yl-oils-of-ancient-scripture-kit-bibeles-ellas\/","og_site_name":"cosmetic.lv","article_publisher":"https:\/\/www.facebook.com\/cosmetic.lv\/","article_modified_time":"2021-02-11T20:42:40+00:00","og_image":[{"width":500,"height":500,"url":"https:\/\/cosmetic.lv\/wp-content\/uploads\/2021\/02\/12-oils-yl-500x500-4.jpg","type":"image\/jpeg"}],"twitter_card":"summary_large_image","schema":{"@context":"https:\/\/schema.org","@graph":[{"@type":"WebPage","@id":"https:\/\/cosmetic.lv\/lv\/product\/yl-oils-of-ancient-scripture-kit-bibeles-ellas\/","url":"https:\/\/cosmetic.lv\/lv\/product\/yl-oils-of-ancient-scripture-kit-bibeles-ellas\/","name":"YL Oils of Ancient Scripture Kit B\u012bbeles e\u013c\u013cas - cosmetic.lv","isPartOf":{"@id":"https:\/\/cosmetic.lv\/lv\/#website"},"primaryImageOfPage":{"@id":"https:\/\/cosmetic.lv\/lv\/product\/yl-oils-of-ancient-scripture-kit-bibeles-ellas\/#primaryimage"},"image":{"@id":"https:\/\/cosmetic.lv\/lv\/product\/yl-oils-of-ancient-scripture-kit-bibeles-ellas\/#primaryimage"},"thumbnailUrl":"https:\/\/cosmetic.lv\/wp-content\/uploads\/2021\/02\/12-oils-yl-500x500-4.jpg","datePublished":"2021-02-06T17:55:27+00:00","dateModified":"2021-02-11T20:42:40+00:00","breadcrumb":{"@id":"https:\/\/cosmetic.lv\/lv\/product\/yl-oils-of-ancient-scripture-kit-bibeles-ellas\/#breadcrumb"},"inLanguage":"lv-LV","potentialAction":[{"@type":"ReadAction","target":["https:\/\/cosmetic.lv\/lv\/product\/yl-oils-of-ancient-scripture-kit-bibeles-ellas\/"]}]},{"@type":"ImageObject","inLanguage":"lv-LV","@id":"https:\/\/cosmetic.lv\/lv\/product\/yl-oils-of-ancient-scripture-kit-bibeles-ellas\/#primaryimage","url":"https:\/\/cosmetic.lv\/wp-content\/uploads\/2021\/02\/12-oils-yl-500x500-4.jpg","contentUrl":"https:\/\/cosmetic.lv\/wp-content\/uploads\/2021\/02\/12-oils-yl-500x500-4.jpg","width":500,"height":500,"caption":"12-oils-yl-500x500.jpg"},{"@type":"BreadcrumbList","@id":"https:\/\/cosmetic.lv\/lv\/product\/yl-oils-of-ancient-scripture-kit-bibeles-ellas\/#breadcrumb","itemListElement":[{"@type":"ListItem","position":1,"name":"Home","item":"https:\/\/cosmetic.lv\/lv\/"},{"@type":"ListItem","position":2,"name":"Veikals","item":"https:\/\/cosmetic.lv\/lv\/veiklas\/"},{"@type":"ListItem","position":3,"name":"YL Oils of Ancient Scripture Kit B\u012bbeles e\u013c\u013cas"}]},{"@type":"WebSite","@id":"https:\/\/cosmetic.lv\/lv\/#website","url":"https:\/\/cosmetic.lv\/lv\/","name":"cosmetic.lv","description":"Profesion\u0101la kosm\u0113tika - Maria Galland, Keune, Arkadija, GMT, Guam, Magiray","publisher":{"@id":"https:\/\/cosmetic.lv\/lv\/#organization"},"potentialAction":[{"@type":"SearchAction","target":{"@type":"EntryPoint","urlTemplate":"https:\/\/cosmetic.lv\/lv\/?s={search_term_string}"},"query-input":{"@type":"PropertyValueSpecification","valueRequired":true,"valueName":"search_term_string"}}],"inLanguage":"lv-LV"},{"@type":"Organization","@id":"https:\/\/cosmetic.lv\/lv\/#organization","name":"COSMETIC.LV","url":"https:\/\/cosmetic.lv\/lv\/","logo":{"@type":"ImageObject","inLanguage":"lv-LV","@id":"https:\/\/cosmetic.lv\/lv\/#\/schema\/logo\/image\/","url":"https:\/\/cosmetic.lv\/wp-content\/uploads\/2021\/02\/cosmetic.lv_logo.jpg","contentUrl":"https:\/\/cosmetic.lv\/wp-content\/uploads\/2021\/02\/cosmetic.lv_logo.jpg","width":596,"height":196,"caption":"COSMETIC.LV"},"image":{"@id":"https:\/\/cosmetic.lv\/lv\/#\/schema\/logo\/image\/"},"sameAs":["https:\/\/www.facebook.com\/cosmetic.lv\/"]}]},"product_price_amount":"369.00","product_price_currency":"EUR","og_availability":"instock","product_availability":"instock","product_retailer_item_id":"19343","product_condition":"new"},"_links":{"self":[{"href":"https:\/\/cosmetic.lv\/lv\/wp-json\/wp\/v2\/product\/34626","targetHints":{"allow":["GET"]}}],"collection":[{"href":"https:\/\/cosmetic.lv\/lv\/wp-json\/wp\/v2\/product"}],"about":[{"href":"https:\/\/cosmetic.lv\/lv\/wp-json\/wp\/v2\/types\/product"}],"wp:featuredmedia":[{"embeddable":true,"href":"https:\/\/cosmetic.lv\/lv\/wp-json\/wp\/v2\/media\/16990"}],"wp:attachment":[{"href":"https:\/\/cosmetic.lv\/lv\/wp-json\/wp\/v2\/media?parent=34626"}],"wp:term":[{"taxonomy":"product_brand","embeddable":true,"href":"https:\/\/cosmetic.lv\/lv\/wp-json\/wp\/v2\/product_brand?post=34626"},{"taxonomy":"product_cat","embeddable":true,"href":"https:\/\/cosmetic.lv\/lv\/wp-json\/wp\/v2\/product_cat?post=34626"},{"taxonomy":"product_tag","embeddable":true,"href":"https:\/\/cosmetic.lv\/lv\/wp-json\/wp\/v2\/product_tag?post=34626"}],"curies":[{"name":"wp","href":"https:\/\/api.w.org\/{rel}","templated":true}]}}