{"id":34627,"date":"2021-02-05T22:43:32","date_gmt":"2021-02-06T17:55:27","guid":{"rendered":"https:\/\/damme.lv\/product\/yl-carrot-seed-burkanu-seklas-palidz-atklat-visaptverosu-skatijumu-uz-pasauli-5ml\/"},"modified":"2021-02-11T22:53:18","modified_gmt":"2021-02-11T20:53:18","slug":"yl-carrot-seed-burkanu-seklas-palidz-atklat-visaptverosu-skatijumu-uz-pasauli-5ml","status":"publish","type":"product","link":"https:\/\/cosmetic.lv\/lv\/product\/yl-carrot-seed-burkanu-seklas-palidz-atklat-visaptverosu-skatijumu-uz-pasauli-5ml\/","title":{"rendered":"YL Carrot seed (Burk\u0101nu s\u0113klas) pal\u012bdz atkl\u0101t visaptvero\u0161u skat\u012bjumu uz pasauli 5ml"},"content":{"rendered":"<p>Burk\u0101nu s\u0113klas. Daucus carota.<\/p>\n<p> Bot\u0101nisk\u0101s \u0123imenes: Apiaceae vai Ubelliferae<\/p>\n<p> Izcelsmes valsts: Francija<\/p>\n<p> Darbojas vielas:<\/p>\n<p>    Karotols (30-40%)<br \/>\n    Alpha Pinene (12-16%)<br \/>\n    Trans Beta kariofil\u0113ns (6-10%)<br \/>\n    Kariofil\u0113na oks\u012bds (3-5%)<\/p>\n<p>ORAC: nav zin\u0101ms<\/p>\n<p>Kas ir ORAC? ORAC &#8211; tas ir sk\u0101bek\u013ca radik\u0101las absorbcijas sp\u0113ja vai r\u0101d\u012bt\u0101js sp\u0113ju antioksidantus absorb\u0113t br\u012bvos radik\u0101\u013cus. \u041d\u0430 \u043f\u0440\u043e\u0441\u0442\u043e\u043c \u044f\u0437\u044b\u043a\u0435 \u044d\u0442\u043e \u043d\u0430\u0443\u0447\u043d\u043e\u0435 \u043f\u043e\u043d\u044f\u0442\u0438\u0435 noz\u012bm\u0113, cik labi \u0161\u012b viela pal\u012bdz manam organismam apkarot t\u0101dus trauc\u0113jumus k\u0101 kaulu, kardiovaskul\u0101r\u0101s slim\u012bbas, hroniskas slim\u012bbas org\u0101nos un audos. Vi\u0146\u0161 tika ieviests ar zin\u0101tniskiem p\u0113t\u012bjumiem no Nacion\u0101l\u0101s Instit\u016bta Nodarbin\u0101t\u012bbas instit\u016bta (NIH) Baltimore, ASV.<\/p>\n<p>Ra\u017eo\u0161anas metode: steam distillation from dried seeds.<\/p>\n<p> .<\/p>\n<p>\u0100rstniecisk\u0101s \u012bpa\u0161\u012bbas: dabiska, di\u0113tisk\u0101, antiparazit\u0101r\u0101, antiseptisk\u0101, vetrog\u0113n\u0101, att\u012bro\u0161\u0101 liver un dzelk\u0161\u0146ains blisteris, gastr\u012bts, protez\u0113\u0161ana, ku\u0146\u0123a un zarnu trakta asinsvadus.<\/p>\n<p>Veiktie p\u0113t\u012bjumi pier\u0101d\u012bju\u0161i, ka n\u0101v\u0113jo\u0161\u0101 ietekme uz \u0113terisko e\u013c\u013cu Burk\u0101nu s\u0113klas uz ka\u0146epju bakt\u0113rij\u0101m (zv\u012b\u0146as zudums), ku\u0146\u0123a v\u0113nas, listerija, salmonellas. (Friedman M, Henika PR, Mandrell RE)<\/p>\n<p>K\u0101d\u0101s slim\u012bbu gad\u012bjum\u0101 lieto: kolika, aizciet\u0113jums, diareja, \u010d\u016blas blistera infekcija, zarnas \u010d\u016blas un dzelk\u0161\u0146ains boj\u0101jums, toksiska liellopa, \u0101das noveco\u0161an\u0101s, \u0101das, \u0101das, \u0123ek\u0101s, psori\u0101zes, \u0101das, sausas \u0101das, ogri, dermatitis, \u0101das slim\u012bbas, n\u0101ves, s\u0101po\u0161as infekcijas bronzas, an\u0113mija, probl\u0113mas ar redzi, \u0161\u0137idruma aizture.<\/p>\n<p>Dv\u0113seles un emocijas: \u0113terisk\u0101 e\u013c\u013ca Seeni carrots labdar\u012bgi iespaido ener\u0123\u0113tikas centru Ajn\u0101, pal\u012bdz atkl\u0101t Visumu Paraugs uz pasauli. Masle atbr\u012bvo emocijas no slavu, izn\u012bcin\u0101\u0161anas un negat\u012bvo darb\u012bbu.<\/p>\n<p>Ietekme uz pr\u0101tu: \u0161is frukto\u0161s, salds un gudrs arom\u0101ts \u013coti m\u012bl un zema.<\/p>\n<p>5 ml<\/p>\n","protected":false},"excerpt":{"rendered":"<p>Burk\u0101nu s\u0113klas. Daucus carota. Bot\u0101nisk\u0101s \u0123imenes: Apiaceae vai Ubelliferae Izcelsmes valsts: Francija Darbojas vielas: Karotols (30-40%) Alpha Pinene (12-16%) Trans<\/p>\n","protected":false},"featured_media":16993,"template":"","meta":[],"product_brand":[],"product_cat":[2186,2193],"product_tag":[],"class_list":{"0":"post-34627","1":"product","2":"type-product","3":"status-publish","4":"has-post-thumbnail","6":"product_cat-young-living-eteriskas-ellas-un-kosmetika-augstas-kvalitates","7":"product_cat-eteriskas-ellas-lv","9":"first","10":"instock","11":"taxable","12":"shipping-taxable","13":"purchasable","14":"product-type-simple"},"yoast_head":"<!-- This site is optimized with the Yoast SEO Premium plugin v27.0 (Yoast SEO v27.0) - https:\/\/yoast.com\/product\/yoast-seo-premium-wordpress\/ -->\n<title>YL Carrot seed (Burk\u0101nu s\u0113klas) pal\u012bdz atkl\u0101t visaptvero\u0161u skat\u012bjumu uz pasauli 5ml - cosmetic.lv<\/title>\n<meta name=\"robots\" content=\"index, follow, max-snippet:-1, max-image-preview:large, max-video-preview:-1\" \/>\n<link rel=\"canonical\" href=\"https:\/\/cosmetic.lv\/lv\/product\/yl-carrot-seed-burkanu-seklas-palidz-atklat-visaptverosu-skatijumu-uz-pasauli-5ml\/\" \/>\n<meta property=\"og:locale\" content=\"lv_LV\" \/>\n<meta property=\"og:type\" content=\"article\" \/>\n<meta property=\"og:title\" content=\"YL Carrot seed (Burk\u0101nu s\u0113klas) pal\u012bdz atkl\u0101t visaptvero\u0161u skat\u012bjumu uz pasauli 5ml\" \/>\n<meta property=\"og:description\" content=\"Burk\u0101nu s\u0113klas. Daucus carota. Bot\u0101nisk\u0101s \u0123imenes: Apiaceae vai Ubelliferae Izcelsmes valsts: Francija Darbojas vielas: Karotols (30-40%) Alpha Pinene (12-16%) Trans\" \/>\n<meta property=\"og:url\" content=\"https:\/\/cosmetic.lv\/lv\/product\/yl-carrot-seed-burkanu-seklas-palidz-atklat-visaptverosu-skatijumu-uz-pasauli-5ml\/\" \/>\n<meta property=\"og:site_name\" content=\"cosmetic.lv\" \/>\n<meta property=\"article:publisher\" content=\"https:\/\/www.facebook.com\/cosmetic.lv\/\" \/>\n<meta property=\"article:modified_time\" content=\"2021-02-11T20:53:18+00:00\" \/>\n<meta property=\"og:image\" content=\"https:\/\/cosmetic.lv\/wp-content\/uploads\/2021\/02\/carrot-seed-s-4.jpg\" \/>\n\t<meta property=\"og:image:width\" content=\"97\" \/>\n\t<meta property=\"og:image:height\" content=\"240\" \/>\n\t<meta property=\"og:image:type\" content=\"image\/jpeg\" \/>\n<meta name=\"twitter:card\" content=\"summary_large_image\" \/>\n<script type=\"application\/ld+json\" class=\"yoast-schema-graph\">{\"@context\":\"https:\/\/schema.org\",\"@graph\":[{\"@type\":\"WebPage\",\"@id\":\"https:\/\/cosmetic.lv\/lv\/product\/yl-carrot-seed-burkanu-seklas-palidz-atklat-visaptverosu-skatijumu-uz-pasauli-5ml\/\",\"url\":\"https:\/\/cosmetic.lv\/lv\/product\/yl-carrot-seed-burkanu-seklas-palidz-atklat-visaptverosu-skatijumu-uz-pasauli-5ml\/\",\"name\":\"YL Carrot seed (Burk\u0101nu s\u0113klas) pal\u012bdz atkl\u0101t visaptvero\u0161u skat\u012bjumu uz pasauli 5ml - cosmetic.lv\",\"isPartOf\":{\"@id\":\"https:\/\/cosmetic.lv\/lv\/#website\"},\"primaryImageOfPage\":{\"@id\":\"https:\/\/cosmetic.lv\/lv\/product\/yl-carrot-seed-burkanu-seklas-palidz-atklat-visaptverosu-skatijumu-uz-pasauli-5ml\/#primaryimage\"},\"image\":{\"@id\":\"https:\/\/cosmetic.lv\/lv\/product\/yl-carrot-seed-burkanu-seklas-palidz-atklat-visaptverosu-skatijumu-uz-pasauli-5ml\/#primaryimage\"},\"thumbnailUrl\":\"https:\/\/cosmetic.lv\/wp-content\/uploads\/2021\/02\/carrot-seed-s-4.jpg\",\"datePublished\":\"2021-02-06T17:55:27+00:00\",\"dateModified\":\"2021-02-11T20:53:18+00:00\",\"breadcrumb\":{\"@id\":\"https:\/\/cosmetic.lv\/lv\/product\/yl-carrot-seed-burkanu-seklas-palidz-atklat-visaptverosu-skatijumu-uz-pasauli-5ml\/#breadcrumb\"},\"inLanguage\":\"lv-LV\",\"potentialAction\":[{\"@type\":\"ReadAction\",\"target\":[\"https:\/\/cosmetic.lv\/lv\/product\/yl-carrot-seed-burkanu-seklas-palidz-atklat-visaptverosu-skatijumu-uz-pasauli-5ml\/\"]}]},{\"@type\":\"ImageObject\",\"inLanguage\":\"lv-LV\",\"@id\":\"https:\/\/cosmetic.lv\/lv\/product\/yl-carrot-seed-burkanu-seklas-palidz-atklat-visaptverosu-skatijumu-uz-pasauli-5ml\/#primaryimage\",\"url\":\"https:\/\/cosmetic.lv\/wp-content\/uploads\/2021\/02\/carrot-seed-s-4.jpg\",\"contentUrl\":\"https:\/\/cosmetic.lv\/wp-content\/uploads\/2021\/02\/carrot-seed-s-4.jpg\",\"width\":97,\"height\":240,\"caption\":\"carrot-seed-s.jpg\"},{\"@type\":\"BreadcrumbList\",\"@id\":\"https:\/\/cosmetic.lv\/lv\/product\/yl-carrot-seed-burkanu-seklas-palidz-atklat-visaptverosu-skatijumu-uz-pasauli-5ml\/#breadcrumb\",\"itemListElement\":[{\"@type\":\"ListItem\",\"position\":1,\"name\":\"Home\",\"item\":\"https:\/\/cosmetic.lv\/lv\/\"},{\"@type\":\"ListItem\",\"position\":2,\"name\":\"Veikals\",\"item\":\"https:\/\/cosmetic.lv\/lv\/veiklas\/\"},{\"@type\":\"ListItem\",\"position\":3,\"name\":\"YL Carrot seed (Burk\u0101nu s\u0113klas) pal\u012bdz atkl\u0101t visaptvero\u0161u skat\u012bjumu uz pasauli 5ml\"}]},{\"@type\":\"WebSite\",\"@id\":\"https:\/\/cosmetic.lv\/lv\/#website\",\"url\":\"https:\/\/cosmetic.lv\/lv\/\",\"name\":\"cosmetic.lv\",\"description\":\"Profesion\u0101la kosm\u0113tika - Maria Galland, Keune, Arkadija, GMT, Guam, Magiray\",\"publisher\":{\"@id\":\"https:\/\/cosmetic.lv\/lv\/#organization\"},\"potentialAction\":[{\"@type\":\"SearchAction\",\"target\":{\"@type\":\"EntryPoint\",\"urlTemplate\":\"https:\/\/cosmetic.lv\/lv\/?s={search_term_string}\"},\"query-input\":{\"@type\":\"PropertyValueSpecification\",\"valueRequired\":true,\"valueName\":\"search_term_string\"}}],\"inLanguage\":\"lv-LV\"},{\"@type\":\"Organization\",\"@id\":\"https:\/\/cosmetic.lv\/lv\/#organization\",\"name\":\"COSMETIC.LV\",\"url\":\"https:\/\/cosmetic.lv\/lv\/\",\"logo\":{\"@type\":\"ImageObject\",\"inLanguage\":\"lv-LV\",\"@id\":\"https:\/\/cosmetic.lv\/lv\/#\/schema\/logo\/image\/\",\"url\":\"https:\/\/cosmetic.lv\/wp-content\/uploads\/2021\/02\/cosmetic.lv_logo.jpg\",\"contentUrl\":\"https:\/\/cosmetic.lv\/wp-content\/uploads\/2021\/02\/cosmetic.lv_logo.jpg\",\"width\":596,\"height\":196,\"caption\":\"COSMETIC.LV\"},\"image\":{\"@id\":\"https:\/\/cosmetic.lv\/lv\/#\/schema\/logo\/image\/\"},\"sameAs\":[\"https:\/\/www.facebook.com\/cosmetic.lv\/\"]}]}<\/script>\n<meta property=\"product:price:amount\" content=\"37.31\" \/>\n<meta property=\"product:price:currency\" content=\"EUR\" \/>\n<meta property=\"og:availability\" content=\"instock\" \/>\n<meta property=\"product:availability\" content=\"instock\" \/>\n<meta property=\"product:retailer_item_id\" content=\"308108\" \/>\n<meta property=\"product:condition\" content=\"new\" \/>\n<!-- \/ Yoast SEO Premium plugin. -->","yoast_head_json":{"title":"YL Carrot seed (Burk\u0101nu s\u0113klas) pal\u012bdz atkl\u0101t visaptvero\u0161u skat\u012bjumu uz pasauli 5ml - cosmetic.lv","robots":{"index":"index","follow":"follow","max-snippet":"max-snippet:-1","max-image-preview":"max-image-preview:large","max-video-preview":"max-video-preview:-1"},"canonical":"https:\/\/cosmetic.lv\/lv\/product\/yl-carrot-seed-burkanu-seklas-palidz-atklat-visaptverosu-skatijumu-uz-pasauli-5ml\/","og_locale":"lv_LV","og_type":"article","og_title":"YL Carrot seed (Burk\u0101nu s\u0113klas) pal\u012bdz atkl\u0101t visaptvero\u0161u skat\u012bjumu uz pasauli 5ml","og_description":"Burk\u0101nu s\u0113klas. Daucus carota. Bot\u0101nisk\u0101s \u0123imenes: Apiaceae vai Ubelliferae Izcelsmes valsts: Francija Darbojas vielas: Karotols (30-40%) Alpha Pinene (12-16%) Trans","og_url":"https:\/\/cosmetic.lv\/lv\/product\/yl-carrot-seed-burkanu-seklas-palidz-atklat-visaptverosu-skatijumu-uz-pasauli-5ml\/","og_site_name":"cosmetic.lv","article_publisher":"https:\/\/www.facebook.com\/cosmetic.lv\/","article_modified_time":"2021-02-11T20:53:18+00:00","og_image":[{"width":97,"height":240,"url":"https:\/\/cosmetic.lv\/wp-content\/uploads\/2021\/02\/carrot-seed-s-4.jpg","type":"image\/jpeg"}],"twitter_card":"summary_large_image","schema":{"@context":"https:\/\/schema.org","@graph":[{"@type":"WebPage","@id":"https:\/\/cosmetic.lv\/lv\/product\/yl-carrot-seed-burkanu-seklas-palidz-atklat-visaptverosu-skatijumu-uz-pasauli-5ml\/","url":"https:\/\/cosmetic.lv\/lv\/product\/yl-carrot-seed-burkanu-seklas-palidz-atklat-visaptverosu-skatijumu-uz-pasauli-5ml\/","name":"YL Carrot seed (Burk\u0101nu s\u0113klas) pal\u012bdz atkl\u0101t visaptvero\u0161u skat\u012bjumu uz pasauli 5ml - cosmetic.lv","isPartOf":{"@id":"https:\/\/cosmetic.lv\/lv\/#website"},"primaryImageOfPage":{"@id":"https:\/\/cosmetic.lv\/lv\/product\/yl-carrot-seed-burkanu-seklas-palidz-atklat-visaptverosu-skatijumu-uz-pasauli-5ml\/#primaryimage"},"image":{"@id":"https:\/\/cosmetic.lv\/lv\/product\/yl-carrot-seed-burkanu-seklas-palidz-atklat-visaptverosu-skatijumu-uz-pasauli-5ml\/#primaryimage"},"thumbnailUrl":"https:\/\/cosmetic.lv\/wp-content\/uploads\/2021\/02\/carrot-seed-s-4.jpg","datePublished":"2021-02-06T17:55:27+00:00","dateModified":"2021-02-11T20:53:18+00:00","breadcrumb":{"@id":"https:\/\/cosmetic.lv\/lv\/product\/yl-carrot-seed-burkanu-seklas-palidz-atklat-visaptverosu-skatijumu-uz-pasauli-5ml\/#breadcrumb"},"inLanguage":"lv-LV","potentialAction":[{"@type":"ReadAction","target":["https:\/\/cosmetic.lv\/lv\/product\/yl-carrot-seed-burkanu-seklas-palidz-atklat-visaptverosu-skatijumu-uz-pasauli-5ml\/"]}]},{"@type":"ImageObject","inLanguage":"lv-LV","@id":"https:\/\/cosmetic.lv\/lv\/product\/yl-carrot-seed-burkanu-seklas-palidz-atklat-visaptverosu-skatijumu-uz-pasauli-5ml\/#primaryimage","url":"https:\/\/cosmetic.lv\/wp-content\/uploads\/2021\/02\/carrot-seed-s-4.jpg","contentUrl":"https:\/\/cosmetic.lv\/wp-content\/uploads\/2021\/02\/carrot-seed-s-4.jpg","width":97,"height":240,"caption":"carrot-seed-s.jpg"},{"@type":"BreadcrumbList","@id":"https:\/\/cosmetic.lv\/lv\/product\/yl-carrot-seed-burkanu-seklas-palidz-atklat-visaptverosu-skatijumu-uz-pasauli-5ml\/#breadcrumb","itemListElement":[{"@type":"ListItem","position":1,"name":"Home","item":"https:\/\/cosmetic.lv\/lv\/"},{"@type":"ListItem","position":2,"name":"Veikals","item":"https:\/\/cosmetic.lv\/lv\/veiklas\/"},{"@type":"ListItem","position":3,"name":"YL Carrot seed (Burk\u0101nu s\u0113klas) pal\u012bdz atkl\u0101t visaptvero\u0161u skat\u012bjumu uz pasauli 5ml"}]},{"@type":"WebSite","@id":"https:\/\/cosmetic.lv\/lv\/#website","url":"https:\/\/cosmetic.lv\/lv\/","name":"cosmetic.lv","description":"Profesion\u0101la kosm\u0113tika - Maria Galland, Keune, Arkadija, GMT, Guam, Magiray","publisher":{"@id":"https:\/\/cosmetic.lv\/lv\/#organization"},"potentialAction":[{"@type":"SearchAction","target":{"@type":"EntryPoint","urlTemplate":"https:\/\/cosmetic.lv\/lv\/?s={search_term_string}"},"query-input":{"@type":"PropertyValueSpecification","valueRequired":true,"valueName":"search_term_string"}}],"inLanguage":"lv-LV"},{"@type":"Organization","@id":"https:\/\/cosmetic.lv\/lv\/#organization","name":"COSMETIC.LV","url":"https:\/\/cosmetic.lv\/lv\/","logo":{"@type":"ImageObject","inLanguage":"lv-LV","@id":"https:\/\/cosmetic.lv\/lv\/#\/schema\/logo\/image\/","url":"https:\/\/cosmetic.lv\/wp-content\/uploads\/2021\/02\/cosmetic.lv_logo.jpg","contentUrl":"https:\/\/cosmetic.lv\/wp-content\/uploads\/2021\/02\/cosmetic.lv_logo.jpg","width":596,"height":196,"caption":"COSMETIC.LV"},"image":{"@id":"https:\/\/cosmetic.lv\/lv\/#\/schema\/logo\/image\/"},"sameAs":["https:\/\/www.facebook.com\/cosmetic.lv\/"]}]},"product_price_amount":"37.31","product_price_currency":"EUR","og_availability":"instock","product_availability":"instock","product_retailer_item_id":"308108","product_condition":"new"},"_links":{"self":[{"href":"https:\/\/cosmetic.lv\/lv\/wp-json\/wp\/v2\/product\/34627","targetHints":{"allow":["GET"]}}],"collection":[{"href":"https:\/\/cosmetic.lv\/lv\/wp-json\/wp\/v2\/product"}],"about":[{"href":"https:\/\/cosmetic.lv\/lv\/wp-json\/wp\/v2\/types\/product"}],"wp:featuredmedia":[{"embeddable":true,"href":"https:\/\/cosmetic.lv\/lv\/wp-json\/wp\/v2\/media\/16993"}],"wp:attachment":[{"href":"https:\/\/cosmetic.lv\/lv\/wp-json\/wp\/v2\/media?parent=34627"}],"wp:term":[{"taxonomy":"product_brand","embeddable":true,"href":"https:\/\/cosmetic.lv\/lv\/wp-json\/wp\/v2\/product_brand?post=34627"},{"taxonomy":"product_cat","embeddable":true,"href":"https:\/\/cosmetic.lv\/lv\/wp-json\/wp\/v2\/product_cat?post=34627"},{"taxonomy":"product_tag","embeddable":true,"href":"https:\/\/cosmetic.lv\/lv\/wp-json\/wp\/v2\/product_tag?post=34627"}],"curies":[{"name":"wp","href":"https:\/\/api.w.org\/{rel}","templated":true}]}}