{"id":34628,"date":"2021-02-05T22:43:32","date_gmt":"2021-02-06T17:55:27","guid":{"rendered":"https:\/\/damme.lv\/product\/yl-cedarwood-ciedrs-cedrus-atlantica-rada-komfortu-tirisanas-un-zemejuma-palidz-justies-drosi-15-ml\/"},"modified":"2021-02-11T22:53:18","modified_gmt":"2021-02-11T20:53:18","slug":"yl-cedarwood-ciedrs-cedrus-atlantica-rada-komfortu-tirisanas-un-zemejuma-palidz-justies-drosi-15-ml","status":"publish","type":"product","link":"https:\/\/cosmetic.lv\/lv\/product\/yl-cedarwood-ciedrs-cedrus-atlantica-rada-komfortu-tirisanas-un-zemejuma-palidz-justies-drosi-15-ml\/","title":{"rendered":"YL Cedarwood (Ciedrs) Cedrus atlantica  rada komfortu, t\u012br\u012b\u0161anas un zem\u0113juma pal\u012bdz justies dro\u0161i 15 ml"},"content":{"rendered":"<p>Cedarwood. Cedrus atlantica.<\/p>\n<p> Pinaceae (p\u013cavas)<\/p>\n<p> Izcelsmes valsts: Morocco, ASV. P\u0113c sava sast\u0101va \u0161\u012b Kedras forma ir tuv\u0101k\u0101 biblisk\u0101 Kidruma Levanas.<\/p>\n<p> Darbojas vielas:<\/p>\n<p>    Alfa Himachal\u0113ns (10-20%)<br \/>\n    Beta Himachal\u0113ns (33-55%)<br \/>\n    Gamma-Himachal\u0113ns (8-15%)<br \/>\n    Delta-Cadine (2-6%)<\/p>\n<p> \u0123ipti izmantoju\u0161i to salmi\u0146o\u0161anai, un native amerik\u0101\u0146i, lai sazin\u0101tos ar pl\u0101niem pl\u0101niem, ar dv\u0113miem. Indie\u0161i Cherokee uzskata, ka Kedrai piem\u012bt sp\u0113c\u012bga aizsardz\u012bba un uzliek to uz kr\u016bt\u012bm.<\/p>\n<p> \u0100rstniecisk\u0101s \u012bpa\u0161\u012bbas: antiv\u012brusu, antibakteri\u0101lais, antiseptisks, stimul\u0113jo\u0161s, medikaments, stimul\u0113 lymphatic system (pastiprina circul\u0101ciju), pretatheolo\u0123ija (mazina \u0137erme\u0146a svaru), uzliesmojo\u0161s, sedat\u012bvs, izkristaliz\u0101cija (alopecija), dry skin, wrinkles, detoxification, zaslakovka.<\/p>\n<p>  Atkar\u012bb\u0101 no slim\u012bb\u0101m, lieto: \u0101das slim\u012bbas (akne, ekz\u0113ma, psori\u0101zes, perh\u0101ts), izkri\u0161ana, asteroskleroze, zarnu trakta infekcija, ur\u012bnce\u013cu infekcija, oketika, \u016bdens aizture, tuberkuloze, an\u0113mija, nemiers, insomnia, ADHD<\/p>\n<p>Ietekme uz atmi\u0146u: nomierina garu un no\u0146em nervu stresu, nov\u0113r\u0161 anas un bezmiegs.<\/p>\n<p>termi\u0146\u0161 uzglab\u0101\u0161anas hermetiz\u0113tam iepakojumam nav ierobe\u017eots<\/p>\n<p>Kompleks\u0113jo\u0161i \u0113terisk\u0101s e\u013c\u013cas: grapefr\u016bta, bergamota, jasm\u012bns, jun\u010de\u013cl\u012bns, sandalts, roz\u0101, \u0137iparis, pakl\u0101ji, s\u0101\u013cfails, rozmar\u012bns, ilang-ilangs, roz\u0101 koks, verbena, neroli, citronella, palmarosa, \u010debrets.<\/p>\n<p>15 ml<\/p>\n","protected":false},"excerpt":{"rendered":"<p>Cedarwood. Cedrus atlantica. Pinaceae (p\u013cavas) Izcelsmes valsts: Morocco, ASV. P\u0113c sava sast\u0101va \u0161\u012b Kedras forma ir tuv\u0101k\u0101 biblisk\u0101 Kidruma Levanas.<\/p>\n","protected":false},"featured_media":16996,"template":"","meta":[],"product_brand":[],"product_cat":[2186,2193],"product_tag":[],"class_list":{"0":"post-34628","1":"product","2":"type-product","3":"status-publish","4":"has-post-thumbnail","6":"product_cat-young-living-eteriskas-ellas-un-kosmetika-augstas-kvalitates","7":"product_cat-eteriskas-ellas-lv","9":"first","10":"instock","11":"taxable","12":"shipping-taxable","13":"purchasable","14":"product-type-simple"},"yoast_head":"<!-- This site is optimized with the Yoast SEO Premium plugin v27.0 (Yoast SEO v27.0) - https:\/\/yoast.com\/product\/yoast-seo-premium-wordpress\/ -->\n<title>YL Cedarwood (Ciedrs) Cedrus atlantica rada komfortu, t\u012br\u012b\u0161anas un zem\u0113juma pal\u012bdz justies dro\u0161i 15 ml - cosmetic.lv<\/title>\n<meta name=\"robots\" content=\"index, follow, max-snippet:-1, max-image-preview:large, max-video-preview:-1\" \/>\n<link rel=\"canonical\" href=\"https:\/\/cosmetic.lv\/lv\/product\/yl-cedarwood-ciedrs-cedrus-atlantica-rada-komfortu-tirisanas-un-zemejuma-palidz-justies-drosi-15-ml\/\" \/>\n<meta property=\"og:locale\" content=\"lv_LV\" \/>\n<meta property=\"og:type\" content=\"article\" \/>\n<meta property=\"og:title\" content=\"YL Cedarwood (Ciedrs) Cedrus atlantica rada komfortu, t\u012br\u012b\u0161anas un zem\u0113juma pal\u012bdz justies dro\u0161i 15 ml\" \/>\n<meta property=\"og:description\" content=\"Cedarwood. Cedrus atlantica. Pinaceae (p\u013cavas) Izcelsmes valsts: Morocco, ASV. P\u0113c sava sast\u0101va \u0161\u012b Kedras forma ir tuv\u0101k\u0101 biblisk\u0101 Kidruma Levanas.\" \/>\n<meta property=\"og:url\" content=\"https:\/\/cosmetic.lv\/lv\/product\/yl-cedarwood-ciedrs-cedrus-atlantica-rada-komfortu-tirisanas-un-zemejuma-palidz-justies-drosi-15-ml\/\" \/>\n<meta property=\"og:site_name\" content=\"cosmetic.lv\" \/>\n<meta property=\"article:publisher\" content=\"https:\/\/www.facebook.com\/cosmetic.lv\/\" \/>\n<meta property=\"article:modified_time\" content=\"2021-02-11T20:53:18+00:00\" \/>\n<meta property=\"og:image\" content=\"https:\/\/cosmetic.lv\/wp-content\/uploads\/2021\/02\/cedarwood-syl-4.jpg\" \/>\n\t<meta property=\"og:image:width\" content=\"100\" \/>\n\t<meta property=\"og:image:height\" content=\"240\" \/>\n\t<meta property=\"og:image:type\" content=\"image\/jpeg\" \/>\n<meta name=\"twitter:card\" content=\"summary_large_image\" \/>\n<script type=\"application\/ld+json\" class=\"yoast-schema-graph\">{\"@context\":\"https:\/\/schema.org\",\"@graph\":[{\"@type\":\"WebPage\",\"@id\":\"https:\/\/cosmetic.lv\/lv\/product\/yl-cedarwood-ciedrs-cedrus-atlantica-rada-komfortu-tirisanas-un-zemejuma-palidz-justies-drosi-15-ml\/\",\"url\":\"https:\/\/cosmetic.lv\/lv\/product\/yl-cedarwood-ciedrs-cedrus-atlantica-rada-komfortu-tirisanas-un-zemejuma-palidz-justies-drosi-15-ml\/\",\"name\":\"YL Cedarwood (Ciedrs) Cedrus atlantica rada komfortu, t\u012br\u012b\u0161anas un zem\u0113juma pal\u012bdz justies dro\u0161i 15 ml - cosmetic.lv\",\"isPartOf\":{\"@id\":\"https:\/\/cosmetic.lv\/lv\/#website\"},\"primaryImageOfPage\":{\"@id\":\"https:\/\/cosmetic.lv\/lv\/product\/yl-cedarwood-ciedrs-cedrus-atlantica-rada-komfortu-tirisanas-un-zemejuma-palidz-justies-drosi-15-ml\/#primaryimage\"},\"image\":{\"@id\":\"https:\/\/cosmetic.lv\/lv\/product\/yl-cedarwood-ciedrs-cedrus-atlantica-rada-komfortu-tirisanas-un-zemejuma-palidz-justies-drosi-15-ml\/#primaryimage\"},\"thumbnailUrl\":\"https:\/\/cosmetic.lv\/wp-content\/uploads\/2021\/02\/cedarwood-syl-4.jpg\",\"datePublished\":\"2021-02-06T17:55:27+00:00\",\"dateModified\":\"2021-02-11T20:53:18+00:00\",\"breadcrumb\":{\"@id\":\"https:\/\/cosmetic.lv\/lv\/product\/yl-cedarwood-ciedrs-cedrus-atlantica-rada-komfortu-tirisanas-un-zemejuma-palidz-justies-drosi-15-ml\/#breadcrumb\"},\"inLanguage\":\"lv-LV\",\"potentialAction\":[{\"@type\":\"ReadAction\",\"target\":[\"https:\/\/cosmetic.lv\/lv\/product\/yl-cedarwood-ciedrs-cedrus-atlantica-rada-komfortu-tirisanas-un-zemejuma-palidz-justies-drosi-15-ml\/\"]}]},{\"@type\":\"ImageObject\",\"inLanguage\":\"lv-LV\",\"@id\":\"https:\/\/cosmetic.lv\/lv\/product\/yl-cedarwood-ciedrs-cedrus-atlantica-rada-komfortu-tirisanas-un-zemejuma-palidz-justies-drosi-15-ml\/#primaryimage\",\"url\":\"https:\/\/cosmetic.lv\/wp-content\/uploads\/2021\/02\/cedarwood-syl-4.jpg\",\"contentUrl\":\"https:\/\/cosmetic.lv\/wp-content\/uploads\/2021\/02\/cedarwood-syl-4.jpg\",\"width\":100,\"height\":240,\"caption\":\"cedarwood-syl.jpg\"},{\"@type\":\"BreadcrumbList\",\"@id\":\"https:\/\/cosmetic.lv\/lv\/product\/yl-cedarwood-ciedrs-cedrus-atlantica-rada-komfortu-tirisanas-un-zemejuma-palidz-justies-drosi-15-ml\/#breadcrumb\",\"itemListElement\":[{\"@type\":\"ListItem\",\"position\":1,\"name\":\"Home\",\"item\":\"https:\/\/cosmetic.lv\/lv\/\"},{\"@type\":\"ListItem\",\"position\":2,\"name\":\"Veikals\",\"item\":\"https:\/\/cosmetic.lv\/lv\/veiklas\/\"},{\"@type\":\"ListItem\",\"position\":3,\"name\":\"YL Cedarwood (Ciedrs) Cedrus atlantica rada komfortu, t\u012br\u012b\u0161anas un zem\u0113juma pal\u012bdz justies dro\u0161i 15 ml\"}]},{\"@type\":\"WebSite\",\"@id\":\"https:\/\/cosmetic.lv\/lv\/#website\",\"url\":\"https:\/\/cosmetic.lv\/lv\/\",\"name\":\"cosmetic.lv\",\"description\":\"Profesion\u0101la kosm\u0113tika - Maria Galland, Keune, Arkadija, GMT, Guam, Magiray\",\"publisher\":{\"@id\":\"https:\/\/cosmetic.lv\/lv\/#organization\"},\"potentialAction\":[{\"@type\":\"SearchAction\",\"target\":{\"@type\":\"EntryPoint\",\"urlTemplate\":\"https:\/\/cosmetic.lv\/lv\/?s={search_term_string}\"},\"query-input\":{\"@type\":\"PropertyValueSpecification\",\"valueRequired\":true,\"valueName\":\"search_term_string\"}}],\"inLanguage\":\"lv-LV\"},{\"@type\":\"Organization\",\"@id\":\"https:\/\/cosmetic.lv\/lv\/#organization\",\"name\":\"COSMETIC.LV\",\"url\":\"https:\/\/cosmetic.lv\/lv\/\",\"logo\":{\"@type\":\"ImageObject\",\"inLanguage\":\"lv-LV\",\"@id\":\"https:\/\/cosmetic.lv\/lv\/#\/schema\/logo\/image\/\",\"url\":\"https:\/\/cosmetic.lv\/wp-content\/uploads\/2021\/02\/cosmetic.lv_logo.jpg\",\"contentUrl\":\"https:\/\/cosmetic.lv\/wp-content\/uploads\/2021\/02\/cosmetic.lv_logo.jpg\",\"width\":596,\"height\":196,\"caption\":\"COSMETIC.LV\"},\"image\":{\"@id\":\"https:\/\/cosmetic.lv\/lv\/#\/schema\/logo\/image\/\"},\"sameAs\":[\"https:\/\/www.facebook.com\/cosmetic.lv\/\"]}]}<\/script>\n<meta property=\"product:price:amount\" content=\"22.91\" \/>\n<meta property=\"product:price:currency\" content=\"EUR\" \/>\n<meta property=\"og:availability\" content=\"instock\" \/>\n<meta property=\"product:availability\" content=\"instock\" \/>\n<meta property=\"product:retailer_item_id\" content=\"350908\" \/>\n<meta property=\"product:condition\" content=\"new\" \/>\n<!-- \/ Yoast SEO Premium plugin. -->","yoast_head_json":{"title":"YL Cedarwood (Ciedrs) Cedrus atlantica rada komfortu, t\u012br\u012b\u0161anas un zem\u0113juma pal\u012bdz justies dro\u0161i 15 ml - cosmetic.lv","robots":{"index":"index","follow":"follow","max-snippet":"max-snippet:-1","max-image-preview":"max-image-preview:large","max-video-preview":"max-video-preview:-1"},"canonical":"https:\/\/cosmetic.lv\/lv\/product\/yl-cedarwood-ciedrs-cedrus-atlantica-rada-komfortu-tirisanas-un-zemejuma-palidz-justies-drosi-15-ml\/","og_locale":"lv_LV","og_type":"article","og_title":"YL Cedarwood (Ciedrs) Cedrus atlantica rada komfortu, t\u012br\u012b\u0161anas un zem\u0113juma pal\u012bdz justies dro\u0161i 15 ml","og_description":"Cedarwood. Cedrus atlantica. Pinaceae (p\u013cavas) Izcelsmes valsts: Morocco, ASV. P\u0113c sava sast\u0101va \u0161\u012b Kedras forma ir tuv\u0101k\u0101 biblisk\u0101 Kidruma Levanas.","og_url":"https:\/\/cosmetic.lv\/lv\/product\/yl-cedarwood-ciedrs-cedrus-atlantica-rada-komfortu-tirisanas-un-zemejuma-palidz-justies-drosi-15-ml\/","og_site_name":"cosmetic.lv","article_publisher":"https:\/\/www.facebook.com\/cosmetic.lv\/","article_modified_time":"2021-02-11T20:53:18+00:00","og_image":[{"width":100,"height":240,"url":"https:\/\/cosmetic.lv\/wp-content\/uploads\/2021\/02\/cedarwood-syl-4.jpg","type":"image\/jpeg"}],"twitter_card":"summary_large_image","schema":{"@context":"https:\/\/schema.org","@graph":[{"@type":"WebPage","@id":"https:\/\/cosmetic.lv\/lv\/product\/yl-cedarwood-ciedrs-cedrus-atlantica-rada-komfortu-tirisanas-un-zemejuma-palidz-justies-drosi-15-ml\/","url":"https:\/\/cosmetic.lv\/lv\/product\/yl-cedarwood-ciedrs-cedrus-atlantica-rada-komfortu-tirisanas-un-zemejuma-palidz-justies-drosi-15-ml\/","name":"YL Cedarwood (Ciedrs) Cedrus atlantica rada komfortu, t\u012br\u012b\u0161anas un zem\u0113juma pal\u012bdz justies dro\u0161i 15 ml - cosmetic.lv","isPartOf":{"@id":"https:\/\/cosmetic.lv\/lv\/#website"},"primaryImageOfPage":{"@id":"https:\/\/cosmetic.lv\/lv\/product\/yl-cedarwood-ciedrs-cedrus-atlantica-rada-komfortu-tirisanas-un-zemejuma-palidz-justies-drosi-15-ml\/#primaryimage"},"image":{"@id":"https:\/\/cosmetic.lv\/lv\/product\/yl-cedarwood-ciedrs-cedrus-atlantica-rada-komfortu-tirisanas-un-zemejuma-palidz-justies-drosi-15-ml\/#primaryimage"},"thumbnailUrl":"https:\/\/cosmetic.lv\/wp-content\/uploads\/2021\/02\/cedarwood-syl-4.jpg","datePublished":"2021-02-06T17:55:27+00:00","dateModified":"2021-02-11T20:53:18+00:00","breadcrumb":{"@id":"https:\/\/cosmetic.lv\/lv\/product\/yl-cedarwood-ciedrs-cedrus-atlantica-rada-komfortu-tirisanas-un-zemejuma-palidz-justies-drosi-15-ml\/#breadcrumb"},"inLanguage":"lv-LV","potentialAction":[{"@type":"ReadAction","target":["https:\/\/cosmetic.lv\/lv\/product\/yl-cedarwood-ciedrs-cedrus-atlantica-rada-komfortu-tirisanas-un-zemejuma-palidz-justies-drosi-15-ml\/"]}]},{"@type":"ImageObject","inLanguage":"lv-LV","@id":"https:\/\/cosmetic.lv\/lv\/product\/yl-cedarwood-ciedrs-cedrus-atlantica-rada-komfortu-tirisanas-un-zemejuma-palidz-justies-drosi-15-ml\/#primaryimage","url":"https:\/\/cosmetic.lv\/wp-content\/uploads\/2021\/02\/cedarwood-syl-4.jpg","contentUrl":"https:\/\/cosmetic.lv\/wp-content\/uploads\/2021\/02\/cedarwood-syl-4.jpg","width":100,"height":240,"caption":"cedarwood-syl.jpg"},{"@type":"BreadcrumbList","@id":"https:\/\/cosmetic.lv\/lv\/product\/yl-cedarwood-ciedrs-cedrus-atlantica-rada-komfortu-tirisanas-un-zemejuma-palidz-justies-drosi-15-ml\/#breadcrumb","itemListElement":[{"@type":"ListItem","position":1,"name":"Home","item":"https:\/\/cosmetic.lv\/lv\/"},{"@type":"ListItem","position":2,"name":"Veikals","item":"https:\/\/cosmetic.lv\/lv\/veiklas\/"},{"@type":"ListItem","position":3,"name":"YL Cedarwood (Ciedrs) Cedrus atlantica rada komfortu, t\u012br\u012b\u0161anas un zem\u0113juma pal\u012bdz justies dro\u0161i 15 ml"}]},{"@type":"WebSite","@id":"https:\/\/cosmetic.lv\/lv\/#website","url":"https:\/\/cosmetic.lv\/lv\/","name":"cosmetic.lv","description":"Profesion\u0101la kosm\u0113tika - Maria Galland, Keune, Arkadija, GMT, Guam, Magiray","publisher":{"@id":"https:\/\/cosmetic.lv\/lv\/#organization"},"potentialAction":[{"@type":"SearchAction","target":{"@type":"EntryPoint","urlTemplate":"https:\/\/cosmetic.lv\/lv\/?s={search_term_string}"},"query-input":{"@type":"PropertyValueSpecification","valueRequired":true,"valueName":"search_term_string"}}],"inLanguage":"lv-LV"},{"@type":"Organization","@id":"https:\/\/cosmetic.lv\/lv\/#organization","name":"COSMETIC.LV","url":"https:\/\/cosmetic.lv\/lv\/","logo":{"@type":"ImageObject","inLanguage":"lv-LV","@id":"https:\/\/cosmetic.lv\/lv\/#\/schema\/logo\/image\/","url":"https:\/\/cosmetic.lv\/wp-content\/uploads\/2021\/02\/cosmetic.lv_logo.jpg","contentUrl":"https:\/\/cosmetic.lv\/wp-content\/uploads\/2021\/02\/cosmetic.lv_logo.jpg","width":596,"height":196,"caption":"COSMETIC.LV"},"image":{"@id":"https:\/\/cosmetic.lv\/lv\/#\/schema\/logo\/image\/"},"sameAs":["https:\/\/www.facebook.com\/cosmetic.lv\/"]}]},"product_price_amount":"22.91","product_price_currency":"EUR","og_availability":"instock","product_availability":"instock","product_retailer_item_id":"350908","product_condition":"new"},"_links":{"self":[{"href":"https:\/\/cosmetic.lv\/lv\/wp-json\/wp\/v2\/product\/34628","targetHints":{"allow":["GET"]}}],"collection":[{"href":"https:\/\/cosmetic.lv\/lv\/wp-json\/wp\/v2\/product"}],"about":[{"href":"https:\/\/cosmetic.lv\/lv\/wp-json\/wp\/v2\/types\/product"}],"wp:featuredmedia":[{"embeddable":true,"href":"https:\/\/cosmetic.lv\/lv\/wp-json\/wp\/v2\/media\/16996"}],"wp:attachment":[{"href":"https:\/\/cosmetic.lv\/lv\/wp-json\/wp\/v2\/media?parent=34628"}],"wp:term":[{"taxonomy":"product_brand","embeddable":true,"href":"https:\/\/cosmetic.lv\/lv\/wp-json\/wp\/v2\/product_brand?post=34628"},{"taxonomy":"product_cat","embeddable":true,"href":"https:\/\/cosmetic.lv\/lv\/wp-json\/wp\/v2\/product_cat?post=34628"},{"taxonomy":"product_tag","embeddable":true,"href":"https:\/\/cosmetic.lv\/lv\/wp-json\/wp\/v2\/product_tag?post=34628"}],"curies":[{"name":"wp","href":"https:\/\/api.w.org\/{rel}","templated":true}]}}