{"id":34635,"date":"2021-02-05T22:43:32","date_gmt":"2021-02-06T17:55:35","guid":{"rendered":"https:\/\/damme.lv\/product\/yl-cinnamon-bark-kaneles-cinnamomum-verum-parpilniba-5ml\/"},"modified":"2021-02-11T22:53:16","modified_gmt":"2021-02-11T20:53:16","slug":"yl-cinnamon-bark-kaneles-cinnamomum-verum-parpilniba-5ml","status":"publish","type":"product","link":"https:\/\/cosmetic.lv\/lv\/product\/yl-cinnamon-bark-kaneles-cinnamomum-verum-parpilniba-5ml\/","title":{"rendered":"YL Cinnamon Bark (Kaneles) Cinnamomum verum P\u0101rpiln\u012bba 5ml"},"content":{"rendered":"<p>Kan\u0113\u013ca miza. Cinnamomum verum.<\/p>\n<p> Kora miza<\/p>\n<p> Bot\u0101nisk\u0101 \u0123imene: Lauraceae (bayberry)<\/p>\n<p> Izcelsmes valsts: \u0160rilanka, Madagaskara, Ceilons<\/p>\n<p> Akt\u012bv\u0101s vielas:<\/p>\n<p>    Trans-Cinnamaldehyde (40-30%)<br \/>\n    Eugenols (20-30%)<br \/>\n    Beta-kariofil\u0113ns (3-8%)<br \/>\n    Linalols (3-7%)<\/p>\n<p>  V\u0113sturisk\u0101 inform\u0101cija: Pirmais piemin\u0113t Cinnamon atrasts senos papirusa Ebers dat\u0113ti 1550 BC, t\u0101 apraksta 877 receptes no da\u017e\u0101d\u0101m slim\u012bb\u0101m, tai skait\u0101 v\u0113\u017ea, astmas un citi. Kan\u0113lis bija da\u013ca no komponentiem &quot;Eti\u0137is no \u010detr\u0101m zag\u013ciem&quot;, kas izstr\u0101d\u0101ja \u010detras Marse\u013cas zaglis, lai pasarg\u0101tu sevi no m\u0113ra ar 15. gs. Tie tika iesaist\u012bti pieg\u0101di gar\u0161vielas uz Eiropu un \u013coti labi p\u0113t\u012bta to \u012bpa\u0161\u012bbas. Tas \u013c\u0101va vi\u0146iem br\u012bvi laup\u012bt, vi\u0146i zin\u0101ja, ka neviens bacilis vi\u0146iem netiks stick.<\/p>\n<p> \u0112terisk\u0101 e\u013c\u013ca kan\u0113\u013ca bija da\u013ca no &quot;Sv\u0113t\u0101 mirres svaid\u012bt&quot;, kas tika dota Mozum. \u0160eit ir formula par \u0161o dievi\u0161\u0137o sast\u0101vu: 12.5 m\u0101rci\u0146as \u0113terisko e\u013c\u013cu mirr\u0113m, 12.5 m\u0101rci\u0146as \u0113terisko e\u013c\u013cu Cassia, 6 m\u0101rci\u0146as \u0113terisko e\u013c\u013cu kan\u0113\u013ca, 6 m\u0101rci\u0146as \u0113terisk\u0101 e\u013c\u013ca Ira un 1 gallon ol\u012bve\u013c\u013cas.<\/p>\n<p> Vai j\u016bs zin\u0101t, ka s\u0101kotn\u0113j\u0101 recepte Coca-Cola satur \u0113terisk\u0101s e\u013c\u013cas kan\u0113\u013ca, citronu, koriandru, muskatriekstu, apels\u012bnu un Neroli?<\/p>\n<p> \u0100rstnieciskas \u012bpa\u0161\u012bbas: anti &#8211; COX-2 inhibitoru (COX &#8211; ciklooksigen\u0101zes) &#8211; samazina simptomus s\u0101pes un iekaisumu, sp\u0113c\u012bgas antibakteri\u0101las, pretv\u012brusu, prets\u0113n\u012b\u0161u, antikoagulantu (nov\u0113r\u0161 trombu veido\u0161anos), pretinfekcijas (zarnu trakta un ur\u012bnce\u013cu infekcijas \u0101rst\u0113\u0161anai), pretparaz\u012btu (t\u0101rpus), antioksidanta, kas ir , savelko\u0161a, aizsardz\u012bba no ku\u0146\u0123a (\u010d\u016blas), cukura l\u012bmeni asin\u012bs, stimul\u0113jot (im\u016bnsist\u0113ma, asinsrite, seksu\u0101l\u0101 sf\u0113ra), t\u012br\u012b\u0161ana, sasil\u0161ana.<\/p>\n<p> Da\u017ei p\u0113t\u012bjumi: \u0112terisk\u0101s e\u013c\u013cas Kan\u0113\u013ca par 92%, izn\u012bcina Gram-pozit\u012bviem un gram-negat\u012bvo bakt\u0113riju (International Journal of p\u0101rtikas mikrobiolo\u0123ija, 1987.). Kad izsmidzin\u0101\u0161anas mais\u012bjums kan\u0113\u013ca, krustnagli\u0146u, citronu, eikalipta, rozmar\u012bna 12 min\u016btes gais\u0101 var izn\u012bcin\u0101t 99% no bakt\u0113rij\u0101m. Par \u0113terisko e\u013c\u013cu Cinnamon 0,004%, koncentr\u0101cija var nogalin\u0101t celmus Helicobacter Pilori, kas ir c\u0113lonis ku\u0146\u0123a \u010d\u016blas, sirds slim\u012bbas un, iesp\u0113jams, da\u017eiem v\u0113\u017ea.<\/p>\n<p>  K\u0101das slim\u012bbas izmantoti: infekcijas slim\u012bbas (gripas, saaukst\u0113\u0161an\u0101s, klepus), v\u012brusu infekcija (herpes), gremo\u0161anas probl\u0113mas, \u010d\u016blas, diab\u0113ta, iekaisums, reimatisms, slikta apgroz\u012bb\u0101, k\u0101rpas.<\/p>\n<p>\u0112terisk\u0101 e\u013c\u013ca kan\u0113\u013ca uzlabota cukura diab\u0113tu, balans\u0113\u0161anas cukura l\u012bmeni asin\u012bs. Ja jums ir gr\u016bti izmantot \u0161o e\u013c\u013cu, jo t\u0101 deg\u0161anas \u012bpa\u0161\u012bbas, izmantot \u0113terisk\u0101 e\u013c\u013ca Ocotea. Tas ir rets Dienvid\u0101frikas koku, kuru e\u013c\u013ca l\u012bdzsvaro cukura l\u012bmeni asin\u012bs.<\/p>\n<p>  Gar\u012bg\u0101 un emocion\u0101l\u0101 ietekme: Kan\u0113\u013ca \u0113terisk\u0101 e\u013c\u013ca transform\u0101cijas, transmutes m\u016bsu ierobe\u017eo p\u0101rliec\u012bbu par p\u0101rpiln\u012bbu, t\u0101d\u0113j\u0101di to m\u016bsu dz\u012bv\u0113. Kan\u0113lis var pal\u012bdz\u0113t tiem, kuri patie\u0161\u0101m v\u0113las main\u012bt savas domas un no\u0146emt bez evol\u016bcijas mode\u013cus. E\u013c\u013ca pal\u012bdz atbr\u012bvot repres\u0113t\u0101s dusmas un neapmierin\u0101t\u012bbu, skaud\u012bbu un mazv\u0113rt\u012bbas kompleksu. Nov\u0113r\u0161 sabrukumu emocij\u0101m: sevis \u017e\u0113l, koncentr\u0113ties uz p\u0113d\u0113jo Blunders, saj\u016btu p\u0101r\u0101kumu p\u0101r citiem cilv\u0113kiem. Pal\u012bdz \u0101tr\u0101k tikt gal\u0101 ar slim\u012bb\u0101m un traum\u0101m.<\/p>\n<p>Tas pal\u012bdz atbr\u012bvot atmi\u0146u fizisku vardarb\u012bbu, \u013caunpr\u0101t\u012bgu izmanto\u0161anu, narkotiku un alkohola atkar\u012bbas.<\/p>\n<p> Ietekme uz pr\u0101t\u0101: \u0161\u012b karst\u0101 un pikantu arom\u0101tu piesaista p\u0101rpiln\u012bbu un labkl\u0101j\u012bbu.<\/p>\n<p>  ORAC: 10350 \u03bcTE \/ 100 g<\/p>\n<p> Kas ir ORAC? ORAC ir sk\u0101bek\u013ca radik\u0101las absorbcijas sp\u0113ja vai indikators par sp\u0113ju antioksidantus absorb\u0113t br\u012bvos radik\u0101\u013cus. Vienk\u0101r\u0161\u0101 valod\u0101, tas noz\u012bm\u0113, ka zin\u0101tnisko j\u0113dzienu cik labi viela pal\u012bdz manu \u0137ermeni, lai risin\u0101tu ar t\u0101diem trauc\u0113jumiem, k\u0101 v\u0113zis, sirds un asinsvadu slim\u012bb\u0101m, hronisk\u0101m slim\u012bb\u0101m, org\u0101nos un audos. To ieviesa zin\u0101tnieki no Nacion\u0101l\u0101 noveco\u0161anas instit\u016bta Nacion\u0101l\u0101 vesel\u012bbas instit\u016bta (NIH) Baltimore, ASV.<\/p>\n<p> Ra\u017eo\u0161anas metode: tvaika destil\u0101cija no mizas<\/p>\n<p>  Lieto\u0161ana un doz\u0113\u0161ana:<\/p>\n<p>    at\u0161\u0137aid\u012bts 1: 4 (1 da\u013ca kan\u0113\u013ca &#8211; 4 da\u013cas e\u013c\u013ca) ar augu e\u013c\u013cu vai sviestu V-6<br \/>\n    e\u013c\u013ca tiek uzskat\u012bta par dro\u0161u (GRAS) iek\u0161\u0113jai lieto\u0161anai FDA<br \/>\n    uzkl\u0101jiet 1-3 pilienus at\u0161\u0137aid\u012btas e\u013c\u013cas s\u0101po\u0161ai vietai<br \/>\n    iek\u0161\u0137\u012bgai lieto\u0161anai, ievietojiet kapsul\u0101 2 reizes dien\u0101, ja nepiecie\u0161ams<br \/>\n    attiecas uz Vita Flex punktiem<br \/>\n    &#8211; Mas\u0101\u017eas Raindrop Technique &#8211; e\u013c\u013cu piem\u0113ro\u0161ana p\u0113c sl\u0101\u0146a<br \/>\n    ieelpot no plaukst\u0101m vai no pudeles<br \/>\n    1-3 pilieni difuzoru, 30 min, 3 reizes dien\u0101, vai p\u0113c nepiecie\u0161am\u012bbas<br \/>\n    Kosm\u0113tikas bag\u0101tin\u0101\u0161ana: 0,5 pilieni uz 10 ml pamatnes<\/p>\n<p> Izmantojiet m\u0101jdz\u012bvniekiem: J\u0101, j\u016bs varat, bet t\u0101 ir \u013coti dedzino\u0161a e\u013c\u013ca. Viegl\u0101k izmantot mais\u012bjumos ar \u0113teriskaj\u0101m e\u013c\u013c\u0101m, piem\u0113ram, zag\u013ciem, p\u0101rpiln\u012bbu, Palielin\u0101t J\u016bsu m\u0113r\u0137is. Ir pretiekaisuma \u0113terisk\u0101s e\u013c\u013cas, kas nav dego\u0161as, piem\u0113ram, copaiba &#8211; izmantojiet to.<\/p>\n<p> Da\u017eas e\u013c\u013cas var b\u016bt \u013coti toksiskas ka\u0137iem. Tie ietver citrusu e\u013c\u013cas, kas nav terapija<br \/>\n5 ML<\/p>\n","protected":false},"excerpt":{"rendered":"<p>Kan\u0113\u013ca miza. Cinnamomum verum. Kora miza Bot\u0101nisk\u0101 \u0123imene: Lauraceae (bayberry) Izcelsmes valsts: \u0160rilanka, Madagaskara, Ceilons Akt\u012bv\u0101s vielas: Trans-Cinnamaldehyde (40-30%) Eugenols<\/p>\n","protected":false},"featured_media":17013,"template":"","meta":[],"product_brand":[],"product_cat":[2186,2193],"product_tag":[],"class_list":{"0":"post-34635","1":"product","2":"type-product","3":"status-publish","4":"has-post-thumbnail","6":"product_cat-young-living-eteriskas-ellas-un-kosmetika-augstas-kvalitates","7":"product_cat-eteriskas-ellas-lv","9":"first","10":"instock","11":"taxable","12":"shipping-taxable","13":"purchasable","14":"product-type-simple"},"yoast_head":"<!-- This site is optimized with the Yoast SEO Premium plugin v27.0 (Yoast SEO v27.0) - https:\/\/yoast.com\/product\/yoast-seo-premium-wordpress\/ -->\n<title>YL Cinnamon Bark (Kaneles) Cinnamomum verum P\u0101rpiln\u012bba 5ml - cosmetic.lv<\/title>\n<meta name=\"robots\" content=\"index, follow, max-snippet:-1, max-image-preview:large, max-video-preview:-1\" \/>\n<link rel=\"canonical\" href=\"https:\/\/cosmetic.lv\/lv\/product\/yl-cinnamon-bark-kaneles-cinnamomum-verum-parpilniba-5ml\/\" \/>\n<meta property=\"og:locale\" content=\"lv_LV\" \/>\n<meta property=\"og:type\" content=\"article\" \/>\n<meta property=\"og:title\" content=\"YL Cinnamon Bark (Kaneles) Cinnamomum verum P\u0101rpiln\u012bba 5ml\" \/>\n<meta property=\"og:description\" content=\"Kan\u0113\u013ca miza. Cinnamomum verum. Kora miza Bot\u0101nisk\u0101 \u0123imene: Lauraceae (bayberry) Izcelsmes valsts: \u0160rilanka, Madagaskara, Ceilons Akt\u012bv\u0101s vielas: Trans-Cinnamaldehyde (40-30%) Eugenols\" \/>\n<meta property=\"og:url\" content=\"https:\/\/cosmetic.lv\/lv\/product\/yl-cinnamon-bark-kaneles-cinnamomum-verum-parpilniba-5ml\/\" \/>\n<meta property=\"og:site_name\" content=\"cosmetic.lv\" \/>\n<meta property=\"article:publisher\" content=\"https:\/\/www.facebook.com\/cosmetic.lv\/\" \/>\n<meta property=\"article:modified_time\" content=\"2021-02-11T20:53:16+00:00\" \/>\n<meta property=\"og:image\" content=\"https:\/\/cosmetic.lv\/wp-content\/uploads\/2021\/02\/cinnamon-bark-kopris-4.jpg\" \/>\n\t<meta property=\"og:image:width\" content=\"97\" \/>\n\t<meta property=\"og:image:height\" content=\"240\" \/>\n\t<meta property=\"og:image:type\" content=\"image\/jpeg\" \/>\n<meta name=\"twitter:card\" content=\"summary_large_image\" \/>\n<script type=\"application\/ld+json\" class=\"yoast-schema-graph\">{\"@context\":\"https:\/\/schema.org\",\"@graph\":[{\"@type\":\"WebPage\",\"@id\":\"https:\/\/cosmetic.lv\/lv\/product\/yl-cinnamon-bark-kaneles-cinnamomum-verum-parpilniba-5ml\/\",\"url\":\"https:\/\/cosmetic.lv\/lv\/product\/yl-cinnamon-bark-kaneles-cinnamomum-verum-parpilniba-5ml\/\",\"name\":\"YL Cinnamon Bark (Kaneles) Cinnamomum verum P\u0101rpiln\u012bba 5ml - cosmetic.lv\",\"isPartOf\":{\"@id\":\"https:\/\/cosmetic.lv\/lv\/#website\"},\"primaryImageOfPage\":{\"@id\":\"https:\/\/cosmetic.lv\/lv\/product\/yl-cinnamon-bark-kaneles-cinnamomum-verum-parpilniba-5ml\/#primaryimage\"},\"image\":{\"@id\":\"https:\/\/cosmetic.lv\/lv\/product\/yl-cinnamon-bark-kaneles-cinnamomum-verum-parpilniba-5ml\/#primaryimage\"},\"thumbnailUrl\":\"https:\/\/cosmetic.lv\/wp-content\/uploads\/2021\/02\/cinnamon-bark-kopris-4.jpg\",\"datePublished\":\"2021-02-06T17:55:35+00:00\",\"dateModified\":\"2021-02-11T20:53:16+00:00\",\"breadcrumb\":{\"@id\":\"https:\/\/cosmetic.lv\/lv\/product\/yl-cinnamon-bark-kaneles-cinnamomum-verum-parpilniba-5ml\/#breadcrumb\"},\"inLanguage\":\"lv-LV\",\"potentialAction\":[{\"@type\":\"ReadAction\",\"target\":[\"https:\/\/cosmetic.lv\/lv\/product\/yl-cinnamon-bark-kaneles-cinnamomum-verum-parpilniba-5ml\/\"]}]},{\"@type\":\"ImageObject\",\"inLanguage\":\"lv-LV\",\"@id\":\"https:\/\/cosmetic.lv\/lv\/product\/yl-cinnamon-bark-kaneles-cinnamomum-verum-parpilniba-5ml\/#primaryimage\",\"url\":\"https:\/\/cosmetic.lv\/wp-content\/uploads\/2021\/02\/cinnamon-bark-kopris-4.jpg\",\"contentUrl\":\"https:\/\/cosmetic.lv\/wp-content\/uploads\/2021\/02\/cinnamon-bark-kopris-4.jpg\",\"width\":97,\"height\":240,\"caption\":\"cinnamon-bark-kopris.jpg\"},{\"@type\":\"BreadcrumbList\",\"@id\":\"https:\/\/cosmetic.lv\/lv\/product\/yl-cinnamon-bark-kaneles-cinnamomum-verum-parpilniba-5ml\/#breadcrumb\",\"itemListElement\":[{\"@type\":\"ListItem\",\"position\":1,\"name\":\"Home\",\"item\":\"https:\/\/cosmetic.lv\/lv\/\"},{\"@type\":\"ListItem\",\"position\":2,\"name\":\"Veikals\",\"item\":\"https:\/\/cosmetic.lv\/lv\/veiklas\/\"},{\"@type\":\"ListItem\",\"position\":3,\"name\":\"YL Cinnamon Bark (Kaneles) Cinnamomum verum P\u0101rpiln\u012bba 5ml\"}]},{\"@type\":\"WebSite\",\"@id\":\"https:\/\/cosmetic.lv\/lv\/#website\",\"url\":\"https:\/\/cosmetic.lv\/lv\/\",\"name\":\"cosmetic.lv\",\"description\":\"Profesion\u0101la kosm\u0113tika - Maria Galland, Keune, Arkadija, GMT, Guam, Magiray\",\"publisher\":{\"@id\":\"https:\/\/cosmetic.lv\/lv\/#organization\"},\"potentialAction\":[{\"@type\":\"SearchAction\",\"target\":{\"@type\":\"EntryPoint\",\"urlTemplate\":\"https:\/\/cosmetic.lv\/lv\/?s={search_term_string}\"},\"query-input\":{\"@type\":\"PropertyValueSpecification\",\"valueRequired\":true,\"valueName\":\"search_term_string\"}}],\"inLanguage\":\"lv-LV\"},{\"@type\":\"Organization\",\"@id\":\"https:\/\/cosmetic.lv\/lv\/#organization\",\"name\":\"COSMETIC.LV\",\"url\":\"https:\/\/cosmetic.lv\/lv\/\",\"logo\":{\"@type\":\"ImageObject\",\"inLanguage\":\"lv-LV\",\"@id\":\"https:\/\/cosmetic.lv\/lv\/#\/schema\/logo\/image\/\",\"url\":\"https:\/\/cosmetic.lv\/wp-content\/uploads\/2021\/02\/cosmetic.lv_logo.jpg\",\"contentUrl\":\"https:\/\/cosmetic.lv\/wp-content\/uploads\/2021\/02\/cosmetic.lv_logo.jpg\",\"width\":596,\"height\":196,\"caption\":\"COSMETIC.LV\"},\"image\":{\"@id\":\"https:\/\/cosmetic.lv\/lv\/#\/schema\/logo\/image\/\"},\"sameAs\":[\"https:\/\/www.facebook.com\/cosmetic.lv\/\"]}]}<\/script>\n<meta property=\"product:price:amount\" content=\"41.34\" \/>\n<meta property=\"product:price:currency\" content=\"EUR\" \/>\n<meta property=\"og:availability\" content=\"instock\" \/>\n<meta property=\"product:availability\" content=\"instock\" \/>\n<meta property=\"product:retailer_item_id\" content=\"351508\" \/>\n<meta property=\"product:condition\" content=\"new\" \/>\n<!-- \/ Yoast SEO Premium plugin. -->","yoast_head_json":{"title":"YL Cinnamon Bark (Kaneles) Cinnamomum verum P\u0101rpiln\u012bba 5ml - cosmetic.lv","robots":{"index":"index","follow":"follow","max-snippet":"max-snippet:-1","max-image-preview":"max-image-preview:large","max-video-preview":"max-video-preview:-1"},"canonical":"https:\/\/cosmetic.lv\/lv\/product\/yl-cinnamon-bark-kaneles-cinnamomum-verum-parpilniba-5ml\/","og_locale":"lv_LV","og_type":"article","og_title":"YL Cinnamon Bark (Kaneles) Cinnamomum verum P\u0101rpiln\u012bba 5ml","og_description":"Kan\u0113\u013ca miza. Cinnamomum verum. Kora miza Bot\u0101nisk\u0101 \u0123imene: Lauraceae (bayberry) Izcelsmes valsts: \u0160rilanka, Madagaskara, Ceilons Akt\u012bv\u0101s vielas: Trans-Cinnamaldehyde (40-30%) Eugenols","og_url":"https:\/\/cosmetic.lv\/lv\/product\/yl-cinnamon-bark-kaneles-cinnamomum-verum-parpilniba-5ml\/","og_site_name":"cosmetic.lv","article_publisher":"https:\/\/www.facebook.com\/cosmetic.lv\/","article_modified_time":"2021-02-11T20:53:16+00:00","og_image":[{"width":97,"height":240,"url":"https:\/\/cosmetic.lv\/wp-content\/uploads\/2021\/02\/cinnamon-bark-kopris-4.jpg","type":"image\/jpeg"}],"twitter_card":"summary_large_image","schema":{"@context":"https:\/\/schema.org","@graph":[{"@type":"WebPage","@id":"https:\/\/cosmetic.lv\/lv\/product\/yl-cinnamon-bark-kaneles-cinnamomum-verum-parpilniba-5ml\/","url":"https:\/\/cosmetic.lv\/lv\/product\/yl-cinnamon-bark-kaneles-cinnamomum-verum-parpilniba-5ml\/","name":"YL Cinnamon Bark (Kaneles) Cinnamomum verum P\u0101rpiln\u012bba 5ml - cosmetic.lv","isPartOf":{"@id":"https:\/\/cosmetic.lv\/lv\/#website"},"primaryImageOfPage":{"@id":"https:\/\/cosmetic.lv\/lv\/product\/yl-cinnamon-bark-kaneles-cinnamomum-verum-parpilniba-5ml\/#primaryimage"},"image":{"@id":"https:\/\/cosmetic.lv\/lv\/product\/yl-cinnamon-bark-kaneles-cinnamomum-verum-parpilniba-5ml\/#primaryimage"},"thumbnailUrl":"https:\/\/cosmetic.lv\/wp-content\/uploads\/2021\/02\/cinnamon-bark-kopris-4.jpg","datePublished":"2021-02-06T17:55:35+00:00","dateModified":"2021-02-11T20:53:16+00:00","breadcrumb":{"@id":"https:\/\/cosmetic.lv\/lv\/product\/yl-cinnamon-bark-kaneles-cinnamomum-verum-parpilniba-5ml\/#breadcrumb"},"inLanguage":"lv-LV","potentialAction":[{"@type":"ReadAction","target":["https:\/\/cosmetic.lv\/lv\/product\/yl-cinnamon-bark-kaneles-cinnamomum-verum-parpilniba-5ml\/"]}]},{"@type":"ImageObject","inLanguage":"lv-LV","@id":"https:\/\/cosmetic.lv\/lv\/product\/yl-cinnamon-bark-kaneles-cinnamomum-verum-parpilniba-5ml\/#primaryimage","url":"https:\/\/cosmetic.lv\/wp-content\/uploads\/2021\/02\/cinnamon-bark-kopris-4.jpg","contentUrl":"https:\/\/cosmetic.lv\/wp-content\/uploads\/2021\/02\/cinnamon-bark-kopris-4.jpg","width":97,"height":240,"caption":"cinnamon-bark-kopris.jpg"},{"@type":"BreadcrumbList","@id":"https:\/\/cosmetic.lv\/lv\/product\/yl-cinnamon-bark-kaneles-cinnamomum-verum-parpilniba-5ml\/#breadcrumb","itemListElement":[{"@type":"ListItem","position":1,"name":"Home","item":"https:\/\/cosmetic.lv\/lv\/"},{"@type":"ListItem","position":2,"name":"Veikals","item":"https:\/\/cosmetic.lv\/lv\/veiklas\/"},{"@type":"ListItem","position":3,"name":"YL Cinnamon Bark (Kaneles) Cinnamomum verum P\u0101rpiln\u012bba 5ml"}]},{"@type":"WebSite","@id":"https:\/\/cosmetic.lv\/lv\/#website","url":"https:\/\/cosmetic.lv\/lv\/","name":"cosmetic.lv","description":"Profesion\u0101la kosm\u0113tika - Maria Galland, Keune, Arkadija, GMT, Guam, Magiray","publisher":{"@id":"https:\/\/cosmetic.lv\/lv\/#organization"},"potentialAction":[{"@type":"SearchAction","target":{"@type":"EntryPoint","urlTemplate":"https:\/\/cosmetic.lv\/lv\/?s={search_term_string}"},"query-input":{"@type":"PropertyValueSpecification","valueRequired":true,"valueName":"search_term_string"}}],"inLanguage":"lv-LV"},{"@type":"Organization","@id":"https:\/\/cosmetic.lv\/lv\/#organization","name":"COSMETIC.LV","url":"https:\/\/cosmetic.lv\/lv\/","logo":{"@type":"ImageObject","inLanguage":"lv-LV","@id":"https:\/\/cosmetic.lv\/lv\/#\/schema\/logo\/image\/","url":"https:\/\/cosmetic.lv\/wp-content\/uploads\/2021\/02\/cosmetic.lv_logo.jpg","contentUrl":"https:\/\/cosmetic.lv\/wp-content\/uploads\/2021\/02\/cosmetic.lv_logo.jpg","width":596,"height":196,"caption":"COSMETIC.LV"},"image":{"@id":"https:\/\/cosmetic.lv\/lv\/#\/schema\/logo\/image\/"},"sameAs":["https:\/\/www.facebook.com\/cosmetic.lv\/"]}]},"product_price_amount":"41.34","product_price_currency":"EUR","og_availability":"instock","product_availability":"instock","product_retailer_item_id":"351508","product_condition":"new"},"_links":{"self":[{"href":"https:\/\/cosmetic.lv\/lv\/wp-json\/wp\/v2\/product\/34635","targetHints":{"allow":["GET"]}}],"collection":[{"href":"https:\/\/cosmetic.lv\/lv\/wp-json\/wp\/v2\/product"}],"about":[{"href":"https:\/\/cosmetic.lv\/lv\/wp-json\/wp\/v2\/types\/product"}],"wp:featuredmedia":[{"embeddable":true,"href":"https:\/\/cosmetic.lv\/lv\/wp-json\/wp\/v2\/media\/17013"}],"wp:attachment":[{"href":"https:\/\/cosmetic.lv\/lv\/wp-json\/wp\/v2\/media?parent=34635"}],"wp:term":[{"taxonomy":"product_brand","embeddable":true,"href":"https:\/\/cosmetic.lv\/lv\/wp-json\/wp\/v2\/product_brand?post=34635"},{"taxonomy":"product_cat","embeddable":true,"href":"https:\/\/cosmetic.lv\/lv\/wp-json\/wp\/v2\/product_cat?post=34635"},{"taxonomy":"product_tag","embeddable":true,"href":"https:\/\/cosmetic.lv\/lv\/wp-json\/wp\/v2\/product_tag?post=34635"}],"curies":[{"name":"wp","href":"https:\/\/api.w.org\/{rel}","templated":true}]}}