{"id":34636,"date":"2021-02-05T22:43:32","date_gmt":"2021-02-06T17:55:35","guid":{"rendered":"https:\/\/damme.lv\/product\/yl-citronella-citronella-atsvaidzina-un-pacel-garastavokli-15-ml\/"},"modified":"2021-02-11T22:53:17","modified_gmt":"2021-02-11T20:53:17","slug":"yl-citronella-citronella-atsvaidzina-un-pacel-garastavokli-15-ml","status":"publish","type":"product","link":"https:\/\/cosmetic.lv\/lv\/product\/yl-citronella-citronella-atsvaidzina-un-pacel-garastavokli-15-ml\/","title":{"rendered":"YL Citronella (Citronella) atsvaidzina un pace\u013c garast\u0101vokli 15 ML"},"content":{"rendered":"<p>Citronella. Cymbopogon nardus.<\/p>\n<p> Izcelsmes valsts: Sri Lanka<\/p>\n<p> Darbojas vielas:<\/p>\n<p>    Geraniols (18-30%)<br \/>\n    Limon\u0113ns (5-10%)<br \/>\n    Trans-metila izoeugenols<br \/>\n    (4-10%) Geranilacet\u0101ts<br \/>\n    (5-10%) borneols (3-8%)<\/p>\n<p> \u0100rstniecisk\u0101s \u012bpa\u0161\u012bbas: sp\u0113c\u012bgs antioksidants, antibakteri\u0101lais, antiv\u012brusu, anti-infekcijas, antiseptisks, antiparazit\u0101rie (helst\u012bti), atmosf\u0113ras, dezodorants, insektic\u012bds, relaks\u0113jo\u0161s l\u012bdzeklis, skin regener\u0101cija, skin rejuvenation, regul\u0113 cilmes veido\u0161an\u0101s, seboregul\u0101cija, regul\u0113 appetitu, att\u012bra organismu no sl\u0101\u0146iem.<\/p>\n<p> Ja k\u0101ds no slim\u012bb\u0101m lieto: respirator\u0101s infekcijas, , plau\u0161u v\u0113zis, galvass\u0101pes, migr\u0113na, musku\u013cu s\u0101pes, nervu s\u0101pes, neliela infekcija, nev\u0101r\u0123ija, digestive problems, intestinal disorders, pimples, acne, eczema, oily skin, skin agglutination, expanded pores, dry skin, problem skin, wrinkles, waving of the skin, skin aging, skin relief alignment, anxiety, anxiety, fatigue, strong sweating.<\/p>\n<p> Ietekme uz pr\u0101tu: \u0161\u012b svaig\u0101 lemonveida arom\u0101ts atsvaidzina un paaugstina mieru.<\/p>\n<p> Kompleks\u0113jo\u0161i \u0113terisk\u0101s e\u013c\u013cas: papagaili, cirata, gvinega, ilang-ylang, vetivera, sandal\u0113, inc\u012btis, melnie pipari, \u0137iparis, bazilika, jun\u010de\u013cl\u012bns, beis, lavanda, limete, m\u012bts, galalds, firts, rozmar\u012bns, t\u0113jants (s\u012bpelis) geranium, lemon, bergamot, apelsins, cedar, pine.<\/p>\n<p>15 ML<\/p>\n","protected":false},"excerpt":{"rendered":"<p>Citronella. Cymbopogon nardus. Izcelsmes valsts: Sri Lanka Darbojas vielas: Geraniols (18-30%) Limon\u0113ns (5-10%) Trans-metila izoeugenols (4-10%) Geranilacet\u0101ts (5-10%) borneols (3-8%)<\/p>\n","protected":false},"featured_media":10577,"template":"","meta":[],"product_brand":[],"product_cat":[2186,2193],"product_tag":[],"class_list":{"0":"post-34636","1":"product","2":"type-product","3":"status-publish","4":"has-post-thumbnail","6":"product_cat-young-living-eteriskas-ellas-un-kosmetika-augstas-kvalitates","7":"product_cat-eteriskas-ellas-lv","9":"first","10":"instock","11":"taxable","12":"shipping-taxable","13":"purchasable","14":"product-type-simple"},"yoast_head":"<!-- This site is optimized with the Yoast SEO Premium plugin v27.0 (Yoast SEO v27.0) - https:\/\/yoast.com\/product\/yoast-seo-premium-wordpress\/ -->\n<title>YL Citronella (Citronella) atsvaidzina un pace\u013c garast\u0101vokli 15 ML - cosmetic.lv<\/title>\n<meta name=\"robots\" content=\"index, follow, max-snippet:-1, max-image-preview:large, max-video-preview:-1\" \/>\n<link rel=\"canonical\" href=\"https:\/\/cosmetic.lv\/lv\/product\/yl-citronella-citronella-atsvaidzina-un-pacel-garastavokli-15-ml\/\" \/>\n<meta property=\"og:locale\" content=\"lv_LV\" \/>\n<meta property=\"og:type\" content=\"article\" \/>\n<meta property=\"og:title\" content=\"YL Citronella (Citronella) atsvaidzina un pace\u013c garast\u0101vokli 15 ML\" \/>\n<meta property=\"og:description\" content=\"Citronella. Cymbopogon nardus. Izcelsmes valsts: Sri Lanka Darbojas vielas: Geraniols (18-30%) Limon\u0113ns (5-10%) Trans-metila izoeugenols (4-10%) Geranilacet\u0101ts (5-10%) borneols (3-8%)\" \/>\n<meta property=\"og:url\" content=\"https:\/\/cosmetic.lv\/lv\/product\/yl-citronella-citronella-atsvaidzina-un-pacel-garastavokli-15-ml\/\" \/>\n<meta property=\"og:site_name\" content=\"cosmetic.lv\" \/>\n<meta property=\"article:publisher\" content=\"https:\/\/www.facebook.com\/cosmetic.lv\/\" \/>\n<meta property=\"article:modified_time\" content=\"2021-02-11T20:53:17+00:00\" \/>\n<meta property=\"og:image\" content=\"https:\/\/cosmetic.lv\/wp-content\/uploads\/2021\/02\/citronella-syl.jpg\" \/>\n\t<meta property=\"og:image:width\" content=\"100\" \/>\n\t<meta property=\"og:image:height\" content=\"240\" \/>\n\t<meta property=\"og:image:type\" content=\"image\/jpeg\" \/>\n<meta name=\"twitter:card\" content=\"summary_large_image\" \/>\n<script type=\"application\/ld+json\" class=\"yoast-schema-graph\">{\"@context\":\"https:\/\/schema.org\",\"@graph\":[{\"@type\":\"WebPage\",\"@id\":\"https:\/\/cosmetic.lv\/lv\/product\/yl-citronella-citronella-atsvaidzina-un-pacel-garastavokli-15-ml\/\",\"url\":\"https:\/\/cosmetic.lv\/lv\/product\/yl-citronella-citronella-atsvaidzina-un-pacel-garastavokli-15-ml\/\",\"name\":\"YL Citronella (Citronella) atsvaidzina un pace\u013c garast\u0101vokli 15 ML - cosmetic.lv\",\"isPartOf\":{\"@id\":\"https:\/\/cosmetic.lv\/lv\/#website\"},\"primaryImageOfPage\":{\"@id\":\"https:\/\/cosmetic.lv\/lv\/product\/yl-citronella-citronella-atsvaidzina-un-pacel-garastavokli-15-ml\/#primaryimage\"},\"image\":{\"@id\":\"https:\/\/cosmetic.lv\/lv\/product\/yl-citronella-citronella-atsvaidzina-un-pacel-garastavokli-15-ml\/#primaryimage\"},\"thumbnailUrl\":\"https:\/\/cosmetic.lv\/wp-content\/uploads\/2021\/02\/citronella-syl.jpg\",\"datePublished\":\"2021-02-06T17:55:35+00:00\",\"dateModified\":\"2021-02-11T20:53:17+00:00\",\"breadcrumb\":{\"@id\":\"https:\/\/cosmetic.lv\/lv\/product\/yl-citronella-citronella-atsvaidzina-un-pacel-garastavokli-15-ml\/#breadcrumb\"},\"inLanguage\":\"lv-LV\",\"potentialAction\":[{\"@type\":\"ReadAction\",\"target\":[\"https:\/\/cosmetic.lv\/lv\/product\/yl-citronella-citronella-atsvaidzina-un-pacel-garastavokli-15-ml\/\"]}]},{\"@type\":\"ImageObject\",\"inLanguage\":\"lv-LV\",\"@id\":\"https:\/\/cosmetic.lv\/lv\/product\/yl-citronella-citronella-atsvaidzina-un-pacel-garastavokli-15-ml\/#primaryimage\",\"url\":\"https:\/\/cosmetic.lv\/wp-content\/uploads\/2021\/02\/citronella-syl.jpg\",\"contentUrl\":\"https:\/\/cosmetic.lv\/wp-content\/uploads\/2021\/02\/citronella-syl.jpg\",\"width\":100,\"height\":240,\"caption\":\"citronella-sYL.jpg\"},{\"@type\":\"BreadcrumbList\",\"@id\":\"https:\/\/cosmetic.lv\/lv\/product\/yl-citronella-citronella-atsvaidzina-un-pacel-garastavokli-15-ml\/#breadcrumb\",\"itemListElement\":[{\"@type\":\"ListItem\",\"position\":1,\"name\":\"Home\",\"item\":\"https:\/\/cosmetic.lv\/lv\/\"},{\"@type\":\"ListItem\",\"position\":2,\"name\":\"Veikals\",\"item\":\"https:\/\/cosmetic.lv\/lv\/veiklas\/\"},{\"@type\":\"ListItem\",\"position\":3,\"name\":\"YL Citronella (Citronella) atsvaidzina un pace\u013c garast\u0101vokli 15 ML\"}]},{\"@type\":\"WebSite\",\"@id\":\"https:\/\/cosmetic.lv\/lv\/#website\",\"url\":\"https:\/\/cosmetic.lv\/lv\/\",\"name\":\"cosmetic.lv\",\"description\":\"Profesion\u0101la kosm\u0113tika - Maria Galland, Keune, Arkadija, GMT, Guam, Magiray\",\"publisher\":{\"@id\":\"https:\/\/cosmetic.lv\/lv\/#organization\"},\"potentialAction\":[{\"@type\":\"SearchAction\",\"target\":{\"@type\":\"EntryPoint\",\"urlTemplate\":\"https:\/\/cosmetic.lv\/lv\/?s={search_term_string}\"},\"query-input\":{\"@type\":\"PropertyValueSpecification\",\"valueRequired\":true,\"valueName\":\"search_term_string\"}}],\"inLanguage\":\"lv-LV\"},{\"@type\":\"Organization\",\"@id\":\"https:\/\/cosmetic.lv\/lv\/#organization\",\"name\":\"COSMETIC.LV\",\"url\":\"https:\/\/cosmetic.lv\/lv\/\",\"logo\":{\"@type\":\"ImageObject\",\"inLanguage\":\"lv-LV\",\"@id\":\"https:\/\/cosmetic.lv\/lv\/#\/schema\/logo\/image\/\",\"url\":\"https:\/\/cosmetic.lv\/wp-content\/uploads\/2021\/02\/cosmetic.lv_logo.jpg\",\"contentUrl\":\"https:\/\/cosmetic.lv\/wp-content\/uploads\/2021\/02\/cosmetic.lv_logo.jpg\",\"width\":596,\"height\":196,\"caption\":\"COSMETIC.LV\"},\"image\":{\"@id\":\"https:\/\/cosmetic.lv\/lv\/#\/schema\/logo\/image\/\"},\"sameAs\":[\"https:\/\/www.facebook.com\/cosmetic.lv\/\"]}]}<\/script>\n<meta property=\"product:price:amount\" content=\"17.14\" \/>\n<meta property=\"product:price:currency\" content=\"EUR\" \/>\n<meta property=\"og:availability\" content=\"instock\" \/>\n<meta property=\"product:availability\" content=\"instock\" \/>\n<meta property=\"product:retailer_item_id\" content=\"532308\" \/>\n<meta property=\"product:condition\" content=\"new\" \/>\n<!-- \/ Yoast SEO Premium plugin. -->","yoast_head_json":{"title":"YL Citronella (Citronella) atsvaidzina un pace\u013c garast\u0101vokli 15 ML - cosmetic.lv","robots":{"index":"index","follow":"follow","max-snippet":"max-snippet:-1","max-image-preview":"max-image-preview:large","max-video-preview":"max-video-preview:-1"},"canonical":"https:\/\/cosmetic.lv\/lv\/product\/yl-citronella-citronella-atsvaidzina-un-pacel-garastavokli-15-ml\/","og_locale":"lv_LV","og_type":"article","og_title":"YL Citronella (Citronella) atsvaidzina un pace\u013c garast\u0101vokli 15 ML","og_description":"Citronella. Cymbopogon nardus. Izcelsmes valsts: Sri Lanka Darbojas vielas: Geraniols (18-30%) Limon\u0113ns (5-10%) Trans-metila izoeugenols (4-10%) Geranilacet\u0101ts (5-10%) borneols (3-8%)","og_url":"https:\/\/cosmetic.lv\/lv\/product\/yl-citronella-citronella-atsvaidzina-un-pacel-garastavokli-15-ml\/","og_site_name":"cosmetic.lv","article_publisher":"https:\/\/www.facebook.com\/cosmetic.lv\/","article_modified_time":"2021-02-11T20:53:17+00:00","og_image":[{"width":100,"height":240,"url":"https:\/\/cosmetic.lv\/wp-content\/uploads\/2021\/02\/citronella-syl.jpg","type":"image\/jpeg"}],"twitter_card":"summary_large_image","schema":{"@context":"https:\/\/schema.org","@graph":[{"@type":"WebPage","@id":"https:\/\/cosmetic.lv\/lv\/product\/yl-citronella-citronella-atsvaidzina-un-pacel-garastavokli-15-ml\/","url":"https:\/\/cosmetic.lv\/lv\/product\/yl-citronella-citronella-atsvaidzina-un-pacel-garastavokli-15-ml\/","name":"YL Citronella (Citronella) atsvaidzina un pace\u013c garast\u0101vokli 15 ML - cosmetic.lv","isPartOf":{"@id":"https:\/\/cosmetic.lv\/lv\/#website"},"primaryImageOfPage":{"@id":"https:\/\/cosmetic.lv\/lv\/product\/yl-citronella-citronella-atsvaidzina-un-pacel-garastavokli-15-ml\/#primaryimage"},"image":{"@id":"https:\/\/cosmetic.lv\/lv\/product\/yl-citronella-citronella-atsvaidzina-un-pacel-garastavokli-15-ml\/#primaryimage"},"thumbnailUrl":"https:\/\/cosmetic.lv\/wp-content\/uploads\/2021\/02\/citronella-syl.jpg","datePublished":"2021-02-06T17:55:35+00:00","dateModified":"2021-02-11T20:53:17+00:00","breadcrumb":{"@id":"https:\/\/cosmetic.lv\/lv\/product\/yl-citronella-citronella-atsvaidzina-un-pacel-garastavokli-15-ml\/#breadcrumb"},"inLanguage":"lv-LV","potentialAction":[{"@type":"ReadAction","target":["https:\/\/cosmetic.lv\/lv\/product\/yl-citronella-citronella-atsvaidzina-un-pacel-garastavokli-15-ml\/"]}]},{"@type":"ImageObject","inLanguage":"lv-LV","@id":"https:\/\/cosmetic.lv\/lv\/product\/yl-citronella-citronella-atsvaidzina-un-pacel-garastavokli-15-ml\/#primaryimage","url":"https:\/\/cosmetic.lv\/wp-content\/uploads\/2021\/02\/citronella-syl.jpg","contentUrl":"https:\/\/cosmetic.lv\/wp-content\/uploads\/2021\/02\/citronella-syl.jpg","width":100,"height":240,"caption":"citronella-sYL.jpg"},{"@type":"BreadcrumbList","@id":"https:\/\/cosmetic.lv\/lv\/product\/yl-citronella-citronella-atsvaidzina-un-pacel-garastavokli-15-ml\/#breadcrumb","itemListElement":[{"@type":"ListItem","position":1,"name":"Home","item":"https:\/\/cosmetic.lv\/lv\/"},{"@type":"ListItem","position":2,"name":"Veikals","item":"https:\/\/cosmetic.lv\/lv\/veiklas\/"},{"@type":"ListItem","position":3,"name":"YL Citronella (Citronella) atsvaidzina un pace\u013c garast\u0101vokli 15 ML"}]},{"@type":"WebSite","@id":"https:\/\/cosmetic.lv\/lv\/#website","url":"https:\/\/cosmetic.lv\/lv\/","name":"cosmetic.lv","description":"Profesion\u0101la kosm\u0113tika - Maria Galland, Keune, Arkadija, GMT, Guam, Magiray","publisher":{"@id":"https:\/\/cosmetic.lv\/lv\/#organization"},"potentialAction":[{"@type":"SearchAction","target":{"@type":"EntryPoint","urlTemplate":"https:\/\/cosmetic.lv\/lv\/?s={search_term_string}"},"query-input":{"@type":"PropertyValueSpecification","valueRequired":true,"valueName":"search_term_string"}}],"inLanguage":"lv-LV"},{"@type":"Organization","@id":"https:\/\/cosmetic.lv\/lv\/#organization","name":"COSMETIC.LV","url":"https:\/\/cosmetic.lv\/lv\/","logo":{"@type":"ImageObject","inLanguage":"lv-LV","@id":"https:\/\/cosmetic.lv\/lv\/#\/schema\/logo\/image\/","url":"https:\/\/cosmetic.lv\/wp-content\/uploads\/2021\/02\/cosmetic.lv_logo.jpg","contentUrl":"https:\/\/cosmetic.lv\/wp-content\/uploads\/2021\/02\/cosmetic.lv_logo.jpg","width":596,"height":196,"caption":"COSMETIC.LV"},"image":{"@id":"https:\/\/cosmetic.lv\/lv\/#\/schema\/logo\/image\/"},"sameAs":["https:\/\/www.facebook.com\/cosmetic.lv\/"]}]},"product_price_amount":"17.14","product_price_currency":"EUR","og_availability":"instock","product_availability":"instock","product_retailer_item_id":"532308","product_condition":"new"},"_links":{"self":[{"href":"https:\/\/cosmetic.lv\/lv\/wp-json\/wp\/v2\/product\/34636","targetHints":{"allow":["GET"]}}],"collection":[{"href":"https:\/\/cosmetic.lv\/lv\/wp-json\/wp\/v2\/product"}],"about":[{"href":"https:\/\/cosmetic.lv\/lv\/wp-json\/wp\/v2\/types\/product"}],"wp:featuredmedia":[{"embeddable":true,"href":"https:\/\/cosmetic.lv\/lv\/wp-json\/wp\/v2\/media\/10577"}],"wp:attachment":[{"href":"https:\/\/cosmetic.lv\/lv\/wp-json\/wp\/v2\/media?parent=34636"}],"wp:term":[{"taxonomy":"product_brand","embeddable":true,"href":"https:\/\/cosmetic.lv\/lv\/wp-json\/wp\/v2\/product_brand?post=34636"},{"taxonomy":"product_cat","embeddable":true,"href":"https:\/\/cosmetic.lv\/lv\/wp-json\/wp\/v2\/product_cat?post=34636"},{"taxonomy":"product_tag","embeddable":true,"href":"https:\/\/cosmetic.lv\/lv\/wp-json\/wp\/v2\/product_tag?post=34636"}],"curies":[{"name":"wp","href":"https:\/\/api.w.org\/{rel}","templated":true}]}}