{"id":34637,"date":"2021-02-05T22:43:32","date_gmt":"2021-02-06T17:55:35","guid":{"rendered":"https:\/\/damme.lv\/product\/yl-everyday-oils-kit-10-eteriskas-ellas-un-maisijumiem\/"},"modified":"2021-02-11T22:39:04","modified_gmt":"2021-02-11T20:39:04","slug":"yl-everyday-oils-kit-10-eteriskas-ellas-un-maisijumiem","status":"publish","type":"product","link":"https:\/\/cosmetic.lv\/lv\/product\/yl-everyday-oils-kit-10-eteriskas-ellas-un-maisijumiem\/","title":{"rendered":"YL Everyday Oils Kit 10 \u0112TERISK\u0100S E\u013b\u013bAS UN MAIS\u012aJUMIEM"},"content":{"rendered":"<p>Apraksts<br \/>\nIkdienas e\u013c\u013cas kolekcija no 10 \u0113terisko e\u013c\u013cu un mais\u012bjumiem<\/p>\n<p>E\u013c\u013cu komplekti vienm\u0113r ir izdev\u012bgi, jo komplekta izmaksas ir daudz maz\u0101kas par visu e\u013c\u013cu summu atsevi\u0161\u0137i. Un \u0161is komplekts ir paredz\u0113ts, lai nodro\u0161in\u0101tu, ka b\u016btiskas \u0113terisk\u0101s e\u013c\u013cas ir katr\u0101 m\u0101j\u0101.<\/p>\n<p>PanAway ir \u0113terisko e\u013c\u013cu mais\u012bjums, kas sast\u0101v no ziemas, ziedlapi\u0146as, ne\u013c\u0137es, piparm\u0113tras. Mais\u012bjums ir \u012bpa\u0161i paredz\u0113ts visiem s\u0101pju gad\u012bjumiem. Samazina mugurkaula un loc\u012btavu s\u0101pes, uzlabo asinsriti, no\u0146em musku\u013cus no piensk\u0101bes, pal\u012bdz sadurt loc\u012btavu piet\u016bkumu, palielina to iztur\u012bbu un elast\u012bbu. Piesakies uz s\u0101p\u012bbas vietu.<\/p>\n<p>Zag\u013ci ir mais\u012bjums, kas sast\u0101v no e\u013c\u013c\u0101m, krustnagli\u0146iem, citronu, eikaliptu un rozmar\u012bnu. Tika veikti p\u0113t\u012bjumi, kuros tika pier\u0101d\u012bts, ka \u0112das \u0113terisk\u0101s e\u013c\u013cas nogalina 99, 96% bakt\u0113riju gais\u0101. Piesakies pie k\u0101j\u0101m, kr\u016bt\u012bm, kakla un muguras, tas attiecas gan uz b\u0113rniem, gan pieaugu\u0161ajiem. Pieaugu\u0161ie var to lietot iek\u0161\u0101 kapsul\u0101. Labi lietojams Diffuser.<br \/>\nUz kr\u016bt\u012bm uz kr\u016bt\u012bm var izrais\u012bt nelielu aps\u0101rtumu, at\u0161\u0137aid\u012bt ar ol\u012bve\u013c\u013cu. Zag\u013ci ir efekt\u012bvs l\u012bdzeklis saaukst\u0113\u0161an\u0101s un gripas apkaro\u0161anai.<\/p>\n<p>Lavanda &#8211; lavandas e\u013c\u013ca ir paz\u012bstama k\u0101 &#8220;univers\u0101la e\u013c\u013ca&#8221;. Ja j\u016bs nezin\u0101t, ko lietot vai k\u0101du e\u013c\u013cu lietot, j\u016btieties br\u012bvi lietot lavandu. Tas ir labs gandr\u012bz visam. Nomierina, atsl\u0101bina, vec\u0101ki vislab\u0101k nov\u0113rt\u0113 vi\u0146u, jo sp\u0113ja \u0101tri sadz\u012bt br\u016bces, aptur\u0113t asinsriti, dezinfic\u0113t, no\u0146emt s\u0101pes, tikt gal\u0101 ar apdegumiem, mazin\u0101t iekaisumu un nomierin\u0101t b\u0113rnus, kuriem ir piet\u016bkums.<\/p>\n<p>Piparm\u0113tra &#8211; piparm\u0113tru \u0113terisk\u0101 e\u013c\u013ca tiek izmantota, lai nomierin\u0101tu jebk\u0101du diskomfortu v\u0113der\u0101, ar gremo\u0161anas trauc\u0113jumiem, saind\u0113\u0161anos, kolikas un sliktu d\u016b\u0161u, galvass\u0101p\u0113m un s\u0101p\u0113m. Izmantojiet, lai samazin\u0101tu temperat\u016bru, ik p\u0113c 15 min\u016bt\u0113m j\u0101pieliek da\u017ei pilieni uz k\u0101j\u0101m, l\u012bdz temperat\u016bra nokr\u012btas. Tas ar\u012b pal\u012bdz koncentr\u0113ties, izsmidzinot Diffuser, veicot m\u0101jas darbus.<\/p>\n<p>Stresa prom (Antistresa) &#8211; \u0113terisko e\u013c\u013cu mais\u012bjums tika izveidots, lai pal\u012bdz\u0113tu atbr\u012bvoties no ikdienas dz\u012bves noslodz\u0113m. Mais\u012bjums ir piem\u0113rots visiem stresa veidiem, ieskaitot stresu, kas rodas no noguruma, kairin\u0101juma, bezmiega.<\/p>\n<p>T\u0113jas koka &#8211; sp\u0113c\u012bga antibakteri\u0101la, prets\u0113n\u012b\u0161u, pretv\u012brusu, antiseptiska \u0113terisk\u0101 e\u013c\u013ca, visbie\u017e\u0101k lietot\u0101 p\u016bt\u012btes pasaul\u0113, \u0101rst\u0113\u0161anai, ar s\u0113n\u012b\u0161u infekciju un saaukst\u0113\u0161anos.<\/p>\n<p>Citronu &#8211; citronu, \u0113terisko e\u013c\u013cu, kas veicina piedo\u0161anu, palielina koncentr\u0101ciju, paaugstina garast\u0101vokli, att\u012bra limf\u0101tisko sist\u0113mu, att\u012bra aknas un \u017eultsp\u016b\u0161\u013cus.<\/p>\n<p>Joy (Joy) &#8211; \u0113terisko e\u013c\u013cu mais\u012bjums, pirm\u0101 atbilde uz to &#8211; cilv\u0113ks s\u0101k m\u012bl\u0113t sevi vair\u0101k, kas noz\u012bm\u0113 vair\u0101k, lai dotu m\u012blest\u012bbu. E\u013c\u013ca veicina m\u012blest\u012bbas, laimes, pa\u0161apzi\u0146as izj\u016btu att\u012bst\u012bbu. Pal\u012bdz atbr\u012bvot sird\u012b un plau\u0161\u0101s saglab\u0101to s\u0101p\u012bbu un depresiju.<\/p>\n<p>Att\u012br\u012b\u0161ana &#8211; \u0113terisko e\u013c\u013cu mais\u012bjums, att\u012bra alerg\u0113nu, toks\u012bnu un pel\u0113juma telpa, k\u0101 ar\u012b ener\u0123ijas pl\u0101n\u0101 &#8211; atbr\u012bvo vietu no s\u016bdz\u012bbu, pretenziju, nesaska\u0146u ener\u0123ijas.<\/p>\n<p>V\u012braks (Harmonija) &#8211; atjauno un uztur imunit\u0101ti, antidepresantu, anti-infekciozu, antiseptisku, aizsarg\u0101 smalku plakni, rada dro\u0161\u012bbas saj\u016btu.<\/p>\n<p>Katrai e\u013c\u013cai ir tilpums 5 ml.<\/p>\n","protected":false},"excerpt":{"rendered":"<p>Apraksts Ikdienas e\u013c\u013cas kolekcija no 10 \u0113terisko e\u013c\u013cu un mais\u012bjumiem E\u013c\u013cu komplekti vienm\u0113r ir izdev\u012bgi, jo komplekta izmaksas ir daudz<\/p>\n","protected":false},"featured_media":17017,"template":"","meta":[],"product_brand":[],"product_cat":[2186,2305],"product_tag":[],"class_list":{"0":"post-34637","1":"product","2":"type-product","3":"status-publish","4":"has-post-thumbnail","6":"product_cat-young-living-eteriskas-ellas-un-kosmetika-augstas-kvalitates","7":"product_cat-komplekti-lv","9":"first","10":"instock","11":"taxable","12":"shipping-taxable","13":"purchasable","14":"product-type-simple"},"yoast_head":"<!-- This site is optimized with the Yoast SEO Premium plugin v27.0 (Yoast SEO v27.0) - https:\/\/yoast.com\/product\/yoast-seo-premium-wordpress\/ -->\n<title>YL Everyday Oils Kit 10 \u0112TERISK\u0100S E\u013b\u013bAS UN MAIS\u012aJUMIEM - cosmetic.lv<\/title>\n<meta name=\"robots\" content=\"index, follow, max-snippet:-1, max-image-preview:large, max-video-preview:-1\" \/>\n<link rel=\"canonical\" href=\"https:\/\/cosmetic.lv\/lv\/product\/yl-everyday-oils-kit-10-eteriskas-ellas-un-maisijumiem\/\" \/>\n<meta property=\"og:locale\" content=\"lv_LV\" \/>\n<meta property=\"og:type\" content=\"article\" \/>\n<meta property=\"og:title\" content=\"YL Everyday Oils Kit 10 \u0112TERISK\u0100S E\u013b\u013bAS UN MAIS\u012aJUMIEM\" \/>\n<meta property=\"og:description\" content=\"Apraksts Ikdienas e\u013c\u013cas kolekcija no 10 \u0113terisko e\u013c\u013cu un mais\u012bjumiem E\u013c\u013cu komplekti vienm\u0113r ir izdev\u012bgi, jo komplekta izmaksas ir daudz\" \/>\n<meta property=\"og:url\" content=\"https:\/\/cosmetic.lv\/lv\/product\/yl-everyday-oils-kit-10-eteriskas-ellas-un-maisijumiem\/\" \/>\n<meta property=\"og:site_name\" content=\"cosmetic.lv\" \/>\n<meta property=\"article:publisher\" content=\"https:\/\/www.facebook.com\/cosmetic.lv\/\" \/>\n<meta property=\"article:modified_time\" content=\"2021-02-11T20:39:04+00:00\" \/>\n<meta property=\"og:image\" content=\"https:\/\/cosmetic.lv\/wp-content\/uploads\/2021\/02\/essential-oils-kit-4.jpg\" \/>\n\t<meta property=\"og:image:width\" content=\"250\" \/>\n\t<meta property=\"og:image:height\" content=\"250\" \/>\n\t<meta property=\"og:image:type\" content=\"image\/jpeg\" \/>\n<meta name=\"twitter:card\" content=\"summary_large_image\" \/>\n<script type=\"application\/ld+json\" class=\"yoast-schema-graph\">{\"@context\":\"https:\/\/schema.org\",\"@graph\":[{\"@type\":\"WebPage\",\"@id\":\"https:\/\/cosmetic.lv\/lv\/product\/yl-everyday-oils-kit-10-eteriskas-ellas-un-maisijumiem\/\",\"url\":\"https:\/\/cosmetic.lv\/lv\/product\/yl-everyday-oils-kit-10-eteriskas-ellas-un-maisijumiem\/\",\"name\":\"YL Everyday Oils Kit 10 \u0112TERISK\u0100S E\u013b\u013bAS UN MAIS\u012aJUMIEM - cosmetic.lv\",\"isPartOf\":{\"@id\":\"https:\/\/cosmetic.lv\/lv\/#website\"},\"primaryImageOfPage\":{\"@id\":\"https:\/\/cosmetic.lv\/lv\/product\/yl-everyday-oils-kit-10-eteriskas-ellas-un-maisijumiem\/#primaryimage\"},\"image\":{\"@id\":\"https:\/\/cosmetic.lv\/lv\/product\/yl-everyday-oils-kit-10-eteriskas-ellas-un-maisijumiem\/#primaryimage\"},\"thumbnailUrl\":\"https:\/\/cosmetic.lv\/wp-content\/uploads\/2021\/02\/essential-oils-kit-4.jpg\",\"datePublished\":\"2021-02-06T17:55:35+00:00\",\"dateModified\":\"2021-02-11T20:39:04+00:00\",\"breadcrumb\":{\"@id\":\"https:\/\/cosmetic.lv\/lv\/product\/yl-everyday-oils-kit-10-eteriskas-ellas-un-maisijumiem\/#breadcrumb\"},\"inLanguage\":\"lv-LV\",\"potentialAction\":[{\"@type\":\"ReadAction\",\"target\":[\"https:\/\/cosmetic.lv\/lv\/product\/yl-everyday-oils-kit-10-eteriskas-ellas-un-maisijumiem\/\"]}]},{\"@type\":\"ImageObject\",\"inLanguage\":\"lv-LV\",\"@id\":\"https:\/\/cosmetic.lv\/lv\/product\/yl-everyday-oils-kit-10-eteriskas-ellas-un-maisijumiem\/#primaryimage\",\"url\":\"https:\/\/cosmetic.lv\/wp-content\/uploads\/2021\/02\/essential-oils-kit-4.jpg\",\"contentUrl\":\"https:\/\/cosmetic.lv\/wp-content\/uploads\/2021\/02\/essential-oils-kit-4.jpg\",\"width\":250,\"height\":250,\"caption\":\"essential-oils-kit.jpg\"},{\"@type\":\"BreadcrumbList\",\"@id\":\"https:\/\/cosmetic.lv\/lv\/product\/yl-everyday-oils-kit-10-eteriskas-ellas-un-maisijumiem\/#breadcrumb\",\"itemListElement\":[{\"@type\":\"ListItem\",\"position\":1,\"name\":\"Home\",\"item\":\"https:\/\/cosmetic.lv\/lv\/\"},{\"@type\":\"ListItem\",\"position\":2,\"name\":\"Veikals\",\"item\":\"https:\/\/cosmetic.lv\/lv\/veiklas\/\"},{\"@type\":\"ListItem\",\"position\":3,\"name\":\"YL Everyday Oils Kit 10 \u0112TERISK\u0100S E\u013b\u013bAS UN MAIS\u012aJUMIEM\"}]},{\"@type\":\"WebSite\",\"@id\":\"https:\/\/cosmetic.lv\/lv\/#website\",\"url\":\"https:\/\/cosmetic.lv\/lv\/\",\"name\":\"cosmetic.lv\",\"description\":\"Profesion\u0101la kosm\u0113tika - Maria Galland, Keune, Arkadija, GMT, Guam, Magiray\",\"publisher\":{\"@id\":\"https:\/\/cosmetic.lv\/lv\/#organization\"},\"potentialAction\":[{\"@type\":\"SearchAction\",\"target\":{\"@type\":\"EntryPoint\",\"urlTemplate\":\"https:\/\/cosmetic.lv\/lv\/?s={search_term_string}\"},\"query-input\":{\"@type\":\"PropertyValueSpecification\",\"valueRequired\":true,\"valueName\":\"search_term_string\"}}],\"inLanguage\":\"lv-LV\"},{\"@type\":\"Organization\",\"@id\":\"https:\/\/cosmetic.lv\/lv\/#organization\",\"name\":\"COSMETIC.LV\",\"url\":\"https:\/\/cosmetic.lv\/lv\/\",\"logo\":{\"@type\":\"ImageObject\",\"inLanguage\":\"lv-LV\",\"@id\":\"https:\/\/cosmetic.lv\/lv\/#\/schema\/logo\/image\/\",\"url\":\"https:\/\/cosmetic.lv\/wp-content\/uploads\/2021\/02\/cosmetic.lv_logo.jpg\",\"contentUrl\":\"https:\/\/cosmetic.lv\/wp-content\/uploads\/2021\/02\/cosmetic.lv_logo.jpg\",\"width\":596,\"height\":196,\"caption\":\"COSMETIC.LV\"},\"image\":{\"@id\":\"https:\/\/cosmetic.lv\/lv\/#\/schema\/logo\/image\/\"},\"sameAs\":[\"https:\/\/www.facebook.com\/cosmetic.lv\/\"]}]}<\/script>\n<meta property=\"product:price:amount\" content=\"432.55\" \/>\n<meta property=\"product:price:currency\" content=\"EUR\" \/>\n<meta property=\"og:availability\" content=\"instock\" \/>\n<meta property=\"product:availability\" content=\"instock\" \/>\n<meta property=\"product:retailer_item_id\" content=\"454108\" \/>\n<meta property=\"product:condition\" content=\"new\" \/>\n<!-- \/ Yoast SEO Premium plugin. -->","yoast_head_json":{"title":"YL Everyday Oils Kit 10 \u0112TERISK\u0100S E\u013b\u013bAS UN MAIS\u012aJUMIEM - cosmetic.lv","robots":{"index":"index","follow":"follow","max-snippet":"max-snippet:-1","max-image-preview":"max-image-preview:large","max-video-preview":"max-video-preview:-1"},"canonical":"https:\/\/cosmetic.lv\/lv\/product\/yl-everyday-oils-kit-10-eteriskas-ellas-un-maisijumiem\/","og_locale":"lv_LV","og_type":"article","og_title":"YL Everyday Oils Kit 10 \u0112TERISK\u0100S E\u013b\u013bAS UN MAIS\u012aJUMIEM","og_description":"Apraksts Ikdienas e\u013c\u013cas kolekcija no 10 \u0113terisko e\u013c\u013cu un mais\u012bjumiem E\u013c\u013cu komplekti vienm\u0113r ir izdev\u012bgi, jo komplekta izmaksas ir daudz","og_url":"https:\/\/cosmetic.lv\/lv\/product\/yl-everyday-oils-kit-10-eteriskas-ellas-un-maisijumiem\/","og_site_name":"cosmetic.lv","article_publisher":"https:\/\/www.facebook.com\/cosmetic.lv\/","article_modified_time":"2021-02-11T20:39:04+00:00","og_image":[{"width":250,"height":250,"url":"https:\/\/cosmetic.lv\/wp-content\/uploads\/2021\/02\/essential-oils-kit-4.jpg","type":"image\/jpeg"}],"twitter_card":"summary_large_image","schema":{"@context":"https:\/\/schema.org","@graph":[{"@type":"WebPage","@id":"https:\/\/cosmetic.lv\/lv\/product\/yl-everyday-oils-kit-10-eteriskas-ellas-un-maisijumiem\/","url":"https:\/\/cosmetic.lv\/lv\/product\/yl-everyday-oils-kit-10-eteriskas-ellas-un-maisijumiem\/","name":"YL Everyday Oils Kit 10 \u0112TERISK\u0100S E\u013b\u013bAS UN MAIS\u012aJUMIEM - cosmetic.lv","isPartOf":{"@id":"https:\/\/cosmetic.lv\/lv\/#website"},"primaryImageOfPage":{"@id":"https:\/\/cosmetic.lv\/lv\/product\/yl-everyday-oils-kit-10-eteriskas-ellas-un-maisijumiem\/#primaryimage"},"image":{"@id":"https:\/\/cosmetic.lv\/lv\/product\/yl-everyday-oils-kit-10-eteriskas-ellas-un-maisijumiem\/#primaryimage"},"thumbnailUrl":"https:\/\/cosmetic.lv\/wp-content\/uploads\/2021\/02\/essential-oils-kit-4.jpg","datePublished":"2021-02-06T17:55:35+00:00","dateModified":"2021-02-11T20:39:04+00:00","breadcrumb":{"@id":"https:\/\/cosmetic.lv\/lv\/product\/yl-everyday-oils-kit-10-eteriskas-ellas-un-maisijumiem\/#breadcrumb"},"inLanguage":"lv-LV","potentialAction":[{"@type":"ReadAction","target":["https:\/\/cosmetic.lv\/lv\/product\/yl-everyday-oils-kit-10-eteriskas-ellas-un-maisijumiem\/"]}]},{"@type":"ImageObject","inLanguage":"lv-LV","@id":"https:\/\/cosmetic.lv\/lv\/product\/yl-everyday-oils-kit-10-eteriskas-ellas-un-maisijumiem\/#primaryimage","url":"https:\/\/cosmetic.lv\/wp-content\/uploads\/2021\/02\/essential-oils-kit-4.jpg","contentUrl":"https:\/\/cosmetic.lv\/wp-content\/uploads\/2021\/02\/essential-oils-kit-4.jpg","width":250,"height":250,"caption":"essential-oils-kit.jpg"},{"@type":"BreadcrumbList","@id":"https:\/\/cosmetic.lv\/lv\/product\/yl-everyday-oils-kit-10-eteriskas-ellas-un-maisijumiem\/#breadcrumb","itemListElement":[{"@type":"ListItem","position":1,"name":"Home","item":"https:\/\/cosmetic.lv\/lv\/"},{"@type":"ListItem","position":2,"name":"Veikals","item":"https:\/\/cosmetic.lv\/lv\/veiklas\/"},{"@type":"ListItem","position":3,"name":"YL Everyday Oils Kit 10 \u0112TERISK\u0100S E\u013b\u013bAS UN MAIS\u012aJUMIEM"}]},{"@type":"WebSite","@id":"https:\/\/cosmetic.lv\/lv\/#website","url":"https:\/\/cosmetic.lv\/lv\/","name":"cosmetic.lv","description":"Profesion\u0101la kosm\u0113tika - Maria Galland, Keune, Arkadija, GMT, Guam, Magiray","publisher":{"@id":"https:\/\/cosmetic.lv\/lv\/#organization"},"potentialAction":[{"@type":"SearchAction","target":{"@type":"EntryPoint","urlTemplate":"https:\/\/cosmetic.lv\/lv\/?s={search_term_string}"},"query-input":{"@type":"PropertyValueSpecification","valueRequired":true,"valueName":"search_term_string"}}],"inLanguage":"lv-LV"},{"@type":"Organization","@id":"https:\/\/cosmetic.lv\/lv\/#organization","name":"COSMETIC.LV","url":"https:\/\/cosmetic.lv\/lv\/","logo":{"@type":"ImageObject","inLanguage":"lv-LV","@id":"https:\/\/cosmetic.lv\/lv\/#\/schema\/logo\/image\/","url":"https:\/\/cosmetic.lv\/wp-content\/uploads\/2021\/02\/cosmetic.lv_logo.jpg","contentUrl":"https:\/\/cosmetic.lv\/wp-content\/uploads\/2021\/02\/cosmetic.lv_logo.jpg","width":596,"height":196,"caption":"COSMETIC.LV"},"image":{"@id":"https:\/\/cosmetic.lv\/lv\/#\/schema\/logo\/image\/"},"sameAs":["https:\/\/www.facebook.com\/cosmetic.lv\/"]}]},"product_price_amount":"432.55","product_price_currency":"EUR","og_availability":"instock","product_availability":"instock","product_retailer_item_id":"454108","product_condition":"new"},"_links":{"self":[{"href":"https:\/\/cosmetic.lv\/lv\/wp-json\/wp\/v2\/product\/34637","targetHints":{"allow":["GET"]}}],"collection":[{"href":"https:\/\/cosmetic.lv\/lv\/wp-json\/wp\/v2\/product"}],"about":[{"href":"https:\/\/cosmetic.lv\/lv\/wp-json\/wp\/v2\/types\/product"}],"wp:featuredmedia":[{"embeddable":true,"href":"https:\/\/cosmetic.lv\/lv\/wp-json\/wp\/v2\/media\/17017"}],"wp:attachment":[{"href":"https:\/\/cosmetic.lv\/lv\/wp-json\/wp\/v2\/media?parent=34637"}],"wp:term":[{"taxonomy":"product_brand","embeddable":true,"href":"https:\/\/cosmetic.lv\/lv\/wp-json\/wp\/v2\/product_brand?post=34637"},{"taxonomy":"product_cat","embeddable":true,"href":"https:\/\/cosmetic.lv\/lv\/wp-json\/wp\/v2\/product_cat?post=34637"},{"taxonomy":"product_tag","embeddable":true,"href":"https:\/\/cosmetic.lv\/lv\/wp-json\/wp\/v2\/product_tag?post=34637"}],"curies":[{"name":"wp","href":"https:\/\/api.w.org\/{rel}","templated":true}]}}