{"id":34638,"date":"2021-02-05T22:43:32","date_gmt":"2021-02-06T17:55:35","guid":{"rendered":"https:\/\/damme.lv\/product\/yl-feeling-kit-jutas\/"},"modified":"2021-02-11T22:39:50","modified_gmt":"2021-02-11T20:39:50","slug":"yl-feeling-kit-jutas","status":"publish","type":"product","link":"https:\/\/cosmetic.lv\/lv\/product\/yl-feeling-kit-jutas\/","title":{"rendered":"YL Feeling Kit (J\u016btas)"},"content":{"rendered":"<p>Kolekcija ietver se\u0161us \u0113teriskos mais\u012bjumus, ko veido Gary Young, Young Living dibin\u0101t\u0101js un izpilddirektors Gary Young, kas veicina fizisko un emocion\u0101lo dziedin\u0101\u0161anu, iek\u0161\u0113jo atjauno\u0161anos.<\/p>\n<p>Valor ir \u0113terisko e\u013c\u013cu mais\u012bjums, kas izveidots, lai l\u012bdzsvarotu visus \u0137erme\u0146a apzin\u0101\u0161an\u0101s laukus (fizisk\u0101s, ener\u0123\u0113tisk\u0101s, emocion\u0101l\u0101s, gar\u012bg\u0101s) ties\u012bbas. Tas pal\u012bdz organismam l\u012bdzsvarot sevi, palielina iek\u0161\u0113jos resursus.<\/p>\n<p>Valoras mais\u012bjums pal\u012bdz iedvesmot un demonstr\u0113t drosmi, uztic\u0113\u0161anos, tic\u012bbu savai v\u0113rt\u012bbai, saskaroties ar neveiksmi.<\/p>\n<p>Harmonija &#8211; \u0113terisko e\u013c\u013cu mais\u012bjums &#8211; rada harmonisku l\u012bdzsvaru cilv\u0113ka \u0137erme\u0146a ener\u0123ijas centriem. Tas noved m\u016bs uz Harmoniju ar vis\u0101m situ\u0101cij\u0101m, cilv\u0113kiem un dz\u012bves ciklu. Stresa l\u012bmenis samazin\u0101s, klied\u0113jot iek\u0161\u0113j\u0101 konflikta saj\u016btu. Un tad ir mierin\u0101jums, mieru un pozit\u012bvu attieksmi &#8211; tie, protams, mudina rad\u012bt skaistumu pasaul\u0113.<\/p>\n<p>Piedo\u0161ana &#8211; \u0113terisko e\u013c\u013cu mais\u012bjums &#8211; pal\u012bdz atbr\u012bvot s\u016bdz\u012bbas un negat\u012bvas emocijas, negat\u012bvas atmi\u0146as, \u013caujot personai iet bez emocion\u0101liem blokiem un par\u0101d\u012bt patiesu piedo\u0161anu un pag\u0101tnes aizie\u0161anu.<\/p>\n<p>\u0112terisk\u0101s e\u013c\u013cas vibr\u0101cijas bie\u017eums Pabeidz\u012bba 192 MHz, un tas tiek uzskat\u012bts par \u013coti augstu \u0113terisko mais\u012bjumu gad\u012bjum\u0101. Sal\u012bdzin\u0101jumam: cilv\u0113ka smadze\u0146u vibr\u0101cijas bie\u017eums ir 71-90 MHz, un m\u016bsu \u0137ermenis ir 62-68 MHz.<\/p>\n<p>Inner Child ir \u0113terisko e\u013c\u013cu mais\u012bjums, kas smar\u017eo un rada komfortu. \u0160is \u0113teriskais mais\u012bjums tika \u012bpa\u0161i izveidots, lai atjaunotu kontaktu ar m\u016bsu iek\u0161\u0113jo b\u0113rnu vai m\u016bsu iek\u0161\u0113jo b\u016bt\u012bbu, kas ir mums.<\/p>\n<p>Atbr\u012bvo\u0161ana \u0112terisko e\u013c\u013cu mais\u012bjums ir efekt\u012bvs l\u012bdzeklis, lai atbr\u012bvotos no negat\u012bv\u0101m un traumatisk\u0101m atmi\u0146\u0101m, kas tiek uzglab\u0101tas \u0161\u016bnu l\u012bmen\u012b; viens no sp\u0113c\u012bg\u0101kajiem mais\u012bjumiem, kas nodro\u0161ina emocion\u0101lu atbalstu.<\/p>\n<p>Pa\u0161reiz\u0113jais laiks \u0112terisko e\u013c\u013cu mais\u012bjums pal\u012bdz uztur\u0113ties pa\u0161reiz\u0113j\u0101 br\u012bd\u012b.<br \/>\nKad m\u0113s dz\u012bvojam n\u0101kotn\u0113 vai apst\u0101jamies pag\u0101tn\u0113, m\u0113s neesam \u0161eit un tagad. Un \u0161obr\u012bd m\u0113s esam izveidoju\u0161i savu n\u0101kotni.<\/p>\n<p>Mais\u012bjums pal\u012bdz\u0113s tiem, kam ir zaud\u0113jumu saj\u016bta, vai tiem, kas dz\u012bvo il\u016bziju pasaul\u0113, lai atgrieztos realit\u0101t\u0113.<\/p>\n<p>Lieliski piem\u0113rots panikas apst\u0101k\u013ciem, kad, k\u0101 likums, pr\u0101ts un \u0137ermenis ir atdal\u012bti; mais\u012bjuma ieelpo\u0161ana atgrie\u017eas l\u012bdz pat br\u012bdim, noved\u012bs l\u012bdzsvaru sapr\u0101t\u012bg\u0101 pr\u0101ta un \u0137erme\u0146a kopum\u0101.<\/p>\n<p>Pa\u0161reiz\u0113jais laiks ietver \u0113terisk\u0101s e\u013c\u013cas: Neroli (Reguli), Blue Spruce (Blue Spruce), Ylang Ylang (Ilang Ylang)<\/p>\n<p>Katram mais\u012bjumam ir tilpums 5 ml.<\/p>\n","protected":false},"excerpt":{"rendered":"<p>Kolekcija ietver se\u0161us \u0113teriskos mais\u012bjumus, ko veido Gary Young, Young Living dibin\u0101t\u0101js un izpilddirektors Gary Young, kas veicina fizisko un<\/p>\n","protected":false},"featured_media":17020,"template":"","meta":[],"product_brand":[],"product_cat":[2186,2305],"product_tag":[],"class_list":{"0":"post-34638","1":"product","2":"type-product","3":"status-publish","4":"has-post-thumbnail","6":"product_cat-young-living-eteriskas-ellas-un-kosmetika-augstas-kvalitates","7":"product_cat-komplekti-lv","9":"first","10":"instock","11":"taxable","12":"shipping-taxable","13":"purchasable","14":"product-type-simple"},"yoast_head":"<!-- This site is optimized with the Yoast SEO Premium plugin v27.0 (Yoast SEO v27.0) - https:\/\/yoast.com\/product\/yoast-seo-premium-wordpress\/ -->\n<title>YL Feeling Kit (J\u016btas) - cosmetic.lv<\/title>\n<meta name=\"robots\" content=\"index, follow, max-snippet:-1, max-image-preview:large, max-video-preview:-1\" \/>\n<link rel=\"canonical\" href=\"https:\/\/cosmetic.lv\/lv\/product\/yl-feeling-kit-jutas\/\" \/>\n<meta property=\"og:locale\" content=\"lv_LV\" \/>\n<meta property=\"og:type\" content=\"article\" \/>\n<meta property=\"og:title\" content=\"YL Feeling Kit (J\u016btas)\" \/>\n<meta property=\"og:description\" content=\"Kolekcija ietver se\u0161us \u0113teriskos mais\u012bjumus, ko veido Gary Young, Young Living dibin\u0101t\u0101js un izpilddirektors Gary Young, kas veicina fizisko un\" \/>\n<meta property=\"og:url\" content=\"https:\/\/cosmetic.lv\/lv\/product\/yl-feeling-kit-jutas\/\" \/>\n<meta property=\"og:site_name\" content=\"cosmetic.lv\" \/>\n<meta property=\"article:publisher\" content=\"https:\/\/www.facebook.com\/cosmetic.lv\/\" \/>\n<meta property=\"article:modified_time\" content=\"2021-02-11T20:39:50+00:00\" \/>\n<meta property=\"og:image\" content=\"https:\/\/cosmetic.lv\/wp-content\/uploads\/2021\/02\/feelings-set-4.jpg\" \/>\n\t<meta property=\"og:image:width\" content=\"250\" \/>\n\t<meta property=\"og:image:height\" content=\"250\" \/>\n\t<meta property=\"og:image:type\" content=\"image\/jpeg\" \/>\n<meta name=\"twitter:card\" content=\"summary_large_image\" \/>\n<script type=\"application\/ld+json\" class=\"yoast-schema-graph\">{\"@context\":\"https:\/\/schema.org\",\"@graph\":[{\"@type\":\"WebPage\",\"@id\":\"https:\/\/cosmetic.lv\/lv\/product\/yl-feeling-kit-jutas\/\",\"url\":\"https:\/\/cosmetic.lv\/lv\/product\/yl-feeling-kit-jutas\/\",\"name\":\"YL Feeling Kit (J\u016btas) - cosmetic.lv\",\"isPartOf\":{\"@id\":\"https:\/\/cosmetic.lv\/lv\/#website\"},\"primaryImageOfPage\":{\"@id\":\"https:\/\/cosmetic.lv\/lv\/product\/yl-feeling-kit-jutas\/#primaryimage\"},\"image\":{\"@id\":\"https:\/\/cosmetic.lv\/lv\/product\/yl-feeling-kit-jutas\/#primaryimage\"},\"thumbnailUrl\":\"https:\/\/cosmetic.lv\/wp-content\/uploads\/2021\/02\/feelings-set-4.jpg\",\"datePublished\":\"2021-02-06T17:55:35+00:00\",\"dateModified\":\"2021-02-11T20:39:50+00:00\",\"breadcrumb\":{\"@id\":\"https:\/\/cosmetic.lv\/lv\/product\/yl-feeling-kit-jutas\/#breadcrumb\"},\"inLanguage\":\"lv-LV\",\"potentialAction\":[{\"@type\":\"ReadAction\",\"target\":[\"https:\/\/cosmetic.lv\/lv\/product\/yl-feeling-kit-jutas\/\"]}]},{\"@type\":\"ImageObject\",\"inLanguage\":\"lv-LV\",\"@id\":\"https:\/\/cosmetic.lv\/lv\/product\/yl-feeling-kit-jutas\/#primaryimage\",\"url\":\"https:\/\/cosmetic.lv\/wp-content\/uploads\/2021\/02\/feelings-set-4.jpg\",\"contentUrl\":\"https:\/\/cosmetic.lv\/wp-content\/uploads\/2021\/02\/feelings-set-4.jpg\",\"width\":250,\"height\":250,\"caption\":\"feelings-set.jpg\"},{\"@type\":\"BreadcrumbList\",\"@id\":\"https:\/\/cosmetic.lv\/lv\/product\/yl-feeling-kit-jutas\/#breadcrumb\",\"itemListElement\":[{\"@type\":\"ListItem\",\"position\":1,\"name\":\"Home\",\"item\":\"https:\/\/cosmetic.lv\/lv\/\"},{\"@type\":\"ListItem\",\"position\":2,\"name\":\"Veikals\",\"item\":\"https:\/\/cosmetic.lv\/lv\/veiklas\/\"},{\"@type\":\"ListItem\",\"position\":3,\"name\":\"YL Feeling Kit (J\u016btas)\"}]},{\"@type\":\"WebSite\",\"@id\":\"https:\/\/cosmetic.lv\/lv\/#website\",\"url\":\"https:\/\/cosmetic.lv\/lv\/\",\"name\":\"cosmetic.lv\",\"description\":\"Profesion\u0101la kosm\u0113tika - Maria Galland, Keune, Arkadija, GMT, Guam, Magiray\",\"publisher\":{\"@id\":\"https:\/\/cosmetic.lv\/lv\/#organization\"},\"potentialAction\":[{\"@type\":\"SearchAction\",\"target\":{\"@type\":\"EntryPoint\",\"urlTemplate\":\"https:\/\/cosmetic.lv\/lv\/?s={search_term_string}\"},\"query-input\":{\"@type\":\"PropertyValueSpecification\",\"valueRequired\":true,\"valueName\":\"search_term_string\"}}],\"inLanguage\":\"lv-LV\"},{\"@type\":\"Organization\",\"@id\":\"https:\/\/cosmetic.lv\/lv\/#organization\",\"name\":\"COSMETIC.LV\",\"url\":\"https:\/\/cosmetic.lv\/lv\/\",\"logo\":{\"@type\":\"ImageObject\",\"inLanguage\":\"lv-LV\",\"@id\":\"https:\/\/cosmetic.lv\/lv\/#\/schema\/logo\/image\/\",\"url\":\"https:\/\/cosmetic.lv\/wp-content\/uploads\/2021\/02\/cosmetic.lv_logo.jpg\",\"contentUrl\":\"https:\/\/cosmetic.lv\/wp-content\/uploads\/2021\/02\/cosmetic.lv_logo.jpg\",\"width\":596,\"height\":196,\"caption\":\"COSMETIC.LV\"},\"image\":{\"@id\":\"https:\/\/cosmetic.lv\/lv\/#\/schema\/logo\/image\/\"},\"sameAs\":[\"https:\/\/www.facebook.com\/cosmetic.lv\/\"]}]}<\/script>\n<meta property=\"product:price:amount\" content=\"325.00\" \/>\n<meta property=\"product:price:currency\" content=\"EUR\" \/>\n<meta property=\"og:availability\" content=\"instock\" \/>\n<meta property=\"product:availability\" content=\"instock\" \/>\n<meta property=\"product:retailer_item_id\" content=\"312508\" \/>\n<meta property=\"product:condition\" content=\"new\" \/>\n<!-- \/ Yoast SEO Premium plugin. -->","yoast_head_json":{"title":"YL Feeling Kit (J\u016btas) - cosmetic.lv","robots":{"index":"index","follow":"follow","max-snippet":"max-snippet:-1","max-image-preview":"max-image-preview:large","max-video-preview":"max-video-preview:-1"},"canonical":"https:\/\/cosmetic.lv\/lv\/product\/yl-feeling-kit-jutas\/","og_locale":"lv_LV","og_type":"article","og_title":"YL Feeling Kit (J\u016btas)","og_description":"Kolekcija ietver se\u0161us \u0113teriskos mais\u012bjumus, ko veido Gary Young, Young Living dibin\u0101t\u0101js un izpilddirektors Gary Young, kas veicina fizisko un","og_url":"https:\/\/cosmetic.lv\/lv\/product\/yl-feeling-kit-jutas\/","og_site_name":"cosmetic.lv","article_publisher":"https:\/\/www.facebook.com\/cosmetic.lv\/","article_modified_time":"2021-02-11T20:39:50+00:00","og_image":[{"width":250,"height":250,"url":"https:\/\/cosmetic.lv\/wp-content\/uploads\/2021\/02\/feelings-set-4.jpg","type":"image\/jpeg"}],"twitter_card":"summary_large_image","schema":{"@context":"https:\/\/schema.org","@graph":[{"@type":"WebPage","@id":"https:\/\/cosmetic.lv\/lv\/product\/yl-feeling-kit-jutas\/","url":"https:\/\/cosmetic.lv\/lv\/product\/yl-feeling-kit-jutas\/","name":"YL Feeling Kit (J\u016btas) - cosmetic.lv","isPartOf":{"@id":"https:\/\/cosmetic.lv\/lv\/#website"},"primaryImageOfPage":{"@id":"https:\/\/cosmetic.lv\/lv\/product\/yl-feeling-kit-jutas\/#primaryimage"},"image":{"@id":"https:\/\/cosmetic.lv\/lv\/product\/yl-feeling-kit-jutas\/#primaryimage"},"thumbnailUrl":"https:\/\/cosmetic.lv\/wp-content\/uploads\/2021\/02\/feelings-set-4.jpg","datePublished":"2021-02-06T17:55:35+00:00","dateModified":"2021-02-11T20:39:50+00:00","breadcrumb":{"@id":"https:\/\/cosmetic.lv\/lv\/product\/yl-feeling-kit-jutas\/#breadcrumb"},"inLanguage":"lv-LV","potentialAction":[{"@type":"ReadAction","target":["https:\/\/cosmetic.lv\/lv\/product\/yl-feeling-kit-jutas\/"]}]},{"@type":"ImageObject","inLanguage":"lv-LV","@id":"https:\/\/cosmetic.lv\/lv\/product\/yl-feeling-kit-jutas\/#primaryimage","url":"https:\/\/cosmetic.lv\/wp-content\/uploads\/2021\/02\/feelings-set-4.jpg","contentUrl":"https:\/\/cosmetic.lv\/wp-content\/uploads\/2021\/02\/feelings-set-4.jpg","width":250,"height":250,"caption":"feelings-set.jpg"},{"@type":"BreadcrumbList","@id":"https:\/\/cosmetic.lv\/lv\/product\/yl-feeling-kit-jutas\/#breadcrumb","itemListElement":[{"@type":"ListItem","position":1,"name":"Home","item":"https:\/\/cosmetic.lv\/lv\/"},{"@type":"ListItem","position":2,"name":"Veikals","item":"https:\/\/cosmetic.lv\/lv\/veiklas\/"},{"@type":"ListItem","position":3,"name":"YL Feeling Kit (J\u016btas)"}]},{"@type":"WebSite","@id":"https:\/\/cosmetic.lv\/lv\/#website","url":"https:\/\/cosmetic.lv\/lv\/","name":"cosmetic.lv","description":"Profesion\u0101la kosm\u0113tika - Maria Galland, Keune, Arkadija, GMT, Guam, Magiray","publisher":{"@id":"https:\/\/cosmetic.lv\/lv\/#organization"},"potentialAction":[{"@type":"SearchAction","target":{"@type":"EntryPoint","urlTemplate":"https:\/\/cosmetic.lv\/lv\/?s={search_term_string}"},"query-input":{"@type":"PropertyValueSpecification","valueRequired":true,"valueName":"search_term_string"}}],"inLanguage":"lv-LV"},{"@type":"Organization","@id":"https:\/\/cosmetic.lv\/lv\/#organization","name":"COSMETIC.LV","url":"https:\/\/cosmetic.lv\/lv\/","logo":{"@type":"ImageObject","inLanguage":"lv-LV","@id":"https:\/\/cosmetic.lv\/lv\/#\/schema\/logo\/image\/","url":"https:\/\/cosmetic.lv\/wp-content\/uploads\/2021\/02\/cosmetic.lv_logo.jpg","contentUrl":"https:\/\/cosmetic.lv\/wp-content\/uploads\/2021\/02\/cosmetic.lv_logo.jpg","width":596,"height":196,"caption":"COSMETIC.LV"},"image":{"@id":"https:\/\/cosmetic.lv\/lv\/#\/schema\/logo\/image\/"},"sameAs":["https:\/\/www.facebook.com\/cosmetic.lv\/"]}]},"product_price_amount":"325.00","product_price_currency":"EUR","og_availability":"instock","product_availability":"instock","product_retailer_item_id":"312508","product_condition":"new"},"_links":{"self":[{"href":"https:\/\/cosmetic.lv\/lv\/wp-json\/wp\/v2\/product\/34638","targetHints":{"allow":["GET"]}}],"collection":[{"href":"https:\/\/cosmetic.lv\/lv\/wp-json\/wp\/v2\/product"}],"about":[{"href":"https:\/\/cosmetic.lv\/lv\/wp-json\/wp\/v2\/types\/product"}],"wp:featuredmedia":[{"embeddable":true,"href":"https:\/\/cosmetic.lv\/lv\/wp-json\/wp\/v2\/media\/17020"}],"wp:attachment":[{"href":"https:\/\/cosmetic.lv\/lv\/wp-json\/wp\/v2\/media?parent=34638"}],"wp:term":[{"taxonomy":"product_brand","embeddable":true,"href":"https:\/\/cosmetic.lv\/lv\/wp-json\/wp\/v2\/product_brand?post=34638"},{"taxonomy":"product_cat","embeddable":true,"href":"https:\/\/cosmetic.lv\/lv\/wp-json\/wp\/v2\/product_cat?post=34638"},{"taxonomy":"product_tag","embeddable":true,"href":"https:\/\/cosmetic.lv\/lv\/wp-json\/wp\/v2\/product_tag?post=34638"}],"curies":[{"name":"wp","href":"https:\/\/api.w.org\/{rel}","templated":true}]}}