{"id":34639,"date":"2021-02-05T22:43:32","date_gmt":"2021-02-06T17:55:35","guid":{"rendered":"https:\/\/damme.lv\/product\/yl-raindrop-technique-kit-raindrop-tehnika\/"},"modified":"2021-02-11T22:41:05","modified_gmt":"2021-02-11T20:41:05","slug":"yl-raindrop-technique-kit-raindrop-tehnika","status":"publish","type":"product","link":"https:\/\/cosmetic.lv\/lv\/product\/yl-raindrop-technique-kit-raindrop-tehnika\/","title":{"rendered":"YL Raindrop Technique Kit Raindrop Tehnika"},"content":{"rendered":"<p>E\u013b\u013bAS UN MAS\u0100\u017dAS E\u013b\u013bAS RAINDROPAS TEHNIK\u0100<br \/>\nLab\u0101k\u0101s Young Living terapeitisk\u0101s kvalit\u0101tes e\u013c\u013cas tiek sav\u0101ktas vien\u0101 komplekt\u0101, ta\u010du j\u016bs varat ieg\u0101d\u0101ties katru \u0113terisko e\u013c\u013cu atsevi\u0161\u0137i.<\/p>\n<p>K\u0100 DAUDZ \u0112MAS IR EFEKT\u012aVA?<\/p>\n<p>E\u013c\u013cu sl\u0101\u0146veida lieto\u0161ana rada sp\u0113c\u012bgu efektu un siner\u0123ijas d\u0113\u013c tiek sasniegts v\u0113lamais anest\u0113zijas rezult\u0101ts un iekaisuma no\u0146em\u0161ana.<\/p>\n<p>In Set septi\u0146\u0101m \u0113teriskaj\u0101m e\u013c\u013c\u0101m Young Living:<\/p>\n<p>Timi\u0101ns &#8211; pretmikrobu, antiseptiska, prets\u0113n\u012b\u0161u, viegli iek\u013c\u016bst asin\u012bs un izn\u012bcina patog\u0113nus, palielina imunit\u0101ti<\/p>\n<p>Raudene (raudene) &#8211; sp\u0113c\u012bgs im\u016bn\u0101s stimulants, antiseptiska, pretiekaisuma, antibakteri\u0101la, pretv\u012brusu, prets\u0113n\u012b\u0161u, anti-noveco\u0161an\u0101s.<\/p>\n<p>Cypress (Cypress) &#8211; uzlabo asinsriti un stiprina asins kapil\u0101rus, atbalsta sirds un asinsvadu sist\u0113mu, no\u0146em t\u016bsku, mazina spriedzi, spazmol\u012btiska, pretmikrobu, antiseptiska.<\/p>\n<p>Wintergreen (Wintegreen) &#8211; uzreiz iek\u013c\u016bst \u0137ermeni un atbr\u012bvo jebkuru s\u0101pes, dezinfekcijas, spazmol\u012btiskais, pretiekaisuma, vazodilatoru.<\/p>\n<p>Baziliks (Baziliks) &#8211; pacelt garast\u0101vokli, no\u0146em stagn\u0113jo\u0161u ener\u0123iju, atpaliek musku\u013cus, pretv\u012brusu l\u012bdzek\u013cus, antibakteri\u0101lus, pretiekaisuma l\u012bdzek\u013cus.<\/p>\n<p>Peppermint (Pepermint) &#8211; nomierina pr\u0101ta, pretinfekcijas, pretiekaisuma, pretv\u012brusu, Antineoplastisk\u0101, pretparaz\u012btu, pretmikrobu, prets\u0101pju, spazmol\u012btiskais, anti-v\u0113\u017ea.<\/p>\n<p>Major\u0101ns (major\u0101ns) &#8211; nomierina nervus, regul\u0113 asinsspiedienu, spazmol\u012btiskais, antibakteri\u0101la, prets\u0113n\u012b\u0161u, antiseptiska, pretiekaisuma, atkr\u0113po\u0161anas.<\/p>\n<p>Harmony (Harmony) mais\u012bjums \u0113terisko e\u013c\u013cu &#8211; veicina fizisko un emocion\u0101lo dziedin\u0101\u0161anu, radot harmonisku l\u012bdzsvaru uz ener\u0123ijas centriem cilv\u0113ka \u0137erme\u0146a, tas noved m\u016bs harmonij\u0101 ar vis\u0101m situ\u0101cij\u0101m, cilv\u0113kiem, un dz\u012bves ciklus.<\/p>\n<p>Aroma-siece ir \u012bpa\u0161s \u0113terisko e\u013c\u013cu mais\u012bjums, tas pal\u012bdz atp\u016bsties, nomierina un atvieglo s\u0101pes, mazina nogurumu un stresu. Sast\u0101vs: baziliks, lavanda, kiparis, marjorams, piparm\u0113tru<\/p>\n<p>Katrai e\u013c\u013cai ir tilpums 5 ml.<br \/>\nKomplekt\u0101 ietilpst 2 mas\u0101\u017eas e\u013c\u013cas:<\/p>\n<p>-Orto Ease mas\u0101\u017eas e\u013c\u013cas (anest\u0113zijas e\u013c\u013ca) 236 ml<\/p>\n<p>-V-6 Augu e\u013c\u013cas komplekss 236 ml<\/p>\n","protected":false},"excerpt":{"rendered":"<p>E\u013b\u013bAS UN MAS\u0100\u017dAS E\u013b\u013bAS RAINDROPAS TEHNIK\u0100 Lab\u0101k\u0101s Young Living terapeitisk\u0101s kvalit\u0101tes e\u013c\u013cas tiek sav\u0101ktas vien\u0101 komplekt\u0101, ta\u010du j\u016bs varat ieg\u0101d\u0101ties<\/p>\n","protected":false},"featured_media":17023,"template":"","meta":[],"product_brand":[],"product_cat":[2186,2305],"product_tag":[],"class_list":{"0":"post-34639","1":"product","2":"type-product","3":"status-publish","4":"has-post-thumbnail","6":"product_cat-young-living-eteriskas-ellas-un-kosmetika-augstas-kvalitates","7":"product_cat-komplekti-lv","9":"first","10":"instock","11":"taxable","12":"shipping-taxable","13":"purchasable","14":"product-type-simple"},"yoast_head":"<!-- This site is optimized with the Yoast SEO Premium plugin v27.0 (Yoast SEO v27.0) - https:\/\/yoast.com\/product\/yoast-seo-premium-wordpress\/ -->\n<title>YL Raindrop Technique Kit Raindrop Tehnika - cosmetic.lv<\/title>\n<meta name=\"robots\" content=\"index, follow, max-snippet:-1, max-image-preview:large, max-video-preview:-1\" \/>\n<link rel=\"canonical\" href=\"https:\/\/cosmetic.lv\/lv\/product\/yl-raindrop-technique-kit-raindrop-tehnika\/\" \/>\n<meta property=\"og:locale\" content=\"lv_LV\" \/>\n<meta property=\"og:type\" content=\"article\" \/>\n<meta property=\"og:title\" content=\"YL Raindrop Technique Kit Raindrop Tehnika\" \/>\n<meta property=\"og:description\" content=\"E\u013b\u013bAS UN MAS\u0100\u017dAS E\u013b\u013bAS RAINDROPAS TEHNIK\u0100 Lab\u0101k\u0101s Young Living terapeitisk\u0101s kvalit\u0101tes e\u013c\u013cas tiek sav\u0101ktas vien\u0101 komplekt\u0101, ta\u010du j\u016bs varat ieg\u0101d\u0101ties\" \/>\n<meta property=\"og:url\" content=\"https:\/\/cosmetic.lv\/lv\/product\/yl-raindrop-technique-kit-raindrop-tehnika\/\" \/>\n<meta property=\"og:site_name\" content=\"cosmetic.lv\" \/>\n<meta property=\"article:publisher\" content=\"https:\/\/www.facebook.com\/cosmetic.lv\/\" \/>\n<meta property=\"article:modified_time\" content=\"2021-02-11T20:41:05+00:00\" \/>\n<meta property=\"og:image\" content=\"https:\/\/cosmetic.lv\/wp-content\/uploads\/2021\/02\/raindrop-4.jpg\" \/>\n\t<meta property=\"og:image:width\" content=\"900\" \/>\n\t<meta property=\"og:image:height\" content=\"600\" \/>\n\t<meta property=\"og:image:type\" content=\"image\/jpeg\" \/>\n<meta name=\"twitter:card\" content=\"summary_large_image\" \/>\n<script type=\"application\/ld+json\" class=\"yoast-schema-graph\">{\"@context\":\"https:\/\/schema.org\",\"@graph\":[{\"@type\":\"WebPage\",\"@id\":\"https:\/\/cosmetic.lv\/lv\/product\/yl-raindrop-technique-kit-raindrop-tehnika\/\",\"url\":\"https:\/\/cosmetic.lv\/lv\/product\/yl-raindrop-technique-kit-raindrop-tehnika\/\",\"name\":\"YL Raindrop Technique Kit Raindrop Tehnika - cosmetic.lv\",\"isPartOf\":{\"@id\":\"https:\/\/cosmetic.lv\/lv\/#website\"},\"primaryImageOfPage\":{\"@id\":\"https:\/\/cosmetic.lv\/lv\/product\/yl-raindrop-technique-kit-raindrop-tehnika\/#primaryimage\"},\"image\":{\"@id\":\"https:\/\/cosmetic.lv\/lv\/product\/yl-raindrop-technique-kit-raindrop-tehnika\/#primaryimage\"},\"thumbnailUrl\":\"https:\/\/cosmetic.lv\/wp-content\/uploads\/2021\/02\/raindrop-4.jpg\",\"datePublished\":\"2021-02-06T17:55:35+00:00\",\"dateModified\":\"2021-02-11T20:41:05+00:00\",\"breadcrumb\":{\"@id\":\"https:\/\/cosmetic.lv\/lv\/product\/yl-raindrop-technique-kit-raindrop-tehnika\/#breadcrumb\"},\"inLanguage\":\"lv-LV\",\"potentialAction\":[{\"@type\":\"ReadAction\",\"target\":[\"https:\/\/cosmetic.lv\/lv\/product\/yl-raindrop-technique-kit-raindrop-tehnika\/\"]}]},{\"@type\":\"ImageObject\",\"inLanguage\":\"lv-LV\",\"@id\":\"https:\/\/cosmetic.lv\/lv\/product\/yl-raindrop-technique-kit-raindrop-tehnika\/#primaryimage\",\"url\":\"https:\/\/cosmetic.lv\/wp-content\/uploads\/2021\/02\/raindrop-4.jpg\",\"contentUrl\":\"https:\/\/cosmetic.lv\/wp-content\/uploads\/2021\/02\/raindrop-4.jpg\",\"width\":900,\"height\":600,\"caption\":\"raindrop.jpg\"},{\"@type\":\"BreadcrumbList\",\"@id\":\"https:\/\/cosmetic.lv\/lv\/product\/yl-raindrop-technique-kit-raindrop-tehnika\/#breadcrumb\",\"itemListElement\":[{\"@type\":\"ListItem\",\"position\":1,\"name\":\"Home\",\"item\":\"https:\/\/cosmetic.lv\/lv\/\"},{\"@type\":\"ListItem\",\"position\":2,\"name\":\"Veikals\",\"item\":\"https:\/\/cosmetic.lv\/lv\/veiklas\/\"},{\"@type\":\"ListItem\",\"position\":3,\"name\":\"YL Raindrop Technique Kit Raindrop Tehnika\"}]},{\"@type\":\"WebSite\",\"@id\":\"https:\/\/cosmetic.lv\/lv\/#website\",\"url\":\"https:\/\/cosmetic.lv\/lv\/\",\"name\":\"cosmetic.lv\",\"description\":\"Profesion\u0101la kosm\u0113tika - Maria Galland, Keune, Arkadija, GMT, Guam, Magiray\",\"publisher\":{\"@id\":\"https:\/\/cosmetic.lv\/lv\/#organization\"},\"potentialAction\":[{\"@type\":\"SearchAction\",\"target\":{\"@type\":\"EntryPoint\",\"urlTemplate\":\"https:\/\/cosmetic.lv\/lv\/?s={search_term_string}\"},\"query-input\":{\"@type\":\"PropertyValueSpecification\",\"valueRequired\":true,\"valueName\":\"search_term_string\"}}],\"inLanguage\":\"lv-LV\"},{\"@type\":\"Organization\",\"@id\":\"https:\/\/cosmetic.lv\/lv\/#organization\",\"name\":\"COSMETIC.LV\",\"url\":\"https:\/\/cosmetic.lv\/lv\/\",\"logo\":{\"@type\":\"ImageObject\",\"inLanguage\":\"lv-LV\",\"@id\":\"https:\/\/cosmetic.lv\/lv\/#\/schema\/logo\/image\/\",\"url\":\"https:\/\/cosmetic.lv\/wp-content\/uploads\/2021\/02\/cosmetic.lv_logo.jpg\",\"contentUrl\":\"https:\/\/cosmetic.lv\/wp-content\/uploads\/2021\/02\/cosmetic.lv_logo.jpg\",\"width\":596,\"height\":196,\"caption\":\"COSMETIC.LV\"},\"image\":{\"@id\":\"https:\/\/cosmetic.lv\/lv\/#\/schema\/logo\/image\/\"},\"sameAs\":[\"https:\/\/www.facebook.com\/cosmetic.lv\/\"]}]}<\/script>\n<meta property=\"product:price:amount\" content=\"252.00\" \/>\n<meta property=\"product:price:currency\" content=\"EUR\" \/>\n<meta property=\"og:availability\" content=\"instock\" \/>\n<meta property=\"product:availability\" content=\"instock\" \/>\n<meta property=\"product:retailer_item_id\" content=\"313708\" \/>\n<meta property=\"product:condition\" content=\"new\" \/>\n<!-- \/ Yoast SEO Premium plugin. -->","yoast_head_json":{"title":"YL Raindrop Technique Kit Raindrop Tehnika - cosmetic.lv","robots":{"index":"index","follow":"follow","max-snippet":"max-snippet:-1","max-image-preview":"max-image-preview:large","max-video-preview":"max-video-preview:-1"},"canonical":"https:\/\/cosmetic.lv\/lv\/product\/yl-raindrop-technique-kit-raindrop-tehnika\/","og_locale":"lv_LV","og_type":"article","og_title":"YL Raindrop Technique Kit Raindrop Tehnika","og_description":"E\u013b\u013bAS UN MAS\u0100\u017dAS E\u013b\u013bAS RAINDROPAS TEHNIK\u0100 Lab\u0101k\u0101s Young Living terapeitisk\u0101s kvalit\u0101tes e\u013c\u013cas tiek sav\u0101ktas vien\u0101 komplekt\u0101, ta\u010du j\u016bs varat ieg\u0101d\u0101ties","og_url":"https:\/\/cosmetic.lv\/lv\/product\/yl-raindrop-technique-kit-raindrop-tehnika\/","og_site_name":"cosmetic.lv","article_publisher":"https:\/\/www.facebook.com\/cosmetic.lv\/","article_modified_time":"2021-02-11T20:41:05+00:00","og_image":[{"width":900,"height":600,"url":"https:\/\/cosmetic.lv\/wp-content\/uploads\/2021\/02\/raindrop-4.jpg","type":"image\/jpeg"}],"twitter_card":"summary_large_image","schema":{"@context":"https:\/\/schema.org","@graph":[{"@type":"WebPage","@id":"https:\/\/cosmetic.lv\/lv\/product\/yl-raindrop-technique-kit-raindrop-tehnika\/","url":"https:\/\/cosmetic.lv\/lv\/product\/yl-raindrop-technique-kit-raindrop-tehnika\/","name":"YL Raindrop Technique Kit Raindrop Tehnika - cosmetic.lv","isPartOf":{"@id":"https:\/\/cosmetic.lv\/lv\/#website"},"primaryImageOfPage":{"@id":"https:\/\/cosmetic.lv\/lv\/product\/yl-raindrop-technique-kit-raindrop-tehnika\/#primaryimage"},"image":{"@id":"https:\/\/cosmetic.lv\/lv\/product\/yl-raindrop-technique-kit-raindrop-tehnika\/#primaryimage"},"thumbnailUrl":"https:\/\/cosmetic.lv\/wp-content\/uploads\/2021\/02\/raindrop-4.jpg","datePublished":"2021-02-06T17:55:35+00:00","dateModified":"2021-02-11T20:41:05+00:00","breadcrumb":{"@id":"https:\/\/cosmetic.lv\/lv\/product\/yl-raindrop-technique-kit-raindrop-tehnika\/#breadcrumb"},"inLanguage":"lv-LV","potentialAction":[{"@type":"ReadAction","target":["https:\/\/cosmetic.lv\/lv\/product\/yl-raindrop-technique-kit-raindrop-tehnika\/"]}]},{"@type":"ImageObject","inLanguage":"lv-LV","@id":"https:\/\/cosmetic.lv\/lv\/product\/yl-raindrop-technique-kit-raindrop-tehnika\/#primaryimage","url":"https:\/\/cosmetic.lv\/wp-content\/uploads\/2021\/02\/raindrop-4.jpg","contentUrl":"https:\/\/cosmetic.lv\/wp-content\/uploads\/2021\/02\/raindrop-4.jpg","width":900,"height":600,"caption":"raindrop.jpg"},{"@type":"BreadcrumbList","@id":"https:\/\/cosmetic.lv\/lv\/product\/yl-raindrop-technique-kit-raindrop-tehnika\/#breadcrumb","itemListElement":[{"@type":"ListItem","position":1,"name":"Home","item":"https:\/\/cosmetic.lv\/lv\/"},{"@type":"ListItem","position":2,"name":"Veikals","item":"https:\/\/cosmetic.lv\/lv\/veiklas\/"},{"@type":"ListItem","position":3,"name":"YL Raindrop Technique Kit Raindrop Tehnika"}]},{"@type":"WebSite","@id":"https:\/\/cosmetic.lv\/lv\/#website","url":"https:\/\/cosmetic.lv\/lv\/","name":"cosmetic.lv","description":"Profesion\u0101la kosm\u0113tika - Maria Galland, Keune, Arkadija, GMT, Guam, Magiray","publisher":{"@id":"https:\/\/cosmetic.lv\/lv\/#organization"},"potentialAction":[{"@type":"SearchAction","target":{"@type":"EntryPoint","urlTemplate":"https:\/\/cosmetic.lv\/lv\/?s={search_term_string}"},"query-input":{"@type":"PropertyValueSpecification","valueRequired":true,"valueName":"search_term_string"}}],"inLanguage":"lv-LV"},{"@type":"Organization","@id":"https:\/\/cosmetic.lv\/lv\/#organization","name":"COSMETIC.LV","url":"https:\/\/cosmetic.lv\/lv\/","logo":{"@type":"ImageObject","inLanguage":"lv-LV","@id":"https:\/\/cosmetic.lv\/lv\/#\/schema\/logo\/image\/","url":"https:\/\/cosmetic.lv\/wp-content\/uploads\/2021\/02\/cosmetic.lv_logo.jpg","contentUrl":"https:\/\/cosmetic.lv\/wp-content\/uploads\/2021\/02\/cosmetic.lv_logo.jpg","width":596,"height":196,"caption":"COSMETIC.LV"},"image":{"@id":"https:\/\/cosmetic.lv\/lv\/#\/schema\/logo\/image\/"},"sameAs":["https:\/\/www.facebook.com\/cosmetic.lv\/"]}]},"product_price_amount":"252.00","product_price_currency":"EUR","og_availability":"instock","product_availability":"instock","product_retailer_item_id":"313708","product_condition":"new"},"_links":{"self":[{"href":"https:\/\/cosmetic.lv\/lv\/wp-json\/wp\/v2\/product\/34639","targetHints":{"allow":["GET"]}}],"collection":[{"href":"https:\/\/cosmetic.lv\/lv\/wp-json\/wp\/v2\/product"}],"about":[{"href":"https:\/\/cosmetic.lv\/lv\/wp-json\/wp\/v2\/types\/product"}],"wp:featuredmedia":[{"embeddable":true,"href":"https:\/\/cosmetic.lv\/lv\/wp-json\/wp\/v2\/media\/17023"}],"wp:attachment":[{"href":"https:\/\/cosmetic.lv\/lv\/wp-json\/wp\/v2\/media?parent=34639"}],"wp:term":[{"taxonomy":"product_brand","embeddable":true,"href":"https:\/\/cosmetic.lv\/lv\/wp-json\/wp\/v2\/product_brand?post=34639"},{"taxonomy":"product_cat","embeddable":true,"href":"https:\/\/cosmetic.lv\/lv\/wp-json\/wp\/v2\/product_cat?post=34639"},{"taxonomy":"product_tag","embeddable":true,"href":"https:\/\/cosmetic.lv\/lv\/wp-json\/wp\/v2\/product_tag?post=34639"}],"curies":[{"name":"wp","href":"https:\/\/api.w.org\/{rel}","templated":true}]}}