{"id":34640,"date":"2021-02-05T22:43:32","date_gmt":"2021-02-06T17:55:35","guid":{"rendered":"https:\/\/damme.lv\/product\/yl-5-day-nutritive-cleanse-5-dienu-attirisana\/"},"modified":"2021-02-11T22:54:38","modified_gmt":"2021-02-11T20:54:38","slug":"yl-5-day-nutritive-cleanse-5-dienu-attirisana","status":"publish","type":"product","link":"https:\/\/cosmetic.lv\/lv\/product\/yl-5-day-nutritive-cleanse-5-dienu-attirisana\/","title":{"rendered":"YL 5-Day Nutritive Cleanse (5-DIENU ATT\u012aR\u012a\u0160ANA)"},"content":{"rendered":"<p>5 dienu barojo\u0161a t\u012br\u012b\u0161ana (5 dienu t\u012br\u012b\u0161ana)<br \/>\nProgramma &#8211; Piecas dienas \u0137erme\u0146a att\u012br\u012b\u0161ana no toks\u012bniem<br \/>\nEfekt\u012bva un l\u012bdzsvarota pieeja att\u012br\u012b\u0161anai.<\/p>\n<p>M\u016bsdien\u0101s ir svar\u012bgi veikt \u0137erme\u0146a profilaktisko t\u012br\u012b\u0161anu, bet liel\u0101k\u0101 da\u013ca izmanto \u0137erme\u0146a att\u012br\u012b\u0161anu slim\u012bbu vai vesel\u012bbas probl\u0113mu gad\u012bjumos.<\/p>\n<p>Katru gadu ir j\u0101veic vismaz \u010detri \u0137erme\u0146a \u012bslaic\u012bgi t\u012br\u012b\u0161anas l\u012bdzek\u013ci.<\/p>\n<p>T\u0101d\u0113\u013c Young Living pied\u0101v\u0101 5 dienu ilgas \u0101rst\u0113\u0161anas kursu, izmantojot \u012bpa\u0161us augu izcelsmes prepar\u0101tus.<\/p>\n<p>Programma &#8211; \u0136erme\u0146a att\u012br\u012b\u0161ana no toks\u012bniem piecu dienu laik\u0101:<\/p>\n<p>Balanss ir pabeigts<\/p>\n<p>Unik\u0101ls, piln\u012bgi l\u012bdzsvarots p\u0101rtikas produkts, kas sast\u0101v no augu \u0161\u0137iedrviel\u0101m<br \/>\nTaj\u0101 pa\u0161\u0101 laik\u0101 ener\u0123ijas p\u0101rtika un t\u012br\u012b\u0161anas l\u012bdzeklis<br \/>\nprodukts ar augstu olbaltumvielu, \u0161\u0137iedrvielu un zemu kaloriju daudzumu<br \/>\nnep\u0101rk\u0101pj zarnas floru, samazina patog\u0113no bakt\u0113riju skaitu<br \/>\nZarn\u0101s, kas nav pierasts uz celulozi, var par\u0101d\u012bties v\u0113dera uzp\u016b\u0161an\u0101s un g\u0101zu veido\u0161an\u0101s; tas nav briesm\u012bgi, tikai nedaudz j\u0101samazina z\u0101\u013cu l\u012bdzsvara atg\u016b\u0161ana. Piln\u012bb\u0101 un nedaudz palieliniet kapsulu uz\u0146em\u0161anu. Didest &#038; Cleance<br \/>\npiet\u016bkums notiek galvenok\u0101rt t\u0101d\u0113\u013c, ka iepriek\u0161 vajadz\u012bgo \u0161\u0137iedru daudzumu neizmantoja p\u0101rtikai &#8211; v\u012brie\u0161iem 38 grami dien\u0101 un sieviet\u0113m &#8211; 25 grami (parasti to pat\u0113r\u0113 iev\u0113rojami maz\u0101k par \u0161o daudzumu)<br \/>\n\u0161\u0137\u012bsto\u0161\u0101s un ne\u0161\u0137\u012bsto\u0161\u0101s \u0161\u0137iedras sast\u0101v\u0101, kas \u012bpa\u0161i paredz\u0113ti organisma att\u012br\u012b\u0161anai, \u0137erme\u0146a masas samazin\u0101\u0161anai un vesel\u012bbas uztur\u0113\u0161anai<br \/>\nsatur vielas, kas pal\u012bdz uztur\u0113t norm\u0101lu cukura l\u012bmeni asin\u012bs<br \/>\nceluloze, sajaucot ar \u016bdeni, palielina zarnu tilpumu, absorb\u0113 un no\u0146em gremo\u0161anas trakta toks\u012bnus un lieko tauku daudzumu<br \/>\nDidest &#038; Cleance (gremo\u0161anas un t\u012br\u012b\u0161ana)<\/p>\n<p>lai nov\u0113rstu ku\u0146\u0123a-zarnu trakta trauc\u0113jumus un uztur\u0113tu vesel\u012bgu gremo\u0161anu<br \/>\nsatur t\u012bras \u0113terisk\u0101s e\u013c\u013cas, kur\u0101m ir \u0101rstnieciskas \u012bpa\u0161\u012bbas: piparm\u0113tru, citronu, \u0137ime\u0146u, ingveru, an\u012bsu un fenheli<br \/>\nAtt\u012br\u012b\u0161anas programma j\u0101lieto tr\u012bs reizes dien\u0101, lai samazin\u0101tu g\u0101zu veido\u0161anos un att\u012br\u012btu ku\u0146\u0123a-zarnu trakta traktu<br \/>\nCitronu \u0113terisk\u0101 e\u013c\u013ca stimul\u0113 aknas un aizku\u0146\u0123a dziedzeri<br \/>\nUz\u0146emiet 1 kapsulu 30-60 min\u016btes pirms Balance Complete, kas veicina att\u012br\u012b\u0161anas procesa efektivit\u0101ti<br \/>\nNingxia sarkan\u0101 sula<\/p>\n<p>apvieno le\u0123end\u0101r\u0101s goji ogas (Dereza vulgaris) ar t\u012bras \u0113terisk\u0101s e\u013c\u013cas no terapeitisk\u0101s kvalit\u0101tes Young Living<br \/>\nsp\u0113c\u012bgs dab\u012bgais antioksidants, nodro\u0161ina organismam nepiecie\u0161amo ener\u0123iju, kas ir ide\u0101ls produkts att\u012br\u012b\u0161anas procesam<br \/>\natt\u012br\u012b\u0161anas process sast\u0101v no div\u0101m f\u0101z\u0113m: 1. toks\u012bnus sadala un iz\u0161\u0137\u012bdina \u016bden\u012b; 2) sadal\u012btos toks\u012bnus no organisma iz\u0146em<br \/>\nNingxia sarkan\u0101s ogas nodro\u0161ina organismu ar nepiecie\u0161am\u0101m bar\u012bbas viel\u0101m divu att\u012br\u012b\u0161anas f\u0101\u017eu proces\u0101<br \/>\nNingxia sarkan\u0101s ogas satur uzturvielas, kas nodro\u0161ina norm\u0101lu aizku\u0146\u0123a dziedzera un aknu darb\u012bbu, atjauno norm\u0101lu cukura l\u012bmeni asin\u012bs<br \/>\nsatur vitam\u012bnus, mikroelementus, aminosk\u0101bes, flavono\u012bdus, karotino\u012bdus, cerebros\u012bdus<br \/>\nviegli sagremojams, gar\u0161a laba<br \/>\ndiab\u0113tisk\u0101 skala ir tikai 11 vien\u012bbas, t\u0101p\u0113c sula ir ide\u0101la jebkurai \u0137erme\u0146a t\u012br\u012b\u0161anas programmai<br \/>\nUz\u0146em\u0161anas sh\u0113ma:<br \/>\n1. diena<br \/>\nBrokastis<\/p>\n<p>1 kapsula Didest &#038; Cleance<br \/>\n1 m\u0113rkarote Balance Complete<br \/>\nPapildus 250-350 grami \u016bdens<br \/>\n60 gr Ningxia Red<br \/>\nViegla uzkoda<\/p>\n<p>1 \u0101bolu vai 1 apels\u012bns<br \/>\n250-350 grami \u016bdens<br \/>\nPusdienas<\/p>\n<p>1 kapsula Didest &#038; Cleance<br \/>\n1 m\u0113rkarote Balance Complete<br \/>\nPapildus 250-300 grami \u016bdens<br \/>\n60 gr Ningxia Red<br \/>\nViegla uzkoda<\/p>\n<p>neapstr\u0101d\u0101tas broko\u013ci vai d\u0101rze\u0146i, kas nesatur cieti<br \/>\nz\u0101\u013cu t\u0113ja<br \/>\nVakari\u0146as<\/p>\n<p>1 kapsula Didest &#038; Cleance<br \/>\n1-Spoon Balance Complete<br \/>\nPapildus 250-300 grami \u016bdens<br \/>\n60 gr Ningxia Red<br \/>\nViegla uzkoda<\/p>\n<p>Pusi tasi svaigas vai sald\u0113tas mellenes vai citas ogas<br \/>\nPirmaj\u0101 dien\u0101 var justies neliels diskomforts, galvass\u0101pes vai stipra v\u0113l\u0113\u0161an\u0101s da\u017eiem \u0113dieniem. Balanss Pilns pal\u012bdz\u0113s tikt gal\u0101 ar bada saj\u016btu. Tagad papildu \u0161\u0137iedra j\u016bsu di\u0113t\u0101 var izrais\u012bt g\u0101zu par\u0101d\u012b\u0161anos, p\u0113c tam katru reizi, kad tiek sa\u0146emts atlikumu bilance, izmantojiet lielo un lielo kapsulu. Ja v\u0113laties, varat pievienot vienu Essentialzyme kapsulu.<\/p>\n<p>2. diena<br \/>\nBrokastis<\/p>\n<p>1 kapsula Didest &#038; Cleance<br \/>\n1 m\u0113rkarote Balance Complete<br \/>\n250-300grams \u016bdens papildus<br \/>\n60 gr Ningxia Red<br \/>\nViegla uzkoda<\/p>\n<p>1 bumbieru vai pl\u016bmju<br \/>\ndivas \u0113damkarotes nev\u0101r\u012btas saulespu\u0137u s\u0113klas vai mandeles<br \/>\n250-300 grami \u016bdens<br \/>\nPusdienas<\/p>\n<p>1 kapsula Didest &#038; Cleance<br \/>\n1 m\u0113rkarote Balance Complete<br \/>\n250-300grams \u016bdens papildus<br \/>\n60 gr Ningxia Red<br \/>\nViegla uzkoda<\/p>\n<p>neapstr\u0101d\u0101ta selerija<br \/>\n1 \u0113damkarote mande\u013cu e\u013c\u013cas vai k\u0101da cita<br \/>\n1 tasi z\u0101\u013cu t\u0113jas, ko s\u016bt\u012bjis stevija<br \/>\nVakari\u0146as<\/p>\n<p>1 kapsula Didest &#038; Cleance<br \/>\n1 m\u0113rkarote Balance Complete<br \/>\n250-300grams \u016bdens papildus<br \/>\n60 gr Ningxia Red<br \/>\nViegla uzkoda<\/p>\n<p>pusi tases ogas<br \/>\n1 persiks<br \/>\n250-300 grami \u016bdens<br \/>\nOtraj\u0101 dien\u0101 vesel\u012bbas st\u0101voklis ir atkar\u012bgs no \u0137erme\u0146a pies\u0101r\u0146ojuma un s\u0101r\u0146o\u0161an\u0101s. Jo vair\u0101k toks\u012bnu, jo vair\u0101k att\u012br\u012b\u0161anas simptomi<\/p>\n","protected":false},"excerpt":{"rendered":"<p>5 dienu barojo\u0161a t\u012br\u012b\u0161ana (5 dienu t\u012br\u012b\u0161ana) Programma &#8211; Piecas dienas \u0137erme\u0146a att\u012br\u012b\u0161ana no toks\u012bniem Efekt\u012bva un l\u012bdzsvarota pieeja att\u012br\u012b\u0161anai.<\/p>\n","protected":false},"featured_media":17026,"template":"","meta":[],"product_brand":[],"product_cat":[2186,2304],"product_tag":[],"class_list":{"0":"post-34640","1":"product","2":"type-product","3":"status-publish","4":"has-post-thumbnail","6":"product_cat-young-living-eteriskas-ellas-un-kosmetika-augstas-kvalitates","7":"product_cat-veseliba-lv","9":"first","10":"instock","11":"taxable","12":"shipping-taxable","13":"purchasable","14":"product-type-simple"},"yoast_head":"<!-- This site is optimized with the Yoast SEO Premium plugin v27.0 (Yoast SEO v27.0) - https:\/\/yoast.com\/product\/yoast-seo-premium-wordpress\/ -->\n<title>YL 5-Day Nutritive Cleanse (5-DIENU ATT\u012aR\u012a\u0160ANA) - cosmetic.lv<\/title>\n<meta name=\"robots\" content=\"index, follow, max-snippet:-1, max-image-preview:large, max-video-preview:-1\" \/>\n<link rel=\"canonical\" href=\"https:\/\/cosmetic.lv\/lv\/product\/yl-5-day-nutritive-cleanse-5-dienu-attirisana\/\" \/>\n<meta property=\"og:locale\" content=\"lv_LV\" \/>\n<meta property=\"og:type\" content=\"article\" \/>\n<meta property=\"og:title\" content=\"YL 5-Day Nutritive Cleanse (5-DIENU ATT\u012aR\u012a\u0160ANA)\" \/>\n<meta property=\"og:description\" content=\"5 dienu barojo\u0161a t\u012br\u012b\u0161ana (5 dienu t\u012br\u012b\u0161ana) Programma &#8211; Piecas dienas \u0137erme\u0146a att\u012br\u012b\u0161ana no toks\u012bniem Efekt\u012bva un l\u012bdzsvarota pieeja att\u012br\u012b\u0161anai.\" \/>\n<meta property=\"og:url\" content=\"https:\/\/cosmetic.lv\/lv\/product\/yl-5-day-nutritive-cleanse-5-dienu-attirisana\/\" \/>\n<meta property=\"og:site_name\" content=\"cosmetic.lv\" \/>\n<meta property=\"article:publisher\" content=\"https:\/\/www.facebook.com\/cosmetic.lv\/\" \/>\n<meta property=\"article:modified_time\" content=\"2021-02-11T20:54:38+00:00\" \/>\n<meta property=\"og:image\" content=\"https:\/\/cosmetic.lv\/wp-content\/uploads\/2021\/02\/5-day-4.jpg\" \/>\n\t<meta property=\"og:image:width\" content=\"250\" \/>\n\t<meta property=\"og:image:height\" content=\"250\" \/>\n\t<meta property=\"og:image:type\" content=\"image\/jpeg\" \/>\n<meta name=\"twitter:card\" content=\"summary_large_image\" \/>\n<script type=\"application\/ld+json\" class=\"yoast-schema-graph\">{\"@context\":\"https:\/\/schema.org\",\"@graph\":[{\"@type\":\"WebPage\",\"@id\":\"https:\/\/cosmetic.lv\/lv\/product\/yl-5-day-nutritive-cleanse-5-dienu-attirisana\/\",\"url\":\"https:\/\/cosmetic.lv\/lv\/product\/yl-5-day-nutritive-cleanse-5-dienu-attirisana\/\",\"name\":\"YL 5-Day Nutritive Cleanse (5-DIENU ATT\u012aR\u012a\u0160ANA) - cosmetic.lv\",\"isPartOf\":{\"@id\":\"https:\/\/cosmetic.lv\/lv\/#website\"},\"primaryImageOfPage\":{\"@id\":\"https:\/\/cosmetic.lv\/lv\/product\/yl-5-day-nutritive-cleanse-5-dienu-attirisana\/#primaryimage\"},\"image\":{\"@id\":\"https:\/\/cosmetic.lv\/lv\/product\/yl-5-day-nutritive-cleanse-5-dienu-attirisana\/#primaryimage\"},\"thumbnailUrl\":\"https:\/\/cosmetic.lv\/wp-content\/uploads\/2021\/02\/5-day-4.jpg\",\"datePublished\":\"2021-02-06T17:55:35+00:00\",\"dateModified\":\"2021-02-11T20:54:38+00:00\",\"breadcrumb\":{\"@id\":\"https:\/\/cosmetic.lv\/lv\/product\/yl-5-day-nutritive-cleanse-5-dienu-attirisana\/#breadcrumb\"},\"inLanguage\":\"lv-LV\",\"potentialAction\":[{\"@type\":\"ReadAction\",\"target\":[\"https:\/\/cosmetic.lv\/lv\/product\/yl-5-day-nutritive-cleanse-5-dienu-attirisana\/\"]}]},{\"@type\":\"ImageObject\",\"inLanguage\":\"lv-LV\",\"@id\":\"https:\/\/cosmetic.lv\/lv\/product\/yl-5-day-nutritive-cleanse-5-dienu-attirisana\/#primaryimage\",\"url\":\"https:\/\/cosmetic.lv\/wp-content\/uploads\/2021\/02\/5-day-4.jpg\",\"contentUrl\":\"https:\/\/cosmetic.lv\/wp-content\/uploads\/2021\/02\/5-day-4.jpg\",\"width\":250,\"height\":250,\"caption\":\"5-day.jpg\"},{\"@type\":\"BreadcrumbList\",\"@id\":\"https:\/\/cosmetic.lv\/lv\/product\/yl-5-day-nutritive-cleanse-5-dienu-attirisana\/#breadcrumb\",\"itemListElement\":[{\"@type\":\"ListItem\",\"position\":1,\"name\":\"Home\",\"item\":\"https:\/\/cosmetic.lv\/lv\/\"},{\"@type\":\"ListItem\",\"position\":2,\"name\":\"Veikals\",\"item\":\"https:\/\/cosmetic.lv\/lv\/veiklas\/\"},{\"@type\":\"ListItem\",\"position\":3,\"name\":\"YL 5-Day Nutritive Cleanse (5-DIENU ATT\u012aR\u012a\u0160ANA)\"}]},{\"@type\":\"WebSite\",\"@id\":\"https:\/\/cosmetic.lv\/lv\/#website\",\"url\":\"https:\/\/cosmetic.lv\/lv\/\",\"name\":\"cosmetic.lv\",\"description\":\"Profesion\u0101la kosm\u0113tika - Maria Galland, Keune, Arkadija, GMT, Guam, Magiray\",\"publisher\":{\"@id\":\"https:\/\/cosmetic.lv\/lv\/#organization\"},\"potentialAction\":[{\"@type\":\"SearchAction\",\"target\":{\"@type\":\"EntryPoint\",\"urlTemplate\":\"https:\/\/cosmetic.lv\/lv\/?s={search_term_string}\"},\"query-input\":{\"@type\":\"PropertyValueSpecification\",\"valueRequired\":true,\"valueName\":\"search_term_string\"}}],\"inLanguage\":\"lv-LV\"},{\"@type\":\"Organization\",\"@id\":\"https:\/\/cosmetic.lv\/lv\/#organization\",\"name\":\"COSMETIC.LV\",\"url\":\"https:\/\/cosmetic.lv\/lv\/\",\"logo\":{\"@type\":\"ImageObject\",\"inLanguage\":\"lv-LV\",\"@id\":\"https:\/\/cosmetic.lv\/lv\/#\/schema\/logo\/image\/\",\"url\":\"https:\/\/cosmetic.lv\/wp-content\/uploads\/2021\/02\/cosmetic.lv_logo.jpg\",\"contentUrl\":\"https:\/\/cosmetic.lv\/wp-content\/uploads\/2021\/02\/cosmetic.lv_logo.jpg\",\"width\":596,\"height\":196,\"caption\":\"COSMETIC.LV\"},\"image\":{\"@id\":\"https:\/\/cosmetic.lv\/lv\/#\/schema\/logo\/image\/\"},\"sameAs\":[\"https:\/\/www.facebook.com\/cosmetic.lv\/\"]}]}<\/script>\n<meta property=\"product:price:amount\" content=\"186.53\" \/>\n<meta property=\"product:price:currency\" content=\"EUR\" \/>\n<meta property=\"og:availability\" content=\"instock\" \/>\n<meta property=\"product:availability\" content=\"instock\" \/>\n<meta property=\"product:retailer_item_id\" content=\"489008\" \/>\n<meta property=\"product:condition\" content=\"new\" \/>\n<!-- \/ Yoast SEO Premium plugin. -->","yoast_head_json":{"title":"YL 5-Day Nutritive Cleanse (5-DIENU ATT\u012aR\u012a\u0160ANA) - cosmetic.lv","robots":{"index":"index","follow":"follow","max-snippet":"max-snippet:-1","max-image-preview":"max-image-preview:large","max-video-preview":"max-video-preview:-1"},"canonical":"https:\/\/cosmetic.lv\/lv\/product\/yl-5-day-nutritive-cleanse-5-dienu-attirisana\/","og_locale":"lv_LV","og_type":"article","og_title":"YL 5-Day Nutritive Cleanse (5-DIENU ATT\u012aR\u012a\u0160ANA)","og_description":"5 dienu barojo\u0161a t\u012br\u012b\u0161ana (5 dienu t\u012br\u012b\u0161ana) Programma &#8211; Piecas dienas \u0137erme\u0146a att\u012br\u012b\u0161ana no toks\u012bniem Efekt\u012bva un l\u012bdzsvarota pieeja att\u012br\u012b\u0161anai.","og_url":"https:\/\/cosmetic.lv\/lv\/product\/yl-5-day-nutritive-cleanse-5-dienu-attirisana\/","og_site_name":"cosmetic.lv","article_publisher":"https:\/\/www.facebook.com\/cosmetic.lv\/","article_modified_time":"2021-02-11T20:54:38+00:00","og_image":[{"width":250,"height":250,"url":"https:\/\/cosmetic.lv\/wp-content\/uploads\/2021\/02\/5-day-4.jpg","type":"image\/jpeg"}],"twitter_card":"summary_large_image","schema":{"@context":"https:\/\/schema.org","@graph":[{"@type":"WebPage","@id":"https:\/\/cosmetic.lv\/lv\/product\/yl-5-day-nutritive-cleanse-5-dienu-attirisana\/","url":"https:\/\/cosmetic.lv\/lv\/product\/yl-5-day-nutritive-cleanse-5-dienu-attirisana\/","name":"YL 5-Day Nutritive Cleanse (5-DIENU ATT\u012aR\u012a\u0160ANA) - cosmetic.lv","isPartOf":{"@id":"https:\/\/cosmetic.lv\/lv\/#website"},"primaryImageOfPage":{"@id":"https:\/\/cosmetic.lv\/lv\/product\/yl-5-day-nutritive-cleanse-5-dienu-attirisana\/#primaryimage"},"image":{"@id":"https:\/\/cosmetic.lv\/lv\/product\/yl-5-day-nutritive-cleanse-5-dienu-attirisana\/#primaryimage"},"thumbnailUrl":"https:\/\/cosmetic.lv\/wp-content\/uploads\/2021\/02\/5-day-4.jpg","datePublished":"2021-02-06T17:55:35+00:00","dateModified":"2021-02-11T20:54:38+00:00","breadcrumb":{"@id":"https:\/\/cosmetic.lv\/lv\/product\/yl-5-day-nutritive-cleanse-5-dienu-attirisana\/#breadcrumb"},"inLanguage":"lv-LV","potentialAction":[{"@type":"ReadAction","target":["https:\/\/cosmetic.lv\/lv\/product\/yl-5-day-nutritive-cleanse-5-dienu-attirisana\/"]}]},{"@type":"ImageObject","inLanguage":"lv-LV","@id":"https:\/\/cosmetic.lv\/lv\/product\/yl-5-day-nutritive-cleanse-5-dienu-attirisana\/#primaryimage","url":"https:\/\/cosmetic.lv\/wp-content\/uploads\/2021\/02\/5-day-4.jpg","contentUrl":"https:\/\/cosmetic.lv\/wp-content\/uploads\/2021\/02\/5-day-4.jpg","width":250,"height":250,"caption":"5-day.jpg"},{"@type":"BreadcrumbList","@id":"https:\/\/cosmetic.lv\/lv\/product\/yl-5-day-nutritive-cleanse-5-dienu-attirisana\/#breadcrumb","itemListElement":[{"@type":"ListItem","position":1,"name":"Home","item":"https:\/\/cosmetic.lv\/lv\/"},{"@type":"ListItem","position":2,"name":"Veikals","item":"https:\/\/cosmetic.lv\/lv\/veiklas\/"},{"@type":"ListItem","position":3,"name":"YL 5-Day Nutritive Cleanse (5-DIENU ATT\u012aR\u012a\u0160ANA)"}]},{"@type":"WebSite","@id":"https:\/\/cosmetic.lv\/lv\/#website","url":"https:\/\/cosmetic.lv\/lv\/","name":"cosmetic.lv","description":"Profesion\u0101la kosm\u0113tika - Maria Galland, Keune, Arkadija, GMT, Guam, Magiray","publisher":{"@id":"https:\/\/cosmetic.lv\/lv\/#organization"},"potentialAction":[{"@type":"SearchAction","target":{"@type":"EntryPoint","urlTemplate":"https:\/\/cosmetic.lv\/lv\/?s={search_term_string}"},"query-input":{"@type":"PropertyValueSpecification","valueRequired":true,"valueName":"search_term_string"}}],"inLanguage":"lv-LV"},{"@type":"Organization","@id":"https:\/\/cosmetic.lv\/lv\/#organization","name":"COSMETIC.LV","url":"https:\/\/cosmetic.lv\/lv\/","logo":{"@type":"ImageObject","inLanguage":"lv-LV","@id":"https:\/\/cosmetic.lv\/lv\/#\/schema\/logo\/image\/","url":"https:\/\/cosmetic.lv\/wp-content\/uploads\/2021\/02\/cosmetic.lv_logo.jpg","contentUrl":"https:\/\/cosmetic.lv\/wp-content\/uploads\/2021\/02\/cosmetic.lv_logo.jpg","width":596,"height":196,"caption":"COSMETIC.LV"},"image":{"@id":"https:\/\/cosmetic.lv\/lv\/#\/schema\/logo\/image\/"},"sameAs":["https:\/\/www.facebook.com\/cosmetic.lv\/"]}]},"product_price_amount":"186.53","product_price_currency":"EUR","og_availability":"instock","product_availability":"instock","product_retailer_item_id":"489008","product_condition":"new"},"_links":{"self":[{"href":"https:\/\/cosmetic.lv\/lv\/wp-json\/wp\/v2\/product\/34640","targetHints":{"allow":["GET"]}}],"collection":[{"href":"https:\/\/cosmetic.lv\/lv\/wp-json\/wp\/v2\/product"}],"about":[{"href":"https:\/\/cosmetic.lv\/lv\/wp-json\/wp\/v2\/types\/product"}],"wp:featuredmedia":[{"embeddable":true,"href":"https:\/\/cosmetic.lv\/lv\/wp-json\/wp\/v2\/media\/17026"}],"wp:attachment":[{"href":"https:\/\/cosmetic.lv\/lv\/wp-json\/wp\/v2\/media?parent=34640"}],"wp:term":[{"taxonomy":"product_brand","embeddable":true,"href":"https:\/\/cosmetic.lv\/lv\/wp-json\/wp\/v2\/product_brand?post=34640"},{"taxonomy":"product_cat","embeddable":true,"href":"https:\/\/cosmetic.lv\/lv\/wp-json\/wp\/v2\/product_cat?post=34640"},{"taxonomy":"product_tag","embeddable":true,"href":"https:\/\/cosmetic.lv\/lv\/wp-json\/wp\/v2\/product_tag?post=34640"}],"curies":[{"name":"wp","href":"https:\/\/api.w.org\/{rel}","templated":true}]}}