{"id":34641,"date":"2021-02-05T22:43:32","date_gmt":"2021-02-06T17:55:35","guid":{"rendered":"https:\/\/damme.lv\/product\/blm-bonem-un-savienojumiem-90gab\/"},"modified":"2021-02-11T22:54:38","modified_gmt":"2021-02-11T20:54:38","slug":"blm-bonem-un-savienojumiem-90gab","status":"publish","type":"product","link":"https:\/\/cosmetic.lv\/lv\/product\/blm-bonem-un-savienojumiem-90gab\/","title":{"rendered":"BLM (BON\u0112M UN SAVIENOJUMIEM) 90gab"},"content":{"rendered":"<p>BLM (kauli, sai\u0161\u0137i un musku\u013ci) BLM &#8211; \u013coti efekt\u012bvs dabisks l\u012bdzeklis satur kolag\u0113na kompleksu b\u016bvniec\u012bbai kaulu, sai\u0161u un musku\u013cu, palielin\u0101jies kvalitat\u012bvus \u0101rstniecisk\u0101s \u0113terisk\u0101s e\u013c\u013cas. \u012apa\u0161i kolag\u0113na 2. tipa un MCM uzlabotu un atjaunotu skartos loc\u012btavas un skrim\u0161\u013cus, uztur norm\u0101lu kust\u012bbu \u0161\u0137idrumu un vesel\u012bgu \u0161\u016bnu funkciju, s\u0101pju un iekaisumu artr\u012bta un artrozes. Sast\u0101vs: MSM &#8211; biolo\u0123isk\u0101 avots s\u0113ra, kas atjauno elast\u012bbu \u0161\u016bnu membr\u0101n\u0101m un var pal\u0113nin\u0101t izn\u012bcin\u0101\u0161anu skrim\u0161\u013ca, tiek izmantota, lai atvieglotu fizisk\u0101s simptomi stresa, ieskaitot kairin\u0101tu zarnu sindroms, atbalsta aknas, izmanto iekaisumu g\u013cot\u0101du, saind\u0113\u0161an\u0101s ar \u0137imik\u0101lij\u0101m, t\u0101 normaliz\u0113 daudzus fiziolo\u0123iskos procesus, pal\u012bdzot gremo\u0161anu un atbalsta \u0101du, matus, nagus un im\u016bnfunkcijas. Glikozam\u012bns sulf\u0101ts &#8211; ir izgatavots no v\u0113\u017eveid\u012bgajiem, tas pal\u012bdz remonta boj\u0101ts skrim\u0161\u013cu un samazin\u0101t simptomus artr\u012bta. Collagen 2. tips &#8211; win skrim\u0161\u013ca matrices glikoprote\u012bnu, pamatmateri\u0101la kuru kop\u012bg\u0101 samazina oksidat\u012bvo kait\u0113jumu loc\u012btavu, nom\u0101c iekaisumu, kas ietekm\u0113 limf\u0101tisko audu gremo\u0161anas sist\u0113mu. Ieg\u016bstiet kolag\u0113nu no putnu skrim\u0161\u013ca. R\u012bsu klijas ir skval\u0113na avots (r\u012bsu e\u013c\u013ca). T\u0101 satur ar\u012b gamma-oryzanol, kas stimul\u0113 ra\u017eo\u0161anu endorphins (prieks hormons) antioksidants &#8211; 10 reizes efekt\u012bv\u0101ks nek\u0101 E vitam\u012bnu, tas saista br\u012bvos radik\u0101\u013cus. Saturs: Mang\u0101na (citr\u0101ta mang\u0101na) &#8211; 1 mg uz porciju K\u0101lijs (k\u0101 k\u0101lija hlor\u012bds) &#8211; 48 mg uz porciju Hlor\u012bds 42 mg uz porciju MSM &#8211; 24 mg uz porciju Glikozam\u012bna sulf\u0101ts 373 mg uz porciju \u0112terisk\u0101s e\u013c\u013cas, kas ir da\u013ca no BLM: Krustnagli\u0146as (Krustnagli\u0146u) \u0113terisk\u0101 e\u013c\u013ca &#8211; vi\u0146a Austrumos vienm\u0113r ir bijusi saist\u012bta ar augl\u012bbu, un kas vi\u0146i bija &#8211; tika uzskat\u012bts bag\u0101ts. Tam ir antiseptiskas, pretv\u012brusu, pretiekaisuma \u012bpa\u0161\u012bbas. Ir visaugst\u0101kais antioksidantu indekss (ORAC), rada dro\u0161\u012bbas saj\u016btu Idaho Balsam Fir (Balsam Fir) \u0113terisk\u0101 e\u013c\u013ca &#8211; pretiekaisuma, antikoagulantu, mazina piet\u016bkumu un s\u0101pes loc\u012btav\u0101s, atveras emocion\u0101lo blokus, atjauno vitalit\u0101ti, dod saj\u016btu sp\u0113ku un iek\u0161\u0113jo mieru Wintergreen (Wintergreen) \u0113terisk\u0101 e\u013c\u013ca &#8211; satur metilsalicil\u0101ts, ko izmanto k\u0101 pretiekaisuma un prets\u0101pju l\u012bdzekli mazina s\u0101pes musku\u013cos un loc\u012btav\u0101s. K\u0101 lietot? ja j\u016bs sverat maz\u0101k par 30 kg &#8211; vienu kapsulu tr\u012bs reizes dien\u0101, vienu stundu pirms \u0113\u0161anas un pirms gul\u0113tie\u0161anas ja j\u016bsu svars ir no 30 l\u012bdz 50 kg &#8211; viena kapsula \u010detras reizes dien\u0101, vienu stundu pirms \u0113dienreiz\u0113m un pirms gul\u0113tie\u0161anas ja j\u016bsu svars ir liel\u0101ks par 50 kg &#8211; viena kapsula piecas reizes dien\u0101 vienu stundu pirms \u0113\u0161anas un pirms gul\u0113tie\u0161anas \u0146emiet vismaz 8-12 ned\u0113\u013cas pirms par\u0101d\u0101s pirmie rezult\u0101ti Vai BLM var lietot dz\u012bvniekiem? J\u0101. Izmantojiet devu ka\u0137iem un su\u0146iem, pamatojoties uz iepriek\u0161 min\u0113to inform\u0101ciju P\u0113c nepiecie\u0161am\u012bbas sajauciet ar \u0113dienu Maziem ka\u0137iem un su\u0146iem katru dienu lietojiet l\u012bdz pusei kapsulas Vid\u0113jiem su\u0146iem &#8211; l\u012bdz vienai kapsulai dien\u0101, lieliem su\u0146iem &#8211; l\u012bdz 3 kapsul\u0101m dien\u0101 Piesardz\u012bbas pas\u0101kumi: nav kontrindik\u0101ciju uzglab\u0101t v\u0113s\u0101, saus\u0101 viet\u0101 glab\u0101t b\u0113rniem nepieejam\u0101 viet\u0101 Nepak\u013caujiet augst\u0101m temperat\u016br\u0101m un tie\u0161iem saules stariem ja esat gr\u016btniece &#8211; konsult\u0113jieties ar \u0101rstu<\/p>\n<p>90g<\/p>\n","protected":false},"excerpt":{"rendered":"<p>BLM (kauli, sai\u0161\u0137i un musku\u013ci) BLM &#8211; \u013coti efekt\u012bvs dabisks l\u012bdzeklis satur kolag\u0113na kompleksu b\u016bvniec\u012bbai kaulu, sai\u0161u un musku\u013cu, palielin\u0101jies<\/p>\n","protected":false},"featured_media":17029,"template":"","meta":[],"product_brand":[],"product_cat":[2186,2304],"product_tag":[],"class_list":{"0":"post-34641","1":"product","2":"type-product","3":"status-publish","4":"has-post-thumbnail","6":"product_cat-young-living-eteriskas-ellas-un-kosmetika-augstas-kvalitates","7":"product_cat-veseliba-lv","9":"first","10":"instock","11":"taxable","12":"shipping-taxable","13":"purchasable","14":"product-type-simple"},"yoast_head":"<!-- This site is optimized with the Yoast SEO Premium plugin v27.0 (Yoast SEO v27.0) - https:\/\/yoast.com\/product\/yoast-seo-premium-wordpress\/ -->\n<title>BLM (BON\u0112M UN SAVIENOJUMIEM) 90gab - cosmetic.lv<\/title>\n<meta name=\"robots\" content=\"index, follow, max-snippet:-1, max-image-preview:large, max-video-preview:-1\" \/>\n<link rel=\"canonical\" href=\"https:\/\/cosmetic.lv\/lv\/product\/blm-bonem-un-savienojumiem-90gab\/\" \/>\n<meta property=\"og:locale\" content=\"lv_LV\" \/>\n<meta property=\"og:type\" content=\"article\" \/>\n<meta property=\"og:title\" content=\"BLM (BON\u0112M UN SAVIENOJUMIEM) 90gab\" \/>\n<meta property=\"og:description\" content=\"BLM (kauli, sai\u0161\u0137i un musku\u013ci) BLM &#8211; \u013coti efekt\u012bvs dabisks l\u012bdzeklis satur kolag\u0113na kompleksu b\u016bvniec\u012bbai kaulu, sai\u0161u un musku\u013cu, palielin\u0101jies\" \/>\n<meta property=\"og:url\" content=\"https:\/\/cosmetic.lv\/lv\/product\/blm-bonem-un-savienojumiem-90gab\/\" \/>\n<meta property=\"og:site_name\" content=\"cosmetic.lv\" \/>\n<meta property=\"article:publisher\" content=\"https:\/\/www.facebook.com\/cosmetic.lv\/\" \/>\n<meta property=\"article:modified_time\" content=\"2021-02-11T20:54:38+00:00\" \/>\n<meta property=\"og:image\" content=\"https:\/\/cosmetic.lv\/wp-content\/uploads\/2021\/02\/blm-s-4.jpg\" \/>\n\t<meta property=\"og:image:width\" content=\"132\" \/>\n\t<meta property=\"og:image:height\" content=\"240\" \/>\n\t<meta property=\"og:image:type\" content=\"image\/jpeg\" \/>\n<meta name=\"twitter:card\" content=\"summary_large_image\" \/>\n<script type=\"application\/ld+json\" class=\"yoast-schema-graph\">{\"@context\":\"https:\/\/schema.org\",\"@graph\":[{\"@type\":\"WebPage\",\"@id\":\"https:\/\/cosmetic.lv\/lv\/product\/blm-bonem-un-savienojumiem-90gab\/\",\"url\":\"https:\/\/cosmetic.lv\/lv\/product\/blm-bonem-un-savienojumiem-90gab\/\",\"name\":\"BLM (BON\u0112M UN SAVIENOJUMIEM) 90gab - cosmetic.lv\",\"isPartOf\":{\"@id\":\"https:\/\/cosmetic.lv\/lv\/#website\"},\"primaryImageOfPage\":{\"@id\":\"https:\/\/cosmetic.lv\/lv\/product\/blm-bonem-un-savienojumiem-90gab\/#primaryimage\"},\"image\":{\"@id\":\"https:\/\/cosmetic.lv\/lv\/product\/blm-bonem-un-savienojumiem-90gab\/#primaryimage\"},\"thumbnailUrl\":\"https:\/\/cosmetic.lv\/wp-content\/uploads\/2021\/02\/blm-s-4.jpg\",\"datePublished\":\"2021-02-06T17:55:35+00:00\",\"dateModified\":\"2021-02-11T20:54:38+00:00\",\"breadcrumb\":{\"@id\":\"https:\/\/cosmetic.lv\/lv\/product\/blm-bonem-un-savienojumiem-90gab\/#breadcrumb\"},\"inLanguage\":\"lv-LV\",\"potentialAction\":[{\"@type\":\"ReadAction\",\"target\":[\"https:\/\/cosmetic.lv\/lv\/product\/blm-bonem-un-savienojumiem-90gab\/\"]}]},{\"@type\":\"ImageObject\",\"inLanguage\":\"lv-LV\",\"@id\":\"https:\/\/cosmetic.lv\/lv\/product\/blm-bonem-un-savienojumiem-90gab\/#primaryimage\",\"url\":\"https:\/\/cosmetic.lv\/wp-content\/uploads\/2021\/02\/blm-s-4.jpg\",\"contentUrl\":\"https:\/\/cosmetic.lv\/wp-content\/uploads\/2021\/02\/blm-s-4.jpg\",\"width\":132,\"height\":240,\"caption\":\"blm-s.jpg\"},{\"@type\":\"BreadcrumbList\",\"@id\":\"https:\/\/cosmetic.lv\/lv\/product\/blm-bonem-un-savienojumiem-90gab\/#breadcrumb\",\"itemListElement\":[{\"@type\":\"ListItem\",\"position\":1,\"name\":\"Home\",\"item\":\"https:\/\/cosmetic.lv\/lv\/\"},{\"@type\":\"ListItem\",\"position\":2,\"name\":\"Veikals\",\"item\":\"https:\/\/cosmetic.lv\/lv\/veiklas\/\"},{\"@type\":\"ListItem\",\"position\":3,\"name\":\"BLM (BON\u0112M UN SAVIENOJUMIEM) 90gab\"}]},{\"@type\":\"WebSite\",\"@id\":\"https:\/\/cosmetic.lv\/lv\/#website\",\"url\":\"https:\/\/cosmetic.lv\/lv\/\",\"name\":\"cosmetic.lv\",\"description\":\"Profesion\u0101la kosm\u0113tika - Maria Galland, Keune, Arkadija, GMT, Guam, Magiray\",\"publisher\":{\"@id\":\"https:\/\/cosmetic.lv\/lv\/#organization\"},\"potentialAction\":[{\"@type\":\"SearchAction\",\"target\":{\"@type\":\"EntryPoint\",\"urlTemplate\":\"https:\/\/cosmetic.lv\/lv\/?s={search_term_string}\"},\"query-input\":{\"@type\":\"PropertyValueSpecification\",\"valueRequired\":true,\"valueName\":\"search_term_string\"}}],\"inLanguage\":\"lv-LV\"},{\"@type\":\"Organization\",\"@id\":\"https:\/\/cosmetic.lv\/lv\/#organization\",\"name\":\"COSMETIC.LV\",\"url\":\"https:\/\/cosmetic.lv\/lv\/\",\"logo\":{\"@type\":\"ImageObject\",\"inLanguage\":\"lv-LV\",\"@id\":\"https:\/\/cosmetic.lv\/lv\/#\/schema\/logo\/image\/\",\"url\":\"https:\/\/cosmetic.lv\/wp-content\/uploads\/2021\/02\/cosmetic.lv_logo.jpg\",\"contentUrl\":\"https:\/\/cosmetic.lv\/wp-content\/uploads\/2021\/02\/cosmetic.lv_logo.jpg\",\"width\":596,\"height\":196,\"caption\":\"COSMETIC.LV\"},\"image\":{\"@id\":\"https:\/\/cosmetic.lv\/lv\/#\/schema\/logo\/image\/\"},\"sameAs\":[\"https:\/\/www.facebook.com\/cosmetic.lv\/\"]}]}<\/script>\n<meta property=\"product:price:amount\" content=\"83.79\" \/>\n<meta property=\"product:price:currency\" content=\"EUR\" \/>\n<meta property=\"og:availability\" content=\"instock\" \/>\n<meta property=\"product:availability\" content=\"instock\" \/>\n<meta property=\"product:retailer_item_id\" content=\"323408\" \/>\n<meta property=\"product:condition\" content=\"new\" \/>\n<!-- \/ Yoast SEO Premium plugin. -->","yoast_head_json":{"title":"BLM (BON\u0112M UN SAVIENOJUMIEM) 90gab - cosmetic.lv","robots":{"index":"index","follow":"follow","max-snippet":"max-snippet:-1","max-image-preview":"max-image-preview:large","max-video-preview":"max-video-preview:-1"},"canonical":"https:\/\/cosmetic.lv\/lv\/product\/blm-bonem-un-savienojumiem-90gab\/","og_locale":"lv_LV","og_type":"article","og_title":"BLM (BON\u0112M UN SAVIENOJUMIEM) 90gab","og_description":"BLM (kauli, sai\u0161\u0137i un musku\u013ci) BLM &#8211; \u013coti efekt\u012bvs dabisks l\u012bdzeklis satur kolag\u0113na kompleksu b\u016bvniec\u012bbai kaulu, sai\u0161u un musku\u013cu, palielin\u0101jies","og_url":"https:\/\/cosmetic.lv\/lv\/product\/blm-bonem-un-savienojumiem-90gab\/","og_site_name":"cosmetic.lv","article_publisher":"https:\/\/www.facebook.com\/cosmetic.lv\/","article_modified_time":"2021-02-11T20:54:38+00:00","og_image":[{"width":132,"height":240,"url":"https:\/\/cosmetic.lv\/wp-content\/uploads\/2021\/02\/blm-s-4.jpg","type":"image\/jpeg"}],"twitter_card":"summary_large_image","schema":{"@context":"https:\/\/schema.org","@graph":[{"@type":"WebPage","@id":"https:\/\/cosmetic.lv\/lv\/product\/blm-bonem-un-savienojumiem-90gab\/","url":"https:\/\/cosmetic.lv\/lv\/product\/blm-bonem-un-savienojumiem-90gab\/","name":"BLM (BON\u0112M UN SAVIENOJUMIEM) 90gab - cosmetic.lv","isPartOf":{"@id":"https:\/\/cosmetic.lv\/lv\/#website"},"primaryImageOfPage":{"@id":"https:\/\/cosmetic.lv\/lv\/product\/blm-bonem-un-savienojumiem-90gab\/#primaryimage"},"image":{"@id":"https:\/\/cosmetic.lv\/lv\/product\/blm-bonem-un-savienojumiem-90gab\/#primaryimage"},"thumbnailUrl":"https:\/\/cosmetic.lv\/wp-content\/uploads\/2021\/02\/blm-s-4.jpg","datePublished":"2021-02-06T17:55:35+00:00","dateModified":"2021-02-11T20:54:38+00:00","breadcrumb":{"@id":"https:\/\/cosmetic.lv\/lv\/product\/blm-bonem-un-savienojumiem-90gab\/#breadcrumb"},"inLanguage":"lv-LV","potentialAction":[{"@type":"ReadAction","target":["https:\/\/cosmetic.lv\/lv\/product\/blm-bonem-un-savienojumiem-90gab\/"]}]},{"@type":"ImageObject","inLanguage":"lv-LV","@id":"https:\/\/cosmetic.lv\/lv\/product\/blm-bonem-un-savienojumiem-90gab\/#primaryimage","url":"https:\/\/cosmetic.lv\/wp-content\/uploads\/2021\/02\/blm-s-4.jpg","contentUrl":"https:\/\/cosmetic.lv\/wp-content\/uploads\/2021\/02\/blm-s-4.jpg","width":132,"height":240,"caption":"blm-s.jpg"},{"@type":"BreadcrumbList","@id":"https:\/\/cosmetic.lv\/lv\/product\/blm-bonem-un-savienojumiem-90gab\/#breadcrumb","itemListElement":[{"@type":"ListItem","position":1,"name":"Home","item":"https:\/\/cosmetic.lv\/lv\/"},{"@type":"ListItem","position":2,"name":"Veikals","item":"https:\/\/cosmetic.lv\/lv\/veiklas\/"},{"@type":"ListItem","position":3,"name":"BLM (BON\u0112M UN SAVIENOJUMIEM) 90gab"}]},{"@type":"WebSite","@id":"https:\/\/cosmetic.lv\/lv\/#website","url":"https:\/\/cosmetic.lv\/lv\/","name":"cosmetic.lv","description":"Profesion\u0101la kosm\u0113tika - Maria Galland, Keune, Arkadija, GMT, Guam, Magiray","publisher":{"@id":"https:\/\/cosmetic.lv\/lv\/#organization"},"potentialAction":[{"@type":"SearchAction","target":{"@type":"EntryPoint","urlTemplate":"https:\/\/cosmetic.lv\/lv\/?s={search_term_string}"},"query-input":{"@type":"PropertyValueSpecification","valueRequired":true,"valueName":"search_term_string"}}],"inLanguage":"lv-LV"},{"@type":"Organization","@id":"https:\/\/cosmetic.lv\/lv\/#organization","name":"COSMETIC.LV","url":"https:\/\/cosmetic.lv\/lv\/","logo":{"@type":"ImageObject","inLanguage":"lv-LV","@id":"https:\/\/cosmetic.lv\/lv\/#\/schema\/logo\/image\/","url":"https:\/\/cosmetic.lv\/wp-content\/uploads\/2021\/02\/cosmetic.lv_logo.jpg","contentUrl":"https:\/\/cosmetic.lv\/wp-content\/uploads\/2021\/02\/cosmetic.lv_logo.jpg","width":596,"height":196,"caption":"COSMETIC.LV"},"image":{"@id":"https:\/\/cosmetic.lv\/lv\/#\/schema\/logo\/image\/"},"sameAs":["https:\/\/www.facebook.com\/cosmetic.lv\/"]}]},"product_price_amount":"83.79","product_price_currency":"EUR","og_availability":"instock","product_availability":"instock","product_retailer_item_id":"323408","product_condition":"new"},"_links":{"self":[{"href":"https:\/\/cosmetic.lv\/lv\/wp-json\/wp\/v2\/product\/34641","targetHints":{"allow":["GET"]}}],"collection":[{"href":"https:\/\/cosmetic.lv\/lv\/wp-json\/wp\/v2\/product"}],"about":[{"href":"https:\/\/cosmetic.lv\/lv\/wp-json\/wp\/v2\/types\/product"}],"wp:featuredmedia":[{"embeddable":true,"href":"https:\/\/cosmetic.lv\/lv\/wp-json\/wp\/v2\/media\/17029"}],"wp:attachment":[{"href":"https:\/\/cosmetic.lv\/lv\/wp-json\/wp\/v2\/media?parent=34641"}],"wp:term":[{"taxonomy":"product_brand","embeddable":true,"href":"https:\/\/cosmetic.lv\/lv\/wp-json\/wp\/v2\/product_brand?post=34641"},{"taxonomy":"product_cat","embeddable":true,"href":"https:\/\/cosmetic.lv\/lv\/wp-json\/wp\/v2\/product_cat?post=34641"},{"taxonomy":"product_tag","embeddable":true,"href":"https:\/\/cosmetic.lv\/lv\/wp-json\/wp\/v2\/product_tag?post=34641"}],"curies":[{"name":"wp","href":"https:\/\/api.w.org\/{rel}","templated":true}]}}