{"id":34642,"date":"2021-02-05T22:43:32","date_gmt":"2021-02-06T17:55:35","guid":{"rendered":"https:\/\/damme.lv\/product\/comfortone-zarnu-mazgasanai-150gab\/"},"modified":"2021-02-11T22:54:39","modified_gmt":"2021-02-11T20:54:39","slug":"comfortone-zarnu-mazgasanai-150gab","status":"publish","type":"product","link":"https:\/\/cosmetic.lv\/lv\/product\/comfortone-zarnu-mazgasanai-150gab\/","title":{"rendered":"COMFORTONE (zarnu mazg\u0101\u0161anai) 150gab"},"content":{"rendered":"<p>Comfortone (zarnu mazg\u0101\u0161ana)<br \/>\nDaudzums: 150 gabali<\/p>\n<p>&quot;Comfortone&quot; ir \u013coti efekt\u012bvs augu komplekss kapsul\u0101s. T\u0101 satur \u0113terisk\u0101s e\u013c\u013cas un augu ekstraktus, atbalsta gremo\u0161anas sist\u0113mu, kas sp\u0113j no\u0146emt p\u0101rtikas atliek\u0101m no resn\u0101s zarnas, palielinot savu dabisko sp\u0113ju darboties optim\u0101li (peristaltika vado\u0161o norm\u0101li).<\/p>\n<p>\u0160is ir viens no lab\u0101kajiem produktiem, kop\u0101 ar ICP un dz\u012bve 5 att\u012bra kolu.<\/p>\n<p>Comfortone ide\u0101ls nostiprin\u0101t gremo\u0161anas sist\u0113ma nodro\u0161ina pareizu bar\u012bbas vielu uzs\u016bk\u0161anos un to t\u0101l\u0101ku izplat\u012b\u0161anu vis\u0101m sist\u0113m\u0101m un org\u0101niem.<\/p>\n<p>Augu ekstrakti apvienojum\u0101 ar sp\u0113c\u012bgu pretiekaisuma un pretparaz\u012btu \u0113teriskaj\u0101m e\u013c\u013c\u0101m, nov\u0113r\u0161 zarnu spazmas, diskomfortu ku\u0146\u0123a un zarnu trakta, aizciet\u0113jums, v\u0113dera uzp\u016b\u0161an\u0101s, t\u012br\u012bt taisn\u0101s zarnas sienas, izvada toks\u012bnus un paraz\u012btus no zarn\u0101m.<\/p>\n<p>Comfortone &#8211; efekt\u012bva jebkurai att\u012br\u012b\u0161anas metodei un &quot;Detox&quot; programm\u0101m.<\/p>\n<p>Reti Essential Oil Ocotea ir sp\u0113c\u012bgs l\u012bdzeklis pret Candida (s\u0113n\u012b\u0161u infekcija, kas izraisa daudzas vesel\u012bbas probl\u0113mas).<\/p>\n<p>Citas \u0113terisk\u0101s e\u013c\u013cas \u0101rstniecisk\u0101 \u012bpa\u0161\u012bbas \u0161aj\u0101 kompleks\u0101 kompoz\u012bcijas pal\u012bdz not\u012brot aknas, \u017eultsp\u016bslis un iesp\u0113jamo gremo\u0161anas procesu.<\/p>\n<p>Sast\u0101vs:<\/p>\n<p>Smilts\u0113rk\u0161\u0137u Miza (Cascara Sagrada) &#8211; att\u012bra aknas un pal\u012bdz atbr\u012bvot zarnu toks\u012bniem un atkritumiem<br \/>\nPelavas no ce\u013cteka (ce\u013cteka s\u0113klas) &#8211; m\u012bkstas \u0161\u0137iedras, kas absorb\u0113 toks\u012bnus, k\u0101 atvieglot s\u0101pes ku\u0146\u0123\u012b ar aizciet\u0113jumiem, caureju, pal\u012bdz ar meteorisms un sliktu d\u016b\u0161u<br \/>\nS\u0113klas fenheli (fenhe\u013ca s\u0113kl\u0101m) &#8211; pretparaz\u012btu, pretmikrobu, spazmol\u012btiskais, pal\u012bdz regul\u0113t zarnu mikrofloru un palielina sekr\u0113ciju ku\u0146\u0123a sulas<br \/>\n\u0136iploku &#8211; prets\u0113n\u012b\u0161u, pretparaz\u012btu, pretv\u012brusu, stimul\u0113 im\u016bnsist\u0113mu, pal\u012bdz gremo\u0161anas, ir katalizators e\u013c\u013cas; \u0137iploku sulu aptur aug\u0161anu vair\u0101k nek\u0101 60 sugu s\u0113\u0146u un 20 bakt\u0113riju sug\u0101m<br \/>\nBaraviks (garozas) &#8211; atbalsta aknu funkcijas, veicina \u017eults veido\u0161anos, stiprina im\u016bnsist\u0113mu; prets\u0113n\u012b\u0161u, antibakteri\u0101las, pretparaz\u012btu l\u012bdzek\u013ci<br \/>\nEchinacea (root) &#8211; antibakteri\u0101la, pretparaz\u012btu, uzs\u016bc toks\u012bnus taisn\u0101s zarnas, veicina im\u016bno sist\u0113mu<br \/>\nBenton\u012bts &#8211; att\u012bra zarnas, absorb\u0113 toks\u012bnus<br \/>\nDiatom\u012bta milti &#8211; lieliski att\u012bra zarnas, absorb\u0113 dz\u012bvsudrabu, v\u012brusi, bakt\u0113rijas, pestic\u012bdus un neapg\u016bts prote\u012bnus<br \/>\nIngvera sakne &#8211; pretiekaisuma, spazmol\u012btisks, pazemina holester\u012bnu un att\u012bra resn\u0101s zarnas<br \/>\nV\u0101cu kumel\u012b\u0161u (ekstrakts) &#8211; pretmikrobu, pretiekaisuma, spazmol\u012btiskais, nomierino\u0161as zarnas<br \/>\nApple pekt\u012bns &#8211; veicina fermentu veido\u0161anos un atbalsta gremo\u0161anas sist\u0113mu<br \/>\nKajenna pipari &#8211; stimul\u0113 asinsriti<br \/>\n\u0112terisk\u0101s e\u013c\u013cas, kas veido &quot;Comfortone&quot;:<\/p>\n<p>Terragon (Tarragon) \u0113terisk\u0101 e\u013c\u013ca &#8211; samazina zarnu spazmas, pal\u012bdz ar l\u0113no gremo\u0161anu un ferment\u0101cijas<br \/>\nIngvera (ingvera) \u0113terisk\u0101 e\u013c\u013ca &#8211; pal\u012bdz caurejai, apet\u012btes zudumam un aizciet\u0113jumiem<br \/>\nTanger\u012bna (mandar\u012bns) \u0113terisk\u0101 e\u013c\u013ca &#8211; att\u012bra aknas, \u017eultsp\u016b\u0161\u013cus un gremo\u0161anas sist\u0113mu<br \/>\nAn\u012bss (An\u012bss) \u0113terisk\u0101 e\u013c\u013ca &#8211; pretparaz\u012btu, tas pal\u012bdz nov\u0113rst v\u0113dera uzp\u016b\u0161anos un zarnu spazmas<br \/>\nPeppermint (Peppermint) \u0113terisk\u0101 e\u013c\u013ca &#8211; prets\u0113n\u012b\u0161u (samazin\u0101jums no Candida), pretiekaisuma, pretvem\u0161anas, pal\u012bdz ar nelabumu un atvieglo zarnu kolikas<br \/>\nRozmar\u012bns (rozmar\u012bna) \u0113terisk\u0101 e\u013c\u013ca &#8211; prets\u0113n\u012b\u0161u, pretparaz\u012btu, antibakteri\u0101la, l\u012bdzsvaro\u0161anas endokr\u012bno sist\u0113mu, att\u012bra aknas<br \/>\nOcotea (Okoteya) \u0113terisk\u0101 e\u013c\u013ca &#8211; rets kvalit\u0101tes \u0101rstniec\u012bbas e\u013c\u013cas satur augst\u0101kos alfa-humulene (pal\u012bdz organismam neitraliz\u0113t reakciju uz kairin\u0101jumu un iekaisumu), izl\u012bdzina cukura l\u012bmeni asin\u012bs, nov\u0113r\u0161 s\u0113n\u012b\u0161u infekcija (Candida)<br \/>\nV\u0101cu Kumel\u012bte (v\u0101cu kumel\u012bte) \u0113terisk\u0101 e\u013c\u013ca &#8211; pretmikrobu, pretiekaisuma, nov\u0113r\u0161 ekz\u0113mas un ka\u0161\u0137is, regul\u0113 \u017eults, samazin\u0101s g\u013cotu produkciju, samazina spazmas, resn\u0101s zarnas sien\u0101m<br \/>\nLietojums:<\/p>\n<p>\u0146emiet 1-2 kapsulas pirms brokast\u012bm un pirms gul\u0113tie\u0161anas<br \/>\ns\u0101ciet vienm\u0113r ar vienu kapsulu dien\u0101 &#8211; varb\u016bt jums b\u016bs pietiekami<br \/>\nDzert daudz \u016bdens dienas laik\u0101, lai ieg\u016btu vislab\u0101ko rezult\u0101tu<br \/>\nizv\u0113lies savu devu &#8211; ja j\u016bsu zarnas ir v\u0101ji &#8211; samazina kapsulu skaitu<br \/>\nveikt 8 ned\u0113\u013cas, p\u0101rtraukums 2-4 ned\u0113\u013cas un ats\u0101kt<br \/>\nVai varu izmantot &quot;Comfortone&quot; dz\u012bvniekiem? J\u0101. Nelielos daudzumos.<\/p>\n<p>Piesardz\u012bbas pas\u0101kumi:<\/p>\n<p>T\u0101 sast\u0101v no smilts\u0113rk\u0161\u0137u mizas &#8211; gr\u016btniec\u0113m un barojo\u0161\u0101m &#8211; piesardz\u012bgi<br \/>\nB\u0113rni, kas jaun\u0101ki par 12 gadiem, nedr\u012bkst lietot \u0161o produktu<br \/>\np\u0101rtrauciet lietot, ja Jums ir s\u0101pes v\u0113der\u0101, caureja, slikta d\u016b\u0161a vai vem\u0161ana<br \/>\nnep\u0101rsniedziet devu<br \/>\nizmanto\u0161anai kursos<br \/>\nNelietojiet k\u0101 l\u012bdzekli svara zudumam<\/p>\n","protected":false},"excerpt":{"rendered":"<p>Comfortone (zarnu mazg\u0101\u0161ana) Daudzums: 150 gabali &quot;Comfortone&quot; ir \u013coti efekt\u012bvs augu komplekss kapsul\u0101s. T\u0101 satur \u0113terisk\u0101s e\u013c\u013cas un augu ekstraktus,<\/p>\n","protected":false},"featured_media":17032,"template":"","meta":[],"product_brand":[],"product_cat":[2186,2304],"product_tag":[],"class_list":{"0":"post-34642","1":"product","2":"type-product","3":"status-publish","4":"has-post-thumbnail","6":"product_cat-young-living-eteriskas-ellas-un-kosmetika-augstas-kvalitates","7":"product_cat-veseliba-lv","9":"first","10":"instock","11":"taxable","12":"shipping-taxable","13":"purchasable","14":"product-type-simple"},"yoast_head":"<!-- This site is optimized with the Yoast SEO Premium plugin v27.0 (Yoast SEO v27.0) - https:\/\/yoast.com\/product\/yoast-seo-premium-wordpress\/ -->\n<title>COMFORTONE (zarnu mazg\u0101\u0161anai) 150gab - cosmetic.lv<\/title>\n<meta name=\"robots\" content=\"index, follow, max-snippet:-1, max-image-preview:large, max-video-preview:-1\" \/>\n<link rel=\"canonical\" href=\"https:\/\/cosmetic.lv\/lv\/product\/comfortone-zarnu-mazgasanai-150gab\/\" \/>\n<meta property=\"og:locale\" content=\"lv_LV\" \/>\n<meta property=\"og:type\" content=\"article\" \/>\n<meta property=\"og:title\" content=\"COMFORTONE (zarnu mazg\u0101\u0161anai) 150gab\" \/>\n<meta property=\"og:description\" content=\"Comfortone (zarnu mazg\u0101\u0161ana) Daudzums: 150 gabali &quot;Comfortone&quot; ir \u013coti efekt\u012bvs augu komplekss kapsul\u0101s. T\u0101 satur \u0113terisk\u0101s e\u013c\u013cas un augu ekstraktus,\" \/>\n<meta property=\"og:url\" content=\"https:\/\/cosmetic.lv\/lv\/product\/comfortone-zarnu-mazgasanai-150gab\/\" \/>\n<meta property=\"og:site_name\" content=\"cosmetic.lv\" \/>\n<meta property=\"article:publisher\" content=\"https:\/\/www.facebook.com\/cosmetic.lv\/\" \/>\n<meta property=\"article:modified_time\" content=\"2021-02-11T20:54:39+00:00\" \/>\n<meta property=\"og:image\" content=\"https:\/\/cosmetic.lv\/wp-content\/uploads\/2021\/02\/comfortone-s-4.jpg\" \/>\n\t<meta property=\"og:image:width\" content=\"150\" \/>\n\t<meta property=\"og:image:height\" content=\"240\" \/>\n\t<meta property=\"og:image:type\" content=\"image\/jpeg\" \/>\n<meta name=\"twitter:card\" content=\"summary_large_image\" \/>\n<script type=\"application\/ld+json\" class=\"yoast-schema-graph\">{\"@context\":\"https:\/\/schema.org\",\"@graph\":[{\"@type\":\"WebPage\",\"@id\":\"https:\/\/cosmetic.lv\/lv\/product\/comfortone-zarnu-mazgasanai-150gab\/\",\"url\":\"https:\/\/cosmetic.lv\/lv\/product\/comfortone-zarnu-mazgasanai-150gab\/\",\"name\":\"COMFORTONE (zarnu mazg\u0101\u0161anai) 150gab - cosmetic.lv\",\"isPartOf\":{\"@id\":\"https:\/\/cosmetic.lv\/lv\/#website\"},\"primaryImageOfPage\":{\"@id\":\"https:\/\/cosmetic.lv\/lv\/product\/comfortone-zarnu-mazgasanai-150gab\/#primaryimage\"},\"image\":{\"@id\":\"https:\/\/cosmetic.lv\/lv\/product\/comfortone-zarnu-mazgasanai-150gab\/#primaryimage\"},\"thumbnailUrl\":\"https:\/\/cosmetic.lv\/wp-content\/uploads\/2021\/02\/comfortone-s-4.jpg\",\"datePublished\":\"2021-02-06T17:55:35+00:00\",\"dateModified\":\"2021-02-11T20:54:39+00:00\",\"breadcrumb\":{\"@id\":\"https:\/\/cosmetic.lv\/lv\/product\/comfortone-zarnu-mazgasanai-150gab\/#breadcrumb\"},\"inLanguage\":\"lv-LV\",\"potentialAction\":[{\"@type\":\"ReadAction\",\"target\":[\"https:\/\/cosmetic.lv\/lv\/product\/comfortone-zarnu-mazgasanai-150gab\/\"]}]},{\"@type\":\"ImageObject\",\"inLanguage\":\"lv-LV\",\"@id\":\"https:\/\/cosmetic.lv\/lv\/product\/comfortone-zarnu-mazgasanai-150gab\/#primaryimage\",\"url\":\"https:\/\/cosmetic.lv\/wp-content\/uploads\/2021\/02\/comfortone-s-4.jpg\",\"contentUrl\":\"https:\/\/cosmetic.lv\/wp-content\/uploads\/2021\/02\/comfortone-s-4.jpg\",\"width\":150,\"height\":240,\"caption\":\"comfortone-s.jpg\"},{\"@type\":\"BreadcrumbList\",\"@id\":\"https:\/\/cosmetic.lv\/lv\/product\/comfortone-zarnu-mazgasanai-150gab\/#breadcrumb\",\"itemListElement\":[{\"@type\":\"ListItem\",\"position\":1,\"name\":\"Home\",\"item\":\"https:\/\/cosmetic.lv\/lv\/\"},{\"@type\":\"ListItem\",\"position\":2,\"name\":\"Veikals\",\"item\":\"https:\/\/cosmetic.lv\/lv\/veiklas\/\"},{\"@type\":\"ListItem\",\"position\":3,\"name\":\"COMFORTONE (zarnu mazg\u0101\u0161anai) 150gab\"}]},{\"@type\":\"WebSite\",\"@id\":\"https:\/\/cosmetic.lv\/lv\/#website\",\"url\":\"https:\/\/cosmetic.lv\/lv\/\",\"name\":\"cosmetic.lv\",\"description\":\"Profesion\u0101la kosm\u0113tika - Maria Galland, Keune, Arkadija, GMT, Guam, Magiray\",\"publisher\":{\"@id\":\"https:\/\/cosmetic.lv\/lv\/#organization\"},\"potentialAction\":[{\"@type\":\"SearchAction\",\"target\":{\"@type\":\"EntryPoint\",\"urlTemplate\":\"https:\/\/cosmetic.lv\/lv\/?s={search_term_string}\"},\"query-input\":{\"@type\":\"PropertyValueSpecification\",\"valueRequired\":true,\"valueName\":\"search_term_string\"}}],\"inLanguage\":\"lv-LV\"},{\"@type\":\"Organization\",\"@id\":\"https:\/\/cosmetic.lv\/lv\/#organization\",\"name\":\"COSMETIC.LV\",\"url\":\"https:\/\/cosmetic.lv\/lv\/\",\"logo\":{\"@type\":\"ImageObject\",\"inLanguage\":\"lv-LV\",\"@id\":\"https:\/\/cosmetic.lv\/lv\/#\/schema\/logo\/image\/\",\"url\":\"https:\/\/cosmetic.lv\/wp-content\/uploads\/2021\/02\/cosmetic.lv_logo.jpg\",\"contentUrl\":\"https:\/\/cosmetic.lv\/wp-content\/uploads\/2021\/02\/cosmetic.lv_logo.jpg\",\"width\":596,\"height\":196,\"caption\":\"COSMETIC.LV\"},\"image\":{\"@id\":\"https:\/\/cosmetic.lv\/lv\/#\/schema\/logo\/image\/\"},\"sameAs\":[\"https:\/\/www.facebook.com\/cosmetic.lv\/\"]}]}<\/script>\n<meta property=\"product:price:amount\" content=\"67.77\" \/>\n<meta property=\"product:price:currency\" content=\"EUR\" \/>\n<meta property=\"og:availability\" content=\"instock\" \/>\n<meta property=\"product:availability\" content=\"instock\" \/>\n<meta property=\"product:retailer_item_id\" content=\"320408\" \/>\n<meta property=\"product:condition\" content=\"new\" \/>\n<!-- \/ Yoast SEO Premium plugin. -->","yoast_head_json":{"title":"COMFORTONE (zarnu mazg\u0101\u0161anai) 150gab - cosmetic.lv","robots":{"index":"index","follow":"follow","max-snippet":"max-snippet:-1","max-image-preview":"max-image-preview:large","max-video-preview":"max-video-preview:-1"},"canonical":"https:\/\/cosmetic.lv\/lv\/product\/comfortone-zarnu-mazgasanai-150gab\/","og_locale":"lv_LV","og_type":"article","og_title":"COMFORTONE (zarnu mazg\u0101\u0161anai) 150gab","og_description":"Comfortone (zarnu mazg\u0101\u0161ana) Daudzums: 150 gabali &quot;Comfortone&quot; ir \u013coti efekt\u012bvs augu komplekss kapsul\u0101s. T\u0101 satur \u0113terisk\u0101s e\u013c\u013cas un augu ekstraktus,","og_url":"https:\/\/cosmetic.lv\/lv\/product\/comfortone-zarnu-mazgasanai-150gab\/","og_site_name":"cosmetic.lv","article_publisher":"https:\/\/www.facebook.com\/cosmetic.lv\/","article_modified_time":"2021-02-11T20:54:39+00:00","og_image":[{"width":150,"height":240,"url":"https:\/\/cosmetic.lv\/wp-content\/uploads\/2021\/02\/comfortone-s-4.jpg","type":"image\/jpeg"}],"twitter_card":"summary_large_image","schema":{"@context":"https:\/\/schema.org","@graph":[{"@type":"WebPage","@id":"https:\/\/cosmetic.lv\/lv\/product\/comfortone-zarnu-mazgasanai-150gab\/","url":"https:\/\/cosmetic.lv\/lv\/product\/comfortone-zarnu-mazgasanai-150gab\/","name":"COMFORTONE (zarnu mazg\u0101\u0161anai) 150gab - cosmetic.lv","isPartOf":{"@id":"https:\/\/cosmetic.lv\/lv\/#website"},"primaryImageOfPage":{"@id":"https:\/\/cosmetic.lv\/lv\/product\/comfortone-zarnu-mazgasanai-150gab\/#primaryimage"},"image":{"@id":"https:\/\/cosmetic.lv\/lv\/product\/comfortone-zarnu-mazgasanai-150gab\/#primaryimage"},"thumbnailUrl":"https:\/\/cosmetic.lv\/wp-content\/uploads\/2021\/02\/comfortone-s-4.jpg","datePublished":"2021-02-06T17:55:35+00:00","dateModified":"2021-02-11T20:54:39+00:00","breadcrumb":{"@id":"https:\/\/cosmetic.lv\/lv\/product\/comfortone-zarnu-mazgasanai-150gab\/#breadcrumb"},"inLanguage":"lv-LV","potentialAction":[{"@type":"ReadAction","target":["https:\/\/cosmetic.lv\/lv\/product\/comfortone-zarnu-mazgasanai-150gab\/"]}]},{"@type":"ImageObject","inLanguage":"lv-LV","@id":"https:\/\/cosmetic.lv\/lv\/product\/comfortone-zarnu-mazgasanai-150gab\/#primaryimage","url":"https:\/\/cosmetic.lv\/wp-content\/uploads\/2021\/02\/comfortone-s-4.jpg","contentUrl":"https:\/\/cosmetic.lv\/wp-content\/uploads\/2021\/02\/comfortone-s-4.jpg","width":150,"height":240,"caption":"comfortone-s.jpg"},{"@type":"BreadcrumbList","@id":"https:\/\/cosmetic.lv\/lv\/product\/comfortone-zarnu-mazgasanai-150gab\/#breadcrumb","itemListElement":[{"@type":"ListItem","position":1,"name":"Home","item":"https:\/\/cosmetic.lv\/lv\/"},{"@type":"ListItem","position":2,"name":"Veikals","item":"https:\/\/cosmetic.lv\/lv\/veiklas\/"},{"@type":"ListItem","position":3,"name":"COMFORTONE (zarnu mazg\u0101\u0161anai) 150gab"}]},{"@type":"WebSite","@id":"https:\/\/cosmetic.lv\/lv\/#website","url":"https:\/\/cosmetic.lv\/lv\/","name":"cosmetic.lv","description":"Profesion\u0101la kosm\u0113tika - Maria Galland, Keune, Arkadija, GMT, Guam, Magiray","publisher":{"@id":"https:\/\/cosmetic.lv\/lv\/#organization"},"potentialAction":[{"@type":"SearchAction","target":{"@type":"EntryPoint","urlTemplate":"https:\/\/cosmetic.lv\/lv\/?s={search_term_string}"},"query-input":{"@type":"PropertyValueSpecification","valueRequired":true,"valueName":"search_term_string"}}],"inLanguage":"lv-LV"},{"@type":"Organization","@id":"https:\/\/cosmetic.lv\/lv\/#organization","name":"COSMETIC.LV","url":"https:\/\/cosmetic.lv\/lv\/","logo":{"@type":"ImageObject","inLanguage":"lv-LV","@id":"https:\/\/cosmetic.lv\/lv\/#\/schema\/logo\/image\/","url":"https:\/\/cosmetic.lv\/wp-content\/uploads\/2021\/02\/cosmetic.lv_logo.jpg","contentUrl":"https:\/\/cosmetic.lv\/wp-content\/uploads\/2021\/02\/cosmetic.lv_logo.jpg","width":596,"height":196,"caption":"COSMETIC.LV"},"image":{"@id":"https:\/\/cosmetic.lv\/lv\/#\/schema\/logo\/image\/"},"sameAs":["https:\/\/www.facebook.com\/cosmetic.lv\/"]}]},"product_price_amount":"67.77","product_price_currency":"EUR","og_availability":"instock","product_availability":"instock","product_retailer_item_id":"320408","product_condition":"new"},"_links":{"self":[{"href":"https:\/\/cosmetic.lv\/lv\/wp-json\/wp\/v2\/product\/34642","targetHints":{"allow":["GET"]}}],"collection":[{"href":"https:\/\/cosmetic.lv\/lv\/wp-json\/wp\/v2\/product"}],"about":[{"href":"https:\/\/cosmetic.lv\/lv\/wp-json\/wp\/v2\/types\/product"}],"wp:featuredmedia":[{"embeddable":true,"href":"https:\/\/cosmetic.lv\/lv\/wp-json\/wp\/v2\/media\/17032"}],"wp:attachment":[{"href":"https:\/\/cosmetic.lv\/lv\/wp-json\/wp\/v2\/media?parent=34642"}],"wp:term":[{"taxonomy":"product_brand","embeddable":true,"href":"https:\/\/cosmetic.lv\/lv\/wp-json\/wp\/v2\/product_brand?post=34642"},{"taxonomy":"product_cat","embeddable":true,"href":"https:\/\/cosmetic.lv\/lv\/wp-json\/wp\/v2\/product_cat?post=34642"},{"taxonomy":"product_tag","embeddable":true,"href":"https:\/\/cosmetic.lv\/lv\/wp-json\/wp\/v2\/product_tag?post=34642"}],"curies":[{"name":"wp","href":"https:\/\/api.w.org\/{rel}","templated":true}]}}