{"id":34643,"date":"2021-02-05T22:43:32","date_gmt":"2021-02-06T17:55:35","guid":{"rendered":"https:\/\/damme.lv\/product\/detoxzime-detox-180gab\/"},"modified":"2021-02-11T22:54:39","modified_gmt":"2021-02-11T20:54:39","slug":"detoxzime-detox-180gab","status":"publish","type":"product","link":"https:\/\/cosmetic.lv\/lv\/product\/detoxzime-detox-180gab\/","title":{"rendered":"DETOXZ\u012aME (DETOX) 180gab"},"content":{"rendered":"<p>Detoxzyme (Detox) Detoxzyme satur: sp\u0113c\u012bgas un efekt\u012bvas \u0113terisk\u0101s e\u013c\u013cas daudz \u0101trgaitas fermentu, kas pal\u012bdz gremo\u0161anas proces\u0101, att\u012bra un no\u0146em toks\u012bnus Mikroelementi, kas pal\u012bdz att\u012br\u012bt toks\u012bnus Fermenti \u0161aj\u0101 produkt\u0101 ir paredz\u0113ti, lai sagremotu cietes, cukuru, olbaltumvielu un tauku saturu, pazemina holester\u012bna un triglicer\u012bdu l\u012bmeni. Detoxzyme pal\u012bdz atv\u0113rt \u017eultsp\u016b\u0161\u013ca kan\u0101lus, att\u012bra aknas, nov\u0113r\u0161 Candida s\u0113n\u012b\u0161u infekcijas pieaugumu un mazina paraz\u012btus. Detoxzyme satur ar\u012b fit\u0101zi, fermentu, kas ir svar\u012bgs cilv\u0113kiem, kas izv\u0113las ve\u0123et\u0101ro \u0113dienu. Fit\u0101ze neitraliz\u0113 fit\u012bnsk\u0101bi, pal\u012bdz asinil\u0113t miner\u0101lvielas, kas atrodas graudos, rieks\u0146os, s\u0113kl\u0101s. \u0160ie produkti ir augstu svar\u012bgas miner\u0101lvielas, bet nav pieejami cilv\u0113ka organism\u0101, jo tie ir saist\u012bti ar ne\u0161\u0137\u012bsto\u0161\u0101s nav sagremojams fit\u012bnsk\u0101be kompleksiem. L\u012bdz 90 procentiem magnija, k\u0101lija, cinka produktiem, piem\u0113ram, mie\u017eiem, Indijas rieksti, valrieksti, r\u012bsi nevar uzs\u016bcas gremo\u0161anas sist\u0113m\u0101, ja nav fit\u0101zi. Ir svar\u012bgi lietot fermenti svara zuduma programm\u0101, izmantojot jebkuru organisma detoksik\u0101cijas metodi. Vair\u0101k par gremo\u0161anas fermentiem un fermentu veidiem. Detoxzyme palielina ener\u0123ijas l\u012bmeni un optim\u0101lu vesel\u012bbu. Sast\u0101vs: Amil\u0101ze (amil\u0101ze) ir sp\u0113c\u012bgs fermentu celmu sagremo\u0161anas process (sadal\u0101s l\u012bdz cukuriem), nov\u0113r\u0161 ferment\u0101ciju gremo\u0161anas sist\u0113m\u0101 Invert\u0101ze (Invert\u0101ze) &#8211; sadal\u0101s cukur\u0101 ar glikozi Prote\u0101zes 4,5 (Protease) ir ferments, kas sagremo olbaltumvielas, kas paredz\u0113ti darbam da\u017e\u0101dos sk\u0101buma apst\u0101k\u013cos (pH). Sk\u0101bes prote\u0101zes ir nepiecie\u0161amas, lai veidotu aminosk\u0101bes ku\u0146\u0123\u012b, bet s\u0101rma prote\u0101zes darbojas efekt\u012bv\u0101k resn\u0101s zarnas Glikoamil\u0101ze (glikoamil\u0101ze) ir gremo\u0161anas ferments, kas p\u0101rveido cieti uz cukuriem Bromel\u012bns (Bromelains) &#8211; no anan\u0101siem izgatavots proteol\u012bzes ferments, pal\u012bdz digest\u0113t og\u013chidr\u0101tus Fit\u0101ze ir fit\u012bna sk\u0101bes katalizators lab\u012bb\u0101s un e\u013c\u013cas augu s\u0113kl\u0101s Lipase &#8211; ferments, kas sagremo taukus, ir vit\u0101li svar\u012bga D, E un A vitam\u012bnu pien\u0101c\u012bgai asimil\u0101cijai Celuloze (celul\u0101ze) ir ferments, kas izn\u012bcina celulozi Alfa-galaktozid\u0101zes (alfa galaktozid\u0101zes) &#8211; pal\u012bdz sagremot saliktos og\u013chidr\u0101tus (p\u0101k\u0161augi, graudaugi, e\u013c\u013cas kult\u016br\u0101m, sak\u0146augus un pazemes stubl\u0101ji), kas veido g\u0101zes un v\u0113dera uzp\u016b\u0161an\u0101s Lakt\u0101ze (lakt\u0101ze) ir ferments, kas laktozi no\u0101rda ar glikozi; Glikoze ir ener\u0123ijas avots katr\u0101 \u0161\u016bn\u0101 R\u012bsu klijas &#8211; bag\u0101tas ar neaizst\u0101jam\u0101m tauksk\u0101b\u0113m un antioksidantiem, mang\u0101na avotu, sel\u0113nu, magniju; aizsarg\u0101t pret sirds un asinsvadu slim\u012bb\u0101m un v\u0113zi \u0136imenes &#8211; veicina gremo\u0161anu un stimul\u0113 enz\u012bmu aktivit\u0101ti Sil\u012bcijs &#8211; uzlabo visu saistaudu strukt\u016bru organism\u0101, veido kaulaudu \u0112terisk\u0101s e\u013c\u013cas, kas veido Detoxzyme: \u0136imenes (\u0136imenes) \u0113terisk\u0101 e\u013c\u013ca &#8211; pal\u012bdz ar gremo\u0161anu, pretparaz\u012btu, pretiekaisuma, pretv\u012brusu Fenhe\u013ca (fenhe\u013ca) \u0113terisk\u0101 e\u013c\u013ca &#8211; antiseptiska, stimul\u0113 asinsrites sist\u0113mu; paaugstina \u017eults izdal\u012b\u0161anos un atjauno aknu \u0161\u016bnu (hepatoc\u012btu) aktivit\u0101ti An\u012bsa (an\u012bsa) \u0113terisk\u0101 e\u013c\u013ca &#8211; pal\u012bdz nov\u0113rst v\u0113dera uzp\u016b\u0161anos, resn\u0101s zarnas un ku\u0146\u0123a krampjus, antiparaz\u012btu l\u012bdzekli Pielieto\u0161anas metode: \u0145emiet 1 kapsulu dien\u0101, 30 min\u016btes pirms brokast\u012bm Vai 2-3 kapsulas 3 reizes dien\u0101 starp \u0113dienreiz\u0113m Vai es varu to izmantot m\u0101jdz\u012bvniekiem? J\u0101. Kapsula ir maza, t\u0101p\u0113c to ir viegli lietot Katram vai mazam suns: lietojiet \u00bd vai 1 kapsulu dien\u0101 Vid\u0113jam su\u0146iem: 1-2 kapsulas dien\u0101 Lielam suns: 2-4 kapsulas dien\u0101 Sadaliet devu 2-3 \u0113dienreiz\u0113s J\u016bs varat piln\u012bgi mier\u012bgi dot \u0161os enz\u012bmus saviem ka\u0137iem un su\u0146iem. Tas ir \u012bpa\u0161i svar\u012bgi tiem dz\u012bvniekiem, kuri sa\u0146em produktus, kas satur kvie\u0161u lipekli un v\u0101r\u012btu ga\u013cu vai zivis! M\u016bsu m\u0101jdz\u012bvniekiem ir aler\u0123ija, gremo\u0161anas probl\u0113mas, bl\u0101vi mati. Visi gremo\u0161anas enz\u012bmu ieguvumi attiecas uz m\u0101jdz\u012bvniekiem!<\/p>\n<p>180gab<\/p>\n","protected":false},"excerpt":{"rendered":"<p>Detoxzyme (Detox) Detoxzyme satur: sp\u0113c\u012bgas un efekt\u012bvas \u0113terisk\u0101s e\u013c\u013cas daudz \u0101trgaitas fermentu, kas pal\u012bdz gremo\u0161anas proces\u0101, att\u012bra un no\u0146em toks\u012bnus<\/p>\n","protected":false},"featured_media":17035,"template":"","meta":[],"product_brand":[],"product_cat":[2186,2304],"product_tag":[],"class_list":{"0":"post-34643","1":"product","2":"type-product","3":"status-publish","4":"has-post-thumbnail","6":"product_cat-young-living-eteriskas-ellas-un-kosmetika-augstas-kvalitates","7":"product_cat-veseliba-lv","9":"first","10":"instock","11":"taxable","12":"shipping-taxable","13":"purchasable","14":"product-type-simple"},"yoast_head":"<!-- This site is optimized with the Yoast SEO Premium plugin v27.0 (Yoast SEO v27.0) - https:\/\/yoast.com\/product\/yoast-seo-premium-wordpress\/ -->\n<title>DETOXZ\u012aME (DETOX) 180gab - cosmetic.lv<\/title>\n<meta name=\"robots\" content=\"index, follow, max-snippet:-1, max-image-preview:large, max-video-preview:-1\" \/>\n<link rel=\"canonical\" href=\"https:\/\/cosmetic.lv\/lv\/product\/detoxzime-detox-180gab\/\" \/>\n<meta property=\"og:locale\" content=\"lv_LV\" \/>\n<meta property=\"og:type\" content=\"article\" \/>\n<meta property=\"og:title\" content=\"DETOXZ\u012aME (DETOX) 180gab\" \/>\n<meta property=\"og:description\" content=\"Detoxzyme (Detox) Detoxzyme satur: sp\u0113c\u012bgas un efekt\u012bvas \u0113terisk\u0101s e\u013c\u013cas daudz \u0101trgaitas fermentu, kas pal\u012bdz gremo\u0161anas proces\u0101, att\u012bra un no\u0146em toks\u012bnus\" \/>\n<meta property=\"og:url\" content=\"https:\/\/cosmetic.lv\/lv\/product\/detoxzime-detox-180gab\/\" \/>\n<meta property=\"og:site_name\" content=\"cosmetic.lv\" \/>\n<meta property=\"article:publisher\" content=\"https:\/\/www.facebook.com\/cosmetic.lv\/\" \/>\n<meta property=\"article:modified_time\" content=\"2021-02-11T20:54:39+00:00\" \/>\n<meta property=\"og:image\" content=\"https:\/\/cosmetic.lv\/wp-content\/uploads\/2021\/02\/detoxzyme-s-4.jpg\" \/>\n\t<meta property=\"og:image:width\" content=\"148\" \/>\n\t<meta property=\"og:image:height\" content=\"240\" \/>\n\t<meta property=\"og:image:type\" content=\"image\/jpeg\" \/>\n<meta name=\"twitter:card\" content=\"summary_large_image\" \/>\n<script type=\"application\/ld+json\" class=\"yoast-schema-graph\">{\"@context\":\"https:\/\/schema.org\",\"@graph\":[{\"@type\":\"WebPage\",\"@id\":\"https:\/\/cosmetic.lv\/lv\/product\/detoxzime-detox-180gab\/\",\"url\":\"https:\/\/cosmetic.lv\/lv\/product\/detoxzime-detox-180gab\/\",\"name\":\"DETOXZ\u012aME (DETOX) 180gab - cosmetic.lv\",\"isPartOf\":{\"@id\":\"https:\/\/cosmetic.lv\/lv\/#website\"},\"primaryImageOfPage\":{\"@id\":\"https:\/\/cosmetic.lv\/lv\/product\/detoxzime-detox-180gab\/#primaryimage\"},\"image\":{\"@id\":\"https:\/\/cosmetic.lv\/lv\/product\/detoxzime-detox-180gab\/#primaryimage\"},\"thumbnailUrl\":\"https:\/\/cosmetic.lv\/wp-content\/uploads\/2021\/02\/detoxzyme-s-4.jpg\",\"datePublished\":\"2021-02-06T17:55:35+00:00\",\"dateModified\":\"2021-02-11T20:54:39+00:00\",\"breadcrumb\":{\"@id\":\"https:\/\/cosmetic.lv\/lv\/product\/detoxzime-detox-180gab\/#breadcrumb\"},\"inLanguage\":\"lv-LV\",\"potentialAction\":[{\"@type\":\"ReadAction\",\"target\":[\"https:\/\/cosmetic.lv\/lv\/product\/detoxzime-detox-180gab\/\"]}]},{\"@type\":\"ImageObject\",\"inLanguage\":\"lv-LV\",\"@id\":\"https:\/\/cosmetic.lv\/lv\/product\/detoxzime-detox-180gab\/#primaryimage\",\"url\":\"https:\/\/cosmetic.lv\/wp-content\/uploads\/2021\/02\/detoxzyme-s-4.jpg\",\"contentUrl\":\"https:\/\/cosmetic.lv\/wp-content\/uploads\/2021\/02\/detoxzyme-s-4.jpg\",\"width\":148,\"height\":240,\"caption\":\"detoxzyme-s.jpg\"},{\"@type\":\"BreadcrumbList\",\"@id\":\"https:\/\/cosmetic.lv\/lv\/product\/detoxzime-detox-180gab\/#breadcrumb\",\"itemListElement\":[{\"@type\":\"ListItem\",\"position\":1,\"name\":\"Home\",\"item\":\"https:\/\/cosmetic.lv\/lv\/\"},{\"@type\":\"ListItem\",\"position\":2,\"name\":\"Veikals\",\"item\":\"https:\/\/cosmetic.lv\/lv\/veiklas\/\"},{\"@type\":\"ListItem\",\"position\":3,\"name\":\"DETOXZ\u012aME (DETOX) 180gab\"}]},{\"@type\":\"WebSite\",\"@id\":\"https:\/\/cosmetic.lv\/lv\/#website\",\"url\":\"https:\/\/cosmetic.lv\/lv\/\",\"name\":\"cosmetic.lv\",\"description\":\"Profesion\u0101la kosm\u0113tika - Maria Galland, Keune, Arkadija, GMT, Guam, Magiray\",\"publisher\":{\"@id\":\"https:\/\/cosmetic.lv\/lv\/#organization\"},\"potentialAction\":[{\"@type\":\"SearchAction\",\"target\":{\"@type\":\"EntryPoint\",\"urlTemplate\":\"https:\/\/cosmetic.lv\/lv\/?s={search_term_string}\"},\"query-input\":{\"@type\":\"PropertyValueSpecification\",\"valueRequired\":true,\"valueName\":\"search_term_string\"}}],\"inLanguage\":\"lv-LV\"},{\"@type\":\"Organization\",\"@id\":\"https:\/\/cosmetic.lv\/lv\/#organization\",\"name\":\"COSMETIC.LV\",\"url\":\"https:\/\/cosmetic.lv\/lv\/\",\"logo\":{\"@type\":\"ImageObject\",\"inLanguage\":\"lv-LV\",\"@id\":\"https:\/\/cosmetic.lv\/lv\/#\/schema\/logo\/image\/\",\"url\":\"https:\/\/cosmetic.lv\/wp-content\/uploads\/2021\/02\/cosmetic.lv_logo.jpg\",\"contentUrl\":\"https:\/\/cosmetic.lv\/wp-content\/uploads\/2021\/02\/cosmetic.lv_logo.jpg\",\"width\":596,\"height\":196,\"caption\":\"COSMETIC.LV\"},\"image\":{\"@id\":\"https:\/\/cosmetic.lv\/lv\/#\/schema\/logo\/image\/\"},\"sameAs\":[\"https:\/\/www.facebook.com\/cosmetic.lv\/\"]}]}<\/script>\n<meta property=\"product:price:amount\" content=\"81.74\" \/>\n<meta property=\"product:price:currency\" content=\"EUR\" \/>\n<meta property=\"og:availability\" content=\"instock\" \/>\n<meta property=\"product:availability\" content=\"instock\" \/>\n<meta property=\"product:retailer_item_id\" content=\"320308\" \/>\n<meta property=\"product:condition\" content=\"new\" \/>\n<!-- \/ Yoast SEO Premium plugin. -->","yoast_head_json":{"title":"DETOXZ\u012aME (DETOX) 180gab - cosmetic.lv","robots":{"index":"index","follow":"follow","max-snippet":"max-snippet:-1","max-image-preview":"max-image-preview:large","max-video-preview":"max-video-preview:-1"},"canonical":"https:\/\/cosmetic.lv\/lv\/product\/detoxzime-detox-180gab\/","og_locale":"lv_LV","og_type":"article","og_title":"DETOXZ\u012aME (DETOX) 180gab","og_description":"Detoxzyme (Detox) Detoxzyme satur: sp\u0113c\u012bgas un efekt\u012bvas \u0113terisk\u0101s e\u013c\u013cas daudz \u0101trgaitas fermentu, kas pal\u012bdz gremo\u0161anas proces\u0101, att\u012bra un no\u0146em toks\u012bnus","og_url":"https:\/\/cosmetic.lv\/lv\/product\/detoxzime-detox-180gab\/","og_site_name":"cosmetic.lv","article_publisher":"https:\/\/www.facebook.com\/cosmetic.lv\/","article_modified_time":"2021-02-11T20:54:39+00:00","og_image":[{"width":148,"height":240,"url":"https:\/\/cosmetic.lv\/wp-content\/uploads\/2021\/02\/detoxzyme-s-4.jpg","type":"image\/jpeg"}],"twitter_card":"summary_large_image","schema":{"@context":"https:\/\/schema.org","@graph":[{"@type":"WebPage","@id":"https:\/\/cosmetic.lv\/lv\/product\/detoxzime-detox-180gab\/","url":"https:\/\/cosmetic.lv\/lv\/product\/detoxzime-detox-180gab\/","name":"DETOXZ\u012aME (DETOX) 180gab - cosmetic.lv","isPartOf":{"@id":"https:\/\/cosmetic.lv\/lv\/#website"},"primaryImageOfPage":{"@id":"https:\/\/cosmetic.lv\/lv\/product\/detoxzime-detox-180gab\/#primaryimage"},"image":{"@id":"https:\/\/cosmetic.lv\/lv\/product\/detoxzime-detox-180gab\/#primaryimage"},"thumbnailUrl":"https:\/\/cosmetic.lv\/wp-content\/uploads\/2021\/02\/detoxzyme-s-4.jpg","datePublished":"2021-02-06T17:55:35+00:00","dateModified":"2021-02-11T20:54:39+00:00","breadcrumb":{"@id":"https:\/\/cosmetic.lv\/lv\/product\/detoxzime-detox-180gab\/#breadcrumb"},"inLanguage":"lv-LV","potentialAction":[{"@type":"ReadAction","target":["https:\/\/cosmetic.lv\/lv\/product\/detoxzime-detox-180gab\/"]}]},{"@type":"ImageObject","inLanguage":"lv-LV","@id":"https:\/\/cosmetic.lv\/lv\/product\/detoxzime-detox-180gab\/#primaryimage","url":"https:\/\/cosmetic.lv\/wp-content\/uploads\/2021\/02\/detoxzyme-s-4.jpg","contentUrl":"https:\/\/cosmetic.lv\/wp-content\/uploads\/2021\/02\/detoxzyme-s-4.jpg","width":148,"height":240,"caption":"detoxzyme-s.jpg"},{"@type":"BreadcrumbList","@id":"https:\/\/cosmetic.lv\/lv\/product\/detoxzime-detox-180gab\/#breadcrumb","itemListElement":[{"@type":"ListItem","position":1,"name":"Home","item":"https:\/\/cosmetic.lv\/lv\/"},{"@type":"ListItem","position":2,"name":"Veikals","item":"https:\/\/cosmetic.lv\/lv\/veiklas\/"},{"@type":"ListItem","position":3,"name":"DETOXZ\u012aME (DETOX) 180gab"}]},{"@type":"WebSite","@id":"https:\/\/cosmetic.lv\/lv\/#website","url":"https:\/\/cosmetic.lv\/lv\/","name":"cosmetic.lv","description":"Profesion\u0101la kosm\u0113tika - Maria Galland, Keune, Arkadija, GMT, Guam, Magiray","publisher":{"@id":"https:\/\/cosmetic.lv\/lv\/#organization"},"potentialAction":[{"@type":"SearchAction","target":{"@type":"EntryPoint","urlTemplate":"https:\/\/cosmetic.lv\/lv\/?s={search_term_string}"},"query-input":{"@type":"PropertyValueSpecification","valueRequired":true,"valueName":"search_term_string"}}],"inLanguage":"lv-LV"},{"@type":"Organization","@id":"https:\/\/cosmetic.lv\/lv\/#organization","name":"COSMETIC.LV","url":"https:\/\/cosmetic.lv\/lv\/","logo":{"@type":"ImageObject","inLanguage":"lv-LV","@id":"https:\/\/cosmetic.lv\/lv\/#\/schema\/logo\/image\/","url":"https:\/\/cosmetic.lv\/wp-content\/uploads\/2021\/02\/cosmetic.lv_logo.jpg","contentUrl":"https:\/\/cosmetic.lv\/wp-content\/uploads\/2021\/02\/cosmetic.lv_logo.jpg","width":596,"height":196,"caption":"COSMETIC.LV"},"image":{"@id":"https:\/\/cosmetic.lv\/lv\/#\/schema\/logo\/image\/"},"sameAs":["https:\/\/www.facebook.com\/cosmetic.lv\/"]}]},"product_price_amount":"81.74","product_price_currency":"EUR","og_availability":"instock","product_availability":"instock","product_retailer_item_id":"320308","product_condition":"new"},"_links":{"self":[{"href":"https:\/\/cosmetic.lv\/lv\/wp-json\/wp\/v2\/product\/34643","targetHints":{"allow":["GET"]}}],"collection":[{"href":"https:\/\/cosmetic.lv\/lv\/wp-json\/wp\/v2\/product"}],"about":[{"href":"https:\/\/cosmetic.lv\/lv\/wp-json\/wp\/v2\/types\/product"}],"wp:featuredmedia":[{"embeddable":true,"href":"https:\/\/cosmetic.lv\/lv\/wp-json\/wp\/v2\/media\/17035"}],"wp:attachment":[{"href":"https:\/\/cosmetic.lv\/lv\/wp-json\/wp\/v2\/media?parent=34643"}],"wp:term":[{"taxonomy":"product_brand","embeddable":true,"href":"https:\/\/cosmetic.lv\/lv\/wp-json\/wp\/v2\/product_brand?post=34643"},{"taxonomy":"product_cat","embeddable":true,"href":"https:\/\/cosmetic.lv\/lv\/wp-json\/wp\/v2\/product_cat?post=34643"},{"taxonomy":"product_tag","embeddable":true,"href":"https:\/\/cosmetic.lv\/lv\/wp-json\/wp\/v2\/product_tag?post=34643"}],"curies":[{"name":"wp","href":"https:\/\/api.w.org\/{rel}","templated":true}]}}