{"id":34644,"date":"2021-02-05T22:43:42","date_gmt":"2021-02-06T17:55:43","guid":{"rendered":"https:\/\/damme.lv\/product\/cigest-cleanse-partikas-trauku-tirisana-30gab\/"},"modified":"2021-02-11T22:54:36","modified_gmt":"2021-02-11T20:54:36","slug":"cigest-cleanse-partikas-trauku-tirisana-30gab","status":"publish","type":"product","link":"https:\/\/cosmetic.lv\/lv\/product\/cigest-cleanse-partikas-trauku-tirisana-30gab\/","title":{"rendered":"CIGEST &#038; CLEANSE (P\u0100RTIKAS TRAUKU T\u012aR\u012a\u0160ANA) 30gab"},"content":{"rendered":"<p>Didest &#038; Cleance (gremo\u0161anas un t\u012br\u012b\u0161ana)<br \/>\nNatural papildin\u0101jums Didest &#038; Cleance paredz\u0113ti, lai nov\u0113rstu ku\u0146\u0123a-zarnu trakta rastrojstva un atbalst\u012bt vesel\u012bgu gremo\u0161anu.<\/p>\n<p>Kompoz\u012bcij\u0101 ietilpst kl\u012bniski pier\u0101d\u012btas terapeitisk\u0101s kvalit\u0101tes \u0113terisk\u0101s e\u013c\u013cas<br \/>\n\u0112terisk\u0101s e\u013c\u013cas str\u0101d\u0101 siner\u0123iski, lai pal\u012bdz\u0113tu nomierin\u0101t diskomfortu gremo\u0161anas sist\u0113mai, nov\u0113r\u0161 v\u0113dera uzp\u016b\u0161an\u0101s, stimul\u0113 sekr\u0113ciju ku\u0146\u0123a sulas<br \/>\n\u0112terisk\u0101s e\u013c\u013cas ir \u012bpa\u0161\u0101 kapsul\u0101, kas iz\u0161\u0137\u012bst tikai zarn\u0101s; tas nodro\u0161ina optim\u0101lu e\u013c\u013cu uzs\u016bk\u0161anos<br \/>\nLaba vesel\u012bba vienm\u0113r s\u0101kas ar vesel\u012bgu gremo\u0161anu<br \/>\nStress, p\u0101r\u0113\u0161an\u0101s, toks\u012bni var trauc\u0113t norm\u0101lu funkcion\u0113\u0161anu gremo\u0161anas sist\u0113mu, izraisot saind\u0113\u0161anos, krampji, v\u0113dera uzp\u016b\u0161an\u0101s, slikta d\u016b\u0161a<br \/>\n&quot;Didest &#038; Cleance&quot; sast\u0101v\u0101 ietilpst terapeitisk\u0101s kvalit\u0101tes \u0113terisk\u0101s e\u013c\u013cas Young Living:<\/p>\n<p>Peppermint (Peppermint) \u0113terisk\u0101 e\u013c\u013ca &#8211; pretiekaisuma, pretv\u012brusu, spazmol\u012btiskais, prets\u0101pju; nomierina gremo\u0161anas traktu; veicina peristaltiku; izn\u012bcina bakt\u0113rijas, raugs, s\u0113n\u012b\u0161u infekciju un pel\u0113jumu; atbalsta endokr\u012bno sist\u0113mu un nervu sist\u0113mu<\/p>\n<p>\u0136imenes (\u0136imenes) \u0113terisk\u0101 e\u013c\u013ca &#8211; stiprina imunit\u0101ti un atjauno DNS; stimul\u0113 gremo\u0161anu, nomierina zarnu spazmas; antiseptisks, antibakteri\u0101ls, pretiekaisuma l\u012bdzeklis<\/p>\n<p>Lemon (Limon) \u0113terisk\u0101 e\u013c\u013ca &#8211; antiseptiska, imunostimulators, veicina veido\u0161anos leikoc\u012btu, nomierino\u0161s, antidepresantu, ir \u013coti pat\u012bkama smar\u017ea; T\u012bra, pacelta, veicina labkl\u0101j\u012bbas saj\u016btu<\/p>\n<p>Ingvera (ingvera) \u0113terisk\u0101 e\u013c\u013ca &#8211; uzlabo gremo\u0161anu, samazina g\u0101z\u0113\u0161anu; pal\u012bdz caurejai, apet\u012btes zudumam un aizciet\u0113jumiem<\/p>\n<p>Fenhe\u013ca (fenhe\u013ca) \u0113terisk\u0101 e\u013c\u013ca &#8211; antiseptiska, stimul\u0113 asinsrites sist\u0113mu; uzlabo gremo\u0161anu un aizku\u0146\u0123a dziedzera darb\u012bbu; Tas palielina izdal\u012bt\u0101 \u017eults un atjauno aktivit\u0101ti aknu \u0161\u016bn\u0101s (hepatoc\u012btos); nov\u0113r\u0161 v\u0113zi un sliktu d\u016b\u0161u<\/p>\n<p>An\u012bss (An\u012bss) \u0113terisk\u0101 e\u013c\u013ca &#8211; pretparaz\u012btu, tas pal\u012bdz nov\u0113rst v\u0113dera uzp\u016b\u0161anos un zarnu spazmas<\/p>\n<p>Da\u013c\u0113ja (neapstr\u0101d\u0101ta) kokosriekstu e\u013c\u013ca &#8211; k\u0101 nes\u0113jvielas e\u013c\u013ca, stabiliz\u0113 mais\u012bjuma b\u0101zi.<\/p>\n<p>Veikt Lielo un Cleance par:<\/p>\n<p>Uzlabo gremo\u0161anas sist\u0113mu<br \/>\nNomierina zarnas<br \/>\nStimul\u0113t ku\u0146\u0123a sulas sekr\u0113ciju<br \/>\nTuk\u0161\u0101 zarnas t\u012br\u012b\u0161ana un detoksik\u0101cija<br \/>\nVesela zarnu peristaltikas stimul\u0113\u0161ana<br \/>\nPielieto\u0161anas metode:<\/p>\n<p>1 \u0113dienreizi pa 1-2 kapsul\u0101m 1 reizi dien\u0101<\/p>\n<p>Vai es varu to izmantot m\u0101jdz\u012bvniekiem? J\u0101.<\/p>\n<p>Didest &#038; Cleance nav izmantots ka\u0137iem<br \/>\nVar lietot su\u0146iem, bet mazos daudzumos<br \/>\nDz\u012bvniekiem lab\u0101k izmantot fermentus (enz\u012bmus)<br \/>\nFermenti un ka\u0137i<\/p>\n<p>J\u016bs varat piln\u012bgi mier\u012bgi dot \u0161os enz\u012bmus saviem ka\u0137iem un su\u0146iem. Tas ir \u012bpa\u0161i svar\u012bgi tiem dz\u012bvniekiem, kuri sa\u0146em produktus, kas satur kvie\u0161u lipekli un v\u0101r\u012btu ga\u013cu vai zivis! M\u016bsu m\u0101jdz\u012bvniekiem ir aler\u0123ija, gremo\u0161anas probl\u0113mas, bl\u0101vi mati. Visi gremo\u0161anas enz\u012bmu ieguvumi attiecas uz m\u0101jdz\u012bvniekiem!<\/p>\n<p>K\u0101 cit\u0101di es varu pal\u012bdz\u0113t saviem m\u0101jdz\u012bvniekiem?<\/p>\n<p>Piesardz\u012bbas pas\u0101kumi:<\/p>\n<p>nav kontrindik\u0101ciju<br \/>\nuzglab\u0101t v\u0113s\u0101, saus\u0101 viet\u0101<br \/>\nglab\u0101t b\u0113rniem nepieejam\u0101 viet\u0101<br \/>\nNepak\u013caujiet augst\u0101m temperat\u016br\u0101m un tie\u0161iem saules stariem<br \/>\nja jums ir vesel\u012bbas st\u0101voklis, konsult\u0113jieties ar \u0101rstu<br \/>\nJa esat gr\u016btniece, konsult\u0113jieties ar \u0101rstu<\/p>\n<p>30gab<\/p>\n","protected":false},"excerpt":{"rendered":"<p>Didest &#038; Cleance (gremo\u0161anas un t\u012br\u012b\u0161ana) Natural papildin\u0101jums Didest &#038; Cleance paredz\u0113ti, lai nov\u0113rstu ku\u0146\u0123a-zarnu trakta rastrojstva un atbalst\u012bt vesel\u012bgu<\/p>\n","protected":false},"featured_media":17038,"template":"","meta":[],"product_brand":[],"product_cat":[2186,2304],"product_tag":[],"class_list":{"0":"post-34644","1":"product","2":"type-product","3":"status-publish","4":"has-post-thumbnail","6":"product_cat-young-living-eteriskas-ellas-un-kosmetika-augstas-kvalitates","7":"product_cat-veseliba-lv","9":"first","10":"instock","11":"taxable","12":"shipping-taxable","13":"purchasable","14":"product-type-simple"},"yoast_head":"<!-- This site is optimized with the Yoast SEO Premium plugin v27.0 (Yoast SEO v27.0) - https:\/\/yoast.com\/product\/yoast-seo-premium-wordpress\/ -->\n<title>CIGEST &amp; CLEANSE (P\u0100RTIKAS TRAUKU T\u012aR\u012a\u0160ANA) 30gab - cosmetic.lv<\/title>\n<meta name=\"robots\" content=\"index, follow, max-snippet:-1, max-image-preview:large, max-video-preview:-1\" \/>\n<link rel=\"canonical\" href=\"https:\/\/cosmetic.lv\/lv\/product\/cigest-cleanse-partikas-trauku-tirisana-30gab\/\" \/>\n<meta property=\"og:locale\" content=\"lv_LV\" \/>\n<meta property=\"og:type\" content=\"article\" \/>\n<meta property=\"og:title\" content=\"CIGEST &amp; CLEANSE (P\u0100RTIKAS TRAUKU T\u012aR\u012a\u0160ANA) 30gab\" \/>\n<meta property=\"og:description\" content=\"Didest &#038; Cleance (gremo\u0161anas un t\u012br\u012b\u0161ana) Natural papildin\u0101jums Didest &#038; Cleance paredz\u0113ti, lai nov\u0113rstu ku\u0146\u0123a-zarnu trakta rastrojstva un atbalst\u012bt vesel\u012bgu\" \/>\n<meta property=\"og:url\" content=\"https:\/\/cosmetic.lv\/lv\/product\/cigest-cleanse-partikas-trauku-tirisana-30gab\/\" \/>\n<meta property=\"og:site_name\" content=\"cosmetic.lv\" \/>\n<meta property=\"article:publisher\" content=\"https:\/\/www.facebook.com\/cosmetic.lv\/\" \/>\n<meta property=\"article:modified_time\" content=\"2021-02-11T20:54:36+00:00\" \/>\n<meta property=\"og:image\" content=\"https:\/\/cosmetic.lv\/wp-content\/uploads\/2021\/02\/digest-4.jpg\" \/>\n\t<meta property=\"og:image:width\" content=\"143\" \/>\n\t<meta property=\"og:image:height\" content=\"250\" \/>\n\t<meta property=\"og:image:type\" content=\"image\/jpeg\" \/>\n<meta name=\"twitter:card\" content=\"summary_large_image\" \/>\n<script type=\"application\/ld+json\" class=\"yoast-schema-graph\">{\"@context\":\"https:\/\/schema.org\",\"@graph\":[{\"@type\":\"WebPage\",\"@id\":\"https:\/\/cosmetic.lv\/lv\/product\/cigest-cleanse-partikas-trauku-tirisana-30gab\/\",\"url\":\"https:\/\/cosmetic.lv\/lv\/product\/cigest-cleanse-partikas-trauku-tirisana-30gab\/\",\"name\":\"CIGEST & CLEANSE (P\u0100RTIKAS TRAUKU T\u012aR\u012a\u0160ANA) 30gab - cosmetic.lv\",\"isPartOf\":{\"@id\":\"https:\/\/cosmetic.lv\/lv\/#website\"},\"primaryImageOfPage\":{\"@id\":\"https:\/\/cosmetic.lv\/lv\/product\/cigest-cleanse-partikas-trauku-tirisana-30gab\/#primaryimage\"},\"image\":{\"@id\":\"https:\/\/cosmetic.lv\/lv\/product\/cigest-cleanse-partikas-trauku-tirisana-30gab\/#primaryimage\"},\"thumbnailUrl\":\"https:\/\/cosmetic.lv\/wp-content\/uploads\/2021\/02\/digest-4.jpg\",\"datePublished\":\"2021-02-06T17:55:43+00:00\",\"dateModified\":\"2021-02-11T20:54:36+00:00\",\"breadcrumb\":{\"@id\":\"https:\/\/cosmetic.lv\/lv\/product\/cigest-cleanse-partikas-trauku-tirisana-30gab\/#breadcrumb\"},\"inLanguage\":\"lv-LV\",\"potentialAction\":[{\"@type\":\"ReadAction\",\"target\":[\"https:\/\/cosmetic.lv\/lv\/product\/cigest-cleanse-partikas-trauku-tirisana-30gab\/\"]}]},{\"@type\":\"ImageObject\",\"inLanguage\":\"lv-LV\",\"@id\":\"https:\/\/cosmetic.lv\/lv\/product\/cigest-cleanse-partikas-trauku-tirisana-30gab\/#primaryimage\",\"url\":\"https:\/\/cosmetic.lv\/wp-content\/uploads\/2021\/02\/digest-4.jpg\",\"contentUrl\":\"https:\/\/cosmetic.lv\/wp-content\/uploads\/2021\/02\/digest-4.jpg\",\"width\":143,\"height\":250,\"caption\":\"digest.jpg\"},{\"@type\":\"BreadcrumbList\",\"@id\":\"https:\/\/cosmetic.lv\/lv\/product\/cigest-cleanse-partikas-trauku-tirisana-30gab\/#breadcrumb\",\"itemListElement\":[{\"@type\":\"ListItem\",\"position\":1,\"name\":\"Home\",\"item\":\"https:\/\/cosmetic.lv\/lv\/\"},{\"@type\":\"ListItem\",\"position\":2,\"name\":\"Veikals\",\"item\":\"https:\/\/cosmetic.lv\/lv\/veiklas\/\"},{\"@type\":\"ListItem\",\"position\":3,\"name\":\"CIGEST &#038; CLEANSE (P\u0100RTIKAS TRAUKU T\u012aR\u012a\u0160ANA) 30gab\"}]},{\"@type\":\"WebSite\",\"@id\":\"https:\/\/cosmetic.lv\/lv\/#website\",\"url\":\"https:\/\/cosmetic.lv\/lv\/\",\"name\":\"cosmetic.lv\",\"description\":\"Profesion\u0101la kosm\u0113tika - Maria Galland, Keune, Arkadija, GMT, Guam, Magiray\",\"publisher\":{\"@id\":\"https:\/\/cosmetic.lv\/lv\/#organization\"},\"potentialAction\":[{\"@type\":\"SearchAction\",\"target\":{\"@type\":\"EntryPoint\",\"urlTemplate\":\"https:\/\/cosmetic.lv\/lv\/?s={search_term_string}\"},\"query-input\":{\"@type\":\"PropertyValueSpecification\",\"valueRequired\":true,\"valueName\":\"search_term_string\"}}],\"inLanguage\":\"lv-LV\"},{\"@type\":\"Organization\",\"@id\":\"https:\/\/cosmetic.lv\/lv\/#organization\",\"name\":\"COSMETIC.LV\",\"url\":\"https:\/\/cosmetic.lv\/lv\/\",\"logo\":{\"@type\":\"ImageObject\",\"inLanguage\":\"lv-LV\",\"@id\":\"https:\/\/cosmetic.lv\/lv\/#\/schema\/logo\/image\/\",\"url\":\"https:\/\/cosmetic.lv\/wp-content\/uploads\/2021\/02\/cosmetic.lv_logo.jpg\",\"contentUrl\":\"https:\/\/cosmetic.lv\/wp-content\/uploads\/2021\/02\/cosmetic.lv_logo.jpg\",\"width\":596,\"height\":196,\"caption\":\"COSMETIC.LV\"},\"image\":{\"@id\":\"https:\/\/cosmetic.lv\/lv\/#\/schema\/logo\/image\/\"},\"sameAs\":[\"https:\/\/www.facebook.com\/cosmetic.lv\/\"]}]}<\/script>\n<meta property=\"product:price:amount\" content=\"60.00\" \/>\n<meta property=\"product:price:currency\" content=\"EUR\" \/>\n<meta property=\"og:availability\" content=\"instock\" \/>\n<meta property=\"product:availability\" content=\"instock\" \/>\n<meta property=\"product:retailer_item_id\" content=\"329308\" \/>\n<meta property=\"product:condition\" content=\"new\" \/>\n<!-- \/ Yoast SEO Premium plugin. -->","yoast_head_json":{"title":"CIGEST & CLEANSE (P\u0100RTIKAS TRAUKU T\u012aR\u012a\u0160ANA) 30gab - cosmetic.lv","robots":{"index":"index","follow":"follow","max-snippet":"max-snippet:-1","max-image-preview":"max-image-preview:large","max-video-preview":"max-video-preview:-1"},"canonical":"https:\/\/cosmetic.lv\/lv\/product\/cigest-cleanse-partikas-trauku-tirisana-30gab\/","og_locale":"lv_LV","og_type":"article","og_title":"CIGEST & CLEANSE (P\u0100RTIKAS TRAUKU T\u012aR\u012a\u0160ANA) 30gab","og_description":"Didest &#038; Cleance (gremo\u0161anas un t\u012br\u012b\u0161ana) Natural papildin\u0101jums Didest &#038; Cleance paredz\u0113ti, lai nov\u0113rstu ku\u0146\u0123a-zarnu trakta rastrojstva un atbalst\u012bt vesel\u012bgu","og_url":"https:\/\/cosmetic.lv\/lv\/product\/cigest-cleanse-partikas-trauku-tirisana-30gab\/","og_site_name":"cosmetic.lv","article_publisher":"https:\/\/www.facebook.com\/cosmetic.lv\/","article_modified_time":"2021-02-11T20:54:36+00:00","og_image":[{"width":143,"height":250,"url":"https:\/\/cosmetic.lv\/wp-content\/uploads\/2021\/02\/digest-4.jpg","type":"image\/jpeg"}],"twitter_card":"summary_large_image","schema":{"@context":"https:\/\/schema.org","@graph":[{"@type":"WebPage","@id":"https:\/\/cosmetic.lv\/lv\/product\/cigest-cleanse-partikas-trauku-tirisana-30gab\/","url":"https:\/\/cosmetic.lv\/lv\/product\/cigest-cleanse-partikas-trauku-tirisana-30gab\/","name":"CIGEST & CLEANSE (P\u0100RTIKAS TRAUKU T\u012aR\u012a\u0160ANA) 30gab - cosmetic.lv","isPartOf":{"@id":"https:\/\/cosmetic.lv\/lv\/#website"},"primaryImageOfPage":{"@id":"https:\/\/cosmetic.lv\/lv\/product\/cigest-cleanse-partikas-trauku-tirisana-30gab\/#primaryimage"},"image":{"@id":"https:\/\/cosmetic.lv\/lv\/product\/cigest-cleanse-partikas-trauku-tirisana-30gab\/#primaryimage"},"thumbnailUrl":"https:\/\/cosmetic.lv\/wp-content\/uploads\/2021\/02\/digest-4.jpg","datePublished":"2021-02-06T17:55:43+00:00","dateModified":"2021-02-11T20:54:36+00:00","breadcrumb":{"@id":"https:\/\/cosmetic.lv\/lv\/product\/cigest-cleanse-partikas-trauku-tirisana-30gab\/#breadcrumb"},"inLanguage":"lv-LV","potentialAction":[{"@type":"ReadAction","target":["https:\/\/cosmetic.lv\/lv\/product\/cigest-cleanse-partikas-trauku-tirisana-30gab\/"]}]},{"@type":"ImageObject","inLanguage":"lv-LV","@id":"https:\/\/cosmetic.lv\/lv\/product\/cigest-cleanse-partikas-trauku-tirisana-30gab\/#primaryimage","url":"https:\/\/cosmetic.lv\/wp-content\/uploads\/2021\/02\/digest-4.jpg","contentUrl":"https:\/\/cosmetic.lv\/wp-content\/uploads\/2021\/02\/digest-4.jpg","width":143,"height":250,"caption":"digest.jpg"},{"@type":"BreadcrumbList","@id":"https:\/\/cosmetic.lv\/lv\/product\/cigest-cleanse-partikas-trauku-tirisana-30gab\/#breadcrumb","itemListElement":[{"@type":"ListItem","position":1,"name":"Home","item":"https:\/\/cosmetic.lv\/lv\/"},{"@type":"ListItem","position":2,"name":"Veikals","item":"https:\/\/cosmetic.lv\/lv\/veiklas\/"},{"@type":"ListItem","position":3,"name":"CIGEST &#038; CLEANSE (P\u0100RTIKAS TRAUKU T\u012aR\u012a\u0160ANA) 30gab"}]},{"@type":"WebSite","@id":"https:\/\/cosmetic.lv\/lv\/#website","url":"https:\/\/cosmetic.lv\/lv\/","name":"cosmetic.lv","description":"Profesion\u0101la kosm\u0113tika - Maria Galland, Keune, Arkadija, GMT, Guam, Magiray","publisher":{"@id":"https:\/\/cosmetic.lv\/lv\/#organization"},"potentialAction":[{"@type":"SearchAction","target":{"@type":"EntryPoint","urlTemplate":"https:\/\/cosmetic.lv\/lv\/?s={search_term_string}"},"query-input":{"@type":"PropertyValueSpecification","valueRequired":true,"valueName":"search_term_string"}}],"inLanguage":"lv-LV"},{"@type":"Organization","@id":"https:\/\/cosmetic.lv\/lv\/#organization","name":"COSMETIC.LV","url":"https:\/\/cosmetic.lv\/lv\/","logo":{"@type":"ImageObject","inLanguage":"lv-LV","@id":"https:\/\/cosmetic.lv\/lv\/#\/schema\/logo\/image\/","url":"https:\/\/cosmetic.lv\/wp-content\/uploads\/2021\/02\/cosmetic.lv_logo.jpg","contentUrl":"https:\/\/cosmetic.lv\/wp-content\/uploads\/2021\/02\/cosmetic.lv_logo.jpg","width":596,"height":196,"caption":"COSMETIC.LV"},"image":{"@id":"https:\/\/cosmetic.lv\/lv\/#\/schema\/logo\/image\/"},"sameAs":["https:\/\/www.facebook.com\/cosmetic.lv\/"]}]},"product_price_amount":"60.00","product_price_currency":"EUR","og_availability":"instock","product_availability":"instock","product_retailer_item_id":"329308","product_condition":"new"},"_links":{"self":[{"href":"https:\/\/cosmetic.lv\/lv\/wp-json\/wp\/v2\/product\/34644","targetHints":{"allow":["GET"]}}],"collection":[{"href":"https:\/\/cosmetic.lv\/lv\/wp-json\/wp\/v2\/product"}],"about":[{"href":"https:\/\/cosmetic.lv\/lv\/wp-json\/wp\/v2\/types\/product"}],"wp:featuredmedia":[{"embeddable":true,"href":"https:\/\/cosmetic.lv\/lv\/wp-json\/wp\/v2\/media\/17038"}],"wp:attachment":[{"href":"https:\/\/cosmetic.lv\/lv\/wp-json\/wp\/v2\/media?parent=34644"}],"wp:term":[{"taxonomy":"product_brand","embeddable":true,"href":"https:\/\/cosmetic.lv\/lv\/wp-json\/wp\/v2\/product_brand?post=34644"},{"taxonomy":"product_cat","embeddable":true,"href":"https:\/\/cosmetic.lv\/lv\/wp-json\/wp\/v2\/product_cat?post=34644"},{"taxonomy":"product_tag","embeddable":true,"href":"https:\/\/cosmetic.lv\/lv\/wp-json\/wp\/v2\/product_tag?post=34644"}],"curies":[{"name":"wp","href":"https:\/\/api.w.org\/{rel}","templated":true}]}}