{"id":34645,"date":"2021-02-05T22:43:42","date_gmt":"2021-02-06T17:55:43","guid":{"rendered":"https:\/\/damme.lv\/product\/essentialzyme-enzime-komplekss-90gab\/"},"modified":"2021-02-11T22:54:37","modified_gmt":"2021-02-11T20:54:37","slug":"essentialzyme-enzime-komplekss-90gab","status":"publish","type":"product","link":"https:\/\/cosmetic.lv\/lv\/product\/essentialzyme-enzime-komplekss-90gab\/","title":{"rendered":"ESSENTIALZYME (ENZ\u012aME KOMPLEKSS) 90gab"},"content":{"rendered":"<p>Essentialzyme (enz\u012bmu komplekss)<br \/>\nDaudzums: 90 kapsulas<\/p>\n<p>Essentialzyme &#8211; moderns komplekss fermentu, kas uzlabo gremo\u0161anu un pal\u012bdz absorbcijas uzturvielu.<\/p>\n<p>Fermenti ir \u012bpa\u0161i svar\u012bga cilv\u0113kiem, kas cie\u0161 no hroniskas pankreat\u012bta, cistisk\u0101s fibrozes, vai jebkura p\u0101rk\u0101p\u0161anu vesel\u012bbai, kur aizku\u0146\u0123a dziedzera kan\u0101ls vai kop\u0113j\u0101 \u017eultsvadu ir blo\u0137\u0113ta, trauc\u0113ta procesu, k\u0101 ieg\u016bt fermenti zarn\u0101s.<\/p>\n<p>K\u0101das ir gremo\u0161anas enz\u012bmu priek\u0161roc\u012bbas?<\/p>\n<p>Fermentu kategorijas.<\/p>\n<p>Essentialzyme:<\/p>\n<p>Formula izveidoja Dr Harry Yang &#8211; unik\u0101la formula uztura bag\u0101tin\u0101t\u0101js, lai \u0101rst\u0113tu un pieaugo\u0161o dz\u012bves ilgumu, kur gremo\u0161anas fermentus, kas saist\u012btas ar terapeitisko \u0113terisk\u0101s e\u013c\u013cas kvalit\u0101ti, un \u0161o produktu, ir saist\u012bts ar siner\u0123ijas efekts ir ieguvusi jaunas \u012bpa\u0161\u012bbas<br \/>\nPal\u012bdz atjaunot fermentu dabisko l\u012bdzsvaru gremo\u0161anas sist\u0113m\u0101 un vis\u0101 \u0137ermen\u012b<br \/>\nPal\u012bdz uzlabot zarnu floru<br \/>\nPal\u0113nina noveco\u0161anas procesu<br \/>\nTas no organisma att\u012bra toksiskus atkritumus, kas, savuk\u0101rt, rada liel\u0101ku ener\u0123iju un dz\u012bvotsp\u0113ju<br \/>\nTo lieto \u0137erme\u0146a onkolo\u0123iskaj\u0101m un destrukt\u012bvaj\u0101m slim\u012bb\u0101m<br \/>\nSast\u0101vs:<\/p>\n<p>Mikrokrist\u0101lisk\u0101 celuloze (MCC) &#8211; ne\u0161\u0137\u012bsto\u0161o \u0161\u0137iedrvielu, veicina l\u0113n\u0101k \u0161\u0137\u012bdin\u0101\u0161ana un z\u0101\u013cu izdal\u012b\u0161an\u0101s dabas enz\u012bmus<\/p>\n<p>Kalcija fosf\u0101ts (kalcija fosf\u0101ta dihidr\u0101ts) &#8211; satur kalcija jonus<\/p>\n<p>Pancrelip\u0101ze &#8211; sp\u0113c\u012bgs enz\u012bmu komplekss, kas iz\u0161\u0137\u012bdina olbaltumvielas, taukus un cieti<\/p>\n<p>Pankreat\u012bns &#8211; satur pilnu fermentu spektru: prote\u0101\u017eu, amil\u0101zes, lip\u0101zes; ko izmanto v\u0113\u017ea \u0101rst\u0113\u0161anai<\/p>\n<p>Tryps\u012bns ir ferments, kas pal\u012bdz sagremot olbaltumvielas<\/p>\n<p>Beta\u012bns (HCl) &#8211; pal\u012bdz taukus un olbaltumvielas sagremot; efekt\u012bvs \u017eultsakme\u0146u slim\u012bbas, no Candida, gr\u0113mas, gremo\u0161anas trauc\u0113jumi, g\u0101zu veido\u0161an\u0101s, sk\u0101bes refluksa, ku\u0146\u0123a slim\u012bbas, zarnu &#8211; \u0161ie simptomi ir paz\u012bmes tr\u016bkuma fermentu<\/p>\n<p>Bromelain &#8211; proteol\u012btisks ferments no anan\u0101su k\u0101tiem, sagremojot olbaltumvielu<\/p>\n<p>Timi\u0101ns (lapu pulveris) satur timolu ir pretmikrobu, prets\u0113n\u012b\u0161u, pretv\u012brusu un pretparaz\u012btu l\u012bdzeklis<\/p>\n<p>Burk\u0101ni (pulveris) &#8211; ie\u0146em otro vietu dabisko enz\u012bmu koncentr\u0101cij\u0101 d\u0101rze\u0146os<\/p>\n<p>Lucerna (pulveris) &#8211; dabisks amil\u0101zes avots<\/p>\n<p>Stear\u012bnsk\u0101be (no augiem) &#8211; lieto, lai pal\u012bdz\u0113tu tablet\u0113m saglab\u0101t formu; netrauc\u0113 akt\u012bvo vielu absorbciju<\/p>\n<p>Papains &#8211; augu ferments, kas ieg\u016bts no neapstr\u0101d\u0101tiem papaijas aug\u013ciem, sagremojas olbaltumvielu<\/p>\n<p>Peptid\u0101ze &#8211; veicina aminosk\u0101bju veido\u0161anos un uzs\u016bk\u0161anos gremo\u0161anas sist\u0113m\u0101<\/p>\n<p>Riboflav\u012bns (B2 vitam\u012bns), &#8211; \u016bden\u012b \u0161\u0137\u012bsto\u0161s vitam\u012bns, kas ir svar\u012bgi, lai pareizi vielmai\u0146u organism\u0101, ir svar\u012bga norm\u0101lai \u0161\u016bnu funkciju, aug\u0161anas un ener\u0123ijas ra\u017eo\u0161anu<\/p>\n<p>\u0136imenes (pulveris) &#8211; ko daudzus gadsimtus izmanto Tuvajos Austrumos, lai stimul\u0113tu gremo\u0161anu un enz\u012bmu aktivit\u0101ti<\/p>\n<p>\u0112terisk\u0101s e\u013c\u013cas:<\/p>\n<p>An\u012bss (An\u012bss) &#8211; uzlabo gremo\u0161anu un zarnu vesel\u012bbu, atvieglo zarnu kolikas un iekaisumu<\/p>\n<p>Fenhelis (Fenhe\u013ca) &#8211; gremo\u0161anas stimulants, nov\u0113r\u0161 v\u0113dera p\u016b\u0161anos un slikta d\u016b\u0161a; antiseptisks, pretparaz\u012btu l\u012bdzeklis; pal\u012bdz uzlabot gremo\u0161anas un aizku\u0146\u0123a dziedzera funkciju<\/p>\n<p>Piparm\u0113tra (piparm\u0113tra) &#8211; uzlabo gremo\u0161anu un zarnu vesel\u012bbu<\/p>\n<p>Estragons (estragons) &#8211; pretv\u012brusu, antibakteri\u0101la, pretiekaisuma, pal\u012bdz nov\u0113rst ferment\u0101ciju ku\u0146\u0123a un zarnu traktu<\/p>\n<p>Daivi\u0146u (Carnation) &#8211; antibakteri\u0101la, pretv\u012brusu, prets\u0113n\u012b\u0161u, pretinfekcijas un pretparaz\u012btu; sp\u0113c\u012bgs antioksidants<\/p>\n<p>Pielieto\u0161anas metode:<\/p>\n<p>\u0112dienu laik\u0101, lai pal\u012bdz\u0113tu gremo\u0161anu, jo \u012bpa\u0161i p\u0101rtikas produktiem ar lielu daudzumu olbaltumvielu &#8211; no vienas l\u012bdz trim tablet\u0113m (at\u013cautas) tr\u012bs reizes dien\u0101<br \/>\nStarp \u0113dienreiz\u0113m, viena tablete, lai uzlabotu darb\u012bbu fermentu \u0137erme\u0146a, lai saglab\u0101tu vesel\u012bgu funkciju aizku\u0146\u0123a dziedzera<br \/>\nNedzeriet fermentus ar \u016bdeni vai dz\u0113rieniem virs 50-60 gr\u0101diem &#8211; tie tiek izn\u012bcin\u0101ti<br \/>\nPiesardz\u012bbas pas\u0101kumi:<\/p>\n<p>Uzglab\u0101t v\u0113s\u0101 viet\u0101, prom no saules gaismas<br \/>\nja esat gr\u016btniece &#8211; konsult\u0113jieties ar \u0101rstu<br \/>\nNelietot b\u0113rniem l\u012bdz 12 gadu vecumam<br \/>\nVai es varu to izmantot m\u0101jdz\u012bvniekiem? J\u0101. Izmantojiet devu p\u0113c svara. Ielieciet p\u0101rtik\u0101.<\/p>\n<p>J\u016bs varat piln\u012bgi mier\u012bgi dot \u0161os enz\u012bmus saviem ka\u0137iem un su\u0146iem. Tas ir \u012bpa\u0161i svar\u012bgi tiem dz\u012bvniekiem, kuri sa\u0146em produktus, kas satur kvie\u0161u lipekli un v\u0101r\u012btu ga\u013cu vai zivis! M\u016bsu m\u0101jdz\u012bvniekiem ir aler\u0123ija, gremo\u0161anas probl\u0113mas, bl\u0101vi mati. Visi gremo\u0161anas enz\u012bmu ieguvumi attiecas uz m\u0101jdz\u012bvniekiem!<\/p>\n<p>Vienlaic\u012bgs dabas piedevas: Essentialzymes-4, Detoxzyme, Allerzyme, JuvaPower, JuvaTone<\/p>\n<p>Vienlaic\u012bgs \u0113terisk\u0101s e\u013c\u013cas un to mais\u012bjumi: DiGize, piparm\u0113tru (Peppermint), estragons (Tarragon), Muskatrieksts (muskatrieksts)<br \/>\n90gab<\/p>\n","protected":false},"excerpt":{"rendered":"<p>Essentialzyme (enz\u012bmu komplekss) Daudzums: 90 kapsulas Essentialzyme &#8211; moderns komplekss fermentu, kas uzlabo gremo\u0161anu un pal\u012bdz absorbcijas uzturvielu. Fermenti ir<\/p>\n","protected":false},"featured_media":17041,"template":"","meta":[],"product_brand":[],"product_cat":[2186,2304],"product_tag":[],"class_list":{"0":"post-34645","1":"product","2":"type-product","3":"status-publish","4":"has-post-thumbnail","6":"product_cat-young-living-eteriskas-ellas-un-kosmetika-augstas-kvalitates","7":"product_cat-veseliba-lv","9":"first","10":"instock","11":"taxable","12":"shipping-taxable","13":"purchasable","14":"product-type-simple"},"yoast_head":"<!-- This site is optimized with the Yoast SEO Premium plugin v27.0 (Yoast SEO v27.0) - https:\/\/yoast.com\/product\/yoast-seo-premium-wordpress\/ -->\n<title>ESSENTIALZYME (ENZ\u012aME KOMPLEKSS) 90gab - cosmetic.lv<\/title>\n<meta name=\"robots\" content=\"index, follow, max-snippet:-1, max-image-preview:large, max-video-preview:-1\" \/>\n<link rel=\"canonical\" href=\"https:\/\/cosmetic.lv\/lv\/product\/essentialzyme-enzime-komplekss-90gab\/\" \/>\n<meta property=\"og:locale\" content=\"lv_LV\" \/>\n<meta property=\"og:type\" content=\"article\" \/>\n<meta property=\"og:title\" content=\"ESSENTIALZYME (ENZ\u012aME KOMPLEKSS) 90gab\" \/>\n<meta property=\"og:description\" content=\"Essentialzyme (enz\u012bmu komplekss) Daudzums: 90 kapsulas Essentialzyme &#8211; moderns komplekss fermentu, kas uzlabo gremo\u0161anu un pal\u012bdz absorbcijas uzturvielu. Fermenti ir\" \/>\n<meta property=\"og:url\" content=\"https:\/\/cosmetic.lv\/lv\/product\/essentialzyme-enzime-komplekss-90gab\/\" \/>\n<meta property=\"og:site_name\" content=\"cosmetic.lv\" \/>\n<meta property=\"article:publisher\" content=\"https:\/\/www.facebook.com\/cosmetic.lv\/\" \/>\n<meta property=\"article:modified_time\" content=\"2021-02-11T20:54:37+00:00\" \/>\n<meta property=\"og:image\" content=\"https:\/\/cosmetic.lv\/wp-content\/uploads\/2021\/02\/essentialzyme-5.jpg\" \/>\n\t<meta property=\"og:image:width\" content=\"114\" \/>\n\t<meta property=\"og:image:height\" content=\"250\" \/>\n\t<meta property=\"og:image:type\" content=\"image\/jpeg\" \/>\n<meta name=\"twitter:card\" content=\"summary_large_image\" \/>\n<script type=\"application\/ld+json\" class=\"yoast-schema-graph\">{\"@context\":\"https:\/\/schema.org\",\"@graph\":[{\"@type\":\"WebPage\",\"@id\":\"https:\/\/cosmetic.lv\/lv\/product\/essentialzyme-enzime-komplekss-90gab\/\",\"url\":\"https:\/\/cosmetic.lv\/lv\/product\/essentialzyme-enzime-komplekss-90gab\/\",\"name\":\"ESSENTIALZYME (ENZ\u012aME KOMPLEKSS) 90gab - cosmetic.lv\",\"isPartOf\":{\"@id\":\"https:\/\/cosmetic.lv\/lv\/#website\"},\"primaryImageOfPage\":{\"@id\":\"https:\/\/cosmetic.lv\/lv\/product\/essentialzyme-enzime-komplekss-90gab\/#primaryimage\"},\"image\":{\"@id\":\"https:\/\/cosmetic.lv\/lv\/product\/essentialzyme-enzime-komplekss-90gab\/#primaryimage\"},\"thumbnailUrl\":\"https:\/\/cosmetic.lv\/wp-content\/uploads\/2021\/02\/essentialzyme-5.jpg\",\"datePublished\":\"2021-02-06T17:55:43+00:00\",\"dateModified\":\"2021-02-11T20:54:37+00:00\",\"breadcrumb\":{\"@id\":\"https:\/\/cosmetic.lv\/lv\/product\/essentialzyme-enzime-komplekss-90gab\/#breadcrumb\"},\"inLanguage\":\"lv-LV\",\"potentialAction\":[{\"@type\":\"ReadAction\",\"target\":[\"https:\/\/cosmetic.lv\/lv\/product\/essentialzyme-enzime-komplekss-90gab\/\"]}]},{\"@type\":\"ImageObject\",\"inLanguage\":\"lv-LV\",\"@id\":\"https:\/\/cosmetic.lv\/lv\/product\/essentialzyme-enzime-komplekss-90gab\/#primaryimage\",\"url\":\"https:\/\/cosmetic.lv\/wp-content\/uploads\/2021\/02\/essentialzyme-5.jpg\",\"contentUrl\":\"https:\/\/cosmetic.lv\/wp-content\/uploads\/2021\/02\/essentialzyme-5.jpg\",\"width\":114,\"height\":250,\"caption\":\"essentialzyme.jpg\"},{\"@type\":\"BreadcrumbList\",\"@id\":\"https:\/\/cosmetic.lv\/lv\/product\/essentialzyme-enzime-komplekss-90gab\/#breadcrumb\",\"itemListElement\":[{\"@type\":\"ListItem\",\"position\":1,\"name\":\"Home\",\"item\":\"https:\/\/cosmetic.lv\/lv\/\"},{\"@type\":\"ListItem\",\"position\":2,\"name\":\"Veikals\",\"item\":\"https:\/\/cosmetic.lv\/lv\/veiklas\/\"},{\"@type\":\"ListItem\",\"position\":3,\"name\":\"ESSENTIALZYME (ENZ\u012aME KOMPLEKSS) 90gab\"}]},{\"@type\":\"WebSite\",\"@id\":\"https:\/\/cosmetic.lv\/lv\/#website\",\"url\":\"https:\/\/cosmetic.lv\/lv\/\",\"name\":\"cosmetic.lv\",\"description\":\"Profesion\u0101la kosm\u0113tika - Maria Galland, Keune, Arkadija, GMT, Guam, Magiray\",\"publisher\":{\"@id\":\"https:\/\/cosmetic.lv\/lv\/#organization\"},\"potentialAction\":[{\"@type\":\"SearchAction\",\"target\":{\"@type\":\"EntryPoint\",\"urlTemplate\":\"https:\/\/cosmetic.lv\/lv\/?s={search_term_string}\"},\"query-input\":{\"@type\":\"PropertyValueSpecification\",\"valueRequired\":true,\"valueName\":\"search_term_string\"}}],\"inLanguage\":\"lv-LV\"},{\"@type\":\"Organization\",\"@id\":\"https:\/\/cosmetic.lv\/lv\/#organization\",\"name\":\"COSMETIC.LV\",\"url\":\"https:\/\/cosmetic.lv\/lv\/\",\"logo\":{\"@type\":\"ImageObject\",\"inLanguage\":\"lv-LV\",\"@id\":\"https:\/\/cosmetic.lv\/lv\/#\/schema\/logo\/image\/\",\"url\":\"https:\/\/cosmetic.lv\/wp-content\/uploads\/2021\/02\/cosmetic.lv_logo.jpg\",\"contentUrl\":\"https:\/\/cosmetic.lv\/wp-content\/uploads\/2021\/02\/cosmetic.lv_logo.jpg\",\"width\":596,\"height\":196,\"caption\":\"COSMETIC.LV\"},\"image\":{\"@id\":\"https:\/\/cosmetic.lv\/lv\/#\/schema\/logo\/image\/\"},\"sameAs\":[\"https:\/\/www.facebook.com\/cosmetic.lv\/\"]}]}<\/script>\n<meta property=\"product:price:amount\" content=\"78.45\" \/>\n<meta property=\"product:price:currency\" content=\"EUR\" \/>\n<meta property=\"og:availability\" content=\"instock\" \/>\n<meta property=\"product:availability\" content=\"instock\" \/>\n<meta property=\"product:retailer_item_id\" content=\"327208\" \/>\n<meta property=\"product:condition\" content=\"new\" \/>\n<!-- \/ Yoast SEO Premium plugin. -->","yoast_head_json":{"title":"ESSENTIALZYME (ENZ\u012aME KOMPLEKSS) 90gab - cosmetic.lv","robots":{"index":"index","follow":"follow","max-snippet":"max-snippet:-1","max-image-preview":"max-image-preview:large","max-video-preview":"max-video-preview:-1"},"canonical":"https:\/\/cosmetic.lv\/lv\/product\/essentialzyme-enzime-komplekss-90gab\/","og_locale":"lv_LV","og_type":"article","og_title":"ESSENTIALZYME (ENZ\u012aME KOMPLEKSS) 90gab","og_description":"Essentialzyme (enz\u012bmu komplekss) Daudzums: 90 kapsulas Essentialzyme &#8211; moderns komplekss fermentu, kas uzlabo gremo\u0161anu un pal\u012bdz absorbcijas uzturvielu. Fermenti ir","og_url":"https:\/\/cosmetic.lv\/lv\/product\/essentialzyme-enzime-komplekss-90gab\/","og_site_name":"cosmetic.lv","article_publisher":"https:\/\/www.facebook.com\/cosmetic.lv\/","article_modified_time":"2021-02-11T20:54:37+00:00","og_image":[{"width":114,"height":250,"url":"https:\/\/cosmetic.lv\/wp-content\/uploads\/2021\/02\/essentialzyme-5.jpg","type":"image\/jpeg"}],"twitter_card":"summary_large_image","schema":{"@context":"https:\/\/schema.org","@graph":[{"@type":"WebPage","@id":"https:\/\/cosmetic.lv\/lv\/product\/essentialzyme-enzime-komplekss-90gab\/","url":"https:\/\/cosmetic.lv\/lv\/product\/essentialzyme-enzime-komplekss-90gab\/","name":"ESSENTIALZYME (ENZ\u012aME KOMPLEKSS) 90gab - cosmetic.lv","isPartOf":{"@id":"https:\/\/cosmetic.lv\/lv\/#website"},"primaryImageOfPage":{"@id":"https:\/\/cosmetic.lv\/lv\/product\/essentialzyme-enzime-komplekss-90gab\/#primaryimage"},"image":{"@id":"https:\/\/cosmetic.lv\/lv\/product\/essentialzyme-enzime-komplekss-90gab\/#primaryimage"},"thumbnailUrl":"https:\/\/cosmetic.lv\/wp-content\/uploads\/2021\/02\/essentialzyme-5.jpg","datePublished":"2021-02-06T17:55:43+00:00","dateModified":"2021-02-11T20:54:37+00:00","breadcrumb":{"@id":"https:\/\/cosmetic.lv\/lv\/product\/essentialzyme-enzime-komplekss-90gab\/#breadcrumb"},"inLanguage":"lv-LV","potentialAction":[{"@type":"ReadAction","target":["https:\/\/cosmetic.lv\/lv\/product\/essentialzyme-enzime-komplekss-90gab\/"]}]},{"@type":"ImageObject","inLanguage":"lv-LV","@id":"https:\/\/cosmetic.lv\/lv\/product\/essentialzyme-enzime-komplekss-90gab\/#primaryimage","url":"https:\/\/cosmetic.lv\/wp-content\/uploads\/2021\/02\/essentialzyme-5.jpg","contentUrl":"https:\/\/cosmetic.lv\/wp-content\/uploads\/2021\/02\/essentialzyme-5.jpg","width":114,"height":250,"caption":"essentialzyme.jpg"},{"@type":"BreadcrumbList","@id":"https:\/\/cosmetic.lv\/lv\/product\/essentialzyme-enzime-komplekss-90gab\/#breadcrumb","itemListElement":[{"@type":"ListItem","position":1,"name":"Home","item":"https:\/\/cosmetic.lv\/lv\/"},{"@type":"ListItem","position":2,"name":"Veikals","item":"https:\/\/cosmetic.lv\/lv\/veiklas\/"},{"@type":"ListItem","position":3,"name":"ESSENTIALZYME (ENZ\u012aME KOMPLEKSS) 90gab"}]},{"@type":"WebSite","@id":"https:\/\/cosmetic.lv\/lv\/#website","url":"https:\/\/cosmetic.lv\/lv\/","name":"cosmetic.lv","description":"Profesion\u0101la kosm\u0113tika - Maria Galland, Keune, Arkadija, GMT, Guam, Magiray","publisher":{"@id":"https:\/\/cosmetic.lv\/lv\/#organization"},"potentialAction":[{"@type":"SearchAction","target":{"@type":"EntryPoint","urlTemplate":"https:\/\/cosmetic.lv\/lv\/?s={search_term_string}"},"query-input":{"@type":"PropertyValueSpecification","valueRequired":true,"valueName":"search_term_string"}}],"inLanguage":"lv-LV"},{"@type":"Organization","@id":"https:\/\/cosmetic.lv\/lv\/#organization","name":"COSMETIC.LV","url":"https:\/\/cosmetic.lv\/lv\/","logo":{"@type":"ImageObject","inLanguage":"lv-LV","@id":"https:\/\/cosmetic.lv\/lv\/#\/schema\/logo\/image\/","url":"https:\/\/cosmetic.lv\/wp-content\/uploads\/2021\/02\/cosmetic.lv_logo.jpg","contentUrl":"https:\/\/cosmetic.lv\/wp-content\/uploads\/2021\/02\/cosmetic.lv_logo.jpg","width":596,"height":196,"caption":"COSMETIC.LV"},"image":{"@id":"https:\/\/cosmetic.lv\/lv\/#\/schema\/logo\/image\/"},"sameAs":["https:\/\/www.facebook.com\/cosmetic.lv\/"]}]},"product_price_amount":"78.45","product_price_currency":"EUR","og_availability":"instock","product_availability":"instock","product_retailer_item_id":"327208","product_condition":"new"},"_links":{"self":[{"href":"https:\/\/cosmetic.lv\/lv\/wp-json\/wp\/v2\/product\/34645","targetHints":{"allow":["GET"]}}],"collection":[{"href":"https:\/\/cosmetic.lv\/lv\/wp-json\/wp\/v2\/product"}],"about":[{"href":"https:\/\/cosmetic.lv\/lv\/wp-json\/wp\/v2\/types\/product"}],"wp:featuredmedia":[{"embeddable":true,"href":"https:\/\/cosmetic.lv\/lv\/wp-json\/wp\/v2\/media\/17041"}],"wp:attachment":[{"href":"https:\/\/cosmetic.lv\/lv\/wp-json\/wp\/v2\/media?parent=34645"}],"wp:term":[{"taxonomy":"product_brand","embeddable":true,"href":"https:\/\/cosmetic.lv\/lv\/wp-json\/wp\/v2\/product_brand?post=34645"},{"taxonomy":"product_cat","embeddable":true,"href":"https:\/\/cosmetic.lv\/lv\/wp-json\/wp\/v2\/product_cat?post=34645"},{"taxonomy":"product_tag","embeddable":true,"href":"https:\/\/cosmetic.lv\/lv\/wp-json\/wp\/v2\/product_tag?post=34645"}],"curies":[{"name":"wp","href":"https:\/\/api.w.org\/{rel}","templated":true}]}}