{"id":34646,"date":"2021-02-05T22:43:42","date_gmt":"2021-02-06T17:55:43","guid":{"rendered":"https:\/\/damme.lv\/product\/essentialzymes-4-enzime-komplekss-120gab\/"},"modified":"2021-02-11T22:54:37","modified_gmt":"2021-02-11T20:54:37","slug":"essentialzymes-4-enzime-komplekss-120gab","status":"publish","type":"product","link":"https:\/\/cosmetic.lv\/lv\/product\/essentialzymes-4-enzime-komplekss-120gab\/","title":{"rendered":"ESSENTIALZYMES-4 (ENZ\u012aME KOMPLEKSS) 120gab"},"content":{"rendered":"<p>Essentialzymes-4 (kompleksie fermenti)<br \/>\nDaudzums: 120 kapsulas<\/p>\n<p>Essentialzymes-4 &#8211; multispektr\u0101lie komplekss fermenti (enz\u012bmi), kas paredz\u0113ti, lai uzlabotu gremo\u0161anu, veicina gremo\u0161anu uztura tauku, olbaltumvielu, \u0161\u0137iedrvielu un og\u013chidr\u0101tu, kas ir bie\u017ei sastopamas uz apstr\u0101d\u0101t\u0101s p\u0101rtikas.<\/p>\n<p>Essentialzymes-4 satur divas da\u017e\u0101das kapsulas, kur\u0101m ir da\u017e\u0101di enz\u012bmi un \u0113terisk\u0101s e\u013c\u013cas. \u012apa\u0161a tehnolo\u0123ija \u013cauj atbr\u012bvojot enz\u012bmi no da\u017e\u0101d\u0101m kapsul\u0101m da\u017e\u0101dos laikos, tas pal\u012bdz sagremot p\u0101rtiku ar augstu tauku un cietes, t\u0101p\u0113c past\u0101v iesp\u0113ja optim\u0101lu uzturvielu uzs\u016bk\u0161anos un neaizvietojam\u0101s aminosk\u0101bes.<\/p>\n<p>Uzziniet, k\u0101di ir gremo\u0161anas enz\u012bmu ieguvumi?<\/p>\n<p>Paz\u012bmes par fermentu tr\u016bkumu.<\/p>\n<p>Fermentu kategorijas. Un j\u016bs prec\u012bzi zin\u0101t, k\u0101di fermenti jums ir piem\u0113roti.<\/p>\n<p>Essentialzyme-4:<\/p>\n<p>Formula izveidoja Dr Harry Yang &#8211; unik\u0101la formula uztura bag\u0101tin\u0101t\u0101js, lai \u0101rst\u0113tu un pieaugo\u0161o dz\u012bves ilgumu, kur gremo\u0161anas fermentus, kas saist\u012btas ar terapeitisko \u0113terisk\u0101s e\u013c\u013cas kvalit\u0101ti, un \u0161o produktu, ir saist\u012bts ar siner\u0123ijas efekts ir ieguvusi jaunas \u012bpa\u0161\u012bbas<br \/>\nPal\u012bdz atjaunot fermentu dabisko l\u012bdzsvaru gremo\u0161anas sist\u0113m\u0101 un vis\u0101 \u0137ermen\u012b<br \/>\nPal\u012bdz uzlabot zarnu floru<br \/>\nPal\u0113nina noveco\u0161anas procesu<br \/>\nTas no organisma att\u012bra toksiskus atkritumus, kas, savuk\u0101rt, rada liel\u0101ku ener\u0123iju un dz\u012bvotsp\u0113ju<br \/>\nTo lieto \u0137erme\u0146a onkolo\u0123iskaj\u0101m un destrukt\u012bvaj\u0101m slim\u012bb\u0101m<br \/>\nDzelten\u0101s kapsulas Essentialzymes-4 sast\u0101vs:<\/p>\n<p>Amil\u0101ze &#8211; sp\u0113c\u012bgs enz\u012bms cietei sagremot (sadal\u0101s l\u012bdz cukuriem), nov\u0113r\u0161 ferment\u0101ciju gremo\u0161anas sist\u0113m\u0101<br \/>\nCeluloze ir ferments, kas sagremo celulozi<br \/>\nProte\u0101zes 3, 4, 5 un 6 ir ferments, kas sagremo prote\u012bnus, kas paredz\u0113ti darbam da\u017e\u0101dos sk\u0101buma apst\u0101k\u013cos (pH). Sk\u0101bes prote\u0101zes ir nepiecie\u0161amas, lai veidotu aminosk\u0101bes ku\u0146\u0123\u012b, bet s\u0101rma prote\u0101zes darbojas efekt\u012bv\u0101k resn\u0101s zarnas<br \/>\nLipase, ferments, kas sagremojas taukus, ir vit\u0101li svar\u012bga D, E un A vitam\u012bnu pien\u0101c\u012bgai asimil\u0101cijai.<br \/>\nFitase ir ferments, kas ir svar\u012bgs cilv\u0113kiem, kuri izv\u0113las ve\u0123et\u0101ro \u0113dienu. Fit\u0101ze neitraliz\u0113 fit\u012bnsk\u0101bi, pal\u012bdz asinil\u0113t miner\u0101lvielas, kas atrodas graudos, rieks\u0146os, s\u0113kl\u0101s. \u0160iem produktiem ir augsts svar\u012bgu miner\u0101lvielu saturs, bet tie nav pieejami cilv\u0113ka \u0137ermenim, jo \u200b\u200btie ir saist\u012bti ar ne\u0161\u0137\u012bsto\u0161iem, nesader\u012bgiem fit\u012bnsk\u0101bes kompleksiem. L\u012bdz 90% magnija, k\u0101lija, cinka p\u0101rtik\u0101, piem\u0113ram, mie\u017eu, Indijas, riekstkoksnes, r\u012bsu, nevar p\u0101rtvert ar gremo\u0161anas sist\u0113mu, ja fit\u0101ze nav<br \/>\nBromelains &#8211; prote\u0101zu enz\u012bms no anan\u0101siem, pal\u012bdz sagremot og\u013chidr\u0101tus<br \/>\nPapains &#8211; augu ferments, kas ieg\u016bts no nenobriedu\u0161iem papaijas aug\u013ciem, tiek izmantots \u0161\u0137\u012bsto\u0161\u0101m olbaltumviel\u0101m, piem\u0113ram, c\u016bkga\u013cai un liellopu ga\u013cai<br \/>\nPeptid\u0101ze &#8211; veicina aminosk\u0101bju veido\u0161anos un uzs\u016bk\u0161anos gremo\u0161anas sist\u0113m\u0101<br \/>\nRiboflav\u012bns (B2 vitam\u012bns) &#8211; \u016bden\u012b \u0161\u0137\u012bsto\u0161s vitam\u012bns ir b\u016btisks, lai pien\u0101c\u012bgi metaboliz\u0113tu vielmai\u0146u organism\u0101, tas ir nepiecie\u0161ams \u0161\u016bnu norm\u0101lai darb\u012bbai, aug\u0161anai un ener\u0123ijas ra\u017eo\u0161anai<br \/>\n\u0112terisk\u0101s e\u013c\u013cas:<\/p>\n<p>An\u012bss (An\u012bss) &#8211; uzlabo gremo\u0161anu un zarnu vesel\u012bbu, atvieglo zarnu kolikas un iekaisumu<br \/>\nFenhelis (Fenhe\u013ca) &#8211; gremo\u0161anas stimulants, nov\u0113r\u0161 v\u0113dera p\u016b\u0161anos un slikta d\u016b\u0161a; antiseptisks, pretparaz\u012btu l\u012bdzeklis; pal\u012bdz uzlabot gremo\u0161anas un aizku\u0146\u0123a dziedzera funkciju<br \/>\nEstragons (estragons) &#8211; pretv\u012brusu, antibakteri\u0101la, pretiekaisuma, pal\u012bdz nov\u0113rst ferment\u0101ciju ku\u0146\u0123a un zarnu traktu<br \/>\nGinger (ingvers) &#8211; uzlabo gremo\u0161anu, pal\u012bdz samazin\u0101t g\u0101z\u0113\u0161anu; spazmol\u012btisks un antiseptisks l\u012bdzeklis<br \/>\nRozmar\u012bns (rozmar\u012bns) &#8211; pretparaz\u012btu, prets\u0113n\u012b\u0161u, antibakteri\u0101ls, endokr\u012bn\u0101s sist\u0113mas l\u012bdzsvaro\u0161ana; pal\u012bdz akn\u0101m t\u012br\u012bt<br \/>\nBalto kapsulu Essentialzymes-4 sast\u0101vs:<\/p>\n<p>Pankreat\u012bns &#8211; satur pilnu fermentu spektru: prote\u0101\u017eu, amil\u0101zes, lip\u0101zes; ko izmanto v\u0113\u017ea \u0101rst\u0113\u0161anai<br \/>\nBi\u0161u ziedputek\u0161\u0146i ir pulveris ar daudz olbaltumviel\u0101m un tauku un n\u0101trija daudzumu. T\u0101 satur daudz vitam\u012bnu un miner\u0101lvielas, tai skait\u0101 k\u0101lija, kalcija, magnija, cinka, mang\u0101na, vara, un vitam\u012bnu B grupas Tas ir lielisks avots papildu sp\u0113ku un ener\u0123iju<br \/>\nLipase, ferments, kas sagremojas taukus, ir vit\u0101li svar\u012bga D, E un A vitam\u012bnu pien\u0101c\u012bgai asimil\u0101cijai.<br \/>\nR\u012bsu milti (graudu vid\u0113j\u0101 da\u013ca bez \u0122MO) ir maig\u0101ka un viegl\u0101k sagremojama nek\u0101 kvie\u0161u milti, un t\u0101 ir laba aizst\u0101j\u0113ja cilv\u0113kiem, kuri nepie\u013cauj lipekli<br \/>\nBr\u012bdin\u0101jums: produkts satur bi\u0161u produktus!<br \/>\n\u0112terisk\u0101s e\u013c\u013cas:<\/p>\n<p>An\u012bss (An\u012bss) &#8211; uzlabo gremo\u0161anu un zarnu vesel\u012bbu, atvieglo zarnu kolikas un iekaisumu<br \/>\nFenhelis (Fenhe\u013ca) &#8211; gremo\u0161anas stimulants, nov\u0113r\u0161 v\u0113dera p\u016b\u0161anos un slikta d\u016b\u0161a; antiseptisks, pretparaz\u012btu l\u012bdzeklis; pal\u012bdz uzlabot gremo\u0161anas un aizku\u0146\u0123a dziedzera funkciju<br \/>\nEstragons (estragons) &#8211; pretv\u012brusu, antibakteri\u0101la, pretiekaisuma, pal\u012bdz nov\u0113rst ferment\u0101ciju ku\u0146\u0123a un zarnu traktu<br \/>\nGinger (ingvers) &#8211; uzlabo gremo\u0161anu,<\/p>\n","protected":false},"excerpt":{"rendered":"<p>Essentialzymes-4 (kompleksie fermenti) Daudzums: 120 kapsulas Essentialzymes-4 &#8211; multispektr\u0101lie komplekss fermenti (enz\u012bmi), kas paredz\u0113ti, lai uzlabotu gremo\u0161anu, veicina gremo\u0161anu uztura<\/p>\n","protected":false},"featured_media":10607,"template":"","meta":[],"product_brand":[],"product_cat":[2186,2304],"product_tag":[],"class_list":{"0":"post-34646","1":"product","2":"type-product","3":"status-publish","4":"has-post-thumbnail","6":"product_cat-young-living-eteriskas-ellas-un-kosmetika-augstas-kvalitates","7":"product_cat-veseliba-lv","9":"first","10":"instock","11":"taxable","12":"shipping-taxable","13":"purchasable","14":"product-type-simple"},"yoast_head":"<!-- This site is optimized with the Yoast SEO Premium plugin v27.0 (Yoast SEO v27.0) - https:\/\/yoast.com\/product\/yoast-seo-premium-wordpress\/ -->\n<title>ESSENTIALZYMES-4 (ENZ\u012aME KOMPLEKSS) 120gab - cosmetic.lv<\/title>\n<meta name=\"robots\" content=\"index, follow, max-snippet:-1, max-image-preview:large, max-video-preview:-1\" \/>\n<link rel=\"canonical\" href=\"https:\/\/cosmetic.lv\/lv\/product\/essentialzymes-4-enzime-komplekss-120gab\/\" \/>\n<meta property=\"og:locale\" content=\"lv_LV\" \/>\n<meta property=\"og:type\" content=\"article\" \/>\n<meta property=\"og:title\" content=\"ESSENTIALZYMES-4 (ENZ\u012aME KOMPLEKSS) 120gab\" \/>\n<meta property=\"og:description\" content=\"Essentialzymes-4 (kompleksie fermenti) Daudzums: 120 kapsulas Essentialzymes-4 &#8211; multispektr\u0101lie komplekss fermenti (enz\u012bmi), kas paredz\u0113ti, lai uzlabotu gremo\u0161anu, veicina gremo\u0161anu uztura\" \/>\n<meta property=\"og:url\" content=\"https:\/\/cosmetic.lv\/lv\/product\/essentialzymes-4-enzime-komplekss-120gab\/\" \/>\n<meta property=\"og:site_name\" content=\"cosmetic.lv\" \/>\n<meta property=\"article:publisher\" content=\"https:\/\/www.facebook.com\/cosmetic.lv\/\" \/>\n<meta property=\"article:modified_time\" content=\"2021-02-11T20:54:37+00:00\" \/>\n<meta property=\"og:image\" content=\"https:\/\/cosmetic.lv\/wp-content\/uploads\/2021\/02\/essentialzyme-4.jpg\" \/>\n\t<meta property=\"og:image:width\" content=\"234\" \/>\n\t<meta property=\"og:image:height\" content=\"250\" \/>\n\t<meta property=\"og:image:type\" content=\"image\/jpeg\" \/>\n<meta name=\"twitter:card\" content=\"summary_large_image\" \/>\n<script type=\"application\/ld+json\" class=\"yoast-schema-graph\">{\"@context\":\"https:\/\/schema.org\",\"@graph\":[{\"@type\":\"WebPage\",\"@id\":\"https:\/\/cosmetic.lv\/lv\/product\/essentialzymes-4-enzime-komplekss-120gab\/\",\"url\":\"https:\/\/cosmetic.lv\/lv\/product\/essentialzymes-4-enzime-komplekss-120gab\/\",\"name\":\"ESSENTIALZYMES-4 (ENZ\u012aME KOMPLEKSS) 120gab - cosmetic.lv\",\"isPartOf\":{\"@id\":\"https:\/\/cosmetic.lv\/lv\/#website\"},\"primaryImageOfPage\":{\"@id\":\"https:\/\/cosmetic.lv\/lv\/product\/essentialzymes-4-enzime-komplekss-120gab\/#primaryimage\"},\"image\":{\"@id\":\"https:\/\/cosmetic.lv\/lv\/product\/essentialzymes-4-enzime-komplekss-120gab\/#primaryimage\"},\"thumbnailUrl\":\"https:\/\/cosmetic.lv\/wp-content\/uploads\/2021\/02\/essentialzyme-4.jpg\",\"datePublished\":\"2021-02-06T17:55:43+00:00\",\"dateModified\":\"2021-02-11T20:54:37+00:00\",\"breadcrumb\":{\"@id\":\"https:\/\/cosmetic.lv\/lv\/product\/essentialzymes-4-enzime-komplekss-120gab\/#breadcrumb\"},\"inLanguage\":\"lv-LV\",\"potentialAction\":[{\"@type\":\"ReadAction\",\"target\":[\"https:\/\/cosmetic.lv\/lv\/product\/essentialzymes-4-enzime-komplekss-120gab\/\"]}]},{\"@type\":\"ImageObject\",\"inLanguage\":\"lv-LV\",\"@id\":\"https:\/\/cosmetic.lv\/lv\/product\/essentialzymes-4-enzime-komplekss-120gab\/#primaryimage\",\"url\":\"https:\/\/cosmetic.lv\/wp-content\/uploads\/2021\/02\/essentialzyme-4.jpg\",\"contentUrl\":\"https:\/\/cosmetic.lv\/wp-content\/uploads\/2021\/02\/essentialzyme-4.jpg\",\"width\":234,\"height\":250,\"caption\":\"essentialzyme-4-.jpg\"},{\"@type\":\"BreadcrumbList\",\"@id\":\"https:\/\/cosmetic.lv\/lv\/product\/essentialzymes-4-enzime-komplekss-120gab\/#breadcrumb\",\"itemListElement\":[{\"@type\":\"ListItem\",\"position\":1,\"name\":\"Home\",\"item\":\"https:\/\/cosmetic.lv\/lv\/\"},{\"@type\":\"ListItem\",\"position\":2,\"name\":\"Veikals\",\"item\":\"https:\/\/cosmetic.lv\/lv\/veiklas\/\"},{\"@type\":\"ListItem\",\"position\":3,\"name\":\"ESSENTIALZYMES-4 (ENZ\u012aME KOMPLEKSS) 120gab\"}]},{\"@type\":\"WebSite\",\"@id\":\"https:\/\/cosmetic.lv\/lv\/#website\",\"url\":\"https:\/\/cosmetic.lv\/lv\/\",\"name\":\"cosmetic.lv\",\"description\":\"Profesion\u0101la kosm\u0113tika - Maria Galland, Keune, Arkadija, GMT, Guam, Magiray\",\"publisher\":{\"@id\":\"https:\/\/cosmetic.lv\/lv\/#organization\"},\"potentialAction\":[{\"@type\":\"SearchAction\",\"target\":{\"@type\":\"EntryPoint\",\"urlTemplate\":\"https:\/\/cosmetic.lv\/lv\/?s={search_term_string}\"},\"query-input\":{\"@type\":\"PropertyValueSpecification\",\"valueRequired\":true,\"valueName\":\"search_term_string\"}}],\"inLanguage\":\"lv-LV\"},{\"@type\":\"Organization\",\"@id\":\"https:\/\/cosmetic.lv\/lv\/#organization\",\"name\":\"COSMETIC.LV\",\"url\":\"https:\/\/cosmetic.lv\/lv\/\",\"logo\":{\"@type\":\"ImageObject\",\"inLanguage\":\"lv-LV\",\"@id\":\"https:\/\/cosmetic.lv\/lv\/#\/schema\/logo\/image\/\",\"url\":\"https:\/\/cosmetic.lv\/wp-content\/uploads\/2021\/02\/cosmetic.lv_logo.jpg\",\"contentUrl\":\"https:\/\/cosmetic.lv\/wp-content\/uploads\/2021\/02\/cosmetic.lv_logo.jpg\",\"width\":596,\"height\":196,\"caption\":\"COSMETIC.LV\"},\"image\":{\"@id\":\"https:\/\/cosmetic.lv\/lv\/#\/schema\/logo\/image\/\"},\"sameAs\":[\"https:\/\/www.facebook.com\/cosmetic.lv\/\"]}]}<\/script>\n<meta property=\"product:price:amount\" content=\"96.44\" \/>\n<meta property=\"product:price:currency\" content=\"EUR\" \/>\n<meta property=\"og:availability\" content=\"instock\" \/>\n<meta property=\"product:availability\" content=\"instock\" \/>\n<meta property=\"product:retailer_item_id\" content=\"464508\" \/>\n<meta property=\"product:condition\" content=\"new\" \/>\n<!-- \/ Yoast SEO Premium plugin. -->","yoast_head_json":{"title":"ESSENTIALZYMES-4 (ENZ\u012aME KOMPLEKSS) 120gab - cosmetic.lv","robots":{"index":"index","follow":"follow","max-snippet":"max-snippet:-1","max-image-preview":"max-image-preview:large","max-video-preview":"max-video-preview:-1"},"canonical":"https:\/\/cosmetic.lv\/lv\/product\/essentialzymes-4-enzime-komplekss-120gab\/","og_locale":"lv_LV","og_type":"article","og_title":"ESSENTIALZYMES-4 (ENZ\u012aME KOMPLEKSS) 120gab","og_description":"Essentialzymes-4 (kompleksie fermenti) Daudzums: 120 kapsulas Essentialzymes-4 &#8211; multispektr\u0101lie komplekss fermenti (enz\u012bmi), kas paredz\u0113ti, lai uzlabotu gremo\u0161anu, veicina gremo\u0161anu uztura","og_url":"https:\/\/cosmetic.lv\/lv\/product\/essentialzymes-4-enzime-komplekss-120gab\/","og_site_name":"cosmetic.lv","article_publisher":"https:\/\/www.facebook.com\/cosmetic.lv\/","article_modified_time":"2021-02-11T20:54:37+00:00","og_image":[{"width":234,"height":250,"url":"https:\/\/cosmetic.lv\/wp-content\/uploads\/2021\/02\/essentialzyme-4.jpg","type":"image\/jpeg"}],"twitter_card":"summary_large_image","schema":{"@context":"https:\/\/schema.org","@graph":[{"@type":"WebPage","@id":"https:\/\/cosmetic.lv\/lv\/product\/essentialzymes-4-enzime-komplekss-120gab\/","url":"https:\/\/cosmetic.lv\/lv\/product\/essentialzymes-4-enzime-komplekss-120gab\/","name":"ESSENTIALZYMES-4 (ENZ\u012aME KOMPLEKSS) 120gab - cosmetic.lv","isPartOf":{"@id":"https:\/\/cosmetic.lv\/lv\/#website"},"primaryImageOfPage":{"@id":"https:\/\/cosmetic.lv\/lv\/product\/essentialzymes-4-enzime-komplekss-120gab\/#primaryimage"},"image":{"@id":"https:\/\/cosmetic.lv\/lv\/product\/essentialzymes-4-enzime-komplekss-120gab\/#primaryimage"},"thumbnailUrl":"https:\/\/cosmetic.lv\/wp-content\/uploads\/2021\/02\/essentialzyme-4.jpg","datePublished":"2021-02-06T17:55:43+00:00","dateModified":"2021-02-11T20:54:37+00:00","breadcrumb":{"@id":"https:\/\/cosmetic.lv\/lv\/product\/essentialzymes-4-enzime-komplekss-120gab\/#breadcrumb"},"inLanguage":"lv-LV","potentialAction":[{"@type":"ReadAction","target":["https:\/\/cosmetic.lv\/lv\/product\/essentialzymes-4-enzime-komplekss-120gab\/"]}]},{"@type":"ImageObject","inLanguage":"lv-LV","@id":"https:\/\/cosmetic.lv\/lv\/product\/essentialzymes-4-enzime-komplekss-120gab\/#primaryimage","url":"https:\/\/cosmetic.lv\/wp-content\/uploads\/2021\/02\/essentialzyme-4.jpg","contentUrl":"https:\/\/cosmetic.lv\/wp-content\/uploads\/2021\/02\/essentialzyme-4.jpg","width":234,"height":250,"caption":"essentialzyme-4-.jpg"},{"@type":"BreadcrumbList","@id":"https:\/\/cosmetic.lv\/lv\/product\/essentialzymes-4-enzime-komplekss-120gab\/#breadcrumb","itemListElement":[{"@type":"ListItem","position":1,"name":"Home","item":"https:\/\/cosmetic.lv\/lv\/"},{"@type":"ListItem","position":2,"name":"Veikals","item":"https:\/\/cosmetic.lv\/lv\/veiklas\/"},{"@type":"ListItem","position":3,"name":"ESSENTIALZYMES-4 (ENZ\u012aME KOMPLEKSS) 120gab"}]},{"@type":"WebSite","@id":"https:\/\/cosmetic.lv\/lv\/#website","url":"https:\/\/cosmetic.lv\/lv\/","name":"cosmetic.lv","description":"Profesion\u0101la kosm\u0113tika - Maria Galland, Keune, Arkadija, GMT, Guam, Magiray","publisher":{"@id":"https:\/\/cosmetic.lv\/lv\/#organization"},"potentialAction":[{"@type":"SearchAction","target":{"@type":"EntryPoint","urlTemplate":"https:\/\/cosmetic.lv\/lv\/?s={search_term_string}"},"query-input":{"@type":"PropertyValueSpecification","valueRequired":true,"valueName":"search_term_string"}}],"inLanguage":"lv-LV"},{"@type":"Organization","@id":"https:\/\/cosmetic.lv\/lv\/#organization","name":"COSMETIC.LV","url":"https:\/\/cosmetic.lv\/lv\/","logo":{"@type":"ImageObject","inLanguage":"lv-LV","@id":"https:\/\/cosmetic.lv\/lv\/#\/schema\/logo\/image\/","url":"https:\/\/cosmetic.lv\/wp-content\/uploads\/2021\/02\/cosmetic.lv_logo.jpg","contentUrl":"https:\/\/cosmetic.lv\/wp-content\/uploads\/2021\/02\/cosmetic.lv_logo.jpg","width":596,"height":196,"caption":"COSMETIC.LV"},"image":{"@id":"https:\/\/cosmetic.lv\/lv\/#\/schema\/logo\/image\/"},"sameAs":["https:\/\/www.facebook.com\/cosmetic.lv\/"]}]},"product_price_amount":"96.44","product_price_currency":"EUR","og_availability":"instock","product_availability":"instock","product_retailer_item_id":"464508","product_condition":"new"},"_links":{"self":[{"href":"https:\/\/cosmetic.lv\/lv\/wp-json\/wp\/v2\/product\/34646","targetHints":{"allow":["GET"]}}],"collection":[{"href":"https:\/\/cosmetic.lv\/lv\/wp-json\/wp\/v2\/product"}],"about":[{"href":"https:\/\/cosmetic.lv\/lv\/wp-json\/wp\/v2\/types\/product"}],"wp:featuredmedia":[{"embeddable":true,"href":"https:\/\/cosmetic.lv\/lv\/wp-json\/wp\/v2\/media\/10607"}],"wp:attachment":[{"href":"https:\/\/cosmetic.lv\/lv\/wp-json\/wp\/v2\/media?parent=34646"}],"wp:term":[{"taxonomy":"product_brand","embeddable":true,"href":"https:\/\/cosmetic.lv\/lv\/wp-json\/wp\/v2\/product_brand?post=34646"},{"taxonomy":"product_cat","embeddable":true,"href":"https:\/\/cosmetic.lv\/lv\/wp-json\/wp\/v2\/product_cat?post=34646"},{"taxonomy":"product_tag","embeddable":true,"href":"https:\/\/cosmetic.lv\/lv\/wp-json\/wp\/v2\/product_tag?post=34646"}],"curies":[{"name":"wp","href":"https:\/\/api.w.org\/{rel}","templated":true}]}}