{"id":34648,"date":"2021-02-05T22:43:42","date_gmt":"2021-02-06T17:55:43","guid":{"rendered":"https:\/\/damme.lv\/product\/inner-defense-dabas-antibiotikas-30gab\/"},"modified":"2021-02-11T22:54:34","modified_gmt":"2021-02-11T20:54:34","slug":"inner-defense-dabas-antibiotikas-30gab","status":"publish","type":"product","link":"https:\/\/cosmetic.lv\/lv\/product\/inner-defense-dabas-antibiotikas-30gab\/","title":{"rendered":"INNER DEFENSE (DABAS ANTIBIOTIKAS) 30GAB"},"content":{"rendered":"<p>Iek\u0161\u0113j\u0101 aizsardz\u012bba<br \/>\nDab\u012bg\u0101 piedeva Iek\u0161\u0113j\u0101 aizsardz\u012bba:<\/p>\n<p>Aizsardz\u012bba m\u016bsdienu toksiskaj\u0101 vid\u0113<br \/>\nStrukt\u016bra ietver kl\u012bniski pier\u0101d\u012bta terapeitisk\u0101 kvalit\u0101tes \u0113terisk\u0101s e\u013c\u013cas Young Living<br \/>\n\u0112terisk\u0101s e\u013c\u013cas ievieto speci\u0101l\u0101 kapsul\u0101, kas \u0101tri \u0161\u0137\u012bst ku\u0146\u0123\u012b; Tas nodro\u0161ina optim\u0101lu uzs\u016bk\u0161anos e\u013c\u013cu un sasniegt \u0101trus rezult\u0101tus<br \/>\nSast\u0101v\u0101 antibakteri\u0101las, pretv\u012brusu, prets\u0113n\u012b\u0161u \u0113terisk\u0101s e\u013c\u013cas<br \/>\nT\u0101 stiprina visus organisma sist\u0113mu, radot apst\u0101k\u013cus, kas nav savienojamas ar dz\u012bv\u012bbu par nedraudz\u012bgu s\u0113n\u012b\u0161u Candida<br \/>\nUzlabo gremo\u0161anu, izn\u012bcina paraz\u012btus<br \/>\nTas aizsarg\u0101 elpo\u0161anas sist\u0113mu no okup\u0113 patog\u0113nos v\u012brusus un bakt\u0113rijas<br \/>\nEfekt\u012bvi nieru un ur\u012bnce\u013cu (s\u0101kt uztver\u0161ana pirmo simptomu)<br \/>\nInner Aizsardz\u012bbas satur mais\u012bjums, kas tika izmantota, lai aizsarg\u0101tu no m\u0113ri 15. gadsimt\u0101 &#8211; ir patent\u0113ts mais\u012bjums zag\u013ciem!<br \/>\nLietojiet 2 kapsulas katru dienu gripas epid\u0113mijas laik\u0101 &#8211; ja nav infekcija nav briesm\u012bgi<br \/>\nPievienot citu pieteikumu k\u0101j\u0101m, un mais\u012bjums zag\u013cu ImmuPower divreiz dien\u0101 (2-3 pilieni) &#8211; un j\u016bs redz\u0113siet at\u0161\u0137ir\u012bbu vi\u0146a vesel\u012bbas st\u0101vokli!<br \/>\nPar Inner Aizsardz\u012bbas sast\u0101vs ir asto\u0146as neaizvietojam\u0101s terapeitisks kvalit\u0101tes e\u013c\u013cas Young Living:<\/p>\n<p>Krustnagli\u0146as (Krustnagli\u0146u) \u0113terisk\u0101 e\u013c\u013ca &#8211; vi\u0146a Austrumos vienm\u0113r ir bijusi saist\u012bta ar augl\u012bbu, un kas pieder\u0113ja vi\u0146iem &#8211; tiek uzskat\u012bti bag\u0101ti; antiseptisks, pretv\u012brusu, pretiekaisuma \u012bpa\u0161\u012bbas; ir augst\u0101kais antioksidantu indeksu (ORAC), tas rada dro\u0161\u012bbas saj\u016btu<br \/>\nOregano (Raudene) \u0113terisk\u0101 e\u013c\u013ca &#8211; viens no jaud\u012bg\u0101kajiem pretmikrobu e\u013c\u013cas; pretv\u012brusu, antibakteri\u0101la, prets\u0113n\u012b\u0161u, pretparaz\u012btu<\/p>\n<p>Timi\u0101na (Thymus) \u0113terisk\u0101 e\u013c\u013ca &#8211; atjaunojo\u0161a a\u0123ents, pretmikrobu, prets\u0113n\u012b\u0161u, pretv\u012brusu, pretparaz\u012btu, antiseptisks l\u012bdzeklis; HTTymol \u0137\u012bmetransplants; Tas pal\u012bdz ar sirds un asinsvadu slim\u012bb\u0101m, infekcijas slim\u012bb\u0101m, Alcheimera slim\u012bbu, Sib\u012brijas m\u0113ris, elpo\u0161anas ce\u013cu slim\u012bbas<\/p>\n<p>Rozmar\u012bns (rozmar\u012bna) \u0113terisk\u0101 e\u013c\u013ca &#8211; prets\u0113n\u012b\u0161u, pretparaz\u012btu, antibakteri\u0101la, l\u012bdzsvaro\u0161anas endokr\u012bno sist\u0113mu, att\u012bra aknas un pal\u012bdz, \u0101rst\u0113jot hepat\u012bta un citu infekcijas slim\u012bbu<\/p>\n<p>Lemongrass (Citronz\u0101les) \u0113terisk\u0101 e\u013c\u013ca &#8211; piem\u012bt pretiekaisuma, antiseptiska, antibakteri\u0101las un prets\u0113n\u012b\u0161u \u012bpa\u0161\u012bbas; pal\u012bdz ar ur\u012bnp\u016b\u0161\u013ca infekciju un gremo\u0161anas trauc\u0113jumiem; Not\u012bra un uzmundrina<\/p>\n<p>Lemon (Limon) \u0113terisk\u0101 e\u013c\u013ca &#8211; antiseptiska, imunostimulators, veicina veido\u0161anos leikoc\u012btu, nomierino\u0161s, antidepresantu, ir \u013coti pat\u012bkama smar\u017ea; T\u0101 att\u012bra, uzlabo garast\u0101vokli, veicina saj\u016btu labkl\u0101j\u012bbu<\/p>\n<p>Eucalyptus radiata (eucalyptus radiata) \u0113terisk\u0101 e\u013c\u013ca &#8211; pretinfekcijas, pretmikrobu, pretv\u012brusu, pretiekaisuma, atkr\u0113po\u0161anas; ir augsts cineolu (paz\u012bstams ar\u012b k\u0101 eikaliptolu), m\u012bkst\u0101ks nek\u0101 citu veidu eikalipta, ko izmanto, lai mazin\u0101tu saaukst\u0113\u0161anos, mazina deguna aizlikumu, neizraisa \u0101das kairin\u0101jumu, tas pal\u012bdz ar s\u0101p\u0113m musku\u013cos un loc\u012btav\u0101s<\/p>\n<p>Kan\u0113\u013ca mizas (kan\u0113\u013ca) \u0113terisk\u0101 e\u013c\u013ca &#8211; pretiekaisuma, antiseptiska, pretv\u012brusu, antibakteri\u0101la, pretinfekcijas, prets\u0113n\u012b\u0161u, pies\u0101tina asinis ar sk\u0101bekli (oksigenatoru) ir iek\u013cauta receptei sv\u0113t\u0101 svaid\u012bjums Mozum. (Exodus 30: 22-27). \u0112terisk\u0101 e\u013c\u013ca kan\u0113\u013ca augstu v\u0113rt\u0113 imperatoru \u0136\u012bnas un Indijas, to bag\u0101t\u012bbu, vi\u0146i m\u0113ra e\u013c\u013cas daudzumu, kas bija<\/p>\n<p>Citas sast\u0101vda\u013cas:<\/p>\n<p>Frakcion\u0113ti (virgin) kokosriekstu e\u013c\u013ca &#8211; k\u0101 p\u0101rvad\u0101t\u0101ja e\u013c\u013cas, mais\u012bjums stabiliz\u0113 pamatu<br \/>\nBi\u0161u vasks &#8211; nodro\u0161ina antioksidantu un anti-infekciozo aizsardz\u012bba<br \/>\nSojas lecit\u012bns (fosfolip\u012bdu) &#8211; ir ietekme uz pazemina holester\u012bna l\u012bmeni un triglicer\u012bdu, un lai palielin\u0101tu &quot;lab\u0101 holester\u012bna&quot; &#8211; ABL asin\u012bs.<\/p>\n<p>Veikt ar slim\u012bb\u0101m:<\/p>\n<p>Adisona slim\u012bba, AIDS, Sib\u012brijas m\u0113ris, putnu gripas, ur\u012bnp\u016b\u0161\u013ca infekcijas, vir\u0161anas temperat\u016bra, bronh\u012bts, saaukst\u0113\u0161an\u0101s, v\u0113zis, v\u0113zis, audz\u0113ji, Candida, \u010d\u016blas, v\u0113jbak\u0101m, k\u0101rni\u0146i, herpes (visu veidu), hronisks nogurums, sastr\u0113guma klepus slim\u012bba Ku\u0161inga, caureja, difterija, dizent\u0113rija, saind\u0113\u0161anos ar p\u0101rtiku, C\u016bku gripa (H1N1), im\u016bn\u0101s depresija, diab\u0113ts, Ep\u0161teina-Barra v\u012bruss, gangr\u0113na, gingiv\u012bts, Greivsa slim\u012bba, Greivsa slim\u012bba, toksiska goiter, gonoreju, gripa, Ha\u0161imoto slim\u012bba (hipertireoze) im\u016bn\u0101s sist\u0113mas trauc\u0113jumi, infekcijas (bakt\u0113riju un sup usnye), infekcijas slim\u012bbas, gripa, slim\u012bbas Uro\u0123enit\u0101l\u0101s sist\u0113mas, nieru slim\u012bbas (infekcija, iekaisums), sarkano vilk\u0113di, Laima slim\u012bbas, masalu, mononucleosis, multipl\u0101s sklerozes, parot\u012bta, nazofaring\u012bts, nefr\u012bts, s\u0101pes (prets\u0101pju l\u012bdzeklis), paraz\u012bti, periodont\u012bts, m\u0113ris , pneimonija, elpo\u0161anas ce\u013cu slim\u012bba, reimatisma drudzis, Rocky Mountain spotted drudzis, Schmidt sindroms, sinusa slim\u012bbu, v\u012brusu slim\u012bbu, ku\u0146\u0123a un zarnu, stress, r\u012bkles iekaisums bite zirneklis (br\u016bns vientu\u013cnieks), ak\u016bta faring\u012bts, sifilisa, \u0113r\u010du bite Trombik<\/p>\n","protected":false},"excerpt":{"rendered":"<p>Iek\u0161\u0113j\u0101 aizsardz\u012bba Dab\u012bg\u0101 piedeva Iek\u0161\u0113j\u0101 aizsardz\u012bba: Aizsardz\u012bba m\u016bsdienu toksiskaj\u0101 vid\u0113 Strukt\u016bra ietver kl\u012bniski pier\u0101d\u012bta terapeitisk\u0101 kvalit\u0101tes \u0113terisk\u0101s e\u013c\u013cas Young Living<\/p>\n","protected":false},"featured_media":17048,"template":"","meta":[],"product_brand":[],"product_cat":[2186,2304],"product_tag":[],"class_list":{"0":"post-34648","1":"product","2":"type-product","3":"status-publish","4":"has-post-thumbnail","6":"product_cat-young-living-eteriskas-ellas-un-kosmetika-augstas-kvalitates","7":"product_cat-veseliba-lv","9":"first","10":"instock","11":"taxable","12":"shipping-taxable","13":"purchasable","14":"product-type-simple"},"yoast_head":"<!-- This site is optimized with the Yoast SEO Premium plugin v27.0 (Yoast SEO v27.0) - https:\/\/yoast.com\/product\/yoast-seo-premium-wordpress\/ -->\n<title>INNER DEFENSE (DABAS ANTIBIOTIKAS) 30GAB - cosmetic.lv<\/title>\n<meta name=\"robots\" content=\"index, follow, max-snippet:-1, max-image-preview:large, max-video-preview:-1\" \/>\n<link rel=\"canonical\" href=\"https:\/\/cosmetic.lv\/lv\/product\/inner-defense-dabas-antibiotikas-30gab\/\" \/>\n<meta property=\"og:locale\" content=\"lv_LV\" \/>\n<meta property=\"og:type\" content=\"article\" \/>\n<meta property=\"og:title\" content=\"INNER DEFENSE (DABAS ANTIBIOTIKAS) 30GAB\" \/>\n<meta property=\"og:description\" content=\"Iek\u0161\u0113j\u0101 aizsardz\u012bba Dab\u012bg\u0101 piedeva Iek\u0161\u0113j\u0101 aizsardz\u012bba: Aizsardz\u012bba m\u016bsdienu toksiskaj\u0101 vid\u0113 Strukt\u016bra ietver kl\u012bniski pier\u0101d\u012bta terapeitisk\u0101 kvalit\u0101tes \u0113terisk\u0101s e\u013c\u013cas Young Living\" \/>\n<meta property=\"og:url\" content=\"https:\/\/cosmetic.lv\/lv\/product\/inner-defense-dabas-antibiotikas-30gab\/\" \/>\n<meta property=\"og:site_name\" content=\"cosmetic.lv\" \/>\n<meta property=\"article:publisher\" content=\"https:\/\/www.facebook.com\/cosmetic.lv\/\" \/>\n<meta property=\"article:modified_time\" content=\"2021-02-11T20:54:34+00:00\" \/>\n<meta property=\"og:image\" content=\"https:\/\/cosmetic.lv\/wp-content\/uploads\/2021\/02\/inner-defence-4.jpg\" \/>\n\t<meta property=\"og:image:width\" content=\"143\" \/>\n\t<meta property=\"og:image:height\" content=\"250\" \/>\n\t<meta property=\"og:image:type\" content=\"image\/jpeg\" \/>\n<meta name=\"twitter:card\" content=\"summary_large_image\" \/>\n<script type=\"application\/ld+json\" class=\"yoast-schema-graph\">{\"@context\":\"https:\/\/schema.org\",\"@graph\":[{\"@type\":\"WebPage\",\"@id\":\"https:\/\/cosmetic.lv\/lv\/product\/inner-defense-dabas-antibiotikas-30gab\/\",\"url\":\"https:\/\/cosmetic.lv\/lv\/product\/inner-defense-dabas-antibiotikas-30gab\/\",\"name\":\"INNER DEFENSE (DABAS ANTIBIOTIKAS) 30GAB - cosmetic.lv\",\"isPartOf\":{\"@id\":\"https:\/\/cosmetic.lv\/lv\/#website\"},\"primaryImageOfPage\":{\"@id\":\"https:\/\/cosmetic.lv\/lv\/product\/inner-defense-dabas-antibiotikas-30gab\/#primaryimage\"},\"image\":{\"@id\":\"https:\/\/cosmetic.lv\/lv\/product\/inner-defense-dabas-antibiotikas-30gab\/#primaryimage\"},\"thumbnailUrl\":\"https:\/\/cosmetic.lv\/wp-content\/uploads\/2021\/02\/inner-defence-4.jpg\",\"datePublished\":\"2021-02-06T17:55:43+00:00\",\"dateModified\":\"2021-02-11T20:54:34+00:00\",\"breadcrumb\":{\"@id\":\"https:\/\/cosmetic.lv\/lv\/product\/inner-defense-dabas-antibiotikas-30gab\/#breadcrumb\"},\"inLanguage\":\"lv-LV\",\"potentialAction\":[{\"@type\":\"ReadAction\",\"target\":[\"https:\/\/cosmetic.lv\/lv\/product\/inner-defense-dabas-antibiotikas-30gab\/\"]}]},{\"@type\":\"ImageObject\",\"inLanguage\":\"lv-LV\",\"@id\":\"https:\/\/cosmetic.lv\/lv\/product\/inner-defense-dabas-antibiotikas-30gab\/#primaryimage\",\"url\":\"https:\/\/cosmetic.lv\/wp-content\/uploads\/2021\/02\/inner-defence-4.jpg\",\"contentUrl\":\"https:\/\/cosmetic.lv\/wp-content\/uploads\/2021\/02\/inner-defence-4.jpg\",\"width\":143,\"height\":250,\"caption\":\"inner-defence.jpg\"},{\"@type\":\"BreadcrumbList\",\"@id\":\"https:\/\/cosmetic.lv\/lv\/product\/inner-defense-dabas-antibiotikas-30gab\/#breadcrumb\",\"itemListElement\":[{\"@type\":\"ListItem\",\"position\":1,\"name\":\"Home\",\"item\":\"https:\/\/cosmetic.lv\/lv\/\"},{\"@type\":\"ListItem\",\"position\":2,\"name\":\"Veikals\",\"item\":\"https:\/\/cosmetic.lv\/lv\/veiklas\/\"},{\"@type\":\"ListItem\",\"position\":3,\"name\":\"INNER DEFENSE (DABAS ANTIBIOTIKAS) 30GAB\"}]},{\"@type\":\"WebSite\",\"@id\":\"https:\/\/cosmetic.lv\/lv\/#website\",\"url\":\"https:\/\/cosmetic.lv\/lv\/\",\"name\":\"cosmetic.lv\",\"description\":\"Profesion\u0101la kosm\u0113tika - Maria Galland, Keune, Arkadija, GMT, Guam, Magiray\",\"publisher\":{\"@id\":\"https:\/\/cosmetic.lv\/lv\/#organization\"},\"potentialAction\":[{\"@type\":\"SearchAction\",\"target\":{\"@type\":\"EntryPoint\",\"urlTemplate\":\"https:\/\/cosmetic.lv\/lv\/?s={search_term_string}\"},\"query-input\":{\"@type\":\"PropertyValueSpecification\",\"valueRequired\":true,\"valueName\":\"search_term_string\"}}],\"inLanguage\":\"lv-LV\"},{\"@type\":\"Organization\",\"@id\":\"https:\/\/cosmetic.lv\/lv\/#organization\",\"name\":\"COSMETIC.LV\",\"url\":\"https:\/\/cosmetic.lv\/lv\/\",\"logo\":{\"@type\":\"ImageObject\",\"inLanguage\":\"lv-LV\",\"@id\":\"https:\/\/cosmetic.lv\/lv\/#\/schema\/logo\/image\/\",\"url\":\"https:\/\/cosmetic.lv\/wp-content\/uploads\/2021\/02\/cosmetic.lv_logo.jpg\",\"contentUrl\":\"https:\/\/cosmetic.lv\/wp-content\/uploads\/2021\/02\/cosmetic.lv_logo.jpg\",\"width\":596,\"height\":196,\"caption\":\"COSMETIC.LV\"},\"image\":{\"@id\":\"https:\/\/cosmetic.lv\/lv\/#\/schema\/logo\/image\/\"},\"sameAs\":[\"https:\/\/www.facebook.com\/cosmetic.lv\/\"]}]}<\/script>\n<meta property=\"product:price:amount\" content=\"54.66\" \/>\n<meta property=\"product:price:currency\" content=\"EUR\" \/>\n<meta property=\"og:availability\" content=\"instock\" \/>\n<meta property=\"product:availability\" content=\"instock\" \/>\n<meta property=\"product:retailer_item_id\" content=\"329508\" \/>\n<meta property=\"product:condition\" content=\"new\" \/>\n<!-- \/ Yoast SEO Premium plugin. -->","yoast_head_json":{"title":"INNER DEFENSE (DABAS ANTIBIOTIKAS) 30GAB - cosmetic.lv","robots":{"index":"index","follow":"follow","max-snippet":"max-snippet:-1","max-image-preview":"max-image-preview:large","max-video-preview":"max-video-preview:-1"},"canonical":"https:\/\/cosmetic.lv\/lv\/product\/inner-defense-dabas-antibiotikas-30gab\/","og_locale":"lv_LV","og_type":"article","og_title":"INNER DEFENSE (DABAS ANTIBIOTIKAS) 30GAB","og_description":"Iek\u0161\u0113j\u0101 aizsardz\u012bba Dab\u012bg\u0101 piedeva Iek\u0161\u0113j\u0101 aizsardz\u012bba: Aizsardz\u012bba m\u016bsdienu toksiskaj\u0101 vid\u0113 Strukt\u016bra ietver kl\u012bniski pier\u0101d\u012bta terapeitisk\u0101 kvalit\u0101tes \u0113terisk\u0101s e\u013c\u013cas Young Living","og_url":"https:\/\/cosmetic.lv\/lv\/product\/inner-defense-dabas-antibiotikas-30gab\/","og_site_name":"cosmetic.lv","article_publisher":"https:\/\/www.facebook.com\/cosmetic.lv\/","article_modified_time":"2021-02-11T20:54:34+00:00","og_image":[{"width":143,"height":250,"url":"https:\/\/cosmetic.lv\/wp-content\/uploads\/2021\/02\/inner-defence-4.jpg","type":"image\/jpeg"}],"twitter_card":"summary_large_image","schema":{"@context":"https:\/\/schema.org","@graph":[{"@type":"WebPage","@id":"https:\/\/cosmetic.lv\/lv\/product\/inner-defense-dabas-antibiotikas-30gab\/","url":"https:\/\/cosmetic.lv\/lv\/product\/inner-defense-dabas-antibiotikas-30gab\/","name":"INNER DEFENSE (DABAS ANTIBIOTIKAS) 30GAB - cosmetic.lv","isPartOf":{"@id":"https:\/\/cosmetic.lv\/lv\/#website"},"primaryImageOfPage":{"@id":"https:\/\/cosmetic.lv\/lv\/product\/inner-defense-dabas-antibiotikas-30gab\/#primaryimage"},"image":{"@id":"https:\/\/cosmetic.lv\/lv\/product\/inner-defense-dabas-antibiotikas-30gab\/#primaryimage"},"thumbnailUrl":"https:\/\/cosmetic.lv\/wp-content\/uploads\/2021\/02\/inner-defence-4.jpg","datePublished":"2021-02-06T17:55:43+00:00","dateModified":"2021-02-11T20:54:34+00:00","breadcrumb":{"@id":"https:\/\/cosmetic.lv\/lv\/product\/inner-defense-dabas-antibiotikas-30gab\/#breadcrumb"},"inLanguage":"lv-LV","potentialAction":[{"@type":"ReadAction","target":["https:\/\/cosmetic.lv\/lv\/product\/inner-defense-dabas-antibiotikas-30gab\/"]}]},{"@type":"ImageObject","inLanguage":"lv-LV","@id":"https:\/\/cosmetic.lv\/lv\/product\/inner-defense-dabas-antibiotikas-30gab\/#primaryimage","url":"https:\/\/cosmetic.lv\/wp-content\/uploads\/2021\/02\/inner-defence-4.jpg","contentUrl":"https:\/\/cosmetic.lv\/wp-content\/uploads\/2021\/02\/inner-defence-4.jpg","width":143,"height":250,"caption":"inner-defence.jpg"},{"@type":"BreadcrumbList","@id":"https:\/\/cosmetic.lv\/lv\/product\/inner-defense-dabas-antibiotikas-30gab\/#breadcrumb","itemListElement":[{"@type":"ListItem","position":1,"name":"Home","item":"https:\/\/cosmetic.lv\/lv\/"},{"@type":"ListItem","position":2,"name":"Veikals","item":"https:\/\/cosmetic.lv\/lv\/veiklas\/"},{"@type":"ListItem","position":3,"name":"INNER DEFENSE (DABAS ANTIBIOTIKAS) 30GAB"}]},{"@type":"WebSite","@id":"https:\/\/cosmetic.lv\/lv\/#website","url":"https:\/\/cosmetic.lv\/lv\/","name":"cosmetic.lv","description":"Profesion\u0101la kosm\u0113tika - Maria Galland, Keune, Arkadija, GMT, Guam, Magiray","publisher":{"@id":"https:\/\/cosmetic.lv\/lv\/#organization"},"potentialAction":[{"@type":"SearchAction","target":{"@type":"EntryPoint","urlTemplate":"https:\/\/cosmetic.lv\/lv\/?s={search_term_string}"},"query-input":{"@type":"PropertyValueSpecification","valueRequired":true,"valueName":"search_term_string"}}],"inLanguage":"lv-LV"},{"@type":"Organization","@id":"https:\/\/cosmetic.lv\/lv\/#organization","name":"COSMETIC.LV","url":"https:\/\/cosmetic.lv\/lv\/","logo":{"@type":"ImageObject","inLanguage":"lv-LV","@id":"https:\/\/cosmetic.lv\/lv\/#\/schema\/logo\/image\/","url":"https:\/\/cosmetic.lv\/wp-content\/uploads\/2021\/02\/cosmetic.lv_logo.jpg","contentUrl":"https:\/\/cosmetic.lv\/wp-content\/uploads\/2021\/02\/cosmetic.lv_logo.jpg","width":596,"height":196,"caption":"COSMETIC.LV"},"image":{"@id":"https:\/\/cosmetic.lv\/lv\/#\/schema\/logo\/image\/"},"sameAs":["https:\/\/www.facebook.com\/cosmetic.lv\/"]}]},"product_price_amount":"54.66","product_price_currency":"EUR","og_availability":"instock","product_availability":"instock","product_retailer_item_id":"329508","product_condition":"new"},"_links":{"self":[{"href":"https:\/\/cosmetic.lv\/lv\/wp-json\/wp\/v2\/product\/34648","targetHints":{"allow":["GET"]}}],"collection":[{"href":"https:\/\/cosmetic.lv\/lv\/wp-json\/wp\/v2\/product"}],"about":[{"href":"https:\/\/cosmetic.lv\/lv\/wp-json\/wp\/v2\/types\/product"}],"wp:featuredmedia":[{"embeddable":true,"href":"https:\/\/cosmetic.lv\/lv\/wp-json\/wp\/v2\/media\/17048"}],"wp:attachment":[{"href":"https:\/\/cosmetic.lv\/lv\/wp-json\/wp\/v2\/media?parent=34648"}],"wp:term":[{"taxonomy":"product_brand","embeddable":true,"href":"https:\/\/cosmetic.lv\/lv\/wp-json\/wp\/v2\/product_brand?post=34648"},{"taxonomy":"product_cat","embeddable":true,"href":"https:\/\/cosmetic.lv\/lv\/wp-json\/wp\/v2\/product_cat?post=34648"},{"taxonomy":"product_tag","embeddable":true,"href":"https:\/\/cosmetic.lv\/lv\/wp-json\/wp\/v2\/product_tag?post=34648"}],"curies":[{"name":"wp","href":"https:\/\/api.w.org\/{rel}","templated":true}]}}