{"id":34649,"date":"2021-02-05T22:43:42","date_gmt":"2021-02-06T17:55:43","guid":{"rendered":"https:\/\/damme.lv\/product\/juva-power-detoksikcija-aknu-un-zarnu-tirisana-226g\/"},"modified":"2021-02-11T22:54:34","modified_gmt":"2021-02-11T20:54:34","slug":"juva-power-detoksikcija-aknu-un-zarnu-tirisana-226g","status":"publish","type":"product","link":"https:\/\/cosmetic.lv\/lv\/product\/juva-power-detoksikcija-aknu-un-zarnu-tirisana-226g\/","title":{"rendered":"JUVA POWER &#8211;  DETOKSIKCIJA aknu un zarnu t\u012br\u012b\u0161ana 226g"},"content":{"rendered":"<p>JuvaPower &#8211; aknu un zarnu t\u012br\u012b\u0161ana JuvaPower ir ide\u0101la p\u0101rtikas piedeva aknu detoksik\u0101cijai, kuras uz\u0146em\u0161anu var pievienot jebkurai t\u012br\u012b\u0161anas vai svara kontroles programmai. Aknas ir viens no svar\u012bg\u0101kajiem org\u0101niem, kas att\u012bra visu \u0137ermeni l\u012bdz maz\u0101kajiem kapil\u0101riem. Aknas filtr\u0113 dabiskos vai sint\u0113tiskos toks\u012bnus, kas ir iek\u013cauti m\u016bsu p\u0101rtik\u0101 un vid\u0113. T\u0101d\u0113\u013c ar\u012b akn\u0101m ir j\u0101b\u016bt att\u012br\u012btiem. JuvaPower nodro\u0161ina dab\u012bgu aknu un zarnu att\u012br\u012b\u0161anu, satur bar\u012bbas vielas norm\u0101lai darb\u012bbai. Augu pulveris satur terapeitisk\u0101s kvalit\u0101tes \u0113terisk\u0101s e\u013c\u013cas, gar\u0161augus, r\u012bsu klijas, spin\u0101tus, bietes pulveri un L-taur\u012bnu. K\u0101da ir L-taur\u012bna lieto\u0161ana? neaizvietojam\u0101 aminosk\u0101be atbalsta aknas piedal\u0101s lecit\u012bna (fosfolip\u012bdu \u0161\u016bnu) sint\u0113z\u0113 piedal\u0101s metion\u012bna sint\u0113z\u0113 (tas ir b\u016btiska aminosk\u0101be, kas piedal\u0101s tauku lipol\u012bzes un tauku sadedzin\u0101\u0161anas procesos) samazina \u0113stgribu piedal\u0101s tauku gremo\u0161anu cilv\u0113ka gremo\u0161anas sist\u0113m\u0101 Tas ir neaizst\u0101jams ar uzdevumiem atbr\u012bvoties no liek\u0101 svara Sast\u0101vs: R\u012bsu klijas (r\u012bsu klija) &#8211; dabisks E vitam\u012bna, antioksidantu un miner\u0101lvielu avots Spin\u0101tu lapi\u0146u pulveris (Spinach Leaf Powder) &#8211; satur svar\u012bgas miner\u0101lvielas un uzturvielas Tom\u0101tu aug\u013cu p\u0101rslas (Lycopersicon esculentum) &#8211; bag\u0101ta ar antioksidantiem un k\u0101liju Root bie\u0161u (Beta vulgaris) &#8211; piem\u012bt choleretic pras\u012bba ietver beta\u012bnu regul\u0113 tauku vielmai\u0146u un ne\u013cauj infiltr\u0101ciju aknu, atbalsta \u0161\u016bnu Flaxseed (linu s\u0113klas) &#8211; avots \u0161\u0137iedru un neaizst\u0101jam\u0101s tauksk\u0101bes omega 3 pal\u012bdz att\u012br\u012bt zarnu sienas, kalpo k\u0101 celtniec\u012bbas materi\u0101ls \u0161\u016bnu membr\u0101n\u0101m Auzu klijas (Auzu \u0161\u0137iedra) &#8211; saista taukus zarn\u0101s, ir augu \u0161\u0137iedru avots Broko\u013ci (Brassica oleracea) &#8211; satur C vitam\u012bnu un K vitam\u012bnu Gur\u0137u pulveris (Cucumis sativus) &#8211; bag\u0101ts ar \u0161\u0137iedrviel\u0101m, ir t\u012br\u012b\u0161anas \u012bpa\u0161\u012bbas. Redmond S\u0101ls &#8211; j\u016bras s\u0101ls, kas ir dab\u012bgs miner\u0101lvielu avots, kas ieg\u016bts Redmond\u0101, J\u016bm\u0101, raktuv\u0113s ir visaugst\u0101k\u0101 kvalit\u0101te Pl\u016bsto\u0161ie mie\u017ei (Hordeum vulgare) &#8211; antioksidants, satur vitam\u012bnus. Slidens Elm Rark &#8211; nomierina gremo\u0161anas traktu, izn\u012bcina patog\u0113n\u0101s un putrefakt\u012bv\u0101s bakt\u0113rijas, atbalsta vesel\u012bgu gremo\u0161anu L-Taur\u012bns ir neaizst\u0101jama aminosk\u0101be, kas atbalsta vesel\u012bgu aknu funkciju Psyllium s\u0113klu pulveris (Psyllium s\u0113klu pulveris) ir neatt\u012bsto\u0161u \u0161\u0137iedrvielu avots, dab\u012bgs l\u012bdzeklis, kas b\u016btiski uzlabo vesel\u012bbu, palielina tilpumu, ja sajauc ar \u016bdeni Aloe Vera lapu ekstrakts (alvejas lapu ekstrakts) &#8211; nomierina gremo\u0161anas sist\u0113mu Ingvera sak\u0146u pulveris (Zingiber officinale) &#8211; atbalsta gremo\u0161anas sist\u0113mu, ko parasti izmanto nomierin\u0101\u0161anai, komfortu un l\u012bdzsvaru gremo\u0161anu Di\u013c\u013cu s\u0113klas (Di\u013c\u013cu s\u0113klas) &#8211; izmanto, lai uztur\u0113tu gremo\u0161anas sist\u0113mu, stimul\u0113, stimul\u0113 un l\u012bdzsvaro S\u0113klas fenheli (Foeniculum vulgare) &#8211; stimul\u0113 asinsrites, endokr\u012bno, elpo\u0161anas un gremo\u0161anas sist\u0113mas, t\u0101 saglab\u0101 saj\u016btu labkl\u0101j\u012bbu menstru\u0101l\u0101 cikla laik\u0101 Sheet piparm\u0113tru (Mentha piperita) &#8211; atbalsta norm\u0101lu gremo\u0161anu, stimul\u0113 vesel\u012bgu zarnu funkciju, nodro\u0161ina komfortu ku\u0146\u0123a-zarnu trakt\u0101, atsl\u0113gu e\u013c\u013cu m\u0101kslas lietusl\u0101si Satur \u0113terisku jauno dz\u012bvi: Fenhe\u013ci (fenhele) \u0113terisk\u0101 e\u013c\u013ca &#8211; antiseptiska, stimul\u0113 asinsrites sist\u0113mu; paaugstina \u017eults izdal\u012b\u0161anos un atjauno aknu \u0161\u016bnu (hepatoc\u012btu) aktivit\u0101ti An\u012bsa (an\u012bsa) \u0113terisk\u0101 e\u013c\u013ca &#8211; pretparaz\u012bts, pal\u012bdz nov\u0113rst v\u0113dera uzp\u016b\u0161anos un zarnu krampjus K\u0101 lietot JuvaPower: Pievienojiet vienu \u0113damkaroti 100 ml aukst\u0101 \u016bdens vai m\u012b\u013c\u0101ko dz\u0113rienu, biezen\u012b vai p\u0101rtik\u0101. Ir ikdienas detoksik\u0101cijas l\u012bdzeklis Ja j\u016bsu di\u0113ta satur augstu olbaltumvielu daudzumu &#8211; lieto 2 reizes dien\u0101, ja olbaltumvielu ir zems &#8211; 1 reizi dien\u0101 Ieteicams lab\u0101kos rezult\u0101tus lietot kop\u0101 ar NingXia Red un Detoxzyme Vai ICP var izmantot dz\u012bvniekiem? J\u0101, izmantojiet mazos daudzumos. Ka\u0137iem &#8211; \u00bd t\u0113jkaroti, kas izplat\u0101s visu dienu. Lieliem su\u0146iem &#8211; 1 \u0113damkarote.<\/p>\n","protected":false},"excerpt":{"rendered":"<p>JuvaPower &#8211; aknu un zarnu t\u012br\u012b\u0161ana JuvaPower ir ide\u0101la p\u0101rtikas piedeva aknu detoksik\u0101cijai, kuras uz\u0146em\u0161anu var pievienot jebkurai t\u012br\u012b\u0161anas vai<\/p>\n","protected":false},"featured_media":17051,"template":"","meta":[],"product_brand":[],"product_cat":[2186,2304],"product_tag":[],"class_list":{"0":"post-34649","1":"product","2":"type-product","3":"status-publish","4":"has-post-thumbnail","6":"product_cat-young-living-eteriskas-ellas-un-kosmetika-augstas-kvalitates","7":"product_cat-veseliba-lv","9":"first","10":"instock","11":"taxable","12":"shipping-taxable","13":"purchasable","14":"product-type-simple"},"yoast_head":"<!-- This site is optimized with the Yoast SEO Premium plugin v27.0 (Yoast SEO v27.0) - https:\/\/yoast.com\/product\/yoast-seo-premium-wordpress\/ -->\n<title>JUVA POWER - DETOKSIKCIJA aknu un zarnu t\u012br\u012b\u0161ana 226g - cosmetic.lv<\/title>\n<meta name=\"robots\" content=\"index, follow, max-snippet:-1, max-image-preview:large, max-video-preview:-1\" \/>\n<link rel=\"canonical\" href=\"https:\/\/cosmetic.lv\/lv\/product\/juva-power-detoksikcija-aknu-un-zarnu-tirisana-226g\/\" \/>\n<meta property=\"og:locale\" content=\"lv_LV\" \/>\n<meta property=\"og:type\" content=\"article\" \/>\n<meta property=\"og:title\" content=\"JUVA POWER - DETOKSIKCIJA aknu un zarnu t\u012br\u012b\u0161ana 226g\" \/>\n<meta property=\"og:description\" content=\"JuvaPower &#8211; aknu un zarnu t\u012br\u012b\u0161ana JuvaPower ir ide\u0101la p\u0101rtikas piedeva aknu detoksik\u0101cijai, kuras uz\u0146em\u0161anu var pievienot jebkurai t\u012br\u012b\u0161anas vai\" \/>\n<meta property=\"og:url\" content=\"https:\/\/cosmetic.lv\/lv\/product\/juva-power-detoksikcija-aknu-un-zarnu-tirisana-226g\/\" \/>\n<meta property=\"og:site_name\" content=\"cosmetic.lv\" \/>\n<meta property=\"article:publisher\" content=\"https:\/\/www.facebook.com\/cosmetic.lv\/\" \/>\n<meta property=\"article:modified_time\" content=\"2021-02-11T20:54:34+00:00\" \/>\n<meta property=\"og:image\" content=\"https:\/\/cosmetic.lv\/wp-content\/uploads\/2021\/02\/juva-power-4.jpg\" \/>\n\t<meta property=\"og:image:width\" content=\"250\" \/>\n\t<meta property=\"og:image:height\" content=\"250\" \/>\n\t<meta property=\"og:image:type\" content=\"image\/jpeg\" \/>\n<meta name=\"twitter:card\" content=\"summary_large_image\" \/>\n<script type=\"application\/ld+json\" class=\"yoast-schema-graph\">{\"@context\":\"https:\/\/schema.org\",\"@graph\":[{\"@type\":\"WebPage\",\"@id\":\"https:\/\/cosmetic.lv\/lv\/product\/juva-power-detoksikcija-aknu-un-zarnu-tirisana-226g\/\",\"url\":\"https:\/\/cosmetic.lv\/lv\/product\/juva-power-detoksikcija-aknu-un-zarnu-tirisana-226g\/\",\"name\":\"JUVA POWER - DETOKSIKCIJA aknu un zarnu t\u012br\u012b\u0161ana 226g - cosmetic.lv\",\"isPartOf\":{\"@id\":\"https:\/\/cosmetic.lv\/lv\/#website\"},\"primaryImageOfPage\":{\"@id\":\"https:\/\/cosmetic.lv\/lv\/product\/juva-power-detoksikcija-aknu-un-zarnu-tirisana-226g\/#primaryimage\"},\"image\":{\"@id\":\"https:\/\/cosmetic.lv\/lv\/product\/juva-power-detoksikcija-aknu-un-zarnu-tirisana-226g\/#primaryimage\"},\"thumbnailUrl\":\"https:\/\/cosmetic.lv\/wp-content\/uploads\/2021\/02\/juva-power-4.jpg\",\"datePublished\":\"2021-02-06T17:55:43+00:00\",\"dateModified\":\"2021-02-11T20:54:34+00:00\",\"breadcrumb\":{\"@id\":\"https:\/\/cosmetic.lv\/lv\/product\/juva-power-detoksikcija-aknu-un-zarnu-tirisana-226g\/#breadcrumb\"},\"inLanguage\":\"lv-LV\",\"potentialAction\":[{\"@type\":\"ReadAction\",\"target\":[\"https:\/\/cosmetic.lv\/lv\/product\/juva-power-detoksikcija-aknu-un-zarnu-tirisana-226g\/\"]}]},{\"@type\":\"ImageObject\",\"inLanguage\":\"lv-LV\",\"@id\":\"https:\/\/cosmetic.lv\/lv\/product\/juva-power-detoksikcija-aknu-un-zarnu-tirisana-226g\/#primaryimage\",\"url\":\"https:\/\/cosmetic.lv\/wp-content\/uploads\/2021\/02\/juva-power-4.jpg\",\"contentUrl\":\"https:\/\/cosmetic.lv\/wp-content\/uploads\/2021\/02\/juva-power-4.jpg\",\"width\":250,\"height\":250,\"caption\":\"juva-power.jpg\"},{\"@type\":\"BreadcrumbList\",\"@id\":\"https:\/\/cosmetic.lv\/lv\/product\/juva-power-detoksikcija-aknu-un-zarnu-tirisana-226g\/#breadcrumb\",\"itemListElement\":[{\"@type\":\"ListItem\",\"position\":1,\"name\":\"Home\",\"item\":\"https:\/\/cosmetic.lv\/lv\/\"},{\"@type\":\"ListItem\",\"position\":2,\"name\":\"Veikals\",\"item\":\"https:\/\/cosmetic.lv\/lv\/veiklas\/\"},{\"@type\":\"ListItem\",\"position\":3,\"name\":\"JUVA POWER &#8211; DETOKSIKCIJA aknu un zarnu t\u012br\u012b\u0161ana 226g\"}]},{\"@type\":\"WebSite\",\"@id\":\"https:\/\/cosmetic.lv\/lv\/#website\",\"url\":\"https:\/\/cosmetic.lv\/lv\/\",\"name\":\"cosmetic.lv\",\"description\":\"Profesion\u0101la kosm\u0113tika - Maria Galland, Keune, Arkadija, GMT, Guam, Magiray\",\"publisher\":{\"@id\":\"https:\/\/cosmetic.lv\/lv\/#organization\"},\"potentialAction\":[{\"@type\":\"SearchAction\",\"target\":{\"@type\":\"EntryPoint\",\"urlTemplate\":\"https:\/\/cosmetic.lv\/lv\/?s={search_term_string}\"},\"query-input\":{\"@type\":\"PropertyValueSpecification\",\"valueRequired\":true,\"valueName\":\"search_term_string\"}}],\"inLanguage\":\"lv-LV\"},{\"@type\":\"Organization\",\"@id\":\"https:\/\/cosmetic.lv\/lv\/#organization\",\"name\":\"COSMETIC.LV\",\"url\":\"https:\/\/cosmetic.lv\/lv\/\",\"logo\":{\"@type\":\"ImageObject\",\"inLanguage\":\"lv-LV\",\"@id\":\"https:\/\/cosmetic.lv\/lv\/#\/schema\/logo\/image\/\",\"url\":\"https:\/\/cosmetic.lv\/wp-content\/uploads\/2021\/02\/cosmetic.lv_logo.jpg\",\"contentUrl\":\"https:\/\/cosmetic.lv\/wp-content\/uploads\/2021\/02\/cosmetic.lv_logo.jpg\",\"width\":596,\"height\":196,\"caption\":\"COSMETIC.LV\"},\"image\":{\"@id\":\"https:\/\/cosmetic.lv\/lv\/#\/schema\/logo\/image\/\"},\"sameAs\":[\"https:\/\/www.facebook.com\/cosmetic.lv\/\"]}]}<\/script>\n<meta property=\"product:price:amount\" content=\"83.79\" \/>\n<meta property=\"product:price:currency\" content=\"EUR\" \/>\n<meta property=\"og:availability\" content=\"instock\" \/>\n<meta property=\"product:availability\" content=\"instock\" \/>\n<meta property=\"product:retailer_item_id\" content=\"3279500\" \/>\n<meta property=\"product:condition\" content=\"new\" \/>\n<!-- \/ Yoast SEO Premium plugin. -->","yoast_head_json":{"title":"JUVA POWER - DETOKSIKCIJA aknu un zarnu t\u012br\u012b\u0161ana 226g - cosmetic.lv","robots":{"index":"index","follow":"follow","max-snippet":"max-snippet:-1","max-image-preview":"max-image-preview:large","max-video-preview":"max-video-preview:-1"},"canonical":"https:\/\/cosmetic.lv\/lv\/product\/juva-power-detoksikcija-aknu-un-zarnu-tirisana-226g\/","og_locale":"lv_LV","og_type":"article","og_title":"JUVA POWER - DETOKSIKCIJA aknu un zarnu t\u012br\u012b\u0161ana 226g","og_description":"JuvaPower &#8211; aknu un zarnu t\u012br\u012b\u0161ana JuvaPower ir ide\u0101la p\u0101rtikas piedeva aknu detoksik\u0101cijai, kuras uz\u0146em\u0161anu var pievienot jebkurai t\u012br\u012b\u0161anas vai","og_url":"https:\/\/cosmetic.lv\/lv\/product\/juva-power-detoksikcija-aknu-un-zarnu-tirisana-226g\/","og_site_name":"cosmetic.lv","article_publisher":"https:\/\/www.facebook.com\/cosmetic.lv\/","article_modified_time":"2021-02-11T20:54:34+00:00","og_image":[{"width":250,"height":250,"url":"https:\/\/cosmetic.lv\/wp-content\/uploads\/2021\/02\/juva-power-4.jpg","type":"image\/jpeg"}],"twitter_card":"summary_large_image","schema":{"@context":"https:\/\/schema.org","@graph":[{"@type":"WebPage","@id":"https:\/\/cosmetic.lv\/lv\/product\/juva-power-detoksikcija-aknu-un-zarnu-tirisana-226g\/","url":"https:\/\/cosmetic.lv\/lv\/product\/juva-power-detoksikcija-aknu-un-zarnu-tirisana-226g\/","name":"JUVA POWER - DETOKSIKCIJA aknu un zarnu t\u012br\u012b\u0161ana 226g - cosmetic.lv","isPartOf":{"@id":"https:\/\/cosmetic.lv\/lv\/#website"},"primaryImageOfPage":{"@id":"https:\/\/cosmetic.lv\/lv\/product\/juva-power-detoksikcija-aknu-un-zarnu-tirisana-226g\/#primaryimage"},"image":{"@id":"https:\/\/cosmetic.lv\/lv\/product\/juva-power-detoksikcija-aknu-un-zarnu-tirisana-226g\/#primaryimage"},"thumbnailUrl":"https:\/\/cosmetic.lv\/wp-content\/uploads\/2021\/02\/juva-power-4.jpg","datePublished":"2021-02-06T17:55:43+00:00","dateModified":"2021-02-11T20:54:34+00:00","breadcrumb":{"@id":"https:\/\/cosmetic.lv\/lv\/product\/juva-power-detoksikcija-aknu-un-zarnu-tirisana-226g\/#breadcrumb"},"inLanguage":"lv-LV","potentialAction":[{"@type":"ReadAction","target":["https:\/\/cosmetic.lv\/lv\/product\/juva-power-detoksikcija-aknu-un-zarnu-tirisana-226g\/"]}]},{"@type":"ImageObject","inLanguage":"lv-LV","@id":"https:\/\/cosmetic.lv\/lv\/product\/juva-power-detoksikcija-aknu-un-zarnu-tirisana-226g\/#primaryimage","url":"https:\/\/cosmetic.lv\/wp-content\/uploads\/2021\/02\/juva-power-4.jpg","contentUrl":"https:\/\/cosmetic.lv\/wp-content\/uploads\/2021\/02\/juva-power-4.jpg","width":250,"height":250,"caption":"juva-power.jpg"},{"@type":"BreadcrumbList","@id":"https:\/\/cosmetic.lv\/lv\/product\/juva-power-detoksikcija-aknu-un-zarnu-tirisana-226g\/#breadcrumb","itemListElement":[{"@type":"ListItem","position":1,"name":"Home","item":"https:\/\/cosmetic.lv\/lv\/"},{"@type":"ListItem","position":2,"name":"Veikals","item":"https:\/\/cosmetic.lv\/lv\/veiklas\/"},{"@type":"ListItem","position":3,"name":"JUVA POWER &#8211; DETOKSIKCIJA aknu un zarnu t\u012br\u012b\u0161ana 226g"}]},{"@type":"WebSite","@id":"https:\/\/cosmetic.lv\/lv\/#website","url":"https:\/\/cosmetic.lv\/lv\/","name":"cosmetic.lv","description":"Profesion\u0101la kosm\u0113tika - Maria Galland, Keune, Arkadija, GMT, Guam, Magiray","publisher":{"@id":"https:\/\/cosmetic.lv\/lv\/#organization"},"potentialAction":[{"@type":"SearchAction","target":{"@type":"EntryPoint","urlTemplate":"https:\/\/cosmetic.lv\/lv\/?s={search_term_string}"},"query-input":{"@type":"PropertyValueSpecification","valueRequired":true,"valueName":"search_term_string"}}],"inLanguage":"lv-LV"},{"@type":"Organization","@id":"https:\/\/cosmetic.lv\/lv\/#organization","name":"COSMETIC.LV","url":"https:\/\/cosmetic.lv\/lv\/","logo":{"@type":"ImageObject","inLanguage":"lv-LV","@id":"https:\/\/cosmetic.lv\/lv\/#\/schema\/logo\/image\/","url":"https:\/\/cosmetic.lv\/wp-content\/uploads\/2021\/02\/cosmetic.lv_logo.jpg","contentUrl":"https:\/\/cosmetic.lv\/wp-content\/uploads\/2021\/02\/cosmetic.lv_logo.jpg","width":596,"height":196,"caption":"COSMETIC.LV"},"image":{"@id":"https:\/\/cosmetic.lv\/lv\/#\/schema\/logo\/image\/"},"sameAs":["https:\/\/www.facebook.com\/cosmetic.lv\/"]}]},"product_price_amount":"83.79","product_price_currency":"EUR","og_availability":"instock","product_availability":"instock","product_retailer_item_id":"3279500","product_condition":"new"},"_links":{"self":[{"href":"https:\/\/cosmetic.lv\/lv\/wp-json\/wp\/v2\/product\/34649","targetHints":{"allow":["GET"]}}],"collection":[{"href":"https:\/\/cosmetic.lv\/lv\/wp-json\/wp\/v2\/product"}],"about":[{"href":"https:\/\/cosmetic.lv\/lv\/wp-json\/wp\/v2\/types\/product"}],"wp:featuredmedia":[{"embeddable":true,"href":"https:\/\/cosmetic.lv\/lv\/wp-json\/wp\/v2\/media\/17051"}],"wp:attachment":[{"href":"https:\/\/cosmetic.lv\/lv\/wp-json\/wp\/v2\/media?parent=34649"}],"wp:term":[{"taxonomy":"product_brand","embeddable":true,"href":"https:\/\/cosmetic.lv\/lv\/wp-json\/wp\/v2\/product_brand?post=34649"},{"taxonomy":"product_cat","embeddable":true,"href":"https:\/\/cosmetic.lv\/lv\/wp-json\/wp\/v2\/product_cat?post=34649"},{"taxonomy":"product_tag","embeddable":true,"href":"https:\/\/cosmetic.lv\/lv\/wp-json\/wp\/v2\/product_tag?post=34649"}],"curies":[{"name":"wp","href":"https:\/\/api.w.org\/{rel}","templated":true}]}}